{"id":2217,"date":"2025-05-08T08:53:20","date_gmt":"2025-05-08T08:53:20","guid":{"rendered":"https:\/\/www.cinesouk.ma\/?post_type=product&#038;p=2217"},"modified":"2026-01-24T12:47:46","modified_gmt":"2026-01-24T12:47:46","slug":"kessler-kc-lite-8-0-camera-crane","status":"publish","type":"product","link":"https:\/\/www.cinesouk.ma\/fr\/produit\/kessler-kc-lite-8-0-camera-crane\/","title":{"rendered":"Grue Kessler KC-Lite 8.0"},"content":{"rendered":"<p>La grue Kessler KC-Lite 8.0 est une grue de qualit\u00e9 sup\u00e9rieure con\u00e7ue pour les cin\u00e9astes soucieux de leur budget. La grue peut prendre en charge des cam\u00e9ras vid\u00e9o num\u00e9riques ou des cam\u00e9ras DSLR de moins de 10 livres. Elle est l\u00e9g\u00e8re et portable, avec un rail unique et une plaque de montage ultra-rigide de 3\/8\u2033 d'\u00e9paisseur pour plus de durabilit\u00e9. La grue Kessler KC-Lite 8.0 constitue une solution \u00e9conomique sans compromis sur la qualit\u00e9. Elle s'int\u00e8gre parfaitement aux t\u00eates fluides, en utilisant le tra\u00eenage des fluides de pan et de tilt pour un contr\u00f4le pr\u00e9cis dans les trois modes de fonctionnement de la grue.<\/p>\n<p><strong>L\u00e9ger et durable<\/strong><\/p>\n<p>Bas\u00e9e sur la conception de notre s\u00e9rie standard de grues de cam\u00e9ra \u00e0 double rail KC, la Kessler KC-Lite est une grue 100% sans outil, \u00e0 rail unique, qui est l\u00e9g\u00e8re et portable, tout en ayant du poids l\u00e0 o\u00f9 cela compte, comme la plaque de montage ultra-rigide de 3\/8\u2033 d'\u00e9paisseur.<\/p>\n<p><strong>Parfait pour les reflex num\u00e9riques<\/strong><\/p>\n<p>Pour les rigs de moins de 10 livres, il n'y a pas de meilleure grue pour le prix. Les cin\u00e9astes doivent souvent sacrifier la qualit\u00e9 pour la quantit\u00e9 lorsqu'ils construisent leur arsenal, la KC-Lite \u00e9limine ce probl\u00e8me en fournissant une excellente solution de fl\u00e8che \u00e0 un prix \u00e9conomique.<\/p>\n<p><strong>Tra\u00een\u00e9e des fluides<\/strong><\/p>\n<p>Contrairement \u00e0 d'autres grues dans cette gamme de prix, la KC-Lite se monte sur votre t\u00eate fluide d'une mani\u00e8re qui utilise la tra\u00een\u00e9e fluide du pan et du tilt de la t\u00eate, ce qui donne le meilleur contr\u00f4le et des mouvements fluides dans les 3 modes de fonctionnement de la grue (tilt manuel, mode \u00e0 angle fixe et mode automatique).<\/p>\n<h4>Caract\u00e9ristiques techniques :<\/h4>\n<ul>\n<li>Poids : 20 Lbs<\/li>\n<li>Longueur : 2,4 m (8ft)<\/li>\n<li>Longueur pli\u00e9e\/compact\u00e9e : 48\u2033 (122cm)<\/li>\n<li>Distance entre le tr\u00e9pied et l'appareil photo : 1,7 m (5,5 ft)<\/li>\n<li>Capacit\u00e9 de poids : 10 Lbs<\/li>\n<li>Mouvement vertical total : 3,3 m (11ft)<\/li>\n<li>Voyage circulaire : N\/A<\/li>\n<li>Exigences en mati\u00e8re de contrepoids : 7,5 Lbs + (1,5 x le poids de la charge utile)<\/li>\n<li>Dimensions : 101\u2033 x 8\u2033 x 8<\/li>\n<\/ul>\n<p>Louez la grue Kessler KC-Lite 8.0 d\u00e8s maintenant sur <a href=\"https:\/\/www.cinesouk.ma\/fr\">CINESOUK<\/a> - une marque de <a href=\"https:\/\/www.broadway.ma\/\">BROADWAY PRODUCTIONS SARL.<\/a><\/p>","protected":false},"excerpt":{"rendered":"<p>Sp\u00e9cifications<\/p>\n<p>Poids : 9,07 kg<br \/>\nLongueur : 2,4 m<br \/>\nLongueur pli\u00e9e\/compact\u00e9e : 122 cm<br \/>\nDistance entre le tr\u00e9pied et l'appareil photo : 1.7 m<br \/>\nCapacit\u00e9 de poids : 4,54 kg<br \/>\nMouvement vertical total : 3,3 m (11ft)<br \/>\nVoyage circulaire : N\/A<br \/>\nExigences en mati\u00e8re de contrepoids : 7,5 Lbs + (1,5 x le poids de la charge utile)<br \/>\nDimensions : 101\u2033 x 8\u2033 x 8<\/p>","protected":false},"featured_media":2219,"template":"","meta":{"om_disable_all_campaigns":false,"_monsterinsights_skip_tracking":false,"_monsterinsights_sitenote_active":false,"_monsterinsights_sitenote_note":"","_monsterinsights_sitenote_category":0,"_uf_show_specific_survey":0,"_uf_disable_surveys":false},"product_brand":[],"product_cat":[38,108],"product_tag":[],"class_list":{"0":"post-2217","1":"product","2":"type-product","3":"status-publish","4":"has-post-thumbnail","6":"product_cat-grip-cinesouk","7":"product_cat-stand-and-rigging-eventsouk","9":"entry","10":"has-media","12":"first","13":"instock","14":"taxable","15":"shipping-taxable","16":"purchasable","17":"product-type-variable","18":"has-product-nav","19":"col","20":"span_1_of_3","21":"owp-content-center","22":"owp-thumbs-layout-horizontal","23":"owp-btn-normal","24":"owp-tabs-layout-horizontal","25":"has-no-thumbnails"},"yoast_head":"<!-- This site is optimized with the Yoast SEO Premium plugin v26.0 (Yoast SEO v26.0) - https:\/\/yoast.com\/wordpress\/plugins\/seo\/ -->\n<title>Kessler KC-Lite 8.0 crane - CineSouk Marrakech - For rent<\/title>\n<meta name=\"description\" content=\"Kessler KC-Lite 8.0: Top-quality crane for budget filmmakers, ideal for DSLR under 10 lbs, with fluid drag, portability, and durability.\" \/>\n<meta name=\"robots\" content=\"index, follow, max-snippet:-1, max-image-preview:large, max-video-preview:-1\" \/>\n<link rel=\"canonical\" href=\"https:\/\/www.cinesouk.ma\/fr\/produit\/kessler-kc-lite-8-0-camera-crane\/\" \/>\n<meta property=\"og:locale\" content=\"fr_FR\" \/>\n<meta property=\"og:type\" content=\"article\" \/>\n<meta property=\"og:title\" content=\"Kessler KC-Lite 8.0 crane\" \/>\n<meta property=\"og:description\" content=\"Kessler KC-Lite 8.0: Top-quality crane for budget filmmakers, ideal for DSLR under 10 lbs, with fluid drag, portability, and durability.\" \/>\n<meta property=\"og:url\" content=\"https:\/\/www.cinesouk.ma\/fr\/produit\/kessler-kc-lite-8-0-camera-crane\/\" \/>\n<meta property=\"og:site_name\" content=\"CineSouk\" \/>\n<meta property=\"article:modified_time\" content=\"2026-01-24T12:47:46+00:00\" \/>\n<meta property=\"og:image\" content=\"https:\/\/www.cinesouk.ma\/wp-content\/uploads\/2024\/01\/KC-Lite-8.0-camera-crane.jpg\" \/>\n\t<meta property=\"og:image:width\" content=\"300\" \/>\n\t<meta property=\"og:image:height\" content=\"238\" \/>\n\t<meta property=\"og:image:type\" content=\"image\/jpeg\" \/>\n<meta name=\"twitter:card\" content=\"summary_large_image\" \/>\n<meta name=\"twitter:description\" content=\"Kessler KC-Lite 8.0: Top-quality crane for budget filmmakers, ideal for DSLR under 10 lbs, with fluid drag, portability, and durability.\" \/>\n<meta name=\"twitter:label1\" content=\"Dur\u00e9e de lecture estim\u00e9e\" \/>\n\t<meta name=\"twitter:data1\" content=\"2 minutes\" \/>\n<script type=\"application\/ld+json\" class=\"yoast-schema-graph\">{\"@context\":\"https:\/\/schema.org\",\"@graph\":[{\"@type\":\"WebPage\",\"@id\":\"https:\/\/www.cinesouk.ma\/product\/kessler-kc-lite-8-0-camera-crane\/\",\"url\":\"https:\/\/www.cinesouk.ma\/product\/kessler-kc-lite-8-0-camera-crane\/\",\"name\":\"Kessler KC-Lite 8.0 crane - CineSouk Marrakech - For rent\",\"isPartOf\":{\"@id\":\"https:\/\/www.cinesouk.ma\/#website\"},\"primaryImageOfPage\":{\"@id\":\"https:\/\/www.cinesouk.ma\/product\/kessler-kc-lite-8-0-camera-crane\/#primaryimage\"},\"image\":{\"@id\":\"https:\/\/www.cinesouk.ma\/product\/kessler-kc-lite-8-0-camera-crane\/#primaryimage\"},\"thumbnailUrl\":\"https:\/\/www.cinesouk.ma\/wp-content\/uploads\/2024\/01\/KC-Lite-8.0-camera-crane.jpg\",\"datePublished\":\"2025-05-08T08:53:20+00:00\",\"dateModified\":\"2026-01-24T12:47:46+00:00\",\"description\":\"Kessler KC-Lite 8.0: Top-quality crane for budget filmmakers, ideal for DSLR under 10 lbs, with fluid drag, portability, and durability.\",\"breadcrumb\":{\"@id\":\"https:\/\/www.cinesouk.ma\/product\/kessler-kc-lite-8-0-camera-crane\/#breadcrumb\"},\"inLanguage\":\"fr-FR\",\"potentialAction\":[{\"@type\":\"ReadAction\",\"target\":[\"https:\/\/www.cinesouk.ma\/product\/kessler-kc-lite-8-0-camera-crane\/\"]}]},{\"@type\":\"ImageObject\",\"inLanguage\":\"fr-FR\",\"@id\":\"https:\/\/www.cinesouk.ma\/product\/kessler-kc-lite-8-0-camera-crane\/#primaryimage\",\"url\":\"https:\/\/www.cinesouk.ma\/wp-content\/uploads\/2024\/01\/KC-Lite-8.0-camera-crane.jpg\",\"contentUrl\":\"https:\/\/www.cinesouk.ma\/wp-content\/uploads\/2024\/01\/KC-Lite-8.0-camera-crane.jpg\",\"width\":300,\"height\":238},{\"@type\":\"BreadcrumbList\",\"@id\":\"https:\/\/www.cinesouk.ma\/product\/kessler-kc-lite-8-0-camera-crane\/#breadcrumb\",\"itemListElement\":[{\"@type\":\"ListItem\",\"position\":1,\"name\":\"Home\",\"item\":\"https:\/\/www.cinesouk.ma\/\"},{\"@type\":\"ListItem\",\"position\":2,\"name\":\"Shop\",\"item\":\"https:\/\/www.cinesouk.ma\/shop\/\"},{\"@type\":\"ListItem\",\"position\":3,\"name\":\"Kessler KC-Lite 8.0 crane\"}]},{\"@type\":\"WebSite\",\"@id\":\"https:\/\/www.cinesouk.ma\/#website\",\"url\":\"https:\/\/www.cinesouk.ma\/\",\"name\":\"CineSouk\",\"description\":\"\",\"publisher\":{\"@id\":\"https:\/\/www.cinesouk.ma\/#organization\"},\"potentialAction\":[{\"@type\":\"SearchAction\",\"target\":{\"@type\":\"EntryPoint\",\"urlTemplate\":\"https:\/\/www.cinesouk.ma\/?s={search_term_string}\"},\"query-input\":{\"@type\":\"PropertyValueSpecification\",\"valueRequired\":true,\"valueName\":\"search_term_string\"}}],\"inLanguage\":\"fr-FR\"},{\"@type\":\"Organization\",\"@id\":\"https:\/\/www.cinesouk.ma\/#organization\",\"name\":\"CineSouk\",\"url\":\"https:\/\/www.cinesouk.ma\/\",\"logo\":{\"@type\":\"ImageObject\",\"inLanguage\":\"fr-FR\",\"@id\":\"https:\/\/www.cinesouk.ma\/#\/schema\/logo\/image\/\",\"url\":\"https:\/\/www.cinesouk.ma\/wp-content\/uploads\/2024\/01\/CineSouk-logo-v01-alpha-alligned-left.png\",\"contentUrl\":\"https:\/\/www.cinesouk.ma\/wp-content\/uploads\/2024\/01\/CineSouk-logo-v01-alpha-alligned-left.png\",\"width\":3204,\"height\":889,\"caption\":\"CineSouk\"},\"image\":{\"@id\":\"https:\/\/www.cinesouk.ma\/#\/schema\/logo\/image\/\"}}]}<\/script>\n<!-- \/ Yoast SEO Premium plugin. -->","yoast_head_json":{"title":"Kessler KC-Lite 8.0 crane - CineSouk Marrakech - For rent","description":"Kessler KC-Lite 8.0: Top-quality crane for budget filmmakers, ideal for DSLR under 10 lbs, with fluid drag, portability, and durability.","robots":{"index":"index","follow":"follow","max-snippet":"max-snippet:-1","max-image-preview":"max-image-preview:large","max-video-preview":"max-video-preview:-1"},"canonical":"https:\/\/www.cinesouk.ma\/fr\/produit\/kessler-kc-lite-8-0-camera-crane\/","og_locale":"fr_FR","og_type":"article","og_title":"Kessler KC-Lite 8.0 crane","og_description":"Kessler KC-Lite 8.0: Top-quality crane for budget filmmakers, ideal for DSLR under 10 lbs, with fluid drag, portability, and durability.","og_url":"https:\/\/www.cinesouk.ma\/fr\/produit\/kessler-kc-lite-8-0-camera-crane\/","og_site_name":"CineSouk","article_modified_time":"2026-01-24T12:47:46+00:00","og_image":[{"width":300,"height":238,"url":"https:\/\/www.cinesouk.ma\/wp-content\/uploads\/2024\/01\/KC-Lite-8.0-camera-crane.jpg","type":"image\/jpeg"}],"twitter_card":"summary_large_image","twitter_description":"Kessler KC-Lite 8.0: Top-quality crane for budget filmmakers, ideal for DSLR under 10 lbs, with fluid drag, portability, and durability.","twitter_misc":{"Dur\u00e9e de lecture estim\u00e9e":"2 minutes"},"schema":{"@context":"https:\/\/schema.org","@graph":[{"@type":"WebPage","@id":"https:\/\/www.cinesouk.ma\/product\/kessler-kc-lite-8-0-camera-crane\/","url":"https:\/\/www.cinesouk.ma\/product\/kessler-kc-lite-8-0-camera-crane\/","name":"Kessler KC-Lite 8.0 crane - CineSouk Marrakech - For rent","isPartOf":{"@id":"https:\/\/www.cinesouk.ma\/#website"},"primaryImageOfPage":{"@id":"https:\/\/www.cinesouk.ma\/product\/kessler-kc-lite-8-0-camera-crane\/#primaryimage"},"image":{"@id":"https:\/\/www.cinesouk.ma\/product\/kessler-kc-lite-8-0-camera-crane\/#primaryimage"},"thumbnailUrl":"https:\/\/www.cinesouk.ma\/wp-content\/uploads\/2024\/01\/KC-Lite-8.0-camera-crane.jpg","datePublished":"2025-05-08T08:53:20+00:00","dateModified":"2026-01-24T12:47:46+00:00","description":"Kessler KC-Lite 8.0: Top-quality crane for budget filmmakers, ideal for DSLR under 10 lbs, with fluid drag, portability, and durability.","breadcrumb":{"@id":"https:\/\/www.cinesouk.ma\/product\/kessler-kc-lite-8-0-camera-crane\/#breadcrumb"},"inLanguage":"fr-FR","potentialAction":[{"@type":"ReadAction","target":["https:\/\/www.cinesouk.ma\/product\/kessler-kc-lite-8-0-camera-crane\/"]}]},{"@type":"ImageObject","inLanguage":"fr-FR","@id":"https:\/\/www.cinesouk.ma\/product\/kessler-kc-lite-8-0-camera-crane\/#primaryimage","url":"https:\/\/www.cinesouk.ma\/wp-content\/uploads\/2024\/01\/KC-Lite-8.0-camera-crane.jpg","contentUrl":"https:\/\/www.cinesouk.ma\/wp-content\/uploads\/2024\/01\/KC-Lite-8.0-camera-crane.jpg","width":300,"height":238},{"@type":"BreadcrumbList","@id":"https:\/\/www.cinesouk.ma\/product\/kessler-kc-lite-8-0-camera-crane\/#breadcrumb","itemListElement":[{"@type":"ListItem","position":1,"name":"Home","item":"https:\/\/www.cinesouk.ma\/"},{"@type":"ListItem","position":2,"name":"Shop","item":"https:\/\/www.cinesouk.ma\/shop\/"},{"@type":"ListItem","position":3,"name":"Kessler KC-Lite 8.0 crane"}]},{"@type":"WebSite","@id":"https:\/\/www.cinesouk.ma\/#website","url":"https:\/\/www.cinesouk.ma\/","name":"CineSouk","description":"","publisher":{"@id":"https:\/\/www.cinesouk.ma\/#organization"},"potentialAction":[{"@type":"SearchAction","target":{"@type":"EntryPoint","urlTemplate":"https:\/\/www.cinesouk.ma\/?s={search_term_string}"},"query-input":{"@type":"PropertyValueSpecification","valueRequired":true,"valueName":"search_term_string"}}],"inLanguage":"fr-FR"},{"@type":"Organization","@id":"https:\/\/www.cinesouk.ma\/#organization","name":"CineSouk","url":"https:\/\/www.cinesouk.ma\/","logo":{"@type":"ImageObject","inLanguage":"fr-FR","@id":"https:\/\/www.cinesouk.ma\/#\/schema\/logo\/image\/","url":"https:\/\/www.cinesouk.ma\/wp-content\/uploads\/2024\/01\/CineSouk-logo-v01-alpha-alligned-left.png","contentUrl":"https:\/\/www.cinesouk.ma\/wp-content\/uploads\/2024\/01\/CineSouk-logo-v01-alpha-alligned-left.png","width":3204,"height":889,"caption":"CineSouk"},"image":{"@id":"https:\/\/www.cinesouk.ma\/#\/schema\/logo\/image\/"}}]}},"_links":{"self":[{"href":"https:\/\/www.cinesouk.ma\/fr\/wp-json\/wp\/v2\/product\/2217","targetHints":{"allow":["GET"]}}],"collection":[{"href":"https:\/\/www.cinesouk.ma\/fr\/wp-json\/wp\/v2\/product"}],"about":[{"href":"https:\/\/www.cinesouk.ma\/fr\/wp-json\/wp\/v2\/types\/product"}],"wp:featuredmedia":[{"embeddable":true,"href":"https:\/\/www.cinesouk.ma\/fr\/wp-json\/wp\/v2\/media\/2219"}],"wp:attachment":[{"href":"https:\/\/www.cinesouk.ma\/fr\/wp-json\/wp\/v2\/media?parent=2217"}],"wp:term":[{"taxonomy":"product_brand","embeddable":true,"href":"https:\/\/www.cinesouk.ma\/fr\/wp-json\/wp\/v2\/product_brand?post=2217"},{"taxonomy":"product_cat","embeddable":true,"href":"https:\/\/www.cinesouk.ma\/fr\/wp-json\/wp\/v2\/product_cat?post=2217"},{"taxonomy":"product_tag","embeddable":true,"href":"https:\/\/www.cinesouk.ma\/fr\/wp-json\/wp\/v2\/product_tag?post=2217"}],"curies":[{"name":"wp","href":"https:\/\/api.w.org\/{rel}","templated":true}]}}