{"id":2253,"date":"2025-05-08T10:17:18","date_gmt":"2025-05-08T10:17:18","guid":{"rendered":"https:\/\/www.cinesouk.ma\/?post_type=product&#038;p=2253"},"modified":"2025-08-26T12:31:45","modified_gmt":"2025-08-26T12:31:45","slug":"avenger-d520-extension-grip-arm","status":"publish","type":"product","link":"https:\/\/www.cinesouk.ma\/fr\/produit\/avenger-d520-extension-grip-arm\/","title":{"rendered":"Bras d'extension de la poign\u00e9e Avenger D520"},"content":{"rendered":"<p>Le bras d'extension Avenger D520 est un outil essentiel pour les photographes et les vid\u00e9astes. Ce bras de pr\u00e9hension est durable et facile \u00e0 utiliser. D'une longueur de 52 centim\u00e8tres, le D520 offre une extension pour le montage de divers accessoires. Il est fabriqu\u00e9 avec des mat\u00e9riaux de qualit\u00e9 et assure une prise en main fiable et s\u00fbre. Sa conception pratique et sa compatibilit\u00e9 avec les \u00e9quipements standard en font un choix privil\u00e9gi\u00e9 pour les professionnels. Am\u00e9liorez votre installation photographique et vid\u00e9ographique. Le bras d'extension Avenger D520 offre stabilit\u00e9 et flexibilit\u00e9 sur le plateau.<\/p>\n<p>Le bras d'extension en aluminium chrom\u00e9 est g\u00e9n\u00e9ralement utilis\u00e9 en combinaison avec une t\u00eate de pr\u00e9hension mont\u00e9e sur tr\u00e9pied (D200). Il permet d'augmenter la distance entre le tr\u00e9pied et la t\u00eate de la lampe ou les dispositifs de mise en forme de la lumi\u00e8re, tels qu'un panneau de r\u00e9flexion, un diffuseur, etc. Le bras est \u00e9quip\u00e9 en standard d'une poign\u00e9e sur laquelle ces \u00e9l\u00e9ments peuvent \u00eatre plac\u00e9s.<\/p>\n<p>Louez-le maintenant sur <a href=\"https:\/\/www.cinesouk.ma\/fr\">CINESOUK<\/a> - une marque de <a href=\"https:\/\/www.broadway.ma\/\">BROADWAY PRODUCTIONS SARL.<\/a><\/p>","protected":false},"excerpt":{"rendered":"<p>Sp\u00e9cifications<\/p>\n<p>Marque : Avenger<br \/>\nMod\u00e8le : D520<br \/>\nMat\u00e9riau : Aluminium<br \/>\nLongueur : 52 centim\u00e8tres<br \/>\nUne construction fiable et robuste<br \/>\nCompatible avec l'\u00e9quipement standard de l'industrie<br \/>\nExtension polyvalente pour le montage d'accessoires<br \/>\nOutil essentiel pour les professionnels de la photographie et de la vid\u00e9ographie.<\/p>","protected":false},"featured_media":2261,"template":"","meta":{"om_disable_all_campaigns":false,"_monsterinsights_skip_tracking":false,"_monsterinsights_sitenote_active":false,"_monsterinsights_sitenote_note":"","_monsterinsights_sitenote_category":0,"_uf_show_specific_survey":0,"_uf_disable_surveys":false},"product_brand":[],"product_cat":[38,108],"product_tag":[],"class_list":{"0":"post-2253","1":"product","2":"type-product","3":"status-publish","4":"has-post-thumbnail","6":"product_cat-grip-cinesouk","7":"product_cat-stand-and-rigging-eventsouk","9":"entry","10":"has-media","12":"first","13":"instock","14":"taxable","15":"shipping-taxable","16":"purchasable","17":"product-type-variable","18":"has-product-nav","19":"col","20":"span_1_of_3","21":"owp-content-center","22":"owp-thumbs-layout-horizontal","23":"owp-btn-normal","24":"owp-tabs-layout-horizontal","25":"has-no-thumbnails"},"yoast_head":"<!-- This site is optimized with the Yoast SEO Premium plugin v26.0 (Yoast SEO v26.0) - https:\/\/yoast.com\/wordpress\/plugins\/seo\/ -->\n<title>Avenger D520 extension grip arm - CineSouk - For rent<\/title>\n<meta name=\"description\" content=\"Avenger D520 Extension Grip Arm: A reliable 52cm arm for versatile equipment support, essential for photographers and videographers in Marrakech - Morocco.\" \/>\n<meta name=\"robots\" content=\"index, follow, max-snippet:-1, max-image-preview:large, max-video-preview:-1\" \/>\n<link rel=\"canonical\" href=\"https:\/\/www.cinesouk.ma\/fr\/produit\/avenger-d520-extension-grip-arm\/\" \/>\n<meta property=\"og:locale\" content=\"fr_FR\" \/>\n<meta property=\"og:type\" content=\"article\" \/>\n<meta property=\"og:title\" content=\"Avenger D520 extension grip arm\" \/>\n<meta property=\"og:description\" content=\"Avenger D520 Extension Grip Arm: A reliable 52cm arm for versatile equipment support, essential for photographers and videographers in Marrakech - Morocco.\" \/>\n<meta property=\"og:url\" content=\"https:\/\/www.cinesouk.ma\/fr\/produit\/avenger-d520-extension-grip-arm\/\" \/>\n<meta property=\"og:site_name\" content=\"CineSouk\" \/>\n<meta property=\"article:modified_time\" content=\"2025-08-26T12:31:45+00:00\" \/>\n<meta property=\"og:image\" content=\"https:\/\/www.cinesouk.ma\/wp-content\/uploads\/2024\/01\/grip-arm-avenger-40-extension-d520.jpg\" \/>\n\t<meta property=\"og:image:width\" content=\"300\" \/>\n\t<meta property=\"og:image:height\" content=\"238\" \/>\n\t<meta property=\"og:image:type\" content=\"image\/jpeg\" \/>\n<meta name=\"twitter:card\" content=\"summary_large_image\" \/>\n<meta name=\"twitter:description\" content=\"Avenger D520 Extension Grip Arm: A reliable 52cm arm for versatile equipment support, essential for photographers and videographers in Marrakech - Morocco.\" \/>\n<meta name=\"twitter:label1\" content=\"Dur\u00e9e de lecture estim\u00e9e\" \/>\n\t<meta name=\"twitter:data1\" content=\"1 minute\" \/>\n<script type=\"application\/ld+json\" class=\"yoast-schema-graph\">{\"@context\":\"https:\/\/schema.org\",\"@graph\":[{\"@type\":\"WebPage\",\"@id\":\"https:\/\/www.cinesouk.ma\/product\/avenger-d520-extension-grip-arm\/\",\"url\":\"https:\/\/www.cinesouk.ma\/product\/avenger-d520-extension-grip-arm\/\",\"name\":\"Avenger D520 extension grip arm - CineSouk - For rent\",\"isPartOf\":{\"@id\":\"https:\/\/www.cinesouk.ma\/#website\"},\"primaryImageOfPage\":{\"@id\":\"https:\/\/www.cinesouk.ma\/product\/avenger-d520-extension-grip-arm\/#primaryimage\"},\"image\":{\"@id\":\"https:\/\/www.cinesouk.ma\/product\/avenger-d520-extension-grip-arm\/#primaryimage\"},\"thumbnailUrl\":\"https:\/\/www.cinesouk.ma\/wp-content\/uploads\/2024\/01\/grip-arm-avenger-40-extension-d520.jpg\",\"datePublished\":\"2025-05-08T10:17:18+00:00\",\"dateModified\":\"2025-08-26T12:31:45+00:00\",\"description\":\"Avenger D520 Extension Grip Arm: A reliable 52cm arm for versatile equipment support, essential for photographers and videographers in Marrakech - Morocco.\",\"breadcrumb\":{\"@id\":\"https:\/\/www.cinesouk.ma\/product\/avenger-d520-extension-grip-arm\/#breadcrumb\"},\"inLanguage\":\"fr-FR\",\"potentialAction\":[{\"@type\":\"ReadAction\",\"target\":[\"https:\/\/www.cinesouk.ma\/product\/avenger-d520-extension-grip-arm\/\"]}]},{\"@type\":\"ImageObject\",\"inLanguage\":\"fr-FR\",\"@id\":\"https:\/\/www.cinesouk.ma\/product\/avenger-d520-extension-grip-arm\/#primaryimage\",\"url\":\"https:\/\/www.cinesouk.ma\/wp-content\/uploads\/2024\/01\/grip-arm-avenger-40-extension-d520.jpg\",\"contentUrl\":\"https:\/\/www.cinesouk.ma\/wp-content\/uploads\/2024\/01\/grip-arm-avenger-40-extension-d520.jpg\",\"width\":300,\"height\":238,\"caption\":\"Avenger D520 extension grip arm\"},{\"@type\":\"BreadcrumbList\",\"@id\":\"https:\/\/www.cinesouk.ma\/product\/avenger-d520-extension-grip-arm\/#breadcrumb\",\"itemListElement\":[{\"@type\":\"ListItem\",\"position\":1,\"name\":\"Home\",\"item\":\"https:\/\/www.cinesouk.ma\/\"},{\"@type\":\"ListItem\",\"position\":2,\"name\":\"Shop\",\"item\":\"https:\/\/www.cinesouk.ma\/shop\/\"},{\"@type\":\"ListItem\",\"position\":3,\"name\":\"Avenger D520 extension grip arm\"}]},{\"@type\":\"WebSite\",\"@id\":\"https:\/\/www.cinesouk.ma\/#website\",\"url\":\"https:\/\/www.cinesouk.ma\/\",\"name\":\"CineSouk\",\"description\":\"\",\"publisher\":{\"@id\":\"https:\/\/www.cinesouk.ma\/#organization\"},\"potentialAction\":[{\"@type\":\"SearchAction\",\"target\":{\"@type\":\"EntryPoint\",\"urlTemplate\":\"https:\/\/www.cinesouk.ma\/?s={search_term_string}\"},\"query-input\":{\"@type\":\"PropertyValueSpecification\",\"valueRequired\":true,\"valueName\":\"search_term_string\"}}],\"inLanguage\":\"fr-FR\"},{\"@type\":\"Organization\",\"@id\":\"https:\/\/www.cinesouk.ma\/#organization\",\"name\":\"CineSouk\",\"url\":\"https:\/\/www.cinesouk.ma\/\",\"logo\":{\"@type\":\"ImageObject\",\"inLanguage\":\"fr-FR\",\"@id\":\"https:\/\/www.cinesouk.ma\/#\/schema\/logo\/image\/\",\"url\":\"https:\/\/www.cinesouk.ma\/wp-content\/uploads\/2024\/01\/CineSouk-logo-v01-alpha-alligned-left.png\",\"contentUrl\":\"https:\/\/www.cinesouk.ma\/wp-content\/uploads\/2024\/01\/CineSouk-logo-v01-alpha-alligned-left.png\",\"width\":3204,\"height\":889,\"caption\":\"CineSouk\"},\"image\":{\"@id\":\"https:\/\/www.cinesouk.ma\/#\/schema\/logo\/image\/\"}}]}<\/script>\n<!-- \/ Yoast SEO Premium plugin. -->","yoast_head_json":{"title":"Avenger D520 extension grip arm - CineSouk - For rent","description":"Avenger D520 Extension Grip Arm: A reliable 52cm arm for versatile equipment support, essential for photographers and videographers in Marrakech - Morocco.","robots":{"index":"index","follow":"follow","max-snippet":"max-snippet:-1","max-image-preview":"max-image-preview:large","max-video-preview":"max-video-preview:-1"},"canonical":"https:\/\/www.cinesouk.ma\/fr\/produit\/avenger-d520-extension-grip-arm\/","og_locale":"fr_FR","og_type":"article","og_title":"Avenger D520 extension grip arm","og_description":"Avenger D520 Extension Grip Arm: A reliable 52cm arm for versatile equipment support, essential for photographers and videographers in Marrakech - Morocco.","og_url":"https:\/\/www.cinesouk.ma\/fr\/produit\/avenger-d520-extension-grip-arm\/","og_site_name":"CineSouk","article_modified_time":"2025-08-26T12:31:45+00:00","og_image":[{"width":300,"height":238,"url":"https:\/\/www.cinesouk.ma\/wp-content\/uploads\/2024\/01\/grip-arm-avenger-40-extension-d520.jpg","type":"image\/jpeg"}],"twitter_card":"summary_large_image","twitter_description":"Avenger D520 Extension Grip Arm: A reliable 52cm arm for versatile equipment support, essential for photographers and videographers in Marrakech - Morocco.","twitter_misc":{"Dur\u00e9e de lecture estim\u00e9e":"1 minute"},"schema":{"@context":"https:\/\/schema.org","@graph":[{"@type":"WebPage","@id":"https:\/\/www.cinesouk.ma\/product\/avenger-d520-extension-grip-arm\/","url":"https:\/\/www.cinesouk.ma\/product\/avenger-d520-extension-grip-arm\/","name":"Avenger D520 extension grip arm - CineSouk - For rent","isPartOf":{"@id":"https:\/\/www.cinesouk.ma\/#website"},"primaryImageOfPage":{"@id":"https:\/\/www.cinesouk.ma\/product\/avenger-d520-extension-grip-arm\/#primaryimage"},"image":{"@id":"https:\/\/www.cinesouk.ma\/product\/avenger-d520-extension-grip-arm\/#primaryimage"},"thumbnailUrl":"https:\/\/www.cinesouk.ma\/wp-content\/uploads\/2024\/01\/grip-arm-avenger-40-extension-d520.jpg","datePublished":"2025-05-08T10:17:18+00:00","dateModified":"2025-08-26T12:31:45+00:00","description":"Avenger D520 Extension Grip Arm: A reliable 52cm arm for versatile equipment support, essential for photographers and videographers in Marrakech - Morocco.","breadcrumb":{"@id":"https:\/\/www.cinesouk.ma\/product\/avenger-d520-extension-grip-arm\/#breadcrumb"},"inLanguage":"fr-FR","potentialAction":[{"@type":"ReadAction","target":["https:\/\/www.cinesouk.ma\/product\/avenger-d520-extension-grip-arm\/"]}]},{"@type":"ImageObject","inLanguage":"fr-FR","@id":"https:\/\/www.cinesouk.ma\/product\/avenger-d520-extension-grip-arm\/#primaryimage","url":"https:\/\/www.cinesouk.ma\/wp-content\/uploads\/2024\/01\/grip-arm-avenger-40-extension-d520.jpg","contentUrl":"https:\/\/www.cinesouk.ma\/wp-content\/uploads\/2024\/01\/grip-arm-avenger-40-extension-d520.jpg","width":300,"height":238,"caption":"Avenger D520 extension grip arm"},{"@type":"BreadcrumbList","@id":"https:\/\/www.cinesouk.ma\/product\/avenger-d520-extension-grip-arm\/#breadcrumb","itemListElement":[{"@type":"ListItem","position":1,"name":"Home","item":"https:\/\/www.cinesouk.ma\/"},{"@type":"ListItem","position":2,"name":"Shop","item":"https:\/\/www.cinesouk.ma\/shop\/"},{"@type":"ListItem","position":3,"name":"Avenger D520 extension grip arm"}]},{"@type":"WebSite","@id":"https:\/\/www.cinesouk.ma\/#website","url":"https:\/\/www.cinesouk.ma\/","name":"CineSouk","description":"","publisher":{"@id":"https:\/\/www.cinesouk.ma\/#organization"},"potentialAction":[{"@type":"SearchAction","target":{"@type":"EntryPoint","urlTemplate":"https:\/\/www.cinesouk.ma\/?s={search_term_string}"},"query-input":{"@type":"PropertyValueSpecification","valueRequired":true,"valueName":"search_term_string"}}],"inLanguage":"fr-FR"},{"@type":"Organization","@id":"https:\/\/www.cinesouk.ma\/#organization","name":"CineSouk","url":"https:\/\/www.cinesouk.ma\/","logo":{"@type":"ImageObject","inLanguage":"fr-FR","@id":"https:\/\/www.cinesouk.ma\/#\/schema\/logo\/image\/","url":"https:\/\/www.cinesouk.ma\/wp-content\/uploads\/2024\/01\/CineSouk-logo-v01-alpha-alligned-left.png","contentUrl":"https:\/\/www.cinesouk.ma\/wp-content\/uploads\/2024\/01\/CineSouk-logo-v01-alpha-alligned-left.png","width":3204,"height":889,"caption":"CineSouk"},"image":{"@id":"https:\/\/www.cinesouk.ma\/#\/schema\/logo\/image\/"}}]}},"_links":{"self":[{"href":"https:\/\/www.cinesouk.ma\/fr\/wp-json\/wp\/v2\/product\/2253","targetHints":{"allow":["GET"]}}],"collection":[{"href":"https:\/\/www.cinesouk.ma\/fr\/wp-json\/wp\/v2\/product"}],"about":[{"href":"https:\/\/www.cinesouk.ma\/fr\/wp-json\/wp\/v2\/types\/product"}],"wp:featuredmedia":[{"embeddable":true,"href":"https:\/\/www.cinesouk.ma\/fr\/wp-json\/wp\/v2\/media\/2261"}],"wp:attachment":[{"href":"https:\/\/www.cinesouk.ma\/fr\/wp-json\/wp\/v2\/media?parent=2253"}],"wp:term":[{"taxonomy":"product_brand","embeddable":true,"href":"https:\/\/www.cinesouk.ma\/fr\/wp-json\/wp\/v2\/product_brand?post=2253"},{"taxonomy":"product_cat","embeddable":true,"href":"https:\/\/www.cinesouk.ma\/fr\/wp-json\/wp\/v2\/product_cat?post=2253"},{"taxonomy":"product_tag","embeddable":true,"href":"https:\/\/www.cinesouk.ma\/fr\/wp-json\/wp\/v2\/product_tag?post=2253"}],"curies":[{"name":"wp","href":"https:\/\/api.w.org\/{rel}","templated":true}]}}