{"id":2263,"date":"2025-05-08T10:25:12","date_gmt":"2025-05-08T10:25:12","guid":{"rendered":"https:\/\/www.cinesouk.ma\/?post_type=product&#038;p=2263"},"modified":"2025-08-26T12:31:38","modified_gmt":"2025-08-26T12:31:38","slug":"avenger-c626-universal-head-extension","status":"publish","type":"product","link":"https:\/\/www.cinesouk.ma\/fr\/produit\/avenger-c626-universal-head-extension\/","title":{"rendered":"Rallonge de t\u00eate universelle Avenger C626"},"content":{"rendered":"<p>L'extension de t\u00eate universelle Avenger C626 est un accessoire polyvalent con\u00e7u pour les photographes et les vid\u00e9astes \u00e0 la recherche d'une flexibilit\u00e9 et d'une durabilit\u00e9 accrues. Con\u00e7ue pour \u00eatre fiable, cette extension en aluminium am\u00e9liore la configuration de l'\u00e9quipement, en offrant une port\u00e9e accrue et une meilleure adaptabilit\u00e9 dans divers sc\u00e9narios de prise de vue.<\/p>\n<p>Gr\u00e2ce \u00e0 sa compatibilit\u00e9 universelle, il fonctionne avec le mat\u00e9riel standard de l'industrie, ce qui le rend adapt\u00e9 aux cam\u00e9ras professionnelles, au mat\u00e9riel d'\u00e9clairage et aux supports. L'Avenger C626 universal est de construction robuste, ce qui lui permet de r\u00e9sister \u00e0 une utilisation fr\u00e9quente en studio ou sur site.<\/p>\n<p>La conception l\u00e9g\u00e8re en aluminium garantit une durabilit\u00e9 \u00e0 long terme et une int\u00e9gration parfaite avec l'\u00e9quipement existant. Que ce soit pour la photographie ou la vid\u00e9o, l'Avenger C626 am\u00e9liore \u00e0 la fois la flexibilit\u00e9 et la stabilit\u00e9 de toute installation.<\/p>\n<p>Facile \u00e0 transporter, l'extension est un compl\u00e9ment essentiel \u00e0 toute bo\u00eete \u00e0 outils professionnelle, offrant fiabilit\u00e9 et adaptabilit\u00e9 pour de meilleurs r\u00e9sultats.<\/p>\n<p>Louez-le maintenant sur <a href=\"https:\/\/www.cinesouk.ma\/fr\">CINESOUK<\/a> - une marque de <a href=\"https:\/\/www.broadway.ma\/\">BROADWAY PRODUCTIONS SARL.<\/a><\/p>","protected":false},"excerpt":{"rendered":"<p>Sp\u00e9cifications<\/p>\n<p>Marque : Avenger<br \/>\nMod\u00e8le : C626<br \/>\nMat\u00e9riau : Aluminium<br \/>\nLongueur : Dimensions non sp\u00e9cifi\u00e9es<br \/>\nExtension universelle de la t\u00eate<br \/>\nUne construction fiable et robuste<br \/>\nCompatible avec l'\u00e9quipement standard de l'industrie<br \/>\nIndispensable pour un montage polyvalent en photographie et en vid\u00e9ographie.<\/p>","protected":false},"featured_media":2266,"template":"","meta":{"om_disable_all_campaigns":false,"_monsterinsights_skip_tracking":false,"_monsterinsights_sitenote_active":false,"_monsterinsights_sitenote_note":"","_monsterinsights_sitenote_category":0,"_uf_show_specific_survey":0,"_uf_disable_surveys":false},"product_brand":[],"product_cat":[38,108],"product_tag":[],"class_list":{"0":"post-2263","1":"product","2":"type-product","3":"status-publish","4":"has-post-thumbnail","6":"product_cat-grip-cinesouk","7":"product_cat-stand-and-rigging-eventsouk","9":"entry","10":"has-media","12":"first","13":"instock","14":"taxable","15":"shipping-taxable","16":"purchasable","17":"product-type-variable","18":"has-product-nav","19":"col","20":"span_1_of_3","21":"owp-content-center","22":"owp-thumbs-layout-horizontal","23":"owp-btn-normal","24":"owp-tabs-layout-horizontal","25":"has-no-thumbnails"},"yoast_head":"<!-- This site is optimized with the Yoast SEO Premium plugin v26.0 (Yoast SEO v26.0) - https:\/\/yoast.com\/wordpress\/plugins\/seo\/ -->\n<title>Avenger C626 universal head extension - Marrakech - CineSouk - For rent<\/title>\n<meta name=\"description\" content=\"Avenger C626 Universal: Enhance your setup with this versatile aluminum extension for industry-standard gear in photography and videography.\" \/>\n<meta name=\"robots\" content=\"index, follow, max-snippet:-1, max-image-preview:large, max-video-preview:-1\" \/>\n<link rel=\"canonical\" href=\"https:\/\/www.cinesouk.ma\/fr\/produit\/avenger-c626-universal-head-extension\/\" \/>\n<meta property=\"og:locale\" content=\"fr_FR\" \/>\n<meta property=\"og:type\" content=\"article\" \/>\n<meta property=\"og:title\" content=\"Avenger C626 universal head extension\" \/>\n<meta property=\"og:description\" content=\"Avenger C626 Universal: Enhance your setup with this versatile aluminum extension for industry-standard gear in photography and videography.\" \/>\n<meta property=\"og:url\" content=\"https:\/\/www.cinesouk.ma\/fr\/produit\/avenger-c626-universal-head-extension\/\" \/>\n<meta property=\"og:site_name\" content=\"CineSouk\" \/>\n<meta property=\"article:modified_time\" content=\"2025-08-26T12:31:38+00:00\" \/>\n<meta property=\"og:image\" content=\"https:\/\/www.cinesouk.ma\/wp-content\/uploads\/2024\/01\/Avenger-C626-universal-head-extension.jpg\" \/>\n\t<meta property=\"og:image:width\" content=\"300\" \/>\n\t<meta property=\"og:image:height\" content=\"238\" \/>\n\t<meta property=\"og:image:type\" content=\"image\/jpeg\" \/>\n<meta name=\"twitter:card\" content=\"summary_large_image\" \/>\n<meta name=\"twitter:title\" content=\"Avenger C626 universal head extension\" \/>\n<meta name=\"twitter:description\" content=\"Avenger C626 Universal: Enhance your setup with this versatile aluminum extension for industry-standard gear in photography and videography.\" \/>\n<meta name=\"twitter:label1\" content=\"Dur\u00e9e de lecture estim\u00e9e\" \/>\n\t<meta name=\"twitter:data1\" content=\"1 minute\" \/>\n<script type=\"application\/ld+json\" class=\"yoast-schema-graph\">{\"@context\":\"https:\/\/schema.org\",\"@graph\":[{\"@type\":\"WebPage\",\"@id\":\"https:\/\/www.cinesouk.ma\/product\/avenger-c626-universal-head-extension\/\",\"url\":\"https:\/\/www.cinesouk.ma\/product\/avenger-c626-universal-head-extension\/\",\"name\":\"Avenger C626 universal head extension - Marrakech - CineSouk - For rent\",\"isPartOf\":{\"@id\":\"https:\/\/www.cinesouk.ma\/#website\"},\"primaryImageOfPage\":{\"@id\":\"https:\/\/www.cinesouk.ma\/product\/avenger-c626-universal-head-extension\/#primaryimage\"},\"image\":{\"@id\":\"https:\/\/www.cinesouk.ma\/product\/avenger-c626-universal-head-extension\/#primaryimage\"},\"thumbnailUrl\":\"https:\/\/www.cinesouk.ma\/wp-content\/uploads\/2024\/01\/Avenger-C626-universal-head-extension.jpg\",\"datePublished\":\"2025-05-08T10:25:12+00:00\",\"dateModified\":\"2025-08-26T12:31:38+00:00\",\"description\":\"Avenger C626 Universal: Enhance your setup with this versatile aluminum extension for industry-standard gear in photography and videography.\",\"breadcrumb\":{\"@id\":\"https:\/\/www.cinesouk.ma\/product\/avenger-c626-universal-head-extension\/#breadcrumb\"},\"inLanguage\":\"fr-FR\",\"potentialAction\":[{\"@type\":\"ReadAction\",\"target\":[\"https:\/\/www.cinesouk.ma\/product\/avenger-c626-universal-head-extension\/\"]}]},{\"@type\":\"ImageObject\",\"inLanguage\":\"fr-FR\",\"@id\":\"https:\/\/www.cinesouk.ma\/product\/avenger-c626-universal-head-extension\/#primaryimage\",\"url\":\"https:\/\/www.cinesouk.ma\/wp-content\/uploads\/2024\/01\/Avenger-C626-universal-head-extension.jpg\",\"contentUrl\":\"https:\/\/www.cinesouk.ma\/wp-content\/uploads\/2024\/01\/Avenger-C626-universal-head-extension.jpg\",\"width\":300,\"height\":238,\"caption\":\"Avenger C626 universal head extension\"},{\"@type\":\"BreadcrumbList\",\"@id\":\"https:\/\/www.cinesouk.ma\/product\/avenger-c626-universal-head-extension\/#breadcrumb\",\"itemListElement\":[{\"@type\":\"ListItem\",\"position\":1,\"name\":\"Home\",\"item\":\"https:\/\/www.cinesouk.ma\/\"},{\"@type\":\"ListItem\",\"position\":2,\"name\":\"Shop\",\"item\":\"https:\/\/www.cinesouk.ma\/shop\/\"},{\"@type\":\"ListItem\",\"position\":3,\"name\":\"Avenger C626 universal head extension\"}]},{\"@type\":\"WebSite\",\"@id\":\"https:\/\/www.cinesouk.ma\/#website\",\"url\":\"https:\/\/www.cinesouk.ma\/\",\"name\":\"CineSouk\",\"description\":\"\",\"publisher\":{\"@id\":\"https:\/\/www.cinesouk.ma\/#organization\"},\"potentialAction\":[{\"@type\":\"SearchAction\",\"target\":{\"@type\":\"EntryPoint\",\"urlTemplate\":\"https:\/\/www.cinesouk.ma\/?s={search_term_string}\"},\"query-input\":{\"@type\":\"PropertyValueSpecification\",\"valueRequired\":true,\"valueName\":\"search_term_string\"}}],\"inLanguage\":\"fr-FR\"},{\"@type\":\"Organization\",\"@id\":\"https:\/\/www.cinesouk.ma\/#organization\",\"name\":\"CineSouk\",\"url\":\"https:\/\/www.cinesouk.ma\/\",\"logo\":{\"@type\":\"ImageObject\",\"inLanguage\":\"fr-FR\",\"@id\":\"https:\/\/www.cinesouk.ma\/#\/schema\/logo\/image\/\",\"url\":\"https:\/\/www.cinesouk.ma\/wp-content\/uploads\/2024\/01\/CineSouk-logo-v01-alpha-alligned-left.png\",\"contentUrl\":\"https:\/\/www.cinesouk.ma\/wp-content\/uploads\/2024\/01\/CineSouk-logo-v01-alpha-alligned-left.png\",\"width\":3204,\"height\":889,\"caption\":\"CineSouk\"},\"image\":{\"@id\":\"https:\/\/www.cinesouk.ma\/#\/schema\/logo\/image\/\"}}]}<\/script>\n<!-- \/ Yoast SEO Premium plugin. -->","yoast_head_json":{"title":"Avenger C626 universal head extension - Marrakech - CineSouk - For rent","description":"Avenger C626 Universal: Enhance your setup with this versatile aluminum extension for industry-standard gear in photography and videography.","robots":{"index":"index","follow":"follow","max-snippet":"max-snippet:-1","max-image-preview":"max-image-preview:large","max-video-preview":"max-video-preview:-1"},"canonical":"https:\/\/www.cinesouk.ma\/fr\/produit\/avenger-c626-universal-head-extension\/","og_locale":"fr_FR","og_type":"article","og_title":"Avenger C626 universal head extension","og_description":"Avenger C626 Universal: Enhance your setup with this versatile aluminum extension for industry-standard gear in photography and videography.","og_url":"https:\/\/www.cinesouk.ma\/fr\/produit\/avenger-c626-universal-head-extension\/","og_site_name":"CineSouk","article_modified_time":"2025-08-26T12:31:38+00:00","og_image":[{"width":300,"height":238,"url":"https:\/\/www.cinesouk.ma\/wp-content\/uploads\/2024\/01\/Avenger-C626-universal-head-extension.jpg","type":"image\/jpeg"}],"twitter_card":"summary_large_image","twitter_title":"Avenger C626 universal head extension","twitter_description":"Avenger C626 Universal: Enhance your setup with this versatile aluminum extension for industry-standard gear in photography and videography.","twitter_misc":{"Dur\u00e9e de lecture estim\u00e9e":"1 minute"},"schema":{"@context":"https:\/\/schema.org","@graph":[{"@type":"WebPage","@id":"https:\/\/www.cinesouk.ma\/product\/avenger-c626-universal-head-extension\/","url":"https:\/\/www.cinesouk.ma\/product\/avenger-c626-universal-head-extension\/","name":"Avenger C626 universal head extension - Marrakech - CineSouk - For rent","isPartOf":{"@id":"https:\/\/www.cinesouk.ma\/#website"},"primaryImageOfPage":{"@id":"https:\/\/www.cinesouk.ma\/product\/avenger-c626-universal-head-extension\/#primaryimage"},"image":{"@id":"https:\/\/www.cinesouk.ma\/product\/avenger-c626-universal-head-extension\/#primaryimage"},"thumbnailUrl":"https:\/\/www.cinesouk.ma\/wp-content\/uploads\/2024\/01\/Avenger-C626-universal-head-extension.jpg","datePublished":"2025-05-08T10:25:12+00:00","dateModified":"2025-08-26T12:31:38+00:00","description":"Avenger C626 Universal: Enhance your setup with this versatile aluminum extension for industry-standard gear in photography and videography.","breadcrumb":{"@id":"https:\/\/www.cinesouk.ma\/product\/avenger-c626-universal-head-extension\/#breadcrumb"},"inLanguage":"fr-FR","potentialAction":[{"@type":"ReadAction","target":["https:\/\/www.cinesouk.ma\/product\/avenger-c626-universal-head-extension\/"]}]},{"@type":"ImageObject","inLanguage":"fr-FR","@id":"https:\/\/www.cinesouk.ma\/product\/avenger-c626-universal-head-extension\/#primaryimage","url":"https:\/\/www.cinesouk.ma\/wp-content\/uploads\/2024\/01\/Avenger-C626-universal-head-extension.jpg","contentUrl":"https:\/\/www.cinesouk.ma\/wp-content\/uploads\/2024\/01\/Avenger-C626-universal-head-extension.jpg","width":300,"height":238,"caption":"Avenger C626 universal head extension"},{"@type":"BreadcrumbList","@id":"https:\/\/www.cinesouk.ma\/product\/avenger-c626-universal-head-extension\/#breadcrumb","itemListElement":[{"@type":"ListItem","position":1,"name":"Home","item":"https:\/\/www.cinesouk.ma\/"},{"@type":"ListItem","position":2,"name":"Shop","item":"https:\/\/www.cinesouk.ma\/shop\/"},{"@type":"ListItem","position":3,"name":"Avenger C626 universal head extension"}]},{"@type":"WebSite","@id":"https:\/\/www.cinesouk.ma\/#website","url":"https:\/\/www.cinesouk.ma\/","name":"CineSouk","description":"","publisher":{"@id":"https:\/\/www.cinesouk.ma\/#organization"},"potentialAction":[{"@type":"SearchAction","target":{"@type":"EntryPoint","urlTemplate":"https:\/\/www.cinesouk.ma\/?s={search_term_string}"},"query-input":{"@type":"PropertyValueSpecification","valueRequired":true,"valueName":"search_term_string"}}],"inLanguage":"fr-FR"},{"@type":"Organization","@id":"https:\/\/www.cinesouk.ma\/#organization","name":"CineSouk","url":"https:\/\/www.cinesouk.ma\/","logo":{"@type":"ImageObject","inLanguage":"fr-FR","@id":"https:\/\/www.cinesouk.ma\/#\/schema\/logo\/image\/","url":"https:\/\/www.cinesouk.ma\/wp-content\/uploads\/2024\/01\/CineSouk-logo-v01-alpha-alligned-left.png","contentUrl":"https:\/\/www.cinesouk.ma\/wp-content\/uploads\/2024\/01\/CineSouk-logo-v01-alpha-alligned-left.png","width":3204,"height":889,"caption":"CineSouk"},"image":{"@id":"https:\/\/www.cinesouk.ma\/#\/schema\/logo\/image\/"}}]}},"_links":{"self":[{"href":"https:\/\/www.cinesouk.ma\/fr\/wp-json\/wp\/v2\/product\/2263","targetHints":{"allow":["GET"]}}],"collection":[{"href":"https:\/\/www.cinesouk.ma\/fr\/wp-json\/wp\/v2\/product"}],"about":[{"href":"https:\/\/www.cinesouk.ma\/fr\/wp-json\/wp\/v2\/types\/product"}],"wp:featuredmedia":[{"embeddable":true,"href":"https:\/\/www.cinesouk.ma\/fr\/wp-json\/wp\/v2\/media\/2266"}],"wp:attachment":[{"href":"https:\/\/www.cinesouk.ma\/fr\/wp-json\/wp\/v2\/media?parent=2263"}],"wp:term":[{"taxonomy":"product_brand","embeddable":true,"href":"https:\/\/www.cinesouk.ma\/fr\/wp-json\/wp\/v2\/product_brand?post=2263"},{"taxonomy":"product_cat","embeddable":true,"href":"https:\/\/www.cinesouk.ma\/fr\/wp-json\/wp\/v2\/product_cat?post=2263"},{"taxonomy":"product_tag","embeddable":true,"href":"https:\/\/www.cinesouk.ma\/fr\/wp-json\/wp\/v2\/product_tag?post=2263"}],"curies":[{"name":"wp","href":"https:\/\/api.w.org\/{rel}","templated":true}]}}