{"id":2269,"date":"2024-01-07T10:39:29","date_gmt":"2024-01-07T10:39:29","guid":{"rendered":"https:\/\/www.cinesouk.ma\/?post_type=product&#038;p=2269"},"modified":"2025-05-05T14:46:25","modified_gmt":"2025-05-05T14:46:25","slug":"smallrig-super-clamp","status":"publish","type":"product","link":"https:\/\/www.cinesouk.ma\/fr\/produit\/smallrig-super-clamp\/","title":{"rendered":"SmallRig Super Clamp"},"content":{"rendered":"<p>La pince Super Clamp de SMALLRIG est un outil essentiel et polyvalent pour fixer les accessoires de la cam\u00e9ra. Cet ensemble constitue une solution fiable pour le montage de lumi\u00e8res, d'\u00e9crans et de divers \u00e9quipements dans diff\u00e9rents sc\u00e9narios de prise de vue. Fabriqu\u00e9 avec pr\u00e9cision, il est dot\u00e9 d'une conception robuste et de m\u00e9canismes r\u00e9glables, offrant une prise s\u00fbre sur diff\u00e9rentes surfaces. Sa polyvalence permet aux cr\u00e9ateurs de contenu d'optimiser la configuration de leur cam\u00e9ra, assurant stabilit\u00e9 et flexibilit\u00e9 dans les paysages dynamiques de Marrakech.<\/p>\n<p>Compatible avec une large gamme d'accessoires de prise de vue, le Super Clamp Set est disponible \u00e0 la location et t\u00e9moigne de la qualit\u00e9 et de l'innovation. C'est le choix id\u00e9al pour les professionnels \u00e0 la recherche d'une solution de serrage fiable et adaptable pour am\u00e9liorer leur \u00e9quipement.<\/p>\n<p>Louez la pince SMALLRIG Super Clamp maintenant sur <a href=\"https:\/\/www.cinesouk.ma\/fr\">CINESOUK<\/a> - une marque de <a href=\"https:\/\/www.broadway.ma\/\">BROADWAY PRODUCTIONS SARL.<\/a><\/p>","protected":false},"excerpt":{"rendered":"<p>Sp\u00e9cifications<\/p>\n<p>Mat\u00e9riau : Alliage d'aluminium et acier inoxydable<br \/>\nM\u00e2choire r\u00e9glable : 10 mm \u00e0 50 mm<br \/>\nCapacit\u00e9 de chargement : Chargement du meilleur poids - 0,5 kg \u00e0 2 kg<br \/>\nQuantit\u00e9 : 3 super pinces pour la photographie<br \/>\nMultifonction : Trous filet\u00e9s 1\/4 et 3\/8 pour un montage polyvalent sur les appareils photo DSLR Rig, les tiges, les \u00e9clairages, les crochets, etc.<\/p>","protected":false},"featured_media":10616,"template":"","meta":{"om_disable_all_campaigns":false,"_monsterinsights_skip_tracking":false,"_monsterinsights_sitenote_active":false,"_monsterinsights_sitenote_note":"","_monsterinsights_sitenote_category":0,"_uf_show_specific_survey":0,"_uf_disable_surveys":false},"product_brand":[],"product_cat":[38],"product_tag":[],"class_list":{"0":"post-2269","1":"product","2":"type-product","3":"status-publish","4":"has-post-thumbnail","6":"product_cat-grip-cinesouk","8":"entry","9":"has-media","11":"first","12":"instock","13":"taxable","14":"shipping-taxable","15":"purchasable","16":"product-type-variable","17":"has-product-nav","18":"col","19":"span_1_of_3","20":"owp-content-center","21":"owp-thumbs-layout-horizontal","22":"owp-btn-normal","23":"owp-tabs-layout-horizontal","24":"has-no-thumbnails"},"yoast_head":"<!-- This site is optimized with the Yoast SEO Premium plugin v26.0 (Yoast SEO v26.0) - https:\/\/yoast.com\/wordpress\/plugins\/seo\/ -->\n<title>SmallRig Super Clamp - Marrakech | Morocco - CineSouk - For rent<\/title>\n<meta name=\"description\" content=\"SMALLRIG Super Clamp Set: Securely mounts accessories with an adjustable jaw, sturdy build, and non-slip rubber pads for stability.\" \/>\n<meta name=\"robots\" content=\"index, follow, max-snippet:-1, max-image-preview:large, max-video-preview:-1\" \/>\n<link rel=\"canonical\" href=\"https:\/\/www.cinesouk.ma\/fr\/produit\/smallrig-super-clamp\/\" \/>\n<meta property=\"og:locale\" content=\"fr_FR\" \/>\n<meta property=\"og:type\" content=\"article\" \/>\n<meta property=\"og:title\" content=\"SmallRig Super Clamp\" \/>\n<meta property=\"og:description\" content=\"Photography Super Clamp Set: Securely mount diverse accessories with an adjustable jaw, sturdy construction, and non-slip rubber pads for stability.\" \/>\n<meta property=\"og:url\" content=\"https:\/\/www.cinesouk.ma\/fr\/produit\/smallrig-super-clamp\/\" \/>\n<meta property=\"og:site_name\" content=\"CineSouk\" \/>\n<meta property=\"article:modified_time\" content=\"2025-05-05T14:46:25+00:00\" \/>\n<meta property=\"og:image\" content=\"https:\/\/www.cinesouk.ma\/wp-content\/uploads\/2024\/01\/SMALLRIG-Super-Clamp.jpg\" \/>\n\t<meta property=\"og:image:width\" content=\"300\" \/>\n\t<meta property=\"og:image:height\" content=\"238\" \/>\n\t<meta property=\"og:image:type\" content=\"image\/jpeg\" \/>\n<meta name=\"twitter:card\" content=\"summary_large_image\" \/>\n<meta name=\"twitter:description\" content=\"Photography Super Clamp Set: Securely mount diverse accessories with an adjustable jaw, sturdy construction, and non-slip rubber pads for stability.\" \/>\n<meta name=\"twitter:label1\" content=\"Dur\u00e9e de lecture estim\u00e9e\" \/>\n\t<meta name=\"twitter:data1\" content=\"1 minute\" \/>\n<script type=\"application\/ld+json\" class=\"yoast-schema-graph\">{\"@context\":\"https:\/\/schema.org\",\"@graph\":[{\"@type\":\"WebPage\",\"@id\":\"https:\/\/www.cinesouk.ma\/product\/smallrig-super-clamp\/\",\"url\":\"https:\/\/www.cinesouk.ma\/product\/smallrig-super-clamp\/\",\"name\":\"SmallRig Super Clamp - Marrakech | Morocco - CineSouk - For rent\",\"isPartOf\":{\"@id\":\"https:\/\/www.cinesouk.ma\/#website\"},\"primaryImageOfPage\":{\"@id\":\"https:\/\/www.cinesouk.ma\/product\/smallrig-super-clamp\/#primaryimage\"},\"image\":{\"@id\":\"https:\/\/www.cinesouk.ma\/product\/smallrig-super-clamp\/#primaryimage\"},\"thumbnailUrl\":\"https:\/\/www.cinesouk.ma\/wp-content\/uploads\/2024\/01\/SMALLRIG-Super-Clamp.jpg\",\"datePublished\":\"2024-01-07T10:39:29+00:00\",\"dateModified\":\"2025-05-05T14:46:25+00:00\",\"description\":\"SMALLRIG Super Clamp Set: Securely mounts accessories with an adjustable jaw, sturdy build, and non-slip rubber pads for stability.\",\"breadcrumb\":{\"@id\":\"https:\/\/www.cinesouk.ma\/product\/smallrig-super-clamp\/#breadcrumb\"},\"inLanguage\":\"fr-FR\",\"potentialAction\":[{\"@type\":\"ReadAction\",\"target\":[\"https:\/\/www.cinesouk.ma\/product\/smallrig-super-clamp\/\"]}]},{\"@type\":\"ImageObject\",\"inLanguage\":\"fr-FR\",\"@id\":\"https:\/\/www.cinesouk.ma\/product\/smallrig-super-clamp\/#primaryimage\",\"url\":\"https:\/\/www.cinesouk.ma\/wp-content\/uploads\/2024\/01\/SMALLRIG-Super-Clamp.jpg\",\"contentUrl\":\"https:\/\/www.cinesouk.ma\/wp-content\/uploads\/2024\/01\/SMALLRIG-Super-Clamp.jpg\",\"width\":300,\"height\":238,\"caption\":\"SMALLRIG - Super Clamp\"},{\"@type\":\"BreadcrumbList\",\"@id\":\"https:\/\/www.cinesouk.ma\/product\/smallrig-super-clamp\/#breadcrumb\",\"itemListElement\":[{\"@type\":\"ListItem\",\"position\":1,\"name\":\"Home\",\"item\":\"https:\/\/www.cinesouk.ma\/\"},{\"@type\":\"ListItem\",\"position\":2,\"name\":\"Shop\",\"item\":\"https:\/\/www.cinesouk.ma\/shop\/\"},{\"@type\":\"ListItem\",\"position\":3,\"name\":\"SmallRig Super Clamp\"}]},{\"@type\":\"WebSite\",\"@id\":\"https:\/\/www.cinesouk.ma\/#website\",\"url\":\"https:\/\/www.cinesouk.ma\/\",\"name\":\"CineSouk\",\"description\":\"\",\"publisher\":{\"@id\":\"https:\/\/www.cinesouk.ma\/#organization\"},\"potentialAction\":[{\"@type\":\"SearchAction\",\"target\":{\"@type\":\"EntryPoint\",\"urlTemplate\":\"https:\/\/www.cinesouk.ma\/?s={search_term_string}\"},\"query-input\":{\"@type\":\"PropertyValueSpecification\",\"valueRequired\":true,\"valueName\":\"search_term_string\"}}],\"inLanguage\":\"fr-FR\"},{\"@type\":\"Organization\",\"@id\":\"https:\/\/www.cinesouk.ma\/#organization\",\"name\":\"CineSouk\",\"url\":\"https:\/\/www.cinesouk.ma\/\",\"logo\":{\"@type\":\"ImageObject\",\"inLanguage\":\"fr-FR\",\"@id\":\"https:\/\/www.cinesouk.ma\/#\/schema\/logo\/image\/\",\"url\":\"https:\/\/www.cinesouk.ma\/wp-content\/uploads\/2024\/01\/CineSouk-logo-v01-alpha-alligned-left.png\",\"contentUrl\":\"https:\/\/www.cinesouk.ma\/wp-content\/uploads\/2024\/01\/CineSouk-logo-v01-alpha-alligned-left.png\",\"width\":3204,\"height\":889,\"caption\":\"CineSouk\"},\"image\":{\"@id\":\"https:\/\/www.cinesouk.ma\/#\/schema\/logo\/image\/\"}}]}<\/script>\n<!-- \/ Yoast SEO Premium plugin. -->","yoast_head_json":{"title":"SmallRig Super Clamp - Marrakech | Morocco - CineSouk - For rent","description":"SMALLRIG Super Clamp Set: Securely mounts accessories with an adjustable jaw, sturdy build, and non-slip rubber pads for stability.","robots":{"index":"index","follow":"follow","max-snippet":"max-snippet:-1","max-image-preview":"max-image-preview:large","max-video-preview":"max-video-preview:-1"},"canonical":"https:\/\/www.cinesouk.ma\/fr\/produit\/smallrig-super-clamp\/","og_locale":"fr_FR","og_type":"article","og_title":"SmallRig Super Clamp","og_description":"Photography Super Clamp Set: Securely mount diverse accessories with an adjustable jaw, sturdy construction, and non-slip rubber pads for stability.","og_url":"https:\/\/www.cinesouk.ma\/fr\/produit\/smallrig-super-clamp\/","og_site_name":"CineSouk","article_modified_time":"2025-05-05T14:46:25+00:00","og_image":[{"width":300,"height":238,"url":"https:\/\/www.cinesouk.ma\/wp-content\/uploads\/2024\/01\/SMALLRIG-Super-Clamp.jpg","type":"image\/jpeg"}],"twitter_card":"summary_large_image","twitter_description":"Photography Super Clamp Set: Securely mount diverse accessories with an adjustable jaw, sturdy construction, and non-slip rubber pads for stability.","twitter_misc":{"Dur\u00e9e de lecture estim\u00e9e":"1 minute"},"schema":{"@context":"https:\/\/schema.org","@graph":[{"@type":"WebPage","@id":"https:\/\/www.cinesouk.ma\/product\/smallrig-super-clamp\/","url":"https:\/\/www.cinesouk.ma\/product\/smallrig-super-clamp\/","name":"SmallRig Super Clamp - Marrakech | Morocco - CineSouk - For rent","isPartOf":{"@id":"https:\/\/www.cinesouk.ma\/#website"},"primaryImageOfPage":{"@id":"https:\/\/www.cinesouk.ma\/product\/smallrig-super-clamp\/#primaryimage"},"image":{"@id":"https:\/\/www.cinesouk.ma\/product\/smallrig-super-clamp\/#primaryimage"},"thumbnailUrl":"https:\/\/www.cinesouk.ma\/wp-content\/uploads\/2024\/01\/SMALLRIG-Super-Clamp.jpg","datePublished":"2024-01-07T10:39:29+00:00","dateModified":"2025-05-05T14:46:25+00:00","description":"SMALLRIG Super Clamp Set: Securely mounts accessories with an adjustable jaw, sturdy build, and non-slip rubber pads for stability.","breadcrumb":{"@id":"https:\/\/www.cinesouk.ma\/product\/smallrig-super-clamp\/#breadcrumb"},"inLanguage":"fr-FR","potentialAction":[{"@type":"ReadAction","target":["https:\/\/www.cinesouk.ma\/product\/smallrig-super-clamp\/"]}]},{"@type":"ImageObject","inLanguage":"fr-FR","@id":"https:\/\/www.cinesouk.ma\/product\/smallrig-super-clamp\/#primaryimage","url":"https:\/\/www.cinesouk.ma\/wp-content\/uploads\/2024\/01\/SMALLRIG-Super-Clamp.jpg","contentUrl":"https:\/\/www.cinesouk.ma\/wp-content\/uploads\/2024\/01\/SMALLRIG-Super-Clamp.jpg","width":300,"height":238,"caption":"SMALLRIG - Super Clamp"},{"@type":"BreadcrumbList","@id":"https:\/\/www.cinesouk.ma\/product\/smallrig-super-clamp\/#breadcrumb","itemListElement":[{"@type":"ListItem","position":1,"name":"Home","item":"https:\/\/www.cinesouk.ma\/"},{"@type":"ListItem","position":2,"name":"Shop","item":"https:\/\/www.cinesouk.ma\/shop\/"},{"@type":"ListItem","position":3,"name":"SmallRig Super Clamp"}]},{"@type":"WebSite","@id":"https:\/\/www.cinesouk.ma\/#website","url":"https:\/\/www.cinesouk.ma\/","name":"CineSouk","description":"","publisher":{"@id":"https:\/\/www.cinesouk.ma\/#organization"},"potentialAction":[{"@type":"SearchAction","target":{"@type":"EntryPoint","urlTemplate":"https:\/\/www.cinesouk.ma\/?s={search_term_string}"},"query-input":{"@type":"PropertyValueSpecification","valueRequired":true,"valueName":"search_term_string"}}],"inLanguage":"fr-FR"},{"@type":"Organization","@id":"https:\/\/www.cinesouk.ma\/#organization","name":"CineSouk","url":"https:\/\/www.cinesouk.ma\/","logo":{"@type":"ImageObject","inLanguage":"fr-FR","@id":"https:\/\/www.cinesouk.ma\/#\/schema\/logo\/image\/","url":"https:\/\/www.cinesouk.ma\/wp-content\/uploads\/2024\/01\/CineSouk-logo-v01-alpha-alligned-left.png","contentUrl":"https:\/\/www.cinesouk.ma\/wp-content\/uploads\/2024\/01\/CineSouk-logo-v01-alpha-alligned-left.png","width":3204,"height":889,"caption":"CineSouk"},"image":{"@id":"https:\/\/www.cinesouk.ma\/#\/schema\/logo\/image\/"}}]}},"_links":{"self":[{"href":"https:\/\/www.cinesouk.ma\/fr\/wp-json\/wp\/v2\/product\/2269","targetHints":{"allow":["GET"]}}],"collection":[{"href":"https:\/\/www.cinesouk.ma\/fr\/wp-json\/wp\/v2\/product"}],"about":[{"href":"https:\/\/www.cinesouk.ma\/fr\/wp-json\/wp\/v2\/types\/product"}],"wp:featuredmedia":[{"embeddable":true,"href":"https:\/\/www.cinesouk.ma\/fr\/wp-json\/wp\/v2\/media\/10616"}],"wp:attachment":[{"href":"https:\/\/www.cinesouk.ma\/fr\/wp-json\/wp\/v2\/media?parent=2269"}],"wp:term":[{"taxonomy":"product_brand","embeddable":true,"href":"https:\/\/www.cinesouk.ma\/fr\/wp-json\/wp\/v2\/product_brand?post=2269"},{"taxonomy":"product_cat","embeddable":true,"href":"https:\/\/www.cinesouk.ma\/fr\/wp-json\/wp\/v2\/product_cat?post=2269"},{"taxonomy":"product_tag","embeddable":true,"href":"https:\/\/www.cinesouk.ma\/fr\/wp-json\/wp\/v2\/product_tag?post=2269"}],"curies":[{"name":"wp","href":"https:\/\/api.w.org\/{rel}","templated":true}]}}