{"id":2311,"date":"2024-01-18T10:48:31","date_gmt":"2024-01-18T10:48:31","guid":{"rendered":"https:\/\/www.cinesouk.ma\/?post_type=product&#038;p=2311"},"modified":"2025-03-21T10:55:45","modified_gmt":"2025-03-21T10:55:45","slug":"blackmagic-design-ultrastudio-recorder-3g","status":"publish","type":"product","link":"https:\/\/www.cinesouk.ma\/fr\/produit\/blackmagic-design-ultrastudio-recorder-3g\/","title":{"rendered":"Enregistreur Blackmagic UltraStudio 3G"},"content":{"rendered":"<p>Le Blackmagic UltraStudio Recorder 3G est un appareil compact et puissant con\u00e7u pour une int\u00e9gration transparente dans les flux de travail des plateaux de cin\u00e9ma. Gr\u00e2ce \u00e0 sa connectivit\u00e9 Thunderbolt 3, cet enregistreur permet de capturer et de lire des vid\u00e9os de haute qualit\u00e9 sur diff\u00e9rents appareils. L'enregistreur prend en charge les r\u00e9solutions vid\u00e9o YUV et RVB jusqu'\u00e0 1080p60 via 3G-SDI ou HDMI. Il assure donc une polyvalence dans la connexion \u00e0 diff\u00e9rentes sources vid\u00e9o. L'enregistreur permet d'enregistrer et de lire des vid\u00e9os de qualit\u00e9 professionnelle dans des formats allant jusqu'\u00e0 1080p. Sa conception portable et sa compatibilit\u00e9 avec Thunderbolt 3 en font une solution id\u00e9ale pour les cin\u00e9astes \u00e0 la recherche d'un outil fiable et efficace pour la capture et la lecture vid\u00e9o sur leurs plateaux de cin\u00e9ma.<\/p>\n<h3>Caract\u00e9ristiques du convertisseur Blackmagic<\/h3>\n<ul>\n<li>Compact, format de poche<\/li>\n<li>3G (jusqu'\u00e0 1080p60)<\/li>\n<li>Entr\u00e9e HD-SDI<\/li>\n<li>Entr\u00e9e HDMI<\/li>\n<li>1x connexion Thunderbolt3<\/li>\n<li>Diffusion en continu ou enregistrement via la connexion Thunderbolt de votre ordinateur<\/li>\n<li>Prise en charge des r\u00e9solutions vid\u00e9o YUV et RGB<\/li>\n<\/ul>\n<p>Louez le Blackmagic UltraStudio Recorder 3G maintenant sur <a href=\"https:\/\/www.cinesouk.ma\/fr\">CINESOUK<\/a> - une marque de <a href=\"https:\/\/www.broadway.ma\/\">BROADWAY PRODUCTIONS SARL.<\/a><\/p>","protected":false},"excerpt":{"rendered":"<p>Sp\u00e9cifications :<\/p>\n<p>Marque : Backmagic Design<br \/>\nMod\u00e8le : Enregistreur UltraStudio 3G<br \/>\nConnectivit\u00e9 : Thunderbolt 3, 3G-SDI, HDMI<br \/>\nQualit\u00e9 vid\u00e9o : Jusqu'\u00e0 1080p<br \/>\nConception : Compact et portable<br \/>\nObjet : Capture et lecture vid\u00e9o pour les salles de cin\u00e9ma<br \/>\nFabricant : Blackmagic Design<\/p>","protected":false},"featured_media":3229,"template":"","meta":{"om_disable_all_campaigns":false,"_monsterinsights_skip_tracking":false,"_monsterinsights_sitenote_active":false,"_monsterinsights_sitenote_note":"","_monsterinsights_sitenote_category":0,"_uf_show_specific_survey":0,"_uf_disable_surveys":false},"product_brand":[],"product_cat":[87,33],"product_tag":[],"class_list":{"0":"post-2311","1":"product","2":"type-product","3":"status-publish","4":"has-post-thumbnail","6":"product_cat-capture-and-recorders-cinesouk","7":"product_cat-processing-cinesouk","9":"entry","10":"has-media","12":"first","13":"instock","14":"taxable","15":"shipping-taxable","16":"purchasable","17":"product-type-variable","18":"has-product-nav","19":"col","20":"span_1_of_3","21":"owp-content-center","22":"owp-thumbs-layout-horizontal","23":"owp-btn-normal","24":"owp-tabs-layout-horizontal","25":"has-no-thumbnails"},"yoast_head":"<!-- This site is optimized with the Yoast SEO Premium plugin v26.0 (Yoast SEO v26.0) - https:\/\/yoast.com\/wordpress\/plugins\/seo\/ -->\n<title>Blackmagic UltraStudio Recorder 3G - CineSouk - Marrakech - For rent<\/title>\n<meta name=\"description\" content=\"Enhance your cinema set workflow with Blackmagic Design UltraStudio Recorder 3G. Versatile for high-quality video capture and playback.\" \/>\n<meta name=\"robots\" content=\"index, follow, max-snippet:-1, max-image-preview:large, max-video-preview:-1\" \/>\n<link rel=\"canonical\" href=\"https:\/\/www.cinesouk.ma\/fr\/produit\/blackmagic-design-ultrastudio-recorder-3g\/\" \/>\n<meta property=\"og:locale\" content=\"fr_FR\" \/>\n<meta property=\"og:type\" content=\"article\" \/>\n<meta property=\"og:title\" content=\"Blackmagic UltraStudio Recorder 3G\" \/>\n<meta property=\"og:description\" content=\"Enhance your cinema set workflow with Blackmagic Design UltraStudio Recorder 3G. Versatile for high-quality video capture and playback.\" \/>\n<meta property=\"og:url\" content=\"https:\/\/www.cinesouk.ma\/fr\/produit\/blackmagic-design-ultrastudio-recorder-3g\/\" \/>\n<meta property=\"og:site_name\" content=\"CineSouk\" \/>\n<meta property=\"article:modified_time\" content=\"2025-03-21T10:55:45+00:00\" \/>\n<meta property=\"og:image\" content=\"https:\/\/www.cinesouk.ma\/wp-content\/uploads\/2024\/01\/recorde3g.jpg\" \/>\n\t<meta property=\"og:image:width\" content=\"300\" \/>\n\t<meta property=\"og:image:height\" content=\"238\" \/>\n\t<meta property=\"og:image:type\" content=\"image\/jpeg\" \/>\n<meta name=\"twitter:card\" content=\"summary_large_image\" \/>\n<meta name=\"twitter:description\" content=\"Enhance your cinema set workflow with Blackmagic Design UltraStudio Recorder 3G. Versatile for high-quality video capture and playback.\" \/>\n<meta name=\"twitter:label1\" content=\"Dur\u00e9e de lecture estim\u00e9e\" \/>\n\t<meta name=\"twitter:data1\" content=\"1 minute\" \/>\n<script type=\"application\/ld+json\" class=\"yoast-schema-graph\">{\"@context\":\"https:\/\/schema.org\",\"@graph\":[{\"@type\":\"WebPage\",\"@id\":\"https:\/\/www.cinesouk.ma\/product\/blackmagic-design-ultrastudio-recorder-3g\/\",\"url\":\"https:\/\/www.cinesouk.ma\/product\/blackmagic-design-ultrastudio-recorder-3g\/\",\"name\":\"Blackmagic UltraStudio Recorder 3G - CineSouk - Marrakech - For rent\",\"isPartOf\":{\"@id\":\"https:\/\/www.cinesouk.ma\/#website\"},\"primaryImageOfPage\":{\"@id\":\"https:\/\/www.cinesouk.ma\/product\/blackmagic-design-ultrastudio-recorder-3g\/#primaryimage\"},\"image\":{\"@id\":\"https:\/\/www.cinesouk.ma\/product\/blackmagic-design-ultrastudio-recorder-3g\/#primaryimage\"},\"thumbnailUrl\":\"https:\/\/www.cinesouk.ma\/wp-content\/uploads\/2024\/01\/recorde3g.jpg\",\"datePublished\":\"2024-01-18T10:48:31+00:00\",\"dateModified\":\"2025-03-21T10:55:45+00:00\",\"description\":\"Enhance your cinema set workflow with Blackmagic Design UltraStudio Recorder 3G. Versatile for high-quality video capture and playback.\",\"breadcrumb\":{\"@id\":\"https:\/\/www.cinesouk.ma\/product\/blackmagic-design-ultrastudio-recorder-3g\/#breadcrumb\"},\"inLanguage\":\"fr-FR\",\"potentialAction\":[{\"@type\":\"ReadAction\",\"target\":[\"https:\/\/www.cinesouk.ma\/product\/blackmagic-design-ultrastudio-recorder-3g\/\"]}]},{\"@type\":\"ImageObject\",\"inLanguage\":\"fr-FR\",\"@id\":\"https:\/\/www.cinesouk.ma\/product\/blackmagic-design-ultrastudio-recorder-3g\/#primaryimage\",\"url\":\"https:\/\/www.cinesouk.ma\/wp-content\/uploads\/2024\/01\/recorde3g.jpg\",\"contentUrl\":\"https:\/\/www.cinesouk.ma\/wp-content\/uploads\/2024\/01\/recorde3g.jpg\",\"width\":300,\"height\":238},{\"@type\":\"BreadcrumbList\",\"@id\":\"https:\/\/www.cinesouk.ma\/product\/blackmagic-design-ultrastudio-recorder-3g\/#breadcrumb\",\"itemListElement\":[{\"@type\":\"ListItem\",\"position\":1,\"name\":\"Home\",\"item\":\"https:\/\/www.cinesouk.ma\/\"},{\"@type\":\"ListItem\",\"position\":2,\"name\":\"Shop\",\"item\":\"https:\/\/www.cinesouk.ma\/shop\/\"},{\"@type\":\"ListItem\",\"position\":3,\"name\":\"Blackmagic UltraStudio Recorder 3G\"}]},{\"@type\":\"WebSite\",\"@id\":\"https:\/\/www.cinesouk.ma\/#website\",\"url\":\"https:\/\/www.cinesouk.ma\/\",\"name\":\"CineSouk\",\"description\":\"\",\"publisher\":{\"@id\":\"https:\/\/www.cinesouk.ma\/#organization\"},\"potentialAction\":[{\"@type\":\"SearchAction\",\"target\":{\"@type\":\"EntryPoint\",\"urlTemplate\":\"https:\/\/www.cinesouk.ma\/?s={search_term_string}\"},\"query-input\":{\"@type\":\"PropertyValueSpecification\",\"valueRequired\":true,\"valueName\":\"search_term_string\"}}],\"inLanguage\":\"fr-FR\"},{\"@type\":\"Organization\",\"@id\":\"https:\/\/www.cinesouk.ma\/#organization\",\"name\":\"CineSouk\",\"url\":\"https:\/\/www.cinesouk.ma\/\",\"logo\":{\"@type\":\"ImageObject\",\"inLanguage\":\"fr-FR\",\"@id\":\"https:\/\/www.cinesouk.ma\/#\/schema\/logo\/image\/\",\"url\":\"https:\/\/www.cinesouk.ma\/wp-content\/uploads\/2024\/01\/CineSouk-logo-v01-alpha-alligned-left.png\",\"contentUrl\":\"https:\/\/www.cinesouk.ma\/wp-content\/uploads\/2024\/01\/CineSouk-logo-v01-alpha-alligned-left.png\",\"width\":3204,\"height\":889,\"caption\":\"CineSouk\"},\"image\":{\"@id\":\"https:\/\/www.cinesouk.ma\/#\/schema\/logo\/image\/\"}}]}<\/script>\n<!-- \/ Yoast SEO Premium plugin. -->","yoast_head_json":{"title":"Blackmagic UltraStudio Recorder 3G - CineSouk - Marrakech - For rent","description":"Enhance your cinema set workflow with Blackmagic Design UltraStudio Recorder 3G. Versatile for high-quality video capture and playback.","robots":{"index":"index","follow":"follow","max-snippet":"max-snippet:-1","max-image-preview":"max-image-preview:large","max-video-preview":"max-video-preview:-1"},"canonical":"https:\/\/www.cinesouk.ma\/fr\/produit\/blackmagic-design-ultrastudio-recorder-3g\/","og_locale":"fr_FR","og_type":"article","og_title":"Blackmagic UltraStudio Recorder 3G","og_description":"Enhance your cinema set workflow with Blackmagic Design UltraStudio Recorder 3G. Versatile for high-quality video capture and playback.","og_url":"https:\/\/www.cinesouk.ma\/fr\/produit\/blackmagic-design-ultrastudio-recorder-3g\/","og_site_name":"CineSouk","article_modified_time":"2025-03-21T10:55:45+00:00","og_image":[{"width":300,"height":238,"url":"https:\/\/www.cinesouk.ma\/wp-content\/uploads\/2024\/01\/recorde3g.jpg","type":"image\/jpeg"}],"twitter_card":"summary_large_image","twitter_description":"Enhance your cinema set workflow with Blackmagic Design UltraStudio Recorder 3G. Versatile for high-quality video capture and playback.","twitter_misc":{"Dur\u00e9e de lecture estim\u00e9e":"1 minute"},"schema":{"@context":"https:\/\/schema.org","@graph":[{"@type":"WebPage","@id":"https:\/\/www.cinesouk.ma\/product\/blackmagic-design-ultrastudio-recorder-3g\/","url":"https:\/\/www.cinesouk.ma\/product\/blackmagic-design-ultrastudio-recorder-3g\/","name":"Blackmagic UltraStudio Recorder 3G - CineSouk - Marrakech - For rent","isPartOf":{"@id":"https:\/\/www.cinesouk.ma\/#website"},"primaryImageOfPage":{"@id":"https:\/\/www.cinesouk.ma\/product\/blackmagic-design-ultrastudio-recorder-3g\/#primaryimage"},"image":{"@id":"https:\/\/www.cinesouk.ma\/product\/blackmagic-design-ultrastudio-recorder-3g\/#primaryimage"},"thumbnailUrl":"https:\/\/www.cinesouk.ma\/wp-content\/uploads\/2024\/01\/recorde3g.jpg","datePublished":"2024-01-18T10:48:31+00:00","dateModified":"2025-03-21T10:55:45+00:00","description":"Enhance your cinema set workflow with Blackmagic Design UltraStudio Recorder 3G. Versatile for high-quality video capture and playback.","breadcrumb":{"@id":"https:\/\/www.cinesouk.ma\/product\/blackmagic-design-ultrastudio-recorder-3g\/#breadcrumb"},"inLanguage":"fr-FR","potentialAction":[{"@type":"ReadAction","target":["https:\/\/www.cinesouk.ma\/product\/blackmagic-design-ultrastudio-recorder-3g\/"]}]},{"@type":"ImageObject","inLanguage":"fr-FR","@id":"https:\/\/www.cinesouk.ma\/product\/blackmagic-design-ultrastudio-recorder-3g\/#primaryimage","url":"https:\/\/www.cinesouk.ma\/wp-content\/uploads\/2024\/01\/recorde3g.jpg","contentUrl":"https:\/\/www.cinesouk.ma\/wp-content\/uploads\/2024\/01\/recorde3g.jpg","width":300,"height":238},{"@type":"BreadcrumbList","@id":"https:\/\/www.cinesouk.ma\/product\/blackmagic-design-ultrastudio-recorder-3g\/#breadcrumb","itemListElement":[{"@type":"ListItem","position":1,"name":"Home","item":"https:\/\/www.cinesouk.ma\/"},{"@type":"ListItem","position":2,"name":"Shop","item":"https:\/\/www.cinesouk.ma\/shop\/"},{"@type":"ListItem","position":3,"name":"Blackmagic UltraStudio Recorder 3G"}]},{"@type":"WebSite","@id":"https:\/\/www.cinesouk.ma\/#website","url":"https:\/\/www.cinesouk.ma\/","name":"CineSouk","description":"","publisher":{"@id":"https:\/\/www.cinesouk.ma\/#organization"},"potentialAction":[{"@type":"SearchAction","target":{"@type":"EntryPoint","urlTemplate":"https:\/\/www.cinesouk.ma\/?s={search_term_string}"},"query-input":{"@type":"PropertyValueSpecification","valueRequired":true,"valueName":"search_term_string"}}],"inLanguage":"fr-FR"},{"@type":"Organization","@id":"https:\/\/www.cinesouk.ma\/#organization","name":"CineSouk","url":"https:\/\/www.cinesouk.ma\/","logo":{"@type":"ImageObject","inLanguage":"fr-FR","@id":"https:\/\/www.cinesouk.ma\/#\/schema\/logo\/image\/","url":"https:\/\/www.cinesouk.ma\/wp-content\/uploads\/2024\/01\/CineSouk-logo-v01-alpha-alligned-left.png","contentUrl":"https:\/\/www.cinesouk.ma\/wp-content\/uploads\/2024\/01\/CineSouk-logo-v01-alpha-alligned-left.png","width":3204,"height":889,"caption":"CineSouk"},"image":{"@id":"https:\/\/www.cinesouk.ma\/#\/schema\/logo\/image\/"}}]}},"_links":{"self":[{"href":"https:\/\/www.cinesouk.ma\/fr\/wp-json\/wp\/v2\/product\/2311","targetHints":{"allow":["GET"]}}],"collection":[{"href":"https:\/\/www.cinesouk.ma\/fr\/wp-json\/wp\/v2\/product"}],"about":[{"href":"https:\/\/www.cinesouk.ma\/fr\/wp-json\/wp\/v2\/types\/product"}],"wp:featuredmedia":[{"embeddable":true,"href":"https:\/\/www.cinesouk.ma\/fr\/wp-json\/wp\/v2\/media\/3229"}],"wp:attachment":[{"href":"https:\/\/www.cinesouk.ma\/fr\/wp-json\/wp\/v2\/media?parent=2311"}],"wp:term":[{"taxonomy":"product_brand","embeddable":true,"href":"https:\/\/www.cinesouk.ma\/fr\/wp-json\/wp\/v2\/product_brand?post=2311"},{"taxonomy":"product_cat","embeddable":true,"href":"https:\/\/www.cinesouk.ma\/fr\/wp-json\/wp\/v2\/product_cat?post=2311"},{"taxonomy":"product_tag","embeddable":true,"href":"https:\/\/www.cinesouk.ma\/fr\/wp-json\/wp\/v2\/product_tag?post=2311"}],"curies":[{"name":"wp","href":"https:\/\/api.w.org\/{rel}","templated":true}]}}