{"id":2321,"date":"2024-01-18T10:55:15","date_gmt":"2024-01-18T10:55:15","guid":{"rendered":"https:\/\/www.cinesouk.ma\/?post_type=product&#038;p=2321"},"modified":"2025-03-21T10:55:45","modified_gmt":"2025-03-21T10:55:45","slug":"blackmagic-mini-converter-sdi-distr","status":"publish","type":"product","link":"https:\/\/www.cinesouk.ma\/fr\/produit\/blackmagic-mini-converter-sdi-distr\/","title":{"rendered":"Blackmagic Mini converter SDI Distr."},"content":{"rendered":"<div>Le Blackmagic Mini converter SDI Distr. est un outil compact et essentiel pour la distribution des signaux sur les plateaux de cin\u00e9ma.  Il s'agit d'un amplificateur de distribution 1\u00d78 pour les signaux SDI, HD et 3G-SDI. Le Mini Converter d\u00e9tecte automatiquement le type de signal d'entr\u00e9e, le re-clocke et les huit sorties correspondent automatiquement \u00e0 l'entr\u00e9e vid\u00e9o SDI. Cet appareil est un moyen abordable de distribuer les signaux SDI. Le Mini Audio Converter SDI Distribution est con\u00e7u pour des performances de niveau professionnel, ce qui en fait une solution id\u00e9ale pour les cin\u00e9astes \u00e0 la recherche d'une distribution fiable et efficace des signaux sur leurs plateaux de cin\u00e9ma.<\/div>\n<div>\n<h3>Distribution 1080p et 2K<\/h3>\n<p>Le mini-convertisseur prend en charge toutes les fonctions de transmission SDI, y compris l'audio int\u00e9gr\u00e9, les donn\u00e9es suppl\u00e9mentaires et une vitesse de transmission de 3 Go\/s, qui convient aux formats vid\u00e9o jusqu'\u00e0 1080p et 2K progressifs. Il traite m\u00eame les signaux ASI asynchrones qui contiennent plusieurs programmes compress\u00e9s \u00e0 des vitesses de transmission diff\u00e9rentes.<\/p>\n<\/div>\n<h3 class=\"m-t-20\">Caract\u00e9ristiques du Mini convertisseur Blackmagic - Distribution SDI<\/h3>\n<ul>\n<li>convertisseur vid\u00e9o<\/li>\n<li>Une entr\u00e9e SDI, huit sorties SDI<\/li>\n<li>Pour les signaux SD, HD et 3G-SDI<\/li>\n<li>Sorties re-clock\u00e9es<\/li>\n<li>Donn\u00e9es suppl\u00e9mentaires et audio int\u00e9gr\u00e9<\/li>\n<li>Distribution 1080p et 2K<\/li>\n<li>prend en charge les signaux ASI<\/li>\n<\/ul>\n<p>Louez le Blackmagic Mini converter SDI Distr. maintenant au <a href=\"https:\/\/www.cinesouk.ma\/fr\">CINESOUK<\/a> - une marque de <a href=\"https:\/\/www.broadway.ma\/\">BROADWAY PRODUCTIONS SARL.<\/a><\/p>","protected":false},"excerpt":{"rendered":"<p>Sp\u00e9cifications :<\/p>\n<p>Marque : Blackmagic Design<br \/>\nMod\u00e8le : Mini convertisseur SDI Distribution<br \/>\nConnectivit\u00e9 : SDI<br \/>\nFormats de signaux : SD, HD, 3G-SDI<br \/>\nConception : Compact et de qualit\u00e9 professionnelle<br \/>\nObjet : Distribution de signaux pour les salles de cin\u00e9ma<br \/>\nFabricant : Blackmagic Design<\/p>","protected":false},"featured_media":3230,"template":"","meta":{"om_disable_all_campaigns":false,"_monsterinsights_skip_tracking":false,"_monsterinsights_sitenote_active":false,"_monsterinsights_sitenote_note":"","_monsterinsights_sitenote_category":0,"_uf_show_specific_survey":0,"_uf_disable_surveys":false},"product_brand":[],"product_cat":[87,33],"product_tag":[],"class_list":{"0":"post-2321","1":"product","2":"type-product","3":"status-publish","4":"has-post-thumbnail","6":"product_cat-capture-and-recorders-cinesouk","7":"product_cat-processing-cinesouk","9":"entry","10":"has-media","12":"first","13":"instock","14":"taxable","15":"shipping-taxable","16":"purchasable","17":"product-type-variable","18":"has-product-nav","19":"col","20":"span_1_of_3","21":"owp-content-center","22":"owp-thumbs-layout-horizontal","23":"owp-btn-normal","24":"owp-tabs-layout-horizontal","25":"has-no-thumbnails"},"yoast_head":"<!-- This site is optimized with the Yoast SEO Premium plugin v26.0 (Yoast SEO v26.0) - https:\/\/yoast.com\/wordpress\/plugins\/seo\/ -->\n<title>Blackmagic Mini converter SDI Distr. - CineSouk - For rent<\/title>\n<meta name=\"description\" content=\"Streamline signal distribution on your cinema set with the Blackmagic Mini converter SDI Distr. Compact for seamless video sharing.\" \/>\n<meta name=\"robots\" content=\"index, follow, max-snippet:-1, max-image-preview:large, max-video-preview:-1\" \/>\n<link rel=\"canonical\" href=\"https:\/\/www.cinesouk.ma\/fr\/produit\/blackmagic-mini-converter-sdi-distr\/\" \/>\n<meta property=\"og:locale\" content=\"fr_FR\" \/>\n<meta property=\"og:type\" content=\"article\" \/>\n<meta property=\"og:title\" content=\"Blackmagic Mini converter SDI Distr.\" \/>\n<meta property=\"og:description\" content=\"Streamline signal distribution on your cinema set with the Blackmagic Mini converter SDI Distr. Compact for seamless video sharing.\" \/>\n<meta property=\"og:url\" content=\"https:\/\/www.cinesouk.ma\/fr\/produit\/blackmagic-mini-converter-sdi-distr\/\" \/>\n<meta property=\"og:site_name\" content=\"CineSouk\" \/>\n<meta property=\"article:modified_time\" content=\"2025-03-21T10:55:45+00:00\" \/>\n<meta property=\"og:image\" content=\"https:\/\/www.cinesouk.ma\/wp-content\/uploads\/2024\/01\/Blackmagic-Design-Mini-converter-SDI-Distribution.jpg\" \/>\n\t<meta property=\"og:image:width\" content=\"300\" \/>\n\t<meta property=\"og:image:height\" content=\"238\" \/>\n\t<meta property=\"og:image:type\" content=\"image\/jpeg\" \/>\n<meta name=\"twitter:card\" content=\"summary_large_image\" \/>\n<meta name=\"twitter:description\" content=\"Streamline signal distribution on your cinema set with the Blackmagic Mini converter SDI Distr. Compact for seamless video sharing.\" \/>\n<meta name=\"twitter:label1\" content=\"Dur\u00e9e de lecture estim\u00e9e\" \/>\n\t<meta name=\"twitter:data1\" content=\"2 minutes\" \/>\n<script type=\"application\/ld+json\" class=\"yoast-schema-graph\">{\"@context\":\"https:\/\/schema.org\",\"@graph\":[{\"@type\":\"WebPage\",\"@id\":\"https:\/\/www.cinesouk.ma\/product\/blackmagic-mini-converter-sdi-distr\/\",\"url\":\"https:\/\/www.cinesouk.ma\/product\/blackmagic-mini-converter-sdi-distr\/\",\"name\":\"Blackmagic Mini converter SDI Distr. - CineSouk - For rent\",\"isPartOf\":{\"@id\":\"https:\/\/www.cinesouk.ma\/#website\"},\"primaryImageOfPage\":{\"@id\":\"https:\/\/www.cinesouk.ma\/product\/blackmagic-mini-converter-sdi-distr\/#primaryimage\"},\"image\":{\"@id\":\"https:\/\/www.cinesouk.ma\/product\/blackmagic-mini-converter-sdi-distr\/#primaryimage\"},\"thumbnailUrl\":\"https:\/\/www.cinesouk.ma\/wp-content\/uploads\/2024\/01\/Blackmagic-Design-Mini-converter-SDI-Distribution.jpg\",\"datePublished\":\"2024-01-18T10:55:15+00:00\",\"dateModified\":\"2025-03-21T10:55:45+00:00\",\"description\":\"Streamline signal distribution on your cinema set with the Blackmagic Mini converter SDI Distr. Compact for seamless video sharing.\",\"breadcrumb\":{\"@id\":\"https:\/\/www.cinesouk.ma\/product\/blackmagic-mini-converter-sdi-distr\/#breadcrumb\"},\"inLanguage\":\"fr-FR\",\"potentialAction\":[{\"@type\":\"ReadAction\",\"target\":[\"https:\/\/www.cinesouk.ma\/product\/blackmagic-mini-converter-sdi-distr\/\"]}]},{\"@type\":\"ImageObject\",\"inLanguage\":\"fr-FR\",\"@id\":\"https:\/\/www.cinesouk.ma\/product\/blackmagic-mini-converter-sdi-distr\/#primaryimage\",\"url\":\"https:\/\/www.cinesouk.ma\/wp-content\/uploads\/2024\/01\/Blackmagic-Design-Mini-converter-SDI-Distribution.jpg\",\"contentUrl\":\"https:\/\/www.cinesouk.ma\/wp-content\/uploads\/2024\/01\/Blackmagic-Design-Mini-converter-SDI-Distribution.jpg\",\"width\":300,\"height\":238},{\"@type\":\"BreadcrumbList\",\"@id\":\"https:\/\/www.cinesouk.ma\/product\/blackmagic-mini-converter-sdi-distr\/#breadcrumb\",\"itemListElement\":[{\"@type\":\"ListItem\",\"position\":1,\"name\":\"Home\",\"item\":\"https:\/\/www.cinesouk.ma\/\"},{\"@type\":\"ListItem\",\"position\":2,\"name\":\"Shop\",\"item\":\"https:\/\/www.cinesouk.ma\/shop\/\"},{\"@type\":\"ListItem\",\"position\":3,\"name\":\"Blackmagic Mini converter SDI Distr.\"}]},{\"@type\":\"WebSite\",\"@id\":\"https:\/\/www.cinesouk.ma\/#website\",\"url\":\"https:\/\/www.cinesouk.ma\/\",\"name\":\"CineSouk\",\"description\":\"\",\"publisher\":{\"@id\":\"https:\/\/www.cinesouk.ma\/#organization\"},\"potentialAction\":[{\"@type\":\"SearchAction\",\"target\":{\"@type\":\"EntryPoint\",\"urlTemplate\":\"https:\/\/www.cinesouk.ma\/?s={search_term_string}\"},\"query-input\":{\"@type\":\"PropertyValueSpecification\",\"valueRequired\":true,\"valueName\":\"search_term_string\"}}],\"inLanguage\":\"fr-FR\"},{\"@type\":\"Organization\",\"@id\":\"https:\/\/www.cinesouk.ma\/#organization\",\"name\":\"CineSouk\",\"url\":\"https:\/\/www.cinesouk.ma\/\",\"logo\":{\"@type\":\"ImageObject\",\"inLanguage\":\"fr-FR\",\"@id\":\"https:\/\/www.cinesouk.ma\/#\/schema\/logo\/image\/\",\"url\":\"https:\/\/www.cinesouk.ma\/wp-content\/uploads\/2024\/01\/CineSouk-logo-v01-alpha-alligned-left.png\",\"contentUrl\":\"https:\/\/www.cinesouk.ma\/wp-content\/uploads\/2024\/01\/CineSouk-logo-v01-alpha-alligned-left.png\",\"width\":3204,\"height\":889,\"caption\":\"CineSouk\"},\"image\":{\"@id\":\"https:\/\/www.cinesouk.ma\/#\/schema\/logo\/image\/\"}}]}<\/script>\n<!-- \/ Yoast SEO Premium plugin. -->","yoast_head_json":{"title":"Blackmagic Mini converter SDI Distr. - CineSouk - For rent","description":"Streamline signal distribution on your cinema set with the Blackmagic Mini converter SDI Distr. Compact for seamless video sharing.","robots":{"index":"index","follow":"follow","max-snippet":"max-snippet:-1","max-image-preview":"max-image-preview:large","max-video-preview":"max-video-preview:-1"},"canonical":"https:\/\/www.cinesouk.ma\/fr\/produit\/blackmagic-mini-converter-sdi-distr\/","og_locale":"fr_FR","og_type":"article","og_title":"Blackmagic Mini converter SDI Distr.","og_description":"Streamline signal distribution on your cinema set with the Blackmagic Mini converter SDI Distr. Compact for seamless video sharing.","og_url":"https:\/\/www.cinesouk.ma\/fr\/produit\/blackmagic-mini-converter-sdi-distr\/","og_site_name":"CineSouk","article_modified_time":"2025-03-21T10:55:45+00:00","og_image":[{"width":300,"height":238,"url":"https:\/\/www.cinesouk.ma\/wp-content\/uploads\/2024\/01\/Blackmagic-Design-Mini-converter-SDI-Distribution.jpg","type":"image\/jpeg"}],"twitter_card":"summary_large_image","twitter_description":"Streamline signal distribution on your cinema set with the Blackmagic Mini converter SDI Distr. Compact for seamless video sharing.","twitter_misc":{"Dur\u00e9e de lecture estim\u00e9e":"2 minutes"},"schema":{"@context":"https:\/\/schema.org","@graph":[{"@type":"WebPage","@id":"https:\/\/www.cinesouk.ma\/product\/blackmagic-mini-converter-sdi-distr\/","url":"https:\/\/www.cinesouk.ma\/product\/blackmagic-mini-converter-sdi-distr\/","name":"Blackmagic Mini converter SDI Distr. - CineSouk - For rent","isPartOf":{"@id":"https:\/\/www.cinesouk.ma\/#website"},"primaryImageOfPage":{"@id":"https:\/\/www.cinesouk.ma\/product\/blackmagic-mini-converter-sdi-distr\/#primaryimage"},"image":{"@id":"https:\/\/www.cinesouk.ma\/product\/blackmagic-mini-converter-sdi-distr\/#primaryimage"},"thumbnailUrl":"https:\/\/www.cinesouk.ma\/wp-content\/uploads\/2024\/01\/Blackmagic-Design-Mini-converter-SDI-Distribution.jpg","datePublished":"2024-01-18T10:55:15+00:00","dateModified":"2025-03-21T10:55:45+00:00","description":"Streamline signal distribution on your cinema set with the Blackmagic Mini converter SDI Distr. Compact for seamless video sharing.","breadcrumb":{"@id":"https:\/\/www.cinesouk.ma\/product\/blackmagic-mini-converter-sdi-distr\/#breadcrumb"},"inLanguage":"fr-FR","potentialAction":[{"@type":"ReadAction","target":["https:\/\/www.cinesouk.ma\/product\/blackmagic-mini-converter-sdi-distr\/"]}]},{"@type":"ImageObject","inLanguage":"fr-FR","@id":"https:\/\/www.cinesouk.ma\/product\/blackmagic-mini-converter-sdi-distr\/#primaryimage","url":"https:\/\/www.cinesouk.ma\/wp-content\/uploads\/2024\/01\/Blackmagic-Design-Mini-converter-SDI-Distribution.jpg","contentUrl":"https:\/\/www.cinesouk.ma\/wp-content\/uploads\/2024\/01\/Blackmagic-Design-Mini-converter-SDI-Distribution.jpg","width":300,"height":238},{"@type":"BreadcrumbList","@id":"https:\/\/www.cinesouk.ma\/product\/blackmagic-mini-converter-sdi-distr\/#breadcrumb","itemListElement":[{"@type":"ListItem","position":1,"name":"Home","item":"https:\/\/www.cinesouk.ma\/"},{"@type":"ListItem","position":2,"name":"Shop","item":"https:\/\/www.cinesouk.ma\/shop\/"},{"@type":"ListItem","position":3,"name":"Blackmagic Mini converter SDI Distr."}]},{"@type":"WebSite","@id":"https:\/\/www.cinesouk.ma\/#website","url":"https:\/\/www.cinesouk.ma\/","name":"CineSouk","description":"","publisher":{"@id":"https:\/\/www.cinesouk.ma\/#organization"},"potentialAction":[{"@type":"SearchAction","target":{"@type":"EntryPoint","urlTemplate":"https:\/\/www.cinesouk.ma\/?s={search_term_string}"},"query-input":{"@type":"PropertyValueSpecification","valueRequired":true,"valueName":"search_term_string"}}],"inLanguage":"fr-FR"},{"@type":"Organization","@id":"https:\/\/www.cinesouk.ma\/#organization","name":"CineSouk","url":"https:\/\/www.cinesouk.ma\/","logo":{"@type":"ImageObject","inLanguage":"fr-FR","@id":"https:\/\/www.cinesouk.ma\/#\/schema\/logo\/image\/","url":"https:\/\/www.cinesouk.ma\/wp-content\/uploads\/2024\/01\/CineSouk-logo-v01-alpha-alligned-left.png","contentUrl":"https:\/\/www.cinesouk.ma\/wp-content\/uploads\/2024\/01\/CineSouk-logo-v01-alpha-alligned-left.png","width":3204,"height":889,"caption":"CineSouk"},"image":{"@id":"https:\/\/www.cinesouk.ma\/#\/schema\/logo\/image\/"}}]}},"_links":{"self":[{"href":"https:\/\/www.cinesouk.ma\/fr\/wp-json\/wp\/v2\/product\/2321","targetHints":{"allow":["GET"]}}],"collection":[{"href":"https:\/\/www.cinesouk.ma\/fr\/wp-json\/wp\/v2\/product"}],"about":[{"href":"https:\/\/www.cinesouk.ma\/fr\/wp-json\/wp\/v2\/types\/product"}],"wp:featuredmedia":[{"embeddable":true,"href":"https:\/\/www.cinesouk.ma\/fr\/wp-json\/wp\/v2\/media\/3230"}],"wp:attachment":[{"href":"https:\/\/www.cinesouk.ma\/fr\/wp-json\/wp\/v2\/media?parent=2321"}],"wp:term":[{"taxonomy":"product_brand","embeddable":true,"href":"https:\/\/www.cinesouk.ma\/fr\/wp-json\/wp\/v2\/product_brand?post=2321"},{"taxonomy":"product_cat","embeddable":true,"href":"https:\/\/www.cinesouk.ma\/fr\/wp-json\/wp\/v2\/product_cat?post=2321"},{"taxonomy":"product_tag","embeddable":true,"href":"https:\/\/www.cinesouk.ma\/fr\/wp-json\/wp\/v2\/product_tag?post=2321"}],"curies":[{"name":"wp","href":"https:\/\/api.w.org\/{rel}","templated":true}]}}