{"id":2362,"date":"2024-08-20T17:26:48","date_gmt":"2024-08-20T17:26:48","guid":{"rendered":"https:\/\/www.cinesouk.ma\/?post_type=product&#038;p=2362"},"modified":"2025-09-25T13:27:23","modified_gmt":"2025-09-25T13:27:23","slug":"atomos-ninja-v-5-monitor","status":"publish","type":"product","link":"https:\/\/www.cinesouk.ma\/fr\/produit\/atomos-ninja-v-5-monitor\/","title":{"rendered":"Atomos NINJA V - Moniteur de 5\u2033."},"content":{"rendered":"<p>L'Atomos NINJA V est un moniteur-enregistreur 5 pouces polyvalent qui \u00e9l\u00e8ve votre r\u00e9alisation gr\u00e2ce \u00e0 des fonctionnalit\u00e9s avanc\u00e9es et des performances exceptionnelles. Il est id\u00e9al pour les cr\u00e9ateurs de contenu, offrant un enregistrement 4K HDR, un \u00e9cran \u00e0 haute luminosit\u00e9 et des commandes tactiles conviviales. Il est dot\u00e9 d'un \u00e9cran IPS FRC 10 bits avec une luminosit\u00e9 de 1000 cd\/m\u00b2, ce qui le rend adapt\u00e9 \u00e0 une utilisation en ext\u00e9rieur comme en int\u00e9rieur. La technologie d'affichage NINJA V d'Atomos permet un suivi pr\u00e9cis du champ de tir sans avoir \u00e0 afficher des images plates et d\u00e9lav\u00e9es ou \u00e0 utiliser une table de conversion pour comprimer la gamme dynamique et l'espace colorim\u00e9trique. Le moniteur NINJA V prend en charge les gammes de cam\u00e9ras les plus populaires de Sony, Canon, Panasonic, ARRI, RED et JVC.<\/p>\n<h4><span class=\"title_neCtljXF3z\" data-selenium=\"miniProductPageSellingPointsTitle\">Caract\u00e9ristiques principales :<\/span><\/h4>\n<ul class=\"list_neCtljXF3z\" data-selenium=\"miniProductPageSellingPointsList\">\n<li class=\"element_neCtljXF3z\" data-selenium=\"miniProductPageSellingPointsListItem\">\u00c9cran tactile 1920 x 1080<\/li>\n<li data-selenium=\"miniProductPageSellingPointsListItem\">Dimensions : 15,1 x 9,1 x 3,1 cm : 15,1 x 9,1 x 3,1 cm<\/li>\n<li data-selenium=\"miniProductPageSellingPointsListItem\">Poids : 360 g<\/li>\n<li class=\"element_neCtljXF3z\" data-selenium=\"miniProductPageSellingPointsListItem\">Moniteur de visualisation ext\u00e9rieure 10 bits<\/li>\n<li class=\"element_neCtljXF3z\" data-selenium=\"miniProductPageSellingPointsListItem\">Entr\u00e9e\/sortie HDMI 2.0 4K<\/li>\n<li class=\"element_neCtljXF3z\" data-selenium=\"miniProductPageSellingPointsListItem\">6K30 ProRes RAW avec certaines cam\u00e9ras<\/li>\n<li data-selenium=\"miniProductPageSellingPointsListItem\">Luminosit\u00e9 : 1000 nit (+\/- 10% au centre)<\/li>\n<li data-selenium=\"miniProductPageSellingPointsListItem\">Codecs pris en charge : ProRes \/ DNxHR<\/li>\n<li data-selenium=\"miniProductPageSellingPointsListItem\">IPP : 427<\/li>\n<li data-selenium=\"miniProductPageSellingPointsListItem\">Entr\u00e9e\/sortie vid\u00e9o : HDMI<\/li>\n<li data-selenium=\"miniProductPageSellingPointsListItem\">Sortie audio : Sortie casque 3,5 mm<\/li>\n<li data-selenium=\"miniProductPageSellingPointsListItem\">R\u00e9solution \/ Fr\u00e9quence d'images :\n<ul class=\"list_neCtljXF3z\" data-selenium=\"miniProductPageSellingPointsList\">\n<li data-selenium=\"miniProductPageSellingPointsListItem\">Apple ProRes HQ, 422, LT AVID DNxHR HQX<\/li>\n<li data-selenium=\"miniProductPageSellingPointsListItem\">HQ, SQ, LB<\/li>\n<li data-selenium=\"miniProductPageSellingPointsListItem\">4K DCI ; 24\/25\/30\/50\/60p<\/li>\n<li data-selenium=\"miniProductPageSellingPointsListItem\">4K UHD ; 24\/25\/30\/50\/60p<\/li>\n<li data-selenium=\"miniProductPageSellingPointsListItem\">2K<\/li>\n<li data-selenium=\"miniProductPageSellingPointsListItem\">1080p; 24\/25\/30\/50\/60\/100^\/120^<\/li>\n<li data-selenium=\"miniProductPageSellingPointsListItem\">1080i ; 50\/60i, 720p ; 50\/60p<\/li>\n<\/ul>\n<\/li>\n<\/ul>\n<p>Louez l'Atomos NINJA V maintenant sur <a href=\"https:\/\/www.cinesouk.ma\/fr\">CINESOUK<\/a> - une marque de <a href=\"https:\/\/www.broadway.ma\/\">BROADWAY PRODUCTIONS SARL.<\/a><\/p>","protected":false},"excerpt":{"rendered":"<p>Sp\u00e9cifications<\/p>\n<p>Marque : Atomos<br \/>\nMod\u00e8le : NINJA V<br \/>\nTaille de l'\u00e9cran : 5 pouces<br \/>\nR\u00e9solution d'enregistrement : 4K HDR<br \/>\nCommandes par \u00e9cran tactile<br \/>\nMoniteur-enregistreur polyvalent<br \/>\n\u00c9cran haute luminosit\u00e9<br \/>\nFonctionnalit\u00e9s avanc\u00e9es pour une r\u00e9alisation exceptionnelle.<\/p>","protected":false},"featured_media":8230,"template":"","meta":{"om_disable_all_campaigns":false,"_monsterinsights_skip_tracking":false,"_monsterinsights_sitenote_active":false,"_monsterinsights_sitenote_note":"","_monsterinsights_sitenote_category":0,"_uf_show_specific_survey":0,"_uf_disable_surveys":false},"product_brand":[],"product_cat":[87,30,53,32],"product_tag":[],"class_list":{"0":"post-2362","1":"product","2":"type-product","3":"status-publish","4":"has-post-thumbnail","6":"product_cat-capture-and-recorders-cinesouk","7":"product_cat-monitors-and-screens-cinesouk","8":"product_cat-popular-cinesouk","9":"product_cat-streaming-cinesouk","11":"entry","12":"has-media","14":"first","15":"instock","16":"taxable","17":"shipping-taxable","18":"purchasable","19":"product-type-variable","20":"has-product-nav","21":"col","22":"span_1_of_3","23":"owp-content-center","24":"owp-thumbs-layout-horizontal","25":"owp-btn-normal","26":"owp-tabs-layout-horizontal","27":"has-no-thumbnails"},"yoast_head":"<!-- This site is optimized with the Yoast SEO Premium plugin v26.0 (Yoast SEO v26.0) - https:\/\/yoast.com\/wordpress\/plugins\/seo\/ -->\n<title>Atomos NINJA V - 5&quot; Monitor - CineSouk - For rent<\/title>\n<meta name=\"description\" content=\"Atomos NINJA V: Elevate your filmmaking with a 5-inch monitor-recorder, 4K HDR recording, and intuitive touchscreen controls for content creators.\" \/>\n<meta name=\"robots\" content=\"index, follow, max-snippet:-1, max-image-preview:large, max-video-preview:-1\" \/>\n<link rel=\"canonical\" href=\"https:\/\/www.cinesouk.ma\/fr\/produit\/atomos-ninja-v-5-monitor\/\" \/>\n<meta property=\"og:locale\" content=\"fr_FR\" \/>\n<meta property=\"og:type\" content=\"article\" \/>\n<meta property=\"og:title\" content=\"Atomos NINJA V - 5&quot; Monitor\" \/>\n<meta property=\"og:description\" content=\"Atomos NINJA V: Elevate your filmmaking with a 5-inch monitor-recorder, 4K HDR recording, and intuitive touchscreen controls for content creators.\" \/>\n<meta property=\"og:url\" content=\"https:\/\/www.cinesouk.ma\/fr\/produit\/atomos-ninja-v-5-monitor\/\" \/>\n<meta property=\"og:site_name\" content=\"CineSouk\" \/>\n<meta property=\"article:modified_time\" content=\"2025-09-25T13:27:23+00:00\" \/>\n<meta property=\"og:image\" content=\"https:\/\/www.cinesouk.ma\/wp-content\/uploads\/2024\/08\/niv.jpg\" \/>\n\t<meta property=\"og:image:width\" content=\"300\" \/>\n\t<meta property=\"og:image:height\" content=\"238\" \/>\n\t<meta property=\"og:image:type\" content=\"image\/jpeg\" \/>\n<meta name=\"twitter:card\" content=\"summary_large_image\" \/>\n<meta name=\"twitter:description\" content=\"Atomos NINJA V: Elevate your filmmaking with a 5-inch monitor-recorder, 4K HDR recording, and intuitive touchscreen controls for content creators.\" \/>\n<meta name=\"twitter:label1\" content=\"Dur\u00e9e de lecture estim\u00e9e\" \/>\n\t<meta name=\"twitter:data1\" content=\"2 minutes\" \/>\n<script type=\"application\/ld+json\" class=\"yoast-schema-graph\">{\"@context\":\"https:\/\/schema.org\",\"@graph\":[{\"@type\":\"WebPage\",\"@id\":\"https:\/\/www.cinesouk.ma\/product\/atomos-ninja-v-5-monitor\/\",\"url\":\"https:\/\/www.cinesouk.ma\/product\/atomos-ninja-v-5-monitor\/\",\"name\":\"Atomos NINJA V - 5\\\" Monitor - CineSouk - For rent\",\"isPartOf\":{\"@id\":\"https:\/\/www.cinesouk.ma\/#website\"},\"primaryImageOfPage\":{\"@id\":\"https:\/\/www.cinesouk.ma\/product\/atomos-ninja-v-5-monitor\/#primaryimage\"},\"image\":{\"@id\":\"https:\/\/www.cinesouk.ma\/product\/atomos-ninja-v-5-monitor\/#primaryimage\"},\"thumbnailUrl\":\"https:\/\/www.cinesouk.ma\/wp-content\/uploads\/2024\/08\/niv.jpg\",\"datePublished\":\"2024-08-20T17:26:48+00:00\",\"dateModified\":\"2025-09-25T13:27:23+00:00\",\"description\":\"Atomos NINJA V: Elevate your filmmaking with a 5-inch monitor-recorder, 4K HDR recording, and intuitive touchscreen controls for content creators.\",\"breadcrumb\":{\"@id\":\"https:\/\/www.cinesouk.ma\/product\/atomos-ninja-v-5-monitor\/#breadcrumb\"},\"inLanguage\":\"fr-FR\",\"potentialAction\":[{\"@type\":\"ReadAction\",\"target\":[\"https:\/\/www.cinesouk.ma\/product\/atomos-ninja-v-5-monitor\/\"]}]},{\"@type\":\"ImageObject\",\"inLanguage\":\"fr-FR\",\"@id\":\"https:\/\/www.cinesouk.ma\/product\/atomos-ninja-v-5-monitor\/#primaryimage\",\"url\":\"https:\/\/www.cinesouk.ma\/wp-content\/uploads\/2024\/08\/niv.jpg\",\"contentUrl\":\"https:\/\/www.cinesouk.ma\/wp-content\/uploads\/2024\/08\/niv.jpg\",\"width\":300,\"height\":238},{\"@type\":\"BreadcrumbList\",\"@id\":\"https:\/\/www.cinesouk.ma\/product\/atomos-ninja-v-5-monitor\/#breadcrumb\",\"itemListElement\":[{\"@type\":\"ListItem\",\"position\":1,\"name\":\"Home\",\"item\":\"https:\/\/www.cinesouk.ma\/\"},{\"@type\":\"ListItem\",\"position\":2,\"name\":\"Shop\",\"item\":\"https:\/\/www.cinesouk.ma\/shop\/\"},{\"@type\":\"ListItem\",\"position\":3,\"name\":\"Atomos NINJA V &#8211; 5&#8243; Monitor\"}]},{\"@type\":\"WebSite\",\"@id\":\"https:\/\/www.cinesouk.ma\/#website\",\"url\":\"https:\/\/www.cinesouk.ma\/\",\"name\":\"CineSouk\",\"description\":\"\",\"publisher\":{\"@id\":\"https:\/\/www.cinesouk.ma\/#organization\"},\"potentialAction\":[{\"@type\":\"SearchAction\",\"target\":{\"@type\":\"EntryPoint\",\"urlTemplate\":\"https:\/\/www.cinesouk.ma\/?s={search_term_string}\"},\"query-input\":{\"@type\":\"PropertyValueSpecification\",\"valueRequired\":true,\"valueName\":\"search_term_string\"}}],\"inLanguage\":\"fr-FR\"},{\"@type\":\"Organization\",\"@id\":\"https:\/\/www.cinesouk.ma\/#organization\",\"name\":\"CineSouk\",\"url\":\"https:\/\/www.cinesouk.ma\/\",\"logo\":{\"@type\":\"ImageObject\",\"inLanguage\":\"fr-FR\",\"@id\":\"https:\/\/www.cinesouk.ma\/#\/schema\/logo\/image\/\",\"url\":\"https:\/\/www.cinesouk.ma\/wp-content\/uploads\/2024\/01\/CineSouk-logo-v01-alpha-alligned-left.png\",\"contentUrl\":\"https:\/\/www.cinesouk.ma\/wp-content\/uploads\/2024\/01\/CineSouk-logo-v01-alpha-alligned-left.png\",\"width\":3204,\"height\":889,\"caption\":\"CineSouk\"},\"image\":{\"@id\":\"https:\/\/www.cinesouk.ma\/#\/schema\/logo\/image\/\"}}]}<\/script>\n<!-- \/ Yoast SEO Premium plugin. -->","yoast_head_json":{"title":"Atomos NINJA V - 5\" Monitor - CineSouk - For rent","description":"Atomos NINJA V: Elevate your filmmaking with a 5-inch monitor-recorder, 4K HDR recording, and intuitive touchscreen controls for content creators.","robots":{"index":"index","follow":"follow","max-snippet":"max-snippet:-1","max-image-preview":"max-image-preview:large","max-video-preview":"max-video-preview:-1"},"canonical":"https:\/\/www.cinesouk.ma\/fr\/produit\/atomos-ninja-v-5-monitor\/","og_locale":"fr_FR","og_type":"article","og_title":"Atomos NINJA V - 5\" Monitor","og_description":"Atomos NINJA V: Elevate your filmmaking with a 5-inch monitor-recorder, 4K HDR recording, and intuitive touchscreen controls for content creators.","og_url":"https:\/\/www.cinesouk.ma\/fr\/produit\/atomos-ninja-v-5-monitor\/","og_site_name":"CineSouk","article_modified_time":"2025-09-25T13:27:23+00:00","og_image":[{"width":300,"height":238,"url":"https:\/\/www.cinesouk.ma\/wp-content\/uploads\/2024\/08\/niv.jpg","type":"image\/jpeg"}],"twitter_card":"summary_large_image","twitter_description":"Atomos NINJA V: Elevate your filmmaking with a 5-inch monitor-recorder, 4K HDR recording, and intuitive touchscreen controls for content creators.","twitter_misc":{"Dur\u00e9e de lecture estim\u00e9e":"2 minutes"},"schema":{"@context":"https:\/\/schema.org","@graph":[{"@type":"WebPage","@id":"https:\/\/www.cinesouk.ma\/product\/atomos-ninja-v-5-monitor\/","url":"https:\/\/www.cinesouk.ma\/product\/atomos-ninja-v-5-monitor\/","name":"Atomos NINJA V - 5\" Monitor - CineSouk - For rent","isPartOf":{"@id":"https:\/\/www.cinesouk.ma\/#website"},"primaryImageOfPage":{"@id":"https:\/\/www.cinesouk.ma\/product\/atomos-ninja-v-5-monitor\/#primaryimage"},"image":{"@id":"https:\/\/www.cinesouk.ma\/product\/atomos-ninja-v-5-monitor\/#primaryimage"},"thumbnailUrl":"https:\/\/www.cinesouk.ma\/wp-content\/uploads\/2024\/08\/niv.jpg","datePublished":"2024-08-20T17:26:48+00:00","dateModified":"2025-09-25T13:27:23+00:00","description":"Atomos NINJA V: Elevate your filmmaking with a 5-inch monitor-recorder, 4K HDR recording, and intuitive touchscreen controls for content creators.","breadcrumb":{"@id":"https:\/\/www.cinesouk.ma\/product\/atomos-ninja-v-5-monitor\/#breadcrumb"},"inLanguage":"fr-FR","potentialAction":[{"@type":"ReadAction","target":["https:\/\/www.cinesouk.ma\/product\/atomos-ninja-v-5-monitor\/"]}]},{"@type":"ImageObject","inLanguage":"fr-FR","@id":"https:\/\/www.cinesouk.ma\/product\/atomos-ninja-v-5-monitor\/#primaryimage","url":"https:\/\/www.cinesouk.ma\/wp-content\/uploads\/2024\/08\/niv.jpg","contentUrl":"https:\/\/www.cinesouk.ma\/wp-content\/uploads\/2024\/08\/niv.jpg","width":300,"height":238},{"@type":"BreadcrumbList","@id":"https:\/\/www.cinesouk.ma\/product\/atomos-ninja-v-5-monitor\/#breadcrumb","itemListElement":[{"@type":"ListItem","position":1,"name":"Home","item":"https:\/\/www.cinesouk.ma\/"},{"@type":"ListItem","position":2,"name":"Shop","item":"https:\/\/www.cinesouk.ma\/shop\/"},{"@type":"ListItem","position":3,"name":"Atomos NINJA V &#8211; 5&#8243; Monitor"}]},{"@type":"WebSite","@id":"https:\/\/www.cinesouk.ma\/#website","url":"https:\/\/www.cinesouk.ma\/","name":"CineSouk","description":"","publisher":{"@id":"https:\/\/www.cinesouk.ma\/#organization"},"potentialAction":[{"@type":"SearchAction","target":{"@type":"EntryPoint","urlTemplate":"https:\/\/www.cinesouk.ma\/?s={search_term_string}"},"query-input":{"@type":"PropertyValueSpecification","valueRequired":true,"valueName":"search_term_string"}}],"inLanguage":"fr-FR"},{"@type":"Organization","@id":"https:\/\/www.cinesouk.ma\/#organization","name":"CineSouk","url":"https:\/\/www.cinesouk.ma\/","logo":{"@type":"ImageObject","inLanguage":"fr-FR","@id":"https:\/\/www.cinesouk.ma\/#\/schema\/logo\/image\/","url":"https:\/\/www.cinesouk.ma\/wp-content\/uploads\/2024\/01\/CineSouk-logo-v01-alpha-alligned-left.png","contentUrl":"https:\/\/www.cinesouk.ma\/wp-content\/uploads\/2024\/01\/CineSouk-logo-v01-alpha-alligned-left.png","width":3204,"height":889,"caption":"CineSouk"},"image":{"@id":"https:\/\/www.cinesouk.ma\/#\/schema\/logo\/image\/"}}]}},"_links":{"self":[{"href":"https:\/\/www.cinesouk.ma\/fr\/wp-json\/wp\/v2\/product\/2362","targetHints":{"allow":["GET"]}}],"collection":[{"href":"https:\/\/www.cinesouk.ma\/fr\/wp-json\/wp\/v2\/product"}],"about":[{"href":"https:\/\/www.cinesouk.ma\/fr\/wp-json\/wp\/v2\/types\/product"}],"wp:featuredmedia":[{"embeddable":true,"href":"https:\/\/www.cinesouk.ma\/fr\/wp-json\/wp\/v2\/media\/8230"}],"wp:attachment":[{"href":"https:\/\/www.cinesouk.ma\/fr\/wp-json\/wp\/v2\/media?parent=2362"}],"wp:term":[{"taxonomy":"product_brand","embeddable":true,"href":"https:\/\/www.cinesouk.ma\/fr\/wp-json\/wp\/v2\/product_brand?post=2362"},{"taxonomy":"product_cat","embeddable":true,"href":"https:\/\/www.cinesouk.ma\/fr\/wp-json\/wp\/v2\/product_cat?post=2362"},{"taxonomy":"product_tag","embeddable":true,"href":"https:\/\/www.cinesouk.ma\/fr\/wp-json\/wp\/v2\/product_tag?post=2362"}],"curies":[{"name":"wp","href":"https:\/\/api.w.org\/{rel}","templated":true}]}}