{"id":252,"date":"2024-01-09T10:23:05","date_gmt":"2024-01-09T10:23:05","guid":{"rendered":"https:\/\/www.cinesouk.ma\/?post_type=product&#038;p=252"},"modified":"2025-08-26T14:56:53","modified_gmt":"2025-08-26T14:56:53","slug":"sennheiser-beltpack-set-lavalier-eng","status":"publish","type":"product","link":"https:\/\/www.cinesouk.ma\/fr\/produit\/sennheiser-beltpack-set-lavalier-eng\/","title":{"rendered":"Sennheiser Beltpack Lavalier Set"},"content":{"rendered":"<p>L'ensemble de Lavalier Beltpack de Sennheiser comprend trois \u00e9l\u00e9ments cl\u00e9s : l'EK 500 G4 AW+, le SK 500 G4 AW+ et le microphone MKE 2. Chaque \u00e9l\u00e9ment est con\u00e7u pour am\u00e9liorer votre exp\u00e9rience audio, ce qui rend cet ensemble id\u00e9al pour une utilisation professionnelle.<\/p>\n<h3>EK 500 G4 AW+<\/h3>\n<p>Tout d'abord, l'EK 500 G4 AW+ est un puissant r\u00e9cepteur pour cam\u00e9ra noire. Il dispose d'une bande passante et d'une puissance d'\u00e9mission accrues, ce qui le rend adapt\u00e9 aux syst\u00e8mes sans fil evolution de la s\u00e9rie G4 500P. En outre, il est con\u00e7u pour les productions cin\u00e9matographiques professionnelles, et peut donc \u00eatre facilement mont\u00e9 sur n'importe quelle cam\u00e9ra.<\/p>\n<p><strong>Caract\u00e9ristiques principales :<\/strong><\/p>\n<ul>\n<li>Un son professionnel et une excellente qualit\u00e9 de construction<\/li>\n<li>Facile \u00e0 utiliser et rapide \u00e0 mettre en place<\/li>\n<li>Synchronisation flexible et sans fil entre l'\u00e9metteur et le r\u00e9cepteur par infrarouge<\/li>\n<li>Largeur de bande jusqu'\u00e0 88 MHz avec jusqu'\u00e0 32 canaux<\/li>\n<li>Port\u00e9e impressionnante jusqu'\u00e0 100 m\u00e8tres (330 pieds)<\/li>\n<li>Puissance de sortie RF accrue (10\/30\/50 mW)<\/li>\n<li>Jusqu'\u00e0 8 heures d'autonomie<\/li>\n<\/ul>\n<h3>SK 500 G4 AW+<\/h3>\n<p>Ensuite, le SK 500 G4 AW+ est un puissant \u00e9metteur de poche. Il dispose d'une bande passante \u00e9largie et d'une puissance d'\u00e9mission accrue, ce qui le rend pr\u00eat \u00e0 conqu\u00e9rir les plus grandes sc\u00e8nes du monde. Cet appareil fonctionne \u00e9galement en toute transparence avec les syst\u00e8mes sans fil evolution de la s\u00e9rie G4 500.<\/p>\n<p><strong>Caract\u00e9ristiques principales :<\/strong><\/p>\n<ul>\n<li>Gamme de fr\u00e9quences : Bande AW+ (470 - 558 MHz)<\/li>\n<li>R\u00e9ponse en fr\u00e9quence : 25 - 18 000 Hz<\/li>\n<li>Transmission de fr\u00e9quences par interface infrarouge<\/li>\n<li>Contacts de charge pour la batterie rechargeable BA 2015 (NiMH) optionnelle (non incluse)<\/li>\n<li>Tonalit\u00e9 pilote pour un fonctionnement stable<\/li>\n<li>Indicateur de batterie \u00e0 4 chiffres pour un contr\u00f4le facile<\/li>\n<\/ul>\n<h3>MKE 2<\/h3>\n<p>Enfin, le microphone MKE 2 rel\u00e8ve le d\u00e9fi de l'enregistrement audio dans les environnements bruyants. Gr\u00e2ce \u00e0 sa capsule de microphone directionnelle, il donne du corps et de la clart\u00e9 \u00e0 votre voix. De plus, une bonnette anti-vent int\u00e9gr\u00e9e et un support antichoc garantissent des enregistrements plus nets que jamais. Ce microphone est suffisamment compact et \u00e9l\u00e9gant pour \u00eatre install\u00e9 sur votre appareil photo ou votre t\u00e9l\u00e9phone, garantissant ainsi un meilleur son pour chaque vid\u00e9o que vous enregistrez.<\/p>\n<p><strong>Caract\u00e9ristiques principales :<\/strong><\/p>\n<ul>\n<li>La conception \u00e0 double diaphragme \u00e9limine pratiquement tout risque de \"transpiration\".<\/li>\n<li>Le c\u00e2ble robuste offre une r\u00e9sistance maximale et un faible bruit de contact<\/li>\n<li>Egalisation acoustique gr\u00e2ce aux embouts fournis<\/li>\n<li>Mod\u00e8le de prise de son omnidirectionnel<\/li>\n<li>R\u00e9ponse en fr\u00e9quence de 20 \u00e0 20 000 Hz<\/li>\n<li>Sensibilit\u00e9 de 5 mV\/Pa<\/li>\n<li>Couleur : noir<\/li>\n<li>Connecteur verrouillable de 3,5 mm pour une fixation s\u00fbre<\/li>\n<\/ul>\n<p>En conclusion, l'ensemble Beltpack Lavalier de Sennheiser est une solution compl\u00e8te pour un enregistrement audio de haute qualit\u00e9. Que vous filmiez une production professionnelle ou que vous capturiez du contenu en d\u00e9placement, cet ensemble fournit les outils dont vous avez besoin pour obtenir un son exceptionnel.<\/p>\n<p>Louez l'ensemble Sennheiser Beltpack Lavalier Set maintenant sur <a href=\"https:\/\/www.cinesouk.ma\/fr\">CINESOUK<\/a> - une marque de <a href=\"https:\/\/www.broadway.ma\/\">BROADWAY PRODUCTIONS SARL.<\/a><\/p>","protected":false},"excerpt":{"rendered":"<p>Sp\u00e9cifications<\/p>\n<p><strong>EK 500 G4 AW+<\/strong><\/p>\n<ul>\n<li><strong>Bande de fr\u00e9quence :<\/strong> 470 \u00e0 558 MHz<\/li>\n<li><strong>Fr\u00e9quence de r\u00e9ception :<\/strong> Max 3520 fr\u00e9quences de r\u00e9ception, r\u00e9glables par pas de 25 MHz<br \/>\n20 banques de fr\u00e9quences, chacune pouvant contenir jusqu'\u00e0 32 canaux pr\u00e9r\u00e9gl\u00e9s en usine<\/li>\n<li><strong>Dur\u00e9e de fonctionnement :<\/strong> 8 heures<\/li>\n<\/ul>\n<p>&nbsp;<\/p>\n<p><span data-sheets-value=\"{&quot;1&quot;:2,&quot;2&quot;:&quot;Lens Mount: B4 2\/3&quot;nDynamic range: 12 Stops nFrame rates: up to 60fps nShooting resolutions: 3840 x 2160, 1920 x 1080nVideo input: 1x SDInVideo output: 1x SDI, 1x SDI monitoring nAudio input: 2x XLRnAudio output: 1x 3.5mm headphone jack n&quot;}\" data-sheets-userformat=\"{&quot;2&quot;:13251,&quot;3&quot;:{&quot;1&quot;:0},&quot;4&quot;:{&quot;1&quot;:2,&quot;2&quot;:15987699},&quot;9&quot;:1,&quot;10&quot;:1,&quot;11&quot;:4,&quot;12&quot;:0,&quot;15&quot;:&quot;Helvetica&quot;,&quot;16&quot;:10}\" data-sheets-textstyleruns=\"{&quot;1&quot;:0,&quot;2&quot;:{&quot;5&quot;:1}}\uee10{&quot;1&quot;:12}\uee10{&quot;1&quot;:20,&quot;2&quot;:{&quot;5&quot;:1}}\uee10{&quot;1&quot;:35}\uee10{&quot;1&quot;:46,&quot;2&quot;:{&quot;5&quot;:1}}\uee10{&quot;1&quot;:58}\uee10{&quot;1&quot;:72,&quot;2&quot;:{&quot;5&quot;:1}}\uee10{&quot;1&quot;:93}\uee10{&quot;1&quot;:119,&quot;2&quot;:{&quot;5&quot;:1}}\uee10{&quot;1&quot;:131}\uee10{&quot;1&quot;:139,&quot;2&quot;:{&quot;5&quot;:1}}\uee10{&quot;1&quot;:152}\uee10{&quot;1&quot;:180,&quot;2&quot;:{&quot;5&quot;:1}}\uee10{&quot;1&quot;:192}\uee10{&quot;1&quot;:200,&quot;2&quot;:{&quot;5&quot;:1}}\uee10{&quot;1&quot;:214}\"><strong>SK 500 G4 AW+<\/strong><\/span><\/p>\n<ul>\n<li><span data-sheets-value=\"{&quot;1&quot;:2,&quot;2&quot;:&quot;Lens Mount: B4 2\/3&quot;nDynamic range: 12 Stops nFrame rates: up to 60fps nShooting resolutions: 3840 x 2160, 1920 x 1080nVideo input: 1x SDInVideo output: 1x SDI, 1x SDI monitoring nAudio input: 2x XLRnAudio output: 1x 3.5mm headphone jack n&quot;}\" data-sheets-userformat=\"{&quot;2&quot;:13251,&quot;3&quot;:{&quot;1&quot;:0},&quot;4&quot;:{&quot;1&quot;:2,&quot;2&quot;:15987699},&quot;9&quot;:1,&quot;10&quot;:1,&quot;11&quot;:4,&quot;12&quot;:0,&quot;15&quot;:&quot;Helvetica&quot;,&quot;16&quot;:10}\" data-sheets-textstyleruns=\"{&quot;1&quot;:0,&quot;2&quot;:{&quot;5&quot;:1}}\uee10{&quot;1&quot;:12}\uee10{&quot;1&quot;:20,&quot;2&quot;:{&quot;5&quot;:1}}\uee10{&quot;1&quot;:35}\uee10{&quot;1&quot;:46,&quot;2&quot;:{&quot;5&quot;:1}}\uee10{&quot;1&quot;:58}\uee10{&quot;1&quot;:72,&quot;2&quot;:{&quot;5&quot;:1}}\uee10{&quot;1&quot;:93}\uee10{&quot;1&quot;:119,&quot;2&quot;:{&quot;5&quot;:1}}\uee10{&quot;1&quot;:131}\uee10{&quot;1&quot;:139,&quot;2&quot;:{&quot;5&quot;:1}}\uee10{&quot;1&quot;:152}\uee10{&quot;1&quot;:180,&quot;2&quot;:{&quot;5&quot;:1}}\uee10{&quot;1&quot;:192}\uee10{&quot;1&quot;:200,&quot;2&quot;:{&quot;5&quot;:1}}\uee10{&quot;1&quot;:214}\"><strong>Gamme de fr\u00e9quences :<\/strong> 470 - 558 MHz<\/span><\/li>\n<li><span data-sheets-value=\"{&quot;1&quot;:2,&quot;2&quot;:&quot;Lens Mount: B4 2\/3&quot;nDynamic range: 12 Stops nFrame rates: up to 60fps nShooting resolutions: 3840 x 2160, 1920 x 1080nVideo input: 1x SDInVideo output: 1x SDI, 1x SDI monitoring nAudio input: 2x XLRnAudio output: 1x 3.5mm headphone jack n&quot;}\" data-sheets-userformat=\"{&quot;2&quot;:13251,&quot;3&quot;:{&quot;1&quot;:0},&quot;4&quot;:{&quot;1&quot;:2,&quot;2&quot;:15987699},&quot;9&quot;:1,&quot;10&quot;:1,&quot;11&quot;:4,&quot;12&quot;:0,&quot;15&quot;:&quot;Helvetica&quot;,&quot;16&quot;:10}\" data-sheets-textstyleruns=\"{&quot;1&quot;:0,&quot;2&quot;:{&quot;5&quot;:1}}\uee10{&quot;1&quot;:12}\uee10{&quot;1&quot;:20,&quot;2&quot;:{&quot;5&quot;:1}}\uee10{&quot;1&quot;:35}\uee10{&quot;1&quot;:46,&quot;2&quot;:{&quot;5&quot;:1}}\uee10{&quot;1&quot;:58}\uee10{&quot;1&quot;:72,&quot;2&quot;:{&quot;5&quot;:1}}\uee10{&quot;1&quot;:93}\uee10{&quot;1&quot;:119,&quot;2&quot;:{&quot;5&quot;:1}}\uee10{&quot;1&quot;:131}\uee10{&quot;1&quot;:139,&quot;2&quot;:{&quot;5&quot;:1}}\uee10{&quot;1&quot;:152}\uee10{&quot;1&quot;:180,&quot;2&quot;:{&quot;5&quot;:1}}\uee10{&quot;1&quot;:192}\uee10{&quot;1&quot;:200,&quot;2&quot;:{&quot;5&quot;:1}}\uee10{&quot;1&quot;:214}\"><strong>Dur\u00e9e de fonctionnement :<\/strong> 8h<\/span><\/li>\n<\/ul>\n<p>&nbsp;<\/p>\n<p><strong>MKE 2<\/strong><\/p>\n<ul>\n<li><strong>R\u00e9ponse en fr\u00e9quence :<\/strong> 20 - 2000 Hz<\/li>\n<\/ul>","protected":false},"featured_media":282,"template":"","meta":{"om_disable_all_campaigns":false,"_monsterinsights_skip_tracking":false,"_monsterinsights_sitenote_active":false,"_monsterinsights_sitenote_note":"","_monsterinsights_sitenote_category":0,"_uf_show_specific_survey":0,"_uf_disable_surveys":false},"product_brand":[],"product_cat":[83,86,35],"product_tag":[],"class_list":{"0":"post-252","1":"product","2":"type-product","3":"status-publish","4":"has-post-thumbnail","6":"product_cat-efp-eng-cinesouk","7":"product_cat-foh-cinesouk","8":"product_cat-sound-cinesouk","10":"entry","11":"has-media","13":"first","14":"instock","15":"taxable","16":"shipping-taxable","17":"purchasable","18":"product-type-variable","19":"has-product-nav","20":"col","21":"span_1_of_3","22":"owp-content-center","23":"owp-thumbs-layout-horizontal","24":"owp-btn-normal","25":"owp-tabs-layout-horizontal","26":"has-no-thumbnails"},"yoast_head":"<!-- This site is optimized with the Yoast SEO Premium plugin v26.0 (Yoast SEO v26.0) - https:\/\/yoast.com\/wordpress\/plugins\/seo\/ -->\n<title>Sennheiser Beltpack Lavalier Set - CineSouk - For rent<\/title>\n<meta name=\"description\" content=\"The Sennheiser Beltpack Set Lavalier ENG consists of a powerful camera receiver, a bodypack transmitter and a lavalier microphone.\" \/>\n<meta name=\"robots\" content=\"index, follow, max-snippet:-1, max-image-preview:large, max-video-preview:-1\" \/>\n<link rel=\"canonical\" href=\"https:\/\/www.cinesouk.ma\/fr\/produit\/sennheiser-beltpack-set-lavalier-eng\/\" \/>\n<meta property=\"og:locale\" content=\"fr_FR\" \/>\n<meta property=\"og:type\" content=\"article\" \/>\n<meta property=\"og:title\" content=\"Sennheiser Beltpack Set Lavalier ENG\" \/>\n<meta property=\"og:description\" content=\"The Sennheiser Beltpack Set Lavalier ENG includes a Powerful camera receiver, a bodypack transmitter and a lavalier microphone.\" \/>\n<meta property=\"og:url\" content=\"https:\/\/www.cinesouk.ma\/fr\/produit\/sennheiser-beltpack-set-lavalier-eng\/\" \/>\n<meta property=\"og:site_name\" content=\"CineSouk\" \/>\n<meta property=\"article:modified_time\" content=\"2025-08-26T14:56:53+00:00\" \/>\n<meta name=\"twitter:card\" content=\"summary_large_image\" \/>\n<meta name=\"twitter:title\" content=\"Sennheiser Beltpack Set Lavalier ENG\" \/>\n<meta name=\"twitter:description\" content=\"The Sennheiser Beltpack Set Lavalier ENG includes a Powerful camera receiver, a bodypack transmitter and a lavalier microphone.\" \/>\n<meta name=\"twitter:image\" content=\"https:\/\/www.cinesouk.ma\/wp-content\/uploads\/2024\/01\/Sennheiser-Beltpack-LAV-ENG.jpg\" \/>\n<meta name=\"twitter:label1\" content=\"Dur\u00e9e de lecture estim\u00e9e\" \/>\n\t<meta name=\"twitter:data1\" content=\"2 minutes\" \/>\n<script type=\"application\/ld+json\" class=\"yoast-schema-graph\">{\"@context\":\"https:\/\/schema.org\",\"@graph\":[{\"@type\":\"WebPage\",\"@id\":\"https:\/\/www.cinesouk.ma\/product\/sennheiser-beltpack-set-lavalier-eng\/\",\"url\":\"https:\/\/www.cinesouk.ma\/product\/sennheiser-beltpack-set-lavalier-eng\/\",\"name\":\"Sennheiser Beltpack Lavalier Set - CineSouk - For rent\",\"isPartOf\":{\"@id\":\"https:\/\/www.cinesouk.ma\/#website\"},\"primaryImageOfPage\":{\"@id\":\"https:\/\/www.cinesouk.ma\/product\/sennheiser-beltpack-set-lavalier-eng\/#primaryimage\"},\"image\":{\"@id\":\"https:\/\/www.cinesouk.ma\/product\/sennheiser-beltpack-set-lavalier-eng\/#primaryimage\"},\"thumbnailUrl\":\"https:\/\/www.cinesouk.ma\/wp-content\/uploads\/2024\/01\/Sennheiser-Beltpack-LAV-ENG.jpg\",\"datePublished\":\"2024-01-09T10:23:05+00:00\",\"dateModified\":\"2025-08-26T14:56:53+00:00\",\"description\":\"The Sennheiser Beltpack Set Lavalier ENG consists of a powerful camera receiver, a bodypack transmitter and a lavalier microphone.\",\"breadcrumb\":{\"@id\":\"https:\/\/www.cinesouk.ma\/product\/sennheiser-beltpack-set-lavalier-eng\/#breadcrumb\"},\"inLanguage\":\"fr-FR\",\"potentialAction\":[{\"@type\":\"ReadAction\",\"target\":[\"https:\/\/www.cinesouk.ma\/product\/sennheiser-beltpack-set-lavalier-eng\/\"]}]},{\"@type\":\"ImageObject\",\"inLanguage\":\"fr-FR\",\"@id\":\"https:\/\/www.cinesouk.ma\/product\/sennheiser-beltpack-set-lavalier-eng\/#primaryimage\",\"url\":\"https:\/\/www.cinesouk.ma\/wp-content\/uploads\/2024\/01\/Sennheiser-Beltpack-LAV-ENG.jpg\",\"contentUrl\":\"https:\/\/www.cinesouk.ma\/wp-content\/uploads\/2024\/01\/Sennheiser-Beltpack-LAV-ENG.jpg\",\"width\":300,\"height\":238,\"caption\":\"Sennheiser Beltpack Set Lavalier\"},{\"@type\":\"BreadcrumbList\",\"@id\":\"https:\/\/www.cinesouk.ma\/product\/sennheiser-beltpack-set-lavalier-eng\/#breadcrumb\",\"itemListElement\":[{\"@type\":\"ListItem\",\"position\":1,\"name\":\"Home\",\"item\":\"https:\/\/www.cinesouk.ma\/\"},{\"@type\":\"ListItem\",\"position\":2,\"name\":\"Shop\",\"item\":\"https:\/\/www.cinesouk.ma\/shop\/\"},{\"@type\":\"ListItem\",\"position\":3,\"name\":\"Sennheiser Beltpack Lavalier Set\"}]},{\"@type\":\"WebSite\",\"@id\":\"https:\/\/www.cinesouk.ma\/#website\",\"url\":\"https:\/\/www.cinesouk.ma\/\",\"name\":\"CineSouk\",\"description\":\"\",\"publisher\":{\"@id\":\"https:\/\/www.cinesouk.ma\/#organization\"},\"potentialAction\":[{\"@type\":\"SearchAction\",\"target\":{\"@type\":\"EntryPoint\",\"urlTemplate\":\"https:\/\/www.cinesouk.ma\/?s={search_term_string}\"},\"query-input\":{\"@type\":\"PropertyValueSpecification\",\"valueRequired\":true,\"valueName\":\"search_term_string\"}}],\"inLanguage\":\"fr-FR\"},{\"@type\":\"Organization\",\"@id\":\"https:\/\/www.cinesouk.ma\/#organization\",\"name\":\"CineSouk\",\"url\":\"https:\/\/www.cinesouk.ma\/\",\"logo\":{\"@type\":\"ImageObject\",\"inLanguage\":\"fr-FR\",\"@id\":\"https:\/\/www.cinesouk.ma\/#\/schema\/logo\/image\/\",\"url\":\"https:\/\/www.cinesouk.ma\/wp-content\/uploads\/2024\/01\/CineSouk-logo-v01-alpha-alligned-left.png\",\"contentUrl\":\"https:\/\/www.cinesouk.ma\/wp-content\/uploads\/2024\/01\/CineSouk-logo-v01-alpha-alligned-left.png\",\"width\":3204,\"height\":889,\"caption\":\"CineSouk\"},\"image\":{\"@id\":\"https:\/\/www.cinesouk.ma\/#\/schema\/logo\/image\/\"}}]}<\/script>\n<!-- \/ Yoast SEO Premium plugin. -->","yoast_head_json":{"title":"Sennheiser Beltpack Lavalier Set - CineSouk - For rent","description":"The Sennheiser Beltpack Set Lavalier ENG consists of a powerful camera receiver, a bodypack transmitter and a lavalier microphone.","robots":{"index":"index","follow":"follow","max-snippet":"max-snippet:-1","max-image-preview":"max-image-preview:large","max-video-preview":"max-video-preview:-1"},"canonical":"https:\/\/www.cinesouk.ma\/fr\/produit\/sennheiser-beltpack-set-lavalier-eng\/","og_locale":"fr_FR","og_type":"article","og_title":"Sennheiser Beltpack Set Lavalier ENG","og_description":"The Sennheiser Beltpack Set Lavalier ENG includes a Powerful camera receiver, a bodypack transmitter and a lavalier microphone.","og_url":"https:\/\/www.cinesouk.ma\/fr\/produit\/sennheiser-beltpack-set-lavalier-eng\/","og_site_name":"CineSouk","article_modified_time":"2025-08-26T14:56:53+00:00","twitter_card":"summary_large_image","twitter_title":"Sennheiser Beltpack Set Lavalier ENG","twitter_description":"The Sennheiser Beltpack Set Lavalier ENG includes a Powerful camera receiver, a bodypack transmitter and a lavalier microphone.","twitter_image":"https:\/\/www.cinesouk.ma\/wp-content\/uploads\/2024\/01\/Sennheiser-Beltpack-LAV-ENG.jpg","twitter_misc":{"Dur\u00e9e de lecture estim\u00e9e":"2 minutes"},"schema":{"@context":"https:\/\/schema.org","@graph":[{"@type":"WebPage","@id":"https:\/\/www.cinesouk.ma\/product\/sennheiser-beltpack-set-lavalier-eng\/","url":"https:\/\/www.cinesouk.ma\/product\/sennheiser-beltpack-set-lavalier-eng\/","name":"Sennheiser Beltpack Lavalier Set - CineSouk - For rent","isPartOf":{"@id":"https:\/\/www.cinesouk.ma\/#website"},"primaryImageOfPage":{"@id":"https:\/\/www.cinesouk.ma\/product\/sennheiser-beltpack-set-lavalier-eng\/#primaryimage"},"image":{"@id":"https:\/\/www.cinesouk.ma\/product\/sennheiser-beltpack-set-lavalier-eng\/#primaryimage"},"thumbnailUrl":"https:\/\/www.cinesouk.ma\/wp-content\/uploads\/2024\/01\/Sennheiser-Beltpack-LAV-ENG.jpg","datePublished":"2024-01-09T10:23:05+00:00","dateModified":"2025-08-26T14:56:53+00:00","description":"The Sennheiser Beltpack Set Lavalier ENG consists of a powerful camera receiver, a bodypack transmitter and a lavalier microphone.","breadcrumb":{"@id":"https:\/\/www.cinesouk.ma\/product\/sennheiser-beltpack-set-lavalier-eng\/#breadcrumb"},"inLanguage":"fr-FR","potentialAction":[{"@type":"ReadAction","target":["https:\/\/www.cinesouk.ma\/product\/sennheiser-beltpack-set-lavalier-eng\/"]}]},{"@type":"ImageObject","inLanguage":"fr-FR","@id":"https:\/\/www.cinesouk.ma\/product\/sennheiser-beltpack-set-lavalier-eng\/#primaryimage","url":"https:\/\/www.cinesouk.ma\/wp-content\/uploads\/2024\/01\/Sennheiser-Beltpack-LAV-ENG.jpg","contentUrl":"https:\/\/www.cinesouk.ma\/wp-content\/uploads\/2024\/01\/Sennheiser-Beltpack-LAV-ENG.jpg","width":300,"height":238,"caption":"Sennheiser Beltpack Set Lavalier"},{"@type":"BreadcrumbList","@id":"https:\/\/www.cinesouk.ma\/product\/sennheiser-beltpack-set-lavalier-eng\/#breadcrumb","itemListElement":[{"@type":"ListItem","position":1,"name":"Home","item":"https:\/\/www.cinesouk.ma\/"},{"@type":"ListItem","position":2,"name":"Shop","item":"https:\/\/www.cinesouk.ma\/shop\/"},{"@type":"ListItem","position":3,"name":"Sennheiser Beltpack Lavalier Set"}]},{"@type":"WebSite","@id":"https:\/\/www.cinesouk.ma\/#website","url":"https:\/\/www.cinesouk.ma\/","name":"CineSouk","description":"","publisher":{"@id":"https:\/\/www.cinesouk.ma\/#organization"},"potentialAction":[{"@type":"SearchAction","target":{"@type":"EntryPoint","urlTemplate":"https:\/\/www.cinesouk.ma\/?s={search_term_string}"},"query-input":{"@type":"PropertyValueSpecification","valueRequired":true,"valueName":"search_term_string"}}],"inLanguage":"fr-FR"},{"@type":"Organization","@id":"https:\/\/www.cinesouk.ma\/#organization","name":"CineSouk","url":"https:\/\/www.cinesouk.ma\/","logo":{"@type":"ImageObject","inLanguage":"fr-FR","@id":"https:\/\/www.cinesouk.ma\/#\/schema\/logo\/image\/","url":"https:\/\/www.cinesouk.ma\/wp-content\/uploads\/2024\/01\/CineSouk-logo-v01-alpha-alligned-left.png","contentUrl":"https:\/\/www.cinesouk.ma\/wp-content\/uploads\/2024\/01\/CineSouk-logo-v01-alpha-alligned-left.png","width":3204,"height":889,"caption":"CineSouk"},"image":{"@id":"https:\/\/www.cinesouk.ma\/#\/schema\/logo\/image\/"}}]}},"_links":{"self":[{"href":"https:\/\/www.cinesouk.ma\/fr\/wp-json\/wp\/v2\/product\/252","targetHints":{"allow":["GET"]}}],"collection":[{"href":"https:\/\/www.cinesouk.ma\/fr\/wp-json\/wp\/v2\/product"}],"about":[{"href":"https:\/\/www.cinesouk.ma\/fr\/wp-json\/wp\/v2\/types\/product"}],"wp:featuredmedia":[{"embeddable":true,"href":"https:\/\/www.cinesouk.ma\/fr\/wp-json\/wp\/v2\/media\/282"}],"wp:attachment":[{"href":"https:\/\/www.cinesouk.ma\/fr\/wp-json\/wp\/v2\/media?parent=252"}],"wp:term":[{"taxonomy":"product_brand","embeddable":true,"href":"https:\/\/www.cinesouk.ma\/fr\/wp-json\/wp\/v2\/product_brand?post=252"},{"taxonomy":"product_cat","embeddable":true,"href":"https:\/\/www.cinesouk.ma\/fr\/wp-json\/wp\/v2\/product_cat?post=252"},{"taxonomy":"product_tag","embeddable":true,"href":"https:\/\/www.cinesouk.ma\/fr\/wp-json\/wp\/v2\/product_tag?post=252"}],"curies":[{"name":"wp","href":"https:\/\/api.w.org\/{rel}","templated":true}]}}