{"id":262,"date":"2024-01-09T10:23:07","date_gmt":"2024-01-09T10:23:07","guid":{"rendered":"https:\/\/www.cinesouk.ma\/?post_type=product&#038;p=262"},"modified":"2025-08-26T14:56:53","modified_gmt":"2025-08-26T14:56:53","slug":"sennheiser-sk-500-g4-aw-receiver-and-transmitter-set","status":"publish","type":"product","link":"https:\/\/www.cinesouk.ma\/fr\/produit\/sennheiser-sk-500-g4-aw-receiver-and-transmitter-set\/","title":{"rendered":"Sennheiser SK 500 G4 AW+ Ensemble \u00e9metteur-r\u00e9cepteur"},"content":{"rendered":"<p>L'ensemble r\u00e9cepteur et \u00e9metteur Sennheiser SK 500 G4 AW+ est un tout-en-un sans fil destin\u00e9 aux productions cin\u00e9matographiques professionnelles. Il se compose du r\u00e9cepteur de cam\u00e9ra professionnel EK 500 G4, de l'\u00e9metteur de poche professionnel SK 500 G4 et du microphone \u00e0 pince MKE 2 Gold \u00e0 caract\u00e9ristique omnidirectionnelle. L'ensemble est dot\u00e9 d'une technologie sans fil avanc\u00e9e, offrant une connectivit\u00e9 audio transparente pour vos performances ou pr\u00e9sentations. Gr\u00e2ce \u00e0 sa qualit\u00e9 sonore exceptionnelle, vous pouvez profiter d'une clart\u00e9 audio in\u00e9gal\u00e9e. Con\u00e7u dans un souci de fiabilit\u00e9, ce microphone est parfait pour diverses applications, des r\u00e9unions d'entreprise aux repr\u00e9sentations en direct.<\/p>\n<h3>Caract\u00e9ristiques principales de l'ensemble de microphones Sennheiser :<\/h3>\n<ul>\n<li>Puissant \u00e9metteur de poche avec bande passante et puissance de transmission accrues<\/li>\n<li>Synchronisation sans fil simple et flexible entre l'\u00e9metteur et le r\u00e9cepteur par infrarouge<\/li>\n<li>Jusqu'\u00e0 32 canaux compatibles<\/li>\n<li>Largeur de bande jusqu'\u00e0 88 MHz avec 3520 fr\u00e9quences s\u00e9lectionnables, enti\u00e8rement accordables dans une gamme UHF stable<\/li>\n<li>Connexion Ethernet pour le logiciel de contr\u00f4le Wireless Systems Manager (WSM) pour une coordination avanc\u00e9e des fr\u00e9quences dans les installations multicanaux<\/li>\n<li>Puissance de sortie RF \u00e9lev\u00e9e (jusqu'\u00e0 50 mW, r\u00e9glable en trois \u00e9tapes 10\/30\/50) en fonction des r\u00e9glementations nationales.<\/li>\n<\/ul>\n<p>Louez l'ensemble r\u00e9cepteur et \u00e9metteur Sennheiser SK 500 G4 AW+ maintenant sur <a href=\"https:\/\/www.cinesouk.ma\/fr\">CINESOUK<\/a> - une marque de <a href=\"https:\/\/www.broadway.ma\/\">BROADWAY PRODUCTIONS SARL.<\/a><\/p>","protected":false},"excerpt":{"rendered":"<p>Sp\u00e9cifications :<\/p>\n<p>\u00c9metteur SK 500 G4 AW+ :<\/p>\n<p>Gamme de fr\u00e9quences : 470 - 558 MHz<br \/>\nDur\u00e9e de fonctionnement : 8 heures<br \/>\nEntr\u00e9es microphoniques : XLR-3F, jack 3,5 mm<br \/>\nAlimentation : 2 piles AA<br \/>\nPoids : 160g<\/p>\n<p>R\u00e9cepteur EK 500 G4 AW+ :<\/p>\n<p>Gamme de fr\u00e9quences : 470 - 558 MHz<br \/>\nFr\u00e9quence de r\u00e9ception : Max 3520, r\u00e9glable par pas de 25 MHz<br \/>\nBanques de fr\u00e9quences : 20, chacune pouvant contenir jusqu'\u00e0 32 canaux pr\u00e9r\u00e9gl\u00e9s en usine<br \/>\nDur\u00e9e de fonctionnement : 8 heures<br \/>\nSorties : XLR, jack 1\/8\u2033 (3,5 mm)<br \/>\nPoids : 160g<\/p>\n<p>Ensemble complet d'accessoires :<\/p>\n<p>Microphone Lavalier<br \/>\nMicrophone du casque<br \/>\nAdaptateur XLR<br \/>\nPiles<br \/>\nMallette de transport<\/p>","protected":false},"featured_media":3316,"template":"","meta":{"om_disable_all_campaigns":false,"_monsterinsights_skip_tracking":false,"_monsterinsights_sitenote_active":false,"_monsterinsights_sitenote_note":"","_monsterinsights_sitenote_category":0,"_uf_show_specific_survey":0,"_uf_disable_surveys":false},"product_brand":[],"product_cat":[83,86,35],"product_tag":[],"class_list":{"0":"post-262","1":"product","2":"type-product","3":"status-publish","4":"has-post-thumbnail","6":"product_cat-efp-eng-cinesouk","7":"product_cat-foh-cinesouk","8":"product_cat-sound-cinesouk","10":"entry","11":"has-media","13":"first","14":"instock","15":"taxable","16":"shipping-taxable","17":"purchasable","18":"product-type-variable","19":"has-product-nav","20":"col","21":"span_1_of_3","22":"owp-content-center","23":"owp-thumbs-layout-horizontal","24":"owp-btn-normal","25":"owp-tabs-layout-horizontal","26":"has-no-thumbnails"},"yoast_head":"<!-- This site is optimized with the Yoast SEO Premium plugin v26.0 (Yoast SEO v26.0) - https:\/\/yoast.com\/wordpress\/plugins\/seo\/ -->\n<title>Sennheiser SK 500 G4 AW+ Receiver and Transmitter Set - CineSouk - For rent<\/title>\n<meta name=\"description\" content=\"Enhance your events with top-notch Sennheiser SK 500 G4 audio equipment rental in Morocco for premium solutions and impeccable sound experiences.\" \/>\n<meta name=\"robots\" content=\"index, follow, max-snippet:-1, max-image-preview:large, max-video-preview:-1\" \/>\n<link rel=\"canonical\" href=\"https:\/\/www.cinesouk.ma\/fr\/produit\/sennheiser-sk-500-g4-aw-receiver-and-transmitter-set\/\" \/>\n<meta property=\"og:locale\" content=\"fr_FR\" \/>\n<meta property=\"og:type\" content=\"article\" \/>\n<meta property=\"og:title\" content=\"Sennheiser SK 500 G4 AW+ Receiver and Transmitter Set\" \/>\n<meta property=\"og:description\" content=\"Enhance your events with top-notch Sennheiser SK 500 G4 audio equipment rental in Morocco for premium solutions and impeccable sound experiences.\" \/>\n<meta property=\"og:url\" content=\"https:\/\/www.cinesouk.ma\/fr\/produit\/sennheiser-sk-500-g4-aw-receiver-and-transmitter-set\/\" \/>\n<meta property=\"og:site_name\" content=\"CineSouk\" \/>\n<meta property=\"article:modified_time\" content=\"2025-08-26T14:56:53+00:00\" \/>\n<meta property=\"og:image\" content=\"https:\/\/www.cinesouk.ma\/wp-content\/uploads\/2024\/01\/Sennheiser-Beltpack-Set-Headset-ENG-1.jpg\" \/>\n\t<meta property=\"og:image:width\" content=\"300\" \/>\n\t<meta property=\"og:image:height\" content=\"238\" \/>\n\t<meta property=\"og:image:type\" content=\"image\/jpeg\" \/>\n<meta name=\"twitter:card\" content=\"summary_large_image\" \/>\n<meta name=\"twitter:description\" content=\"Enhance your events with top-notch Sennheiser SK 500 G4 audio equipment rental in Morocco for premium solutions and impeccable sound experiences.\" \/>\n<meta name=\"twitter:label1\" content=\"Dur\u00e9e de lecture estim\u00e9e\" \/>\n\t<meta name=\"twitter:data1\" content=\"2 minutes\" \/>\n<script type=\"application\/ld+json\" class=\"yoast-schema-graph\">{\"@context\":\"https:\/\/schema.org\",\"@graph\":[{\"@type\":\"WebPage\",\"@id\":\"https:\/\/www.cinesouk.ma\/product\/sennheiser-sk-500-g4-aw-receiver-and-transmitter-set\/\",\"url\":\"https:\/\/www.cinesouk.ma\/product\/sennheiser-sk-500-g4-aw-receiver-and-transmitter-set\/\",\"name\":\"Sennheiser SK 500 G4 AW+ Receiver and Transmitter Set - CineSouk - For rent\",\"isPartOf\":{\"@id\":\"https:\/\/www.cinesouk.ma\/#website\"},\"primaryImageOfPage\":{\"@id\":\"https:\/\/www.cinesouk.ma\/product\/sennheiser-sk-500-g4-aw-receiver-and-transmitter-set\/#primaryimage\"},\"image\":{\"@id\":\"https:\/\/www.cinesouk.ma\/product\/sennheiser-sk-500-g4-aw-receiver-and-transmitter-set\/#primaryimage\"},\"thumbnailUrl\":\"https:\/\/www.cinesouk.ma\/wp-content\/uploads\/2024\/01\/Sennheiser-Beltpack-Set-Headset-ENG-1.jpg\",\"datePublished\":\"2024-01-09T10:23:07+00:00\",\"dateModified\":\"2025-08-26T14:56:53+00:00\",\"description\":\"Enhance your events with top-notch Sennheiser SK 500 G4 audio equipment rental in Morocco for premium solutions and impeccable sound experiences.\",\"breadcrumb\":{\"@id\":\"https:\/\/www.cinesouk.ma\/product\/sennheiser-sk-500-g4-aw-receiver-and-transmitter-set\/#breadcrumb\"},\"inLanguage\":\"fr-FR\",\"potentialAction\":[{\"@type\":\"ReadAction\",\"target\":[\"https:\/\/www.cinesouk.ma\/product\/sennheiser-sk-500-g4-aw-receiver-and-transmitter-set\/\"]}]},{\"@type\":\"ImageObject\",\"inLanguage\":\"fr-FR\",\"@id\":\"https:\/\/www.cinesouk.ma\/product\/sennheiser-sk-500-g4-aw-receiver-and-transmitter-set\/#primaryimage\",\"url\":\"https:\/\/www.cinesouk.ma\/wp-content\/uploads\/2024\/01\/Sennheiser-Beltpack-Set-Headset-ENG-1.jpg\",\"contentUrl\":\"https:\/\/www.cinesouk.ma\/wp-content\/uploads\/2024\/01\/Sennheiser-Beltpack-Set-Headset-ENG-1.jpg\",\"width\":300,\"height\":238,\"caption\":\"Sennheiser SK 500 G4 AW+ audio equipment rental Morocco\"},{\"@type\":\"BreadcrumbList\",\"@id\":\"https:\/\/www.cinesouk.ma\/product\/sennheiser-sk-500-g4-aw-receiver-and-transmitter-set\/#breadcrumb\",\"itemListElement\":[{\"@type\":\"ListItem\",\"position\":1,\"name\":\"Home\",\"item\":\"https:\/\/www.cinesouk.ma\/\"},{\"@type\":\"ListItem\",\"position\":2,\"name\":\"Shop\",\"item\":\"https:\/\/www.cinesouk.ma\/shop\/\"},{\"@type\":\"ListItem\",\"position\":3,\"name\":\"Sennheiser SK 500 G4 AW+ Receiver and Transmitter Set\"}]},{\"@type\":\"WebSite\",\"@id\":\"https:\/\/www.cinesouk.ma\/#website\",\"url\":\"https:\/\/www.cinesouk.ma\/\",\"name\":\"CineSouk\",\"description\":\"\",\"publisher\":{\"@id\":\"https:\/\/www.cinesouk.ma\/#organization\"},\"potentialAction\":[{\"@type\":\"SearchAction\",\"target\":{\"@type\":\"EntryPoint\",\"urlTemplate\":\"https:\/\/www.cinesouk.ma\/?s={search_term_string}\"},\"query-input\":{\"@type\":\"PropertyValueSpecification\",\"valueRequired\":true,\"valueName\":\"search_term_string\"}}],\"inLanguage\":\"fr-FR\"},{\"@type\":\"Organization\",\"@id\":\"https:\/\/www.cinesouk.ma\/#organization\",\"name\":\"CineSouk\",\"url\":\"https:\/\/www.cinesouk.ma\/\",\"logo\":{\"@type\":\"ImageObject\",\"inLanguage\":\"fr-FR\",\"@id\":\"https:\/\/www.cinesouk.ma\/#\/schema\/logo\/image\/\",\"url\":\"https:\/\/www.cinesouk.ma\/wp-content\/uploads\/2024\/01\/CineSouk-logo-v01-alpha-alligned-left.png\",\"contentUrl\":\"https:\/\/www.cinesouk.ma\/wp-content\/uploads\/2024\/01\/CineSouk-logo-v01-alpha-alligned-left.png\",\"width\":3204,\"height\":889,\"caption\":\"CineSouk\"},\"image\":{\"@id\":\"https:\/\/www.cinesouk.ma\/#\/schema\/logo\/image\/\"}}]}<\/script>\n<!-- \/ Yoast SEO Premium plugin. -->","yoast_head_json":{"title":"Sennheiser SK 500 G4 AW+ Receiver and Transmitter Set - CineSouk - For rent","description":"Enhance your events with top-notch Sennheiser SK 500 G4 audio equipment rental in Morocco for premium solutions and impeccable sound experiences.","robots":{"index":"index","follow":"follow","max-snippet":"max-snippet:-1","max-image-preview":"max-image-preview:large","max-video-preview":"max-video-preview:-1"},"canonical":"https:\/\/www.cinesouk.ma\/fr\/produit\/sennheiser-sk-500-g4-aw-receiver-and-transmitter-set\/","og_locale":"fr_FR","og_type":"article","og_title":"Sennheiser SK 500 G4 AW+ Receiver and Transmitter Set","og_description":"Enhance your events with top-notch Sennheiser SK 500 G4 audio equipment rental in Morocco for premium solutions and impeccable sound experiences.","og_url":"https:\/\/www.cinesouk.ma\/fr\/produit\/sennheiser-sk-500-g4-aw-receiver-and-transmitter-set\/","og_site_name":"CineSouk","article_modified_time":"2025-08-26T14:56:53+00:00","og_image":[{"width":300,"height":238,"url":"https:\/\/www.cinesouk.ma\/wp-content\/uploads\/2024\/01\/Sennheiser-Beltpack-Set-Headset-ENG-1.jpg","type":"image\/jpeg"}],"twitter_card":"summary_large_image","twitter_description":"Enhance your events with top-notch Sennheiser SK 500 G4 audio equipment rental in Morocco for premium solutions and impeccable sound experiences.","twitter_misc":{"Dur\u00e9e de lecture estim\u00e9e":"2 minutes"},"schema":{"@context":"https:\/\/schema.org","@graph":[{"@type":"WebPage","@id":"https:\/\/www.cinesouk.ma\/product\/sennheiser-sk-500-g4-aw-receiver-and-transmitter-set\/","url":"https:\/\/www.cinesouk.ma\/product\/sennheiser-sk-500-g4-aw-receiver-and-transmitter-set\/","name":"Sennheiser SK 500 G4 AW+ Receiver and Transmitter Set - CineSouk - For rent","isPartOf":{"@id":"https:\/\/www.cinesouk.ma\/#website"},"primaryImageOfPage":{"@id":"https:\/\/www.cinesouk.ma\/product\/sennheiser-sk-500-g4-aw-receiver-and-transmitter-set\/#primaryimage"},"image":{"@id":"https:\/\/www.cinesouk.ma\/product\/sennheiser-sk-500-g4-aw-receiver-and-transmitter-set\/#primaryimage"},"thumbnailUrl":"https:\/\/www.cinesouk.ma\/wp-content\/uploads\/2024\/01\/Sennheiser-Beltpack-Set-Headset-ENG-1.jpg","datePublished":"2024-01-09T10:23:07+00:00","dateModified":"2025-08-26T14:56:53+00:00","description":"Enhance your events with top-notch Sennheiser SK 500 G4 audio equipment rental in Morocco for premium solutions and impeccable sound experiences.","breadcrumb":{"@id":"https:\/\/www.cinesouk.ma\/product\/sennheiser-sk-500-g4-aw-receiver-and-transmitter-set\/#breadcrumb"},"inLanguage":"fr-FR","potentialAction":[{"@type":"ReadAction","target":["https:\/\/www.cinesouk.ma\/product\/sennheiser-sk-500-g4-aw-receiver-and-transmitter-set\/"]}]},{"@type":"ImageObject","inLanguage":"fr-FR","@id":"https:\/\/www.cinesouk.ma\/product\/sennheiser-sk-500-g4-aw-receiver-and-transmitter-set\/#primaryimage","url":"https:\/\/www.cinesouk.ma\/wp-content\/uploads\/2024\/01\/Sennheiser-Beltpack-Set-Headset-ENG-1.jpg","contentUrl":"https:\/\/www.cinesouk.ma\/wp-content\/uploads\/2024\/01\/Sennheiser-Beltpack-Set-Headset-ENG-1.jpg","width":300,"height":238,"caption":"Sennheiser SK 500 G4 AW+ audio equipment rental Morocco"},{"@type":"BreadcrumbList","@id":"https:\/\/www.cinesouk.ma\/product\/sennheiser-sk-500-g4-aw-receiver-and-transmitter-set\/#breadcrumb","itemListElement":[{"@type":"ListItem","position":1,"name":"Home","item":"https:\/\/www.cinesouk.ma\/"},{"@type":"ListItem","position":2,"name":"Shop","item":"https:\/\/www.cinesouk.ma\/shop\/"},{"@type":"ListItem","position":3,"name":"Sennheiser SK 500 G4 AW+ Receiver and Transmitter Set"}]},{"@type":"WebSite","@id":"https:\/\/www.cinesouk.ma\/#website","url":"https:\/\/www.cinesouk.ma\/","name":"CineSouk","description":"","publisher":{"@id":"https:\/\/www.cinesouk.ma\/#organization"},"potentialAction":[{"@type":"SearchAction","target":{"@type":"EntryPoint","urlTemplate":"https:\/\/www.cinesouk.ma\/?s={search_term_string}"},"query-input":{"@type":"PropertyValueSpecification","valueRequired":true,"valueName":"search_term_string"}}],"inLanguage":"fr-FR"},{"@type":"Organization","@id":"https:\/\/www.cinesouk.ma\/#organization","name":"CineSouk","url":"https:\/\/www.cinesouk.ma\/","logo":{"@type":"ImageObject","inLanguage":"fr-FR","@id":"https:\/\/www.cinesouk.ma\/#\/schema\/logo\/image\/","url":"https:\/\/www.cinesouk.ma\/wp-content\/uploads\/2024\/01\/CineSouk-logo-v01-alpha-alligned-left.png","contentUrl":"https:\/\/www.cinesouk.ma\/wp-content\/uploads\/2024\/01\/CineSouk-logo-v01-alpha-alligned-left.png","width":3204,"height":889,"caption":"CineSouk"},"image":{"@id":"https:\/\/www.cinesouk.ma\/#\/schema\/logo\/image\/"}}]}},"_links":{"self":[{"href":"https:\/\/www.cinesouk.ma\/fr\/wp-json\/wp\/v2\/product\/262","targetHints":{"allow":["GET"]}}],"collection":[{"href":"https:\/\/www.cinesouk.ma\/fr\/wp-json\/wp\/v2\/product"}],"about":[{"href":"https:\/\/www.cinesouk.ma\/fr\/wp-json\/wp\/v2\/types\/product"}],"wp:featuredmedia":[{"embeddable":true,"href":"https:\/\/www.cinesouk.ma\/fr\/wp-json\/wp\/v2\/media\/3316"}],"wp:attachment":[{"href":"https:\/\/www.cinesouk.ma\/fr\/wp-json\/wp\/v2\/media?parent=262"}],"wp:term":[{"taxonomy":"product_brand","embeddable":true,"href":"https:\/\/www.cinesouk.ma\/fr\/wp-json\/wp\/v2\/product_brand?post=262"},{"taxonomy":"product_cat","embeddable":true,"href":"https:\/\/www.cinesouk.ma\/fr\/wp-json\/wp\/v2\/product_cat?post=262"},{"taxonomy":"product_tag","embeddable":true,"href":"https:\/\/www.cinesouk.ma\/fr\/wp-json\/wp\/v2\/product_tag?post=262"}],"curies":[{"name":"wp","href":"https:\/\/api.w.org\/{rel}","templated":true}]}}