{"id":272,"date":"2024-01-09T10:23:09","date_gmt":"2024-01-09T10:23:09","guid":{"rendered":"https:\/\/www.cinesouk.ma\/?post_type=product&#038;p=272"},"modified":"2025-08-26T14:56:52","modified_gmt":"2025-08-26T14:56:52","slug":"sennheiser-handheld-set-eng","status":"publish","type":"product","link":"https:\/\/www.cinesouk.ma\/fr\/produit\/sennheiser-handheld-set-eng\/","title":{"rendered":"Set d'appareils portatifs Sennheiser"},"content":{"rendered":"<p>L'ensemble de microphones de poche Sennheiser comprend deux \u00e9l\u00e9ments cl\u00e9s : l'EK 500 G4 AW+ et le SKM 500 G4 AW+. Ensemble, ils offrent des performances puissantes pour les besoins audio professionnels.<\/p>\n<h3>EK 500 G4 AW+<\/h3>\n<p>L'EK 500 G4 AW+ est un r\u00e9cepteur de cam\u00e9ra noir robuste. Il est dot\u00e9 d'une bande passante et d'une puissance de transmission accrues, ce qui le rend compatible avec la s\u00e9rie sans fil evolution G4 500P. Il est donc id\u00e9al pour les productions cin\u00e9matographiques professionnelles. Vous pouvez facilement le monter sur n'importe quelle cam\u00e9ra. En outre, l'EK 500 G4 AW+ offre jusqu'\u00e0 32 canaux compatibles. Il permet \u00e9galement une synchronisation sans fil facile et flexible entre l'\u00e9metteur et le r\u00e9cepteur par infrarouge.<\/p>\n<p><strong>Caract\u00e9ristiques principales :<\/strong><\/p>\n<ul>\n<li>Un son professionnel et une excellente qualit\u00e9 de construction<\/li>\n<li>Facile \u00e0 utiliser et rapide \u00e0 mettre en place<\/li>\n<li>Synchronisation sans fil flexible par infrarouge<\/li>\n<li>Largeur de bande jusqu'\u00e0 88 MHz avec jusqu'\u00e0 32 canaux<\/li>\n<li>Port\u00e9e jusqu'\u00e0 100 m\u00e8tres (330 pieds)<\/li>\n<li>Puissance de sortie RF accrue (10\/30\/50 mW)<\/li>\n<li>Jusqu'\u00e0 8 heures d'autonomie<\/li>\n<li>Dimensions : Environ 82 x 64 x 24 mm<\/li>\n<li>Poids (avec les piles) : environ 130 g<\/li>\n<li>Sortie audio : Prise jack 3,5 mm : +17 dBu (mono, sym\u00e9trique)<\/li>\n<li>Rapport signal\/bruit : Ligne : \u2265 110 dBA ; T\u00e9l\u00e9phones : environ 90 dBA<\/li>\n<\/ul>\n<h3>SKM 500 G4 AW+<\/h3>\n<p>Ensuite, le SKM 500 G4 AW+ est un puissant \u00e9metteur de poche. Il est dot\u00e9 d'un bo\u00eetier l\u00e9ger en aluminium noir. Cet appareil dispose d'une bande passante \u00e9largie et d'une puissance de transmission accrue. Il est donc pr\u00eat \u00e0 conqu\u00e9rir les plus grandes sc\u00e8nes du monde.<\/p>\n<p><strong>Caract\u00e9ristiques principales :<\/strong><\/p>\n<ul>\n<li>Choisissez parmi les capsules Sennheiser e 935, e 945 ou e 965, renomm\u00e9es et \u00e0 la pointe de la technologie.<\/li>\n<li>Synchronisation sans fil simple et flexible entre l'\u00e9metteur et le r\u00e9cepteur par infrarouge<\/li>\n<li>Jusqu'\u00e0 32 canaux compatibles<\/li>\n<li>Largeur de bande jusqu'\u00e0 88 MHz avec 3520 fr\u00e9quences s\u00e9lectionnables, enti\u00e8rement accordables dans une gamme UHF stable<\/li>\n<li>Connexion Ethernet pour le logiciel de contr\u00f4le Wireless Systems Manager (WSM)<\/li>\n<li>Puissance de sortie RF \u00e9lev\u00e9e (jusqu'\u00e0 50 mW, r\u00e9glable en trois \u00e9tapes : 10\/30\/50 mW) en fonction des r\u00e9glementations nationales.<\/li>\n<li>Dimensions : Environ \u00d8 50 x 265 mm<\/li>\n<li>Poids (avec les piles) : environ 450 g<\/li>\n<li>Rapport signal\/bruit : \u2265 115 dBA<\/li>\n<\/ul>\n<p>En conclusion, l'ensemble de microphones \u00e0 main Sennheiser offre des caract\u00e9ristiques et une flexibilit\u00e9 exceptionnelles. Que vous soyez en studio ou sur sc\u00e8ne, cet ensemble garantit un son de haute qualit\u00e9 et des performances fiables.<\/p>\n<p>Louez-le maintenant sur <a href=\"https:\/\/www.cinesouk.ma\/fr\">CINESOUK<\/a> - une marque de <a href=\"https:\/\/www.broadway.ma\/\">BROADWAY PRODUCTIONS SARL.<\/a><\/p>","protected":false},"excerpt":{"rendered":"<p>Sp\u00e9cifications<\/p>\n<p><strong>SKM 500 G4 AW+<\/strong><\/p>\n<ul>\n<li><strong>Plage de gain :<\/strong> 48 dB<\/li>\n<li><strong>Gamme de fr\u00e9quences :<\/strong> 470 - 558 MHz<\/li>\n<li><strong>Dur\u00e9e de vie de la batterie<\/strong>Dur\u00e9e : 8 heures<\/li>\n<\/ul>\n<p>&nbsp;<\/p>\n<p><strong>EK 500 G4 AW+<\/strong><\/p>\n<ul>\n<li><strong>Bande de fr\u00e9quence :<\/strong> 470 \u00e0 558 MHz<\/li>\n<li><strong>Fr\u00e9quence de r\u00e9ception :<\/strong> Max 3520 fr\u00e9quences de r\u00e9ception, r\u00e9glables par pas de 25 MHz<br \/>\n20 banques de fr\u00e9quences, chacune pouvant contenir jusqu'\u00e0 32 canaux pr\u00e9r\u00e9gl\u00e9s en usine<\/li>\n<li><strong>Dur\u00e9e de fonctionnement :<\/strong> 8 heures<\/li>\n<\/ul>","protected":false},"featured_media":284,"template":"","meta":{"om_disable_all_campaigns":false,"_monsterinsights_skip_tracking":false,"_monsterinsights_sitenote_active":false,"_monsterinsights_sitenote_note":"","_monsterinsights_sitenote_category":0,"_uf_show_specific_survey":0,"_uf_disable_surveys":false},"product_brand":[],"product_cat":[83,86,35],"product_tag":[],"class_list":{"0":"post-272","1":"product","2":"type-product","3":"status-publish","4":"has-post-thumbnail","6":"product_cat-efp-eng-cinesouk","7":"product_cat-foh-cinesouk","8":"product_cat-sound-cinesouk","10":"entry","11":"has-media","13":"first","14":"instock","15":"taxable","16":"shipping-taxable","17":"purchasable","18":"product-type-variable","19":"has-product-nav","20":"col","21":"span_1_of_3","22":"owp-content-center","23":"owp-thumbs-layout-horizontal","24":"owp-btn-normal","25":"owp-tabs-layout-horizontal","26":"has-no-thumbnails"},"yoast_head":"<!-- This site is optimized with the Yoast SEO Premium plugin v26.0 (Yoast SEO v26.0) - https:\/\/yoast.com\/wordpress\/plugins\/seo\/ -->\n<title>Sennheiser Handheld Set - CineSouk - For rent<\/title>\n<meta name=\"description\" content=\"The Sennheiser Handheld Set ENG consists of a powerful black camera receiver and a black handheld transmitter. CineSouk - Marrakech | Morocco\" \/>\n<meta name=\"robots\" content=\"index, follow, max-snippet:-1, max-image-preview:large, max-video-preview:-1\" \/>\n<link rel=\"canonical\" href=\"https:\/\/www.cinesouk.ma\/fr\/produit\/sennheiser-handheld-set-eng\/\" \/>\n<meta property=\"og:locale\" content=\"fr_FR\" \/>\n<meta property=\"og:type\" content=\"article\" \/>\n<meta property=\"og:title\" content=\"Sennheiser Handheld Set ENG\" \/>\n<meta property=\"og:description\" content=\"The Sennheiser Handheld Set ENG includes a powerful black camera receiver and a black handheld transmitter.\" \/>\n<meta property=\"og:url\" content=\"https:\/\/www.cinesouk.ma\/fr\/produit\/sennheiser-handheld-set-eng\/\" \/>\n<meta property=\"og:site_name\" content=\"CineSouk\" \/>\n<meta property=\"article:modified_time\" content=\"2025-08-26T14:56:52+00:00\" \/>\n<meta property=\"og:image\" content=\"https:\/\/www.cinesouk.ma\/wp-content\/uploads\/2024\/01\/Sennheiser-Handheltset-ENG.jpg\" \/>\n\t<meta property=\"og:image:width\" content=\"300\" \/>\n\t<meta property=\"og:image:height\" content=\"238\" \/>\n\t<meta property=\"og:image:type\" content=\"image\/jpeg\" \/>\n<meta name=\"twitter:card\" content=\"summary_large_image\" \/>\n<meta name=\"twitter:title\" content=\"Sennheiser Handheld Set ENG\" \/>\n<meta name=\"twitter:description\" content=\"The Sennheiser Handheld Set ENG includes a powerful black camera receiver and a black handheld transmitter.\" \/>\n<meta name=\"twitter:label1\" content=\"Dur\u00e9e de lecture estim\u00e9e\" \/>\n\t<meta name=\"twitter:data1\" content=\"2 minutes\" \/>\n<script type=\"application\/ld+json\" class=\"yoast-schema-graph\">{\"@context\":\"https:\/\/schema.org\",\"@graph\":[{\"@type\":\"WebPage\",\"@id\":\"https:\/\/www.cinesouk.ma\/product\/sennheiser-handheld-set-eng\/\",\"url\":\"https:\/\/www.cinesouk.ma\/product\/sennheiser-handheld-set-eng\/\",\"name\":\"Sennheiser Handheld Set - CineSouk - For rent\",\"isPartOf\":{\"@id\":\"https:\/\/www.cinesouk.ma\/#website\"},\"primaryImageOfPage\":{\"@id\":\"https:\/\/www.cinesouk.ma\/product\/sennheiser-handheld-set-eng\/#primaryimage\"},\"image\":{\"@id\":\"https:\/\/www.cinesouk.ma\/product\/sennheiser-handheld-set-eng\/#primaryimage\"},\"thumbnailUrl\":\"https:\/\/www.cinesouk.ma\/wp-content\/uploads\/2024\/01\/Sennheiser-Handheltset-ENG.jpg\",\"datePublished\":\"2024-01-09T10:23:09+00:00\",\"dateModified\":\"2025-08-26T14:56:52+00:00\",\"description\":\"The Sennheiser Handheld Set ENG consists of a powerful black camera receiver and a black handheld transmitter. CineSouk - Marrakech | Morocco\",\"breadcrumb\":{\"@id\":\"https:\/\/www.cinesouk.ma\/product\/sennheiser-handheld-set-eng\/#breadcrumb\"},\"inLanguage\":\"fr-FR\",\"potentialAction\":[{\"@type\":\"ReadAction\",\"target\":[\"https:\/\/www.cinesouk.ma\/product\/sennheiser-handheld-set-eng\/\"]}]},{\"@type\":\"ImageObject\",\"inLanguage\":\"fr-FR\",\"@id\":\"https:\/\/www.cinesouk.ma\/product\/sennheiser-handheld-set-eng\/#primaryimage\",\"url\":\"https:\/\/www.cinesouk.ma\/wp-content\/uploads\/2024\/01\/Sennheiser-Handheltset-ENG.jpg\",\"contentUrl\":\"https:\/\/www.cinesouk.ma\/wp-content\/uploads\/2024\/01\/Sennheiser-Handheltset-ENG.jpg\",\"width\":300,\"height\":238},{\"@type\":\"BreadcrumbList\",\"@id\":\"https:\/\/www.cinesouk.ma\/product\/sennheiser-handheld-set-eng\/#breadcrumb\",\"itemListElement\":[{\"@type\":\"ListItem\",\"position\":1,\"name\":\"Home\",\"item\":\"https:\/\/www.cinesouk.ma\/\"},{\"@type\":\"ListItem\",\"position\":2,\"name\":\"Shop\",\"item\":\"https:\/\/www.cinesouk.ma\/shop\/\"},{\"@type\":\"ListItem\",\"position\":3,\"name\":\"Sennheiser Handheld Set\"}]},{\"@type\":\"WebSite\",\"@id\":\"https:\/\/www.cinesouk.ma\/#website\",\"url\":\"https:\/\/www.cinesouk.ma\/\",\"name\":\"CineSouk\",\"description\":\"\",\"publisher\":{\"@id\":\"https:\/\/www.cinesouk.ma\/#organization\"},\"potentialAction\":[{\"@type\":\"SearchAction\",\"target\":{\"@type\":\"EntryPoint\",\"urlTemplate\":\"https:\/\/www.cinesouk.ma\/?s={search_term_string}\"},\"query-input\":{\"@type\":\"PropertyValueSpecification\",\"valueRequired\":true,\"valueName\":\"search_term_string\"}}],\"inLanguage\":\"fr-FR\"},{\"@type\":\"Organization\",\"@id\":\"https:\/\/www.cinesouk.ma\/#organization\",\"name\":\"CineSouk\",\"url\":\"https:\/\/www.cinesouk.ma\/\",\"logo\":{\"@type\":\"ImageObject\",\"inLanguage\":\"fr-FR\",\"@id\":\"https:\/\/www.cinesouk.ma\/#\/schema\/logo\/image\/\",\"url\":\"https:\/\/www.cinesouk.ma\/wp-content\/uploads\/2024\/01\/CineSouk-logo-v01-alpha-alligned-left.png\",\"contentUrl\":\"https:\/\/www.cinesouk.ma\/wp-content\/uploads\/2024\/01\/CineSouk-logo-v01-alpha-alligned-left.png\",\"width\":3204,\"height\":889,\"caption\":\"CineSouk\"},\"image\":{\"@id\":\"https:\/\/www.cinesouk.ma\/#\/schema\/logo\/image\/\"}}]}<\/script>\n<!-- \/ Yoast SEO Premium plugin. -->","yoast_head_json":{"title":"Sennheiser Handheld Set - CineSouk - For rent","description":"The Sennheiser Handheld Set ENG consists of a powerful black camera receiver and a black handheld transmitter. CineSouk - Marrakech | Morocco","robots":{"index":"index","follow":"follow","max-snippet":"max-snippet:-1","max-image-preview":"max-image-preview:large","max-video-preview":"max-video-preview:-1"},"canonical":"https:\/\/www.cinesouk.ma\/fr\/produit\/sennheiser-handheld-set-eng\/","og_locale":"fr_FR","og_type":"article","og_title":"Sennheiser Handheld Set ENG","og_description":"The Sennheiser Handheld Set ENG includes a powerful black camera receiver and a black handheld transmitter.","og_url":"https:\/\/www.cinesouk.ma\/fr\/produit\/sennheiser-handheld-set-eng\/","og_site_name":"CineSouk","article_modified_time":"2025-08-26T14:56:52+00:00","og_image":[{"width":300,"height":238,"url":"https:\/\/www.cinesouk.ma\/wp-content\/uploads\/2024\/01\/Sennheiser-Handheltset-ENG.jpg","type":"image\/jpeg"}],"twitter_card":"summary_large_image","twitter_title":"Sennheiser Handheld Set ENG","twitter_description":"The Sennheiser Handheld Set ENG includes a powerful black camera receiver and a black handheld transmitter.","twitter_misc":{"Dur\u00e9e de lecture estim\u00e9e":"2 minutes"},"schema":{"@context":"https:\/\/schema.org","@graph":[{"@type":"WebPage","@id":"https:\/\/www.cinesouk.ma\/product\/sennheiser-handheld-set-eng\/","url":"https:\/\/www.cinesouk.ma\/product\/sennheiser-handheld-set-eng\/","name":"Sennheiser Handheld Set - CineSouk - For rent","isPartOf":{"@id":"https:\/\/www.cinesouk.ma\/#website"},"primaryImageOfPage":{"@id":"https:\/\/www.cinesouk.ma\/product\/sennheiser-handheld-set-eng\/#primaryimage"},"image":{"@id":"https:\/\/www.cinesouk.ma\/product\/sennheiser-handheld-set-eng\/#primaryimage"},"thumbnailUrl":"https:\/\/www.cinesouk.ma\/wp-content\/uploads\/2024\/01\/Sennheiser-Handheltset-ENG.jpg","datePublished":"2024-01-09T10:23:09+00:00","dateModified":"2025-08-26T14:56:52+00:00","description":"The Sennheiser Handheld Set ENG consists of a powerful black camera receiver and a black handheld transmitter. CineSouk - Marrakech | Morocco","breadcrumb":{"@id":"https:\/\/www.cinesouk.ma\/product\/sennheiser-handheld-set-eng\/#breadcrumb"},"inLanguage":"fr-FR","potentialAction":[{"@type":"ReadAction","target":["https:\/\/www.cinesouk.ma\/product\/sennheiser-handheld-set-eng\/"]}]},{"@type":"ImageObject","inLanguage":"fr-FR","@id":"https:\/\/www.cinesouk.ma\/product\/sennheiser-handheld-set-eng\/#primaryimage","url":"https:\/\/www.cinesouk.ma\/wp-content\/uploads\/2024\/01\/Sennheiser-Handheltset-ENG.jpg","contentUrl":"https:\/\/www.cinesouk.ma\/wp-content\/uploads\/2024\/01\/Sennheiser-Handheltset-ENG.jpg","width":300,"height":238},{"@type":"BreadcrumbList","@id":"https:\/\/www.cinesouk.ma\/product\/sennheiser-handheld-set-eng\/#breadcrumb","itemListElement":[{"@type":"ListItem","position":1,"name":"Home","item":"https:\/\/www.cinesouk.ma\/"},{"@type":"ListItem","position":2,"name":"Shop","item":"https:\/\/www.cinesouk.ma\/shop\/"},{"@type":"ListItem","position":3,"name":"Sennheiser Handheld Set"}]},{"@type":"WebSite","@id":"https:\/\/www.cinesouk.ma\/#website","url":"https:\/\/www.cinesouk.ma\/","name":"CineSouk","description":"","publisher":{"@id":"https:\/\/www.cinesouk.ma\/#organization"},"potentialAction":[{"@type":"SearchAction","target":{"@type":"EntryPoint","urlTemplate":"https:\/\/www.cinesouk.ma\/?s={search_term_string}"},"query-input":{"@type":"PropertyValueSpecification","valueRequired":true,"valueName":"search_term_string"}}],"inLanguage":"fr-FR"},{"@type":"Organization","@id":"https:\/\/www.cinesouk.ma\/#organization","name":"CineSouk","url":"https:\/\/www.cinesouk.ma\/","logo":{"@type":"ImageObject","inLanguage":"fr-FR","@id":"https:\/\/www.cinesouk.ma\/#\/schema\/logo\/image\/","url":"https:\/\/www.cinesouk.ma\/wp-content\/uploads\/2024\/01\/CineSouk-logo-v01-alpha-alligned-left.png","contentUrl":"https:\/\/www.cinesouk.ma\/wp-content\/uploads\/2024\/01\/CineSouk-logo-v01-alpha-alligned-left.png","width":3204,"height":889,"caption":"CineSouk"},"image":{"@id":"https:\/\/www.cinesouk.ma\/#\/schema\/logo\/image\/"}}]}},"_links":{"self":[{"href":"https:\/\/www.cinesouk.ma\/fr\/wp-json\/wp\/v2\/product\/272","targetHints":{"allow":["GET"]}}],"collection":[{"href":"https:\/\/www.cinesouk.ma\/fr\/wp-json\/wp\/v2\/product"}],"about":[{"href":"https:\/\/www.cinesouk.ma\/fr\/wp-json\/wp\/v2\/types\/product"}],"wp:featuredmedia":[{"embeddable":true,"href":"https:\/\/www.cinesouk.ma\/fr\/wp-json\/wp\/v2\/media\/284"}],"wp:attachment":[{"href":"https:\/\/www.cinesouk.ma\/fr\/wp-json\/wp\/v2\/media?parent=272"}],"wp:term":[{"taxonomy":"product_brand","embeddable":true,"href":"https:\/\/www.cinesouk.ma\/fr\/wp-json\/wp\/v2\/product_brand?post=272"},{"taxonomy":"product_cat","embeddable":true,"href":"https:\/\/www.cinesouk.ma\/fr\/wp-json\/wp\/v2\/product_cat?post=272"},{"taxonomy":"product_tag","embeddable":true,"href":"https:\/\/www.cinesouk.ma\/fr\/wp-json\/wp\/v2\/product_tag?post=272"}],"curies":[{"name":"wp","href":"https:\/\/api.w.org\/{rel}","templated":true}]}}