{"id":2820,"date":"2024-01-07T09:01:55","date_gmt":"2024-01-07T09:01:55","guid":{"rendered":"https:\/\/www.cinesouk.ma\/?post_type=product&#038;p=2820"},"modified":"2025-08-26T12:47:03","modified_gmt":"2025-08-26T12:47:03","slug":"plastic-clamps","status":"publish","type":"product","link":"https:\/\/www.cinesouk.ma\/fr\/produit\/plastic-clamps\/","title":{"rendered":"Pinces en plastique - moyennes"},"content":{"rendered":"<div class=\"flex max-w-full flex-col flex-grow\">\n<div class=\"min-h-[20px] text-message flex w-full flex-col items-end gap-2 break-words [.text-message+&amp;]:mt-5 overflow-x-auto whitespace-normal\" dir=\"auto\" data-message-author-role=\"assistant\" data-message-id=\"08c860b5-28a6-425b-bedd-998aab1ab46c\">\n<div class=\"flex w-full flex-col gap-1 empty:hidden first:pt-[3px]\">\n<div class=\"markdown prose w-full break-words dark:prose-invert light\">\n<p>Ces pinces en plastique faciles \u00e0 utiliser sont dot\u00e9es d'un m\u00e9canisme de fermeture \u00e0 ressort qui assure une prise rapide, ferme et s\u00fbre des pi\u00e8ces plates et irr\u00e9guli\u00e8res. Leur m\u00e9canisme \u00e0 ressort assure un serrage rapide, ce qui r\u00e9duit le temps d'installation et les efforts pendant les projets.<\/p>\n<p>De conception compacte et l\u00e9g\u00e8re, ces pinces en plastique sont polyvalentes et conviennent parfaitement \u00e0 la photographie, au travail du bois, \u00e0 l'artisanat et aux t\u00e2ches industrielles l\u00e9g\u00e8res. Les poign\u00e9es ergonomiques offrent une prise en main confortable, \u00e9vitant la fatigue des mains lors d'une utilisation prolong\u00e9e.<\/p>\n<p>Les m\u00e2choires antid\u00e9rapantes assurent une prise s\u00fbre sans endommager les surfaces d\u00e9licates, tandis que la construction en plastique durable garantit une performance et une portabilit\u00e9 durables. Ces pinces en plastique polyvalentes sont id\u00e9ales pour saisir les toiles de fond, fixer les c\u00e2bles et stabiliser les mat\u00e9riaux dans divers contextes.<\/p>\n<\/div>\n<\/div>\n<\/div>\n<\/div>\n<p>Louez-le maintenant sur <a href=\"https:\/\/www.cinesouk.ma\/fr\">CINESOUK<\/a> - une marque de <a href=\"https:\/\/www.broadway.ma\/\">BROADWAY PRODUCTIONS SARL.<\/a><\/p>","protected":false},"excerpt":{"rendered":"<p>Sp\u00e9cifications<\/p>\n<p>Mat\u00e9riau : Nylon, r\u00e9sine, plastique<br \/>\nDimensions de l'article (L x L x H) : 25 x 11 x 2 centim\u00e8tres<br \/>\nCouleur : Orange, Noir<br \/>\nStyle : Compact<br \/>\nPoids de l'article : 72 grammes<\/p>","protected":false},"featured_media":2821,"template":"","meta":{"om_disable_all_campaigns":false,"_monsterinsights_skip_tracking":false,"_monsterinsights_sitenote_active":false,"_monsterinsights_sitenote_note":"","_monsterinsights_sitenote_category":0,"_uf_show_specific_survey":0,"_uf_disable_surveys":false},"product_brand":[],"product_cat":[38],"product_tag":[],"class_list":{"0":"post-2820","1":"product","2":"type-product","3":"status-publish","4":"has-post-thumbnail","6":"product_cat-grip-cinesouk","8":"entry","9":"has-media","11":"first","12":"instock","13":"taxable","14":"shipping-taxable","15":"purchasable","16":"product-type-variable","17":"has-product-nav","18":"col","19":"span_1_of_3","20":"owp-content-center","21":"owp-thumbs-layout-horizontal","22":"owp-btn-normal","23":"owp-tabs-layout-horizontal","24":"has-no-thumbnails"},"yoast_head":"<!-- This site is optimized with the Yoast SEO Premium plugin v26.0 (Yoast SEO v26.0) - https:\/\/yoast.com\/wordpress\/plugins\/seo\/ -->\n<title>Plastic Clamps - Medium - CineSouk - For rent<\/title>\n<meta name=\"description\" content=\"Easy-to-use plastic hand clamps for quick, firm gripping. Compact design offers versatility for various applications, a reliable solution.\" \/>\n<meta name=\"robots\" content=\"index, follow, max-snippet:-1, max-image-preview:large, max-video-preview:-1\" \/>\n<link rel=\"canonical\" href=\"https:\/\/www.cinesouk.ma\/fr\/produit\/plastic-clamps\/\" \/>\n<meta property=\"og:locale\" content=\"fr_FR\" \/>\n<meta property=\"og:type\" content=\"article\" \/>\n<meta property=\"og:title\" content=\"Plastic Clamps\" \/>\n<meta property=\"og:description\" content=\"Easy-to-use plastic hand clamps for quick, firm gripping. Compact design offers versatility for various applications, a reliable solution.\" \/>\n<meta property=\"og:url\" content=\"https:\/\/www.cinesouk.ma\/fr\/produit\/plastic-clamps\/\" \/>\n<meta property=\"og:site_name\" content=\"CineSouk\" \/>\n<meta property=\"article:modified_time\" content=\"2025-08-26T12:47:03+00:00\" \/>\n<meta property=\"og:image\" content=\"https:\/\/www.cinesouk.ma\/wp-content\/uploads\/2024\/01\/mini-plastic-clamp.jpg\" \/>\n\t<meta property=\"og:image:width\" content=\"300\" \/>\n\t<meta property=\"og:image:height\" content=\"238\" \/>\n\t<meta property=\"og:image:type\" content=\"image\/jpeg\" \/>\n<meta name=\"twitter:card\" content=\"summary_large_image\" \/>\n<meta name=\"twitter:title\" content=\"Plastic Clamps - Medium\" \/>\n<meta name=\"twitter:description\" content=\"Easy-to-use plastic hand clamps for quick, firm gripping. Compact design offers versatility for various applications, a reliable solution.\" \/>\n<meta name=\"twitter:label1\" content=\"Dur\u00e9e de lecture estim\u00e9e\" \/>\n\t<meta name=\"twitter:data1\" content=\"1 minute\" \/>\n<script type=\"application\/ld+json\" class=\"yoast-schema-graph\">{\"@context\":\"https:\/\/schema.org\",\"@graph\":[{\"@type\":\"WebPage\",\"@id\":\"https:\/\/www.cinesouk.ma\/product\/plastic-clamps\/\",\"url\":\"https:\/\/www.cinesouk.ma\/product\/plastic-clamps\/\",\"name\":\"Plastic Clamps - Medium - CineSouk - For rent\",\"isPartOf\":{\"@id\":\"https:\/\/www.cinesouk.ma\/#website\"},\"primaryImageOfPage\":{\"@id\":\"https:\/\/www.cinesouk.ma\/product\/plastic-clamps\/#primaryimage\"},\"image\":{\"@id\":\"https:\/\/www.cinesouk.ma\/product\/plastic-clamps\/#primaryimage\"},\"thumbnailUrl\":\"https:\/\/www.cinesouk.ma\/wp-content\/uploads\/2024\/01\/mini-plastic-clamp.jpg\",\"datePublished\":\"2024-01-07T09:01:55+00:00\",\"dateModified\":\"2025-08-26T12:47:03+00:00\",\"description\":\"Easy-to-use plastic hand clamps for quick, firm gripping. Compact design offers versatility for various applications, a reliable solution.\",\"breadcrumb\":{\"@id\":\"https:\/\/www.cinesouk.ma\/product\/plastic-clamps\/#breadcrumb\"},\"inLanguage\":\"fr-FR\",\"potentialAction\":[{\"@type\":\"ReadAction\",\"target\":[\"https:\/\/www.cinesouk.ma\/product\/plastic-clamps\/\"]}]},{\"@type\":\"ImageObject\",\"inLanguage\":\"fr-FR\",\"@id\":\"https:\/\/www.cinesouk.ma\/product\/plastic-clamps\/#primaryimage\",\"url\":\"https:\/\/www.cinesouk.ma\/wp-content\/uploads\/2024\/01\/mini-plastic-clamp.jpg\",\"contentUrl\":\"https:\/\/www.cinesouk.ma\/wp-content\/uploads\/2024\/01\/mini-plastic-clamp.jpg\",\"width\":300,\"height\":238,\"caption\":\"Plastic Clamps\"},{\"@type\":\"BreadcrumbList\",\"@id\":\"https:\/\/www.cinesouk.ma\/product\/plastic-clamps\/#breadcrumb\",\"itemListElement\":[{\"@type\":\"ListItem\",\"position\":1,\"name\":\"Home\",\"item\":\"https:\/\/www.cinesouk.ma\/\"},{\"@type\":\"ListItem\",\"position\":2,\"name\":\"Shop\",\"item\":\"https:\/\/www.cinesouk.ma\/shop\/\"},{\"@type\":\"ListItem\",\"position\":3,\"name\":\"Plastic Clamps &#8211; Medium\"}]},{\"@type\":\"WebSite\",\"@id\":\"https:\/\/www.cinesouk.ma\/#website\",\"url\":\"https:\/\/www.cinesouk.ma\/\",\"name\":\"CineSouk\",\"description\":\"\",\"publisher\":{\"@id\":\"https:\/\/www.cinesouk.ma\/#organization\"},\"potentialAction\":[{\"@type\":\"SearchAction\",\"target\":{\"@type\":\"EntryPoint\",\"urlTemplate\":\"https:\/\/www.cinesouk.ma\/?s={search_term_string}\"},\"query-input\":{\"@type\":\"PropertyValueSpecification\",\"valueRequired\":true,\"valueName\":\"search_term_string\"}}],\"inLanguage\":\"fr-FR\"},{\"@type\":\"Organization\",\"@id\":\"https:\/\/www.cinesouk.ma\/#organization\",\"name\":\"CineSouk\",\"url\":\"https:\/\/www.cinesouk.ma\/\",\"logo\":{\"@type\":\"ImageObject\",\"inLanguage\":\"fr-FR\",\"@id\":\"https:\/\/www.cinesouk.ma\/#\/schema\/logo\/image\/\",\"url\":\"https:\/\/www.cinesouk.ma\/wp-content\/uploads\/2024\/01\/CineSouk-logo-v01-alpha-alligned-left.png\",\"contentUrl\":\"https:\/\/www.cinesouk.ma\/wp-content\/uploads\/2024\/01\/CineSouk-logo-v01-alpha-alligned-left.png\",\"width\":3204,\"height\":889,\"caption\":\"CineSouk\"},\"image\":{\"@id\":\"https:\/\/www.cinesouk.ma\/#\/schema\/logo\/image\/\"}}]}<\/script>\n<!-- \/ Yoast SEO Premium plugin. -->","yoast_head_json":{"title":"Plastic Clamps - Medium - CineSouk - For rent","description":"Easy-to-use plastic hand clamps for quick, firm gripping. Compact design offers versatility for various applications, a reliable solution.","robots":{"index":"index","follow":"follow","max-snippet":"max-snippet:-1","max-image-preview":"max-image-preview:large","max-video-preview":"max-video-preview:-1"},"canonical":"https:\/\/www.cinesouk.ma\/fr\/produit\/plastic-clamps\/","og_locale":"fr_FR","og_type":"article","og_title":"Plastic Clamps","og_description":"Easy-to-use plastic hand clamps for quick, firm gripping. Compact design offers versatility for various applications, a reliable solution.","og_url":"https:\/\/www.cinesouk.ma\/fr\/produit\/plastic-clamps\/","og_site_name":"CineSouk","article_modified_time":"2025-08-26T12:47:03+00:00","og_image":[{"width":300,"height":238,"url":"https:\/\/www.cinesouk.ma\/wp-content\/uploads\/2024\/01\/mini-plastic-clamp.jpg","type":"image\/jpeg"}],"twitter_card":"summary_large_image","twitter_title":"Plastic Clamps - Medium","twitter_description":"Easy-to-use plastic hand clamps for quick, firm gripping. Compact design offers versatility for various applications, a reliable solution.","twitter_misc":{"Dur\u00e9e de lecture estim\u00e9e":"1 minute"},"schema":{"@context":"https:\/\/schema.org","@graph":[{"@type":"WebPage","@id":"https:\/\/www.cinesouk.ma\/product\/plastic-clamps\/","url":"https:\/\/www.cinesouk.ma\/product\/plastic-clamps\/","name":"Plastic Clamps - Medium - CineSouk - For rent","isPartOf":{"@id":"https:\/\/www.cinesouk.ma\/#website"},"primaryImageOfPage":{"@id":"https:\/\/www.cinesouk.ma\/product\/plastic-clamps\/#primaryimage"},"image":{"@id":"https:\/\/www.cinesouk.ma\/product\/plastic-clamps\/#primaryimage"},"thumbnailUrl":"https:\/\/www.cinesouk.ma\/wp-content\/uploads\/2024\/01\/mini-plastic-clamp.jpg","datePublished":"2024-01-07T09:01:55+00:00","dateModified":"2025-08-26T12:47:03+00:00","description":"Easy-to-use plastic hand clamps for quick, firm gripping. Compact design offers versatility for various applications, a reliable solution.","breadcrumb":{"@id":"https:\/\/www.cinesouk.ma\/product\/plastic-clamps\/#breadcrumb"},"inLanguage":"fr-FR","potentialAction":[{"@type":"ReadAction","target":["https:\/\/www.cinesouk.ma\/product\/plastic-clamps\/"]}]},{"@type":"ImageObject","inLanguage":"fr-FR","@id":"https:\/\/www.cinesouk.ma\/product\/plastic-clamps\/#primaryimage","url":"https:\/\/www.cinesouk.ma\/wp-content\/uploads\/2024\/01\/mini-plastic-clamp.jpg","contentUrl":"https:\/\/www.cinesouk.ma\/wp-content\/uploads\/2024\/01\/mini-plastic-clamp.jpg","width":300,"height":238,"caption":"Plastic Clamps"},{"@type":"BreadcrumbList","@id":"https:\/\/www.cinesouk.ma\/product\/plastic-clamps\/#breadcrumb","itemListElement":[{"@type":"ListItem","position":1,"name":"Home","item":"https:\/\/www.cinesouk.ma\/"},{"@type":"ListItem","position":2,"name":"Shop","item":"https:\/\/www.cinesouk.ma\/shop\/"},{"@type":"ListItem","position":3,"name":"Plastic Clamps &#8211; Medium"}]},{"@type":"WebSite","@id":"https:\/\/www.cinesouk.ma\/#website","url":"https:\/\/www.cinesouk.ma\/","name":"CineSouk","description":"","publisher":{"@id":"https:\/\/www.cinesouk.ma\/#organization"},"potentialAction":[{"@type":"SearchAction","target":{"@type":"EntryPoint","urlTemplate":"https:\/\/www.cinesouk.ma\/?s={search_term_string}"},"query-input":{"@type":"PropertyValueSpecification","valueRequired":true,"valueName":"search_term_string"}}],"inLanguage":"fr-FR"},{"@type":"Organization","@id":"https:\/\/www.cinesouk.ma\/#organization","name":"CineSouk","url":"https:\/\/www.cinesouk.ma\/","logo":{"@type":"ImageObject","inLanguage":"fr-FR","@id":"https:\/\/www.cinesouk.ma\/#\/schema\/logo\/image\/","url":"https:\/\/www.cinesouk.ma\/wp-content\/uploads\/2024\/01\/CineSouk-logo-v01-alpha-alligned-left.png","contentUrl":"https:\/\/www.cinesouk.ma\/wp-content\/uploads\/2024\/01\/CineSouk-logo-v01-alpha-alligned-left.png","width":3204,"height":889,"caption":"CineSouk"},"image":{"@id":"https:\/\/www.cinesouk.ma\/#\/schema\/logo\/image\/"}}]}},"_links":{"self":[{"href":"https:\/\/www.cinesouk.ma\/fr\/wp-json\/wp\/v2\/product\/2820","targetHints":{"allow":["GET"]}}],"collection":[{"href":"https:\/\/www.cinesouk.ma\/fr\/wp-json\/wp\/v2\/product"}],"about":[{"href":"https:\/\/www.cinesouk.ma\/fr\/wp-json\/wp\/v2\/types\/product"}],"wp:featuredmedia":[{"embeddable":true,"href":"https:\/\/www.cinesouk.ma\/fr\/wp-json\/wp\/v2\/media\/2821"}],"wp:attachment":[{"href":"https:\/\/www.cinesouk.ma\/fr\/wp-json\/wp\/v2\/media?parent=2820"}],"wp:term":[{"taxonomy":"product_brand","embeddable":true,"href":"https:\/\/www.cinesouk.ma\/fr\/wp-json\/wp\/v2\/product_brand?post=2820"},{"taxonomy":"product_cat","embeddable":true,"href":"https:\/\/www.cinesouk.ma\/fr\/wp-json\/wp\/v2\/product_cat?post=2820"},{"taxonomy":"product_tag","embeddable":true,"href":"https:\/\/www.cinesouk.ma\/fr\/wp-json\/wp\/v2\/product_tag?post=2820"}],"curies":[{"name":"wp","href":"https:\/\/api.w.org\/{rel}","templated":true}]}}