{"id":2823,"date":"2024-01-07T09:10:05","date_gmt":"2024-01-07T09:10:05","guid":{"rendered":"https:\/\/www.cinesouk.ma\/?post_type=product&#038;p=2823"},"modified":"2025-08-26T12:47:02","modified_gmt":"2025-08-26T12:47:02","slug":"manfrotto-friction-arm","status":"publish","type":"product","link":"https:\/\/www.cinesouk.ma\/fr\/produit\/manfrotto-friction-arm\/","title":{"rendered":"Bras \u00e0 friction Manfrotto"},"content":{"rendered":"<p>Am\u00e9liorez votre appareil photo avec le bras \u00e0 friction Manfrotto. Il s'agit d'un accessoire polyvalent et durable pour le montage de lumi\u00e8res, de moniteurs et d'autres \u00e9quipements. R\u00e9put\u00e9 pour sa qualit\u00e9 de fabrication exceptionnelle, ce bras \u00e0 friction offre aux cin\u00e9astes et aux photographes une solution flexible et pr\u00e9cise pour le positionnement des accessoires dans divers sc\u00e9narios de tournage.<\/p>\n<p>Le bras \u00e0 friction Manfrotto est dot\u00e9 d'articulations r\u00e9glables et d'une conception robuste, offrant stabilit\u00e9 et polyvalence. Compatible avec de nombreux accessoires de prise de vue, le bras est un gage de qualit\u00e9 et d'innovation. C'est le choix id\u00e9al pour les professionnels \u00e0 la recherche d'un bras fiable et ajustable pour am\u00e9liorer leur \u00e9quipement de prise de vue.<\/p>\n<p>Louez-le maintenant sur <a href=\"https:\/\/www.cinesouk.ma\/fr\">CINESOUK<\/a> - une marque de <a href=\"https:\/\/www.broadway.ma\/\">BROADWAY PRODUCTIONS SARL.<\/a><\/p>","protected":false},"excerpt":{"rendered":"<p>Sp\u00e9cifications<\/p>\n<p>Poids : 1,09 kg<br \/>\nCharge utile : 3 kg<br \/>\nLongueur du bras : 53 cm<br \/>\nFixation sup\u00e9rieure : Filet femelle 3\/8\u2033, goujon 5\/8\u2033 (16 mm)<br \/>\nFixation (en bas) : Filet femelle de 1\/4\u2033, goujon de 5\/8\u2033 (16 mm)<\/p>","protected":false},"featured_media":2824,"template":"","meta":{"om_disable_all_campaigns":false,"_monsterinsights_skip_tracking":false,"_monsterinsights_sitenote_active":false,"_monsterinsights_sitenote_note":"","_monsterinsights_sitenote_category":0,"_uf_show_specific_survey":0,"_uf_disable_surveys":false},"product_brand":[],"product_cat":[38],"product_tag":[],"class_list":{"0":"post-2823","1":"product","2":"type-product","3":"status-publish","4":"has-post-thumbnail","6":"product_cat-grip-cinesouk","8":"entry","9":"has-media","11":"first","12":"instock","13":"taxable","14":"shipping-taxable","15":"purchasable","16":"product-type-variable","17":"has-product-nav","18":"col","19":"span_1_of_3","20":"owp-content-center","21":"owp-thumbs-layout-horizontal","22":"owp-btn-normal","23":"owp-tabs-layout-horizontal","24":"has-no-thumbnails"},"yoast_head":"<!-- This site is optimized with the Yoast SEO Premium plugin v26.0 (Yoast SEO v26.0) - https:\/\/yoast.com\/wordpress\/plugins\/seo\/ -->\n<title>Manfrotto Friction Arm - Marrakech | Morocco - CineSouk - For rent<\/title>\n<meta name=\"description\" content=\"Manfrotto Friction Arm: Achieve secure and adaptable equipment mounting with this versatile and robust accessory for diverse setups.\" \/>\n<meta name=\"robots\" content=\"index, follow, max-snippet:-1, max-image-preview:large, max-video-preview:-1\" \/>\n<link rel=\"canonical\" href=\"https:\/\/www.cinesouk.ma\/fr\/produit\/manfrotto-friction-arm\/\" \/>\n<meta property=\"og:locale\" content=\"fr_FR\" \/>\n<meta property=\"og:type\" content=\"article\" \/>\n<meta property=\"og:title\" content=\"Manfrotto Friction Arm\" \/>\n<meta property=\"og:description\" content=\"Manfrotto Friction Arm: Achieve secure and adaptable equipment mounting with this versatile and robust accessory for diverse setups.\" \/>\n<meta property=\"og:url\" content=\"https:\/\/www.cinesouk.ma\/fr\/produit\/manfrotto-friction-arm\/\" \/>\n<meta property=\"og:site_name\" content=\"CineSouk\" \/>\n<meta property=\"article:modified_time\" content=\"2025-08-26T12:47:02+00:00\" \/>\n<meta property=\"og:image\" content=\"https:\/\/www.cinesouk.ma\/wp-content\/uploads\/2024\/01\/arm-variable-friction-arm-wbracket-244-07.jpg\" \/>\n\t<meta property=\"og:image:width\" content=\"300\" \/>\n\t<meta property=\"og:image:height\" content=\"238\" \/>\n\t<meta property=\"og:image:type\" content=\"image\/jpeg\" \/>\n<meta name=\"twitter:card\" content=\"summary_large_image\" \/>\n<meta name=\"twitter:description\" content=\"Manfrotto Friction Arm: Achieve secure and adaptable equipment mounting with this versatile and robust accessory for diverse setups.\" \/>\n<meta name=\"twitter:label1\" content=\"Dur\u00e9e de lecture estim\u00e9e\" \/>\n\t<meta name=\"twitter:data1\" content=\"1 minute\" \/>\n<script type=\"application\/ld+json\" class=\"yoast-schema-graph\">{\"@context\":\"https:\/\/schema.org\",\"@graph\":[{\"@type\":\"WebPage\",\"@id\":\"https:\/\/www.cinesouk.ma\/product\/manfrotto-friction-arm\/\",\"url\":\"https:\/\/www.cinesouk.ma\/product\/manfrotto-friction-arm\/\",\"name\":\"Manfrotto Friction Arm - Marrakech | Morocco - CineSouk - For rent\",\"isPartOf\":{\"@id\":\"https:\/\/www.cinesouk.ma\/#website\"},\"primaryImageOfPage\":{\"@id\":\"https:\/\/www.cinesouk.ma\/product\/manfrotto-friction-arm\/#primaryimage\"},\"image\":{\"@id\":\"https:\/\/www.cinesouk.ma\/product\/manfrotto-friction-arm\/#primaryimage\"},\"thumbnailUrl\":\"https:\/\/www.cinesouk.ma\/wp-content\/uploads\/2024\/01\/arm-variable-friction-arm-wbracket-244-07.jpg\",\"datePublished\":\"2024-01-07T09:10:05+00:00\",\"dateModified\":\"2025-08-26T12:47:02+00:00\",\"description\":\"Manfrotto Friction Arm: Achieve secure and adaptable equipment mounting with this versatile and robust accessory for diverse setups.\",\"breadcrumb\":{\"@id\":\"https:\/\/www.cinesouk.ma\/product\/manfrotto-friction-arm\/#breadcrumb\"},\"inLanguage\":\"fr-FR\",\"potentialAction\":[{\"@type\":\"ReadAction\",\"target\":[\"https:\/\/www.cinesouk.ma\/product\/manfrotto-friction-arm\/\"]}]},{\"@type\":\"ImageObject\",\"inLanguage\":\"fr-FR\",\"@id\":\"https:\/\/www.cinesouk.ma\/product\/manfrotto-friction-arm\/#primaryimage\",\"url\":\"https:\/\/www.cinesouk.ma\/wp-content\/uploads\/2024\/01\/arm-variable-friction-arm-wbracket-244-07.jpg\",\"contentUrl\":\"https:\/\/www.cinesouk.ma\/wp-content\/uploads\/2024\/01\/arm-variable-friction-arm-wbracket-244-07.jpg\",\"width\":300,\"height\":238,\"caption\":\"Manfrotto Friction Arm\"},{\"@type\":\"BreadcrumbList\",\"@id\":\"https:\/\/www.cinesouk.ma\/product\/manfrotto-friction-arm\/#breadcrumb\",\"itemListElement\":[{\"@type\":\"ListItem\",\"position\":1,\"name\":\"Home\",\"item\":\"https:\/\/www.cinesouk.ma\/\"},{\"@type\":\"ListItem\",\"position\":2,\"name\":\"Shop\",\"item\":\"https:\/\/www.cinesouk.ma\/shop\/\"},{\"@type\":\"ListItem\",\"position\":3,\"name\":\"Manfrotto Friction Arm\"}]},{\"@type\":\"WebSite\",\"@id\":\"https:\/\/www.cinesouk.ma\/#website\",\"url\":\"https:\/\/www.cinesouk.ma\/\",\"name\":\"CineSouk\",\"description\":\"\",\"publisher\":{\"@id\":\"https:\/\/www.cinesouk.ma\/#organization\"},\"potentialAction\":[{\"@type\":\"SearchAction\",\"target\":{\"@type\":\"EntryPoint\",\"urlTemplate\":\"https:\/\/www.cinesouk.ma\/?s={search_term_string}\"},\"query-input\":{\"@type\":\"PropertyValueSpecification\",\"valueRequired\":true,\"valueName\":\"search_term_string\"}}],\"inLanguage\":\"fr-FR\"},{\"@type\":\"Organization\",\"@id\":\"https:\/\/www.cinesouk.ma\/#organization\",\"name\":\"CineSouk\",\"url\":\"https:\/\/www.cinesouk.ma\/\",\"logo\":{\"@type\":\"ImageObject\",\"inLanguage\":\"fr-FR\",\"@id\":\"https:\/\/www.cinesouk.ma\/#\/schema\/logo\/image\/\",\"url\":\"https:\/\/www.cinesouk.ma\/wp-content\/uploads\/2024\/01\/CineSouk-logo-v01-alpha-alligned-left.png\",\"contentUrl\":\"https:\/\/www.cinesouk.ma\/wp-content\/uploads\/2024\/01\/CineSouk-logo-v01-alpha-alligned-left.png\",\"width\":3204,\"height\":889,\"caption\":\"CineSouk\"},\"image\":{\"@id\":\"https:\/\/www.cinesouk.ma\/#\/schema\/logo\/image\/\"}}]}<\/script>\n<!-- \/ Yoast SEO Premium plugin. -->","yoast_head_json":{"title":"Manfrotto Friction Arm - Marrakech | Morocco - CineSouk - For rent","description":"Manfrotto Friction Arm: Achieve secure and adaptable equipment mounting with this versatile and robust accessory for diverse setups.","robots":{"index":"index","follow":"follow","max-snippet":"max-snippet:-1","max-image-preview":"max-image-preview:large","max-video-preview":"max-video-preview:-1"},"canonical":"https:\/\/www.cinesouk.ma\/fr\/produit\/manfrotto-friction-arm\/","og_locale":"fr_FR","og_type":"article","og_title":"Manfrotto Friction Arm","og_description":"Manfrotto Friction Arm: Achieve secure and adaptable equipment mounting with this versatile and robust accessory for diverse setups.","og_url":"https:\/\/www.cinesouk.ma\/fr\/produit\/manfrotto-friction-arm\/","og_site_name":"CineSouk","article_modified_time":"2025-08-26T12:47:02+00:00","og_image":[{"width":300,"height":238,"url":"https:\/\/www.cinesouk.ma\/wp-content\/uploads\/2024\/01\/arm-variable-friction-arm-wbracket-244-07.jpg","type":"image\/jpeg"}],"twitter_card":"summary_large_image","twitter_description":"Manfrotto Friction Arm: Achieve secure and adaptable equipment mounting with this versatile and robust accessory for diverse setups.","twitter_misc":{"Dur\u00e9e de lecture estim\u00e9e":"1 minute"},"schema":{"@context":"https:\/\/schema.org","@graph":[{"@type":"WebPage","@id":"https:\/\/www.cinesouk.ma\/product\/manfrotto-friction-arm\/","url":"https:\/\/www.cinesouk.ma\/product\/manfrotto-friction-arm\/","name":"Manfrotto Friction Arm - Marrakech | Morocco - CineSouk - For rent","isPartOf":{"@id":"https:\/\/www.cinesouk.ma\/#website"},"primaryImageOfPage":{"@id":"https:\/\/www.cinesouk.ma\/product\/manfrotto-friction-arm\/#primaryimage"},"image":{"@id":"https:\/\/www.cinesouk.ma\/product\/manfrotto-friction-arm\/#primaryimage"},"thumbnailUrl":"https:\/\/www.cinesouk.ma\/wp-content\/uploads\/2024\/01\/arm-variable-friction-arm-wbracket-244-07.jpg","datePublished":"2024-01-07T09:10:05+00:00","dateModified":"2025-08-26T12:47:02+00:00","description":"Manfrotto Friction Arm: Achieve secure and adaptable equipment mounting with this versatile and robust accessory for diverse setups.","breadcrumb":{"@id":"https:\/\/www.cinesouk.ma\/product\/manfrotto-friction-arm\/#breadcrumb"},"inLanguage":"fr-FR","potentialAction":[{"@type":"ReadAction","target":["https:\/\/www.cinesouk.ma\/product\/manfrotto-friction-arm\/"]}]},{"@type":"ImageObject","inLanguage":"fr-FR","@id":"https:\/\/www.cinesouk.ma\/product\/manfrotto-friction-arm\/#primaryimage","url":"https:\/\/www.cinesouk.ma\/wp-content\/uploads\/2024\/01\/arm-variable-friction-arm-wbracket-244-07.jpg","contentUrl":"https:\/\/www.cinesouk.ma\/wp-content\/uploads\/2024\/01\/arm-variable-friction-arm-wbracket-244-07.jpg","width":300,"height":238,"caption":"Manfrotto Friction Arm"},{"@type":"BreadcrumbList","@id":"https:\/\/www.cinesouk.ma\/product\/manfrotto-friction-arm\/#breadcrumb","itemListElement":[{"@type":"ListItem","position":1,"name":"Home","item":"https:\/\/www.cinesouk.ma\/"},{"@type":"ListItem","position":2,"name":"Shop","item":"https:\/\/www.cinesouk.ma\/shop\/"},{"@type":"ListItem","position":3,"name":"Manfrotto Friction Arm"}]},{"@type":"WebSite","@id":"https:\/\/www.cinesouk.ma\/#website","url":"https:\/\/www.cinesouk.ma\/","name":"CineSouk","description":"","publisher":{"@id":"https:\/\/www.cinesouk.ma\/#organization"},"potentialAction":[{"@type":"SearchAction","target":{"@type":"EntryPoint","urlTemplate":"https:\/\/www.cinesouk.ma\/?s={search_term_string}"},"query-input":{"@type":"PropertyValueSpecification","valueRequired":true,"valueName":"search_term_string"}}],"inLanguage":"fr-FR"},{"@type":"Organization","@id":"https:\/\/www.cinesouk.ma\/#organization","name":"CineSouk","url":"https:\/\/www.cinesouk.ma\/","logo":{"@type":"ImageObject","inLanguage":"fr-FR","@id":"https:\/\/www.cinesouk.ma\/#\/schema\/logo\/image\/","url":"https:\/\/www.cinesouk.ma\/wp-content\/uploads\/2024\/01\/CineSouk-logo-v01-alpha-alligned-left.png","contentUrl":"https:\/\/www.cinesouk.ma\/wp-content\/uploads\/2024\/01\/CineSouk-logo-v01-alpha-alligned-left.png","width":3204,"height":889,"caption":"CineSouk"},"image":{"@id":"https:\/\/www.cinesouk.ma\/#\/schema\/logo\/image\/"}}]}},"_links":{"self":[{"href":"https:\/\/www.cinesouk.ma\/fr\/wp-json\/wp\/v2\/product\/2823","targetHints":{"allow":["GET"]}}],"collection":[{"href":"https:\/\/www.cinesouk.ma\/fr\/wp-json\/wp\/v2\/product"}],"about":[{"href":"https:\/\/www.cinesouk.ma\/fr\/wp-json\/wp\/v2\/types\/product"}],"wp:featuredmedia":[{"embeddable":true,"href":"https:\/\/www.cinesouk.ma\/fr\/wp-json\/wp\/v2\/media\/2824"}],"wp:attachment":[{"href":"https:\/\/www.cinesouk.ma\/fr\/wp-json\/wp\/v2\/media?parent=2823"}],"wp:term":[{"taxonomy":"product_brand","embeddable":true,"href":"https:\/\/www.cinesouk.ma\/fr\/wp-json\/wp\/v2\/product_brand?post=2823"},{"taxonomy":"product_cat","embeddable":true,"href":"https:\/\/www.cinesouk.ma\/fr\/wp-json\/wp\/v2\/product_cat?post=2823"},{"taxonomy":"product_tag","embeddable":true,"href":"https:\/\/www.cinesouk.ma\/fr\/wp-json\/wp\/v2\/product_tag?post=2823"}],"curies":[{"name":"wp","href":"https:\/\/api.w.org\/{rel}","templated":true}]}}