{"id":285,"date":"2024-01-09T10:23:19","date_gmt":"2024-01-09T10:23:19","guid":{"rendered":"https:\/\/www.cinesouk.ma\/?post_type=product&#038;p=285"},"modified":"2025-08-26T14:56:51","modified_gmt":"2025-08-26T14:56:51","slug":"sennheiser-clip-on-set-eng","status":"publish","type":"product","link":"https:\/\/www.cinesouk.ma\/fr\/produit\/sennheiser-clip-on-set-eng\/","title":{"rendered":"Set de clips Sennheiser"},"content":{"rendered":"<p>L'ensemble Clip-on de Sennheiser contient :<\/p>\n<h2>EK 500 G4 AW+<\/h2>\n<p>Ce puissant \u00e9metteur de poche, dot\u00e9 d'une bande passante et d'une puissance d'\u00e9mission accrues, est pr\u00eat \u00e0 conqu\u00e9rir les plus grandes sc\u00e8nes du monde. Il est con\u00e7u pour les syst\u00e8mes sans fil evolution G4 de la s\u00e9rie 500.<\/p>\n<h4>Caract\u00e9ristiques de l'EK 500 G4 AW+ :<\/h4>\n<ul>\n<li>Un son professionnel et une excellente qualit\u00e9 de construction<\/li>\n<li>Facilit\u00e9 d'utilisation et rapidit\u00e9 d'installation<\/li>\n<li>Synchronisation sans fil simple et flexible entre l'\u00e9metteur et le r\u00e9cepteur par infrarouge<\/li>\n<li>Largeur de bande jusqu'\u00e0 88 MHz, jusqu'\u00e0 32 canaux<\/li>\n<li>Port\u00e9e : jusqu'\u00e0 100 m\u00e8tres \/ 330 pieds<\/li>\n<li>Puissance de sortie RF accrue (10\/30\/50 mW)<\/li>\n<li>Jusqu'\u00e0 8 heures d'autonomie<\/li>\n<\/ul>\n<h2>SKP 500 G4 AW+<\/h2>\n<p>Puissant r\u00e9cepteur de cam\u00e9ra noir avec une bande passante et une puissance de transmission accrues pour les syst\u00e8mes sans fil evolution G4 de la s\u00e9rie 500P. Pour les productions cin\u00e9matographiques professionnelles, facile \u00e0 monter sur n'importe quel type de cam\u00e9ra.<\/p>\n<h4>Caract\u00e9ristiques de l'EK SKP 500 G4 AW+ :<\/h4>\n<ul>\n<li>Un son professionnel et une excellente qualit\u00e9 de construction<\/li>\n<li>Facilit\u00e9 d'utilisation et rapidit\u00e9 d'installation<\/li>\n<li>Synchronisation sans fil simple et flexible entre l'\u00e9metteur et le r\u00e9cepteur par infrarouge<\/li>\n<li>Largeur de bande jusqu'\u00e0 88 MHz, jusqu'\u00e0 32 canaux<\/li>\n<li>Port\u00e9e : jusqu'\u00e0 100 m\u00e8tres \/ 330 pieds<\/li>\n<li>Puissance de sortie RF accrue (10\/30\/50 mW)<\/li>\n<li>Jusqu'\u00e0 8 heures d'autonomie<\/li>\n<li>Avec alimentation fant\u00f4me 48 V<\/li>\n<\/ul>\n<p>Louez le Sennheiser Clip-on Set maintenant sur <a href=\"https:\/\/www.cinesouk.ma\/fr\">CINESOUK<\/a> - une marque de <a href=\"https:\/\/www.broadway.ma\/\">BROADWAY PRODUCTIONS SARL.<\/a><\/p>","protected":false},"excerpt":{"rendered":"<p>Sp\u00e9cifications<\/p>\n<p><strong>EK 500 G4 AW+<\/strong><\/p>\n<ul>\n<li><strong>Bande de fr\u00e9quence :<\/strong> 470 \u00e0 558 MHz<\/li>\n<li><strong>Fr\u00e9quence de r\u00e9ception :<\/strong> Max 3520 fr\u00e9quences de r\u00e9ception, r\u00e9glables par pas de 25 MHz<br \/>\n20 banques de fr\u00e9quences, chacune pouvant contenir jusqu'\u00e0 32 canaux pr\u00e9r\u00e9gl\u00e9s en usine<\/li>\n<li><strong>Dur\u00e9e de fonctionnement :<\/strong> 8 heures<\/li>\n<\/ul>\n<p>&nbsp;<\/p>\n<p><strong>SKP 500 G4 AW+<\/strong><\/p>\n<ul>\n<li><strong>Gamme de fr\u00e9quences :<\/strong> 470 \u00e0 558 MHz<\/li>\n<li><strong>R\u00e9ponse en fr\u00e9quence AF<\/strong>Dur\u00e9e d'utilisation : 80 Hz \u00e0 18 KHz<\/li>\n<li><strong>Plage de fonctionnement :<\/strong> 8 heures<\/li>\n<\/ul>\n<p>&nbsp;<\/p>","protected":false},"featured_media":315,"template":"","meta":{"om_disable_all_campaigns":false,"_monsterinsights_skip_tracking":false,"_monsterinsights_sitenote_active":false,"_monsterinsights_sitenote_note":"","_monsterinsights_sitenote_category":0,"_uf_show_specific_survey":0,"_uf_disable_surveys":false},"product_brand":[],"product_cat":[83,86,35],"product_tag":[],"class_list":{"0":"post-285","1":"product","2":"type-product","3":"status-publish","4":"has-post-thumbnail","6":"product_cat-efp-eng-cinesouk","7":"product_cat-foh-cinesouk","8":"product_cat-sound-cinesouk","10":"entry","11":"has-media","13":"first","14":"instock","15":"taxable","16":"shipping-taxable","17":"purchasable","18":"product-type-variable","19":"has-product-nav","20":"col","21":"span_1_of_3","22":"owp-content-center","23":"owp-thumbs-layout-horizontal","24":"owp-btn-normal","25":"owp-tabs-layout-horizontal","26":"has-no-thumbnails"},"yoast_head":"<!-- This site is optimized with the Yoast SEO Premium plugin v26.0 (Yoast SEO v26.0) - https:\/\/yoast.com\/wordpress\/plugins\/seo\/ -->\n<title>Sennheiser Clip-on Set - CineSouk - For rent<\/title>\n<meta name=\"description\" content=\"Sennheiser Clip-on Set ENG consists of a powerful black camera receiver and a black plug-on transmitter. - CineSouk - For rent.\" \/>\n<meta name=\"robots\" content=\"index, follow, max-snippet:-1, max-image-preview:large, max-video-preview:-1\" \/>\n<link rel=\"canonical\" href=\"https:\/\/www.cinesouk.ma\/fr\/produit\/sennheiser-clip-on-set-eng\/\" \/>\n<meta property=\"og:locale\" content=\"fr_FR\" \/>\n<meta property=\"og:type\" content=\"article\" \/>\n<meta property=\"og:title\" content=\"Sennheiser Clip-on Set ENG\" \/>\n<meta property=\"og:description\" content=\"The Sennheiser Clip-on Set ENG includes a powerful black camera receiver and a black plug-on transmitter.\" \/>\n<meta property=\"og:url\" content=\"https:\/\/www.cinesouk.ma\/fr\/produit\/sennheiser-clip-on-set-eng\/\" \/>\n<meta property=\"og:site_name\" content=\"CineSouk\" \/>\n<meta property=\"article:modified_time\" content=\"2025-08-26T14:56:51+00:00\" \/>\n<meta property=\"og:image\" content=\"https:\/\/www.cinesouk.ma\/wp-content\/uploads\/2024\/01\/Sennheiser-Cliponzender-set-ENG.jpg\" \/>\n\t<meta property=\"og:image:width\" content=\"300\" \/>\n\t<meta property=\"og:image:height\" content=\"238\" \/>\n\t<meta property=\"og:image:type\" content=\"image\/jpeg\" \/>\n<meta name=\"twitter:card\" content=\"summary_large_image\" \/>\n<meta name=\"twitter:title\" content=\"Sennheiser Clip-on Set ENG\" \/>\n<meta name=\"twitter:description\" content=\"The Sennheiser Clip-on Set ENG includes a powerful black camera receiver and a black plug-on transmitter.\" \/>\n<meta name=\"twitter:label1\" content=\"Dur\u00e9e de lecture estim\u00e9e\" \/>\n\t<meta name=\"twitter:data1\" content=\"2 minutes\" \/>\n<script type=\"application\/ld+json\" class=\"yoast-schema-graph\">{\"@context\":\"https:\/\/schema.org\",\"@graph\":[{\"@type\":\"WebPage\",\"@id\":\"https:\/\/www.cinesouk.ma\/product\/sennheiser-clip-on-set-eng\/\",\"url\":\"https:\/\/www.cinesouk.ma\/product\/sennheiser-clip-on-set-eng\/\",\"name\":\"Sennheiser Clip-on Set - CineSouk - For rent\",\"isPartOf\":{\"@id\":\"https:\/\/www.cinesouk.ma\/#website\"},\"primaryImageOfPage\":{\"@id\":\"https:\/\/www.cinesouk.ma\/product\/sennheiser-clip-on-set-eng\/#primaryimage\"},\"image\":{\"@id\":\"https:\/\/www.cinesouk.ma\/product\/sennheiser-clip-on-set-eng\/#primaryimage\"},\"thumbnailUrl\":\"https:\/\/www.cinesouk.ma\/wp-content\/uploads\/2024\/01\/Sennheiser-Cliponzender-set-ENG.jpg\",\"datePublished\":\"2024-01-09T10:23:19+00:00\",\"dateModified\":\"2025-08-26T14:56:51+00:00\",\"description\":\"Sennheiser Clip-on Set ENG consists of a powerful black camera receiver and a black plug-on transmitter. - CineSouk - For rent.\",\"breadcrumb\":{\"@id\":\"https:\/\/www.cinesouk.ma\/product\/sennheiser-clip-on-set-eng\/#breadcrumb\"},\"inLanguage\":\"fr-FR\",\"potentialAction\":[{\"@type\":\"ReadAction\",\"target\":[\"https:\/\/www.cinesouk.ma\/product\/sennheiser-clip-on-set-eng\/\"]}]},{\"@type\":\"ImageObject\",\"inLanguage\":\"fr-FR\",\"@id\":\"https:\/\/www.cinesouk.ma\/product\/sennheiser-clip-on-set-eng\/#primaryimage\",\"url\":\"https:\/\/www.cinesouk.ma\/wp-content\/uploads\/2024\/01\/Sennheiser-Cliponzender-set-ENG.jpg\",\"contentUrl\":\"https:\/\/www.cinesouk.ma\/wp-content\/uploads\/2024\/01\/Sennheiser-Cliponzender-set-ENG.jpg\",\"width\":300,\"height\":238},{\"@type\":\"BreadcrumbList\",\"@id\":\"https:\/\/www.cinesouk.ma\/product\/sennheiser-clip-on-set-eng\/#breadcrumb\",\"itemListElement\":[{\"@type\":\"ListItem\",\"position\":1,\"name\":\"Home\",\"item\":\"https:\/\/www.cinesouk.ma\/\"},{\"@type\":\"ListItem\",\"position\":2,\"name\":\"Shop\",\"item\":\"https:\/\/www.cinesouk.ma\/shop\/\"},{\"@type\":\"ListItem\",\"position\":3,\"name\":\"Sennheiser Clip-on Set\"}]},{\"@type\":\"WebSite\",\"@id\":\"https:\/\/www.cinesouk.ma\/#website\",\"url\":\"https:\/\/www.cinesouk.ma\/\",\"name\":\"CineSouk\",\"description\":\"\",\"publisher\":{\"@id\":\"https:\/\/www.cinesouk.ma\/#organization\"},\"potentialAction\":[{\"@type\":\"SearchAction\",\"target\":{\"@type\":\"EntryPoint\",\"urlTemplate\":\"https:\/\/www.cinesouk.ma\/?s={search_term_string}\"},\"query-input\":{\"@type\":\"PropertyValueSpecification\",\"valueRequired\":true,\"valueName\":\"search_term_string\"}}],\"inLanguage\":\"fr-FR\"},{\"@type\":\"Organization\",\"@id\":\"https:\/\/www.cinesouk.ma\/#organization\",\"name\":\"CineSouk\",\"url\":\"https:\/\/www.cinesouk.ma\/\",\"logo\":{\"@type\":\"ImageObject\",\"inLanguage\":\"fr-FR\",\"@id\":\"https:\/\/www.cinesouk.ma\/#\/schema\/logo\/image\/\",\"url\":\"https:\/\/www.cinesouk.ma\/wp-content\/uploads\/2024\/01\/CineSouk-logo-v01-alpha-alligned-left.png\",\"contentUrl\":\"https:\/\/www.cinesouk.ma\/wp-content\/uploads\/2024\/01\/CineSouk-logo-v01-alpha-alligned-left.png\",\"width\":3204,\"height\":889,\"caption\":\"CineSouk\"},\"image\":{\"@id\":\"https:\/\/www.cinesouk.ma\/#\/schema\/logo\/image\/\"}}]}<\/script>\n<!-- \/ Yoast SEO Premium plugin. -->","yoast_head_json":{"title":"Sennheiser Clip-on Set - CineSouk - For rent","description":"Sennheiser Clip-on Set ENG consists of a powerful black camera receiver and a black plug-on transmitter. - CineSouk - For rent.","robots":{"index":"index","follow":"follow","max-snippet":"max-snippet:-1","max-image-preview":"max-image-preview:large","max-video-preview":"max-video-preview:-1"},"canonical":"https:\/\/www.cinesouk.ma\/fr\/produit\/sennheiser-clip-on-set-eng\/","og_locale":"fr_FR","og_type":"article","og_title":"Sennheiser Clip-on Set ENG","og_description":"The Sennheiser Clip-on Set ENG includes a powerful black camera receiver and a black plug-on transmitter.","og_url":"https:\/\/www.cinesouk.ma\/fr\/produit\/sennheiser-clip-on-set-eng\/","og_site_name":"CineSouk","article_modified_time":"2025-08-26T14:56:51+00:00","og_image":[{"width":300,"height":238,"url":"https:\/\/www.cinesouk.ma\/wp-content\/uploads\/2024\/01\/Sennheiser-Cliponzender-set-ENG.jpg","type":"image\/jpeg"}],"twitter_card":"summary_large_image","twitter_title":"Sennheiser Clip-on Set ENG","twitter_description":"The Sennheiser Clip-on Set ENG includes a powerful black camera receiver and a black plug-on transmitter.","twitter_misc":{"Dur\u00e9e de lecture estim\u00e9e":"2 minutes"},"schema":{"@context":"https:\/\/schema.org","@graph":[{"@type":"WebPage","@id":"https:\/\/www.cinesouk.ma\/product\/sennheiser-clip-on-set-eng\/","url":"https:\/\/www.cinesouk.ma\/product\/sennheiser-clip-on-set-eng\/","name":"Sennheiser Clip-on Set - CineSouk - For rent","isPartOf":{"@id":"https:\/\/www.cinesouk.ma\/#website"},"primaryImageOfPage":{"@id":"https:\/\/www.cinesouk.ma\/product\/sennheiser-clip-on-set-eng\/#primaryimage"},"image":{"@id":"https:\/\/www.cinesouk.ma\/product\/sennheiser-clip-on-set-eng\/#primaryimage"},"thumbnailUrl":"https:\/\/www.cinesouk.ma\/wp-content\/uploads\/2024\/01\/Sennheiser-Cliponzender-set-ENG.jpg","datePublished":"2024-01-09T10:23:19+00:00","dateModified":"2025-08-26T14:56:51+00:00","description":"Sennheiser Clip-on Set ENG consists of a powerful black camera receiver and a black plug-on transmitter. - CineSouk - For rent.","breadcrumb":{"@id":"https:\/\/www.cinesouk.ma\/product\/sennheiser-clip-on-set-eng\/#breadcrumb"},"inLanguage":"fr-FR","potentialAction":[{"@type":"ReadAction","target":["https:\/\/www.cinesouk.ma\/product\/sennheiser-clip-on-set-eng\/"]}]},{"@type":"ImageObject","inLanguage":"fr-FR","@id":"https:\/\/www.cinesouk.ma\/product\/sennheiser-clip-on-set-eng\/#primaryimage","url":"https:\/\/www.cinesouk.ma\/wp-content\/uploads\/2024\/01\/Sennheiser-Cliponzender-set-ENG.jpg","contentUrl":"https:\/\/www.cinesouk.ma\/wp-content\/uploads\/2024\/01\/Sennheiser-Cliponzender-set-ENG.jpg","width":300,"height":238},{"@type":"BreadcrumbList","@id":"https:\/\/www.cinesouk.ma\/product\/sennheiser-clip-on-set-eng\/#breadcrumb","itemListElement":[{"@type":"ListItem","position":1,"name":"Home","item":"https:\/\/www.cinesouk.ma\/"},{"@type":"ListItem","position":2,"name":"Shop","item":"https:\/\/www.cinesouk.ma\/shop\/"},{"@type":"ListItem","position":3,"name":"Sennheiser Clip-on Set"}]},{"@type":"WebSite","@id":"https:\/\/www.cinesouk.ma\/#website","url":"https:\/\/www.cinesouk.ma\/","name":"CineSouk","description":"","publisher":{"@id":"https:\/\/www.cinesouk.ma\/#organization"},"potentialAction":[{"@type":"SearchAction","target":{"@type":"EntryPoint","urlTemplate":"https:\/\/www.cinesouk.ma\/?s={search_term_string}"},"query-input":{"@type":"PropertyValueSpecification","valueRequired":true,"valueName":"search_term_string"}}],"inLanguage":"fr-FR"},{"@type":"Organization","@id":"https:\/\/www.cinesouk.ma\/#organization","name":"CineSouk","url":"https:\/\/www.cinesouk.ma\/","logo":{"@type":"ImageObject","inLanguage":"fr-FR","@id":"https:\/\/www.cinesouk.ma\/#\/schema\/logo\/image\/","url":"https:\/\/www.cinesouk.ma\/wp-content\/uploads\/2024\/01\/CineSouk-logo-v01-alpha-alligned-left.png","contentUrl":"https:\/\/www.cinesouk.ma\/wp-content\/uploads\/2024\/01\/CineSouk-logo-v01-alpha-alligned-left.png","width":3204,"height":889,"caption":"CineSouk"},"image":{"@id":"https:\/\/www.cinesouk.ma\/#\/schema\/logo\/image\/"}}]}},"_links":{"self":[{"href":"https:\/\/www.cinesouk.ma\/fr\/wp-json\/wp\/v2\/product\/285","targetHints":{"allow":["GET"]}}],"collection":[{"href":"https:\/\/www.cinesouk.ma\/fr\/wp-json\/wp\/v2\/product"}],"about":[{"href":"https:\/\/www.cinesouk.ma\/fr\/wp-json\/wp\/v2\/types\/product"}],"wp:featuredmedia":[{"embeddable":true,"href":"https:\/\/www.cinesouk.ma\/fr\/wp-json\/wp\/v2\/media\/315"}],"wp:attachment":[{"href":"https:\/\/www.cinesouk.ma\/fr\/wp-json\/wp\/v2\/media?parent=285"}],"wp:term":[{"taxonomy":"product_brand","embeddable":true,"href":"https:\/\/www.cinesouk.ma\/fr\/wp-json\/wp\/v2\/product_brand?post=285"},{"taxonomy":"product_cat","embeddable":true,"href":"https:\/\/www.cinesouk.ma\/fr\/wp-json\/wp\/v2\/product_cat?post=285"},{"taxonomy":"product_tag","embeddable":true,"href":"https:\/\/www.cinesouk.ma\/fr\/wp-json\/wp\/v2\/product_tag?post=285"}],"curies":[{"name":"wp","href":"https:\/\/api.w.org\/{rel}","templated":true}]}}