{"id":2888,"date":"2024-02-20T17:00:57","date_gmt":"2024-02-20T17:00:57","guid":{"rendered":"https:\/\/www.cinesouk.ma\/?post_type=product&#038;p=2888"},"modified":"2025-08-28T08:25:59","modified_gmt":"2025-08-28T08:25:59","slug":"easyrig-minimax","status":"publish","type":"product","link":"https:\/\/www.cinesouk.ma\/fr\/produit\/easyrig-minimax\/","title":{"rendered":"Easyrig Minimax"},"content":{"rendered":"<p>L'Easyrig Minimax est une solution compacte pour le travail stable de la cam\u00e9ra \u00e0 main. Il peut \u00eatre ajust\u00e9 pour s'adapter parfaitement \u00e0 la configuration de votre cam\u00e9ra. La plate-forme peut supporter des poids compris entre 2 et 7 kg (4.4-15.4 lbs). Le Minimax est livr\u00e9 avec le crochet de cam\u00e9ra EA033-WB dot\u00e9 d'une fixation \u00e0 rotule, qui offre des options de montage polyvalentes pour diff\u00e9rentes configurations. Cette flexibilit\u00e9 accrue fait de l'Easyrig une solution id\u00e9ale pour les cin\u00e9astes \u00e0 la recherche de confort et de flexibilit\u00e9. Sa fonction d'attache rapide permet d'attacher et de d\u00e9tacher la cam\u00e9ra en douceur.<\/p>\n<p>L'Easyrig Minimax est le choix id\u00e9al pour les prises de vue professionnelles \u00e0 main lev\u00e9e.<\/p>\n<p>Louez-le maintenant sur <a href=\"https:\/\/www.cinesouk.ma\/fr\">CINESOUK<\/a> - une marque de <a href=\"https:\/\/www.broadway.ma\/\">BROADWAY PRODUCTIONS SARL.<\/a><\/p>","protected":false},"excerpt":{"rendered":"<p>Sp\u00e9cifications<\/p>\n<p>Capacit\u00e9 de poids : 2-7 kg<br \/>\nTension de la ligne : R\u00e9glable<br \/>\nObjet : Support de cam\u00e9ra portable<br \/>\nAccessoires : Ensemble complet<br \/>\nFabricant : Easyrig<\/p>","protected":false},"featured_media":14449,"template":"","meta":{"om_disable_all_campaigns":false,"_monsterinsights_skip_tracking":false,"_monsterinsights_sitenote_active":false,"_monsterinsights_sitenote_note":"","_monsterinsights_sitenote_category":0,"_uf_show_specific_survey":0,"_uf_disable_surveys":false},"product_brand":[],"product_cat":[134,37,51,53,75],"product_tag":[],"class_list":{"0":"post-2888","1":"product","2":"type-product","3":"status-publish","4":"has-post-thumbnail","6":"product_cat-tripod-and-support-eventsouk","7":"product_cat-accessories-cinesouk","8":"product_cat-featured-cinesouk","9":"product_cat-popular-cinesouk","10":"product_cat-tripod-and-support-cinesouk","12":"entry","13":"has-media","15":"first","16":"instock","17":"taxable","18":"shipping-taxable","19":"purchasable","20":"product-type-variable","21":"has-product-nav","22":"col","23":"span_1_of_3","24":"owp-content-center","25":"owp-thumbs-layout-horizontal","26":"owp-btn-normal","27":"owp-tabs-layout-horizontal"},"yoast_head":"<!-- This site is optimized with the Yoast SEO Premium plugin v26.0 (Yoast SEO v26.0) - https:\/\/yoast.com\/wordpress\/plugins\/seo\/ -->\n<title>Easyrig Minimax - Marrakech | Morocco - CineSouk - For rent<\/title>\n<meta name=\"description\" content=\"Discover comfort and flexibility with the Easyrig Minimax, a compact solution for steady handheld camera work. Includes essential accessories.\" \/>\n<meta name=\"robots\" content=\"index, follow, max-snippet:-1, max-image-preview:large, max-video-preview:-1\" \/>\n<link rel=\"canonical\" href=\"https:\/\/www.cinesouk.ma\/fr\/produit\/easyrig-minimax\/\" \/>\n<meta property=\"og:locale\" content=\"fr_FR\" \/>\n<meta property=\"og:type\" content=\"article\" \/>\n<meta property=\"og:title\" content=\"Easyrig Minimax\" \/>\n<meta property=\"og:description\" content=\"Discover comfort and flexibility with the Easyrig Minimax, a compact solution for steady handheld camera work. Includes essential accessories.\" \/>\n<meta property=\"og:url\" content=\"https:\/\/www.cinesouk.ma\/fr\/produit\/easyrig-minimax\/\" \/>\n<meta property=\"og:site_name\" content=\"CineSouk\" \/>\n<meta property=\"article:modified_time\" content=\"2025-08-28T08:25:59+00:00\" \/>\n<meta property=\"og:image\" content=\"https:\/\/www.cinesouk.ma\/wp-content\/uploads\/2024\/02\/easyrig-minimax.jpg\" \/>\n\t<meta property=\"og:image:width\" content=\"300\" \/>\n\t<meta property=\"og:image:height\" content=\"238\" \/>\n\t<meta property=\"og:image:type\" content=\"image\/jpeg\" \/>\n<meta name=\"twitter:card\" content=\"summary_large_image\" \/>\n<meta name=\"twitter:description\" content=\"Discover comfort and flexibility with the Easyrig Minimax, a compact solution for steady handheld camera work. Includes essential accessories.\" \/>\n<meta name=\"twitter:label1\" content=\"Dur\u00e9e de lecture estim\u00e9e\" \/>\n\t<meta name=\"twitter:data1\" content=\"1 minute\" \/>\n<script type=\"application\/ld+json\" class=\"yoast-schema-graph\">{\"@context\":\"https:\/\/schema.org\",\"@graph\":[{\"@type\":\"WebPage\",\"@id\":\"https:\/\/www.cinesouk.ma\/product\/easyrig-minimax\/\",\"url\":\"https:\/\/www.cinesouk.ma\/product\/easyrig-minimax\/\",\"name\":\"Easyrig Minimax - Marrakech | Morocco - CineSouk - For rent\",\"isPartOf\":{\"@id\":\"https:\/\/www.cinesouk.ma\/#website\"},\"primaryImageOfPage\":{\"@id\":\"https:\/\/www.cinesouk.ma\/product\/easyrig-minimax\/#primaryimage\"},\"image\":{\"@id\":\"https:\/\/www.cinesouk.ma\/product\/easyrig-minimax\/#primaryimage\"},\"thumbnailUrl\":\"https:\/\/www.cinesouk.ma\/wp-content\/uploads\/2024\/02\/easyrig-minimax.jpg\",\"datePublished\":\"2024-02-20T17:00:57+00:00\",\"dateModified\":\"2025-08-28T08:25:59+00:00\",\"description\":\"Discover comfort and flexibility with the Easyrig Minimax, a compact solution for steady handheld camera work. Includes essential accessories.\",\"breadcrumb\":{\"@id\":\"https:\/\/www.cinesouk.ma\/product\/easyrig-minimax\/#breadcrumb\"},\"inLanguage\":\"fr-FR\",\"potentialAction\":[{\"@type\":\"ReadAction\",\"target\":[\"https:\/\/www.cinesouk.ma\/product\/easyrig-minimax\/\"]}]},{\"@type\":\"ImageObject\",\"inLanguage\":\"fr-FR\",\"@id\":\"https:\/\/www.cinesouk.ma\/product\/easyrig-minimax\/#primaryimage\",\"url\":\"https:\/\/www.cinesouk.ma\/wp-content\/uploads\/2024\/02\/easyrig-minimax.jpg\",\"contentUrl\":\"https:\/\/www.cinesouk.ma\/wp-content\/uploads\/2024\/02\/easyrig-minimax.jpg\",\"width\":300,\"height\":238},{\"@type\":\"BreadcrumbList\",\"@id\":\"https:\/\/www.cinesouk.ma\/product\/easyrig-minimax\/#breadcrumb\",\"itemListElement\":[{\"@type\":\"ListItem\",\"position\":1,\"name\":\"Home\",\"item\":\"https:\/\/www.cinesouk.ma\/\"},{\"@type\":\"ListItem\",\"position\":2,\"name\":\"Shop\",\"item\":\"https:\/\/www.cinesouk.ma\/shop\/\"},{\"@type\":\"ListItem\",\"position\":3,\"name\":\"Easyrig Minimax\"}]},{\"@type\":\"WebSite\",\"@id\":\"https:\/\/www.cinesouk.ma\/#website\",\"url\":\"https:\/\/www.cinesouk.ma\/\",\"name\":\"CineSouk\",\"description\":\"\",\"publisher\":{\"@id\":\"https:\/\/www.cinesouk.ma\/#organization\"},\"potentialAction\":[{\"@type\":\"SearchAction\",\"target\":{\"@type\":\"EntryPoint\",\"urlTemplate\":\"https:\/\/www.cinesouk.ma\/?s={search_term_string}\"},\"query-input\":{\"@type\":\"PropertyValueSpecification\",\"valueRequired\":true,\"valueName\":\"search_term_string\"}}],\"inLanguage\":\"fr-FR\"},{\"@type\":\"Organization\",\"@id\":\"https:\/\/www.cinesouk.ma\/#organization\",\"name\":\"CineSouk\",\"url\":\"https:\/\/www.cinesouk.ma\/\",\"logo\":{\"@type\":\"ImageObject\",\"inLanguage\":\"fr-FR\",\"@id\":\"https:\/\/www.cinesouk.ma\/#\/schema\/logo\/image\/\",\"url\":\"https:\/\/www.cinesouk.ma\/wp-content\/uploads\/2024\/01\/CineSouk-logo-v01-alpha-alligned-left.png\",\"contentUrl\":\"https:\/\/www.cinesouk.ma\/wp-content\/uploads\/2024\/01\/CineSouk-logo-v01-alpha-alligned-left.png\",\"width\":3204,\"height\":889,\"caption\":\"CineSouk\"},\"image\":{\"@id\":\"https:\/\/www.cinesouk.ma\/#\/schema\/logo\/image\/\"}}]}<\/script>\n<!-- \/ Yoast SEO Premium plugin. -->","yoast_head_json":{"title":"Easyrig Minimax - Marrakech | Morocco - CineSouk - For rent","description":"Discover comfort and flexibility with the Easyrig Minimax, a compact solution for steady handheld camera work. Includes essential accessories.","robots":{"index":"index","follow":"follow","max-snippet":"max-snippet:-1","max-image-preview":"max-image-preview:large","max-video-preview":"max-video-preview:-1"},"canonical":"https:\/\/www.cinesouk.ma\/fr\/produit\/easyrig-minimax\/","og_locale":"fr_FR","og_type":"article","og_title":"Easyrig Minimax","og_description":"Discover comfort and flexibility with the Easyrig Minimax, a compact solution for steady handheld camera work. Includes essential accessories.","og_url":"https:\/\/www.cinesouk.ma\/fr\/produit\/easyrig-minimax\/","og_site_name":"CineSouk","article_modified_time":"2025-08-28T08:25:59+00:00","og_image":[{"width":300,"height":238,"url":"https:\/\/www.cinesouk.ma\/wp-content\/uploads\/2024\/02\/easyrig-minimax.jpg","type":"image\/jpeg"}],"twitter_card":"summary_large_image","twitter_description":"Discover comfort and flexibility with the Easyrig Minimax, a compact solution for steady handheld camera work. Includes essential accessories.","twitter_misc":{"Dur\u00e9e de lecture estim\u00e9e":"1 minute"},"schema":{"@context":"https:\/\/schema.org","@graph":[{"@type":"WebPage","@id":"https:\/\/www.cinesouk.ma\/product\/easyrig-minimax\/","url":"https:\/\/www.cinesouk.ma\/product\/easyrig-minimax\/","name":"Easyrig Minimax - Marrakech | Morocco - CineSouk - For rent","isPartOf":{"@id":"https:\/\/www.cinesouk.ma\/#website"},"primaryImageOfPage":{"@id":"https:\/\/www.cinesouk.ma\/product\/easyrig-minimax\/#primaryimage"},"image":{"@id":"https:\/\/www.cinesouk.ma\/product\/easyrig-minimax\/#primaryimage"},"thumbnailUrl":"https:\/\/www.cinesouk.ma\/wp-content\/uploads\/2024\/02\/easyrig-minimax.jpg","datePublished":"2024-02-20T17:00:57+00:00","dateModified":"2025-08-28T08:25:59+00:00","description":"Discover comfort and flexibility with the Easyrig Minimax, a compact solution for steady handheld camera work. Includes essential accessories.","breadcrumb":{"@id":"https:\/\/www.cinesouk.ma\/product\/easyrig-minimax\/#breadcrumb"},"inLanguage":"fr-FR","potentialAction":[{"@type":"ReadAction","target":["https:\/\/www.cinesouk.ma\/product\/easyrig-minimax\/"]}]},{"@type":"ImageObject","inLanguage":"fr-FR","@id":"https:\/\/www.cinesouk.ma\/product\/easyrig-minimax\/#primaryimage","url":"https:\/\/www.cinesouk.ma\/wp-content\/uploads\/2024\/02\/easyrig-minimax.jpg","contentUrl":"https:\/\/www.cinesouk.ma\/wp-content\/uploads\/2024\/02\/easyrig-minimax.jpg","width":300,"height":238},{"@type":"BreadcrumbList","@id":"https:\/\/www.cinesouk.ma\/product\/easyrig-minimax\/#breadcrumb","itemListElement":[{"@type":"ListItem","position":1,"name":"Home","item":"https:\/\/www.cinesouk.ma\/"},{"@type":"ListItem","position":2,"name":"Shop","item":"https:\/\/www.cinesouk.ma\/shop\/"},{"@type":"ListItem","position":3,"name":"Easyrig Minimax"}]},{"@type":"WebSite","@id":"https:\/\/www.cinesouk.ma\/#website","url":"https:\/\/www.cinesouk.ma\/","name":"CineSouk","description":"","publisher":{"@id":"https:\/\/www.cinesouk.ma\/#organization"},"potentialAction":[{"@type":"SearchAction","target":{"@type":"EntryPoint","urlTemplate":"https:\/\/www.cinesouk.ma\/?s={search_term_string}"},"query-input":{"@type":"PropertyValueSpecification","valueRequired":true,"valueName":"search_term_string"}}],"inLanguage":"fr-FR"},{"@type":"Organization","@id":"https:\/\/www.cinesouk.ma\/#organization","name":"CineSouk","url":"https:\/\/www.cinesouk.ma\/","logo":{"@type":"ImageObject","inLanguage":"fr-FR","@id":"https:\/\/www.cinesouk.ma\/#\/schema\/logo\/image\/","url":"https:\/\/www.cinesouk.ma\/wp-content\/uploads\/2024\/01\/CineSouk-logo-v01-alpha-alligned-left.png","contentUrl":"https:\/\/www.cinesouk.ma\/wp-content\/uploads\/2024\/01\/CineSouk-logo-v01-alpha-alligned-left.png","width":3204,"height":889,"caption":"CineSouk"},"image":{"@id":"https:\/\/www.cinesouk.ma\/#\/schema\/logo\/image\/"}}]}},"_links":{"self":[{"href":"https:\/\/www.cinesouk.ma\/fr\/wp-json\/wp\/v2\/product\/2888","targetHints":{"allow":["GET"]}}],"collection":[{"href":"https:\/\/www.cinesouk.ma\/fr\/wp-json\/wp\/v2\/product"}],"about":[{"href":"https:\/\/www.cinesouk.ma\/fr\/wp-json\/wp\/v2\/types\/product"}],"wp:featuredmedia":[{"embeddable":true,"href":"https:\/\/www.cinesouk.ma\/fr\/wp-json\/wp\/v2\/media\/14449"}],"wp:attachment":[{"href":"https:\/\/www.cinesouk.ma\/fr\/wp-json\/wp\/v2\/media?parent=2888"}],"wp:term":[{"taxonomy":"product_brand","embeddable":true,"href":"https:\/\/www.cinesouk.ma\/fr\/wp-json\/wp\/v2\/product_brand?post=2888"},{"taxonomy":"product_cat","embeddable":true,"href":"https:\/\/www.cinesouk.ma\/fr\/wp-json\/wp\/v2\/product_cat?post=2888"},{"taxonomy":"product_tag","embeddable":true,"href":"https:\/\/www.cinesouk.ma\/fr\/wp-json\/wp\/v2\/product_tag?post=2888"}],"curies":[{"name":"wp","href":"https:\/\/api.w.org\/{rel}","templated":true}]}}