{"id":2904,"date":"2024-02-20T16:40:44","date_gmt":"2024-02-20T16:40:44","guid":{"rendered":"https:\/\/www.cinesouk.ma\/?post_type=product&#038;p=2904"},"modified":"2025-08-22T11:02:37","modified_gmt":"2025-08-22T11:02:37","slug":"manfrotto-monopod-mvmxpro500","status":"publish","type":"product","link":"https:\/\/www.cinesouk.ma\/fr\/produit\/manfrotto-monopod-mvmxpro500\/","title":{"rendered":"Monopode Manfrotto MVMXPRO500"},"content":{"rendered":"<p>Le monopode MVMXPRO500 de Manfrotto garantit stabilit\u00e9 et fiabilit\u00e9. La base fluide du monopode (MVMXPROBASE) offre une fluidit\u00e9 in\u00e9gal\u00e9e dans les mouvements de panoramique, d'inclinaison et de pivotement, ce qui permet d'obtenir des perspectives de prise de vue dynamiques. Ses pieds r\u00e9tractables am\u00e9liorent la portabilit\u00e9 sans compromettre la stabilit\u00e9.<\/p>\n<p>Les tubes en aluminium en forme de D am\u00e9liorent la r\u00e9sistance \u00e0 la rotation lors des mouvements rapides, tandis que le syst\u00e8me Quick Power Lock (QPL) fixe fermement le levier sur le tube du monopode, \u00e9liminant ainsi les mouvements saccad\u00e9s. La nouvelle conception de l'\u00e9l\u00e9ment chauffant de la jambe garantit une excellente prise en main et un contr\u00f4le pr\u00e9cis des prises de vue.<\/p>\n<p>La t\u00eate fluide MVMXPRO500 exploite le puissant syst\u00e8me de contrepoids pour prendre en charge des \u00e9quipements plus lourds tels que les appareils photo \u00e0 objectifs interchangeables. Malgr\u00e9 sa l\u00e9g\u00e8ret\u00e9 et sa compacit\u00e9, elle peut supporter jusqu'\u00e0 5 kg, alliant force et portabilit\u00e9.<\/p>\n<p>L'appareil photo se verrouille en toute s\u00e9curit\u00e9 par le haut et le monopode est dot\u00e9 d'un connecteur Easy Link 3\/8\" pour les accessoires.<\/p>\n<p>Louez le Monopode Manfrotto MVMXPRO500 maintenant au <a href=\"https:\/\/www.cinesouk.ma\/fr\">CINESOUK<\/a> - une marque de <a href=\"https:\/\/www.broadway.ma\/\">BROADWAY PRODUCTIONS SARL.<\/a><\/p>","protected":false},"excerpt":{"rendered":"<p>Sp\u00e9cifications<\/p>\n<p>Hauteur maximale : 203 cm<br \/>\nLongueur pli\u00e9e : 77 cm<br \/>\nCapacit\u00e9 de charge utile : Jusqu'\u00e0 5 kg<br \/>\nType de t\u00eate : Fluide<br \/>\nObjet : Vid\u00e9ographie professionnelle<br \/>\nAccessoires : Ensemble complet<br \/>\nFabricant : Manfrotto<\/p>","protected":false},"featured_media":2905,"template":"","meta":{"om_disable_all_campaigns":false,"_monsterinsights_skip_tracking":false,"_monsterinsights_sitenote_active":false,"_monsterinsights_sitenote_note":"","_monsterinsights_sitenote_category":0,"_uf_show_specific_survey":0,"_uf_disable_surveys":false},"product_brand":[],"product_cat":[134,75],"product_tag":[],"class_list":{"0":"post-2904","1":"product","2":"type-product","3":"status-publish","4":"has-post-thumbnail","6":"product_cat-tripod-and-support-eventsouk","7":"product_cat-tripod-and-support-cinesouk","9":"entry","10":"has-media","12":"first","13":"instock","14":"taxable","15":"shipping-taxable","16":"purchasable","17":"product-type-variable","18":"has-product-nav","19":"col","20":"span_1_of_3","21":"owp-content-center","22":"owp-thumbs-layout-horizontal","23":"owp-btn-normal","24":"owp-tabs-layout-horizontal","25":"has-no-thumbnails"},"yoast_head":"<!-- This site is optimized with the Yoast SEO Premium plugin v26.0 (Yoast SEO v26.0) - https:\/\/yoast.com\/wordpress\/plugins\/seo\/ -->\n<title>Manfrotto Monopod MVMXPRO500 - Marrakech | Morocco - CineSouk - For rent<\/title>\n<meta name=\"description\" content=\"Enhance videography with the Manfrotto MVMXPRO500 XPRO, a versatile video monopod with fluid head. Complete package with essential accessories.\" \/>\n<meta name=\"robots\" content=\"index, follow, max-snippet:-1, max-image-preview:large, max-video-preview:-1\" \/>\n<link rel=\"canonical\" href=\"https:\/\/www.cinesouk.ma\/fr\/produit\/manfrotto-monopod-mvmxpro500\/\" \/>\n<meta property=\"og:locale\" content=\"fr_FR\" \/>\n<meta property=\"og:type\" content=\"article\" \/>\n<meta property=\"og:title\" content=\"Manfrotto Monopod MVMXPRO500\" \/>\n<meta property=\"og:description\" content=\"Enhance videography with the Manfrotto MVMXPRO500 XPRO, a versatile video monopod with fluid head. Complete package with essential accessories.\" \/>\n<meta property=\"og:url\" content=\"https:\/\/www.cinesouk.ma\/fr\/produit\/manfrotto-monopod-mvmxpro500\/\" \/>\n<meta property=\"og:site_name\" content=\"CineSouk\" \/>\n<meta property=\"article:modified_time\" content=\"2025-08-22T11:02:37+00:00\" \/>\n<meta name=\"twitter:card\" content=\"summary_large_image\" \/>\n<meta name=\"twitter:description\" content=\"Enhance videography with the Manfrotto MVMXPRO500 XPRO, a versatile video monopod with fluid head. Complete package with essential accessories.\" \/>\n<meta name=\"twitter:image\" content=\"https:\/\/www.cinesouk.ma\/wp-content\/uploads\/2024\/01\/Manfrotto-MVMXPRO500-XPRO.jpg\" \/>\n<meta name=\"twitter:label1\" content=\"Dur\u00e9e de lecture estim\u00e9e\" \/>\n\t<meta name=\"twitter:data1\" content=\"1 minute\" \/>\n<script type=\"application\/ld+json\" class=\"yoast-schema-graph\">{\"@context\":\"https:\/\/schema.org\",\"@graph\":[{\"@type\":\"WebPage\",\"@id\":\"https:\/\/www.cinesouk.ma\/product\/manfrotto-monopod-mvmxpro500\/\",\"url\":\"https:\/\/www.cinesouk.ma\/product\/manfrotto-monopod-mvmxpro500\/\",\"name\":\"Manfrotto Monopod MVMXPRO500 - Marrakech | Morocco - CineSouk - For rent\",\"isPartOf\":{\"@id\":\"https:\/\/www.cinesouk.ma\/#website\"},\"primaryImageOfPage\":{\"@id\":\"https:\/\/www.cinesouk.ma\/product\/manfrotto-monopod-mvmxpro500\/#primaryimage\"},\"image\":{\"@id\":\"https:\/\/www.cinesouk.ma\/product\/manfrotto-monopod-mvmxpro500\/#primaryimage\"},\"thumbnailUrl\":\"https:\/\/www.cinesouk.ma\/wp-content\/uploads\/2024\/01\/Manfrotto-MVMXPRO500-XPRO.jpg\",\"datePublished\":\"2024-02-20T16:40:44+00:00\",\"dateModified\":\"2025-08-22T11:02:37+00:00\",\"description\":\"Enhance videography with the Manfrotto MVMXPRO500 XPRO, a versatile video monopod with fluid head. Complete package with essential accessories.\",\"breadcrumb\":{\"@id\":\"https:\/\/www.cinesouk.ma\/product\/manfrotto-monopod-mvmxpro500\/#breadcrumb\"},\"inLanguage\":\"fr-FR\",\"potentialAction\":[{\"@type\":\"ReadAction\",\"target\":[\"https:\/\/www.cinesouk.ma\/product\/manfrotto-monopod-mvmxpro500\/\"]}]},{\"@type\":\"ImageObject\",\"inLanguage\":\"fr-FR\",\"@id\":\"https:\/\/www.cinesouk.ma\/product\/manfrotto-monopod-mvmxpro500\/#primaryimage\",\"url\":\"https:\/\/www.cinesouk.ma\/wp-content\/uploads\/2024\/01\/Manfrotto-MVMXPRO500-XPRO.jpg\",\"contentUrl\":\"https:\/\/www.cinesouk.ma\/wp-content\/uploads\/2024\/01\/Manfrotto-MVMXPRO500-XPRO.jpg\",\"width\":300,\"height\":238,\"caption\":\"Manfrotto Monopod MVMXPRO500\"},{\"@type\":\"BreadcrumbList\",\"@id\":\"https:\/\/www.cinesouk.ma\/product\/manfrotto-monopod-mvmxpro500\/#breadcrumb\",\"itemListElement\":[{\"@type\":\"ListItem\",\"position\":1,\"name\":\"Home\",\"item\":\"https:\/\/www.cinesouk.ma\/\"},{\"@type\":\"ListItem\",\"position\":2,\"name\":\"Shop\",\"item\":\"https:\/\/www.cinesouk.ma\/shop\/\"},{\"@type\":\"ListItem\",\"position\":3,\"name\":\"Manfrotto Monopod MVMXPRO500\"}]},{\"@type\":\"WebSite\",\"@id\":\"https:\/\/www.cinesouk.ma\/#website\",\"url\":\"https:\/\/www.cinesouk.ma\/\",\"name\":\"CineSouk\",\"description\":\"\",\"publisher\":{\"@id\":\"https:\/\/www.cinesouk.ma\/#organization\"},\"potentialAction\":[{\"@type\":\"SearchAction\",\"target\":{\"@type\":\"EntryPoint\",\"urlTemplate\":\"https:\/\/www.cinesouk.ma\/?s={search_term_string}\"},\"query-input\":{\"@type\":\"PropertyValueSpecification\",\"valueRequired\":true,\"valueName\":\"search_term_string\"}}],\"inLanguage\":\"fr-FR\"},{\"@type\":\"Organization\",\"@id\":\"https:\/\/www.cinesouk.ma\/#organization\",\"name\":\"CineSouk\",\"url\":\"https:\/\/www.cinesouk.ma\/\",\"logo\":{\"@type\":\"ImageObject\",\"inLanguage\":\"fr-FR\",\"@id\":\"https:\/\/www.cinesouk.ma\/#\/schema\/logo\/image\/\",\"url\":\"https:\/\/www.cinesouk.ma\/wp-content\/uploads\/2024\/01\/CineSouk-logo-v01-alpha-alligned-left.png\",\"contentUrl\":\"https:\/\/www.cinesouk.ma\/wp-content\/uploads\/2024\/01\/CineSouk-logo-v01-alpha-alligned-left.png\",\"width\":3204,\"height\":889,\"caption\":\"CineSouk\"},\"image\":{\"@id\":\"https:\/\/www.cinesouk.ma\/#\/schema\/logo\/image\/\"}}]}<\/script>\n<!-- \/ Yoast SEO Premium plugin. -->","yoast_head_json":{"title":"Manfrotto Monopod MVMXPRO500 - Marrakech | Morocco - CineSouk - For rent","description":"Enhance videography with the Manfrotto MVMXPRO500 XPRO, a versatile video monopod with fluid head. Complete package with essential accessories.","robots":{"index":"index","follow":"follow","max-snippet":"max-snippet:-1","max-image-preview":"max-image-preview:large","max-video-preview":"max-video-preview:-1"},"canonical":"https:\/\/www.cinesouk.ma\/fr\/produit\/manfrotto-monopod-mvmxpro500\/","og_locale":"fr_FR","og_type":"article","og_title":"Manfrotto Monopod MVMXPRO500","og_description":"Enhance videography with the Manfrotto MVMXPRO500 XPRO, a versatile video monopod with fluid head. Complete package with essential accessories.","og_url":"https:\/\/www.cinesouk.ma\/fr\/produit\/manfrotto-monopod-mvmxpro500\/","og_site_name":"CineSouk","article_modified_time":"2025-08-22T11:02:37+00:00","twitter_card":"summary_large_image","twitter_description":"Enhance videography with the Manfrotto MVMXPRO500 XPRO, a versatile video monopod with fluid head. Complete package with essential accessories.","twitter_image":"https:\/\/www.cinesouk.ma\/wp-content\/uploads\/2024\/01\/Manfrotto-MVMXPRO500-XPRO.jpg","twitter_misc":{"Dur\u00e9e de lecture estim\u00e9e":"1 minute"},"schema":{"@context":"https:\/\/schema.org","@graph":[{"@type":"WebPage","@id":"https:\/\/www.cinesouk.ma\/product\/manfrotto-monopod-mvmxpro500\/","url":"https:\/\/www.cinesouk.ma\/product\/manfrotto-monopod-mvmxpro500\/","name":"Manfrotto Monopod MVMXPRO500 - Marrakech | Morocco - CineSouk - For rent","isPartOf":{"@id":"https:\/\/www.cinesouk.ma\/#website"},"primaryImageOfPage":{"@id":"https:\/\/www.cinesouk.ma\/product\/manfrotto-monopod-mvmxpro500\/#primaryimage"},"image":{"@id":"https:\/\/www.cinesouk.ma\/product\/manfrotto-monopod-mvmxpro500\/#primaryimage"},"thumbnailUrl":"https:\/\/www.cinesouk.ma\/wp-content\/uploads\/2024\/01\/Manfrotto-MVMXPRO500-XPRO.jpg","datePublished":"2024-02-20T16:40:44+00:00","dateModified":"2025-08-22T11:02:37+00:00","description":"Enhance videography with the Manfrotto MVMXPRO500 XPRO, a versatile video monopod with fluid head. Complete package with essential accessories.","breadcrumb":{"@id":"https:\/\/www.cinesouk.ma\/product\/manfrotto-monopod-mvmxpro500\/#breadcrumb"},"inLanguage":"fr-FR","potentialAction":[{"@type":"ReadAction","target":["https:\/\/www.cinesouk.ma\/product\/manfrotto-monopod-mvmxpro500\/"]}]},{"@type":"ImageObject","inLanguage":"fr-FR","@id":"https:\/\/www.cinesouk.ma\/product\/manfrotto-monopod-mvmxpro500\/#primaryimage","url":"https:\/\/www.cinesouk.ma\/wp-content\/uploads\/2024\/01\/Manfrotto-MVMXPRO500-XPRO.jpg","contentUrl":"https:\/\/www.cinesouk.ma\/wp-content\/uploads\/2024\/01\/Manfrotto-MVMXPRO500-XPRO.jpg","width":300,"height":238,"caption":"Manfrotto Monopod MVMXPRO500"},{"@type":"BreadcrumbList","@id":"https:\/\/www.cinesouk.ma\/product\/manfrotto-monopod-mvmxpro500\/#breadcrumb","itemListElement":[{"@type":"ListItem","position":1,"name":"Home","item":"https:\/\/www.cinesouk.ma\/"},{"@type":"ListItem","position":2,"name":"Shop","item":"https:\/\/www.cinesouk.ma\/shop\/"},{"@type":"ListItem","position":3,"name":"Manfrotto Monopod MVMXPRO500"}]},{"@type":"WebSite","@id":"https:\/\/www.cinesouk.ma\/#website","url":"https:\/\/www.cinesouk.ma\/","name":"CineSouk","description":"","publisher":{"@id":"https:\/\/www.cinesouk.ma\/#organization"},"potentialAction":[{"@type":"SearchAction","target":{"@type":"EntryPoint","urlTemplate":"https:\/\/www.cinesouk.ma\/?s={search_term_string}"},"query-input":{"@type":"PropertyValueSpecification","valueRequired":true,"valueName":"search_term_string"}}],"inLanguage":"fr-FR"},{"@type":"Organization","@id":"https:\/\/www.cinesouk.ma\/#organization","name":"CineSouk","url":"https:\/\/www.cinesouk.ma\/","logo":{"@type":"ImageObject","inLanguage":"fr-FR","@id":"https:\/\/www.cinesouk.ma\/#\/schema\/logo\/image\/","url":"https:\/\/www.cinesouk.ma\/wp-content\/uploads\/2024\/01\/CineSouk-logo-v01-alpha-alligned-left.png","contentUrl":"https:\/\/www.cinesouk.ma\/wp-content\/uploads\/2024\/01\/CineSouk-logo-v01-alpha-alligned-left.png","width":3204,"height":889,"caption":"CineSouk"},"image":{"@id":"https:\/\/www.cinesouk.ma\/#\/schema\/logo\/image\/"}}]}},"_links":{"self":[{"href":"https:\/\/www.cinesouk.ma\/fr\/wp-json\/wp\/v2\/product\/2904","targetHints":{"allow":["GET"]}}],"collection":[{"href":"https:\/\/www.cinesouk.ma\/fr\/wp-json\/wp\/v2\/product"}],"about":[{"href":"https:\/\/www.cinesouk.ma\/fr\/wp-json\/wp\/v2\/types\/product"}],"wp:featuredmedia":[{"embeddable":true,"href":"https:\/\/www.cinesouk.ma\/fr\/wp-json\/wp\/v2\/media\/2905"}],"wp:attachment":[{"href":"https:\/\/www.cinesouk.ma\/fr\/wp-json\/wp\/v2\/media?parent=2904"}],"wp:term":[{"taxonomy":"product_brand","embeddable":true,"href":"https:\/\/www.cinesouk.ma\/fr\/wp-json\/wp\/v2\/product_brand?post=2904"},{"taxonomy":"product_cat","embeddable":true,"href":"https:\/\/www.cinesouk.ma\/fr\/wp-json\/wp\/v2\/product_cat?post=2904"},{"taxonomy":"product_tag","embeddable":true,"href":"https:\/\/www.cinesouk.ma\/fr\/wp-json\/wp\/v2\/product_tag?post=2904"}],"curies":[{"name":"wp","href":"https:\/\/api.w.org\/{rel}","templated":true}]}}