{"id":2911,"date":"2024-02-20T17:35:05","date_gmt":"2024-02-20T17:35:05","guid":{"rendered":"https:\/\/www.cinesouk.ma\/?post_type=product&#038;p=2911"},"modified":"2025-08-26T14:48:41","modified_gmt":"2025-08-26T14:48:41","slug":"smallrig-ad-100-tripod","status":"publish","type":"product","link":"https:\/\/www.cinesouk.ma\/fr\/produit\/smallrig-ad-100-tripod\/","title":{"rendered":"SmallRig AD-100 Tr\u00e9pied"},"content":{"rendered":"<p>Le kit tr\u00e9pied en fibre de carbone SmallRig AD-100 est dot\u00e9 d'un syst\u00e8me de verrouillage en une seule \u00e9tape. Il permet de fixer rapidement deux jambes avec un seul bouton, offrant une plage de hauteur maximale de 170 cm et une longueur pli\u00e9e de 63 cm. La t\u00eate vid\u00e9o offre un panoramique fluide \u00e0 des vitesses personnalisables gr\u00e2ce \u00e0 son syst\u00e8me d'amortissement r\u00e9glable sans palier.<\/p>\n<p>La t\u00eate fluide est \u00e9quip\u00e9e d'une plaque de montage \u00e0 enclenchement rapide, offrant une solution plus efficace que les montages traditionnels \u00e0 glissi\u00e8re.<\/p>\n<p>La t\u00eate vid\u00e9o est \u00e9quip\u00e9e d'une poign\u00e9e t\u00e9lescopique amovible pour un rangement et une utilisation pratiques, convenant aussi bien aux gauchers qu'aux droitiers.<\/p>\n<p>Le tr\u00e9pied est dot\u00e9 de pieds l\u00e9gers et robustes en fibre de carbone, avec des pieds larges et des pieds en pointe interchangeables pour s'adapter \u00e0 diff\u00e9rents terrains. Il est livr\u00e9 avec un sac de transport personnalis\u00e9 pour un rangement et un transport pratiques, garantissant la protection.<\/p>\n<p>Louez le SmallRig AD-100 Heavy Duty Carbon Fiber Tripod Kit maintenant au <a href=\"https:\/\/www.cinesouk.ma\/fr\">CINESOUK<\/a> - une marque de <a href=\"https:\/\/www.broadway.ma\/\">BROADWAY PRODUCTIONS SARL.<\/a><\/p>","protected":false},"excerpt":{"rendered":"<p>Sp\u00e9cifications<\/p>\n<p>Hauteur maximale : 170 cm<br \/>\nLongueur pli\u00e9e : 63 cm<br \/>\nCapacit\u00e9 de charge utile : Jusqu'\u00e0 20 kg<br \/>\nType de t\u00eate : Bol de 75 mm<br \/>\nMat\u00e9riau : Fibre de carbone<br \/>\nObjet : Prise en charge d'un appareil photo stable<br \/>\nAccessoires : Kit complet<br \/>\nFabricant : SmallRig<\/p>","protected":false},"featured_media":2912,"template":"","meta":{"om_disable_all_campaigns":false,"_monsterinsights_skip_tracking":false,"_monsterinsights_sitenote_active":false,"_monsterinsights_sitenote_note":"","_monsterinsights_sitenote_category":0,"_uf_show_specific_survey":0,"_uf_disable_surveys":false},"product_brand":[],"product_cat":[134,83,75],"product_tag":[],"class_list":{"0":"post-2911","1":"product","2":"type-product","3":"status-publish","4":"has-post-thumbnail","6":"product_cat-tripod-and-support-eventsouk","7":"product_cat-efp-eng-cinesouk","8":"product_cat-tripod-and-support-cinesouk","10":"entry","11":"has-media","13":"first","14":"instock","15":"taxable","16":"shipping-taxable","17":"purchasable","18":"product-type-variable","19":"has-product-nav","20":"col","21":"span_1_of_3","22":"owp-content-center","23":"owp-thumbs-layout-horizontal","24":"owp-btn-normal","25":"owp-tabs-layout-horizontal","26":"has-no-thumbnails"},"yoast_head":"<!-- This site is optimized with the Yoast SEO Premium plugin v26.0 (Yoast SEO v26.0) - https:\/\/yoast.com\/wordpress\/plugins\/seo\/ -->\n<title>SmallRig AD-100 Tripod - Marrakech | Morocco - CineSouk - For rent<\/title>\n<meta name=\"description\" content=\"Elevate your videography in Morocco with the SmallRig AD-100 Carbon Fiber Tripod System. A lightweight and stable solution for capturing professional foota.\" \/>\n<meta name=\"robots\" content=\"index, follow, max-snippet:-1, max-image-preview:large, max-video-preview:-1\" \/>\n<link rel=\"canonical\" href=\"https:\/\/www.cinesouk.ma\/fr\/produit\/smallrig-ad-100-tripod\/\" \/>\n<meta property=\"og:locale\" content=\"fr_FR\" \/>\n<meta property=\"og:type\" content=\"article\" \/>\n<meta property=\"og:title\" content=\"SmallRig AD-100 Tripod\" \/>\n<meta property=\"og:description\" content=\"Elevate your videography in Morocco with the SmallRig AD-100 Carbon Fiber Tripod System. A lightweight and stable solution for capturing professional foota.\" \/>\n<meta property=\"og:url\" content=\"https:\/\/www.cinesouk.ma\/fr\/produit\/smallrig-ad-100-tripod\/\" \/>\n<meta property=\"og:site_name\" content=\"CineSouk\" \/>\n<meta property=\"article:modified_time\" content=\"2025-08-26T14:48:41+00:00\" \/>\n<meta property=\"og:image\" content=\"https:\/\/www.cinesouk.ma\/wp-content\/uploads\/2024\/01\/SmallRig-3989-Heavy-Duty-Carbon-Fiber-Tripod-Kit-AD-100.jpg\" \/>\n\t<meta property=\"og:image:width\" content=\"300\" \/>\n\t<meta property=\"og:image:height\" content=\"238\" \/>\n\t<meta property=\"og:image:type\" content=\"image\/jpeg\" \/>\n<meta name=\"twitter:card\" content=\"summary_large_image\" \/>\n<meta name=\"twitter:description\" content=\"Elevate your videography in Morocco with the SmallRig AD-100 Carbon Fiber Tripod System. A lightweight and stable solution for capturing professional foota.\" \/>\n<meta name=\"twitter:label1\" content=\"Dur\u00e9e de lecture estim\u00e9e\" \/>\n\t<meta name=\"twitter:data1\" content=\"1 minute\" \/>\n<script type=\"application\/ld+json\" class=\"yoast-schema-graph\">{\"@context\":\"https:\/\/schema.org\",\"@graph\":[{\"@type\":\"WebPage\",\"@id\":\"https:\/\/www.cinesouk.ma\/product\/smallrig-ad-100-tripod\/\",\"url\":\"https:\/\/www.cinesouk.ma\/product\/smallrig-ad-100-tripod\/\",\"name\":\"SmallRig AD-100 Tripod - Marrakech | Morocco - CineSouk - For rent\",\"isPartOf\":{\"@id\":\"https:\/\/www.cinesouk.ma\/#website\"},\"primaryImageOfPage\":{\"@id\":\"https:\/\/www.cinesouk.ma\/product\/smallrig-ad-100-tripod\/#primaryimage\"},\"image\":{\"@id\":\"https:\/\/www.cinesouk.ma\/product\/smallrig-ad-100-tripod\/#primaryimage\"},\"thumbnailUrl\":\"https:\/\/www.cinesouk.ma\/wp-content\/uploads\/2024\/01\/SmallRig-3989-Heavy-Duty-Carbon-Fiber-Tripod-Kit-AD-100.jpg\",\"datePublished\":\"2024-02-20T17:35:05+00:00\",\"dateModified\":\"2025-08-26T14:48:41+00:00\",\"description\":\"Elevate your videography in Morocco with the SmallRig AD-100 Carbon Fiber Tripod System. A lightweight and stable solution for capturing professional foota.\",\"breadcrumb\":{\"@id\":\"https:\/\/www.cinesouk.ma\/product\/smallrig-ad-100-tripod\/#breadcrumb\"},\"inLanguage\":\"fr-FR\",\"potentialAction\":[{\"@type\":\"ReadAction\",\"target\":[\"https:\/\/www.cinesouk.ma\/product\/smallrig-ad-100-tripod\/\"]}]},{\"@type\":\"ImageObject\",\"inLanguage\":\"fr-FR\",\"@id\":\"https:\/\/www.cinesouk.ma\/product\/smallrig-ad-100-tripod\/#primaryimage\",\"url\":\"https:\/\/www.cinesouk.ma\/wp-content\/uploads\/2024\/01\/SmallRig-3989-Heavy-Duty-Carbon-Fiber-Tripod-Kit-AD-100.jpg\",\"contentUrl\":\"https:\/\/www.cinesouk.ma\/wp-content\/uploads\/2024\/01\/SmallRig-3989-Heavy-Duty-Carbon-Fiber-Tripod-Kit-AD-100.jpg\",\"width\":300,\"height\":238,\"caption\":\"SmallRig AD-100 Carbon Fiber Tripod System\"},{\"@type\":\"BreadcrumbList\",\"@id\":\"https:\/\/www.cinesouk.ma\/product\/smallrig-ad-100-tripod\/#breadcrumb\",\"itemListElement\":[{\"@type\":\"ListItem\",\"position\":1,\"name\":\"Home\",\"item\":\"https:\/\/www.cinesouk.ma\/\"},{\"@type\":\"ListItem\",\"position\":2,\"name\":\"Shop\",\"item\":\"https:\/\/www.cinesouk.ma\/shop\/\"},{\"@type\":\"ListItem\",\"position\":3,\"name\":\"SmallRig AD-100 Tripod\"}]},{\"@type\":\"WebSite\",\"@id\":\"https:\/\/www.cinesouk.ma\/#website\",\"url\":\"https:\/\/www.cinesouk.ma\/\",\"name\":\"CineSouk\",\"description\":\"\",\"publisher\":{\"@id\":\"https:\/\/www.cinesouk.ma\/#organization\"},\"potentialAction\":[{\"@type\":\"SearchAction\",\"target\":{\"@type\":\"EntryPoint\",\"urlTemplate\":\"https:\/\/www.cinesouk.ma\/?s={search_term_string}\"},\"query-input\":{\"@type\":\"PropertyValueSpecification\",\"valueRequired\":true,\"valueName\":\"search_term_string\"}}],\"inLanguage\":\"fr-FR\"},{\"@type\":\"Organization\",\"@id\":\"https:\/\/www.cinesouk.ma\/#organization\",\"name\":\"CineSouk\",\"url\":\"https:\/\/www.cinesouk.ma\/\",\"logo\":{\"@type\":\"ImageObject\",\"inLanguage\":\"fr-FR\",\"@id\":\"https:\/\/www.cinesouk.ma\/#\/schema\/logo\/image\/\",\"url\":\"https:\/\/www.cinesouk.ma\/wp-content\/uploads\/2024\/01\/CineSouk-logo-v01-alpha-alligned-left.png\",\"contentUrl\":\"https:\/\/www.cinesouk.ma\/wp-content\/uploads\/2024\/01\/CineSouk-logo-v01-alpha-alligned-left.png\",\"width\":3204,\"height\":889,\"caption\":\"CineSouk\"},\"image\":{\"@id\":\"https:\/\/www.cinesouk.ma\/#\/schema\/logo\/image\/\"}}]}<\/script>\n<!-- \/ Yoast SEO Premium plugin. -->","yoast_head_json":{"title":"SmallRig AD-100 Tripod - Marrakech | Morocco - CineSouk - For rent","description":"Elevate your videography in Morocco with the SmallRig AD-100 Carbon Fiber Tripod System. A lightweight and stable solution for capturing professional foota.","robots":{"index":"index","follow":"follow","max-snippet":"max-snippet:-1","max-image-preview":"max-image-preview:large","max-video-preview":"max-video-preview:-1"},"canonical":"https:\/\/www.cinesouk.ma\/fr\/produit\/smallrig-ad-100-tripod\/","og_locale":"fr_FR","og_type":"article","og_title":"SmallRig AD-100 Tripod","og_description":"Elevate your videography in Morocco with the SmallRig AD-100 Carbon Fiber Tripod System. A lightweight and stable solution for capturing professional foota.","og_url":"https:\/\/www.cinesouk.ma\/fr\/produit\/smallrig-ad-100-tripod\/","og_site_name":"CineSouk","article_modified_time":"2025-08-26T14:48:41+00:00","og_image":[{"width":300,"height":238,"url":"https:\/\/www.cinesouk.ma\/wp-content\/uploads\/2024\/01\/SmallRig-3989-Heavy-Duty-Carbon-Fiber-Tripod-Kit-AD-100.jpg","type":"image\/jpeg"}],"twitter_card":"summary_large_image","twitter_description":"Elevate your videography in Morocco with the SmallRig AD-100 Carbon Fiber Tripod System. A lightweight and stable solution for capturing professional foota.","twitter_misc":{"Dur\u00e9e de lecture estim\u00e9e":"1 minute"},"schema":{"@context":"https:\/\/schema.org","@graph":[{"@type":"WebPage","@id":"https:\/\/www.cinesouk.ma\/product\/smallrig-ad-100-tripod\/","url":"https:\/\/www.cinesouk.ma\/product\/smallrig-ad-100-tripod\/","name":"SmallRig AD-100 Tripod - Marrakech | Morocco - CineSouk - For rent","isPartOf":{"@id":"https:\/\/www.cinesouk.ma\/#website"},"primaryImageOfPage":{"@id":"https:\/\/www.cinesouk.ma\/product\/smallrig-ad-100-tripod\/#primaryimage"},"image":{"@id":"https:\/\/www.cinesouk.ma\/product\/smallrig-ad-100-tripod\/#primaryimage"},"thumbnailUrl":"https:\/\/www.cinesouk.ma\/wp-content\/uploads\/2024\/01\/SmallRig-3989-Heavy-Duty-Carbon-Fiber-Tripod-Kit-AD-100.jpg","datePublished":"2024-02-20T17:35:05+00:00","dateModified":"2025-08-26T14:48:41+00:00","description":"Elevate your videography in Morocco with the SmallRig AD-100 Carbon Fiber Tripod System. A lightweight and stable solution for capturing professional foota.","breadcrumb":{"@id":"https:\/\/www.cinesouk.ma\/product\/smallrig-ad-100-tripod\/#breadcrumb"},"inLanguage":"fr-FR","potentialAction":[{"@type":"ReadAction","target":["https:\/\/www.cinesouk.ma\/product\/smallrig-ad-100-tripod\/"]}]},{"@type":"ImageObject","inLanguage":"fr-FR","@id":"https:\/\/www.cinesouk.ma\/product\/smallrig-ad-100-tripod\/#primaryimage","url":"https:\/\/www.cinesouk.ma\/wp-content\/uploads\/2024\/01\/SmallRig-3989-Heavy-Duty-Carbon-Fiber-Tripod-Kit-AD-100.jpg","contentUrl":"https:\/\/www.cinesouk.ma\/wp-content\/uploads\/2024\/01\/SmallRig-3989-Heavy-Duty-Carbon-Fiber-Tripod-Kit-AD-100.jpg","width":300,"height":238,"caption":"SmallRig AD-100 Carbon Fiber Tripod System"},{"@type":"BreadcrumbList","@id":"https:\/\/www.cinesouk.ma\/product\/smallrig-ad-100-tripod\/#breadcrumb","itemListElement":[{"@type":"ListItem","position":1,"name":"Home","item":"https:\/\/www.cinesouk.ma\/"},{"@type":"ListItem","position":2,"name":"Shop","item":"https:\/\/www.cinesouk.ma\/shop\/"},{"@type":"ListItem","position":3,"name":"SmallRig AD-100 Tripod"}]},{"@type":"WebSite","@id":"https:\/\/www.cinesouk.ma\/#website","url":"https:\/\/www.cinesouk.ma\/","name":"CineSouk","description":"","publisher":{"@id":"https:\/\/www.cinesouk.ma\/#organization"},"potentialAction":[{"@type":"SearchAction","target":{"@type":"EntryPoint","urlTemplate":"https:\/\/www.cinesouk.ma\/?s={search_term_string}"},"query-input":{"@type":"PropertyValueSpecification","valueRequired":true,"valueName":"search_term_string"}}],"inLanguage":"fr-FR"},{"@type":"Organization","@id":"https:\/\/www.cinesouk.ma\/#organization","name":"CineSouk","url":"https:\/\/www.cinesouk.ma\/","logo":{"@type":"ImageObject","inLanguage":"fr-FR","@id":"https:\/\/www.cinesouk.ma\/#\/schema\/logo\/image\/","url":"https:\/\/www.cinesouk.ma\/wp-content\/uploads\/2024\/01\/CineSouk-logo-v01-alpha-alligned-left.png","contentUrl":"https:\/\/www.cinesouk.ma\/wp-content\/uploads\/2024\/01\/CineSouk-logo-v01-alpha-alligned-left.png","width":3204,"height":889,"caption":"CineSouk"},"image":{"@id":"https:\/\/www.cinesouk.ma\/#\/schema\/logo\/image\/"}}]}},"_links":{"self":[{"href":"https:\/\/www.cinesouk.ma\/fr\/wp-json\/wp\/v2\/product\/2911","targetHints":{"allow":["GET"]}}],"collection":[{"href":"https:\/\/www.cinesouk.ma\/fr\/wp-json\/wp\/v2\/product"}],"about":[{"href":"https:\/\/www.cinesouk.ma\/fr\/wp-json\/wp\/v2\/types\/product"}],"wp:featuredmedia":[{"embeddable":true,"href":"https:\/\/www.cinesouk.ma\/fr\/wp-json\/wp\/v2\/media\/2912"}],"wp:attachment":[{"href":"https:\/\/www.cinesouk.ma\/fr\/wp-json\/wp\/v2\/media?parent=2911"}],"wp:term":[{"taxonomy":"product_brand","embeddable":true,"href":"https:\/\/www.cinesouk.ma\/fr\/wp-json\/wp\/v2\/product_brand?post=2911"},{"taxonomy":"product_cat","embeddable":true,"href":"https:\/\/www.cinesouk.ma\/fr\/wp-json\/wp\/v2\/product_cat?post=2911"},{"taxonomy":"product_tag","embeddable":true,"href":"https:\/\/www.cinesouk.ma\/fr\/wp-json\/wp\/v2\/product_tag?post=2911"}],"curies":[{"name":"wp","href":"https:\/\/api.w.org\/{rel}","templated":true}]}}