{"id":2919,"date":"2024-02-20T16:45:26","date_gmt":"2024-02-20T16:45:26","guid":{"rendered":"https:\/\/www.cinesouk.ma\/?post_type=product&#038;p=2919"},"modified":"2025-08-22T10:55:15","modified_gmt":"2025-08-22T10:55:15","slug":"manfrotto-755cx3-magfibre-video-tripod-legs-with-rapid-center-column","status":"publish","type":"product","link":"https:\/\/www.cinesouk.ma\/fr\/produit\/manfrotto-755cx3-magfibre-video-tripod-legs-with-rapid-center-column\/","title":{"rendered":"Manfrotto 755CX3 Tr\u00e9pied Vid\u00e9o MagFibre"},"content":{"rendered":"<p>Le tr\u00e9pied vid\u00e9o Manfrotto 755CX3 MagFibre avec colonne centrale rapide est une solution fiable et l\u00e9g\u00e8re pour le tournage de vid\u00e9os professionnelles. Fabriqu\u00e9 en fibre de carbone MagFibre, il allie robustesse et portabilit\u00e9. Avec une hauteur maximale de 153 cm et une longueur pli\u00e9e compacte de 61 cm, il offre une grande polyvalence pour divers sc\u00e9narios de tournage.<\/p>\n<p>La colonne centrale rapide permet des ajustements rapides et les pieds du tr\u00e9pied supportent une charge utile allant jusqu'\u00e0 7 kg. Sa conception innovante comprend un bol de 60 mm pour la compatibilit\u00e9 avec les t\u00eates fluides, garantissant des mouvements de panoramique et d'inclinaison fluides. Ce kit de jambes de tr\u00e9pied est livr\u00e9 avec tous les accessoires n\u00e9cessaires, offrant une solution compl\u00e8te aux vid\u00e9astes en qu\u00eate de stabilit\u00e9 et d'efficacit\u00e9.<\/p>\n<h4>Pi\u00e8ces moul\u00e9es en alliage de magn\u00e9sium :<\/h4>\n<p>L'alliage de magn\u00e9sium l\u00e9ger est utilis\u00e9 pour les pi\u00e8ces moul\u00e9es sous pression. La densit\u00e9 de l'alliage de magn\u00e9sium est de 1,74 g\/cm3, contre 2,70 g\/cm3 pour l'alliage d'aluminium, soit une r\u00e9duction de 35%. Malgr\u00e9 son poids inf\u00e9rieur, l'alliage de magn\u00e9sium est plus rigide que l'alliage d'aluminium et pr\u00e9sente la m\u00eame r\u00e9sistance par volume.<\/p>\n<h4>100% Tubes en fibre de carbone :<\/h4>\n<p>Les tubes Manfrotto sont fabriqu\u00e9s en fibre de carbone 100% afin d'atteindre des standards de qualit\u00e9 \u00e9lev\u00e9s et de hauts niveaux de performance, de rigidit\u00e9 et de l\u00e9g\u00e8ret\u00e9. La technologie d'enroulement en traction Manfrotto (pour maximiser les performances, la r\u00e9sistance et la fiabilit\u00e9).<\/p>\n<h4>Caract\u00e9ristiques du tr\u00e9pied Manfrotto :<\/h4>\n<ul class=\"pdp-info__bulletpoints\">\n<li>Tr\u00e9pied vid\u00e9o innovant \u00e0 3 sections en fibre de carbone<\/li>\n<li>Colonne de mise \u00e0 niveau de 50 mm avec demi-boule en aluminium<\/li>\n<li>Angle de jambe pr\u00e9r\u00e9gl\u00e9 pour une mise en place rapide<\/li>\n<li>Colonne centrale amovible<\/li>\n<li>Les normes de s\u00e9curit\u00e9 les plus \u00e9lev\u00e9es sont garanties par la conformit\u00e9 \u00e0 la norme UNI\/PdR 105:2021<\/li>\n<\/ul>\n<p>Louez le Manfrotto 755CX3 MagFibre Video Tripod Legs with Rapid Center Column maintenant au <a href=\"https:\/\/www.cinesouk.ma\/fr\">CINESOUK<\/a> - une marque de <a href=\"https:\/\/www.broadway.ma\/\">BROADWAY PRODUCTIONS SARL.<\/a><\/p>","protected":false},"excerpt":{"rendered":"<p>Sp\u00e9cifications<\/p>\n<p>Hauteur maximale : 153 cm<br \/>\nLongueur pli\u00e9e : 61 cm<br \/>\nCapacit\u00e9 de charge utile : Jusqu'\u00e0 7 kg<br \/>\nMat\u00e9riau : Fibre de carbone MagFibre<br \/>\nCompatibilit\u00e9 de la t\u00eate : bol de 60 mm<br \/>\nObjet : Tournage de vid\u00e9os professionnelles<br \/>\nAccessoires : Kit complet<br \/>\nFabricant : Manfrotto<\/p>","protected":false},"featured_media":2920,"template":"","meta":{"om_disable_all_campaigns":false,"_monsterinsights_skip_tracking":false,"_monsterinsights_sitenote_active":false,"_monsterinsights_sitenote_note":"","_monsterinsights_sitenote_category":0,"_uf_show_specific_survey":0,"_uf_disable_surveys":false},"product_brand":[],"product_cat":[134,75],"product_tag":[],"class_list":{"0":"post-2919","1":"product","2":"type-product","3":"status-publish","4":"has-post-thumbnail","6":"product_cat-tripod-and-support-eventsouk","7":"product_cat-tripod-and-support-cinesouk","9":"entry","10":"has-media","12":"first","13":"instock","14":"taxable","15":"shipping-taxable","16":"purchasable","17":"product-type-variable","18":"has-product-nav","19":"col","20":"span_1_of_3","21":"owp-content-center","22":"owp-thumbs-layout-horizontal","23":"owp-btn-normal","24":"owp-tabs-layout-horizontal","25":"has-no-thumbnails"},"yoast_head":"<!-- This site is optimized with the Yoast SEO Premium plugin v26.0 (Yoast SEO v26.0) - https:\/\/yoast.com\/wordpress\/plugins\/seo\/ -->\n<title>Manfrotto 755CX3 MagFibre Video Tripod - CineSouk - For rent<\/title>\n<meta name=\"description\" content=\"Experience stability and efficiency with the Manfrotto 755CX3 MagFibre Video Tripod Legs. Complete kit with essential accessories\" \/>\n<meta name=\"robots\" content=\"index, follow, max-snippet:-1, max-image-preview:large, max-video-preview:-1\" \/>\n<link rel=\"canonical\" href=\"https:\/\/www.cinesouk.ma\/fr\/produit\/manfrotto-755cx3-magfibre-video-tripod-legs-with-rapid-center-column\/\" \/>\n<meta property=\"og:locale\" content=\"fr_FR\" \/>\n<meta property=\"og:type\" content=\"article\" \/>\n<meta property=\"og:title\" content=\"Manfrotto 755CX3 MagFibre Video Tripod\" \/>\n<meta property=\"og:description\" content=\"Experience stability and efficiency with the Manfrotto 755CX3 MagFibre Video Tripod Legs. Complete kit with essential accessories\" \/>\n<meta property=\"og:url\" content=\"https:\/\/www.cinesouk.ma\/fr\/produit\/manfrotto-755cx3-magfibre-video-tripod-legs-with-rapid-center-column\/\" \/>\n<meta property=\"og:site_name\" content=\"CineSouk\" \/>\n<meta property=\"article:modified_time\" content=\"2025-08-22T10:55:15+00:00\" \/>\n<meta property=\"og:image\" content=\"https:\/\/www.cinesouk.ma\/wp-content\/uploads\/2024\/01\/Manfrotto-755CX3.jpg\" \/>\n\t<meta property=\"og:image:width\" content=\"300\" \/>\n\t<meta property=\"og:image:height\" content=\"238\" \/>\n\t<meta property=\"og:image:type\" content=\"image\/jpeg\" \/>\n<meta name=\"twitter:card\" content=\"summary_large_image\" \/>\n<meta name=\"twitter:description\" content=\"Experience stability and efficiency with the Manfrotto 755CX3 MagFibre Video Tripod Legs. Complete kit with essential accessories\" \/>\n<meta name=\"twitter:label1\" content=\"Dur\u00e9e de lecture estim\u00e9e\" \/>\n\t<meta name=\"twitter:data1\" content=\"2 minutes\" \/>\n<script type=\"application\/ld+json\" class=\"yoast-schema-graph\">{\"@context\":\"https:\/\/schema.org\",\"@graph\":[{\"@type\":\"WebPage\",\"@id\":\"https:\/\/www.cinesouk.ma\/product\/manfrotto-755cx3-magfibre-video-tripod-legs-with-rapid-center-column\/\",\"url\":\"https:\/\/www.cinesouk.ma\/product\/manfrotto-755cx3-magfibre-video-tripod-legs-with-rapid-center-column\/\",\"name\":\"Manfrotto 755CX3 MagFibre Video Tripod - CineSouk - For rent\",\"isPartOf\":{\"@id\":\"https:\/\/www.cinesouk.ma\/#website\"},\"primaryImageOfPage\":{\"@id\":\"https:\/\/www.cinesouk.ma\/product\/manfrotto-755cx3-magfibre-video-tripod-legs-with-rapid-center-column\/#primaryimage\"},\"image\":{\"@id\":\"https:\/\/www.cinesouk.ma\/product\/manfrotto-755cx3-magfibre-video-tripod-legs-with-rapid-center-column\/#primaryimage\"},\"thumbnailUrl\":\"https:\/\/www.cinesouk.ma\/wp-content\/uploads\/2024\/01\/Manfrotto-755CX3.jpg\",\"datePublished\":\"2024-02-20T16:45:26+00:00\",\"dateModified\":\"2025-08-22T10:55:15+00:00\",\"description\":\"Experience stability and efficiency with the Manfrotto 755CX3 MagFibre Video Tripod Legs. Complete kit with essential accessories\",\"breadcrumb\":{\"@id\":\"https:\/\/www.cinesouk.ma\/product\/manfrotto-755cx3-magfibre-video-tripod-legs-with-rapid-center-column\/#breadcrumb\"},\"inLanguage\":\"fr-FR\",\"potentialAction\":[{\"@type\":\"ReadAction\",\"target\":[\"https:\/\/www.cinesouk.ma\/product\/manfrotto-755cx3-magfibre-video-tripod-legs-with-rapid-center-column\/\"]}]},{\"@type\":\"ImageObject\",\"inLanguage\":\"fr-FR\",\"@id\":\"https:\/\/www.cinesouk.ma\/product\/manfrotto-755cx3-magfibre-video-tripod-legs-with-rapid-center-column\/#primaryimage\",\"url\":\"https:\/\/www.cinesouk.ma\/wp-content\/uploads\/2024\/01\/Manfrotto-755CX3.jpg\",\"contentUrl\":\"https:\/\/www.cinesouk.ma\/wp-content\/uploads\/2024\/01\/Manfrotto-755CX3.jpg\",\"width\":300,\"height\":238},{\"@type\":\"BreadcrumbList\",\"@id\":\"https:\/\/www.cinesouk.ma\/product\/manfrotto-755cx3-magfibre-video-tripod-legs-with-rapid-center-column\/#breadcrumb\",\"itemListElement\":[{\"@type\":\"ListItem\",\"position\":1,\"name\":\"Home\",\"item\":\"https:\/\/www.cinesouk.ma\/\"},{\"@type\":\"ListItem\",\"position\":2,\"name\":\"Shop\",\"item\":\"https:\/\/www.cinesouk.ma\/shop\/\"},{\"@type\":\"ListItem\",\"position\":3,\"name\":\"Manfrotto 755CX3 MagFibre Video Tripod\"}]},{\"@type\":\"WebSite\",\"@id\":\"https:\/\/www.cinesouk.ma\/#website\",\"url\":\"https:\/\/www.cinesouk.ma\/\",\"name\":\"CineSouk\",\"description\":\"\",\"publisher\":{\"@id\":\"https:\/\/www.cinesouk.ma\/#organization\"},\"potentialAction\":[{\"@type\":\"SearchAction\",\"target\":{\"@type\":\"EntryPoint\",\"urlTemplate\":\"https:\/\/www.cinesouk.ma\/?s={search_term_string}\"},\"query-input\":{\"@type\":\"PropertyValueSpecification\",\"valueRequired\":true,\"valueName\":\"search_term_string\"}}],\"inLanguage\":\"fr-FR\"},{\"@type\":\"Organization\",\"@id\":\"https:\/\/www.cinesouk.ma\/#organization\",\"name\":\"CineSouk\",\"url\":\"https:\/\/www.cinesouk.ma\/\",\"logo\":{\"@type\":\"ImageObject\",\"inLanguage\":\"fr-FR\",\"@id\":\"https:\/\/www.cinesouk.ma\/#\/schema\/logo\/image\/\",\"url\":\"https:\/\/www.cinesouk.ma\/wp-content\/uploads\/2024\/01\/CineSouk-logo-v01-alpha-alligned-left.png\",\"contentUrl\":\"https:\/\/www.cinesouk.ma\/wp-content\/uploads\/2024\/01\/CineSouk-logo-v01-alpha-alligned-left.png\",\"width\":3204,\"height\":889,\"caption\":\"CineSouk\"},\"image\":{\"@id\":\"https:\/\/www.cinesouk.ma\/#\/schema\/logo\/image\/\"}}]}<\/script>\n<!-- \/ Yoast SEO Premium plugin. -->","yoast_head_json":{"title":"Manfrotto 755CX3 MagFibre Video Tripod - CineSouk - For rent","description":"Experience stability and efficiency with the Manfrotto 755CX3 MagFibre Video Tripod Legs. Complete kit with essential accessories","robots":{"index":"index","follow":"follow","max-snippet":"max-snippet:-1","max-image-preview":"max-image-preview:large","max-video-preview":"max-video-preview:-1"},"canonical":"https:\/\/www.cinesouk.ma\/fr\/produit\/manfrotto-755cx3-magfibre-video-tripod-legs-with-rapid-center-column\/","og_locale":"fr_FR","og_type":"article","og_title":"Manfrotto 755CX3 MagFibre Video Tripod","og_description":"Experience stability and efficiency with the Manfrotto 755CX3 MagFibre Video Tripod Legs. Complete kit with essential accessories","og_url":"https:\/\/www.cinesouk.ma\/fr\/produit\/manfrotto-755cx3-magfibre-video-tripod-legs-with-rapid-center-column\/","og_site_name":"CineSouk","article_modified_time":"2025-08-22T10:55:15+00:00","og_image":[{"width":300,"height":238,"url":"https:\/\/www.cinesouk.ma\/wp-content\/uploads\/2024\/01\/Manfrotto-755CX3.jpg","type":"image\/jpeg"}],"twitter_card":"summary_large_image","twitter_description":"Experience stability and efficiency with the Manfrotto 755CX3 MagFibre Video Tripod Legs. Complete kit with essential accessories","twitter_misc":{"Dur\u00e9e de lecture estim\u00e9e":"2 minutes"},"schema":{"@context":"https:\/\/schema.org","@graph":[{"@type":"WebPage","@id":"https:\/\/www.cinesouk.ma\/product\/manfrotto-755cx3-magfibre-video-tripod-legs-with-rapid-center-column\/","url":"https:\/\/www.cinesouk.ma\/product\/manfrotto-755cx3-magfibre-video-tripod-legs-with-rapid-center-column\/","name":"Manfrotto 755CX3 MagFibre Video Tripod - CineSouk - For rent","isPartOf":{"@id":"https:\/\/www.cinesouk.ma\/#website"},"primaryImageOfPage":{"@id":"https:\/\/www.cinesouk.ma\/product\/manfrotto-755cx3-magfibre-video-tripod-legs-with-rapid-center-column\/#primaryimage"},"image":{"@id":"https:\/\/www.cinesouk.ma\/product\/manfrotto-755cx3-magfibre-video-tripod-legs-with-rapid-center-column\/#primaryimage"},"thumbnailUrl":"https:\/\/www.cinesouk.ma\/wp-content\/uploads\/2024\/01\/Manfrotto-755CX3.jpg","datePublished":"2024-02-20T16:45:26+00:00","dateModified":"2025-08-22T10:55:15+00:00","description":"Experience stability and efficiency with the Manfrotto 755CX3 MagFibre Video Tripod Legs. Complete kit with essential accessories","breadcrumb":{"@id":"https:\/\/www.cinesouk.ma\/product\/manfrotto-755cx3-magfibre-video-tripod-legs-with-rapid-center-column\/#breadcrumb"},"inLanguage":"fr-FR","potentialAction":[{"@type":"ReadAction","target":["https:\/\/www.cinesouk.ma\/product\/manfrotto-755cx3-magfibre-video-tripod-legs-with-rapid-center-column\/"]}]},{"@type":"ImageObject","inLanguage":"fr-FR","@id":"https:\/\/www.cinesouk.ma\/product\/manfrotto-755cx3-magfibre-video-tripod-legs-with-rapid-center-column\/#primaryimage","url":"https:\/\/www.cinesouk.ma\/wp-content\/uploads\/2024\/01\/Manfrotto-755CX3.jpg","contentUrl":"https:\/\/www.cinesouk.ma\/wp-content\/uploads\/2024\/01\/Manfrotto-755CX3.jpg","width":300,"height":238},{"@type":"BreadcrumbList","@id":"https:\/\/www.cinesouk.ma\/product\/manfrotto-755cx3-magfibre-video-tripod-legs-with-rapid-center-column\/#breadcrumb","itemListElement":[{"@type":"ListItem","position":1,"name":"Home","item":"https:\/\/www.cinesouk.ma\/"},{"@type":"ListItem","position":2,"name":"Shop","item":"https:\/\/www.cinesouk.ma\/shop\/"},{"@type":"ListItem","position":3,"name":"Manfrotto 755CX3 MagFibre Video Tripod"}]},{"@type":"WebSite","@id":"https:\/\/www.cinesouk.ma\/#website","url":"https:\/\/www.cinesouk.ma\/","name":"CineSouk","description":"","publisher":{"@id":"https:\/\/www.cinesouk.ma\/#organization"},"potentialAction":[{"@type":"SearchAction","target":{"@type":"EntryPoint","urlTemplate":"https:\/\/www.cinesouk.ma\/?s={search_term_string}"},"query-input":{"@type":"PropertyValueSpecification","valueRequired":true,"valueName":"search_term_string"}}],"inLanguage":"fr-FR"},{"@type":"Organization","@id":"https:\/\/www.cinesouk.ma\/#organization","name":"CineSouk","url":"https:\/\/www.cinesouk.ma\/","logo":{"@type":"ImageObject","inLanguage":"fr-FR","@id":"https:\/\/www.cinesouk.ma\/#\/schema\/logo\/image\/","url":"https:\/\/www.cinesouk.ma\/wp-content\/uploads\/2024\/01\/CineSouk-logo-v01-alpha-alligned-left.png","contentUrl":"https:\/\/www.cinesouk.ma\/wp-content\/uploads\/2024\/01\/CineSouk-logo-v01-alpha-alligned-left.png","width":3204,"height":889,"caption":"CineSouk"},"image":{"@id":"https:\/\/www.cinesouk.ma\/#\/schema\/logo\/image\/"}}]}},"_links":{"self":[{"href":"https:\/\/www.cinesouk.ma\/fr\/wp-json\/wp\/v2\/product\/2919","targetHints":{"allow":["GET"]}}],"collection":[{"href":"https:\/\/www.cinesouk.ma\/fr\/wp-json\/wp\/v2\/product"}],"about":[{"href":"https:\/\/www.cinesouk.ma\/fr\/wp-json\/wp\/v2\/types\/product"}],"wp:featuredmedia":[{"embeddable":true,"href":"https:\/\/www.cinesouk.ma\/fr\/wp-json\/wp\/v2\/media\/2920"}],"wp:attachment":[{"href":"https:\/\/www.cinesouk.ma\/fr\/wp-json\/wp\/v2\/media?parent=2919"}],"wp:term":[{"taxonomy":"product_brand","embeddable":true,"href":"https:\/\/www.cinesouk.ma\/fr\/wp-json\/wp\/v2\/product_brand?post=2919"},{"taxonomy":"product_cat","embeddable":true,"href":"https:\/\/www.cinesouk.ma\/fr\/wp-json\/wp\/v2\/product_cat?post=2919"},{"taxonomy":"product_tag","embeddable":true,"href":"https:\/\/www.cinesouk.ma\/fr\/wp-json\/wp\/v2\/product_tag?post=2919"}],"curies":[{"name":"wp","href":"https:\/\/api.w.org\/{rel}","templated":true}]}}