{"id":2926,"date":"2024-02-20T16:50:44","date_gmt":"2024-02-20T16:50:44","guid":{"rendered":"https:\/\/www.cinesouk.ma\/?post_type=product&#038;p=2926"},"modified":"2025-08-26T14:48:44","modified_gmt":"2025-08-26T14:48:44","slug":"weifeng-wf-717-tripod","status":"publish","type":"product","link":"https:\/\/www.cinesouk.ma\/fr\/produit\/weifeng-wf-717-tripod\/","title":{"rendered":"Weifeng WF-717 Tr\u00e9pied"},"content":{"rendered":"<p>Le tr\u00e9pied professionnel Weifeng WF-717 de 1,8 m en alliage d'aluminium pour cam\u00e9ra, cam\u00e9scope et vid\u00e9o avec t\u00eate hydraulique fluide est un tr\u00e9pied robuste fabriqu\u00e9 en alliage d'aluminium de haute qualit\u00e9. Il a une capacit\u00e9 de charge maximale de 8 kg et convient \u00e0 toutes les marques de cam\u00e9scopes, DSLR, DV, fl\u00e8ches de photographie et sliders vid\u00e9o de moins de 8 kg.<\/p>\n<p>Il dispose \u00e9galement d'une plage d'inclinaison polyvalente de -65\u00b0 \u00e0 +90\u00b0 et d'une plage d'ouverture de 360\u00b0. Gr\u00e2ce \u00e0 ses pieds en caoutchouc, ce tr\u00e9pied ne d\u00e9rape pas sur les sols lisses ou irr\u00e9guliers. Une grande plaque de fixation rapide permet de mieux supporter les appareils photo num\u00e9riques et les cam\u00e9ras. Un syst\u00e8me de t\u00eate \u00e0 amortissement fluide est fix\u00e9 sur le tr\u00e9pied pour une rotation et une inclinaison en douceur lors de l'enregistrement.<\/p>\n<p>De plus, ce tr\u00e9pied offre trois choix de hauteur. Une poign\u00e9e extensible de 370~580 mm peut \u00eatre install\u00e9e \u00e0 droite ou \u00e0 gauche de la t\u00eate pour un r\u00e9glage progressif. Le double verrouillage de la plaque de fixation rapide et la seconde goupille de verrouillage de s\u00e9curit\u00e9 emp\u00eachent l'\u00e9quipement de tomber de mani\u00e8re inattendue.<\/p>\n<p>Louez le tr\u00e9pied Weifeng WF-717 maintenant sur <a href=\"https:\/\/www.cinesouk.ma\/fr\">CINESOUK<\/a> - une marque de <a href=\"https:\/\/www.broadway.ma\/\">BROADWAY PRODUCTIONS SARL.<\/a><\/p>","protected":false},"excerpt":{"rendered":"<p>Sp\u00e9cifications<\/p>\n<p>Hauteur maximale : 186 cm<br \/>\nLongueur pli\u00e9e : 79 cm<br \/>\nCapacit\u00e9 de charge utile : Jusqu'\u00e0 6 kg<br \/>\nType de t\u00eate : Fluide<br \/>\nMat\u00e9riau : Aluminium<br \/>\nObjet : Vid\u00e9ographie<br \/>\nAccessoires : Kit complet<br \/>\nFabricant : Weifeng<\/p>","protected":false},"featured_media":2932,"template":"","meta":{"om_disable_all_campaigns":false,"_monsterinsights_skip_tracking":false,"_monsterinsights_sitenote_active":false,"_monsterinsights_sitenote_note":"","_monsterinsights_sitenote_category":0,"_uf_show_specific_survey":0,"_uf_disable_surveys":false},"product_brand":[],"product_cat":[134,83,75],"product_tag":[],"class_list":{"0":"post-2926","1":"product","2":"type-product","3":"status-publish","4":"has-post-thumbnail","6":"product_cat-tripod-and-support-eventsouk","7":"product_cat-efp-eng-cinesouk","8":"product_cat-tripod-and-support-cinesouk","10":"entry","11":"has-media","13":"first","14":"instock","15":"taxable","16":"shipping-taxable","17":"purchasable","18":"product-type-variable","19":"has-product-nav","20":"col","21":"span_1_of_3","22":"owp-content-center","23":"owp-thumbs-layout-horizontal","24":"owp-btn-normal","25":"owp-tabs-layout-horizontal","26":"has-no-thumbnails"},"yoast_head":"<!-- This site is optimized with the Yoast SEO Premium plugin v26.0 (Yoast SEO v26.0) - https:\/\/yoast.com\/wordpress\/plugins\/seo\/ -->\n<title>Weifeng WF-717 Tripod - Marrakech | Morocco - CineSouk - For rent<\/title>\n<meta name=\"description\" content=\"Affordable and versatile, the Weifeng WF-717 Video Tripod with Fluid Head offers reliable support for videography. Complete with essential accessories.\" \/>\n<meta name=\"robots\" content=\"index, follow, max-snippet:-1, max-image-preview:large, max-video-preview:-1\" \/>\n<link rel=\"canonical\" href=\"https:\/\/www.cinesouk.ma\/fr\/produit\/weifeng-wf-717-tripod\/\" \/>\n<meta property=\"og:locale\" content=\"fr_FR\" \/>\n<meta property=\"og:type\" content=\"article\" \/>\n<meta property=\"og:title\" content=\"Weifeng WF-717 Tripod\" \/>\n<meta property=\"og:description\" content=\"Affordable and versatile, the Weifeng WF-717 Video Tripod with Fluid Head offers reliable support for videography. Complete with essential accessories.\" \/>\n<meta property=\"og:url\" content=\"https:\/\/www.cinesouk.ma\/fr\/produit\/weifeng-wf-717-tripod\/\" \/>\n<meta property=\"og:site_name\" content=\"CineSouk\" \/>\n<meta property=\"article:modified_time\" content=\"2025-08-26T14:48:44+00:00\" \/>\n<meta property=\"og:image\" content=\"https:\/\/www.cinesouk.ma\/wp-content\/uploads\/2024\/01\/Weifeng-WF-717.jpg\" \/>\n\t<meta property=\"og:image:width\" content=\"300\" \/>\n\t<meta property=\"og:image:height\" content=\"238\" \/>\n\t<meta property=\"og:image:type\" content=\"image\/jpeg\" \/>\n<meta name=\"twitter:card\" content=\"summary_large_image\" \/>\n<meta name=\"twitter:description\" content=\"Affordable and versatile, the Weifeng WF-717 Video Tripod with Fluid Head offers reliable support for videography. Complete with essential accessories.\" \/>\n<meta name=\"twitter:label1\" content=\"Dur\u00e9e de lecture estim\u00e9e\" \/>\n\t<meta name=\"twitter:data1\" content=\"1 minute\" \/>\n<script type=\"application\/ld+json\" class=\"yoast-schema-graph\">{\"@context\":\"https:\/\/schema.org\",\"@graph\":[{\"@type\":\"WebPage\",\"@id\":\"https:\/\/www.cinesouk.ma\/product\/weifeng-wf-717-tripod\/\",\"url\":\"https:\/\/www.cinesouk.ma\/product\/weifeng-wf-717-tripod\/\",\"name\":\"Weifeng WF-717 Tripod - Marrakech | Morocco - CineSouk - For rent\",\"isPartOf\":{\"@id\":\"https:\/\/www.cinesouk.ma\/#website\"},\"primaryImageOfPage\":{\"@id\":\"https:\/\/www.cinesouk.ma\/product\/weifeng-wf-717-tripod\/#primaryimage\"},\"image\":{\"@id\":\"https:\/\/www.cinesouk.ma\/product\/weifeng-wf-717-tripod\/#primaryimage\"},\"thumbnailUrl\":\"https:\/\/www.cinesouk.ma\/wp-content\/uploads\/2024\/01\/Weifeng-WF-717.jpg\",\"datePublished\":\"2024-02-20T16:50:44+00:00\",\"dateModified\":\"2025-08-26T14:48:44+00:00\",\"description\":\"Affordable and versatile, the Weifeng WF-717 Video Tripod with Fluid Head offers reliable support for videography. Complete with essential accessories.\",\"breadcrumb\":{\"@id\":\"https:\/\/www.cinesouk.ma\/product\/weifeng-wf-717-tripod\/#breadcrumb\"},\"inLanguage\":\"fr-FR\",\"potentialAction\":[{\"@type\":\"ReadAction\",\"target\":[\"https:\/\/www.cinesouk.ma\/product\/weifeng-wf-717-tripod\/\"]}]},{\"@type\":\"ImageObject\",\"inLanguage\":\"fr-FR\",\"@id\":\"https:\/\/www.cinesouk.ma\/product\/weifeng-wf-717-tripod\/#primaryimage\",\"url\":\"https:\/\/www.cinesouk.ma\/wp-content\/uploads\/2024\/01\/Weifeng-WF-717.jpg\",\"contentUrl\":\"https:\/\/www.cinesouk.ma\/wp-content\/uploads\/2024\/01\/Weifeng-WF-717.jpg\",\"width\":300,\"height\":238,\"caption\":\"Weifeng WF-717 Tripod\"},{\"@type\":\"BreadcrumbList\",\"@id\":\"https:\/\/www.cinesouk.ma\/product\/weifeng-wf-717-tripod\/#breadcrumb\",\"itemListElement\":[{\"@type\":\"ListItem\",\"position\":1,\"name\":\"Home\",\"item\":\"https:\/\/www.cinesouk.ma\/\"},{\"@type\":\"ListItem\",\"position\":2,\"name\":\"Shop\",\"item\":\"https:\/\/www.cinesouk.ma\/shop\/\"},{\"@type\":\"ListItem\",\"position\":3,\"name\":\"Weifeng WF-717 Tripod\"}]},{\"@type\":\"WebSite\",\"@id\":\"https:\/\/www.cinesouk.ma\/#website\",\"url\":\"https:\/\/www.cinesouk.ma\/\",\"name\":\"CineSouk\",\"description\":\"\",\"publisher\":{\"@id\":\"https:\/\/www.cinesouk.ma\/#organization\"},\"potentialAction\":[{\"@type\":\"SearchAction\",\"target\":{\"@type\":\"EntryPoint\",\"urlTemplate\":\"https:\/\/www.cinesouk.ma\/?s={search_term_string}\"},\"query-input\":{\"@type\":\"PropertyValueSpecification\",\"valueRequired\":true,\"valueName\":\"search_term_string\"}}],\"inLanguage\":\"fr-FR\"},{\"@type\":\"Organization\",\"@id\":\"https:\/\/www.cinesouk.ma\/#organization\",\"name\":\"CineSouk\",\"url\":\"https:\/\/www.cinesouk.ma\/\",\"logo\":{\"@type\":\"ImageObject\",\"inLanguage\":\"fr-FR\",\"@id\":\"https:\/\/www.cinesouk.ma\/#\/schema\/logo\/image\/\",\"url\":\"https:\/\/www.cinesouk.ma\/wp-content\/uploads\/2024\/01\/CineSouk-logo-v01-alpha-alligned-left.png\",\"contentUrl\":\"https:\/\/www.cinesouk.ma\/wp-content\/uploads\/2024\/01\/CineSouk-logo-v01-alpha-alligned-left.png\",\"width\":3204,\"height\":889,\"caption\":\"CineSouk\"},\"image\":{\"@id\":\"https:\/\/www.cinesouk.ma\/#\/schema\/logo\/image\/\"}}]}<\/script>\n<!-- \/ Yoast SEO Premium plugin. -->","yoast_head_json":{"title":"Weifeng WF-717 Tripod - Marrakech | Morocco - CineSouk - For rent","description":"Affordable and versatile, the Weifeng WF-717 Video Tripod with Fluid Head offers reliable support for videography. Complete with essential accessories.","robots":{"index":"index","follow":"follow","max-snippet":"max-snippet:-1","max-image-preview":"max-image-preview:large","max-video-preview":"max-video-preview:-1"},"canonical":"https:\/\/www.cinesouk.ma\/fr\/produit\/weifeng-wf-717-tripod\/","og_locale":"fr_FR","og_type":"article","og_title":"Weifeng WF-717 Tripod","og_description":"Affordable and versatile, the Weifeng WF-717 Video Tripod with Fluid Head offers reliable support for videography. Complete with essential accessories.","og_url":"https:\/\/www.cinesouk.ma\/fr\/produit\/weifeng-wf-717-tripod\/","og_site_name":"CineSouk","article_modified_time":"2025-08-26T14:48:44+00:00","og_image":[{"width":300,"height":238,"url":"https:\/\/www.cinesouk.ma\/wp-content\/uploads\/2024\/01\/Weifeng-WF-717.jpg","type":"image\/jpeg"}],"twitter_card":"summary_large_image","twitter_description":"Affordable and versatile, the Weifeng WF-717 Video Tripod with Fluid Head offers reliable support for videography. Complete with essential accessories.","twitter_misc":{"Dur\u00e9e de lecture estim\u00e9e":"1 minute"},"schema":{"@context":"https:\/\/schema.org","@graph":[{"@type":"WebPage","@id":"https:\/\/www.cinesouk.ma\/product\/weifeng-wf-717-tripod\/","url":"https:\/\/www.cinesouk.ma\/product\/weifeng-wf-717-tripod\/","name":"Weifeng WF-717 Tripod - Marrakech | Morocco - CineSouk - For rent","isPartOf":{"@id":"https:\/\/www.cinesouk.ma\/#website"},"primaryImageOfPage":{"@id":"https:\/\/www.cinesouk.ma\/product\/weifeng-wf-717-tripod\/#primaryimage"},"image":{"@id":"https:\/\/www.cinesouk.ma\/product\/weifeng-wf-717-tripod\/#primaryimage"},"thumbnailUrl":"https:\/\/www.cinesouk.ma\/wp-content\/uploads\/2024\/01\/Weifeng-WF-717.jpg","datePublished":"2024-02-20T16:50:44+00:00","dateModified":"2025-08-26T14:48:44+00:00","description":"Affordable and versatile, the Weifeng WF-717 Video Tripod with Fluid Head offers reliable support for videography. Complete with essential accessories.","breadcrumb":{"@id":"https:\/\/www.cinesouk.ma\/product\/weifeng-wf-717-tripod\/#breadcrumb"},"inLanguage":"fr-FR","potentialAction":[{"@type":"ReadAction","target":["https:\/\/www.cinesouk.ma\/product\/weifeng-wf-717-tripod\/"]}]},{"@type":"ImageObject","inLanguage":"fr-FR","@id":"https:\/\/www.cinesouk.ma\/product\/weifeng-wf-717-tripod\/#primaryimage","url":"https:\/\/www.cinesouk.ma\/wp-content\/uploads\/2024\/01\/Weifeng-WF-717.jpg","contentUrl":"https:\/\/www.cinesouk.ma\/wp-content\/uploads\/2024\/01\/Weifeng-WF-717.jpg","width":300,"height":238,"caption":"Weifeng WF-717 Tripod"},{"@type":"BreadcrumbList","@id":"https:\/\/www.cinesouk.ma\/product\/weifeng-wf-717-tripod\/#breadcrumb","itemListElement":[{"@type":"ListItem","position":1,"name":"Home","item":"https:\/\/www.cinesouk.ma\/"},{"@type":"ListItem","position":2,"name":"Shop","item":"https:\/\/www.cinesouk.ma\/shop\/"},{"@type":"ListItem","position":3,"name":"Weifeng WF-717 Tripod"}]},{"@type":"WebSite","@id":"https:\/\/www.cinesouk.ma\/#website","url":"https:\/\/www.cinesouk.ma\/","name":"CineSouk","description":"","publisher":{"@id":"https:\/\/www.cinesouk.ma\/#organization"},"potentialAction":[{"@type":"SearchAction","target":{"@type":"EntryPoint","urlTemplate":"https:\/\/www.cinesouk.ma\/?s={search_term_string}"},"query-input":{"@type":"PropertyValueSpecification","valueRequired":true,"valueName":"search_term_string"}}],"inLanguage":"fr-FR"},{"@type":"Organization","@id":"https:\/\/www.cinesouk.ma\/#organization","name":"CineSouk","url":"https:\/\/www.cinesouk.ma\/","logo":{"@type":"ImageObject","inLanguage":"fr-FR","@id":"https:\/\/www.cinesouk.ma\/#\/schema\/logo\/image\/","url":"https:\/\/www.cinesouk.ma\/wp-content\/uploads\/2024\/01\/CineSouk-logo-v01-alpha-alligned-left.png","contentUrl":"https:\/\/www.cinesouk.ma\/wp-content\/uploads\/2024\/01\/CineSouk-logo-v01-alpha-alligned-left.png","width":3204,"height":889,"caption":"CineSouk"},"image":{"@id":"https:\/\/www.cinesouk.ma\/#\/schema\/logo\/image\/"}}]}},"_links":{"self":[{"href":"https:\/\/www.cinesouk.ma\/fr\/wp-json\/wp\/v2\/product\/2926","targetHints":{"allow":["GET"]}}],"collection":[{"href":"https:\/\/www.cinesouk.ma\/fr\/wp-json\/wp\/v2\/product"}],"about":[{"href":"https:\/\/www.cinesouk.ma\/fr\/wp-json\/wp\/v2\/types\/product"}],"wp:featuredmedia":[{"embeddable":true,"href":"https:\/\/www.cinesouk.ma\/fr\/wp-json\/wp\/v2\/media\/2932"}],"wp:attachment":[{"href":"https:\/\/www.cinesouk.ma\/fr\/wp-json\/wp\/v2\/media?parent=2926"}],"wp:term":[{"taxonomy":"product_brand","embeddable":true,"href":"https:\/\/www.cinesouk.ma\/fr\/wp-json\/wp\/v2\/product_brand?post=2926"},{"taxonomy":"product_cat","embeddable":true,"href":"https:\/\/www.cinesouk.ma\/fr\/wp-json\/wp\/v2\/product_cat?post=2926"},{"taxonomy":"product_tag","embeddable":true,"href":"https:\/\/www.cinesouk.ma\/fr\/wp-json\/wp\/v2\/product_tag?post=2926"}],"curies":[{"name":"wp","href":"https:\/\/api.w.org\/{rel}","templated":true}]}}