{"id":2947,"date":"2024-02-20T17:05:28","date_gmt":"2024-02-20T17:05:28","guid":{"rendered":"https:\/\/www.cinesouk.ma\/?post_type=product&#038;p=2947"},"modified":"2025-08-26T14:48:44","modified_gmt":"2025-08-26T14:48:44","slug":"tilta-advanced-ring-grip","status":"publish","type":"product","link":"https:\/\/www.cinesouk.ma\/fr\/produit\/tilta-advanced-ring-grip\/","title":{"rendered":"Tilta Advanced Ring Grip"},"content":{"rendered":"<p>Le Tilta Advanced Ring Grip est un accessoire qui change la donne. Dot\u00e9e d'une fonctionnalit\u00e9 bi-manuelle, elle permet de contr\u00f4ler \u00e0 distance le cardan et l'appareil photo. La poign\u00e9e gauche est con\u00e7ue pour supporter les moteurs de contr\u00f4le d'objectif de la s\u00e9rie Nucleus. La poign\u00e9e droite met les commandes essentielles \u00e0 port\u00e9e de main. Elle vous permet de g\u00e9rer sans effort les param\u00e8tres du cardan, les modes de prise de vue et les fonctions de l'appareil photo telles que l'enregistrement et la capture de photos. Gr\u00e2ce \u00e0 une manipulation intuitive, vous pouvez vous concentrer sur la capture du clich\u00e9 parfait sans vous laisser distraire.<\/p>\n<p>La poign\u00e9e est \u00e9quip\u00e9e d'un support de poign\u00e9e sup\u00e9rieur compatible avec la poign\u00e9e de batterie DJI RS 2. Elle offre une solution d'alimentation transparente pour les sessions de tournage prolong\u00e9es. De plus, elle offre un espace r\u00e9serv\u00e9 aux broches de positionnement standard ARRI et aux chaussures froides, ce qui permet d'accueillir toute une gamme d'accessoires, notamment des moniteurs embarqu\u00e9s, des microphones et des smartphones. Pour des prises de vue ininterrompues, cette poign\u00e9e offre \u00e9galement des options pour alimenter votre cardan, y compris la compatibilit\u00e9 avec les batteries de cardan et les batteries externes V-mount\/gold mount.<\/p>\n<h4>Caract\u00e9ristiques techniques du Tilta Advanced Ring Grip :<\/h4>\n<ul>\n<li>Dimensions : 24 x 13 x 4 pouces<\/li>\n<li>Poids : 4.6 lbs<\/li>\n<li>Poids net : 2.5 lbs<\/li>\n<li>Mat\u00e9riau : Fibre de carbone<\/li>\n<li>Le diam\u00e8tre de l'anneau de pr\u00e9hension Basic\/Advanced est de 570 mm x 510 mm x 175 mm.<\/li>\n<li>Le diam\u00e8tre de la poign\u00e9e est de 30 mm.<\/li>\n<\/ul>\n<p>Louez-le maintenant sur <a href=\"https:\/\/www.cinesouk.ma\/fr\">CINESOUK<\/a> - une marque de <a href=\"https:\/\/www.broadway.ma\/\">BROADWAY PRODUCTIONS SARL.<\/a><\/p>","protected":false},"excerpt":{"rendered":"<p>Sp\u00e9cifications<\/p>\n<p>Compatibilit\u00e9 : DJI Ronin RS2<br \/>\nPoints de montage : Multiples<br \/>\nObjet : Accessoire de contr\u00f4le du cardan<br \/>\nFabricant : Tilta<\/p>","protected":false},"featured_media":7722,"template":"","meta":{"om_disable_all_campaigns":false,"_monsterinsights_skip_tracking":false,"_monsterinsights_sitenote_active":false,"_monsterinsights_sitenote_note":"","_monsterinsights_sitenote_category":0,"_uf_show_specific_survey":0,"_uf_disable_surveys":false},"product_brand":[],"product_cat":[134,37,83,75],"product_tag":[],"class_list":{"0":"post-2947","1":"product","2":"type-product","3":"status-publish","4":"has-post-thumbnail","6":"product_cat-tripod-and-support-eventsouk","7":"product_cat-accessories-cinesouk","8":"product_cat-efp-eng-cinesouk","9":"product_cat-tripod-and-support-cinesouk","11":"entry","12":"has-media","14":"first","15":"instock","16":"taxable","17":"shipping-taxable","18":"purchasable","19":"product-type-variable","20":"has-product-nav","21":"col","22":"span_1_of_3","23":"owp-content-center","24":"owp-thumbs-layout-horizontal","25":"owp-btn-normal","26":"owp-tabs-layout-horizontal","27":"has-no-thumbnails"},"yoast_head":"<!-- This site is optimized with the Yoast SEO Premium plugin v26.0 (Yoast SEO v26.0) - https:\/\/yoast.com\/wordpress\/plugins\/seo\/ -->\n<title>Tilta Advanced Ring Grip - Marrakech | Morocco - CineSouk - For rent\u2003<\/title>\n<meta name=\"description\" content=\"Elevate your camera control in Morocco with the Tilta Advanced Ring Grip. A versatile accessory for filmmakers. - CineSouk\" \/>\n<meta name=\"robots\" content=\"index, follow, max-snippet:-1, max-image-preview:large, max-video-preview:-1\" \/>\n<link rel=\"canonical\" href=\"https:\/\/www.cinesouk.ma\/fr\/produit\/tilta-advanced-ring-grip\/\" \/>\n<meta property=\"og:locale\" content=\"fr_FR\" \/>\n<meta property=\"og:type\" content=\"article\" \/>\n<meta property=\"og:title\" content=\"Tilta Advanced Ring Grip\" \/>\n<meta property=\"og:description\" content=\"Elevate your camera control in Morocco with the Tilta Advanced Ring Grip. A versatile accessory for filmmakers. - CineSouk\" \/>\n<meta property=\"og:url\" content=\"https:\/\/www.cinesouk.ma\/fr\/produit\/tilta-advanced-ring-grip\/\" \/>\n<meta property=\"og:site_name\" content=\"CineSouk\" \/>\n<meta property=\"article:modified_time\" content=\"2025-08-26T14:48:44+00:00\" \/>\n<meta property=\"og:image\" content=\"https:\/\/www.cinesouk.ma\/wp-content\/uploads\/2024\/01\/32.jpg\" \/>\n\t<meta property=\"og:image:width\" content=\"300\" \/>\n\t<meta property=\"og:image:height\" content=\"238\" \/>\n\t<meta property=\"og:image:type\" content=\"image\/jpeg\" \/>\n<meta name=\"twitter:card\" content=\"summary_large_image\" \/>\n<meta name=\"twitter:description\" content=\"Elevate your camera control in Morocco with the Tilta Advanced Ring Grip. A versatile accessory for filmmakers. - CineSouk\" \/>\n<meta name=\"twitter:label1\" content=\"Dur\u00e9e de lecture estim\u00e9e\" \/>\n\t<meta name=\"twitter:data1\" content=\"2 minutes\" \/>\n<script type=\"application\/ld+json\" class=\"yoast-schema-graph\">{\"@context\":\"https:\/\/schema.org\",\"@graph\":[{\"@type\":\"WebPage\",\"@id\":\"https:\/\/www.cinesouk.ma\/product\/tilta-advanced-ring-grip\/\",\"url\":\"https:\/\/www.cinesouk.ma\/product\/tilta-advanced-ring-grip\/\",\"name\":\"Tilta Advanced Ring Grip - Marrakech | Morocco - CineSouk - For rent\u2003\",\"isPartOf\":{\"@id\":\"https:\/\/www.cinesouk.ma\/#website\"},\"primaryImageOfPage\":{\"@id\":\"https:\/\/www.cinesouk.ma\/product\/tilta-advanced-ring-grip\/#primaryimage\"},\"image\":{\"@id\":\"https:\/\/www.cinesouk.ma\/product\/tilta-advanced-ring-grip\/#primaryimage\"},\"thumbnailUrl\":\"https:\/\/www.cinesouk.ma\/wp-content\/uploads\/2024\/01\/32.jpg\",\"datePublished\":\"2024-02-20T17:05:28+00:00\",\"dateModified\":\"2025-08-26T14:48:44+00:00\",\"description\":\"Elevate your camera control in Morocco with the Tilta Advanced Ring Grip. A versatile accessory for filmmakers. - CineSouk\",\"breadcrumb\":{\"@id\":\"https:\/\/www.cinesouk.ma\/product\/tilta-advanced-ring-grip\/#breadcrumb\"},\"inLanguage\":\"fr-FR\",\"potentialAction\":[{\"@type\":\"ReadAction\",\"target\":[\"https:\/\/www.cinesouk.ma\/product\/tilta-advanced-ring-grip\/\"]}]},{\"@type\":\"ImageObject\",\"inLanguage\":\"fr-FR\",\"@id\":\"https:\/\/www.cinesouk.ma\/product\/tilta-advanced-ring-grip\/#primaryimage\",\"url\":\"https:\/\/www.cinesouk.ma\/wp-content\/uploads\/2024\/01\/32.jpg\",\"contentUrl\":\"https:\/\/www.cinesouk.ma\/wp-content\/uploads\/2024\/01\/32.jpg\",\"width\":300,\"height\":238},{\"@type\":\"BreadcrumbList\",\"@id\":\"https:\/\/www.cinesouk.ma\/product\/tilta-advanced-ring-grip\/#breadcrumb\",\"itemListElement\":[{\"@type\":\"ListItem\",\"position\":1,\"name\":\"Home\",\"item\":\"https:\/\/www.cinesouk.ma\/\"},{\"@type\":\"ListItem\",\"position\":2,\"name\":\"Shop\",\"item\":\"https:\/\/www.cinesouk.ma\/shop\/\"},{\"@type\":\"ListItem\",\"position\":3,\"name\":\"Tilta Advanced Ring Grip\"}]},{\"@type\":\"WebSite\",\"@id\":\"https:\/\/www.cinesouk.ma\/#website\",\"url\":\"https:\/\/www.cinesouk.ma\/\",\"name\":\"CineSouk\",\"description\":\"\",\"publisher\":{\"@id\":\"https:\/\/www.cinesouk.ma\/#organization\"},\"potentialAction\":[{\"@type\":\"SearchAction\",\"target\":{\"@type\":\"EntryPoint\",\"urlTemplate\":\"https:\/\/www.cinesouk.ma\/?s={search_term_string}\"},\"query-input\":{\"@type\":\"PropertyValueSpecification\",\"valueRequired\":true,\"valueName\":\"search_term_string\"}}],\"inLanguage\":\"fr-FR\"},{\"@type\":\"Organization\",\"@id\":\"https:\/\/www.cinesouk.ma\/#organization\",\"name\":\"CineSouk\",\"url\":\"https:\/\/www.cinesouk.ma\/\",\"logo\":{\"@type\":\"ImageObject\",\"inLanguage\":\"fr-FR\",\"@id\":\"https:\/\/www.cinesouk.ma\/#\/schema\/logo\/image\/\",\"url\":\"https:\/\/www.cinesouk.ma\/wp-content\/uploads\/2024\/01\/CineSouk-logo-v01-alpha-alligned-left.png\",\"contentUrl\":\"https:\/\/www.cinesouk.ma\/wp-content\/uploads\/2024\/01\/CineSouk-logo-v01-alpha-alligned-left.png\",\"width\":3204,\"height\":889,\"caption\":\"CineSouk\"},\"image\":{\"@id\":\"https:\/\/www.cinesouk.ma\/#\/schema\/logo\/image\/\"}}]}<\/script>\n<!-- \/ Yoast SEO Premium plugin. -->","yoast_head_json":{"title":"Tilta Advanced Ring Grip - Marrakech | Morocco - CineSouk - For rent\u2003","description":"Elevate your camera control in Morocco with the Tilta Advanced Ring Grip. A versatile accessory for filmmakers. - CineSouk","robots":{"index":"index","follow":"follow","max-snippet":"max-snippet:-1","max-image-preview":"max-image-preview:large","max-video-preview":"max-video-preview:-1"},"canonical":"https:\/\/www.cinesouk.ma\/fr\/produit\/tilta-advanced-ring-grip\/","og_locale":"fr_FR","og_type":"article","og_title":"Tilta Advanced Ring Grip","og_description":"Elevate your camera control in Morocco with the Tilta Advanced Ring Grip. A versatile accessory for filmmakers. - CineSouk","og_url":"https:\/\/www.cinesouk.ma\/fr\/produit\/tilta-advanced-ring-grip\/","og_site_name":"CineSouk","article_modified_time":"2025-08-26T14:48:44+00:00","og_image":[{"width":300,"height":238,"url":"https:\/\/www.cinesouk.ma\/wp-content\/uploads\/2024\/01\/32.jpg","type":"image\/jpeg"}],"twitter_card":"summary_large_image","twitter_description":"Elevate your camera control in Morocco with the Tilta Advanced Ring Grip. A versatile accessory for filmmakers. - CineSouk","twitter_misc":{"Dur\u00e9e de lecture estim\u00e9e":"2 minutes"},"schema":{"@context":"https:\/\/schema.org","@graph":[{"@type":"WebPage","@id":"https:\/\/www.cinesouk.ma\/product\/tilta-advanced-ring-grip\/","url":"https:\/\/www.cinesouk.ma\/product\/tilta-advanced-ring-grip\/","name":"Tilta Advanced Ring Grip - Marrakech | Morocco - CineSouk - For rent\u2003","isPartOf":{"@id":"https:\/\/www.cinesouk.ma\/#website"},"primaryImageOfPage":{"@id":"https:\/\/www.cinesouk.ma\/product\/tilta-advanced-ring-grip\/#primaryimage"},"image":{"@id":"https:\/\/www.cinesouk.ma\/product\/tilta-advanced-ring-grip\/#primaryimage"},"thumbnailUrl":"https:\/\/www.cinesouk.ma\/wp-content\/uploads\/2024\/01\/32.jpg","datePublished":"2024-02-20T17:05:28+00:00","dateModified":"2025-08-26T14:48:44+00:00","description":"Elevate your camera control in Morocco with the Tilta Advanced Ring Grip. A versatile accessory for filmmakers. - CineSouk","breadcrumb":{"@id":"https:\/\/www.cinesouk.ma\/product\/tilta-advanced-ring-grip\/#breadcrumb"},"inLanguage":"fr-FR","potentialAction":[{"@type":"ReadAction","target":["https:\/\/www.cinesouk.ma\/product\/tilta-advanced-ring-grip\/"]}]},{"@type":"ImageObject","inLanguage":"fr-FR","@id":"https:\/\/www.cinesouk.ma\/product\/tilta-advanced-ring-grip\/#primaryimage","url":"https:\/\/www.cinesouk.ma\/wp-content\/uploads\/2024\/01\/32.jpg","contentUrl":"https:\/\/www.cinesouk.ma\/wp-content\/uploads\/2024\/01\/32.jpg","width":300,"height":238},{"@type":"BreadcrumbList","@id":"https:\/\/www.cinesouk.ma\/product\/tilta-advanced-ring-grip\/#breadcrumb","itemListElement":[{"@type":"ListItem","position":1,"name":"Home","item":"https:\/\/www.cinesouk.ma\/"},{"@type":"ListItem","position":2,"name":"Shop","item":"https:\/\/www.cinesouk.ma\/shop\/"},{"@type":"ListItem","position":3,"name":"Tilta Advanced Ring Grip"}]},{"@type":"WebSite","@id":"https:\/\/www.cinesouk.ma\/#website","url":"https:\/\/www.cinesouk.ma\/","name":"CineSouk","description":"","publisher":{"@id":"https:\/\/www.cinesouk.ma\/#organization"},"potentialAction":[{"@type":"SearchAction","target":{"@type":"EntryPoint","urlTemplate":"https:\/\/www.cinesouk.ma\/?s={search_term_string}"},"query-input":{"@type":"PropertyValueSpecification","valueRequired":true,"valueName":"search_term_string"}}],"inLanguage":"fr-FR"},{"@type":"Organization","@id":"https:\/\/www.cinesouk.ma\/#organization","name":"CineSouk","url":"https:\/\/www.cinesouk.ma\/","logo":{"@type":"ImageObject","inLanguage":"fr-FR","@id":"https:\/\/www.cinesouk.ma\/#\/schema\/logo\/image\/","url":"https:\/\/www.cinesouk.ma\/wp-content\/uploads\/2024\/01\/CineSouk-logo-v01-alpha-alligned-left.png","contentUrl":"https:\/\/www.cinesouk.ma\/wp-content\/uploads\/2024\/01\/CineSouk-logo-v01-alpha-alligned-left.png","width":3204,"height":889,"caption":"CineSouk"},"image":{"@id":"https:\/\/www.cinesouk.ma\/#\/schema\/logo\/image\/"}}]}},"_links":{"self":[{"href":"https:\/\/www.cinesouk.ma\/fr\/wp-json\/wp\/v2\/product\/2947","targetHints":{"allow":["GET"]}}],"collection":[{"href":"https:\/\/www.cinesouk.ma\/fr\/wp-json\/wp\/v2\/product"}],"about":[{"href":"https:\/\/www.cinesouk.ma\/fr\/wp-json\/wp\/v2\/types\/product"}],"wp:featuredmedia":[{"embeddable":true,"href":"https:\/\/www.cinesouk.ma\/fr\/wp-json\/wp\/v2\/media\/7722"}],"wp:attachment":[{"href":"https:\/\/www.cinesouk.ma\/fr\/wp-json\/wp\/v2\/media?parent=2947"}],"wp:term":[{"taxonomy":"product_brand","embeddable":true,"href":"https:\/\/www.cinesouk.ma\/fr\/wp-json\/wp\/v2\/product_brand?post=2947"},{"taxonomy":"product_cat","embeddable":true,"href":"https:\/\/www.cinesouk.ma\/fr\/wp-json\/wp\/v2\/product_cat?post=2947"},{"taxonomy":"product_tag","embeddable":true,"href":"https:\/\/www.cinesouk.ma\/fr\/wp-json\/wp\/v2\/product_tag?post=2947"}],"curies":[{"name":"wp","href":"https:\/\/api.w.org\/{rel}","templated":true}]}}