{"id":2956,"date":"2024-01-19T11:10:26","date_gmt":"2024-01-19T11:10:26","guid":{"rendered":"https:\/\/www.cinesouk.ma\/?post_type=product&#038;p=2956"},"modified":"2025-03-21T10:55:49","modified_gmt":"2025-03-21T10:55:49","slug":"np-fz100-batteries","status":"publish","type":"product","link":"https:\/\/www.cinesouk.ma\/fr\/produit\/np-fz100-batteries\/","title":{"rendered":"Batteries NP-FZ100"},"content":{"rendered":"<p>Les batteries NP-FZ100 offrent des solutions d'alimentation haute performance pour divers appareils photo Sony Alpha, garantissant des sessions de prise de vue prolong\u00e9es avec une long\u00e9vit\u00e9 fiable. Compatibles avec des mod\u00e8les tels que les Sony A7 III, A7R III, A7R IV et A9, ces batteries fournissent une alimentation constante et efficace aux photographes et vid\u00e9astes. Les batteries NP-FZ100 ont une capacit\u00e9 \u00e9lev\u00e9e, ce qui permet aux utilisateurs de capturer plus d'images ou de s\u00e9quences sur une seule charge. Con\u00e7ues avec des caract\u00e9ristiques de s\u00e9curit\u00e9 et des performances fiables, elles constituent un accessoire essentiel pour les professionnels et les passionn\u00e9s \u00e0 la recherche de sources d'alimentation fiables pour leurs syst\u00e8mes d'appareils photo Sony Alpha.<\/p>\n<h3 class=\"a-spacing-mini\">Technologie du LITHIUM<\/h3>\n<p>Compatible avec les appareils photo Sony Alpha 6600 \/ 7 III \/ 7R III \/ 7R IV \/ 9 \/ 9 \/ 9 II.<\/p>\n<h3 class=\"a-spacing-mini\">Compatibilit\u00e9 NP-FZ100<\/h3>\n<p>Compatible avec les appareils photo Sony Alpha 6600 \/ 7 III \/ 7R III \/ 7R IV \/ 9 \/ 9 II. Compatible avec les chargeurs BC-QZ1 et NPA-MQZ1. Batterie Sony NP-FZ100 haute capacit\u00e9 pour l'appareil photo Sony A9, 2,2 fois la capacit\u00e9 de la NP-FW50.<\/p>\n<p>Louez-le maintenant sur <a href=\"https:\/\/www.cinesouk.ma\/fr\">CINESOUK<\/a> - une marque de <a href=\"https:\/\/www.broadway.ma\/\">BROADWAY PRODUCTIONS SARL.<\/a><\/p>","protected":false},"excerpt":{"rendered":"<p>Sp\u00e9cifications<\/p>\n<p>Compatibilit\u00e9 : Appareils photo Sony Alpha (A7 III, A7R III, A7R IV, A9)<br \/>\nType de batterie : NP-FZ100<br \/>\nCapacit\u00e9 : \u00c9lev\u00e9e<br \/>\nObjet : Solution d'alimentation pour les appareils photo Sony Alpha<br \/>\nFabricant : Sony<\/p>","protected":false},"featured_media":2962,"template":"","meta":{"om_disable_all_campaigns":false,"_monsterinsights_skip_tracking":false,"_monsterinsights_sitenote_active":false,"_monsterinsights_sitenote_note":"","_monsterinsights_sitenote_category":0,"_uf_show_specific_survey":0,"_uf_disable_surveys":false},"product_brand":[],"product_cat":[57],"product_tag":[],"class_list":{"0":"post-2956","1":"product","2":"type-product","3":"status-publish","4":"has-post-thumbnail","6":"product_cat-batteries-cinesouk","8":"entry","9":"has-media","11":"first","12":"instock","13":"taxable","14":"shipping-taxable","15":"purchasable","16":"product-type-variable","17":"has-product-nav","18":"col","19":"span_1_of_3","20":"owp-content-center","21":"owp-thumbs-layout-horizontal","22":"owp-btn-normal","23":"owp-tabs-layout-horizontal","24":"has-no-thumbnails"},"yoast_head":"<!-- This site is optimized with the Yoast SEO Premium plugin v26.0 (Yoast SEO v26.0) - https:\/\/yoast.com\/wordpress\/plugins\/seo\/ -->\n<title>NP-FZ100 batteries - CineSouk - For rent<\/title>\n<meta name=\"description\" content=\"Power your Sony Alpha camera with NP-FZ100 batteries for extended shooting sessions. High capacity, safety features. - CineSouk\" \/>\n<meta name=\"robots\" content=\"index, follow, max-snippet:-1, max-image-preview:large, max-video-preview:-1\" \/>\n<link rel=\"canonical\" href=\"https:\/\/www.cinesouk.ma\/fr\/produit\/np-fz100-batteries\/\" \/>\n<meta property=\"og:locale\" content=\"fr_FR\" \/>\n<meta property=\"og:type\" content=\"article\" \/>\n<meta property=\"og:title\" content=\"NP-FZ100 batteries\" \/>\n<meta property=\"og:description\" content=\"Power your Sony Alpha camera with NP-FZ100 batteries for extended shooting sessions. High capacity, safety features.\" \/>\n<meta property=\"og:url\" content=\"https:\/\/www.cinesouk.ma\/fr\/produit\/np-fz100-batteries\/\" \/>\n<meta property=\"og:site_name\" content=\"CineSouk\" \/>\n<meta property=\"article:modified_time\" content=\"2025-03-21T10:55:49+00:00\" \/>\n<meta property=\"og:image\" content=\"https:\/\/www.cinesouk.ma\/wp-content\/uploads\/2024\/01\/NP-FZ100-batteries.jpg\" \/>\n\t<meta property=\"og:image:width\" content=\"300\" \/>\n\t<meta property=\"og:image:height\" content=\"238\" \/>\n\t<meta property=\"og:image:type\" content=\"image\/jpeg\" \/>\n<meta name=\"twitter:card\" content=\"summary_large_image\" \/>\n<meta name=\"twitter:title\" content=\"NP-FZ100 batteries\" \/>\n<meta name=\"twitter:description\" content=\"Power your Sony Alpha camera with NP-FZ100 batteries for extended shooting sessions. High capacity, safety features. - CineSouk\" \/>\n<meta name=\"twitter:label1\" content=\"Dur\u00e9e de lecture estim\u00e9e\" \/>\n\t<meta name=\"twitter:data1\" content=\"1 minute\" \/>\n<script type=\"application\/ld+json\" class=\"yoast-schema-graph\">{\"@context\":\"https:\/\/schema.org\",\"@graph\":[{\"@type\":\"WebPage\",\"@id\":\"https:\/\/www.cinesouk.ma\/product\/np-fz100-batteries\/\",\"url\":\"https:\/\/www.cinesouk.ma\/product\/np-fz100-batteries\/\",\"name\":\"NP-FZ100 batteries - CineSouk - For rent\",\"isPartOf\":{\"@id\":\"https:\/\/www.cinesouk.ma\/#website\"},\"primaryImageOfPage\":{\"@id\":\"https:\/\/www.cinesouk.ma\/product\/np-fz100-batteries\/#primaryimage\"},\"image\":{\"@id\":\"https:\/\/www.cinesouk.ma\/product\/np-fz100-batteries\/#primaryimage\"},\"thumbnailUrl\":\"https:\/\/www.cinesouk.ma\/wp-content\/uploads\/2024\/01\/NP-FZ100-batteries.jpg\",\"datePublished\":\"2024-01-19T11:10:26+00:00\",\"dateModified\":\"2025-03-21T10:55:49+00:00\",\"description\":\"Power your Sony Alpha camera with NP-FZ100 batteries for extended shooting sessions. High capacity, safety features. - CineSouk\",\"breadcrumb\":{\"@id\":\"https:\/\/www.cinesouk.ma\/product\/np-fz100-batteries\/#breadcrumb\"},\"inLanguage\":\"fr-FR\",\"potentialAction\":[{\"@type\":\"ReadAction\",\"target\":[\"https:\/\/www.cinesouk.ma\/product\/np-fz100-batteries\/\"]}]},{\"@type\":\"ImageObject\",\"inLanguage\":\"fr-FR\",\"@id\":\"https:\/\/www.cinesouk.ma\/product\/np-fz100-batteries\/#primaryimage\",\"url\":\"https:\/\/www.cinesouk.ma\/wp-content\/uploads\/2024\/01\/NP-FZ100-batteries.jpg\",\"contentUrl\":\"https:\/\/www.cinesouk.ma\/wp-content\/uploads\/2024\/01\/NP-FZ100-batteries.jpg\",\"width\":300,\"height\":238,\"caption\":\"NP-FZ100 batteries\"},{\"@type\":\"BreadcrumbList\",\"@id\":\"https:\/\/www.cinesouk.ma\/product\/np-fz100-batteries\/#breadcrumb\",\"itemListElement\":[{\"@type\":\"ListItem\",\"position\":1,\"name\":\"Home\",\"item\":\"https:\/\/www.cinesouk.ma\/\"},{\"@type\":\"ListItem\",\"position\":2,\"name\":\"Shop\",\"item\":\"https:\/\/www.cinesouk.ma\/shop\/\"},{\"@type\":\"ListItem\",\"position\":3,\"name\":\"NP-FZ100 batteries\"}]},{\"@type\":\"WebSite\",\"@id\":\"https:\/\/www.cinesouk.ma\/#website\",\"url\":\"https:\/\/www.cinesouk.ma\/\",\"name\":\"CineSouk\",\"description\":\"\",\"publisher\":{\"@id\":\"https:\/\/www.cinesouk.ma\/#organization\"},\"potentialAction\":[{\"@type\":\"SearchAction\",\"target\":{\"@type\":\"EntryPoint\",\"urlTemplate\":\"https:\/\/www.cinesouk.ma\/?s={search_term_string}\"},\"query-input\":{\"@type\":\"PropertyValueSpecification\",\"valueRequired\":true,\"valueName\":\"search_term_string\"}}],\"inLanguage\":\"fr-FR\"},{\"@type\":\"Organization\",\"@id\":\"https:\/\/www.cinesouk.ma\/#organization\",\"name\":\"CineSouk\",\"url\":\"https:\/\/www.cinesouk.ma\/\",\"logo\":{\"@type\":\"ImageObject\",\"inLanguage\":\"fr-FR\",\"@id\":\"https:\/\/www.cinesouk.ma\/#\/schema\/logo\/image\/\",\"url\":\"https:\/\/www.cinesouk.ma\/wp-content\/uploads\/2024\/01\/CineSouk-logo-v01-alpha-alligned-left.png\",\"contentUrl\":\"https:\/\/www.cinesouk.ma\/wp-content\/uploads\/2024\/01\/CineSouk-logo-v01-alpha-alligned-left.png\",\"width\":3204,\"height\":889,\"caption\":\"CineSouk\"},\"image\":{\"@id\":\"https:\/\/www.cinesouk.ma\/#\/schema\/logo\/image\/\"}}]}<\/script>\n<!-- \/ Yoast SEO Premium plugin. -->","yoast_head_json":{"title":"NP-FZ100 batteries - CineSouk - For rent","description":"Power your Sony Alpha camera with NP-FZ100 batteries for extended shooting sessions. High capacity, safety features. - CineSouk","robots":{"index":"index","follow":"follow","max-snippet":"max-snippet:-1","max-image-preview":"max-image-preview:large","max-video-preview":"max-video-preview:-1"},"canonical":"https:\/\/www.cinesouk.ma\/fr\/produit\/np-fz100-batteries\/","og_locale":"fr_FR","og_type":"article","og_title":"NP-FZ100 batteries","og_description":"Power your Sony Alpha camera with NP-FZ100 batteries for extended shooting sessions. High capacity, safety features.","og_url":"https:\/\/www.cinesouk.ma\/fr\/produit\/np-fz100-batteries\/","og_site_name":"CineSouk","article_modified_time":"2025-03-21T10:55:49+00:00","og_image":[{"width":300,"height":238,"url":"https:\/\/www.cinesouk.ma\/wp-content\/uploads\/2024\/01\/NP-FZ100-batteries.jpg","type":"image\/jpeg"}],"twitter_card":"summary_large_image","twitter_title":"NP-FZ100 batteries","twitter_description":"Power your Sony Alpha camera with NP-FZ100 batteries for extended shooting sessions. High capacity, safety features. - CineSouk","twitter_misc":{"Dur\u00e9e de lecture estim\u00e9e":"1 minute"},"schema":{"@context":"https:\/\/schema.org","@graph":[{"@type":"WebPage","@id":"https:\/\/www.cinesouk.ma\/product\/np-fz100-batteries\/","url":"https:\/\/www.cinesouk.ma\/product\/np-fz100-batteries\/","name":"NP-FZ100 batteries - CineSouk - For rent","isPartOf":{"@id":"https:\/\/www.cinesouk.ma\/#website"},"primaryImageOfPage":{"@id":"https:\/\/www.cinesouk.ma\/product\/np-fz100-batteries\/#primaryimage"},"image":{"@id":"https:\/\/www.cinesouk.ma\/product\/np-fz100-batteries\/#primaryimage"},"thumbnailUrl":"https:\/\/www.cinesouk.ma\/wp-content\/uploads\/2024\/01\/NP-FZ100-batteries.jpg","datePublished":"2024-01-19T11:10:26+00:00","dateModified":"2025-03-21T10:55:49+00:00","description":"Power your Sony Alpha camera with NP-FZ100 batteries for extended shooting sessions. High capacity, safety features. - CineSouk","breadcrumb":{"@id":"https:\/\/www.cinesouk.ma\/product\/np-fz100-batteries\/#breadcrumb"},"inLanguage":"fr-FR","potentialAction":[{"@type":"ReadAction","target":["https:\/\/www.cinesouk.ma\/product\/np-fz100-batteries\/"]}]},{"@type":"ImageObject","inLanguage":"fr-FR","@id":"https:\/\/www.cinesouk.ma\/product\/np-fz100-batteries\/#primaryimage","url":"https:\/\/www.cinesouk.ma\/wp-content\/uploads\/2024\/01\/NP-FZ100-batteries.jpg","contentUrl":"https:\/\/www.cinesouk.ma\/wp-content\/uploads\/2024\/01\/NP-FZ100-batteries.jpg","width":300,"height":238,"caption":"NP-FZ100 batteries"},{"@type":"BreadcrumbList","@id":"https:\/\/www.cinesouk.ma\/product\/np-fz100-batteries\/#breadcrumb","itemListElement":[{"@type":"ListItem","position":1,"name":"Home","item":"https:\/\/www.cinesouk.ma\/"},{"@type":"ListItem","position":2,"name":"Shop","item":"https:\/\/www.cinesouk.ma\/shop\/"},{"@type":"ListItem","position":3,"name":"NP-FZ100 batteries"}]},{"@type":"WebSite","@id":"https:\/\/www.cinesouk.ma\/#website","url":"https:\/\/www.cinesouk.ma\/","name":"CineSouk","description":"","publisher":{"@id":"https:\/\/www.cinesouk.ma\/#organization"},"potentialAction":[{"@type":"SearchAction","target":{"@type":"EntryPoint","urlTemplate":"https:\/\/www.cinesouk.ma\/?s={search_term_string}"},"query-input":{"@type":"PropertyValueSpecification","valueRequired":true,"valueName":"search_term_string"}}],"inLanguage":"fr-FR"},{"@type":"Organization","@id":"https:\/\/www.cinesouk.ma\/#organization","name":"CineSouk","url":"https:\/\/www.cinesouk.ma\/","logo":{"@type":"ImageObject","inLanguage":"fr-FR","@id":"https:\/\/www.cinesouk.ma\/#\/schema\/logo\/image\/","url":"https:\/\/www.cinesouk.ma\/wp-content\/uploads\/2024\/01\/CineSouk-logo-v01-alpha-alligned-left.png","contentUrl":"https:\/\/www.cinesouk.ma\/wp-content\/uploads\/2024\/01\/CineSouk-logo-v01-alpha-alligned-left.png","width":3204,"height":889,"caption":"CineSouk"},"image":{"@id":"https:\/\/www.cinesouk.ma\/#\/schema\/logo\/image\/"}}]}},"_links":{"self":[{"href":"https:\/\/www.cinesouk.ma\/fr\/wp-json\/wp\/v2\/product\/2956","targetHints":{"allow":["GET"]}}],"collection":[{"href":"https:\/\/www.cinesouk.ma\/fr\/wp-json\/wp\/v2\/product"}],"about":[{"href":"https:\/\/www.cinesouk.ma\/fr\/wp-json\/wp\/v2\/types\/product"}],"wp:featuredmedia":[{"embeddable":true,"href":"https:\/\/www.cinesouk.ma\/fr\/wp-json\/wp\/v2\/media\/2962"}],"wp:attachment":[{"href":"https:\/\/www.cinesouk.ma\/fr\/wp-json\/wp\/v2\/media?parent=2956"}],"wp:term":[{"taxonomy":"product_brand","embeddable":true,"href":"https:\/\/www.cinesouk.ma\/fr\/wp-json\/wp\/v2\/product_brand?post=2956"},{"taxonomy":"product_cat","embeddable":true,"href":"https:\/\/www.cinesouk.ma\/fr\/wp-json\/wp\/v2\/product_cat?post=2956"},{"taxonomy":"product_tag","embeddable":true,"href":"https:\/\/www.cinesouk.ma\/fr\/wp-json\/wp\/v2\/product_tag?post=2956"}],"curies":[{"name":"wp","href":"https:\/\/api.w.org\/{rel}","templated":true}]}}