{"id":2968,"date":"2024-01-19T11:15:47","date_gmt":"2024-01-19T11:15:47","guid":{"rendered":"https:\/\/www.cinesouk.ma\/?post_type=product&#038;p=2968"},"modified":"2025-08-26T14:56:47","modified_gmt":"2025-08-26T14:56:47","slug":"npa-mqzk1multi-adapter-kit","status":"publish","type":"product","link":"https:\/\/www.cinesouk.ma\/fr\/produit\/npa-mqzk1multi-adapter-kit\/","title":{"rendered":"Kit d'adaptateurs multiples NPA-MQZK1"},"content":{"rendered":"<p>Le kit multi-adaptateur NPA-MQZK1 constitue une solution d'alimentation polyvalente pour les appareils photo et accessoires Sony Alpha. Il est compatible avec plusieurs mod\u00e8les d'appareils photo Sony, notamment les s\u00e9ries A7 et A9. Ce kit peut charger rapidement jusqu'\u00e0 quatre batteries NP-FZ100 via l'adaptateur secteur en 480 minutes environ. Les capacit\u00e9s de charge simultan\u00e9e et rapide permettent de prolonger les sessions de prise de vue sans interruption. L'\u00e9tat de charge de la batterie est indiqu\u00e9 par une LED \u00e0 3 niveaux lorsque le bouton de v\u00e9rification de l'\u00e9tat de charge de la batterie est enfonc\u00e9. L'adaptateur d'alimentation constitue une source fiable pour un fonctionnement continu, tandis que la fonction de charge simultan\u00e9e permet aux utilisateurs d'alimenter plusieurs batteries \u00e0 la fois. Gr\u00e2ce \u00e0 son design compact et \u00e0 sa compatibilit\u00e9 \u00e9tendue, le NPA-MQZK1 est un accessoire essentiel pour les photographes et vid\u00e9astes \u00e0 la recherche d'une solution d'alimentation fiable et efficace pour leurs syst\u00e8mes d'appareils photo Sony Alpha.<\/p>\n<p>Cet adaptateur de batterie fournit trois prises de vis sur le dessus et le dessous de l'unit\u00e9 (un total de 6 prises), ce qui permet une configuration flexible de l'appareil \u00e0 l'aide d'une plaque de montage et de vis. Si vous retirez le protecteur de batterie et mettez en place les couvercles des ports de batterie, l'adaptateur multiple NPA-MQZK1 se transforme en un adaptateur plus petit et facile \u00e0 transporter pour deux batteries.<\/p>\n<p>L'interrupteur situ\u00e9 au centre du panneau de commande vous permet de choisir entre l'alimentation par les batteries et la charge des batteries.<\/p>\n<p>Louez-le maintenant sur <a href=\"https:\/\/www.cinesouk.ma\/fr\">CINESOUK<\/a> - une marque de <a href=\"https:\/\/www.broadway.ma\/\">BROADWAY PRODUCTIONS SARL.<\/a><\/p>","protected":false},"excerpt":{"rendered":"<p>Sp\u00e9cifications<\/p>\n<p>Compatibilit\u00e9 : Appareils photo Sony Alpha (s\u00e9rie A7, A9)<br \/>\nCompatibilit\u00e9 de la batterie : NP-FZ100<br \/>\nCaract\u00e9ristiques : Chargement simultan\u00e9, adaptateur de courant<br \/>\nObjet : Solution d'alimentation pour les appareils photo Sony Alpha<br \/>\nFabricant : Sony<\/p>","protected":false},"featured_media":2975,"template":"","meta":{"om_disable_all_campaigns":false,"_monsterinsights_skip_tracking":false,"_monsterinsights_sitenote_active":false,"_monsterinsights_sitenote_note":"","_monsterinsights_sitenote_category":0,"_uf_show_specific_survey":0,"_uf_disable_surveys":false},"product_brand":[],"product_cat":[57,83],"product_tag":[],"class_list":{"0":"post-2968","1":"product","2":"type-product","3":"status-publish","4":"has-post-thumbnail","6":"product_cat-batteries-cinesouk","7":"product_cat-efp-eng-cinesouk","9":"entry","10":"has-media","12":"first","13":"instock","14":"taxable","15":"shipping-taxable","16":"purchasable","17":"product-type-variable","18":"has-product-nav","19":"col","20":"span_1_of_3","21":"owp-content-center","22":"owp-thumbs-layout-horizontal","23":"owp-btn-normal","24":"owp-tabs-layout-horizontal","25":"has-no-thumbnails"},"yoast_head":"<!-- This site is optimized with the Yoast SEO Premium plugin v26.0 (Yoast SEO v26.0) - https:\/\/yoast.com\/wordpress\/plugins\/seo\/ -->\n<title>NPA-MQZK1 multi-adapter kit - CineSouk - For rent<\/title>\n<meta name=\"description\" content=\"Power and charge efficiently with the NPA-MQZK1 Multi-Adapter Kit for Sony Alpha cameras. Compatibility for uninterrupted shooting.\" \/>\n<meta name=\"robots\" content=\"index, follow, max-snippet:-1, max-image-preview:large, max-video-preview:-1\" \/>\n<link rel=\"canonical\" href=\"https:\/\/www.cinesouk.ma\/fr\/produit\/npa-mqzk1multi-adapter-kit\/\" \/>\n<meta property=\"og:locale\" content=\"fr_FR\" \/>\n<meta property=\"og:type\" content=\"article\" \/>\n<meta property=\"og:title\" content=\"NPA-MQZK1 multi-adapter kit\" \/>\n<meta property=\"og:description\" content=\"Power and charge efficiently with the NPA-MQZK1 Multi-Adapter Kit for Sony Alpha cameras. Compatibility for uninterrupted shooting.\" \/>\n<meta property=\"og:url\" content=\"https:\/\/www.cinesouk.ma\/fr\/produit\/npa-mqzk1multi-adapter-kit\/\" \/>\n<meta property=\"og:site_name\" content=\"CineSouk\" \/>\n<meta property=\"article:modified_time\" content=\"2025-08-26T14:56:47+00:00\" \/>\n<meta property=\"og:image\" content=\"https:\/\/www.cinesouk.ma\/wp-content\/uploads\/2024\/01\/NPA-MQZK1-multi-adapter-kit-power-adapter-simultaneous-charger-1.jpg\" \/>\n\t<meta property=\"og:image:width\" content=\"300\" \/>\n\t<meta property=\"og:image:height\" content=\"238\" \/>\n\t<meta property=\"og:image:type\" content=\"image\/jpeg\" \/>\n<meta name=\"twitter:card\" content=\"summary_large_image\" \/>\n<meta name=\"twitter:title\" content=\"NPA-MQZK1 multi-adapter kit\" \/>\n<meta name=\"twitter:description\" content=\"Power and charge efficiently with the NPA-MQZK1 Multi-Adapter Kit for Sony Alpha cameras. Compatibility for uninterrupted shooting.\" \/>\n<meta name=\"twitter:label1\" content=\"Dur\u00e9e de lecture estim\u00e9e\" \/>\n\t<meta name=\"twitter:data1\" content=\"2 minutes\" \/>\n<script type=\"application\/ld+json\" class=\"yoast-schema-graph\">{\"@context\":\"https:\/\/schema.org\",\"@graph\":[{\"@type\":\"WebPage\",\"@id\":\"https:\/\/www.cinesouk.ma\/product\/npa-mqzk1multi-adapter-kit\/\",\"url\":\"https:\/\/www.cinesouk.ma\/product\/npa-mqzk1multi-adapter-kit\/\",\"name\":\"NPA-MQZK1 multi-adapter kit - CineSouk - For rent\",\"isPartOf\":{\"@id\":\"https:\/\/www.cinesouk.ma\/#website\"},\"primaryImageOfPage\":{\"@id\":\"https:\/\/www.cinesouk.ma\/product\/npa-mqzk1multi-adapter-kit\/#primaryimage\"},\"image\":{\"@id\":\"https:\/\/www.cinesouk.ma\/product\/npa-mqzk1multi-adapter-kit\/#primaryimage\"},\"thumbnailUrl\":\"https:\/\/www.cinesouk.ma\/wp-content\/uploads\/2024\/01\/NPA-MQZK1-multi-adapter-kit-power-adapter-simultaneous-charger-1.jpg\",\"datePublished\":\"2024-01-19T11:15:47+00:00\",\"dateModified\":\"2025-08-26T14:56:47+00:00\",\"description\":\"Power and charge efficiently with the NPA-MQZK1 Multi-Adapter Kit for Sony Alpha cameras. Compatibility for uninterrupted shooting.\",\"breadcrumb\":{\"@id\":\"https:\/\/www.cinesouk.ma\/product\/npa-mqzk1multi-adapter-kit\/#breadcrumb\"},\"inLanguage\":\"fr-FR\",\"potentialAction\":[{\"@type\":\"ReadAction\",\"target\":[\"https:\/\/www.cinesouk.ma\/product\/npa-mqzk1multi-adapter-kit\/\"]}]},{\"@type\":\"ImageObject\",\"inLanguage\":\"fr-FR\",\"@id\":\"https:\/\/www.cinesouk.ma\/product\/npa-mqzk1multi-adapter-kit\/#primaryimage\",\"url\":\"https:\/\/www.cinesouk.ma\/wp-content\/uploads\/2024\/01\/NPA-MQZK1-multi-adapter-kit-power-adapter-simultaneous-charger-1.jpg\",\"contentUrl\":\"https:\/\/www.cinesouk.ma\/wp-content\/uploads\/2024\/01\/NPA-MQZK1-multi-adapter-kit-power-adapter-simultaneous-charger-1.jpg\",\"width\":300,\"height\":238,\"caption\":\"NPA-MQZK1 multi-adapter kit\"},{\"@type\":\"BreadcrumbList\",\"@id\":\"https:\/\/www.cinesouk.ma\/product\/npa-mqzk1multi-adapter-kit\/#breadcrumb\",\"itemListElement\":[{\"@type\":\"ListItem\",\"position\":1,\"name\":\"Home\",\"item\":\"https:\/\/www.cinesouk.ma\/\"},{\"@type\":\"ListItem\",\"position\":2,\"name\":\"Shop\",\"item\":\"https:\/\/www.cinesouk.ma\/shop\/\"},{\"@type\":\"ListItem\",\"position\":3,\"name\":\"NPA-MQZK1 multi-adapter kit\"}]},{\"@type\":\"WebSite\",\"@id\":\"https:\/\/www.cinesouk.ma\/#website\",\"url\":\"https:\/\/www.cinesouk.ma\/\",\"name\":\"CineSouk\",\"description\":\"\",\"publisher\":{\"@id\":\"https:\/\/www.cinesouk.ma\/#organization\"},\"potentialAction\":[{\"@type\":\"SearchAction\",\"target\":{\"@type\":\"EntryPoint\",\"urlTemplate\":\"https:\/\/www.cinesouk.ma\/?s={search_term_string}\"},\"query-input\":{\"@type\":\"PropertyValueSpecification\",\"valueRequired\":true,\"valueName\":\"search_term_string\"}}],\"inLanguage\":\"fr-FR\"},{\"@type\":\"Organization\",\"@id\":\"https:\/\/www.cinesouk.ma\/#organization\",\"name\":\"CineSouk\",\"url\":\"https:\/\/www.cinesouk.ma\/\",\"logo\":{\"@type\":\"ImageObject\",\"inLanguage\":\"fr-FR\",\"@id\":\"https:\/\/www.cinesouk.ma\/#\/schema\/logo\/image\/\",\"url\":\"https:\/\/www.cinesouk.ma\/wp-content\/uploads\/2024\/01\/CineSouk-logo-v01-alpha-alligned-left.png\",\"contentUrl\":\"https:\/\/www.cinesouk.ma\/wp-content\/uploads\/2024\/01\/CineSouk-logo-v01-alpha-alligned-left.png\",\"width\":3204,\"height\":889,\"caption\":\"CineSouk\"},\"image\":{\"@id\":\"https:\/\/www.cinesouk.ma\/#\/schema\/logo\/image\/\"}}]}<\/script>\n<!-- \/ Yoast SEO Premium plugin. -->","yoast_head_json":{"title":"NPA-MQZK1 multi-adapter kit - CineSouk - For rent","description":"Power and charge efficiently with the NPA-MQZK1 Multi-Adapter Kit for Sony Alpha cameras. Compatibility for uninterrupted shooting.","robots":{"index":"index","follow":"follow","max-snippet":"max-snippet:-1","max-image-preview":"max-image-preview:large","max-video-preview":"max-video-preview:-1"},"canonical":"https:\/\/www.cinesouk.ma\/fr\/produit\/npa-mqzk1multi-adapter-kit\/","og_locale":"fr_FR","og_type":"article","og_title":"NPA-MQZK1 multi-adapter kit","og_description":"Power and charge efficiently with the NPA-MQZK1 Multi-Adapter Kit for Sony Alpha cameras. Compatibility for uninterrupted shooting.","og_url":"https:\/\/www.cinesouk.ma\/fr\/produit\/npa-mqzk1multi-adapter-kit\/","og_site_name":"CineSouk","article_modified_time":"2025-08-26T14:56:47+00:00","og_image":[{"width":300,"height":238,"url":"https:\/\/www.cinesouk.ma\/wp-content\/uploads\/2024\/01\/NPA-MQZK1-multi-adapter-kit-power-adapter-simultaneous-charger-1.jpg","type":"image\/jpeg"}],"twitter_card":"summary_large_image","twitter_title":"NPA-MQZK1 multi-adapter kit","twitter_description":"Power and charge efficiently with the NPA-MQZK1 Multi-Adapter Kit for Sony Alpha cameras. Compatibility for uninterrupted shooting.","twitter_misc":{"Dur\u00e9e de lecture estim\u00e9e":"2 minutes"},"schema":{"@context":"https:\/\/schema.org","@graph":[{"@type":"WebPage","@id":"https:\/\/www.cinesouk.ma\/product\/npa-mqzk1multi-adapter-kit\/","url":"https:\/\/www.cinesouk.ma\/product\/npa-mqzk1multi-adapter-kit\/","name":"NPA-MQZK1 multi-adapter kit - CineSouk - For rent","isPartOf":{"@id":"https:\/\/www.cinesouk.ma\/#website"},"primaryImageOfPage":{"@id":"https:\/\/www.cinesouk.ma\/product\/npa-mqzk1multi-adapter-kit\/#primaryimage"},"image":{"@id":"https:\/\/www.cinesouk.ma\/product\/npa-mqzk1multi-adapter-kit\/#primaryimage"},"thumbnailUrl":"https:\/\/www.cinesouk.ma\/wp-content\/uploads\/2024\/01\/NPA-MQZK1-multi-adapter-kit-power-adapter-simultaneous-charger-1.jpg","datePublished":"2024-01-19T11:15:47+00:00","dateModified":"2025-08-26T14:56:47+00:00","description":"Power and charge efficiently with the NPA-MQZK1 Multi-Adapter Kit for Sony Alpha cameras. Compatibility for uninterrupted shooting.","breadcrumb":{"@id":"https:\/\/www.cinesouk.ma\/product\/npa-mqzk1multi-adapter-kit\/#breadcrumb"},"inLanguage":"fr-FR","potentialAction":[{"@type":"ReadAction","target":["https:\/\/www.cinesouk.ma\/product\/npa-mqzk1multi-adapter-kit\/"]}]},{"@type":"ImageObject","inLanguage":"fr-FR","@id":"https:\/\/www.cinesouk.ma\/product\/npa-mqzk1multi-adapter-kit\/#primaryimage","url":"https:\/\/www.cinesouk.ma\/wp-content\/uploads\/2024\/01\/NPA-MQZK1-multi-adapter-kit-power-adapter-simultaneous-charger-1.jpg","contentUrl":"https:\/\/www.cinesouk.ma\/wp-content\/uploads\/2024\/01\/NPA-MQZK1-multi-adapter-kit-power-adapter-simultaneous-charger-1.jpg","width":300,"height":238,"caption":"NPA-MQZK1 multi-adapter kit"},{"@type":"BreadcrumbList","@id":"https:\/\/www.cinesouk.ma\/product\/npa-mqzk1multi-adapter-kit\/#breadcrumb","itemListElement":[{"@type":"ListItem","position":1,"name":"Home","item":"https:\/\/www.cinesouk.ma\/"},{"@type":"ListItem","position":2,"name":"Shop","item":"https:\/\/www.cinesouk.ma\/shop\/"},{"@type":"ListItem","position":3,"name":"NPA-MQZK1 multi-adapter kit"}]},{"@type":"WebSite","@id":"https:\/\/www.cinesouk.ma\/#website","url":"https:\/\/www.cinesouk.ma\/","name":"CineSouk","description":"","publisher":{"@id":"https:\/\/www.cinesouk.ma\/#organization"},"potentialAction":[{"@type":"SearchAction","target":{"@type":"EntryPoint","urlTemplate":"https:\/\/www.cinesouk.ma\/?s={search_term_string}"},"query-input":{"@type":"PropertyValueSpecification","valueRequired":true,"valueName":"search_term_string"}}],"inLanguage":"fr-FR"},{"@type":"Organization","@id":"https:\/\/www.cinesouk.ma\/#organization","name":"CineSouk","url":"https:\/\/www.cinesouk.ma\/","logo":{"@type":"ImageObject","inLanguage":"fr-FR","@id":"https:\/\/www.cinesouk.ma\/#\/schema\/logo\/image\/","url":"https:\/\/www.cinesouk.ma\/wp-content\/uploads\/2024\/01\/CineSouk-logo-v01-alpha-alligned-left.png","contentUrl":"https:\/\/www.cinesouk.ma\/wp-content\/uploads\/2024\/01\/CineSouk-logo-v01-alpha-alligned-left.png","width":3204,"height":889,"caption":"CineSouk"},"image":{"@id":"https:\/\/www.cinesouk.ma\/#\/schema\/logo\/image\/"}}]}},"_links":{"self":[{"href":"https:\/\/www.cinesouk.ma\/fr\/wp-json\/wp\/v2\/product\/2968","targetHints":{"allow":["GET"]}}],"collection":[{"href":"https:\/\/www.cinesouk.ma\/fr\/wp-json\/wp\/v2\/product"}],"about":[{"href":"https:\/\/www.cinesouk.ma\/fr\/wp-json\/wp\/v2\/types\/product"}],"wp:featuredmedia":[{"embeddable":true,"href":"https:\/\/www.cinesouk.ma\/fr\/wp-json\/wp\/v2\/media\/2975"}],"wp:attachment":[{"href":"https:\/\/www.cinesouk.ma\/fr\/wp-json\/wp\/v2\/media?parent=2968"}],"wp:term":[{"taxonomy":"product_brand","embeddable":true,"href":"https:\/\/www.cinesouk.ma\/fr\/wp-json\/wp\/v2\/product_brand?post=2968"},{"taxonomy":"product_cat","embeddable":true,"href":"https:\/\/www.cinesouk.ma\/fr\/wp-json\/wp\/v2\/product_cat?post=2968"},{"taxonomy":"product_tag","embeddable":true,"href":"https:\/\/www.cinesouk.ma\/fr\/wp-json\/wp\/v2\/product_tag?post=2968"}],"curies":[{"name":"wp","href":"https:\/\/api.w.org\/{rel}","templated":true}]}}