{"id":2976,"date":"2024-01-19T11:19:59","date_gmt":"2024-01-19T11:19:59","guid":{"rendered":"https:\/\/www.cinesouk.ma\/?post_type=product&#038;p=2976"},"modified":"2025-03-21T10:55:49","modified_gmt":"2025-03-21T10:55:49","slug":"sony-cf-express-type-a-160-gb-800mb-s-memory-card","status":"publish","type":"product","link":"https:\/\/www.cinesouk.ma\/fr\/produit\/sony-cf-express-type-a-160-gb-800mb-s-memory-card\/","title":{"rendered":"Carte m\u00e9moire Sony CFexpress Type A 160GB 800MB\/S"},"content":{"rendered":"<p>La carte m\u00e9moire Sony CFexpress Type A 160GB offre une performance rapide et fiable. Elle est id\u00e9ale pour les photographes et vid\u00e9astes professionnels utilisant des appareils photo Sony Alpha compatibles. Avec une vitesse de lecture de 800 Mo\/s et une vitesse d'\u00e9criture de 700 Mo\/s, cette carte m\u00e9moire permet un transfert rapide des donn\u00e9es. Elle convient aux sc\u00e9narios de prise de vue exigeants, tels que l'enregistrement vid\u00e9o \u00e0 haut d\u00e9bit et la prise de vue en rafale. La carte garantit la durabilit\u00e9 et la fiabilit\u00e9. La capacit\u00e9 de 160 Go offre un espace de stockage suffisant pour les fichiers volumineux. Le format CF Express de type A est adapt\u00e9 aux syst\u00e8mes d'appareils photo modernes. Il offre une compatibilit\u00e9 et une efficacit\u00e9 optimales, et g\u00e8re facilement les contenus haute r\u00e9solution. Outre sa vitesse, cette carte m\u00e9moire TOUGH poss\u00e8de \u00e9galement une conception physique renforc\u00e9e qui r\u00e9siste aux chutes d'une hauteur de 4,5 m et dont la rigidit\u00e9 a \u00e9t\u00e9 test\u00e9e jusqu'\u00e0 7 kg. Elle r\u00e9siste \u00e9galement aux temp\u00e9ratures extr\u00eames, aux rayons X, \u00e0 l'\u00e9lectricit\u00e9 statique et aux UV.<\/p>\n<p>Le logiciel de r\u00e9cup\u00e9ration FileRescue offre une protection suppl\u00e9mentaire et peut \u00eatre t\u00e9l\u00e9charg\u00e9 pour r\u00e9cup\u00e9rer des fichiers perdus ou m\u00eame supprim\u00e9s accidentellement.<\/p>\n<h3>Caract\u00e9ristiques de la carte m\u00e9moire Sony CFexpress Type A 160GB 800MB\/S :<\/h3>\n<ul>\n<li>Capacit\u00e9 de stockage de 160 Go<\/li>\n<li>Un flux de travail tr\u00e8s efficace<\/li>\n<li>Con\u00e7u pour les conditions les plus difficiles<\/li>\n<li>Robuste, conforme \u00e0 la norme IP57, professionnel et fiable<\/li>\n<li>Vitesse de lecture : 800 MB\/s<\/li>\n<li>Vitesse d'\u00e9criture : 700 Mo\/s<\/li>\n<\/ul>\n<p>Louez-le maintenant sur <a href=\"https:\/\/www.cinesouk.ma\/fr\">CINESOUK<\/a> - une marque de <a href=\"https:\/\/www.broadway.ma\/\">BROADWAY PRODUCTIONS SARL.<\/a><\/p>\n<p>&nbsp;<\/p>","protected":false},"excerpt":{"rendered":"<p>Sp\u00e9cifications<\/p>\n<p>Capacit\u00e9 : 160 Go<br \/>\nVitesse de lecture : 800MB\/s<br \/>\nFormat : CF Express Type A<br \/>\nCompatibilit\u00e9 : Appareils photo Sony Alpha<br \/>\nObjectif : stockage de donn\u00e9es \u00e0 grande vitesse<br \/>\nFabricant : Sony<\/p>","protected":false},"featured_media":2982,"template":"","meta":{"om_disable_all_campaigns":false,"_monsterinsights_skip_tracking":false,"_monsterinsights_sitenote_active":false,"_monsterinsights_sitenote_note":"","_monsterinsights_sitenote_category":0,"_uf_show_specific_survey":0,"_uf_disable_surveys":false},"product_brand":[],"product_cat":[37],"product_tag":[],"class_list":{"0":"post-2976","1":"product","2":"type-product","3":"status-publish","4":"has-post-thumbnail","6":"product_cat-accessories-cinesouk","8":"entry","9":"has-media","11":"first","12":"instock","13":"taxable","14":"shipping-taxable","15":"purchasable","16":"product-type-variable","17":"has-product-nav","18":"col","19":"span_1_of_3","20":"owp-content-center","21":"owp-thumbs-layout-horizontal","22":"owp-btn-normal","23":"owp-tabs-layout-horizontal","24":"has-no-thumbnails"},"yoast_head":"<!-- This site is optimized with the Yoast SEO Premium plugin v26.0 (Yoast SEO v26.0) - https:\/\/yoast.com\/wordpress\/plugins\/seo\/ -->\n<title>Sony CFexpress Type A 160GB 800MB\/S memory card - CineSouk - For rent<\/title>\n<meta name=\"description\" content=\"Experience high-speed data transfer with the Sony CF Express Type A 160GB 800MB\/S memory card. - CineSouk\" \/>\n<meta name=\"robots\" content=\"index, follow, max-snippet:-1, max-image-preview:large, max-video-preview:-1\" \/>\n<link rel=\"canonical\" href=\"https:\/\/www.cinesouk.ma\/fr\/produit\/sony-cf-express-type-a-160-gb-800mb-s-memory-card\/\" \/>\n<meta property=\"og:locale\" content=\"fr_FR\" \/>\n<meta property=\"og:type\" content=\"article\" \/>\n<meta property=\"og:title\" content=\"Sony CFexpress Type A 160GB 800MB\/S memory card\" \/>\n<meta property=\"og:description\" content=\"Experience high-speed data transfer with the Sony CF Express Type A 160GB 800MB\/S memory card. - CineSouk\" \/>\n<meta property=\"og:url\" content=\"https:\/\/www.cinesouk.ma\/fr\/produit\/sony-cf-express-type-a-160-gb-800mb-s-memory-card\/\" \/>\n<meta property=\"og:site_name\" content=\"CineSouk\" \/>\n<meta property=\"article:modified_time\" content=\"2025-03-21T10:55:49+00:00\" \/>\n<meta property=\"og:image\" content=\"https:\/\/www.cinesouk.ma\/wp-content\/uploads\/2024\/01\/Sony-CF-Express-Type-A-160-GB-800MBS-memory-card.jpg\" \/>\n\t<meta property=\"og:image:width\" content=\"300\" \/>\n\t<meta property=\"og:image:height\" content=\"238\" \/>\n\t<meta property=\"og:image:type\" content=\"image\/jpeg\" \/>\n<meta name=\"twitter:card\" content=\"summary_large_image\" \/>\n<meta name=\"twitter:description\" content=\"Experience high-speed data transfer with the Sony CF Express Type A 160GB 800MB\/S memory card. - CineSouk\" \/>\n<meta name=\"twitter:label1\" content=\"Dur\u00e9e de lecture estim\u00e9e\" \/>\n\t<meta name=\"twitter:data1\" content=\"2 minutes\" \/>\n<script type=\"application\/ld+json\" class=\"yoast-schema-graph\">{\"@context\":\"https:\/\/schema.org\",\"@graph\":[{\"@type\":\"WebPage\",\"@id\":\"https:\/\/www.cinesouk.ma\/product\/sony-cf-express-type-a-160-gb-800mb-s-memory-card\/\",\"url\":\"https:\/\/www.cinesouk.ma\/product\/sony-cf-express-type-a-160-gb-800mb-s-memory-card\/\",\"name\":\"Sony CFexpress Type A 160GB 800MB\/S memory card - CineSouk - For rent\",\"isPartOf\":{\"@id\":\"https:\/\/www.cinesouk.ma\/#website\"},\"primaryImageOfPage\":{\"@id\":\"https:\/\/www.cinesouk.ma\/product\/sony-cf-express-type-a-160-gb-800mb-s-memory-card\/#primaryimage\"},\"image\":{\"@id\":\"https:\/\/www.cinesouk.ma\/product\/sony-cf-express-type-a-160-gb-800mb-s-memory-card\/#primaryimage\"},\"thumbnailUrl\":\"https:\/\/www.cinesouk.ma\/wp-content\/uploads\/2024\/01\/Sony-CF-Express-Type-A-160-GB-800MBS-memory-card.jpg\",\"datePublished\":\"2024-01-19T11:19:59+00:00\",\"dateModified\":\"2025-03-21T10:55:49+00:00\",\"description\":\"Experience high-speed data transfer with the Sony CF Express Type A 160GB 800MB\/S memory card. - CineSouk\",\"breadcrumb\":{\"@id\":\"https:\/\/www.cinesouk.ma\/product\/sony-cf-express-type-a-160-gb-800mb-s-memory-card\/#breadcrumb\"},\"inLanguage\":\"fr-FR\",\"potentialAction\":[{\"@type\":\"ReadAction\",\"target\":[\"https:\/\/www.cinesouk.ma\/product\/sony-cf-express-type-a-160-gb-800mb-s-memory-card\/\"]}]},{\"@type\":\"ImageObject\",\"inLanguage\":\"fr-FR\",\"@id\":\"https:\/\/www.cinesouk.ma\/product\/sony-cf-express-type-a-160-gb-800mb-s-memory-card\/#primaryimage\",\"url\":\"https:\/\/www.cinesouk.ma\/wp-content\/uploads\/2024\/01\/Sony-CF-Express-Type-A-160-GB-800MBS-memory-card.jpg\",\"contentUrl\":\"https:\/\/www.cinesouk.ma\/wp-content\/uploads\/2024\/01\/Sony-CF-Express-Type-A-160-GB-800MBS-memory-card.jpg\",\"width\":300,\"height\":238},{\"@type\":\"BreadcrumbList\",\"@id\":\"https:\/\/www.cinesouk.ma\/product\/sony-cf-express-type-a-160-gb-800mb-s-memory-card\/#breadcrumb\",\"itemListElement\":[{\"@type\":\"ListItem\",\"position\":1,\"name\":\"Home\",\"item\":\"https:\/\/www.cinesouk.ma\/\"},{\"@type\":\"ListItem\",\"position\":2,\"name\":\"Shop\",\"item\":\"https:\/\/www.cinesouk.ma\/shop\/\"},{\"@type\":\"ListItem\",\"position\":3,\"name\":\"Sony CFexpress Type A 160GB 800MB\/S memory card\"}]},{\"@type\":\"WebSite\",\"@id\":\"https:\/\/www.cinesouk.ma\/#website\",\"url\":\"https:\/\/www.cinesouk.ma\/\",\"name\":\"CineSouk\",\"description\":\"\",\"publisher\":{\"@id\":\"https:\/\/www.cinesouk.ma\/#organization\"},\"potentialAction\":[{\"@type\":\"SearchAction\",\"target\":{\"@type\":\"EntryPoint\",\"urlTemplate\":\"https:\/\/www.cinesouk.ma\/?s={search_term_string}\"},\"query-input\":{\"@type\":\"PropertyValueSpecification\",\"valueRequired\":true,\"valueName\":\"search_term_string\"}}],\"inLanguage\":\"fr-FR\"},{\"@type\":\"Organization\",\"@id\":\"https:\/\/www.cinesouk.ma\/#organization\",\"name\":\"CineSouk\",\"url\":\"https:\/\/www.cinesouk.ma\/\",\"logo\":{\"@type\":\"ImageObject\",\"inLanguage\":\"fr-FR\",\"@id\":\"https:\/\/www.cinesouk.ma\/#\/schema\/logo\/image\/\",\"url\":\"https:\/\/www.cinesouk.ma\/wp-content\/uploads\/2024\/01\/CineSouk-logo-v01-alpha-alligned-left.png\",\"contentUrl\":\"https:\/\/www.cinesouk.ma\/wp-content\/uploads\/2024\/01\/CineSouk-logo-v01-alpha-alligned-left.png\",\"width\":3204,\"height\":889,\"caption\":\"CineSouk\"},\"image\":{\"@id\":\"https:\/\/www.cinesouk.ma\/#\/schema\/logo\/image\/\"}}]}<\/script>\n<!-- \/ Yoast SEO Premium plugin. -->","yoast_head_json":{"title":"Sony CFexpress Type A 160GB 800MB\/S memory card - CineSouk - For rent","description":"Experience high-speed data transfer with the Sony CF Express Type A 160GB 800MB\/S memory card. - CineSouk","robots":{"index":"index","follow":"follow","max-snippet":"max-snippet:-1","max-image-preview":"max-image-preview:large","max-video-preview":"max-video-preview:-1"},"canonical":"https:\/\/www.cinesouk.ma\/fr\/produit\/sony-cf-express-type-a-160-gb-800mb-s-memory-card\/","og_locale":"fr_FR","og_type":"article","og_title":"Sony CFexpress Type A 160GB 800MB\/S memory card","og_description":"Experience high-speed data transfer with the Sony CF Express Type A 160GB 800MB\/S memory card. - CineSouk","og_url":"https:\/\/www.cinesouk.ma\/fr\/produit\/sony-cf-express-type-a-160-gb-800mb-s-memory-card\/","og_site_name":"CineSouk","article_modified_time":"2025-03-21T10:55:49+00:00","og_image":[{"width":300,"height":238,"url":"https:\/\/www.cinesouk.ma\/wp-content\/uploads\/2024\/01\/Sony-CF-Express-Type-A-160-GB-800MBS-memory-card.jpg","type":"image\/jpeg"}],"twitter_card":"summary_large_image","twitter_description":"Experience high-speed data transfer with the Sony CF Express Type A 160GB 800MB\/S memory card. - CineSouk","twitter_misc":{"Dur\u00e9e de lecture estim\u00e9e":"2 minutes"},"schema":{"@context":"https:\/\/schema.org","@graph":[{"@type":"WebPage","@id":"https:\/\/www.cinesouk.ma\/product\/sony-cf-express-type-a-160-gb-800mb-s-memory-card\/","url":"https:\/\/www.cinesouk.ma\/product\/sony-cf-express-type-a-160-gb-800mb-s-memory-card\/","name":"Sony CFexpress Type A 160GB 800MB\/S memory card - CineSouk - For rent","isPartOf":{"@id":"https:\/\/www.cinesouk.ma\/#website"},"primaryImageOfPage":{"@id":"https:\/\/www.cinesouk.ma\/product\/sony-cf-express-type-a-160-gb-800mb-s-memory-card\/#primaryimage"},"image":{"@id":"https:\/\/www.cinesouk.ma\/product\/sony-cf-express-type-a-160-gb-800mb-s-memory-card\/#primaryimage"},"thumbnailUrl":"https:\/\/www.cinesouk.ma\/wp-content\/uploads\/2024\/01\/Sony-CF-Express-Type-A-160-GB-800MBS-memory-card.jpg","datePublished":"2024-01-19T11:19:59+00:00","dateModified":"2025-03-21T10:55:49+00:00","description":"Experience high-speed data transfer with the Sony CF Express Type A 160GB 800MB\/S memory card. - CineSouk","breadcrumb":{"@id":"https:\/\/www.cinesouk.ma\/product\/sony-cf-express-type-a-160-gb-800mb-s-memory-card\/#breadcrumb"},"inLanguage":"fr-FR","potentialAction":[{"@type":"ReadAction","target":["https:\/\/www.cinesouk.ma\/product\/sony-cf-express-type-a-160-gb-800mb-s-memory-card\/"]}]},{"@type":"ImageObject","inLanguage":"fr-FR","@id":"https:\/\/www.cinesouk.ma\/product\/sony-cf-express-type-a-160-gb-800mb-s-memory-card\/#primaryimage","url":"https:\/\/www.cinesouk.ma\/wp-content\/uploads\/2024\/01\/Sony-CF-Express-Type-A-160-GB-800MBS-memory-card.jpg","contentUrl":"https:\/\/www.cinesouk.ma\/wp-content\/uploads\/2024\/01\/Sony-CF-Express-Type-A-160-GB-800MBS-memory-card.jpg","width":300,"height":238},{"@type":"BreadcrumbList","@id":"https:\/\/www.cinesouk.ma\/product\/sony-cf-express-type-a-160-gb-800mb-s-memory-card\/#breadcrumb","itemListElement":[{"@type":"ListItem","position":1,"name":"Home","item":"https:\/\/www.cinesouk.ma\/"},{"@type":"ListItem","position":2,"name":"Shop","item":"https:\/\/www.cinesouk.ma\/shop\/"},{"@type":"ListItem","position":3,"name":"Sony CFexpress Type A 160GB 800MB\/S memory card"}]},{"@type":"WebSite","@id":"https:\/\/www.cinesouk.ma\/#website","url":"https:\/\/www.cinesouk.ma\/","name":"CineSouk","description":"","publisher":{"@id":"https:\/\/www.cinesouk.ma\/#organization"},"potentialAction":[{"@type":"SearchAction","target":{"@type":"EntryPoint","urlTemplate":"https:\/\/www.cinesouk.ma\/?s={search_term_string}"},"query-input":{"@type":"PropertyValueSpecification","valueRequired":true,"valueName":"search_term_string"}}],"inLanguage":"fr-FR"},{"@type":"Organization","@id":"https:\/\/www.cinesouk.ma\/#organization","name":"CineSouk","url":"https:\/\/www.cinesouk.ma\/","logo":{"@type":"ImageObject","inLanguage":"fr-FR","@id":"https:\/\/www.cinesouk.ma\/#\/schema\/logo\/image\/","url":"https:\/\/www.cinesouk.ma\/wp-content\/uploads\/2024\/01\/CineSouk-logo-v01-alpha-alligned-left.png","contentUrl":"https:\/\/www.cinesouk.ma\/wp-content\/uploads\/2024\/01\/CineSouk-logo-v01-alpha-alligned-left.png","width":3204,"height":889,"caption":"CineSouk"},"image":{"@id":"https:\/\/www.cinesouk.ma\/#\/schema\/logo\/image\/"}}]}},"_links":{"self":[{"href":"https:\/\/www.cinesouk.ma\/fr\/wp-json\/wp\/v2\/product\/2976","targetHints":{"allow":["GET"]}}],"collection":[{"href":"https:\/\/www.cinesouk.ma\/fr\/wp-json\/wp\/v2\/product"}],"about":[{"href":"https:\/\/www.cinesouk.ma\/fr\/wp-json\/wp\/v2\/types\/product"}],"wp:featuredmedia":[{"embeddable":true,"href":"https:\/\/www.cinesouk.ma\/fr\/wp-json\/wp\/v2\/media\/2982"}],"wp:attachment":[{"href":"https:\/\/www.cinesouk.ma\/fr\/wp-json\/wp\/v2\/media?parent=2976"}],"wp:term":[{"taxonomy":"product_brand","embeddable":true,"href":"https:\/\/www.cinesouk.ma\/fr\/wp-json\/wp\/v2\/product_brand?post=2976"},{"taxonomy":"product_cat","embeddable":true,"href":"https:\/\/www.cinesouk.ma\/fr\/wp-json\/wp\/v2\/product_cat?post=2976"},{"taxonomy":"product_tag","embeddable":true,"href":"https:\/\/www.cinesouk.ma\/fr\/wp-json\/wp\/v2\/product_tag?post=2976"}],"curies":[{"name":"wp","href":"https:\/\/api.w.org\/{rel}","templated":true}]}}