{"id":2983,"date":"2024-01-19T11:24:34","date_gmt":"2024-01-19T11:24:34","guid":{"rendered":"https:\/\/www.cinesouk.ma\/?post_type=product&#038;p=2983"},"modified":"2025-05-27T10:11:28","modified_gmt":"2025-05-27T10:11:28","slug":"sony-cf-express-type-a-card-reader","status":"publish","type":"product","link":"https:\/\/www.cinesouk.ma\/fr\/produit\/sony-cf-express-type-a-card-reader\/","title":{"rendered":"Lecteur de carte Sony CFexpress Type A - CFexpress A\/SD"},"content":{"rendered":"<p>Le lecteur de cartes CFexpress Type A de Sony est un accessoire de haute performance con\u00e7u pour maximiser l'efficacit\u00e9 des cartes m\u00e9moire CFexpress Type A. Dot\u00e9 d'une interface USB, ce lecteur de cartes assure un transfert de donn\u00e9es rapide. Il permet aux utilisateurs de transf\u00e9rer rapidement des fichiers volumineux. Compatible avec les cartes CFexpress de type A, il garantit une int\u00e9gration transparente du flux de travail avec les syst\u00e8mes d'appareils photo modernes, y compris les appareils photo Sony Alpha. Sa conception compacte et portable la rend pratique pour les professionnels en d\u00e9placement, tandis que sa fiabilit\u00e9 garantit des performances constantes. Le lecteur de cartes CFexpress Type A de Sony est un outil essentiel pour les photographes et vid\u00e9astes \u00e0 la recherche d'un transfert de donn\u00e9es efficace et fiable \u00e0 partir de leurs cartes m\u00e9moire.<\/p>\n<p>Le lecteur de cartes a des taux de transfert \u00e9lev\u00e9s allant jusqu'\u00e0 10GB\/s et est un lecteur de cartes m\u00e9moire con\u00e7u sp\u00e9cifiquement pour les cartes m\u00e9moire CFexpress Type-A, ainsi que pour les types de cartes SD \/ SDHC \/ SDXC. Ce lecteur de cartes vous permet de transf\u00e9rer des donn\u00e9es sur l'USB 3.1 Gen2 pour le post-traitement et le stockage.<\/p>\n<h4>Caract\u00e9ristiques du lecteur de cartes :<\/h4>\n<ul>\n<li>Convient aux cartes CFexpress Type-A et SD<\/li>\n<li>Interface USB 3.1 Gen2<\/li>\n<li>Vitesse de transfert : jusqu'\u00e0 10GB\/s<\/li>\n<li>Ultracompact<\/li>\n<\/ul>\n<h4>Autres caract\u00e9ristiques :<\/h4>\n<ul>\n<li class=\"specs__row\">Marquage CE : Visible<\/li>\n<li class=\"specs__row\">Couleur : Noir<\/li>\n<li class=\"specs__row\">Mod\u00e8le : mrw-G2<\/li>\n<li class=\"specs__row\">Configuration requise : Windows 8.1\/10, MacOS 10.13\/10.14\/10.15<\/li>\n<li class=\"specs__row\">Type d'emplacement de m\u00e9moire externe : CF Express | Carte XQD | Carte SD<\/li>\n<li class=\"specs__row\">Type d'alimentation : USB<\/li>\n<\/ul>\n<div><\/div>\n<p>Louez-le maintenant sur <a href=\"https:\/\/www.cinesouk.ma\/fr\">CINESOUK<\/a> - une marque de <a href=\"https:\/\/www.broadway.ma\/\">BROADWAY PRODUCTIONS SARL.<\/a><\/p>","protected":false},"excerpt":{"rendered":"<p>Sp\u00e9cifications<\/p>\n<p>Compatibilit\u00e9 : Cartes CF Express de type A<br \/>\nInterface : USB<br \/>\nObjectif : transfert efficace de donn\u00e9es<br \/>\nConception : Compact et portable<br \/>\nFabricant : Sony<\/p>","protected":false},"featured_media":2984,"template":"","meta":{"om_disable_all_campaigns":false,"_monsterinsights_skip_tracking":false,"_monsterinsights_sitenote_active":false,"_monsterinsights_sitenote_note":"","_monsterinsights_sitenote_category":0,"_uf_show_specific_survey":0,"_uf_disable_surveys":false},"product_brand":[],"product_cat":[37,84],"product_tag":[],"class_list":{"0":"post-2983","1":"product","2":"type-product","3":"status-publish","4":"has-post-thumbnail","6":"product_cat-accessories-cinesouk","7":"product_cat-dit-cinesouk","9":"entry","10":"has-media","12":"first","13":"instock","14":"taxable","15":"shipping-taxable","16":"purchasable","17":"product-type-variable","18":"has-product-nav","19":"col","20":"span_1_of_3","21":"owp-content-center","22":"owp-thumbs-layout-horizontal","23":"owp-btn-normal","24":"owp-tabs-layout-horizontal","25":"has-no-thumbnails"},"yoast_head":"<!-- This site is optimized with the Yoast SEO Premium plugin v26.0 (Yoast SEO v26.0) - https:\/\/yoast.com\/wordpress\/plugins\/seo\/ -->\n<title>Sony CFexpress Type A card reader \u2013 CFexpress A\/SD - CineSouk - Marrakech - For rent<\/title>\n<meta name=\"description\" content=\"Maximize data transfer with the Sony CF Express Type A Card Reader. Works seamless with Sony Alpha cameras and modern camera systems.\" \/>\n<meta name=\"robots\" content=\"index, follow, max-snippet:-1, max-image-preview:large, max-video-preview:-1\" \/>\n<link rel=\"canonical\" href=\"https:\/\/www.cinesouk.ma\/fr\/produit\/sony-cf-express-type-a-card-reader\/\" \/>\n<meta property=\"og:locale\" content=\"fr_FR\" \/>\n<meta property=\"og:type\" content=\"article\" \/>\n<meta property=\"og:title\" content=\"Sony CFexpress Type A card reader \u2013 CFexpress A\/SD\" \/>\n<meta property=\"og:description\" content=\"Maximize data transfer with the Sony CF Express Type A Card Reader. Works seamless with Sony Alpha cameras and modern camera systems.\" \/>\n<meta property=\"og:url\" content=\"https:\/\/www.cinesouk.ma\/fr\/produit\/sony-cf-express-type-a-card-reader\/\" \/>\n<meta property=\"og:site_name\" content=\"CineSouk\" \/>\n<meta property=\"article:modified_time\" content=\"2025-05-27T10:11:28+00:00\" \/>\n<meta property=\"og:image\" content=\"https:\/\/www.cinesouk.ma\/wp-content\/uploads\/2024\/01\/Sony-CF-Express-Type-A-card-reader.jpg\" \/>\n\t<meta property=\"og:image:width\" content=\"300\" \/>\n\t<meta property=\"og:image:height\" content=\"238\" \/>\n\t<meta property=\"og:image:type\" content=\"image\/jpeg\" \/>\n<meta name=\"twitter:card\" content=\"summary_large_image\" \/>\n<meta name=\"twitter:description\" content=\"Maximize data transfer with the Sony CF Express Type A Card Reader. Works seamless with Sony Alpha cameras and modern camera systems.\" \/>\n<meta name=\"twitter:label1\" content=\"Dur\u00e9e de lecture estim\u00e9e\" \/>\n\t<meta name=\"twitter:data1\" content=\"2 minutes\" \/>\n<script type=\"application\/ld+json\" class=\"yoast-schema-graph\">{\"@context\":\"https:\/\/schema.org\",\"@graph\":[{\"@type\":\"WebPage\",\"@id\":\"https:\/\/www.cinesouk.ma\/product\/sony-cf-express-type-a-card-reader\/\",\"url\":\"https:\/\/www.cinesouk.ma\/product\/sony-cf-express-type-a-card-reader\/\",\"name\":\"Sony CFexpress Type A card reader \u2013 CFexpress A\/SD - CineSouk - Marrakech - For rent\",\"isPartOf\":{\"@id\":\"https:\/\/www.cinesouk.ma\/#website\"},\"primaryImageOfPage\":{\"@id\":\"https:\/\/www.cinesouk.ma\/product\/sony-cf-express-type-a-card-reader\/#primaryimage\"},\"image\":{\"@id\":\"https:\/\/www.cinesouk.ma\/product\/sony-cf-express-type-a-card-reader\/#primaryimage\"},\"thumbnailUrl\":\"https:\/\/www.cinesouk.ma\/wp-content\/uploads\/2024\/01\/Sony-CF-Express-Type-A-card-reader.jpg\",\"datePublished\":\"2024-01-19T11:24:34+00:00\",\"dateModified\":\"2025-05-27T10:11:28+00:00\",\"description\":\"Maximize data transfer with the Sony CF Express Type A Card Reader. Works seamless with Sony Alpha cameras and modern camera systems.\",\"breadcrumb\":{\"@id\":\"https:\/\/www.cinesouk.ma\/product\/sony-cf-express-type-a-card-reader\/#breadcrumb\"},\"inLanguage\":\"fr-FR\",\"potentialAction\":[{\"@type\":\"ReadAction\",\"target\":[\"https:\/\/www.cinesouk.ma\/product\/sony-cf-express-type-a-card-reader\/\"]}]},{\"@type\":\"ImageObject\",\"inLanguage\":\"fr-FR\",\"@id\":\"https:\/\/www.cinesouk.ma\/product\/sony-cf-express-type-a-card-reader\/#primaryimage\",\"url\":\"https:\/\/www.cinesouk.ma\/wp-content\/uploads\/2024\/01\/Sony-CF-Express-Type-A-card-reader.jpg\",\"contentUrl\":\"https:\/\/www.cinesouk.ma\/wp-content\/uploads\/2024\/01\/Sony-CF-Express-Type-A-card-reader.jpg\",\"width\":300,\"height\":238},{\"@type\":\"BreadcrumbList\",\"@id\":\"https:\/\/www.cinesouk.ma\/product\/sony-cf-express-type-a-card-reader\/#breadcrumb\",\"itemListElement\":[{\"@type\":\"ListItem\",\"position\":1,\"name\":\"Home\",\"item\":\"https:\/\/www.cinesouk.ma\/\"},{\"@type\":\"ListItem\",\"position\":2,\"name\":\"Shop\",\"item\":\"https:\/\/www.cinesouk.ma\/shop\/\"},{\"@type\":\"ListItem\",\"position\":3,\"name\":\"Sony CFexpress Type A card reader \u2013 CFexpress A\/SD\"}]},{\"@type\":\"WebSite\",\"@id\":\"https:\/\/www.cinesouk.ma\/#website\",\"url\":\"https:\/\/www.cinesouk.ma\/\",\"name\":\"CineSouk\",\"description\":\"\",\"publisher\":{\"@id\":\"https:\/\/www.cinesouk.ma\/#organization\"},\"potentialAction\":[{\"@type\":\"SearchAction\",\"target\":{\"@type\":\"EntryPoint\",\"urlTemplate\":\"https:\/\/www.cinesouk.ma\/?s={search_term_string}\"},\"query-input\":{\"@type\":\"PropertyValueSpecification\",\"valueRequired\":true,\"valueName\":\"search_term_string\"}}],\"inLanguage\":\"fr-FR\"},{\"@type\":\"Organization\",\"@id\":\"https:\/\/www.cinesouk.ma\/#organization\",\"name\":\"CineSouk\",\"url\":\"https:\/\/www.cinesouk.ma\/\",\"logo\":{\"@type\":\"ImageObject\",\"inLanguage\":\"fr-FR\",\"@id\":\"https:\/\/www.cinesouk.ma\/#\/schema\/logo\/image\/\",\"url\":\"https:\/\/www.cinesouk.ma\/wp-content\/uploads\/2024\/01\/CineSouk-logo-v01-alpha-alligned-left.png\",\"contentUrl\":\"https:\/\/www.cinesouk.ma\/wp-content\/uploads\/2024\/01\/CineSouk-logo-v01-alpha-alligned-left.png\",\"width\":3204,\"height\":889,\"caption\":\"CineSouk\"},\"image\":{\"@id\":\"https:\/\/www.cinesouk.ma\/#\/schema\/logo\/image\/\"}}]}<\/script>\n<!-- \/ Yoast SEO Premium plugin. -->","yoast_head_json":{"title":"Sony CFexpress Type A card reader \u2013 CFexpress A\/SD - CineSouk - Marrakech - For rent","description":"Maximize data transfer with the Sony CF Express Type A Card Reader. Works seamless with Sony Alpha cameras and modern camera systems.","robots":{"index":"index","follow":"follow","max-snippet":"max-snippet:-1","max-image-preview":"max-image-preview:large","max-video-preview":"max-video-preview:-1"},"canonical":"https:\/\/www.cinesouk.ma\/fr\/produit\/sony-cf-express-type-a-card-reader\/","og_locale":"fr_FR","og_type":"article","og_title":"Sony CFexpress Type A card reader \u2013 CFexpress A\/SD","og_description":"Maximize data transfer with the Sony CF Express Type A Card Reader. Works seamless with Sony Alpha cameras and modern camera systems.","og_url":"https:\/\/www.cinesouk.ma\/fr\/produit\/sony-cf-express-type-a-card-reader\/","og_site_name":"CineSouk","article_modified_time":"2025-05-27T10:11:28+00:00","og_image":[{"width":300,"height":238,"url":"https:\/\/www.cinesouk.ma\/wp-content\/uploads\/2024\/01\/Sony-CF-Express-Type-A-card-reader.jpg","type":"image\/jpeg"}],"twitter_card":"summary_large_image","twitter_description":"Maximize data transfer with the Sony CF Express Type A Card Reader. Works seamless with Sony Alpha cameras and modern camera systems.","twitter_misc":{"Dur\u00e9e de lecture estim\u00e9e":"2 minutes"},"schema":{"@context":"https:\/\/schema.org","@graph":[{"@type":"WebPage","@id":"https:\/\/www.cinesouk.ma\/product\/sony-cf-express-type-a-card-reader\/","url":"https:\/\/www.cinesouk.ma\/product\/sony-cf-express-type-a-card-reader\/","name":"Sony CFexpress Type A card reader \u2013 CFexpress A\/SD - CineSouk - Marrakech - For rent","isPartOf":{"@id":"https:\/\/www.cinesouk.ma\/#website"},"primaryImageOfPage":{"@id":"https:\/\/www.cinesouk.ma\/product\/sony-cf-express-type-a-card-reader\/#primaryimage"},"image":{"@id":"https:\/\/www.cinesouk.ma\/product\/sony-cf-express-type-a-card-reader\/#primaryimage"},"thumbnailUrl":"https:\/\/www.cinesouk.ma\/wp-content\/uploads\/2024\/01\/Sony-CF-Express-Type-A-card-reader.jpg","datePublished":"2024-01-19T11:24:34+00:00","dateModified":"2025-05-27T10:11:28+00:00","description":"Maximize data transfer with the Sony CF Express Type A Card Reader. Works seamless with Sony Alpha cameras and modern camera systems.","breadcrumb":{"@id":"https:\/\/www.cinesouk.ma\/product\/sony-cf-express-type-a-card-reader\/#breadcrumb"},"inLanguage":"fr-FR","potentialAction":[{"@type":"ReadAction","target":["https:\/\/www.cinesouk.ma\/product\/sony-cf-express-type-a-card-reader\/"]}]},{"@type":"ImageObject","inLanguage":"fr-FR","@id":"https:\/\/www.cinesouk.ma\/product\/sony-cf-express-type-a-card-reader\/#primaryimage","url":"https:\/\/www.cinesouk.ma\/wp-content\/uploads\/2024\/01\/Sony-CF-Express-Type-A-card-reader.jpg","contentUrl":"https:\/\/www.cinesouk.ma\/wp-content\/uploads\/2024\/01\/Sony-CF-Express-Type-A-card-reader.jpg","width":300,"height":238},{"@type":"BreadcrumbList","@id":"https:\/\/www.cinesouk.ma\/product\/sony-cf-express-type-a-card-reader\/#breadcrumb","itemListElement":[{"@type":"ListItem","position":1,"name":"Home","item":"https:\/\/www.cinesouk.ma\/"},{"@type":"ListItem","position":2,"name":"Shop","item":"https:\/\/www.cinesouk.ma\/shop\/"},{"@type":"ListItem","position":3,"name":"Sony CFexpress Type A card reader \u2013 CFexpress A\/SD"}]},{"@type":"WebSite","@id":"https:\/\/www.cinesouk.ma\/#website","url":"https:\/\/www.cinesouk.ma\/","name":"CineSouk","description":"","publisher":{"@id":"https:\/\/www.cinesouk.ma\/#organization"},"potentialAction":[{"@type":"SearchAction","target":{"@type":"EntryPoint","urlTemplate":"https:\/\/www.cinesouk.ma\/?s={search_term_string}"},"query-input":{"@type":"PropertyValueSpecification","valueRequired":true,"valueName":"search_term_string"}}],"inLanguage":"fr-FR"},{"@type":"Organization","@id":"https:\/\/www.cinesouk.ma\/#organization","name":"CineSouk","url":"https:\/\/www.cinesouk.ma\/","logo":{"@type":"ImageObject","inLanguage":"fr-FR","@id":"https:\/\/www.cinesouk.ma\/#\/schema\/logo\/image\/","url":"https:\/\/www.cinesouk.ma\/wp-content\/uploads\/2024\/01\/CineSouk-logo-v01-alpha-alligned-left.png","contentUrl":"https:\/\/www.cinesouk.ma\/wp-content\/uploads\/2024\/01\/CineSouk-logo-v01-alpha-alligned-left.png","width":3204,"height":889,"caption":"CineSouk"},"image":{"@id":"https:\/\/www.cinesouk.ma\/#\/schema\/logo\/image\/"}}]}},"_links":{"self":[{"href":"https:\/\/www.cinesouk.ma\/fr\/wp-json\/wp\/v2\/product\/2983","targetHints":{"allow":["GET"]}}],"collection":[{"href":"https:\/\/www.cinesouk.ma\/fr\/wp-json\/wp\/v2\/product"}],"about":[{"href":"https:\/\/www.cinesouk.ma\/fr\/wp-json\/wp\/v2\/types\/product"}],"wp:featuredmedia":[{"embeddable":true,"href":"https:\/\/www.cinesouk.ma\/fr\/wp-json\/wp\/v2\/media\/2984"}],"wp:attachment":[{"href":"https:\/\/www.cinesouk.ma\/fr\/wp-json\/wp\/v2\/media?parent=2983"}],"wp:term":[{"taxonomy":"product_brand","embeddable":true,"href":"https:\/\/www.cinesouk.ma\/fr\/wp-json\/wp\/v2\/product_brand?post=2983"},{"taxonomy":"product_cat","embeddable":true,"href":"https:\/\/www.cinesouk.ma\/fr\/wp-json\/wp\/v2\/product_cat?post=2983"},{"taxonomy":"product_tag","embeddable":true,"href":"https:\/\/www.cinesouk.ma\/fr\/wp-json\/wp\/v2\/product_tag?post=2983"}],"curies":[{"name":"wp","href":"https:\/\/api.w.org\/{rel}","templated":true}]}}