{"id":3000,"date":"2024-01-19T11:31:32","date_gmt":"2024-01-19T11:31:32","guid":{"rendered":"https:\/\/www.cinesouk.ma\/?post_type=product&#038;p=3000"},"modified":"2025-03-21T10:55:50","modified_gmt":"2025-03-21T10:55:50","slug":"zacuto-z-drive","status":"publish","type":"product","link":"https:\/\/www.cinesouk.ma\/fr\/produit\/zacuto-z-drive\/","title":{"rendered":"Zacuto Z-Drive"},"content":{"rendered":"<p>La mise au point parfaite pour un kit Recoil. Le Zacuto Z-Drive est un follow focus unique et universel \u00e0 entra\u00eenement direct. Il a \u00e9t\u00e9 con\u00e7u pour les montages \u00e0 l'\u00e9paule d'un seul op\u00e9rateur.<\/p>\n<p>Il se fixe sur une simple tige de 15 mm de diam\u00e8tre et s'\u00e9loigne de l'op\u00e9rateur selon un angle de 60 degr\u00e9s, cr\u00e9ant ainsi de l'espace et de la distance par rapport \u00e0 l'objectif. Le Z-Zacuto Z-Drive peut fonctionner en quatre modes et est extr\u00eamement ajustable pour toutes les tailles d'objectifs. Il peut fonctionner du c\u00f4t\u00e9 de l'assistant cam\u00e9ra ou de l'op\u00e9rateur, positionn\u00e9 vers l'avant en direction de l'objectif ou vers l'arri\u00e8re en direction du tr\u00e9pied\/du chariot, etc.<\/p>\n<p>Louez-le maintenant sur <a href=\"https:\/\/www.cinesouk.ma\/fr\">CINESOUK<\/a> - une marque de <a href=\"https:\/\/www.broadway.ma\/\">BROADWAY PRODUCTIONS SARL.<\/a><\/p>","protected":false},"excerpt":{"rendered":"<p>Sp\u00e9cifications<\/p>\n<p>Compatibilit\u00e9 : syst\u00e8mes de cannes \u00e0 p\u00eache de 15 mm<br \/>\nDesign : Minimaliste et durable<br \/>\nObjectif : Contr\u00f4le du suivi de la mise au point<br \/>\nFacilit\u00e9 d'utilisation : Confortable et ergonomique<br \/>\nFabricant : Zacuto<\/p>","protected":false},"featured_media":3009,"template":"","meta":{"om_disable_all_campaigns":false,"_monsterinsights_skip_tracking":false,"_monsterinsights_sitenote_active":false,"_monsterinsights_sitenote_note":"","_monsterinsights_sitenote_category":0,"_uf_show_specific_survey":0,"_uf_disable_surveys":false},"product_brand":[],"product_cat":[37],"product_tag":[],"class_list":{"0":"post-3000","1":"product","2":"type-product","3":"status-publish","4":"has-post-thumbnail","6":"product_cat-accessories-cinesouk","8":"entry","9":"has-media","11":"first","12":"instock","13":"taxable","14":"shipping-taxable","15":"purchasable","16":"product-type-variable","17":"has-product-nav","18":"col","19":"span_1_of_3","20":"owp-content-center","21":"owp-thumbs-layout-horizontal","22":"owp-btn-normal","23":"owp-tabs-layout-horizontal","24":"has-no-thumbnails"},"yoast_head":"<!-- This site is optimized with the Yoast SEO Premium plugin v26.0 (Yoast SEO v26.0) - https:\/\/yoast.com\/wordpress\/plugins\/seo\/ -->\n<title>Zacuto Z-Drive - CineSouk - For rent<\/title>\n<meta name=\"description\" content=\"Zacuto Z-Drive is a unique, universal direct drive follow focus. Compatible with 15mm rod systems. - CineSouk - Marrakech | Morocco\" \/>\n<meta name=\"robots\" content=\"index, follow, max-snippet:-1, max-image-preview:large, max-video-preview:-1\" \/>\n<link rel=\"canonical\" href=\"https:\/\/www.cinesouk.ma\/fr\/produit\/zacuto-z-drive\/\" \/>\n<meta property=\"og:locale\" content=\"fr_FR\" \/>\n<meta property=\"og:type\" content=\"article\" \/>\n<meta property=\"og:title\" content=\"Zacuto Z-Drive\" \/>\n<meta property=\"og:description\" content=\"Zacuto Z-Drive is a unique, universal direct drive follow focus. Compatible with 15mm rod systems.\" \/>\n<meta property=\"og:url\" content=\"https:\/\/www.cinesouk.ma\/fr\/produit\/zacuto-z-drive\/\" \/>\n<meta property=\"og:site_name\" content=\"CineSouk\" \/>\n<meta property=\"article:modified_time\" content=\"2025-03-21T10:55:50+00:00\" \/>\n<meta property=\"og:image\" content=\"https:\/\/www.cinesouk.ma\/wp-content\/uploads\/2024\/01\/Zacuto-Z-Drive-follow-focus-.jpg\" \/>\n\t<meta property=\"og:image:width\" content=\"300\" \/>\n\t<meta property=\"og:image:height\" content=\"238\" \/>\n\t<meta property=\"og:image:type\" content=\"image\/jpeg\" \/>\n<meta name=\"twitter:card\" content=\"summary_large_image\" \/>\n<meta name=\"twitter:title\" content=\"Zacuto Z-Drive\" \/>\n<meta name=\"twitter:description\" content=\"Zacuto Z-Drive is a unique, universal direct drive follow focus. Compatible with 15mm rod systems. - CineSouk - Marrakech | Morocco\" \/>\n<meta name=\"twitter:label1\" content=\"Dur\u00e9e de lecture estim\u00e9e\" \/>\n\t<meta name=\"twitter:data1\" content=\"1 minute\" \/>\n<script type=\"application\/ld+json\" class=\"yoast-schema-graph\">{\"@context\":\"https:\/\/schema.org\",\"@graph\":[{\"@type\":\"WebPage\",\"@id\":\"https:\/\/www.cinesouk.ma\/product\/zacuto-z-drive\/\",\"url\":\"https:\/\/www.cinesouk.ma\/product\/zacuto-z-drive\/\",\"name\":\"Zacuto Z-Drive - CineSouk - For rent\",\"isPartOf\":{\"@id\":\"https:\/\/www.cinesouk.ma\/#website\"},\"primaryImageOfPage\":{\"@id\":\"https:\/\/www.cinesouk.ma\/product\/zacuto-z-drive\/#primaryimage\"},\"image\":{\"@id\":\"https:\/\/www.cinesouk.ma\/product\/zacuto-z-drive\/#primaryimage\"},\"thumbnailUrl\":\"https:\/\/www.cinesouk.ma\/wp-content\/uploads\/2024\/01\/Zacuto-Z-Drive-follow-focus-.jpg\",\"datePublished\":\"2024-01-19T11:31:32+00:00\",\"dateModified\":\"2025-03-21T10:55:50+00:00\",\"description\":\"Zacuto Z-Drive is a unique, universal direct drive follow focus. Compatible with 15mm rod systems. - CineSouk - Marrakech | Morocco\",\"breadcrumb\":{\"@id\":\"https:\/\/www.cinesouk.ma\/product\/zacuto-z-drive\/#breadcrumb\"},\"inLanguage\":\"fr-FR\",\"potentialAction\":[{\"@type\":\"ReadAction\",\"target\":[\"https:\/\/www.cinesouk.ma\/product\/zacuto-z-drive\/\"]}]},{\"@type\":\"ImageObject\",\"inLanguage\":\"fr-FR\",\"@id\":\"https:\/\/www.cinesouk.ma\/product\/zacuto-z-drive\/#primaryimage\",\"url\":\"https:\/\/www.cinesouk.ma\/wp-content\/uploads\/2024\/01\/Zacuto-Z-Drive-follow-focus-.jpg\",\"contentUrl\":\"https:\/\/www.cinesouk.ma\/wp-content\/uploads\/2024\/01\/Zacuto-Z-Drive-follow-focus-.jpg\",\"width\":300,\"height\":238,\"caption\":\"Zacuto Z-Drive\"},{\"@type\":\"BreadcrumbList\",\"@id\":\"https:\/\/www.cinesouk.ma\/product\/zacuto-z-drive\/#breadcrumb\",\"itemListElement\":[{\"@type\":\"ListItem\",\"position\":1,\"name\":\"Home\",\"item\":\"https:\/\/www.cinesouk.ma\/\"},{\"@type\":\"ListItem\",\"position\":2,\"name\":\"Shop\",\"item\":\"https:\/\/www.cinesouk.ma\/shop\/\"},{\"@type\":\"ListItem\",\"position\":3,\"name\":\"Zacuto Z-Drive\"}]},{\"@type\":\"WebSite\",\"@id\":\"https:\/\/www.cinesouk.ma\/#website\",\"url\":\"https:\/\/www.cinesouk.ma\/\",\"name\":\"CineSouk\",\"description\":\"\",\"publisher\":{\"@id\":\"https:\/\/www.cinesouk.ma\/#organization\"},\"potentialAction\":[{\"@type\":\"SearchAction\",\"target\":{\"@type\":\"EntryPoint\",\"urlTemplate\":\"https:\/\/www.cinesouk.ma\/?s={search_term_string}\"},\"query-input\":{\"@type\":\"PropertyValueSpecification\",\"valueRequired\":true,\"valueName\":\"search_term_string\"}}],\"inLanguage\":\"fr-FR\"},{\"@type\":\"Organization\",\"@id\":\"https:\/\/www.cinesouk.ma\/#organization\",\"name\":\"CineSouk\",\"url\":\"https:\/\/www.cinesouk.ma\/\",\"logo\":{\"@type\":\"ImageObject\",\"inLanguage\":\"fr-FR\",\"@id\":\"https:\/\/www.cinesouk.ma\/#\/schema\/logo\/image\/\",\"url\":\"https:\/\/www.cinesouk.ma\/wp-content\/uploads\/2024\/01\/CineSouk-logo-v01-alpha-alligned-left.png\",\"contentUrl\":\"https:\/\/www.cinesouk.ma\/wp-content\/uploads\/2024\/01\/CineSouk-logo-v01-alpha-alligned-left.png\",\"width\":3204,\"height\":889,\"caption\":\"CineSouk\"},\"image\":{\"@id\":\"https:\/\/www.cinesouk.ma\/#\/schema\/logo\/image\/\"}}]}<\/script>\n<!-- \/ Yoast SEO Premium plugin. -->","yoast_head_json":{"title":"Zacuto Z-Drive - CineSouk - For rent","description":"Zacuto Z-Drive is a unique, universal direct drive follow focus. Compatible with 15mm rod systems. - CineSouk - Marrakech | Morocco","robots":{"index":"index","follow":"follow","max-snippet":"max-snippet:-1","max-image-preview":"max-image-preview:large","max-video-preview":"max-video-preview:-1"},"canonical":"https:\/\/www.cinesouk.ma\/fr\/produit\/zacuto-z-drive\/","og_locale":"fr_FR","og_type":"article","og_title":"Zacuto Z-Drive","og_description":"Zacuto Z-Drive is a unique, universal direct drive follow focus. Compatible with 15mm rod systems.","og_url":"https:\/\/www.cinesouk.ma\/fr\/produit\/zacuto-z-drive\/","og_site_name":"CineSouk","article_modified_time":"2025-03-21T10:55:50+00:00","og_image":[{"width":300,"height":238,"url":"https:\/\/www.cinesouk.ma\/wp-content\/uploads\/2024\/01\/Zacuto-Z-Drive-follow-focus-.jpg","type":"image\/jpeg"}],"twitter_card":"summary_large_image","twitter_title":"Zacuto Z-Drive","twitter_description":"Zacuto Z-Drive is a unique, universal direct drive follow focus. Compatible with 15mm rod systems. - CineSouk - Marrakech | Morocco","twitter_misc":{"Dur\u00e9e de lecture estim\u00e9e":"1 minute"},"schema":{"@context":"https:\/\/schema.org","@graph":[{"@type":"WebPage","@id":"https:\/\/www.cinesouk.ma\/product\/zacuto-z-drive\/","url":"https:\/\/www.cinesouk.ma\/product\/zacuto-z-drive\/","name":"Zacuto Z-Drive - CineSouk - For rent","isPartOf":{"@id":"https:\/\/www.cinesouk.ma\/#website"},"primaryImageOfPage":{"@id":"https:\/\/www.cinesouk.ma\/product\/zacuto-z-drive\/#primaryimage"},"image":{"@id":"https:\/\/www.cinesouk.ma\/product\/zacuto-z-drive\/#primaryimage"},"thumbnailUrl":"https:\/\/www.cinesouk.ma\/wp-content\/uploads\/2024\/01\/Zacuto-Z-Drive-follow-focus-.jpg","datePublished":"2024-01-19T11:31:32+00:00","dateModified":"2025-03-21T10:55:50+00:00","description":"Zacuto Z-Drive is a unique, universal direct drive follow focus. Compatible with 15mm rod systems. - CineSouk - Marrakech | Morocco","breadcrumb":{"@id":"https:\/\/www.cinesouk.ma\/product\/zacuto-z-drive\/#breadcrumb"},"inLanguage":"fr-FR","potentialAction":[{"@type":"ReadAction","target":["https:\/\/www.cinesouk.ma\/product\/zacuto-z-drive\/"]}]},{"@type":"ImageObject","inLanguage":"fr-FR","@id":"https:\/\/www.cinesouk.ma\/product\/zacuto-z-drive\/#primaryimage","url":"https:\/\/www.cinesouk.ma\/wp-content\/uploads\/2024\/01\/Zacuto-Z-Drive-follow-focus-.jpg","contentUrl":"https:\/\/www.cinesouk.ma\/wp-content\/uploads\/2024\/01\/Zacuto-Z-Drive-follow-focus-.jpg","width":300,"height":238,"caption":"Zacuto Z-Drive"},{"@type":"BreadcrumbList","@id":"https:\/\/www.cinesouk.ma\/product\/zacuto-z-drive\/#breadcrumb","itemListElement":[{"@type":"ListItem","position":1,"name":"Home","item":"https:\/\/www.cinesouk.ma\/"},{"@type":"ListItem","position":2,"name":"Shop","item":"https:\/\/www.cinesouk.ma\/shop\/"},{"@type":"ListItem","position":3,"name":"Zacuto Z-Drive"}]},{"@type":"WebSite","@id":"https:\/\/www.cinesouk.ma\/#website","url":"https:\/\/www.cinesouk.ma\/","name":"CineSouk","description":"","publisher":{"@id":"https:\/\/www.cinesouk.ma\/#organization"},"potentialAction":[{"@type":"SearchAction","target":{"@type":"EntryPoint","urlTemplate":"https:\/\/www.cinesouk.ma\/?s={search_term_string}"},"query-input":{"@type":"PropertyValueSpecification","valueRequired":true,"valueName":"search_term_string"}}],"inLanguage":"fr-FR"},{"@type":"Organization","@id":"https:\/\/www.cinesouk.ma\/#organization","name":"CineSouk","url":"https:\/\/www.cinesouk.ma\/","logo":{"@type":"ImageObject","inLanguage":"fr-FR","@id":"https:\/\/www.cinesouk.ma\/#\/schema\/logo\/image\/","url":"https:\/\/www.cinesouk.ma\/wp-content\/uploads\/2024\/01\/CineSouk-logo-v01-alpha-alligned-left.png","contentUrl":"https:\/\/www.cinesouk.ma\/wp-content\/uploads\/2024\/01\/CineSouk-logo-v01-alpha-alligned-left.png","width":3204,"height":889,"caption":"CineSouk"},"image":{"@id":"https:\/\/www.cinesouk.ma\/#\/schema\/logo\/image\/"}}]}},"_links":{"self":[{"href":"https:\/\/www.cinesouk.ma\/fr\/wp-json\/wp\/v2\/product\/3000","targetHints":{"allow":["GET"]}}],"collection":[{"href":"https:\/\/www.cinesouk.ma\/fr\/wp-json\/wp\/v2\/product"}],"about":[{"href":"https:\/\/www.cinesouk.ma\/fr\/wp-json\/wp\/v2\/types\/product"}],"wp:featuredmedia":[{"embeddable":true,"href":"https:\/\/www.cinesouk.ma\/fr\/wp-json\/wp\/v2\/media\/3009"}],"wp:attachment":[{"href":"https:\/\/www.cinesouk.ma\/fr\/wp-json\/wp\/v2\/media?parent=3000"}],"wp:term":[{"taxonomy":"product_brand","embeddable":true,"href":"https:\/\/www.cinesouk.ma\/fr\/wp-json\/wp\/v2\/product_brand?post=3000"},{"taxonomy":"product_cat","embeddable":true,"href":"https:\/\/www.cinesouk.ma\/fr\/wp-json\/wp\/v2\/product_cat?post=3000"},{"taxonomy":"product_tag","embeddable":true,"href":"https:\/\/www.cinesouk.ma\/fr\/wp-json\/wp\/v2\/product_tag?post=3000"}],"curies":[{"name":"wp","href":"https:\/\/api.w.org\/{rel}","templated":true}]}}