{"id":3012,"date":"2024-01-19T11:40:49","date_gmt":"2024-01-19T11:40:49","guid":{"rendered":"https:\/\/www.cinesouk.ma\/?post_type=product&#038;p=3012"},"modified":"2025-03-21T10:55:50","modified_gmt":"2025-03-21T10:55:50","slug":"zacuto-recoil-pro-shoulder-rig","status":"publish","type":"product","link":"https:\/\/www.cinesouk.ma\/fr\/produit\/zacuto-recoil-pro-shoulder-rig\/","title":{"rendered":"Support d'\u00e9paule Zacuto Recoil Pro"},"content":{"rendered":"<p><strong>Kit complet d'\u00e9pauli\u00e8re Zacuto Recoil Pro<\/strong><\/p>\n<p>Le Zacuto Recoil Pro est con\u00e7u pour un \u00e9quilibre optimal. Il offre un confort optimal lorsqu'il est mont\u00e9 sur l'\u00e9paule ou sur un tr\u00e9pied. Les objectifs et les appareils photo \u00e9tant de poids similaires, le point d'\u00e9quilibre se situe \u00e0 l'endroit o\u00f9 l'objectif rencontre le bo\u00eetier de l'appareil photo. Avec un appareil d'\u00e9paule, le point d'\u00e9quilibre doit se situer directement au-dessus de votre \u00e9paule, ce qui place l'appareil photo derri\u00e8re vous. Le syst\u00e8me Recoil s'adapte \u00e0 ce point d'\u00e9quilibre et d\u00e9place les commandes de mise au point, de contr\u00f4le et de cam\u00e9ra vers l'avant, cr\u00e9ant ainsi un syst\u00e8me plus l\u00e9ger, plus court et correctement \u00e9quilibr\u00e9.<\/p>\n<p>L'\u00e9pauli\u00e8re Zacuto Recoil, con\u00e7ue avec soin, comprend des composants essentiels tels qu'une \u00e9pauli\u00e8re, une poign\u00e9e et des accessoires suppl\u00e9mentaires.<\/p>\n<p>Louez-le maintenant sur <a href=\"https:\/\/www.cinesouk.ma\/fr\">CINESOUK<\/a> - une marque de <a href=\"https:\/\/www.broadway.ma\/\">BROADWAY PRODUCTIONS SARL.<\/a><\/p>","protected":false},"excerpt":{"rendered":"<p>Sp\u00e9cifications<\/p>\n<p>Composants : Support d'\u00e9paule, follow focus, Zgrip Relocator<br \/>\nCompatibilit\u00e9 : Diff\u00e9rents syst\u00e8mes de cam\u00e9ras<br \/>\nPlaque de base : VCT Pro<br \/>\nObjet : Support de cam\u00e9ra professionnelle<br \/>\nConception : Modulaire et personnalisable<br \/>\nFabricant : Zacuto<\/p>","protected":false},"featured_media":3018,"template":"","meta":{"om_disable_all_campaigns":false,"_monsterinsights_skip_tracking":false,"_monsterinsights_sitenote_active":false,"_monsterinsights_sitenote_note":"","_monsterinsights_sitenote_category":0,"_uf_show_specific_survey":0,"_uf_disable_surveys":false},"product_brand":[],"product_cat":[37],"product_tag":[],"class_list":{"0":"post-3012","1":"product","2":"type-product","3":"status-publish","4":"has-post-thumbnail","6":"product_cat-accessories-cinesouk","8":"entry","9":"has-media","11":"first","12":"instock","13":"taxable","14":"shipping-taxable","15":"purchasable","16":"product-type-variable","17":"has-product-nav","18":"col","19":"span_1_of_3","20":"owp-content-center","21":"owp-thumbs-layout-horizontal","22":"owp-btn-normal","23":"owp-tabs-layout-horizontal","24":"has-no-thumbnails"},"yoast_head":"<!-- This site is optimized with the Yoast SEO Premium plugin v26.0 (Yoast SEO v26.0) - https:\/\/yoast.com\/wordpress\/plugins\/seo\/ -->\n<title>Zacuto Recoil Pro - CineSouk - For rent<\/title>\n<meta name=\"description\" content=\"The Zacuto Recoil Pro shoulder rig includes essential components like a shoulder pad, handgrip, and additional accessories.\" \/>\n<meta name=\"robots\" content=\"index, follow, max-snippet:-1, max-image-preview:large, max-video-preview:-1\" \/>\n<link rel=\"canonical\" href=\"https:\/\/www.cinesouk.ma\/fr\/produit\/zacuto-recoil-pro-shoulder-rig\/\" \/>\n<meta property=\"og:locale\" content=\"fr_FR\" \/>\n<meta property=\"og:type\" content=\"article\" \/>\n<meta property=\"og:title\" content=\"Zacuto Recoil Pro\" \/>\n<meta property=\"og:description\" content=\"The Zacuto Recoil Pro shoulder rig includes essential components like a shoulder pad, handgrip, and additional accessories.\" \/>\n<meta property=\"og:url\" content=\"https:\/\/www.cinesouk.ma\/fr\/produit\/zacuto-recoil-pro-shoulder-rig\/\" \/>\n<meta property=\"og:site_name\" content=\"CineSouk\" \/>\n<meta property=\"article:modified_time\" content=\"2025-03-21T10:55:50+00:00\" \/>\n<meta property=\"og:image\" content=\"https:\/\/www.cinesouk.ma\/wp-content\/uploads\/2024\/01\/Zacuto-Recoil-Pro-shoulder-rig-complete-kit.jpg\" \/>\n\t<meta property=\"og:image:width\" content=\"300\" \/>\n\t<meta property=\"og:image:height\" content=\"238\" \/>\n\t<meta property=\"og:image:type\" content=\"image\/jpeg\" \/>\n<meta name=\"twitter:card\" content=\"summary_large_image\" \/>\n<meta name=\"twitter:title\" content=\"Zacuto Recoil Pro shoulder rig\" \/>\n<meta name=\"twitter:description\" content=\"The Zacuto Recoil Pro shoulder rig includes essential components like a shoulder pad, handgrip, and additional accessories.\" \/>\n<meta name=\"twitter:label1\" content=\"Dur\u00e9e de lecture estim\u00e9e\" \/>\n\t<meta name=\"twitter:data1\" content=\"1 minute\" \/>\n<script type=\"application\/ld+json\" class=\"yoast-schema-graph\">{\"@context\":\"https:\/\/schema.org\",\"@graph\":[{\"@type\":\"WebPage\",\"@id\":\"https:\/\/www.cinesouk.ma\/product\/zacuto-recoil-pro-shoulder-rig\/\",\"url\":\"https:\/\/www.cinesouk.ma\/product\/zacuto-recoil-pro-shoulder-rig\/\",\"name\":\"Zacuto Recoil Pro - CineSouk - For rent\",\"isPartOf\":{\"@id\":\"https:\/\/www.cinesouk.ma\/#website\"},\"primaryImageOfPage\":{\"@id\":\"https:\/\/www.cinesouk.ma\/product\/zacuto-recoil-pro-shoulder-rig\/#primaryimage\"},\"image\":{\"@id\":\"https:\/\/www.cinesouk.ma\/product\/zacuto-recoil-pro-shoulder-rig\/#primaryimage\"},\"thumbnailUrl\":\"https:\/\/www.cinesouk.ma\/wp-content\/uploads\/2024\/01\/Zacuto-Recoil-Pro-shoulder-rig-complete-kit.jpg\",\"datePublished\":\"2024-01-19T11:40:49+00:00\",\"dateModified\":\"2025-03-21T10:55:50+00:00\",\"description\":\"The Zacuto Recoil Pro shoulder rig includes essential components like a shoulder pad, handgrip, and additional accessories.\",\"breadcrumb\":{\"@id\":\"https:\/\/www.cinesouk.ma\/product\/zacuto-recoil-pro-shoulder-rig\/#breadcrumb\"},\"inLanguage\":\"fr-FR\",\"potentialAction\":[{\"@type\":\"ReadAction\",\"target\":[\"https:\/\/www.cinesouk.ma\/product\/zacuto-recoil-pro-shoulder-rig\/\"]}]},{\"@type\":\"ImageObject\",\"inLanguage\":\"fr-FR\",\"@id\":\"https:\/\/www.cinesouk.ma\/product\/zacuto-recoil-pro-shoulder-rig\/#primaryimage\",\"url\":\"https:\/\/www.cinesouk.ma\/wp-content\/uploads\/2024\/01\/Zacuto-Recoil-Pro-shoulder-rig-complete-kit.jpg\",\"contentUrl\":\"https:\/\/www.cinesouk.ma\/wp-content\/uploads\/2024\/01\/Zacuto-Recoil-Pro-shoulder-rig-complete-kit.jpg\",\"width\":300,\"height\":238,\"caption\":\"Zacuto Recoil Pro\"},{\"@type\":\"BreadcrumbList\",\"@id\":\"https:\/\/www.cinesouk.ma\/product\/zacuto-recoil-pro-shoulder-rig\/#breadcrumb\",\"itemListElement\":[{\"@type\":\"ListItem\",\"position\":1,\"name\":\"Home\",\"item\":\"https:\/\/www.cinesouk.ma\/\"},{\"@type\":\"ListItem\",\"position\":2,\"name\":\"Shop\",\"item\":\"https:\/\/www.cinesouk.ma\/shop\/\"},{\"@type\":\"ListItem\",\"position\":3,\"name\":\"Zacuto Recoil Pro shoulder rig\"}]},{\"@type\":\"WebSite\",\"@id\":\"https:\/\/www.cinesouk.ma\/#website\",\"url\":\"https:\/\/www.cinesouk.ma\/\",\"name\":\"CineSouk\",\"description\":\"\",\"publisher\":{\"@id\":\"https:\/\/www.cinesouk.ma\/#organization\"},\"potentialAction\":[{\"@type\":\"SearchAction\",\"target\":{\"@type\":\"EntryPoint\",\"urlTemplate\":\"https:\/\/www.cinesouk.ma\/?s={search_term_string}\"},\"query-input\":{\"@type\":\"PropertyValueSpecification\",\"valueRequired\":true,\"valueName\":\"search_term_string\"}}],\"inLanguage\":\"fr-FR\"},{\"@type\":\"Organization\",\"@id\":\"https:\/\/www.cinesouk.ma\/#organization\",\"name\":\"CineSouk\",\"url\":\"https:\/\/www.cinesouk.ma\/\",\"logo\":{\"@type\":\"ImageObject\",\"inLanguage\":\"fr-FR\",\"@id\":\"https:\/\/www.cinesouk.ma\/#\/schema\/logo\/image\/\",\"url\":\"https:\/\/www.cinesouk.ma\/wp-content\/uploads\/2024\/01\/CineSouk-logo-v01-alpha-alligned-left.png\",\"contentUrl\":\"https:\/\/www.cinesouk.ma\/wp-content\/uploads\/2024\/01\/CineSouk-logo-v01-alpha-alligned-left.png\",\"width\":3204,\"height\":889,\"caption\":\"CineSouk\"},\"image\":{\"@id\":\"https:\/\/www.cinesouk.ma\/#\/schema\/logo\/image\/\"}}]}<\/script>\n<!-- \/ Yoast SEO Premium plugin. -->","yoast_head_json":{"title":"Zacuto Recoil Pro - CineSouk - For rent","description":"The Zacuto Recoil Pro shoulder rig includes essential components like a shoulder pad, handgrip, and additional accessories.","robots":{"index":"index","follow":"follow","max-snippet":"max-snippet:-1","max-image-preview":"max-image-preview:large","max-video-preview":"max-video-preview:-1"},"canonical":"https:\/\/www.cinesouk.ma\/fr\/produit\/zacuto-recoil-pro-shoulder-rig\/","og_locale":"fr_FR","og_type":"article","og_title":"Zacuto Recoil Pro","og_description":"The Zacuto Recoil Pro shoulder rig includes essential components like a shoulder pad, handgrip, and additional accessories.","og_url":"https:\/\/www.cinesouk.ma\/fr\/produit\/zacuto-recoil-pro-shoulder-rig\/","og_site_name":"CineSouk","article_modified_time":"2025-03-21T10:55:50+00:00","og_image":[{"width":300,"height":238,"url":"https:\/\/www.cinesouk.ma\/wp-content\/uploads\/2024\/01\/Zacuto-Recoil-Pro-shoulder-rig-complete-kit.jpg","type":"image\/jpeg"}],"twitter_card":"summary_large_image","twitter_title":"Zacuto Recoil Pro shoulder rig","twitter_description":"The Zacuto Recoil Pro shoulder rig includes essential components like a shoulder pad, handgrip, and additional accessories.","twitter_misc":{"Dur\u00e9e de lecture estim\u00e9e":"1 minute"},"schema":{"@context":"https:\/\/schema.org","@graph":[{"@type":"WebPage","@id":"https:\/\/www.cinesouk.ma\/product\/zacuto-recoil-pro-shoulder-rig\/","url":"https:\/\/www.cinesouk.ma\/product\/zacuto-recoil-pro-shoulder-rig\/","name":"Zacuto Recoil Pro - CineSouk - For rent","isPartOf":{"@id":"https:\/\/www.cinesouk.ma\/#website"},"primaryImageOfPage":{"@id":"https:\/\/www.cinesouk.ma\/product\/zacuto-recoil-pro-shoulder-rig\/#primaryimage"},"image":{"@id":"https:\/\/www.cinesouk.ma\/product\/zacuto-recoil-pro-shoulder-rig\/#primaryimage"},"thumbnailUrl":"https:\/\/www.cinesouk.ma\/wp-content\/uploads\/2024\/01\/Zacuto-Recoil-Pro-shoulder-rig-complete-kit.jpg","datePublished":"2024-01-19T11:40:49+00:00","dateModified":"2025-03-21T10:55:50+00:00","description":"The Zacuto Recoil Pro shoulder rig includes essential components like a shoulder pad, handgrip, and additional accessories.","breadcrumb":{"@id":"https:\/\/www.cinesouk.ma\/product\/zacuto-recoil-pro-shoulder-rig\/#breadcrumb"},"inLanguage":"fr-FR","potentialAction":[{"@type":"ReadAction","target":["https:\/\/www.cinesouk.ma\/product\/zacuto-recoil-pro-shoulder-rig\/"]}]},{"@type":"ImageObject","inLanguage":"fr-FR","@id":"https:\/\/www.cinesouk.ma\/product\/zacuto-recoil-pro-shoulder-rig\/#primaryimage","url":"https:\/\/www.cinesouk.ma\/wp-content\/uploads\/2024\/01\/Zacuto-Recoil-Pro-shoulder-rig-complete-kit.jpg","contentUrl":"https:\/\/www.cinesouk.ma\/wp-content\/uploads\/2024\/01\/Zacuto-Recoil-Pro-shoulder-rig-complete-kit.jpg","width":300,"height":238,"caption":"Zacuto Recoil Pro"},{"@type":"BreadcrumbList","@id":"https:\/\/www.cinesouk.ma\/product\/zacuto-recoil-pro-shoulder-rig\/#breadcrumb","itemListElement":[{"@type":"ListItem","position":1,"name":"Home","item":"https:\/\/www.cinesouk.ma\/"},{"@type":"ListItem","position":2,"name":"Shop","item":"https:\/\/www.cinesouk.ma\/shop\/"},{"@type":"ListItem","position":3,"name":"Zacuto Recoil Pro shoulder rig"}]},{"@type":"WebSite","@id":"https:\/\/www.cinesouk.ma\/#website","url":"https:\/\/www.cinesouk.ma\/","name":"CineSouk","description":"","publisher":{"@id":"https:\/\/www.cinesouk.ma\/#organization"},"potentialAction":[{"@type":"SearchAction","target":{"@type":"EntryPoint","urlTemplate":"https:\/\/www.cinesouk.ma\/?s={search_term_string}"},"query-input":{"@type":"PropertyValueSpecification","valueRequired":true,"valueName":"search_term_string"}}],"inLanguage":"fr-FR"},{"@type":"Organization","@id":"https:\/\/www.cinesouk.ma\/#organization","name":"CineSouk","url":"https:\/\/www.cinesouk.ma\/","logo":{"@type":"ImageObject","inLanguage":"fr-FR","@id":"https:\/\/www.cinesouk.ma\/#\/schema\/logo\/image\/","url":"https:\/\/www.cinesouk.ma\/wp-content\/uploads\/2024\/01\/CineSouk-logo-v01-alpha-alligned-left.png","contentUrl":"https:\/\/www.cinesouk.ma\/wp-content\/uploads\/2024\/01\/CineSouk-logo-v01-alpha-alligned-left.png","width":3204,"height":889,"caption":"CineSouk"},"image":{"@id":"https:\/\/www.cinesouk.ma\/#\/schema\/logo\/image\/"}}]}},"_links":{"self":[{"href":"https:\/\/www.cinesouk.ma\/fr\/wp-json\/wp\/v2\/product\/3012","targetHints":{"allow":["GET"]}}],"collection":[{"href":"https:\/\/www.cinesouk.ma\/fr\/wp-json\/wp\/v2\/product"}],"about":[{"href":"https:\/\/www.cinesouk.ma\/fr\/wp-json\/wp\/v2\/types\/product"}],"wp:featuredmedia":[{"embeddable":true,"href":"https:\/\/www.cinesouk.ma\/fr\/wp-json\/wp\/v2\/media\/3018"}],"wp:attachment":[{"href":"https:\/\/www.cinesouk.ma\/fr\/wp-json\/wp\/v2\/media?parent=3012"}],"wp:term":[{"taxonomy":"product_brand","embeddable":true,"href":"https:\/\/www.cinesouk.ma\/fr\/wp-json\/wp\/v2\/product_brand?post=3012"},{"taxonomy":"product_cat","embeddable":true,"href":"https:\/\/www.cinesouk.ma\/fr\/wp-json\/wp\/v2\/product_cat?post=3012"},{"taxonomy":"product_tag","embeddable":true,"href":"https:\/\/www.cinesouk.ma\/fr\/wp-json\/wp\/v2\/product_tag?post=3012"}],"curies":[{"name":"wp","href":"https:\/\/api.w.org\/{rel}","templated":true}]}}