{"id":3027,"date":"2024-01-19T11:49:11","date_gmt":"2024-01-19T11:49:11","guid":{"rendered":"https:\/\/www.cinesouk.ma\/?post_type=product&#038;p=3027"},"modified":"2025-08-26T14:56:46","modified_gmt":"2025-08-26T14:56:46","slug":"idx-imicro-150p","status":"publish","type":"product","link":"https:\/\/www.cinesouk.ma\/fr\/produit\/idx-imicro-150p\/","title":{"rendered":"Batterie IDX Imicro-150P V-Mount"},"content":{"rendered":"<p>L'IDX Imicro-150P est une solution d'alimentation compacte et fiable. Avec un design en V, cette batterie s'int\u00e8gre parfaitement aux appareils compatibles. Elle fournit une source d'alimentation constante et durable. Sa capacit\u00e9 \u00e9lev\u00e9e de 145Wh garantit un fonctionnement prolong\u00e9 pendant les prises de vue. Gr\u00e2ce \u00e0 sa taille compacte et \u00e0 sa l\u00e9g\u00e8ret\u00e9, l'IDX Imicro-150P est id\u00e9ale pour les tournages en d\u00e9placement, tandis que la compatibilit\u00e9 avec la monture en V offre une grande polyvalence pour l'alimentation de divers \u00e9quipements vid\u00e9o professionnels. L'IDX Imicro-150P est un choix fiable pour les cin\u00e9astes qui recherchent une solution de batterie compacte et puissante pour leurs besoins de production.<\/p>\n<h4>Sp\u00e9cifications de l'IDX Imicro-150P :<\/h4>\n<div id=\"highlights-list\" class=\"highlights-list\">\n<ul>\n<li>Capacit\u00e9 de 145Wh<\/li>\n<li>Capable de g\u00e9rer des charges allant jusqu'\u00e0 14A*.<\/li>\n<li>(1) Sortie D-Tap 100W (non r\u00e9gul\u00e9e)<\/li>\n<li>(1) 60W USB-C PD Output - 5V, 9V, 12V, 15V &amp; 20V<\/li>\n<li>5 LED d'indication de puissance (affichant des incr\u00e9ments de 10%)<\/li>\n<li>La protection du circuit de la batterie garantit que l'Imicro-150P est enti\u00e8rement prot\u00e9g\u00e9 contre les causes courantes d'une mauvaise utilisation de la batterie, contre les surcharges, les d\u00e9charges, les surintensit\u00e9s et l'exposition \u00e0 des temp\u00e9ratures \u00e9lev\u00e9es.<\/li>\n<li>Les cellules lithium-ion de la plus haute qualit\u00e9 garantissent que l'Imicro-150P est l'une des batteries les plus fiables du march\u00e9.<\/li>\n<li>La coupure automatique de 11V emp\u00eache la surcharge (lorsque la charge est appliqu\u00e9e)<\/li>\n<li>Enti\u00e8rement compatible avec tous les chargeurs de batterie et accessoires ENDURA V-Mount.<\/li>\n<\/ul>\n<\/div>\n<p>Louez-le maintenant sur <a href=\"https:\/\/www.cinesouk.ma\/fr\">CINESOUK<\/a> - une marque de <a href=\"https:\/\/www.broadway.ma\/\">BROADWAY PRODUCTIONS SARL.<\/a><\/p>","protected":false},"excerpt":{"rendered":"<p>Sp\u00e9cifications<\/p>\n<p>Monture : Monture V<br \/>\nCapacit\u00e9 : 147Wh<br \/>\nObjet : Alimentation des \u00e9quipements vid\u00e9o professionnels<br \/>\nConception : Compact et l\u00e9ger<br \/>\nFabricant : Bebop<\/p>","protected":false},"featured_media":3029,"template":"","meta":{"om_disable_all_campaigns":false,"_monsterinsights_skip_tracking":false,"_monsterinsights_sitenote_active":false,"_monsterinsights_sitenote_note":"","_monsterinsights_sitenote_category":0,"_uf_show_specific_survey":0,"_uf_disable_surveys":false},"product_brand":[],"product_cat":[57,83],"product_tag":[],"class_list":{"0":"post-3027","1":"product","2":"type-product","3":"status-publish","4":"has-post-thumbnail","6":"product_cat-batteries-cinesouk","7":"product_cat-efp-eng-cinesouk","9":"entry","10":"has-media","12":"first","13":"instock","14":"taxable","15":"shipping-taxable","16":"purchasable","17":"product-type-variable","18":"has-product-nav","19":"col","20":"span_1_of_3","21":"owp-content-center","22":"owp-thumbs-layout-horizontal","23":"owp-btn-normal","24":"owp-tabs-layout-horizontal","25":"has-no-thumbnails"},"yoast_head":"<!-- This site is optimized with the Yoast SEO Premium plugin v26.0 (Yoast SEO v26.0) - https:\/\/yoast.com\/wordpress\/plugins\/seo\/ -->\n<title>IDX Imicro-150P V-Mount battery - CineSouk Marrakesh - For rent<\/title>\n<meta name=\"description\" content=\"Power your professional video equipment with the IDX Imicro-150P Battery. Compact, reliable, and high-capacity for extended shooting sessions.\" \/>\n<meta name=\"robots\" content=\"index, follow, max-snippet:-1, max-image-preview:large, max-video-preview:-1\" \/>\n<link rel=\"canonical\" href=\"https:\/\/www.cinesouk.ma\/fr\/produit\/idx-imicro-150p\/\" \/>\n<meta property=\"og:locale\" content=\"fr_FR\" \/>\n<meta property=\"og:type\" content=\"article\" \/>\n<meta property=\"og:title\" content=\"IDX Imicro-150P\" \/>\n<meta property=\"og:description\" content=\"Power your professional video equipment with the IDX Imicro-150P Battery. Compact, reliable, and high-capacity for extended shooting sessions.\" \/>\n<meta property=\"og:url\" content=\"https:\/\/www.cinesouk.ma\/fr\/produit\/idx-imicro-150p\/\" \/>\n<meta property=\"og:site_name\" content=\"CineSouk\" \/>\n<meta property=\"article:modified_time\" content=\"2025-08-26T14:56:46+00:00\" \/>\n<meta property=\"og:image\" content=\"https:\/\/www.cinesouk.ma\/wp-content\/uploads\/2024\/01\/Bebop-I-MICRO-150-V-mount-battery.jpg\" \/>\n\t<meta property=\"og:image:width\" content=\"300\" \/>\n\t<meta property=\"og:image:height\" content=\"238\" \/>\n\t<meta property=\"og:image:type\" content=\"image\/jpeg\" \/>\n<meta name=\"twitter:card\" content=\"summary_large_image\" \/>\n<meta name=\"twitter:title\" content=\"IDX Imicro-150P V-Mount battery\" \/>\n<meta name=\"twitter:description\" content=\"Power your professional video equipment with the IDX Imicro-150P Battery. Compact, reliable, and high-capacity for extended shooting sessions.\" \/>\n<meta name=\"twitter:label1\" content=\"Dur\u00e9e de lecture estim\u00e9e\" \/>\n\t<meta name=\"twitter:data1\" content=\"2 minutes\" \/>\n<script type=\"application\/ld+json\" class=\"yoast-schema-graph\">{\"@context\":\"https:\/\/schema.org\",\"@graph\":[{\"@type\":\"WebPage\",\"@id\":\"https:\/\/www.cinesouk.ma\/product\/idx-imicro-150p\/\",\"url\":\"https:\/\/www.cinesouk.ma\/product\/idx-imicro-150p\/\",\"name\":\"IDX Imicro-150P V-Mount battery - CineSouk Marrakesh - For rent\",\"isPartOf\":{\"@id\":\"https:\/\/www.cinesouk.ma\/#website\"},\"primaryImageOfPage\":{\"@id\":\"https:\/\/www.cinesouk.ma\/product\/idx-imicro-150p\/#primaryimage\"},\"image\":{\"@id\":\"https:\/\/www.cinesouk.ma\/product\/idx-imicro-150p\/#primaryimage\"},\"thumbnailUrl\":\"https:\/\/www.cinesouk.ma\/wp-content\/uploads\/2024\/01\/Bebop-I-MICRO-150-V-mount-battery.jpg\",\"datePublished\":\"2024-01-19T11:49:11+00:00\",\"dateModified\":\"2025-08-26T14:56:46+00:00\",\"description\":\"Power your professional video equipment with the IDX Imicro-150P Battery. Compact, reliable, and high-capacity for extended shooting sessions.\",\"breadcrumb\":{\"@id\":\"https:\/\/www.cinesouk.ma\/product\/idx-imicro-150p\/#breadcrumb\"},\"inLanguage\":\"fr-FR\",\"potentialAction\":[{\"@type\":\"ReadAction\",\"target\":[\"https:\/\/www.cinesouk.ma\/product\/idx-imicro-150p\/\"]}]},{\"@type\":\"ImageObject\",\"inLanguage\":\"fr-FR\",\"@id\":\"https:\/\/www.cinesouk.ma\/product\/idx-imicro-150p\/#primaryimage\",\"url\":\"https:\/\/www.cinesouk.ma\/wp-content\/uploads\/2024\/01\/Bebop-I-MICRO-150-V-mount-battery.jpg\",\"contentUrl\":\"https:\/\/www.cinesouk.ma\/wp-content\/uploads\/2024\/01\/Bebop-I-MICRO-150-V-mount-battery.jpg\",\"width\":300,\"height\":238,\"caption\":\"IDX Imicro-150P\"},{\"@type\":\"BreadcrumbList\",\"@id\":\"https:\/\/www.cinesouk.ma\/product\/idx-imicro-150p\/#breadcrumb\",\"itemListElement\":[{\"@type\":\"ListItem\",\"position\":1,\"name\":\"Home\",\"item\":\"https:\/\/www.cinesouk.ma\/\"},{\"@type\":\"ListItem\",\"position\":2,\"name\":\"Shop\",\"item\":\"https:\/\/www.cinesouk.ma\/shop\/\"},{\"@type\":\"ListItem\",\"position\":3,\"name\":\"IDX Imicro-150P V-Mount battery\"}]},{\"@type\":\"WebSite\",\"@id\":\"https:\/\/www.cinesouk.ma\/#website\",\"url\":\"https:\/\/www.cinesouk.ma\/\",\"name\":\"CineSouk\",\"description\":\"\",\"publisher\":{\"@id\":\"https:\/\/www.cinesouk.ma\/#organization\"},\"potentialAction\":[{\"@type\":\"SearchAction\",\"target\":{\"@type\":\"EntryPoint\",\"urlTemplate\":\"https:\/\/www.cinesouk.ma\/?s={search_term_string}\"},\"query-input\":{\"@type\":\"PropertyValueSpecification\",\"valueRequired\":true,\"valueName\":\"search_term_string\"}}],\"inLanguage\":\"fr-FR\"},{\"@type\":\"Organization\",\"@id\":\"https:\/\/www.cinesouk.ma\/#organization\",\"name\":\"CineSouk\",\"url\":\"https:\/\/www.cinesouk.ma\/\",\"logo\":{\"@type\":\"ImageObject\",\"inLanguage\":\"fr-FR\",\"@id\":\"https:\/\/www.cinesouk.ma\/#\/schema\/logo\/image\/\",\"url\":\"https:\/\/www.cinesouk.ma\/wp-content\/uploads\/2024\/01\/CineSouk-logo-v01-alpha-alligned-left.png\",\"contentUrl\":\"https:\/\/www.cinesouk.ma\/wp-content\/uploads\/2024\/01\/CineSouk-logo-v01-alpha-alligned-left.png\",\"width\":3204,\"height\":889,\"caption\":\"CineSouk\"},\"image\":{\"@id\":\"https:\/\/www.cinesouk.ma\/#\/schema\/logo\/image\/\"}}]}<\/script>\n<!-- \/ Yoast SEO Premium plugin. -->","yoast_head_json":{"title":"IDX Imicro-150P V-Mount battery - CineSouk Marrakesh - For rent","description":"Power your professional video equipment with the IDX Imicro-150P Battery. Compact, reliable, and high-capacity for extended shooting sessions.","robots":{"index":"index","follow":"follow","max-snippet":"max-snippet:-1","max-image-preview":"max-image-preview:large","max-video-preview":"max-video-preview:-1"},"canonical":"https:\/\/www.cinesouk.ma\/fr\/produit\/idx-imicro-150p\/","og_locale":"fr_FR","og_type":"article","og_title":"IDX Imicro-150P","og_description":"Power your professional video equipment with the IDX Imicro-150P Battery. Compact, reliable, and high-capacity for extended shooting sessions.","og_url":"https:\/\/www.cinesouk.ma\/fr\/produit\/idx-imicro-150p\/","og_site_name":"CineSouk","article_modified_time":"2025-08-26T14:56:46+00:00","og_image":[{"width":300,"height":238,"url":"https:\/\/www.cinesouk.ma\/wp-content\/uploads\/2024\/01\/Bebop-I-MICRO-150-V-mount-battery.jpg","type":"image\/jpeg"}],"twitter_card":"summary_large_image","twitter_title":"IDX Imicro-150P V-Mount battery","twitter_description":"Power your professional video equipment with the IDX Imicro-150P Battery. Compact, reliable, and high-capacity for extended shooting sessions.","twitter_misc":{"Dur\u00e9e de lecture estim\u00e9e":"2 minutes"},"schema":{"@context":"https:\/\/schema.org","@graph":[{"@type":"WebPage","@id":"https:\/\/www.cinesouk.ma\/product\/idx-imicro-150p\/","url":"https:\/\/www.cinesouk.ma\/product\/idx-imicro-150p\/","name":"IDX Imicro-150P V-Mount battery - CineSouk Marrakesh - For rent","isPartOf":{"@id":"https:\/\/www.cinesouk.ma\/#website"},"primaryImageOfPage":{"@id":"https:\/\/www.cinesouk.ma\/product\/idx-imicro-150p\/#primaryimage"},"image":{"@id":"https:\/\/www.cinesouk.ma\/product\/idx-imicro-150p\/#primaryimage"},"thumbnailUrl":"https:\/\/www.cinesouk.ma\/wp-content\/uploads\/2024\/01\/Bebop-I-MICRO-150-V-mount-battery.jpg","datePublished":"2024-01-19T11:49:11+00:00","dateModified":"2025-08-26T14:56:46+00:00","description":"Power your professional video equipment with the IDX Imicro-150P Battery. Compact, reliable, and high-capacity for extended shooting sessions.","breadcrumb":{"@id":"https:\/\/www.cinesouk.ma\/product\/idx-imicro-150p\/#breadcrumb"},"inLanguage":"fr-FR","potentialAction":[{"@type":"ReadAction","target":["https:\/\/www.cinesouk.ma\/product\/idx-imicro-150p\/"]}]},{"@type":"ImageObject","inLanguage":"fr-FR","@id":"https:\/\/www.cinesouk.ma\/product\/idx-imicro-150p\/#primaryimage","url":"https:\/\/www.cinesouk.ma\/wp-content\/uploads\/2024\/01\/Bebop-I-MICRO-150-V-mount-battery.jpg","contentUrl":"https:\/\/www.cinesouk.ma\/wp-content\/uploads\/2024\/01\/Bebop-I-MICRO-150-V-mount-battery.jpg","width":300,"height":238,"caption":"IDX Imicro-150P"},{"@type":"BreadcrumbList","@id":"https:\/\/www.cinesouk.ma\/product\/idx-imicro-150p\/#breadcrumb","itemListElement":[{"@type":"ListItem","position":1,"name":"Home","item":"https:\/\/www.cinesouk.ma\/"},{"@type":"ListItem","position":2,"name":"Shop","item":"https:\/\/www.cinesouk.ma\/shop\/"},{"@type":"ListItem","position":3,"name":"IDX Imicro-150P V-Mount battery"}]},{"@type":"WebSite","@id":"https:\/\/www.cinesouk.ma\/#website","url":"https:\/\/www.cinesouk.ma\/","name":"CineSouk","description":"","publisher":{"@id":"https:\/\/www.cinesouk.ma\/#organization"},"potentialAction":[{"@type":"SearchAction","target":{"@type":"EntryPoint","urlTemplate":"https:\/\/www.cinesouk.ma\/?s={search_term_string}"},"query-input":{"@type":"PropertyValueSpecification","valueRequired":true,"valueName":"search_term_string"}}],"inLanguage":"fr-FR"},{"@type":"Organization","@id":"https:\/\/www.cinesouk.ma\/#organization","name":"CineSouk","url":"https:\/\/www.cinesouk.ma\/","logo":{"@type":"ImageObject","inLanguage":"fr-FR","@id":"https:\/\/www.cinesouk.ma\/#\/schema\/logo\/image\/","url":"https:\/\/www.cinesouk.ma\/wp-content\/uploads\/2024\/01\/CineSouk-logo-v01-alpha-alligned-left.png","contentUrl":"https:\/\/www.cinesouk.ma\/wp-content\/uploads\/2024\/01\/CineSouk-logo-v01-alpha-alligned-left.png","width":3204,"height":889,"caption":"CineSouk"},"image":{"@id":"https:\/\/www.cinesouk.ma\/#\/schema\/logo\/image\/"}}]}},"_links":{"self":[{"href":"https:\/\/www.cinesouk.ma\/fr\/wp-json\/wp\/v2\/product\/3027","targetHints":{"allow":["GET"]}}],"collection":[{"href":"https:\/\/www.cinesouk.ma\/fr\/wp-json\/wp\/v2\/product"}],"about":[{"href":"https:\/\/www.cinesouk.ma\/fr\/wp-json\/wp\/v2\/types\/product"}],"wp:featuredmedia":[{"embeddable":true,"href":"https:\/\/www.cinesouk.ma\/fr\/wp-json\/wp\/v2\/media\/3029"}],"wp:attachment":[{"href":"https:\/\/www.cinesouk.ma\/fr\/wp-json\/wp\/v2\/media?parent=3027"}],"wp:term":[{"taxonomy":"product_brand","embeddable":true,"href":"https:\/\/www.cinesouk.ma\/fr\/wp-json\/wp\/v2\/product_brand?post=3027"},{"taxonomy":"product_cat","embeddable":true,"href":"https:\/\/www.cinesouk.ma\/fr\/wp-json\/wp\/v2\/product_cat?post=3027"},{"taxonomy":"product_tag","embeddable":true,"href":"https:\/\/www.cinesouk.ma\/fr\/wp-json\/wp\/v2\/product_tag?post=3027"}],"curies":[{"name":"wp","href":"https:\/\/api.w.org\/{rel}","templated":true}]}}