{"id":3037,"date":"2024-01-19T11:57:48","date_gmt":"2024-01-19T11:57:48","guid":{"rendered":"https:\/\/www.cinesouk.ma\/?post_type=product&#038;p=3037"},"modified":"2025-08-26T14:56:45","modified_gmt":"2025-08-26T14:56:45","slug":"idx-vl-2x-quick-charger","status":"publish","type":"product","link":"https:\/\/www.cinesouk.ma\/fr\/produit\/idx-vl-2x-quick-charger\/","title":{"rendered":"IDX VL-2X V-Mount Batterie chargeur rapide"},"content":{"rendered":"<p>Le chargeur rapide IDX VL-2X est une solution de charge haute performance con\u00e7ue pour les vid\u00e9astes et les directeurs de la photographie professionnels. Compatible avec les batteries IDX V-mount, ce chargeur offre un processus de charge rapide et efficace. En chargeant la deuxi\u00e8me batterie d\u00e8s qu'il a fini de charger la premi\u00e8re, le dispositif assure un temps d'arr\u00eat minimal entre les tournages. Gr\u00e2ce \u00e0 sa conception compacte et l\u00e9g\u00e8re, le VL-2X est id\u00e9al pour les professionnels en d\u00e9placement qui ont besoin d'une solution de charge portable. Le chargeur est dot\u00e9 d'une conception multichimique qui prend en charge diff\u00e9rents types de batteries, ce qui am\u00e9liore sa polyvalence. D\u00e9pourvu de ventilateur, il fonctionne sans le bruit des chargeurs conventionnels. \u00c9quip\u00e9 d'indicateurs LED, il fournit des mises \u00e0 jour claires de l'\u00e9tat pendant le processus de charge. Le chargeur rapide IDX VL-2X est un choix fiable et pratique pour les utilisateurs qui recherchent une solution de charge rapide et efficace pour leurs batteries V-mount.<\/p>\n<p>Le VL-2X charge les batteries Li-ion et Ni-Cad.<\/p>\n<p>Sp\u00e9cifications :<\/p>\n<ul>\n<li>Le VL-2X chargera la premi\u00e8re batterie connect\u00e9e \u00e0 l'un des canaux VMount, et passera automatiquement \u00e0 la charge de la seconde batterie une fois que la premi\u00e8re sera compl\u00e8tement charg\u00e9e.<\/li>\n<li>L'alimentation DC int\u00e9gr\u00e9e fournit une sortie XLR 4 broches (Max 36W) pour la cam\u00e9ra, l'\u00e9clairage ou les dispositifs auxiliaires de diffusion. <em>*Sortie CC d\u00e9sactiv\u00e9e lorsque la batterie est en cours de chargement<\/em><\/li>\n<li>Chargeur compact et l\u00e9ger<\/li>\n<li>Conception avanc\u00e9e sans ventilateur<\/li>\n<li>Support de verrouillage int\u00e9gr\u00e9<\/li>\n<li>Des dispositifs de s\u00e9curit\u00e9 internes prot\u00e8gent la batterie et le chargeur contre les dommages graves.<\/li>\n<\/ul>\n<p>Louez-le maintenant sur <a href=\"https:\/\/www.cinesouk.ma\/fr\">CINESOUK<\/a> - une marque de <a href=\"https:\/\/www.broadway.ma\/\">BROADWAY PRODUCTIONS SARL.<\/a><\/p>","protected":false},"excerpt":{"rendered":"<p>Sp\u00e9cifications<\/p>\n<p>Compatibilit\u00e9 : Batteries IDX V-mount<br \/>\nConception : Compact et l\u00e9ger<br \/>\nChimie : Support multi-chimie<br \/>\nIndicateurs : Indicateurs d'\u00e9tat LED<br \/>\nObjet : Chargement professionnel des batteries<br \/>\nFabricant : IDX<\/p>","protected":false},"featured_media":3040,"template":"","meta":{"om_disable_all_campaigns":false,"_monsterinsights_skip_tracking":false,"_monsterinsights_sitenote_active":false,"_monsterinsights_sitenote_note":"","_monsterinsights_sitenote_category":0,"_uf_show_specific_survey":0,"_uf_disable_surveys":false},"product_brand":[],"product_cat":[37,57,83],"product_tag":[],"class_list":{"0":"post-3037","1":"product","2":"type-product","3":"status-publish","4":"has-post-thumbnail","6":"product_cat-accessories-cinesouk","7":"product_cat-batteries-cinesouk","8":"product_cat-efp-eng-cinesouk","10":"entry","11":"has-media","13":"first","14":"instock","15":"taxable","16":"shipping-taxable","17":"purchasable","18":"product-type-variable","19":"has-product-nav","20":"col","21":"span_1_of_3","22":"owp-content-center","23":"owp-thumbs-layout-horizontal","24":"owp-btn-normal","25":"owp-tabs-layout-horizontal","26":"has-no-thumbnails"},"yoast_head":"<!-- This site is optimized with the Yoast SEO Premium plugin v26.0 (Yoast SEO v26.0) - https:\/\/yoast.com\/wordpress\/plugins\/seo\/ -->\n<title>IDX VL-2X V-Mount Battery quick charger - CineSouk - For rent<\/title>\n<meta name=\"description\" content=\"Power up swiftly with the IDX VL-2X Quick Charger. Ideal for professional videographers, offering rapid charging and portability for on-the-go shooting.\" \/>\n<meta name=\"robots\" content=\"index, follow, max-snippet:-1, max-image-preview:large, max-video-preview:-1\" \/>\n<link rel=\"canonical\" href=\"https:\/\/www.cinesouk.ma\/fr\/produit\/idx-vl-2x-quick-charger\/\" \/>\n<meta property=\"og:locale\" content=\"fr_FR\" \/>\n<meta property=\"og:type\" content=\"article\" \/>\n<meta property=\"og:title\" content=\"IDX VL-2X quick charger\" \/>\n<meta property=\"og:description\" content=\"Power up swiftly with the IDX VL-2X Quick Charger. Ideal for professional videographers, offering rapid charging and portability for on-the-go shooting.\" \/>\n<meta property=\"og:url\" content=\"https:\/\/www.cinesouk.ma\/fr\/produit\/idx-vl-2x-quick-charger\/\" \/>\n<meta property=\"og:site_name\" content=\"CineSouk\" \/>\n<meta property=\"article:modified_time\" content=\"2025-08-26T14:56:45+00:00\" \/>\n<meta property=\"og:image\" content=\"https:\/\/www.cinesouk.ma\/wp-content\/uploads\/2024\/01\/IDX-VL-2X-quick-charger.jpg\" \/>\n\t<meta property=\"og:image:width\" content=\"300\" \/>\n\t<meta property=\"og:image:height\" content=\"238\" \/>\n\t<meta property=\"og:image:type\" content=\"image\/jpeg\" \/>\n<meta name=\"twitter:card\" content=\"summary_large_image\" \/>\n<meta name=\"twitter:title\" content=\"IDX VL-2X V-Mount Battery quick charger\" \/>\n<meta name=\"twitter:description\" content=\"Power up swiftly with the IDX VL-2X Quick Charger. Ideal for professional videographers, offering rapid charging and portability for on-the-go shooting.\" \/>\n<meta name=\"twitter:label1\" content=\"Dur\u00e9e de lecture estim\u00e9e\" \/>\n\t<meta name=\"twitter:data1\" content=\"2 minutes\" \/>\n<script type=\"application\/ld+json\" class=\"yoast-schema-graph\">{\"@context\":\"https:\/\/schema.org\",\"@graph\":[{\"@type\":\"WebPage\",\"@id\":\"https:\/\/www.cinesouk.ma\/product\/idx-vl-2x-quick-charger\/\",\"url\":\"https:\/\/www.cinesouk.ma\/product\/idx-vl-2x-quick-charger\/\",\"name\":\"IDX VL-2X V-Mount Battery quick charger - CineSouk - For rent\",\"isPartOf\":{\"@id\":\"https:\/\/www.cinesouk.ma\/#website\"},\"primaryImageOfPage\":{\"@id\":\"https:\/\/www.cinesouk.ma\/product\/idx-vl-2x-quick-charger\/#primaryimage\"},\"image\":{\"@id\":\"https:\/\/www.cinesouk.ma\/product\/idx-vl-2x-quick-charger\/#primaryimage\"},\"thumbnailUrl\":\"https:\/\/www.cinesouk.ma\/wp-content\/uploads\/2024\/01\/IDX-VL-2X-quick-charger.jpg\",\"datePublished\":\"2024-01-19T11:57:48+00:00\",\"dateModified\":\"2025-08-26T14:56:45+00:00\",\"description\":\"Power up swiftly with the IDX VL-2X Quick Charger. Ideal for professional videographers, offering rapid charging and portability for on-the-go shooting.\",\"breadcrumb\":{\"@id\":\"https:\/\/www.cinesouk.ma\/product\/idx-vl-2x-quick-charger\/#breadcrumb\"},\"inLanguage\":\"fr-FR\",\"potentialAction\":[{\"@type\":\"ReadAction\",\"target\":[\"https:\/\/www.cinesouk.ma\/product\/idx-vl-2x-quick-charger\/\"]}]},{\"@type\":\"ImageObject\",\"inLanguage\":\"fr-FR\",\"@id\":\"https:\/\/www.cinesouk.ma\/product\/idx-vl-2x-quick-charger\/#primaryimage\",\"url\":\"https:\/\/www.cinesouk.ma\/wp-content\/uploads\/2024\/01\/IDX-VL-2X-quick-charger.jpg\",\"contentUrl\":\"https:\/\/www.cinesouk.ma\/wp-content\/uploads\/2024\/01\/IDX-VL-2X-quick-charger.jpg\",\"width\":300,\"height\":238,\"caption\":\"IDX VL-2X quick charger\"},{\"@type\":\"BreadcrumbList\",\"@id\":\"https:\/\/www.cinesouk.ma\/product\/idx-vl-2x-quick-charger\/#breadcrumb\",\"itemListElement\":[{\"@type\":\"ListItem\",\"position\":1,\"name\":\"Home\",\"item\":\"https:\/\/www.cinesouk.ma\/\"},{\"@type\":\"ListItem\",\"position\":2,\"name\":\"Shop\",\"item\":\"https:\/\/www.cinesouk.ma\/shop\/\"},{\"@type\":\"ListItem\",\"position\":3,\"name\":\"IDX VL-2X V-Mount Battery quick charger\"}]},{\"@type\":\"WebSite\",\"@id\":\"https:\/\/www.cinesouk.ma\/#website\",\"url\":\"https:\/\/www.cinesouk.ma\/\",\"name\":\"CineSouk\",\"description\":\"\",\"publisher\":{\"@id\":\"https:\/\/www.cinesouk.ma\/#organization\"},\"potentialAction\":[{\"@type\":\"SearchAction\",\"target\":{\"@type\":\"EntryPoint\",\"urlTemplate\":\"https:\/\/www.cinesouk.ma\/?s={search_term_string}\"},\"query-input\":{\"@type\":\"PropertyValueSpecification\",\"valueRequired\":true,\"valueName\":\"search_term_string\"}}],\"inLanguage\":\"fr-FR\"},{\"@type\":\"Organization\",\"@id\":\"https:\/\/www.cinesouk.ma\/#organization\",\"name\":\"CineSouk\",\"url\":\"https:\/\/www.cinesouk.ma\/\",\"logo\":{\"@type\":\"ImageObject\",\"inLanguage\":\"fr-FR\",\"@id\":\"https:\/\/www.cinesouk.ma\/#\/schema\/logo\/image\/\",\"url\":\"https:\/\/www.cinesouk.ma\/wp-content\/uploads\/2024\/01\/CineSouk-logo-v01-alpha-alligned-left.png\",\"contentUrl\":\"https:\/\/www.cinesouk.ma\/wp-content\/uploads\/2024\/01\/CineSouk-logo-v01-alpha-alligned-left.png\",\"width\":3204,\"height\":889,\"caption\":\"CineSouk\"},\"image\":{\"@id\":\"https:\/\/www.cinesouk.ma\/#\/schema\/logo\/image\/\"}}]}<\/script>\n<!-- \/ Yoast SEO Premium plugin. -->","yoast_head_json":{"title":"IDX VL-2X V-Mount Battery quick charger - CineSouk - For rent","description":"Power up swiftly with the IDX VL-2X Quick Charger. Ideal for professional videographers, offering rapid charging and portability for on-the-go shooting.","robots":{"index":"index","follow":"follow","max-snippet":"max-snippet:-1","max-image-preview":"max-image-preview:large","max-video-preview":"max-video-preview:-1"},"canonical":"https:\/\/www.cinesouk.ma\/fr\/produit\/idx-vl-2x-quick-charger\/","og_locale":"fr_FR","og_type":"article","og_title":"IDX VL-2X quick charger","og_description":"Power up swiftly with the IDX VL-2X Quick Charger. Ideal for professional videographers, offering rapid charging and portability for on-the-go shooting.","og_url":"https:\/\/www.cinesouk.ma\/fr\/produit\/idx-vl-2x-quick-charger\/","og_site_name":"CineSouk","article_modified_time":"2025-08-26T14:56:45+00:00","og_image":[{"width":300,"height":238,"url":"https:\/\/www.cinesouk.ma\/wp-content\/uploads\/2024\/01\/IDX-VL-2X-quick-charger.jpg","type":"image\/jpeg"}],"twitter_card":"summary_large_image","twitter_title":"IDX VL-2X V-Mount Battery quick charger","twitter_description":"Power up swiftly with the IDX VL-2X Quick Charger. Ideal for professional videographers, offering rapid charging and portability for on-the-go shooting.","twitter_misc":{"Dur\u00e9e de lecture estim\u00e9e":"2 minutes"},"schema":{"@context":"https:\/\/schema.org","@graph":[{"@type":"WebPage","@id":"https:\/\/www.cinesouk.ma\/product\/idx-vl-2x-quick-charger\/","url":"https:\/\/www.cinesouk.ma\/product\/idx-vl-2x-quick-charger\/","name":"IDX VL-2X V-Mount Battery quick charger - CineSouk - For rent","isPartOf":{"@id":"https:\/\/www.cinesouk.ma\/#website"},"primaryImageOfPage":{"@id":"https:\/\/www.cinesouk.ma\/product\/idx-vl-2x-quick-charger\/#primaryimage"},"image":{"@id":"https:\/\/www.cinesouk.ma\/product\/idx-vl-2x-quick-charger\/#primaryimage"},"thumbnailUrl":"https:\/\/www.cinesouk.ma\/wp-content\/uploads\/2024\/01\/IDX-VL-2X-quick-charger.jpg","datePublished":"2024-01-19T11:57:48+00:00","dateModified":"2025-08-26T14:56:45+00:00","description":"Power up swiftly with the IDX VL-2X Quick Charger. Ideal for professional videographers, offering rapid charging and portability for on-the-go shooting.","breadcrumb":{"@id":"https:\/\/www.cinesouk.ma\/product\/idx-vl-2x-quick-charger\/#breadcrumb"},"inLanguage":"fr-FR","potentialAction":[{"@type":"ReadAction","target":["https:\/\/www.cinesouk.ma\/product\/idx-vl-2x-quick-charger\/"]}]},{"@type":"ImageObject","inLanguage":"fr-FR","@id":"https:\/\/www.cinesouk.ma\/product\/idx-vl-2x-quick-charger\/#primaryimage","url":"https:\/\/www.cinesouk.ma\/wp-content\/uploads\/2024\/01\/IDX-VL-2X-quick-charger.jpg","contentUrl":"https:\/\/www.cinesouk.ma\/wp-content\/uploads\/2024\/01\/IDX-VL-2X-quick-charger.jpg","width":300,"height":238,"caption":"IDX VL-2X quick charger"},{"@type":"BreadcrumbList","@id":"https:\/\/www.cinesouk.ma\/product\/idx-vl-2x-quick-charger\/#breadcrumb","itemListElement":[{"@type":"ListItem","position":1,"name":"Home","item":"https:\/\/www.cinesouk.ma\/"},{"@type":"ListItem","position":2,"name":"Shop","item":"https:\/\/www.cinesouk.ma\/shop\/"},{"@type":"ListItem","position":3,"name":"IDX VL-2X V-Mount Battery quick charger"}]},{"@type":"WebSite","@id":"https:\/\/www.cinesouk.ma\/#website","url":"https:\/\/www.cinesouk.ma\/","name":"CineSouk","description":"","publisher":{"@id":"https:\/\/www.cinesouk.ma\/#organization"},"potentialAction":[{"@type":"SearchAction","target":{"@type":"EntryPoint","urlTemplate":"https:\/\/www.cinesouk.ma\/?s={search_term_string}"},"query-input":{"@type":"PropertyValueSpecification","valueRequired":true,"valueName":"search_term_string"}}],"inLanguage":"fr-FR"},{"@type":"Organization","@id":"https:\/\/www.cinesouk.ma\/#organization","name":"CineSouk","url":"https:\/\/www.cinesouk.ma\/","logo":{"@type":"ImageObject","inLanguage":"fr-FR","@id":"https:\/\/www.cinesouk.ma\/#\/schema\/logo\/image\/","url":"https:\/\/www.cinesouk.ma\/wp-content\/uploads\/2024\/01\/CineSouk-logo-v01-alpha-alligned-left.png","contentUrl":"https:\/\/www.cinesouk.ma\/wp-content\/uploads\/2024\/01\/CineSouk-logo-v01-alpha-alligned-left.png","width":3204,"height":889,"caption":"CineSouk"},"image":{"@id":"https:\/\/www.cinesouk.ma\/#\/schema\/logo\/image\/"}}]}},"_links":{"self":[{"href":"https:\/\/www.cinesouk.ma\/fr\/wp-json\/wp\/v2\/product\/3037","targetHints":{"allow":["GET"]}}],"collection":[{"href":"https:\/\/www.cinesouk.ma\/fr\/wp-json\/wp\/v2\/product"}],"about":[{"href":"https:\/\/www.cinesouk.ma\/fr\/wp-json\/wp\/v2\/types\/product"}],"wp:featuredmedia":[{"embeddable":true,"href":"https:\/\/www.cinesouk.ma\/fr\/wp-json\/wp\/v2\/media\/3040"}],"wp:attachment":[{"href":"https:\/\/www.cinesouk.ma\/fr\/wp-json\/wp\/v2\/media?parent=3037"}],"wp:term":[{"taxonomy":"product_brand","embeddable":true,"href":"https:\/\/www.cinesouk.ma\/fr\/wp-json\/wp\/v2\/product_brand?post=3037"},{"taxonomy":"product_cat","embeddable":true,"href":"https:\/\/www.cinesouk.ma\/fr\/wp-json\/wp\/v2\/product_cat?post=3037"},{"taxonomy":"product_tag","embeddable":true,"href":"https:\/\/www.cinesouk.ma\/fr\/wp-json\/wp\/v2\/product_tag?post=3037"}],"curies":[{"name":"wp","href":"https:\/\/api.w.org\/{rel}","templated":true}]}}