{"id":3045,"date":"2024-11-26T12:15:51","date_gmt":"2024-11-26T12:15:51","guid":{"rendered":"https:\/\/www.cinesouk.ma\/?post_type=product&#038;p=3045"},"modified":"2025-08-18T10:14:02","modified_gmt":"2025-08-18T10:14:02","slug":"metabones-canon-ef-to-e-mount-sony","status":"publish","type":"product","link":"https:\/\/www.cinesouk.ma\/fr\/produit\/metabones-canon-ef-to-e-mount-sony\/","title":{"rendered":"Metabones Canon EF vers E-mount (Sony)"},"content":{"rendered":"<p>L'adaptateur Metabones Canon EF vers monture E (Sony) est un accessoire polyvalent con\u00e7u pour les appareils photo Sony. Cet adaptateur permet de faire le lien entre les objectifs Canon \u00e0 monture EF et les appareils photo Sony \u00e0 monture E.<\/p>\n<p>L'adaptateur Canon EF vers monture E de Metabones garantit une connexion s\u00fbre et fiable, permettant une communication transparente entre vos objectifs Canon et les bo\u00eetiers d'appareils photo \u00e0 monture E de Sony. Gr\u00e2ce \u00e0 cet adaptateur, vous pouvez utiliser les c\u00e9l\u00e8bres optiques Canon sur votre appareil Sony, ce qui ouvre de nouvelles possibilit\u00e9s pour votre photographie.<\/p>\n<p>Sa construction durable et sa conception conviviale en font un accessoire essentiel.<\/p>\n<p>Consid\u00e9rez cet adaptateur Metabones comme un compl\u00e9ment pr\u00e9cieux \u00e0 votre \u00e9quipement.<\/p>\n<p>Louez-le maintenant sur <a href=\"https:\/\/www.cinesouk.ma\/fr\">CINESOUK<\/a> - une marque de <a href=\"https:\/\/www.broadway.ma\/\">BROADWAY PRODUCTIONS SARL.<\/a><\/p>","protected":false},"excerpt":{"rendered":"<p>Sp\u00e9cifications Metabones Canon EF vers E-mount (Sony) :<\/p>\n<p>Compatibilit\u00e9 : Objectifs Canon EF et appareils photo Sony \u00e0 monture E<br \/>\nFonctionnalit\u00e9 : Autofocus, contr\u00f4le de l'ouverture, stabilisation de l'image<br \/>\nConception : Durable et l\u00e9ger<br \/>\nObjet : Adaptation d'objectif pour monture Sony E<br \/>\nFabricant : Metabones<\/p>","protected":false},"featured_media":3049,"template":"","meta":{"om_disable_all_campaigns":false,"_monsterinsights_skip_tracking":false,"_monsterinsights_sitenote_active":false,"_monsterinsights_sitenote_note":"","_monsterinsights_sitenote_category":0,"_uf_show_specific_survey":0,"_uf_disable_surveys":false},"product_brand":[],"product_cat":[37,36],"product_tag":[],"class_list":{"0":"post-3045","1":"product","2":"type-product","3":"status-publish","4":"has-post-thumbnail","6":"product_cat-accessories-cinesouk","7":"product_cat-lenses-cinesouk","9":"entry","10":"has-media","12":"first","13":"instock","14":"taxable","15":"shipping-taxable","16":"purchasable","17":"product-type-variable","18":"has-product-nav","19":"col","20":"span_1_of_3","21":"owp-content-center","22":"owp-thumbs-layout-horizontal","23":"owp-btn-normal","24":"owp-tabs-layout-horizontal","25":"has-no-thumbnails"},"yoast_head":"<!-- This site is optimized with the Yoast SEO Premium plugin v26.0 (Yoast SEO v26.0) - https:\/\/yoast.com\/wordpress\/plugins\/seo\/ -->\n<title>Metabones Canon EF to E-mount (Sony) - CineSouk - For rent<\/title>\n<meta name=\"description\" content=\"Expand your creative possibilities with the Metabones Canon EF to E-mount Smart Adapter. Seamless integration for Canon EF lenses on Sony E-mount cameras.\" \/>\n<meta name=\"robots\" content=\"index, follow, max-snippet:-1, max-image-preview:large, max-video-preview:-1\" \/>\n<link rel=\"canonical\" href=\"https:\/\/www.cinesouk.ma\/fr\/produit\/metabones-canon-ef-to-e-mount-sony\/\" \/>\n<meta property=\"og:locale\" content=\"fr_FR\" \/>\n<meta property=\"og:type\" content=\"article\" \/>\n<meta property=\"og:title\" content=\"Metabones Canon EF to E-mount (Sony)\" \/>\n<meta property=\"og:description\" content=\"Expand your creative possibilities with the Metabones Canon EF to E-mount Smart Adapter. Seamless integration for Canon EF lenses on Sony E-mount cameras.\" \/>\n<meta property=\"og:url\" content=\"https:\/\/www.cinesouk.ma\/fr\/produit\/metabones-canon-ef-to-e-mount-sony\/\" \/>\n<meta property=\"og:site_name\" content=\"CineSouk\" \/>\n<meta property=\"article:modified_time\" content=\"2025-08-18T10:14:02+00:00\" \/>\n<meta property=\"og:image\" content=\"https:\/\/www.cinesouk.ma\/wp-content\/uploads\/2024\/01\/Metabones-Canon-EF-to-E-mount-for-Sony.jpg\" \/>\n\t<meta property=\"og:image:width\" content=\"300\" \/>\n\t<meta property=\"og:image:height\" content=\"238\" \/>\n\t<meta property=\"og:image:type\" content=\"image\/jpeg\" \/>\n<meta name=\"twitter:card\" content=\"summary_large_image\" \/>\n<meta name=\"twitter:description\" content=\"Expand your creative possibilities with the Metabones Canon EF to E-mount Smart Adapter. Seamless integration for Canon EF lenses on Sony E-mount cameras.\" \/>\n<meta name=\"twitter:label1\" content=\"Dur\u00e9e de lecture estim\u00e9e\" \/>\n\t<meta name=\"twitter:data1\" content=\"1 minute\" \/>\n<script type=\"application\/ld+json\" class=\"yoast-schema-graph\">{\"@context\":\"https:\/\/schema.org\",\"@graph\":[{\"@type\":\"WebPage\",\"@id\":\"https:\/\/www.cinesouk.ma\/product\/metabones-canon-ef-to-e-mount-sony\/\",\"url\":\"https:\/\/www.cinesouk.ma\/product\/metabones-canon-ef-to-e-mount-sony\/\",\"name\":\"Metabones Canon EF to E-mount (Sony) - CineSouk - For rent\",\"isPartOf\":{\"@id\":\"https:\/\/www.cinesouk.ma\/#website\"},\"primaryImageOfPage\":{\"@id\":\"https:\/\/www.cinesouk.ma\/product\/metabones-canon-ef-to-e-mount-sony\/#primaryimage\"},\"image\":{\"@id\":\"https:\/\/www.cinesouk.ma\/product\/metabones-canon-ef-to-e-mount-sony\/#primaryimage\"},\"thumbnailUrl\":\"https:\/\/www.cinesouk.ma\/wp-content\/uploads\/2024\/01\/Metabones-Canon-EF-to-E-mount-for-Sony.jpg\",\"datePublished\":\"2024-11-26T12:15:51+00:00\",\"dateModified\":\"2025-08-18T10:14:02+00:00\",\"description\":\"Expand your creative possibilities with the Metabones Canon EF to E-mount Smart Adapter. Seamless integration for Canon EF lenses on Sony E-mount cameras.\",\"breadcrumb\":{\"@id\":\"https:\/\/www.cinesouk.ma\/product\/metabones-canon-ef-to-e-mount-sony\/#breadcrumb\"},\"inLanguage\":\"fr-FR\",\"potentialAction\":[{\"@type\":\"ReadAction\",\"target\":[\"https:\/\/www.cinesouk.ma\/product\/metabones-canon-ef-to-e-mount-sony\/\"]}]},{\"@type\":\"ImageObject\",\"inLanguage\":\"fr-FR\",\"@id\":\"https:\/\/www.cinesouk.ma\/product\/metabones-canon-ef-to-e-mount-sony\/#primaryimage\",\"url\":\"https:\/\/www.cinesouk.ma\/wp-content\/uploads\/2024\/01\/Metabones-Canon-EF-to-E-mount-for-Sony.jpg\",\"contentUrl\":\"https:\/\/www.cinesouk.ma\/wp-content\/uploads\/2024\/01\/Metabones-Canon-EF-to-E-mount-for-Sony.jpg\",\"width\":300,\"height\":238,\"caption\":\"Metabones Canon EF - photography gear in Morocco rental\"},{\"@type\":\"BreadcrumbList\",\"@id\":\"https:\/\/www.cinesouk.ma\/product\/metabones-canon-ef-to-e-mount-sony\/#breadcrumb\",\"itemListElement\":[{\"@type\":\"ListItem\",\"position\":1,\"name\":\"Home\",\"item\":\"https:\/\/www.cinesouk.ma\/\"},{\"@type\":\"ListItem\",\"position\":2,\"name\":\"Shop\",\"item\":\"https:\/\/www.cinesouk.ma\/shop\/\"},{\"@type\":\"ListItem\",\"position\":3,\"name\":\"Metabones Canon EF to E-mount (Sony)\"}]},{\"@type\":\"WebSite\",\"@id\":\"https:\/\/www.cinesouk.ma\/#website\",\"url\":\"https:\/\/www.cinesouk.ma\/\",\"name\":\"CineSouk\",\"description\":\"\",\"publisher\":{\"@id\":\"https:\/\/www.cinesouk.ma\/#organization\"},\"potentialAction\":[{\"@type\":\"SearchAction\",\"target\":{\"@type\":\"EntryPoint\",\"urlTemplate\":\"https:\/\/www.cinesouk.ma\/?s={search_term_string}\"},\"query-input\":{\"@type\":\"PropertyValueSpecification\",\"valueRequired\":true,\"valueName\":\"search_term_string\"}}],\"inLanguage\":\"fr-FR\"},{\"@type\":\"Organization\",\"@id\":\"https:\/\/www.cinesouk.ma\/#organization\",\"name\":\"CineSouk\",\"url\":\"https:\/\/www.cinesouk.ma\/\",\"logo\":{\"@type\":\"ImageObject\",\"inLanguage\":\"fr-FR\",\"@id\":\"https:\/\/www.cinesouk.ma\/#\/schema\/logo\/image\/\",\"url\":\"https:\/\/www.cinesouk.ma\/wp-content\/uploads\/2024\/01\/CineSouk-logo-v01-alpha-alligned-left.png\",\"contentUrl\":\"https:\/\/www.cinesouk.ma\/wp-content\/uploads\/2024\/01\/CineSouk-logo-v01-alpha-alligned-left.png\",\"width\":3204,\"height\":889,\"caption\":\"CineSouk\"},\"image\":{\"@id\":\"https:\/\/www.cinesouk.ma\/#\/schema\/logo\/image\/\"}}]}<\/script>\n<!-- \/ Yoast SEO Premium plugin. -->","yoast_head_json":{"title":"Metabones Canon EF to E-mount (Sony) - CineSouk - For rent","description":"Expand your creative possibilities with the Metabones Canon EF to E-mount Smart Adapter. Seamless integration for Canon EF lenses on Sony E-mount cameras.","robots":{"index":"index","follow":"follow","max-snippet":"max-snippet:-1","max-image-preview":"max-image-preview:large","max-video-preview":"max-video-preview:-1"},"canonical":"https:\/\/www.cinesouk.ma\/fr\/produit\/metabones-canon-ef-to-e-mount-sony\/","og_locale":"fr_FR","og_type":"article","og_title":"Metabones Canon EF to E-mount (Sony)","og_description":"Expand your creative possibilities with the Metabones Canon EF to E-mount Smart Adapter. Seamless integration for Canon EF lenses on Sony E-mount cameras.","og_url":"https:\/\/www.cinesouk.ma\/fr\/produit\/metabones-canon-ef-to-e-mount-sony\/","og_site_name":"CineSouk","article_modified_time":"2025-08-18T10:14:02+00:00","og_image":[{"width":300,"height":238,"url":"https:\/\/www.cinesouk.ma\/wp-content\/uploads\/2024\/01\/Metabones-Canon-EF-to-E-mount-for-Sony.jpg","type":"image\/jpeg"}],"twitter_card":"summary_large_image","twitter_description":"Expand your creative possibilities with the Metabones Canon EF to E-mount Smart Adapter. Seamless integration for Canon EF lenses on Sony E-mount cameras.","twitter_misc":{"Dur\u00e9e de lecture estim\u00e9e":"1 minute"},"schema":{"@context":"https:\/\/schema.org","@graph":[{"@type":"WebPage","@id":"https:\/\/www.cinesouk.ma\/product\/metabones-canon-ef-to-e-mount-sony\/","url":"https:\/\/www.cinesouk.ma\/product\/metabones-canon-ef-to-e-mount-sony\/","name":"Metabones Canon EF to E-mount (Sony) - CineSouk - For rent","isPartOf":{"@id":"https:\/\/www.cinesouk.ma\/#website"},"primaryImageOfPage":{"@id":"https:\/\/www.cinesouk.ma\/product\/metabones-canon-ef-to-e-mount-sony\/#primaryimage"},"image":{"@id":"https:\/\/www.cinesouk.ma\/product\/metabones-canon-ef-to-e-mount-sony\/#primaryimage"},"thumbnailUrl":"https:\/\/www.cinesouk.ma\/wp-content\/uploads\/2024\/01\/Metabones-Canon-EF-to-E-mount-for-Sony.jpg","datePublished":"2024-11-26T12:15:51+00:00","dateModified":"2025-08-18T10:14:02+00:00","description":"Expand your creative possibilities with the Metabones Canon EF to E-mount Smart Adapter. Seamless integration for Canon EF lenses on Sony E-mount cameras.","breadcrumb":{"@id":"https:\/\/www.cinesouk.ma\/product\/metabones-canon-ef-to-e-mount-sony\/#breadcrumb"},"inLanguage":"fr-FR","potentialAction":[{"@type":"ReadAction","target":["https:\/\/www.cinesouk.ma\/product\/metabones-canon-ef-to-e-mount-sony\/"]}]},{"@type":"ImageObject","inLanguage":"fr-FR","@id":"https:\/\/www.cinesouk.ma\/product\/metabones-canon-ef-to-e-mount-sony\/#primaryimage","url":"https:\/\/www.cinesouk.ma\/wp-content\/uploads\/2024\/01\/Metabones-Canon-EF-to-E-mount-for-Sony.jpg","contentUrl":"https:\/\/www.cinesouk.ma\/wp-content\/uploads\/2024\/01\/Metabones-Canon-EF-to-E-mount-for-Sony.jpg","width":300,"height":238,"caption":"Metabones Canon EF - photography gear in Morocco rental"},{"@type":"BreadcrumbList","@id":"https:\/\/www.cinesouk.ma\/product\/metabones-canon-ef-to-e-mount-sony\/#breadcrumb","itemListElement":[{"@type":"ListItem","position":1,"name":"Home","item":"https:\/\/www.cinesouk.ma\/"},{"@type":"ListItem","position":2,"name":"Shop","item":"https:\/\/www.cinesouk.ma\/shop\/"},{"@type":"ListItem","position":3,"name":"Metabones Canon EF to E-mount (Sony)"}]},{"@type":"WebSite","@id":"https:\/\/www.cinesouk.ma\/#website","url":"https:\/\/www.cinesouk.ma\/","name":"CineSouk","description":"","publisher":{"@id":"https:\/\/www.cinesouk.ma\/#organization"},"potentialAction":[{"@type":"SearchAction","target":{"@type":"EntryPoint","urlTemplate":"https:\/\/www.cinesouk.ma\/?s={search_term_string}"},"query-input":{"@type":"PropertyValueSpecification","valueRequired":true,"valueName":"search_term_string"}}],"inLanguage":"fr-FR"},{"@type":"Organization","@id":"https:\/\/www.cinesouk.ma\/#organization","name":"CineSouk","url":"https:\/\/www.cinesouk.ma\/","logo":{"@type":"ImageObject","inLanguage":"fr-FR","@id":"https:\/\/www.cinesouk.ma\/#\/schema\/logo\/image\/","url":"https:\/\/www.cinesouk.ma\/wp-content\/uploads\/2024\/01\/CineSouk-logo-v01-alpha-alligned-left.png","contentUrl":"https:\/\/www.cinesouk.ma\/wp-content\/uploads\/2024\/01\/CineSouk-logo-v01-alpha-alligned-left.png","width":3204,"height":889,"caption":"CineSouk"},"image":{"@id":"https:\/\/www.cinesouk.ma\/#\/schema\/logo\/image\/"}}]}},"_links":{"self":[{"href":"https:\/\/www.cinesouk.ma\/fr\/wp-json\/wp\/v2\/product\/3045","targetHints":{"allow":["GET"]}}],"collection":[{"href":"https:\/\/www.cinesouk.ma\/fr\/wp-json\/wp\/v2\/product"}],"about":[{"href":"https:\/\/www.cinesouk.ma\/fr\/wp-json\/wp\/v2\/types\/product"}],"wp:featuredmedia":[{"embeddable":true,"href":"https:\/\/www.cinesouk.ma\/fr\/wp-json\/wp\/v2\/media\/3049"}],"wp:attachment":[{"href":"https:\/\/www.cinesouk.ma\/fr\/wp-json\/wp\/v2\/media?parent=3045"}],"wp:term":[{"taxonomy":"product_brand","embeddable":true,"href":"https:\/\/www.cinesouk.ma\/fr\/wp-json\/wp\/v2\/product_brand?post=3045"},{"taxonomy":"product_cat","embeddable":true,"href":"https:\/\/www.cinesouk.ma\/fr\/wp-json\/wp\/v2\/product_cat?post=3045"},{"taxonomy":"product_tag","embeddable":true,"href":"https:\/\/www.cinesouk.ma\/fr\/wp-json\/wp\/v2\/product_tag?post=3045"}],"curies":[{"name":"wp","href":"https:\/\/api.w.org\/{rel}","templated":true}]}}