{"id":3201,"date":"2024-08-20T17:00:06","date_gmt":"2024-08-20T17:00:06","guid":{"rendered":"https:\/\/www.cinesouk.ma\/?post_type=product&#038;p=3201"},"modified":"2025-08-22T15:27:48","modified_gmt":"2025-08-22T15:27:48","slug":"blackmagic-design-atem-mini","status":"publish","type":"product","link":"https:\/\/www.cinesouk.ma\/fr\/produit\/blackmagic-design-atem-mini\/","title":{"rendered":"Mini-s\u00e9lecteur Blackmagic ATEM"},"content":{"rendered":"<p>Le mini-s\u00e9lecteur Blackmagic ATEM facilite la cr\u00e9ation de productions professionnelles multi-cam\u00e9ras. Il est dot\u00e9 de fonctions avanc\u00e9es telles que des entr\u00e9es HDMI et des capacit\u00e9s de streaming en direct, ce qui permet d'\u00e9lever votre production \u00e0 de nouveaux sommets. Le s\u00e9lecteur offre une capacit\u00e9 in\u00e9gal\u00e9e de contr\u00f4le et de commutation entre plusieurs sources vid\u00e9o. Il suffit de connecter l'appareil pour commuter en direct jusqu'\u00e0 8 entr\u00e9es de cam\u00e9ra vid\u00e9o de haute qualit\u00e9, pour des images d'une qualit\u00e9 nettement sup\u00e9rieure. Le DVE int\u00e9gr\u00e9 permet \u00e9galement d'obtenir des effets d'image dans l'image et de nombreux autres effets vid\u00e9o. Le Mini dispose d'un moteur de streaming mat\u00e9riel int\u00e9gr\u00e9 pour la diffusion en direct via Ethernet, ou via l'USB qui fonctionne \u00e9galement comme une webcam. Son design compact permet de le transporter et de l'installer facilement lors de toute production.<\/p>\n<h3 class=\"thin-font\">CARACT\u00c9RISTIQUES PRINCIPALES<\/h3>\n<ul>\n<li>Streaming vid\u00e9o jusqu'\u00e0 1080p HD<\/li>\n<li>Boutons de diffusion rapide, de mise \u00e0 l'antenne et d'enregistrement<\/li>\n<li>Encodeur mat\u00e9riel pour ne pas avoir besoin d'un logiciel de streaming suppl\u00e9mentaire<\/li>\n<li>Contr\u00f4le et configuration du timecode, de l'\u00e9tat des flux<\/li>\n<li>Prise en charge compl\u00e8te et fonctions de contr\u00f4le pour les cam\u00e9ras BMPCC 6K et 4K<\/li>\n<li>Enregistrement USB simultan\u00e9<\/li>\n<li>Int\u00e9gration avec MultiDock pour la commutation en direct des disques durs<\/li>\n<li>Personnaliser les param\u00e8tres avanc\u00e9s \u00e0 l'aide de fichiers XML<\/li>\n<li>Logiciel multiview avec pr\u00e9visualisation des programmes, graphiques, statut de l'enregistrement, statut de la diffusion, compteurs audio<\/li>\n<li>Boutons d'entr\u00e9e et de sortie pour la pr\u00e9visualisation des programmes<\/li>\n<li>Contr\u00f4le de la lumi\u00e8re Tally pour les cam\u00e9ras BMPCC 6K\/4K<\/li>\n<li>Synchronisation automatique du timecode pour toutes les cam\u00e9ras<\/li>\n<\/ul>\n<p>&nbsp;<\/p>\n<p>Louez le Blackmagic ATEM Mini Switcher maintenant sur <a href=\"https:\/\/www.cinesouk.ma\/fr\">CINESOUK<\/a> - une marque de <a href=\"https:\/\/www.broadway.ma\/\">BROADWAY PRODUCTIONS SARL.<\/a><\/p>","protected":false},"excerpt":{"rendered":"<p>Sp\u00e9cifications<\/p>\n<p>Marque : Blackmagic Design<br \/>\nMod\u00e8le : ATEM Mini<br \/>\nCaract\u00e9ristiques : Entr\u00e9es HDMI, streaming en direct, outils de production de qualit\u00e9 professionnelle<br \/>\nConception : Compact et portable<br \/>\nObjet : Contr\u00f4le multi-cam\u00e9ras sur les plateaux de cin\u00e9ma<br \/>\nFabricant : Blackmagic Design<\/p>","protected":false},"featured_media":3202,"template":"","meta":{"om_disable_all_campaigns":false,"_monsterinsights_skip_tracking":false,"_monsterinsights_sitenote_active":false,"_monsterinsights_sitenote_note":"","_monsterinsights_sitenote_category":0,"_uf_show_specific_survey":0,"_uf_disable_surveys":false},"product_brand":[],"product_cat":[52,113,59,32,81],"product_tag":[],"class_list":{"0":"post-3201","1":"product","2":"type-product","3":"status-publish","4":"has-post-thumbnail","6":"product_cat-multicam-cinesouk","7":"product_cat-multicam-eventsouk","8":"product_cat-post-production-cinesouk","9":"product_cat-streaming-cinesouk","10":"product_cat-videomixers-cinesouk","12":"entry","13":"has-media","15":"first","16":"instock","17":"taxable","18":"shipping-taxable","19":"purchasable","20":"product-type-variable","21":"has-product-nav","22":"col","23":"span_1_of_3","24":"owp-content-center","25":"owp-thumbs-layout-horizontal","26":"owp-btn-normal","27":"owp-tabs-layout-horizontal","28":"has-no-thumbnails"},"yoast_head":"<!-- This site is optimized with the Yoast SEO Premium plugin v26.0 (Yoast SEO v26.0) - https:\/\/yoast.com\/wordpress\/plugins\/seo\/ -->\n<title>Blackmagic ATEM Mini Switcher - CineSouk - Marrakech - For rent<\/title>\n<meta name=\"description\" content=\"Elevate your live video production with the Blackmagic ATEM Mini Switcher. Seamlessly switch between multiple HDMI inputs for professional cinematography.\" \/>\n<meta name=\"robots\" content=\"index, follow, max-snippet:-1, max-image-preview:large, max-video-preview:-1\" \/>\n<link rel=\"canonical\" href=\"https:\/\/www.cinesouk.ma\/fr\/produit\/blackmagic-design-atem-mini\/\" \/>\n<meta property=\"og:locale\" content=\"fr_FR\" \/>\n<meta property=\"og:type\" content=\"article\" \/>\n<meta property=\"og:title\" content=\"Blackmagic ATEM Mini Switcher\" \/>\n<meta property=\"og:description\" content=\"Elevate your live video production with the Blackmagic ATEM Mini Switcher. Seamlessly switch between multiple HDMI inputs for professional cinematography.\" \/>\n<meta property=\"og:url\" content=\"https:\/\/www.cinesouk.ma\/fr\/produit\/blackmagic-design-atem-mini\/\" \/>\n<meta property=\"og:site_name\" content=\"CineSouk\" \/>\n<meta property=\"article:modified_time\" content=\"2025-08-22T15:27:48+00:00\" \/>\n<meta property=\"og:image\" content=\"https:\/\/www.cinesouk.ma\/wp-content\/uploads\/2024\/01\/blackmagic_design_atem_mini_pro_hdmi_live_stream_switcher_VFMGJ.jpg\" \/>\n\t<meta property=\"og:image:width\" content=\"300\" \/>\n\t<meta property=\"og:image:height\" content=\"238\" \/>\n\t<meta property=\"og:image:type\" content=\"image\/jpeg\" \/>\n<meta name=\"twitter:card\" content=\"summary_large_image\" \/>\n<meta name=\"twitter:description\" content=\"Elevate your live video production with the Blackmagic ATEM Mini Switcher. Seamlessly switch between multiple HDMI inputs for professional cinematography.\" \/>\n<meta name=\"twitter:image\" content=\"https:\/\/www.cinesouk.ma\/wp-content\/uploads\/2024\/01\/blackmagic_design_atem_mini_pro_hdmi_live_stream_switcher_VFMGJ.jpg\" \/>\n<meta name=\"twitter:label1\" content=\"Dur\u00e9e de lecture estim\u00e9e\" \/>\n\t<meta name=\"twitter:data1\" content=\"2 minutes\" \/>\n<script type=\"application\/ld+json\" class=\"yoast-schema-graph\">{\"@context\":\"https:\/\/schema.org\",\"@graph\":[{\"@type\":\"WebPage\",\"@id\":\"https:\/\/www.cinesouk.ma\/product\/blackmagic-design-atem-mini\/\",\"url\":\"https:\/\/www.cinesouk.ma\/product\/blackmagic-design-atem-mini\/\",\"name\":\"Blackmagic ATEM Mini Switcher - CineSouk - Marrakech - For rent\",\"isPartOf\":{\"@id\":\"https:\/\/www.cinesouk.ma\/#website\"},\"primaryImageOfPage\":{\"@id\":\"https:\/\/www.cinesouk.ma\/product\/blackmagic-design-atem-mini\/#primaryimage\"},\"image\":{\"@id\":\"https:\/\/www.cinesouk.ma\/product\/blackmagic-design-atem-mini\/#primaryimage\"},\"thumbnailUrl\":\"https:\/\/www.cinesouk.ma\/wp-content\/uploads\/2024\/01\/blackmagic_design_atem_mini_pro_hdmi_live_stream_switcher_VFMGJ.jpg\",\"datePublished\":\"2024-08-20T17:00:06+00:00\",\"dateModified\":\"2025-08-22T15:27:48+00:00\",\"description\":\"Elevate your live video production with the Blackmagic ATEM Mini Switcher. Seamlessly switch between multiple HDMI inputs for professional cinematography.\",\"breadcrumb\":{\"@id\":\"https:\/\/www.cinesouk.ma\/product\/blackmagic-design-atem-mini\/#breadcrumb\"},\"inLanguage\":\"fr-FR\",\"potentialAction\":[{\"@type\":\"ReadAction\",\"target\":[\"https:\/\/www.cinesouk.ma\/product\/blackmagic-design-atem-mini\/\"]}]},{\"@type\":\"ImageObject\",\"inLanguage\":\"fr-FR\",\"@id\":\"https:\/\/www.cinesouk.ma\/product\/blackmagic-design-atem-mini\/#primaryimage\",\"url\":\"https:\/\/www.cinesouk.ma\/wp-content\/uploads\/2024\/01\/blackmagic_design_atem_mini_pro_hdmi_live_stream_switcher_VFMGJ.jpg\",\"contentUrl\":\"https:\/\/www.cinesouk.ma\/wp-content\/uploads\/2024\/01\/blackmagic_design_atem_mini_pro_hdmi_live_stream_switcher_VFMGJ.jpg\",\"width\":300,\"height\":238,\"caption\":\"live streaming - Blackmagic Design ATEM Mini Switcher\"},{\"@type\":\"BreadcrumbList\",\"@id\":\"https:\/\/www.cinesouk.ma\/product\/blackmagic-design-atem-mini\/#breadcrumb\",\"itemListElement\":[{\"@type\":\"ListItem\",\"position\":1,\"name\":\"Home\",\"item\":\"https:\/\/www.cinesouk.ma\/\"},{\"@type\":\"ListItem\",\"position\":2,\"name\":\"Shop\",\"item\":\"https:\/\/www.cinesouk.ma\/shop\/\"},{\"@type\":\"ListItem\",\"position\":3,\"name\":\"Blackmagic ATEM Mini Switcher\"}]},{\"@type\":\"WebSite\",\"@id\":\"https:\/\/www.cinesouk.ma\/#website\",\"url\":\"https:\/\/www.cinesouk.ma\/\",\"name\":\"CineSouk\",\"description\":\"\",\"publisher\":{\"@id\":\"https:\/\/www.cinesouk.ma\/#organization\"},\"potentialAction\":[{\"@type\":\"SearchAction\",\"target\":{\"@type\":\"EntryPoint\",\"urlTemplate\":\"https:\/\/www.cinesouk.ma\/?s={search_term_string}\"},\"query-input\":{\"@type\":\"PropertyValueSpecification\",\"valueRequired\":true,\"valueName\":\"search_term_string\"}}],\"inLanguage\":\"fr-FR\"},{\"@type\":\"Organization\",\"@id\":\"https:\/\/www.cinesouk.ma\/#organization\",\"name\":\"CineSouk\",\"url\":\"https:\/\/www.cinesouk.ma\/\",\"logo\":{\"@type\":\"ImageObject\",\"inLanguage\":\"fr-FR\",\"@id\":\"https:\/\/www.cinesouk.ma\/#\/schema\/logo\/image\/\",\"url\":\"https:\/\/www.cinesouk.ma\/wp-content\/uploads\/2024\/01\/CineSouk-logo-v01-alpha-alligned-left.png\",\"contentUrl\":\"https:\/\/www.cinesouk.ma\/wp-content\/uploads\/2024\/01\/CineSouk-logo-v01-alpha-alligned-left.png\",\"width\":3204,\"height\":889,\"caption\":\"CineSouk\"},\"image\":{\"@id\":\"https:\/\/www.cinesouk.ma\/#\/schema\/logo\/image\/\"}}]}<\/script>\n<!-- \/ Yoast SEO Premium plugin. -->","yoast_head_json":{"title":"Blackmagic ATEM Mini Switcher - CineSouk - Marrakech - For rent","description":"Elevate your live video production with the Blackmagic ATEM Mini Switcher. Seamlessly switch between multiple HDMI inputs for professional cinematography.","robots":{"index":"index","follow":"follow","max-snippet":"max-snippet:-1","max-image-preview":"max-image-preview:large","max-video-preview":"max-video-preview:-1"},"canonical":"https:\/\/www.cinesouk.ma\/fr\/produit\/blackmagic-design-atem-mini\/","og_locale":"fr_FR","og_type":"article","og_title":"Blackmagic ATEM Mini Switcher","og_description":"Elevate your live video production with the Blackmagic ATEM Mini Switcher. Seamlessly switch between multiple HDMI inputs for professional cinematography.","og_url":"https:\/\/www.cinesouk.ma\/fr\/produit\/blackmagic-design-atem-mini\/","og_site_name":"CineSouk","article_modified_time":"2025-08-22T15:27:48+00:00","og_image":[{"width":300,"height":238,"url":"https:\/\/www.cinesouk.ma\/wp-content\/uploads\/2024\/01\/blackmagic_design_atem_mini_pro_hdmi_live_stream_switcher_VFMGJ.jpg","type":"image\/jpeg"}],"twitter_card":"summary_large_image","twitter_description":"Elevate your live video production with the Blackmagic ATEM Mini Switcher. Seamlessly switch between multiple HDMI inputs for professional cinematography.","twitter_image":"https:\/\/www.cinesouk.ma\/wp-content\/uploads\/2024\/01\/blackmagic_design_atem_mini_pro_hdmi_live_stream_switcher_VFMGJ.jpg","twitter_misc":{"Dur\u00e9e de lecture estim\u00e9e":"2 minutes"},"schema":{"@context":"https:\/\/schema.org","@graph":[{"@type":"WebPage","@id":"https:\/\/www.cinesouk.ma\/product\/blackmagic-design-atem-mini\/","url":"https:\/\/www.cinesouk.ma\/product\/blackmagic-design-atem-mini\/","name":"Blackmagic ATEM Mini Switcher - CineSouk - Marrakech - For rent","isPartOf":{"@id":"https:\/\/www.cinesouk.ma\/#website"},"primaryImageOfPage":{"@id":"https:\/\/www.cinesouk.ma\/product\/blackmagic-design-atem-mini\/#primaryimage"},"image":{"@id":"https:\/\/www.cinesouk.ma\/product\/blackmagic-design-atem-mini\/#primaryimage"},"thumbnailUrl":"https:\/\/www.cinesouk.ma\/wp-content\/uploads\/2024\/01\/blackmagic_design_atem_mini_pro_hdmi_live_stream_switcher_VFMGJ.jpg","datePublished":"2024-08-20T17:00:06+00:00","dateModified":"2025-08-22T15:27:48+00:00","description":"Elevate your live video production with the Blackmagic ATEM Mini Switcher. Seamlessly switch between multiple HDMI inputs for professional cinematography.","breadcrumb":{"@id":"https:\/\/www.cinesouk.ma\/product\/blackmagic-design-atem-mini\/#breadcrumb"},"inLanguage":"fr-FR","potentialAction":[{"@type":"ReadAction","target":["https:\/\/www.cinesouk.ma\/product\/blackmagic-design-atem-mini\/"]}]},{"@type":"ImageObject","inLanguage":"fr-FR","@id":"https:\/\/www.cinesouk.ma\/product\/blackmagic-design-atem-mini\/#primaryimage","url":"https:\/\/www.cinesouk.ma\/wp-content\/uploads\/2024\/01\/blackmagic_design_atem_mini_pro_hdmi_live_stream_switcher_VFMGJ.jpg","contentUrl":"https:\/\/www.cinesouk.ma\/wp-content\/uploads\/2024\/01\/blackmagic_design_atem_mini_pro_hdmi_live_stream_switcher_VFMGJ.jpg","width":300,"height":238,"caption":"live streaming - Blackmagic Design ATEM Mini Switcher"},{"@type":"BreadcrumbList","@id":"https:\/\/www.cinesouk.ma\/product\/blackmagic-design-atem-mini\/#breadcrumb","itemListElement":[{"@type":"ListItem","position":1,"name":"Home","item":"https:\/\/www.cinesouk.ma\/"},{"@type":"ListItem","position":2,"name":"Shop","item":"https:\/\/www.cinesouk.ma\/shop\/"},{"@type":"ListItem","position":3,"name":"Blackmagic ATEM Mini Switcher"}]},{"@type":"WebSite","@id":"https:\/\/www.cinesouk.ma\/#website","url":"https:\/\/www.cinesouk.ma\/","name":"CineSouk","description":"","publisher":{"@id":"https:\/\/www.cinesouk.ma\/#organization"},"potentialAction":[{"@type":"SearchAction","target":{"@type":"EntryPoint","urlTemplate":"https:\/\/www.cinesouk.ma\/?s={search_term_string}"},"query-input":{"@type":"PropertyValueSpecification","valueRequired":true,"valueName":"search_term_string"}}],"inLanguage":"fr-FR"},{"@type":"Organization","@id":"https:\/\/www.cinesouk.ma\/#organization","name":"CineSouk","url":"https:\/\/www.cinesouk.ma\/","logo":{"@type":"ImageObject","inLanguage":"fr-FR","@id":"https:\/\/www.cinesouk.ma\/#\/schema\/logo\/image\/","url":"https:\/\/www.cinesouk.ma\/wp-content\/uploads\/2024\/01\/CineSouk-logo-v01-alpha-alligned-left.png","contentUrl":"https:\/\/www.cinesouk.ma\/wp-content\/uploads\/2024\/01\/CineSouk-logo-v01-alpha-alligned-left.png","width":3204,"height":889,"caption":"CineSouk"},"image":{"@id":"https:\/\/www.cinesouk.ma\/#\/schema\/logo\/image\/"}}]}},"_links":{"self":[{"href":"https:\/\/www.cinesouk.ma\/fr\/wp-json\/wp\/v2\/product\/3201","targetHints":{"allow":["GET"]}}],"collection":[{"href":"https:\/\/www.cinesouk.ma\/fr\/wp-json\/wp\/v2\/product"}],"about":[{"href":"https:\/\/www.cinesouk.ma\/fr\/wp-json\/wp\/v2\/types\/product"}],"wp:featuredmedia":[{"embeddable":true,"href":"https:\/\/www.cinesouk.ma\/fr\/wp-json\/wp\/v2\/media\/3202"}],"wp:attachment":[{"href":"https:\/\/www.cinesouk.ma\/fr\/wp-json\/wp\/v2\/media?parent=3201"}],"wp:term":[{"taxonomy":"product_brand","embeddable":true,"href":"https:\/\/www.cinesouk.ma\/fr\/wp-json\/wp\/v2\/product_brand?post=3201"},{"taxonomy":"product_cat","embeddable":true,"href":"https:\/\/www.cinesouk.ma\/fr\/wp-json\/wp\/v2\/product_cat?post=3201"},{"taxonomy":"product_tag","embeddable":true,"href":"https:\/\/www.cinesouk.ma\/fr\/wp-json\/wp\/v2\/product_tag?post=3201"}],"curies":[{"name":"wp","href":"https:\/\/api.w.org\/{rel}","templated":true}]}}