{"id":3231,"date":"2024-01-20T12:43:03","date_gmt":"2024-01-20T12:43:03","guid":{"rendered":"https:\/\/www.cinesouk.ma\/?post_type=product&#038;p=3231"},"modified":"2025-03-21T10:55:50","modified_gmt":"2025-03-21T10:55:50","slug":"blackmagic-design-ultrastudio-monitor-3g","status":"publish","type":"product","link":"https:\/\/www.cinesouk.ma\/fr\/produit\/blackmagic-design-ultrastudio-monitor-3g\/","title":{"rendered":"Moniteur Blackmagic UltraStudio 3G"},"content":{"rendered":"<p>Le Blackmagic Design UltraStudio Monitor 3G est un appareil polyvalent et compact con\u00e7u pour un monitoring vid\u00e9o efficace sur les plateaux de cin\u00e9ma. Gr\u00e2ce \u00e0 la connectivit\u00e9 Thunderbolt 3, ce moniteur permet une lecture vid\u00e9o de haute qualit\u00e9 sur diff\u00e9rents appareils. Prenant en charge les connexions 3G-SDI et HDMI, il assure une flexibilit\u00e9 dans la connexion \u00e0 diff\u00e9rentes sources vid\u00e9o. Le moniteur UltraStudio 3G offre un monitoring vid\u00e9o de qualit\u00e9 broadcast dans des formats allant jusqu'\u00e0 1080p. Sa conception portable et sa compatibilit\u00e9 Thunderbolt 3 en font une solution id\u00e9ale pour les cin\u00e9astes \u00e0 la recherche d'un outil fiable et efficace pour le monitoring vid\u00e9o sur leurs plateaux de cin\u00e9ma.<\/p>\n<p>Le moniteur UltraStudio de Blackmagic Design est la plus petite solution de lecture vid\u00e9o 3G-SDI et HDMI au monde pour votre ordinateur portable ou de bureau dot\u00e9 d'un port Thunderbolt 3. De plus, il prend en charge le monitoring professionnel HDMI et SDI en qualit\u00e9 broadcast 10 bits \u00e0 partir des logiciels de montage les plus courants, tels que DaVinci Resolve, Final Cut Pro, Media Composer et Adobe Premiere Pro CC, ainsi que les syst\u00e8mes de titrage et de graphisme broadcast haut de gamme.<\/p>\n<h3>Connexions<\/h3>\n<div class=\"autocolumns\">\n<article class=\"pair\">\n<h4>Sorties vid\u00e9o SDI<\/h4>\n<p>1 x commutable entre SD\/HD 10 bits<\/p>\n<\/article>\n<article class=\"pair\">\n<h4>Vitesses SDI<\/h4>\n<p>270Mb, 1.5G, 3G<\/p>\n<\/article>\n<article class=\"pair\">\n<h4>Sorties audio SDI<\/h4>\n<p>16 canaux int\u00e9gr\u00e9s en SD\/HD<\/p>\n<\/article>\n<article class=\"pair\">\n<h4>Sorties vid\u00e9o HDMI<\/h4>\n<p>1 x connecteur HDMI 2.0 type A<\/p>\n<\/article>\n<article class=\"pair\">\n<h4>Sorties audio HDMI<\/h4>\n<p>8 canaux int\u00e9gr\u00e9s en SD\/HD<\/p>\n<\/article>\n<article class=\"pair\">\n<h4>Interface pour l'ordinateur<\/h4>\n<p>Thunderbolt\u2122 3 (Mac OS, Windows et Linux)<\/p>\n<p>&nbsp;<\/p>\n<h3>Codecs pris en charge<\/h3>\n<article class=\"pair\">AVC-Intra, AVCHD, Canon XF MPEG2, Digital SLR, DV-NTSC, DV-PAL, DVCPRO50, DVCPROHD, DPX, HDV, HEVC, XDCAM EX, XDCAM HD, XDCAM HD422, DNxHR &amp; DNxHD, Apple ProRes 4444, Apple ProRes 422 HQ, Apple ProRes 422, Apple ProRes 422 LT, Apple ProRes 422 Proxy, 4 :2:2 8-bit non compress\u00e9, 4:2:2 10-bit non compress\u00e9, 4:4:4 10-bit non compress\u00e9.\u00a0<\/article>\n<article><\/article>\n<\/article>\n<\/div>\n<p>Louez-le maintenant sur <a href=\"https:\/\/www.cinesouk.ma\/fr\">CINESOUK<\/a> - une marque de <a href=\"https:\/\/www.broadway.ma\/\">BROADWAY PRODUCTIONS SARL.<\/a><\/p>","protected":false},"excerpt":{"rendered":"<p>Sp\u00e9cifications :<\/p>\n<p>Marque : Blackmagic Design<br \/>\nMod\u00e8le : Moniteur UltraStudio 3G<br \/>\nConnectivit\u00e9 : Thunderbolt 3, 3G-SDI, HDMI<br \/>\nQualit\u00e9 vid\u00e9o : Jusqu'\u00e0 1080p<br \/>\nConception : Compact et portable<br \/>\nObjet : Surveillance vid\u00e9o des salles de cin\u00e9ma<br \/>\nFabricant : Blackmagic Design<\/p>","protected":false},"featured_media":3232,"template":"","meta":{"om_disable_all_campaigns":false,"_monsterinsights_skip_tracking":false,"_monsterinsights_sitenote_active":false,"_monsterinsights_sitenote_note":"","_monsterinsights_sitenote_category":0,"_uf_show_specific_survey":0,"_uf_disable_surveys":false},"product_brand":[],"product_cat":[87,59,33],"product_tag":[],"class_list":{"0":"post-3231","1":"product","2":"type-product","3":"status-publish","4":"has-post-thumbnail","6":"product_cat-capture-and-recorders-cinesouk","7":"product_cat-post-production-cinesouk","8":"product_cat-processing-cinesouk","10":"entry","11":"has-media","13":"first","14":"instock","15":"taxable","16":"shipping-taxable","17":"purchasable","18":"product-type-variable","19":"has-product-nav","20":"col","21":"span_1_of_3","22":"owp-content-center","23":"owp-thumbs-layout-horizontal","24":"owp-btn-normal","25":"owp-tabs-layout-horizontal","26":"has-no-thumbnails"},"yoast_head":"<!-- This site is optimized with the Yoast SEO Premium plugin v26.0 (Yoast SEO v26.0) - https:\/\/yoast.com\/wordpress\/plugins\/seo\/ -->\n<title>Blackmagic UltraStudio Monitor 3G - CineSouk - Marrakech - For rent<\/title>\n<meta name=\"description\" content=\"Elevate your cinema set monitoring with Blackmagic Design UltraStudio Monitor 3G. Compact, versatile, and high-quality for efficient video playback.\" \/>\n<meta name=\"robots\" content=\"index, follow, max-snippet:-1, max-image-preview:large, max-video-preview:-1\" \/>\n<link rel=\"canonical\" href=\"https:\/\/www.cinesouk.ma\/fr\/produit\/blackmagic-design-ultrastudio-monitor-3g\/\" \/>\n<meta property=\"og:locale\" content=\"fr_FR\" \/>\n<meta property=\"og:type\" content=\"article\" \/>\n<meta property=\"og:title\" content=\"Blackmagic UltraStudio Monitor 3G\" \/>\n<meta property=\"og:description\" content=\"Elevate your cinema set monitoring with Blackmagic Design UltraStudio Monitor 3G. Compact, versatile, and high-quality for efficient video playback.\" \/>\n<meta property=\"og:url\" content=\"https:\/\/www.cinesouk.ma\/fr\/produit\/blackmagic-design-ultrastudio-monitor-3g\/\" \/>\n<meta property=\"og:site_name\" content=\"CineSouk\" \/>\n<meta property=\"article:modified_time\" content=\"2025-03-21T10:55:50+00:00\" \/>\n<meta property=\"og:image\" content=\"https:\/\/www.cinesouk.ma\/wp-content\/uploads\/2024\/01\/blackmagic-design-ultrastudio-monitor-3g.jpg\" \/>\n\t<meta property=\"og:image:width\" content=\"300\" \/>\n\t<meta property=\"og:image:height\" content=\"238\" \/>\n\t<meta property=\"og:image:type\" content=\"image\/jpeg\" \/>\n<meta name=\"twitter:card\" content=\"summary_large_image\" \/>\n<meta name=\"twitter:description\" content=\"Elevate your cinema set monitoring with Blackmagic Design UltraStudio Monitor 3G. Compact, versatile, and high-quality for efficient video playback.\" \/>\n<meta name=\"twitter:image\" content=\"https:\/\/www.cinesouk.ma\/wp-content\/uploads\/2024\/01\/blackmagic-design-ultrastudio-monitor-3g.jpg\" \/>\n<meta name=\"twitter:label1\" content=\"Dur\u00e9e de lecture estim\u00e9e\" \/>\n\t<meta name=\"twitter:data1\" content=\"2 minutes\" \/>\n<script type=\"application\/ld+json\" class=\"yoast-schema-graph\">{\"@context\":\"https:\/\/schema.org\",\"@graph\":[{\"@type\":\"WebPage\",\"@id\":\"https:\/\/www.cinesouk.ma\/product\/blackmagic-design-ultrastudio-monitor-3g\/\",\"url\":\"https:\/\/www.cinesouk.ma\/product\/blackmagic-design-ultrastudio-monitor-3g\/\",\"name\":\"Blackmagic UltraStudio Monitor 3G - CineSouk - Marrakech - For rent\",\"isPartOf\":{\"@id\":\"https:\/\/www.cinesouk.ma\/#website\"},\"primaryImageOfPage\":{\"@id\":\"https:\/\/www.cinesouk.ma\/product\/blackmagic-design-ultrastudio-monitor-3g\/#primaryimage\"},\"image\":{\"@id\":\"https:\/\/www.cinesouk.ma\/product\/blackmagic-design-ultrastudio-monitor-3g\/#primaryimage\"},\"thumbnailUrl\":\"https:\/\/www.cinesouk.ma\/wp-content\/uploads\/2024\/01\/blackmagic-design-ultrastudio-monitor-3g.jpg\",\"datePublished\":\"2024-01-20T12:43:03+00:00\",\"dateModified\":\"2025-03-21T10:55:50+00:00\",\"description\":\"Elevate your cinema set monitoring with Blackmagic Design UltraStudio Monitor 3G. Compact, versatile, and high-quality for efficient video playback.\",\"breadcrumb\":{\"@id\":\"https:\/\/www.cinesouk.ma\/product\/blackmagic-design-ultrastudio-monitor-3g\/#breadcrumb\"},\"inLanguage\":\"fr-FR\",\"potentialAction\":[{\"@type\":\"ReadAction\",\"target\":[\"https:\/\/www.cinesouk.ma\/product\/blackmagic-design-ultrastudio-monitor-3g\/\"]}]},{\"@type\":\"ImageObject\",\"inLanguage\":\"fr-FR\",\"@id\":\"https:\/\/www.cinesouk.ma\/product\/blackmagic-design-ultrastudio-monitor-3g\/#primaryimage\",\"url\":\"https:\/\/www.cinesouk.ma\/wp-content\/uploads\/2024\/01\/blackmagic-design-ultrastudio-monitor-3g.jpg\",\"contentUrl\":\"https:\/\/www.cinesouk.ma\/wp-content\/uploads\/2024\/01\/blackmagic-design-ultrastudio-monitor-3g.jpg\",\"width\":300,\"height\":238},{\"@type\":\"BreadcrumbList\",\"@id\":\"https:\/\/www.cinesouk.ma\/product\/blackmagic-design-ultrastudio-monitor-3g\/#breadcrumb\",\"itemListElement\":[{\"@type\":\"ListItem\",\"position\":1,\"name\":\"Home\",\"item\":\"https:\/\/www.cinesouk.ma\/\"},{\"@type\":\"ListItem\",\"position\":2,\"name\":\"Shop\",\"item\":\"https:\/\/www.cinesouk.ma\/shop\/\"},{\"@type\":\"ListItem\",\"position\":3,\"name\":\"Blackmagic UltraStudio Monitor 3G\"}]},{\"@type\":\"WebSite\",\"@id\":\"https:\/\/www.cinesouk.ma\/#website\",\"url\":\"https:\/\/www.cinesouk.ma\/\",\"name\":\"CineSouk\",\"description\":\"\",\"publisher\":{\"@id\":\"https:\/\/www.cinesouk.ma\/#organization\"},\"potentialAction\":[{\"@type\":\"SearchAction\",\"target\":{\"@type\":\"EntryPoint\",\"urlTemplate\":\"https:\/\/www.cinesouk.ma\/?s={search_term_string}\"},\"query-input\":{\"@type\":\"PropertyValueSpecification\",\"valueRequired\":true,\"valueName\":\"search_term_string\"}}],\"inLanguage\":\"fr-FR\"},{\"@type\":\"Organization\",\"@id\":\"https:\/\/www.cinesouk.ma\/#organization\",\"name\":\"CineSouk\",\"url\":\"https:\/\/www.cinesouk.ma\/\",\"logo\":{\"@type\":\"ImageObject\",\"inLanguage\":\"fr-FR\",\"@id\":\"https:\/\/www.cinesouk.ma\/#\/schema\/logo\/image\/\",\"url\":\"https:\/\/www.cinesouk.ma\/wp-content\/uploads\/2024\/01\/CineSouk-logo-v01-alpha-alligned-left.png\",\"contentUrl\":\"https:\/\/www.cinesouk.ma\/wp-content\/uploads\/2024\/01\/CineSouk-logo-v01-alpha-alligned-left.png\",\"width\":3204,\"height\":889,\"caption\":\"CineSouk\"},\"image\":{\"@id\":\"https:\/\/www.cinesouk.ma\/#\/schema\/logo\/image\/\"}}]}<\/script>\n<!-- \/ Yoast SEO Premium plugin. -->","yoast_head_json":{"title":"Blackmagic UltraStudio Monitor 3G - CineSouk - Marrakech - For rent","description":"Elevate your cinema set monitoring with Blackmagic Design UltraStudio Monitor 3G. Compact, versatile, and high-quality for efficient video playback.","robots":{"index":"index","follow":"follow","max-snippet":"max-snippet:-1","max-image-preview":"max-image-preview:large","max-video-preview":"max-video-preview:-1"},"canonical":"https:\/\/www.cinesouk.ma\/fr\/produit\/blackmagic-design-ultrastudio-monitor-3g\/","og_locale":"fr_FR","og_type":"article","og_title":"Blackmagic UltraStudio Monitor 3G","og_description":"Elevate your cinema set monitoring with Blackmagic Design UltraStudio Monitor 3G. Compact, versatile, and high-quality for efficient video playback.","og_url":"https:\/\/www.cinesouk.ma\/fr\/produit\/blackmagic-design-ultrastudio-monitor-3g\/","og_site_name":"CineSouk","article_modified_time":"2025-03-21T10:55:50+00:00","og_image":[{"width":300,"height":238,"url":"https:\/\/www.cinesouk.ma\/wp-content\/uploads\/2024\/01\/blackmagic-design-ultrastudio-monitor-3g.jpg","type":"image\/jpeg"}],"twitter_card":"summary_large_image","twitter_description":"Elevate your cinema set monitoring with Blackmagic Design UltraStudio Monitor 3G. Compact, versatile, and high-quality for efficient video playback.","twitter_image":"https:\/\/www.cinesouk.ma\/wp-content\/uploads\/2024\/01\/blackmagic-design-ultrastudio-monitor-3g.jpg","twitter_misc":{"Dur\u00e9e de lecture estim\u00e9e":"2 minutes"},"schema":{"@context":"https:\/\/schema.org","@graph":[{"@type":"WebPage","@id":"https:\/\/www.cinesouk.ma\/product\/blackmagic-design-ultrastudio-monitor-3g\/","url":"https:\/\/www.cinesouk.ma\/product\/blackmagic-design-ultrastudio-monitor-3g\/","name":"Blackmagic UltraStudio Monitor 3G - CineSouk - Marrakech - For rent","isPartOf":{"@id":"https:\/\/www.cinesouk.ma\/#website"},"primaryImageOfPage":{"@id":"https:\/\/www.cinesouk.ma\/product\/blackmagic-design-ultrastudio-monitor-3g\/#primaryimage"},"image":{"@id":"https:\/\/www.cinesouk.ma\/product\/blackmagic-design-ultrastudio-monitor-3g\/#primaryimage"},"thumbnailUrl":"https:\/\/www.cinesouk.ma\/wp-content\/uploads\/2024\/01\/blackmagic-design-ultrastudio-monitor-3g.jpg","datePublished":"2024-01-20T12:43:03+00:00","dateModified":"2025-03-21T10:55:50+00:00","description":"Elevate your cinema set monitoring with Blackmagic Design UltraStudio Monitor 3G. Compact, versatile, and high-quality for efficient video playback.","breadcrumb":{"@id":"https:\/\/www.cinesouk.ma\/product\/blackmagic-design-ultrastudio-monitor-3g\/#breadcrumb"},"inLanguage":"fr-FR","potentialAction":[{"@type":"ReadAction","target":["https:\/\/www.cinesouk.ma\/product\/blackmagic-design-ultrastudio-monitor-3g\/"]}]},{"@type":"ImageObject","inLanguage":"fr-FR","@id":"https:\/\/www.cinesouk.ma\/product\/blackmagic-design-ultrastudio-monitor-3g\/#primaryimage","url":"https:\/\/www.cinesouk.ma\/wp-content\/uploads\/2024\/01\/blackmagic-design-ultrastudio-monitor-3g.jpg","contentUrl":"https:\/\/www.cinesouk.ma\/wp-content\/uploads\/2024\/01\/blackmagic-design-ultrastudio-monitor-3g.jpg","width":300,"height":238},{"@type":"BreadcrumbList","@id":"https:\/\/www.cinesouk.ma\/product\/blackmagic-design-ultrastudio-monitor-3g\/#breadcrumb","itemListElement":[{"@type":"ListItem","position":1,"name":"Home","item":"https:\/\/www.cinesouk.ma\/"},{"@type":"ListItem","position":2,"name":"Shop","item":"https:\/\/www.cinesouk.ma\/shop\/"},{"@type":"ListItem","position":3,"name":"Blackmagic UltraStudio Monitor 3G"}]},{"@type":"WebSite","@id":"https:\/\/www.cinesouk.ma\/#website","url":"https:\/\/www.cinesouk.ma\/","name":"CineSouk","description":"","publisher":{"@id":"https:\/\/www.cinesouk.ma\/#organization"},"potentialAction":[{"@type":"SearchAction","target":{"@type":"EntryPoint","urlTemplate":"https:\/\/www.cinesouk.ma\/?s={search_term_string}"},"query-input":{"@type":"PropertyValueSpecification","valueRequired":true,"valueName":"search_term_string"}}],"inLanguage":"fr-FR"},{"@type":"Organization","@id":"https:\/\/www.cinesouk.ma\/#organization","name":"CineSouk","url":"https:\/\/www.cinesouk.ma\/","logo":{"@type":"ImageObject","inLanguage":"fr-FR","@id":"https:\/\/www.cinesouk.ma\/#\/schema\/logo\/image\/","url":"https:\/\/www.cinesouk.ma\/wp-content\/uploads\/2024\/01\/CineSouk-logo-v01-alpha-alligned-left.png","contentUrl":"https:\/\/www.cinesouk.ma\/wp-content\/uploads\/2024\/01\/CineSouk-logo-v01-alpha-alligned-left.png","width":3204,"height":889,"caption":"CineSouk"},"image":{"@id":"https:\/\/www.cinesouk.ma\/#\/schema\/logo\/image\/"}}]}},"_links":{"self":[{"href":"https:\/\/www.cinesouk.ma\/fr\/wp-json\/wp\/v2\/product\/3231","targetHints":{"allow":["GET"]}}],"collection":[{"href":"https:\/\/www.cinesouk.ma\/fr\/wp-json\/wp\/v2\/product"}],"about":[{"href":"https:\/\/www.cinesouk.ma\/fr\/wp-json\/wp\/v2\/types\/product"}],"wp:featuredmedia":[{"embeddable":true,"href":"https:\/\/www.cinesouk.ma\/fr\/wp-json\/wp\/v2\/media\/3232"}],"wp:attachment":[{"href":"https:\/\/www.cinesouk.ma\/fr\/wp-json\/wp\/v2\/media?parent=3231"}],"wp:term":[{"taxonomy":"product_brand","embeddable":true,"href":"https:\/\/www.cinesouk.ma\/fr\/wp-json\/wp\/v2\/product_brand?post=3231"},{"taxonomy":"product_cat","embeddable":true,"href":"https:\/\/www.cinesouk.ma\/fr\/wp-json\/wp\/v2\/product_cat?post=3231"},{"taxonomy":"product_tag","embeddable":true,"href":"https:\/\/www.cinesouk.ma\/fr\/wp-json\/wp\/v2\/product_tag?post=3231"}],"curies":[{"name":"wp","href":"https:\/\/api.w.org\/{rel}","templated":true}]}}