{"id":3233,"date":"2024-01-20T12:56:54","date_gmt":"2024-01-20T12:56:54","guid":{"rendered":"https:\/\/www.cinesouk.ma\/?post_type=product&#038;p=3233"},"modified":"2025-03-21T10:55:50","modified_gmt":"2025-03-21T10:55:50","slug":"blackmagic-design-mini-converter-sdi-to-audio","status":"publish","type":"product","link":"https:\/\/www.cinesouk.ma\/fr\/produit\/blackmagic-design-mini-converter-sdi-to-audio\/","title":{"rendered":"Mini convertisseur SDI vers audio de Blackmagic Design"},"content":{"rendered":"<p>Le Mini Converter SDI to Audio 4K de Blackmagic Design est un outil compact et essentiel pour la conversion audio. Il permet de d\u00e9sembeder 4 canaux audio analogiques ou 8 canaux audio num\u00e9riques AES\/EBU \u00e0 partir de n'importe quelle connexion vid\u00e9o SDI. La possibilit\u00e9 de convertir les signaux vid\u00e9o SDI en sorties audio s\u00e9par\u00e9es garantit une int\u00e9gration transparente des composants audio dans votre flux de production. Ce mini-convertisseur SDI vers audio est con\u00e7u pour des performances de niveau professionnel. Il permet une extraction audio fiable et de haute qualit\u00e9 \u00e0 partir des flux vid\u00e9o SDI. Sa conception compacte et durable facilite son int\u00e9gration dans diff\u00e9rentes configurations, offrant aux cin\u00e9astes une solution polyvalente pour g\u00e9rer les exigences en mati\u00e8re de signaux audio sur leurs plateaux de cin\u00e9ma.<\/p>\n<p>Les mini-convertisseurs Blackmagic sont les convertisseurs les plus avanc\u00e9s au monde car ils int\u00e8grent les derni\u00e8res technologies. <span class=\"nb\">6G-SDI <\/span>Ils d\u00e9tectent automatiquement le format vid\u00e9o d'entr\u00e9e. Ils d\u00e9tectent automatiquement le format vid\u00e9o d'entr\u00e9e et passent instantan\u00e9ment d'une norme vid\u00e9o SD, HD et Ultra HD \u00e0 une autre, jusqu'\u00e0 2160p30. Le Mini Converter SDI to Audio de Blackmagic Design est le moyen id\u00e9al pour d\u00e9sencoder l'audio de n'importe quelle source SDI aux formats SD et HD jusqu'\u00e0 1080p60.<\/p>\n<article class=\"pair\">\n<h3><strong>CARACT\u00c9RISTIQUES PRINCIPALES<\/strong><\/h3>\n<h4><strong>Entr\u00e9es vid\u00e9o SDI<\/strong><\/h4>\n<ul>\n<li>1 x SD, HD ou 3G-SDI. 1 x entr\u00e9e ALT SDI pour\u00a0<span class=\"nb-md-up\">commutation automatique en cas de d\u00e9faillance de l'entr\u00e9e principale.<\/span><\/li>\n<\/ul>\n<\/article>\n<article class=\"pair\">\n<h4><strong>Sorties vid\u00e9o SDI<\/strong><\/h4>\n<ul>\n<li>1 x sortie boucle SDI.<\/li>\n<\/ul>\n<\/article>\n<article class=\"pair\">\n<h4><strong>Sorties audio analogiques<\/strong><\/h4>\n<ul>\n<li>4 canaux audio analogiques sym\u00e9triques professionnels.<\/li>\n<\/ul>\n<\/article>\n<article class=\"pair\">\n<h4><strong>Sorties audio num\u00e9riques<\/strong><\/h4>\n<ul>\n<li>8 canaux audio professionnels sym\u00e9triques AES\/EBU.<\/li>\n<\/ul>\n<\/article>\n<article class=\"pair\">\n<h4><strong>Entr\u00e9es redondantes SDI<\/strong><\/h4>\n<ul>\n<li>Bascule automatiquement en cas de perte de l'entr\u00e9e SDI principale.<\/li>\n<\/ul>\n<\/article>\n<article class=\"pair\">\n<h4><strong>Support multi-taux<\/strong><\/h4>\n<ul>\n<li>D\u00e9tection automatique de SD, HD ou 3G-SDI.<\/li>\n<\/ul>\n<\/article>\n<article class=\"pair\">\n<h4><strong>Mises \u00e0 jour et configuration<\/strong><\/h4>\n<ul>\n<li>Via USB 2.0 haute vitesse. (480 Mb\/s)<\/li>\n<\/ul>\n<\/article>\n<article class=\"pair\">\n<h4><strong>Reclockage<\/strong><\/h4>\n<ul>\n<li>Oui<\/li>\n<\/ul>\n<\/article>\n<p>Louez notre Blackmagic Design Mini Converter d\u00e8s maintenant sur <a href=\"https:\/\/www.cinesouk.ma\/fr\">CINESOUK<\/a> - une marque de <a href=\"https:\/\/www.broadway.ma\/\">BROADWAY PRODUCTIONS SARL.\u00a0<\/a><\/p>","protected":false},"excerpt":{"rendered":"<p>Sp\u00e9cifications :<\/p>\n<p>Marque : Blackmagic Design<br \/>\nMod\u00e8le : Mini convertisseur SDI vers audio<br \/>\nConversion : SDI vers sorties audio s\u00e9par\u00e9es<br \/>\nConception : Compact et durable<br \/>\nObjet : Extraction de signaux audio pour les salles de cin\u00e9ma<br \/>\nFabricant : Blackmagic Design<\/p>","protected":false},"featured_media":3237,"template":"","meta":{"om_disable_all_campaigns":false,"_monsterinsights_skip_tracking":false,"_monsterinsights_sitenote_active":false,"_monsterinsights_sitenote_note":"","_monsterinsights_sitenote_category":0,"_uf_show_specific_survey":0,"_uf_disable_surveys":false},"product_brand":[],"product_cat":[87,33],"product_tag":[],"class_list":{"0":"post-3233","1":"product","2":"type-product","3":"status-publish","4":"has-post-thumbnail","6":"product_cat-capture-and-recorders-cinesouk","7":"product_cat-processing-cinesouk","9":"entry","10":"has-media","12":"first","13":"instock","14":"taxable","15":"shipping-taxable","16":"purchasable","17":"product-type-variable","18":"has-product-nav","19":"col","20":"span_1_of_3","21":"owp-content-center","22":"owp-thumbs-layout-horizontal","23":"owp-btn-normal","24":"owp-tabs-layout-horizontal","25":"has-no-thumbnails"},"yoast_head":"<!-- This site is optimized with the Yoast SEO Premium plugin v26.0 (Yoast SEO v26.0) - https:\/\/yoast.com\/wordpress\/plugins\/seo\/ -->\n<title>Blackmagic Design Mini Converter SDI to Audio - CineSouk - Marrakech - For rent<\/title>\n<meta name=\"description\" content=\"Optimize audio signal extraction with Blackmagic Design Mini Converter SDI to Audio 4K. Professional-grade for seamless audio integration.\" \/>\n<meta name=\"robots\" content=\"index, follow, max-snippet:-1, max-image-preview:large, max-video-preview:-1\" \/>\n<link rel=\"canonical\" href=\"https:\/\/www.cinesouk.ma\/fr\/produit\/blackmagic-design-mini-converter-sdi-to-audio\/\" \/>\n<meta property=\"og:locale\" content=\"fr_FR\" \/>\n<meta property=\"og:type\" content=\"article\" \/>\n<meta property=\"og:title\" content=\"Blackmagic Design Mini Converter SDI to Audio\" \/>\n<meta property=\"og:description\" content=\"Optimize audio signal extraction with Blackmagic Design Mini Converter SDI to Audio 4K. Professional-grade for seamless audio integration.\" \/>\n<meta property=\"og:url\" content=\"https:\/\/www.cinesouk.ma\/fr\/produit\/blackmagic-design-mini-converter-sdi-to-audio\/\" \/>\n<meta property=\"og:site_name\" content=\"CineSouk\" \/>\n<meta property=\"article:modified_time\" content=\"2025-03-21T10:55:50+00:00\" \/>\n<meta property=\"og:image\" content=\"https:\/\/www.cinesouk.ma\/wp-content\/uploads\/2024\/01\/blackmagic-design-Mini-ConverterSDI-to-audio.jpg\" \/>\n\t<meta property=\"og:image:width\" content=\"300\" \/>\n\t<meta property=\"og:image:height\" content=\"238\" \/>\n\t<meta property=\"og:image:type\" content=\"image\/jpeg\" \/>\n<meta name=\"twitter:card\" content=\"summary_large_image\" \/>\n<meta name=\"twitter:description\" content=\"Optimize audio signal extraction with Blackmagic Design Mini Converter SDI to Audio 4K. Professional-grade for seamless audio integration.\" \/>\n<meta name=\"twitter:image\" content=\"https:\/\/www.cinesouk.ma\/wp-content\/uploads\/2024\/01\/blackmagic-design-Mini-ConverterSDI-to-audio.jpg\" \/>\n<meta name=\"twitter:label1\" content=\"Dur\u00e9e de lecture estim\u00e9e\" \/>\n\t<meta name=\"twitter:data1\" content=\"2 minutes\" \/>\n<script type=\"application\/ld+json\" class=\"yoast-schema-graph\">{\"@context\":\"https:\/\/schema.org\",\"@graph\":[{\"@type\":\"WebPage\",\"@id\":\"https:\/\/www.cinesouk.ma\/product\/blackmagic-design-mini-converter-sdi-to-audio\/\",\"url\":\"https:\/\/www.cinesouk.ma\/product\/blackmagic-design-mini-converter-sdi-to-audio\/\",\"name\":\"Blackmagic Design Mini Converter SDI to Audio - CineSouk - Marrakech - For rent\",\"isPartOf\":{\"@id\":\"https:\/\/www.cinesouk.ma\/#website\"},\"primaryImageOfPage\":{\"@id\":\"https:\/\/www.cinesouk.ma\/product\/blackmagic-design-mini-converter-sdi-to-audio\/#primaryimage\"},\"image\":{\"@id\":\"https:\/\/www.cinesouk.ma\/product\/blackmagic-design-mini-converter-sdi-to-audio\/#primaryimage\"},\"thumbnailUrl\":\"https:\/\/www.cinesouk.ma\/wp-content\/uploads\/2024\/01\/blackmagic-design-Mini-ConverterSDI-to-audio.jpg\",\"datePublished\":\"2024-01-20T12:56:54+00:00\",\"dateModified\":\"2025-03-21T10:55:50+00:00\",\"description\":\"Optimize audio signal extraction with Blackmagic Design Mini Converter SDI to Audio 4K. Professional-grade for seamless audio integration.\",\"breadcrumb\":{\"@id\":\"https:\/\/www.cinesouk.ma\/product\/blackmagic-design-mini-converter-sdi-to-audio\/#breadcrumb\"},\"inLanguage\":\"fr-FR\",\"potentialAction\":[{\"@type\":\"ReadAction\",\"target\":[\"https:\/\/www.cinesouk.ma\/product\/blackmagic-design-mini-converter-sdi-to-audio\/\"]}]},{\"@type\":\"ImageObject\",\"inLanguage\":\"fr-FR\",\"@id\":\"https:\/\/www.cinesouk.ma\/product\/blackmagic-design-mini-converter-sdi-to-audio\/#primaryimage\",\"url\":\"https:\/\/www.cinesouk.ma\/wp-content\/uploads\/2024\/01\/blackmagic-design-Mini-ConverterSDI-to-audio.jpg\",\"contentUrl\":\"https:\/\/www.cinesouk.ma\/wp-content\/uploads\/2024\/01\/blackmagic-design-Mini-ConverterSDI-to-audio.jpg\",\"width\":300,\"height\":238},{\"@type\":\"BreadcrumbList\",\"@id\":\"https:\/\/www.cinesouk.ma\/product\/blackmagic-design-mini-converter-sdi-to-audio\/#breadcrumb\",\"itemListElement\":[{\"@type\":\"ListItem\",\"position\":1,\"name\":\"Home\",\"item\":\"https:\/\/www.cinesouk.ma\/\"},{\"@type\":\"ListItem\",\"position\":2,\"name\":\"Shop\",\"item\":\"https:\/\/www.cinesouk.ma\/shop\/\"},{\"@type\":\"ListItem\",\"position\":3,\"name\":\"Blackmagic Design Mini Converter SDI to Audio\"}]},{\"@type\":\"WebSite\",\"@id\":\"https:\/\/www.cinesouk.ma\/#website\",\"url\":\"https:\/\/www.cinesouk.ma\/\",\"name\":\"CineSouk\",\"description\":\"\",\"publisher\":{\"@id\":\"https:\/\/www.cinesouk.ma\/#organization\"},\"potentialAction\":[{\"@type\":\"SearchAction\",\"target\":{\"@type\":\"EntryPoint\",\"urlTemplate\":\"https:\/\/www.cinesouk.ma\/?s={search_term_string}\"},\"query-input\":{\"@type\":\"PropertyValueSpecification\",\"valueRequired\":true,\"valueName\":\"search_term_string\"}}],\"inLanguage\":\"fr-FR\"},{\"@type\":\"Organization\",\"@id\":\"https:\/\/www.cinesouk.ma\/#organization\",\"name\":\"CineSouk\",\"url\":\"https:\/\/www.cinesouk.ma\/\",\"logo\":{\"@type\":\"ImageObject\",\"inLanguage\":\"fr-FR\",\"@id\":\"https:\/\/www.cinesouk.ma\/#\/schema\/logo\/image\/\",\"url\":\"https:\/\/www.cinesouk.ma\/wp-content\/uploads\/2024\/01\/CineSouk-logo-v01-alpha-alligned-left.png\",\"contentUrl\":\"https:\/\/www.cinesouk.ma\/wp-content\/uploads\/2024\/01\/CineSouk-logo-v01-alpha-alligned-left.png\",\"width\":3204,\"height\":889,\"caption\":\"CineSouk\"},\"image\":{\"@id\":\"https:\/\/www.cinesouk.ma\/#\/schema\/logo\/image\/\"}}]}<\/script>\n<!-- \/ Yoast SEO Premium plugin. -->","yoast_head_json":{"title":"Blackmagic Design Mini Converter SDI to Audio - CineSouk - Marrakech - For rent","description":"Optimize audio signal extraction with Blackmagic Design Mini Converter SDI to Audio 4K. Professional-grade for seamless audio integration.","robots":{"index":"index","follow":"follow","max-snippet":"max-snippet:-1","max-image-preview":"max-image-preview:large","max-video-preview":"max-video-preview:-1"},"canonical":"https:\/\/www.cinesouk.ma\/fr\/produit\/blackmagic-design-mini-converter-sdi-to-audio\/","og_locale":"fr_FR","og_type":"article","og_title":"Blackmagic Design Mini Converter SDI to Audio","og_description":"Optimize audio signal extraction with Blackmagic Design Mini Converter SDI to Audio 4K. Professional-grade for seamless audio integration.","og_url":"https:\/\/www.cinesouk.ma\/fr\/produit\/blackmagic-design-mini-converter-sdi-to-audio\/","og_site_name":"CineSouk","article_modified_time":"2025-03-21T10:55:50+00:00","og_image":[{"width":300,"height":238,"url":"https:\/\/www.cinesouk.ma\/wp-content\/uploads\/2024\/01\/blackmagic-design-Mini-ConverterSDI-to-audio.jpg","type":"image\/jpeg"}],"twitter_card":"summary_large_image","twitter_description":"Optimize audio signal extraction with Blackmagic Design Mini Converter SDI to Audio 4K. Professional-grade for seamless audio integration.","twitter_image":"https:\/\/www.cinesouk.ma\/wp-content\/uploads\/2024\/01\/blackmagic-design-Mini-ConverterSDI-to-audio.jpg","twitter_misc":{"Dur\u00e9e de lecture estim\u00e9e":"2 minutes"},"schema":{"@context":"https:\/\/schema.org","@graph":[{"@type":"WebPage","@id":"https:\/\/www.cinesouk.ma\/product\/blackmagic-design-mini-converter-sdi-to-audio\/","url":"https:\/\/www.cinesouk.ma\/product\/blackmagic-design-mini-converter-sdi-to-audio\/","name":"Blackmagic Design Mini Converter SDI to Audio - CineSouk - Marrakech - For rent","isPartOf":{"@id":"https:\/\/www.cinesouk.ma\/#website"},"primaryImageOfPage":{"@id":"https:\/\/www.cinesouk.ma\/product\/blackmagic-design-mini-converter-sdi-to-audio\/#primaryimage"},"image":{"@id":"https:\/\/www.cinesouk.ma\/product\/blackmagic-design-mini-converter-sdi-to-audio\/#primaryimage"},"thumbnailUrl":"https:\/\/www.cinesouk.ma\/wp-content\/uploads\/2024\/01\/blackmagic-design-Mini-ConverterSDI-to-audio.jpg","datePublished":"2024-01-20T12:56:54+00:00","dateModified":"2025-03-21T10:55:50+00:00","description":"Optimize audio signal extraction with Blackmagic Design Mini Converter SDI to Audio 4K. Professional-grade for seamless audio integration.","breadcrumb":{"@id":"https:\/\/www.cinesouk.ma\/product\/blackmagic-design-mini-converter-sdi-to-audio\/#breadcrumb"},"inLanguage":"fr-FR","potentialAction":[{"@type":"ReadAction","target":["https:\/\/www.cinesouk.ma\/product\/blackmagic-design-mini-converter-sdi-to-audio\/"]}]},{"@type":"ImageObject","inLanguage":"fr-FR","@id":"https:\/\/www.cinesouk.ma\/product\/blackmagic-design-mini-converter-sdi-to-audio\/#primaryimage","url":"https:\/\/www.cinesouk.ma\/wp-content\/uploads\/2024\/01\/blackmagic-design-Mini-ConverterSDI-to-audio.jpg","contentUrl":"https:\/\/www.cinesouk.ma\/wp-content\/uploads\/2024\/01\/blackmagic-design-Mini-ConverterSDI-to-audio.jpg","width":300,"height":238},{"@type":"BreadcrumbList","@id":"https:\/\/www.cinesouk.ma\/product\/blackmagic-design-mini-converter-sdi-to-audio\/#breadcrumb","itemListElement":[{"@type":"ListItem","position":1,"name":"Home","item":"https:\/\/www.cinesouk.ma\/"},{"@type":"ListItem","position":2,"name":"Shop","item":"https:\/\/www.cinesouk.ma\/shop\/"},{"@type":"ListItem","position":3,"name":"Blackmagic Design Mini Converter SDI to Audio"}]},{"@type":"WebSite","@id":"https:\/\/www.cinesouk.ma\/#website","url":"https:\/\/www.cinesouk.ma\/","name":"CineSouk","description":"","publisher":{"@id":"https:\/\/www.cinesouk.ma\/#organization"},"potentialAction":[{"@type":"SearchAction","target":{"@type":"EntryPoint","urlTemplate":"https:\/\/www.cinesouk.ma\/?s={search_term_string}"},"query-input":{"@type":"PropertyValueSpecification","valueRequired":true,"valueName":"search_term_string"}}],"inLanguage":"fr-FR"},{"@type":"Organization","@id":"https:\/\/www.cinesouk.ma\/#organization","name":"CineSouk","url":"https:\/\/www.cinesouk.ma\/","logo":{"@type":"ImageObject","inLanguage":"fr-FR","@id":"https:\/\/www.cinesouk.ma\/#\/schema\/logo\/image\/","url":"https:\/\/www.cinesouk.ma\/wp-content\/uploads\/2024\/01\/CineSouk-logo-v01-alpha-alligned-left.png","contentUrl":"https:\/\/www.cinesouk.ma\/wp-content\/uploads\/2024\/01\/CineSouk-logo-v01-alpha-alligned-left.png","width":3204,"height":889,"caption":"CineSouk"},"image":{"@id":"https:\/\/www.cinesouk.ma\/#\/schema\/logo\/image\/"}}]}},"_links":{"self":[{"href":"https:\/\/www.cinesouk.ma\/fr\/wp-json\/wp\/v2\/product\/3233","targetHints":{"allow":["GET"]}}],"collection":[{"href":"https:\/\/www.cinesouk.ma\/fr\/wp-json\/wp\/v2\/product"}],"about":[{"href":"https:\/\/www.cinesouk.ma\/fr\/wp-json\/wp\/v2\/types\/product"}],"wp:featuredmedia":[{"embeddable":true,"href":"https:\/\/www.cinesouk.ma\/fr\/wp-json\/wp\/v2\/media\/3237"}],"wp:attachment":[{"href":"https:\/\/www.cinesouk.ma\/fr\/wp-json\/wp\/v2\/media?parent=3233"}],"wp:term":[{"taxonomy":"product_brand","embeddable":true,"href":"https:\/\/www.cinesouk.ma\/fr\/wp-json\/wp\/v2\/product_brand?post=3233"},{"taxonomy":"product_cat","embeddable":true,"href":"https:\/\/www.cinesouk.ma\/fr\/wp-json\/wp\/v2\/product_cat?post=3233"},{"taxonomy":"product_tag","embeddable":true,"href":"https:\/\/www.cinesouk.ma\/fr\/wp-json\/wp\/v2\/product_tag?post=3233"}],"curies":[{"name":"wp","href":"https:\/\/api.w.org\/{rel}","templated":true}]}}