{"id":3292,"date":"2024-01-22T09:14:57","date_gmt":"2024-01-22T09:14:57","guid":{"rendered":"https:\/\/www.cinesouk.ma\/?post_type=product&#038;p=3292"},"modified":"2025-08-26T14:56:44","modified_gmt":"2025-08-26T14:56:44","slug":"sennheiser-skp-500-g4-aw-plugon-transmitter","status":"publish","type":"product","link":"https:\/\/www.cinesouk.ma\/fr\/produit\/sennheiser-skp-500-g4-aw-plugon-transmitter\/","title":{"rendered":"Sennheiser SKP 500 G4 AW+ \u00c9metteur Plugon"},"content":{"rendered":"<p>L'\u00e9metteur enfichable Sennheiser SKP 500 G4 AW+ est un puissant \u00e9metteur enfichable noir dot\u00e9 d'une alimentation fant\u00f4me, d'une bande passante et d'une puissance de transmission accrues pour les syst\u00e8mes sans fil evolution de la s\u00e9rie G4 500P. Pour les productions cin\u00e9matographiques professionnelles.<\/p>\n<h4>Caract\u00e9ristiques principales :<\/h4>\n<ul>\n<li>Un son professionnel et une excellente qualit\u00e9 de construction<\/li>\n<li>Facilit\u00e9 d'utilisation et rapidit\u00e9 d'installation<\/li>\n<li>Synchronisation sans fil simple et flexible entre l'\u00e9metteur et le r\u00e9cepteur par infrarouge<\/li>\n<li>Largeur de bande jusqu'\u00e0 88 MHz, jusqu'\u00e0 32 canaux<\/li>\n<li>Port\u00e9e : jusqu'\u00e0 100 m\u00e8tres \/ 330 pieds<\/li>\n<li>Puissance de sortie RF accrue (10\/30\/50 mW)<\/li>\n<li>Jusqu'\u00e0 8 heures d'autonomie<\/li>\n<li>Avec alimentation fant\u00f4me 48 V<\/li>\n<\/ul>\n<div class=\"HeadlineBlock_headline-block__YuBaM TechSpecsBlock_tech-specs-block-headline-block__hsxXW\">\n<h2 class=\"Headline_headline__KVDfi HeadlineBlock_headline-block-headline__Dt1Ak\">Sp\u00e9cifications sup\u00e9rieures<\/h2>\n<\/div>\n<ul class=\"TechSpecsBlock_tech-specs-block-list__ufgtD\">\n<li class=\"TechSpecsBlock_tech-specs-block-list-item__pudT2\"><span class=\"TechSpecsBlock_tech-specs-block-list-item-label__0dWo0\">Dimensions :\u00a0<\/span><span class=\"TechSpecsBlock_tech-specs-block-list-item-value__UGUmu\">Environ 105 x 43 x 43 mm<\/span><\/li>\n<li class=\"TechSpecsBlock_tech-specs-block-list-item__pudT2\"><span class=\"TechSpecsBlock_tech-specs-block-list-item-label__0dWo0\">Poids (g) :\u00a0<\/span><span class=\"TechSpecsBlock_tech-specs-block-list-item-value__UGUmu\">(piles incluses) environ 195 g<\/span><\/li>\n<li class=\"TechSpecsBlock_tech-specs-block-list-item__pudT2\"><span class=\"TechSpecsBlock_tech-specs-block-list-item-label__0dWo0\">Imp\u00e9dance d'entr\u00e9e :\u00a0<\/span><span class=\"TechSpecsBlock_tech-specs-block-list-item-value__UGUmu\">68 k\u03a9, non \u00e9quilibr\u00e9<\/span><\/li>\n<li class=\"TechSpecsBlock_tech-specs-block-list-item__pudT2\"><span class=\"TechSpecsBlock_tech-specs-block-list-item-label__0dWo0\">Rapport signal\/bruit :\u00a0<\/span><span class=\"TechSpecsBlock_tech-specs-block-list-item-value__UGUmu\">\u2265 120 dBA<\/span><\/li>\n<\/ul>\n<ul>\n<li>Dimensions : environ 105 x 43 x 43 mm : Environ 105 x 43 x 43 mm<\/li>\n<li>Compander : Sennheiser HDX<\/li>\n<li>THD, distorsion harmonique totale : \u2264 0,9 %<\/li>\n<li>Poids : (piles incluses) environ 195 g<\/li>\n<li>Rapport signal\/bruit : \u2265 120 dBA<\/li>\n<li>Puissance de sortie RF : commutable : Faible : typ. 10 mW, Standard : typ. 30 mW, Haute : typ. 50 mW<\/li>\n<li>Largeur de bande de commutation : jusqu'\u00e0 88 MHz<\/li>\n<li>\u00c9cart de cr\u00eate : \u00b148 kHz<\/li>\n<li>D\u00e9viation nominale : \u00b124 kHz<\/li>\n<li>Dur\u00e9e de fonctionnement : Typiquement 8 heures<\/li>\n<li>Modulation : FM \u00e0 large bande<\/li>\n<li>Alimentation \u00e9lectrique : 2 piles AA, 1,5 V ou BA 2015 accupack<\/li>\n<li>Consommation de courant :\n<ul>\n<li>\u00e0 la tension nominale : typ. 210 mA<\/li>\n<li>avec \u00e9metteur \u00e9teint : \u2264 25 \u03bcA<\/li>\n<\/ul>\n<\/li>\n<li>Imp\u00e9dance d'entr\u00e9e : 68 k\u03a9, asym\u00e9trique<\/li>\n<li>Max. Tension d'entr\u00e9e:6 Veff<\/li>\n<li>Alimentation : Batterie de 3 V \/ batterie rechargeable de 2,4 V<\/li>\n<li>Fr\u00e9quence de transmission : Max. 3520 fr\u00e9quences, r\u00e9glables par pas de 25 kHz 20 banques de fr\u00e9quences, chacune avec jusqu'\u00e0 32 canaux pr\u00e9r\u00e9gl\u00e9s en usine, pas d'intermodulation 6 banques de fr\u00e9quences avec jusqu'\u00e0 32 canaux programmables<\/li>\n<li>R\u00e9ponse en fr\u00e9quence AF : 80 - 18 000 Hz<\/li>\n<li>Plage de temp\u00e9rature : -10 \u00b0C \u00e0 +55 \u00b0C<\/li>\n<\/ul>\n<p>Louez le Sennheiser SKP 500 G4 AW+ Plugon Transmitter maintenant sur <a href=\"https:\/\/www.cinesouk.ma\/fr\">CINESOUK<\/a> - une marque de <a href=\"https:\/\/www.broadway.ma\/\">BROADWAY PRODUCTIONS SARL.<\/a><\/p>","protected":false},"excerpt":{"rendered":"<p>Sp\u00e9cifications :<\/p>\n<p>Marque : Sennheiser<br \/>\nMod\u00e8le : SKP 500 G4 AW+<br \/>\nGamme de fr\u00e9quences : 470 - 558 MHz<br \/>\nAlimentation fant\u00f4me : 48V<br \/>\nAlimentation : 2 piles AA<br \/>\nPoids : 195g<\/p>","protected":false},"featured_media":3299,"template":"","meta":{"om_disable_all_campaigns":false,"_monsterinsights_skip_tracking":false,"_monsterinsights_sitenote_active":false,"_monsterinsights_sitenote_note":"","_monsterinsights_sitenote_category":0,"_uf_show_specific_survey":0,"_uf_disable_surveys":false},"product_brand":[],"product_cat":[83,86,35],"product_tag":[],"class_list":{"0":"post-3292","1":"product","2":"type-product","3":"status-publish","4":"has-post-thumbnail","6":"product_cat-efp-eng-cinesouk","7":"product_cat-foh-cinesouk","8":"product_cat-sound-cinesouk","10":"entry","11":"has-media","13":"first","14":"instock","15":"taxable","16":"shipping-taxable","17":"purchasable","18":"product-type-variable","19":"has-product-nav","20":"col","21":"span_1_of_3","22":"owp-content-center","23":"owp-thumbs-layout-horizontal","24":"owp-btn-normal","25":"owp-tabs-layout-horizontal","26":"has-no-thumbnails"},"yoast_head":"<!-- This site is optimized with the Yoast SEO Premium plugin v26.0 (Yoast SEO v26.0) - https:\/\/yoast.com\/wordpress\/plugins\/seo\/ -->\n<title>Sennheiser SKP 500 G4 AW+ Plugon Transmitter - CineSouk - For rent<\/title>\n<meta name=\"description\" content=\"Sennheiser SKP 500 G4 AW+ Plugon Transmitter is a powerful black plug-on transmitter with increased bandwidth and transmission power.- Site title.\" \/>\n<meta name=\"robots\" content=\"index, follow, max-snippet:-1, max-image-preview:large, max-video-preview:-1\" \/>\n<link rel=\"canonical\" href=\"https:\/\/www.cinesouk.ma\/fr\/produit\/sennheiser-skp-500-g4-aw-plugon-transmitter\/\" \/>\n<meta property=\"og:locale\" content=\"fr_FR\" \/>\n<meta property=\"og:type\" content=\"article\" \/>\n<meta property=\"og:title\" content=\"Sennheiser SKP 500 G4 AW+ Plugon Transmitter\" \/>\n<meta property=\"og:description\" content=\"Sennheiser SKP 500 G4 AW+ Plugon Transmitter is a powerful black plug-on transmitter with increased bandwidth and transmission power.- Site title.\" \/>\n<meta property=\"og:url\" content=\"https:\/\/www.cinesouk.ma\/fr\/produit\/sennheiser-skp-500-g4-aw-plugon-transmitter\/\" \/>\n<meta property=\"og:site_name\" content=\"CineSouk\" \/>\n<meta property=\"article:modified_time\" content=\"2025-08-26T14:56:44+00:00\" \/>\n<meta property=\"og:image\" content=\"https:\/\/www.cinesouk.ma\/wp-content\/uploads\/2024\/01\/Sennheiser-SKP-500-G4-AW-plugon-transmitter-48V-phantom-power-option.jpg\" \/>\n\t<meta property=\"og:image:width\" content=\"300\" \/>\n\t<meta property=\"og:image:height\" content=\"238\" \/>\n\t<meta property=\"og:image:type\" content=\"image\/jpeg\" \/>\n<meta name=\"twitter:card\" content=\"summary_large_image\" \/>\n<meta name=\"twitter:description\" content=\"Sennheiser SKP 500 G4 AW+ Plugon Transmitter is a powerful black plug-on transmitter with increased bandwidth and transmission power.- Site title.\" \/>\n<meta name=\"twitter:label1\" content=\"Dur\u00e9e de lecture estim\u00e9e\" \/>\n\t<meta name=\"twitter:data1\" content=\"2 minutes\" \/>\n<script type=\"application\/ld+json\" class=\"yoast-schema-graph\">{\"@context\":\"https:\/\/schema.org\",\"@graph\":[{\"@type\":\"WebPage\",\"@id\":\"https:\/\/www.cinesouk.ma\/product\/sennheiser-skp-500-g4-aw-plugon-transmitter\/\",\"url\":\"https:\/\/www.cinesouk.ma\/product\/sennheiser-skp-500-g4-aw-plugon-transmitter\/\",\"name\":\"Sennheiser SKP 500 G4 AW+ Plugon Transmitter - CineSouk - For rent\",\"isPartOf\":{\"@id\":\"https:\/\/www.cinesouk.ma\/#website\"},\"primaryImageOfPage\":{\"@id\":\"https:\/\/www.cinesouk.ma\/product\/sennheiser-skp-500-g4-aw-plugon-transmitter\/#primaryimage\"},\"image\":{\"@id\":\"https:\/\/www.cinesouk.ma\/product\/sennheiser-skp-500-g4-aw-plugon-transmitter\/#primaryimage\"},\"thumbnailUrl\":\"https:\/\/www.cinesouk.ma\/wp-content\/uploads\/2024\/01\/Sennheiser-SKP-500-G4-AW-plugon-transmitter-48V-phantom-power-option.jpg\",\"datePublished\":\"2024-01-22T09:14:57+00:00\",\"dateModified\":\"2025-08-26T14:56:44+00:00\",\"description\":\"Sennheiser SKP 500 G4 AW+ Plugon Transmitter is a powerful black plug-on transmitter with increased bandwidth and transmission power.- Site title.\",\"breadcrumb\":{\"@id\":\"https:\/\/www.cinesouk.ma\/product\/sennheiser-skp-500-g4-aw-plugon-transmitter\/#breadcrumb\"},\"inLanguage\":\"fr-FR\",\"potentialAction\":[{\"@type\":\"ReadAction\",\"target\":[\"https:\/\/www.cinesouk.ma\/product\/sennheiser-skp-500-g4-aw-plugon-transmitter\/\"]}]},{\"@type\":\"ImageObject\",\"inLanguage\":\"fr-FR\",\"@id\":\"https:\/\/www.cinesouk.ma\/product\/sennheiser-skp-500-g4-aw-plugon-transmitter\/#primaryimage\",\"url\":\"https:\/\/www.cinesouk.ma\/wp-content\/uploads\/2024\/01\/Sennheiser-SKP-500-G4-AW-plugon-transmitter-48V-phantom-power-option.jpg\",\"contentUrl\":\"https:\/\/www.cinesouk.ma\/wp-content\/uploads\/2024\/01\/Sennheiser-SKP-500-G4-AW-plugon-transmitter-48V-phantom-power-option.jpg\",\"width\":300,\"height\":238},{\"@type\":\"BreadcrumbList\",\"@id\":\"https:\/\/www.cinesouk.ma\/product\/sennheiser-skp-500-g4-aw-plugon-transmitter\/#breadcrumb\",\"itemListElement\":[{\"@type\":\"ListItem\",\"position\":1,\"name\":\"Home\",\"item\":\"https:\/\/www.cinesouk.ma\/\"},{\"@type\":\"ListItem\",\"position\":2,\"name\":\"Shop\",\"item\":\"https:\/\/www.cinesouk.ma\/shop\/\"},{\"@type\":\"ListItem\",\"position\":3,\"name\":\"Sennheiser SKP 500 G4 AW+ Plugon Transmitter\"}]},{\"@type\":\"WebSite\",\"@id\":\"https:\/\/www.cinesouk.ma\/#website\",\"url\":\"https:\/\/www.cinesouk.ma\/\",\"name\":\"CineSouk\",\"description\":\"\",\"publisher\":{\"@id\":\"https:\/\/www.cinesouk.ma\/#organization\"},\"potentialAction\":[{\"@type\":\"SearchAction\",\"target\":{\"@type\":\"EntryPoint\",\"urlTemplate\":\"https:\/\/www.cinesouk.ma\/?s={search_term_string}\"},\"query-input\":{\"@type\":\"PropertyValueSpecification\",\"valueRequired\":true,\"valueName\":\"search_term_string\"}}],\"inLanguage\":\"fr-FR\"},{\"@type\":\"Organization\",\"@id\":\"https:\/\/www.cinesouk.ma\/#organization\",\"name\":\"CineSouk\",\"url\":\"https:\/\/www.cinesouk.ma\/\",\"logo\":{\"@type\":\"ImageObject\",\"inLanguage\":\"fr-FR\",\"@id\":\"https:\/\/www.cinesouk.ma\/#\/schema\/logo\/image\/\",\"url\":\"https:\/\/www.cinesouk.ma\/wp-content\/uploads\/2024\/01\/CineSouk-logo-v01-alpha-alligned-left.png\",\"contentUrl\":\"https:\/\/www.cinesouk.ma\/wp-content\/uploads\/2024\/01\/CineSouk-logo-v01-alpha-alligned-left.png\",\"width\":3204,\"height\":889,\"caption\":\"CineSouk\"},\"image\":{\"@id\":\"https:\/\/www.cinesouk.ma\/#\/schema\/logo\/image\/\"}}]}<\/script>\n<!-- \/ Yoast SEO Premium plugin. -->","yoast_head_json":{"title":"Sennheiser SKP 500 G4 AW+ Plugon Transmitter - CineSouk - For rent","description":"Sennheiser SKP 500 G4 AW+ Plugon Transmitter is a powerful black plug-on transmitter with increased bandwidth and transmission power.- Site title.","robots":{"index":"index","follow":"follow","max-snippet":"max-snippet:-1","max-image-preview":"max-image-preview:large","max-video-preview":"max-video-preview:-1"},"canonical":"https:\/\/www.cinesouk.ma\/fr\/produit\/sennheiser-skp-500-g4-aw-plugon-transmitter\/","og_locale":"fr_FR","og_type":"article","og_title":"Sennheiser SKP 500 G4 AW+ Plugon Transmitter","og_description":"Sennheiser SKP 500 G4 AW+ Plugon Transmitter is a powerful black plug-on transmitter with increased bandwidth and transmission power.- Site title.","og_url":"https:\/\/www.cinesouk.ma\/fr\/produit\/sennheiser-skp-500-g4-aw-plugon-transmitter\/","og_site_name":"CineSouk","article_modified_time":"2025-08-26T14:56:44+00:00","og_image":[{"width":300,"height":238,"url":"https:\/\/www.cinesouk.ma\/wp-content\/uploads\/2024\/01\/Sennheiser-SKP-500-G4-AW-plugon-transmitter-48V-phantom-power-option.jpg","type":"image\/jpeg"}],"twitter_card":"summary_large_image","twitter_description":"Sennheiser SKP 500 G4 AW+ Plugon Transmitter is a powerful black plug-on transmitter with increased bandwidth and transmission power.- Site title.","twitter_misc":{"Dur\u00e9e de lecture estim\u00e9e":"2 minutes"},"schema":{"@context":"https:\/\/schema.org","@graph":[{"@type":"WebPage","@id":"https:\/\/www.cinesouk.ma\/product\/sennheiser-skp-500-g4-aw-plugon-transmitter\/","url":"https:\/\/www.cinesouk.ma\/product\/sennheiser-skp-500-g4-aw-plugon-transmitter\/","name":"Sennheiser SKP 500 G4 AW+ Plugon Transmitter - CineSouk - For rent","isPartOf":{"@id":"https:\/\/www.cinesouk.ma\/#website"},"primaryImageOfPage":{"@id":"https:\/\/www.cinesouk.ma\/product\/sennheiser-skp-500-g4-aw-plugon-transmitter\/#primaryimage"},"image":{"@id":"https:\/\/www.cinesouk.ma\/product\/sennheiser-skp-500-g4-aw-plugon-transmitter\/#primaryimage"},"thumbnailUrl":"https:\/\/www.cinesouk.ma\/wp-content\/uploads\/2024\/01\/Sennheiser-SKP-500-G4-AW-plugon-transmitter-48V-phantom-power-option.jpg","datePublished":"2024-01-22T09:14:57+00:00","dateModified":"2025-08-26T14:56:44+00:00","description":"Sennheiser SKP 500 G4 AW+ Plugon Transmitter is a powerful black plug-on transmitter with increased bandwidth and transmission power.- Site title.","breadcrumb":{"@id":"https:\/\/www.cinesouk.ma\/product\/sennheiser-skp-500-g4-aw-plugon-transmitter\/#breadcrumb"},"inLanguage":"fr-FR","potentialAction":[{"@type":"ReadAction","target":["https:\/\/www.cinesouk.ma\/product\/sennheiser-skp-500-g4-aw-plugon-transmitter\/"]}]},{"@type":"ImageObject","inLanguage":"fr-FR","@id":"https:\/\/www.cinesouk.ma\/product\/sennheiser-skp-500-g4-aw-plugon-transmitter\/#primaryimage","url":"https:\/\/www.cinesouk.ma\/wp-content\/uploads\/2024\/01\/Sennheiser-SKP-500-G4-AW-plugon-transmitter-48V-phantom-power-option.jpg","contentUrl":"https:\/\/www.cinesouk.ma\/wp-content\/uploads\/2024\/01\/Sennheiser-SKP-500-G4-AW-plugon-transmitter-48V-phantom-power-option.jpg","width":300,"height":238},{"@type":"BreadcrumbList","@id":"https:\/\/www.cinesouk.ma\/product\/sennheiser-skp-500-g4-aw-plugon-transmitter\/#breadcrumb","itemListElement":[{"@type":"ListItem","position":1,"name":"Home","item":"https:\/\/www.cinesouk.ma\/"},{"@type":"ListItem","position":2,"name":"Shop","item":"https:\/\/www.cinesouk.ma\/shop\/"},{"@type":"ListItem","position":3,"name":"Sennheiser SKP 500 G4 AW+ Plugon Transmitter"}]},{"@type":"WebSite","@id":"https:\/\/www.cinesouk.ma\/#website","url":"https:\/\/www.cinesouk.ma\/","name":"CineSouk","description":"","publisher":{"@id":"https:\/\/www.cinesouk.ma\/#organization"},"potentialAction":[{"@type":"SearchAction","target":{"@type":"EntryPoint","urlTemplate":"https:\/\/www.cinesouk.ma\/?s={search_term_string}"},"query-input":{"@type":"PropertyValueSpecification","valueRequired":true,"valueName":"search_term_string"}}],"inLanguage":"fr-FR"},{"@type":"Organization","@id":"https:\/\/www.cinesouk.ma\/#organization","name":"CineSouk","url":"https:\/\/www.cinesouk.ma\/","logo":{"@type":"ImageObject","inLanguage":"fr-FR","@id":"https:\/\/www.cinesouk.ma\/#\/schema\/logo\/image\/","url":"https:\/\/www.cinesouk.ma\/wp-content\/uploads\/2024\/01\/CineSouk-logo-v01-alpha-alligned-left.png","contentUrl":"https:\/\/www.cinesouk.ma\/wp-content\/uploads\/2024\/01\/CineSouk-logo-v01-alpha-alligned-left.png","width":3204,"height":889,"caption":"CineSouk"},"image":{"@id":"https:\/\/www.cinesouk.ma\/#\/schema\/logo\/image\/"}}]}},"_links":{"self":[{"href":"https:\/\/www.cinesouk.ma\/fr\/wp-json\/wp\/v2\/product\/3292","targetHints":{"allow":["GET"]}}],"collection":[{"href":"https:\/\/www.cinesouk.ma\/fr\/wp-json\/wp\/v2\/product"}],"about":[{"href":"https:\/\/www.cinesouk.ma\/fr\/wp-json\/wp\/v2\/types\/product"}],"wp:featuredmedia":[{"embeddable":true,"href":"https:\/\/www.cinesouk.ma\/fr\/wp-json\/wp\/v2\/media\/3299"}],"wp:attachment":[{"href":"https:\/\/www.cinesouk.ma\/fr\/wp-json\/wp\/v2\/media?parent=3292"}],"wp:term":[{"taxonomy":"product_brand","embeddable":true,"href":"https:\/\/www.cinesouk.ma\/fr\/wp-json\/wp\/v2\/product_brand?post=3292"},{"taxonomy":"product_cat","embeddable":true,"href":"https:\/\/www.cinesouk.ma\/fr\/wp-json\/wp\/v2\/product_cat?post=3292"},{"taxonomy":"product_tag","embeddable":true,"href":"https:\/\/www.cinesouk.ma\/fr\/wp-json\/wp\/v2\/product_tag?post=3292"}],"curies":[{"name":"wp","href":"https:\/\/api.w.org\/{rel}","templated":true}]}}