{"id":3308,"date":"2024-01-22T09:20:30","date_gmt":"2024-01-22T09:20:30","guid":{"rendered":"https:\/\/www.cinesouk.ma\/?post_type=product&#038;p=3308"},"modified":"2025-08-26T14:56:43","modified_gmt":"2025-08-26T14:56:43","slug":"sennheiser-skp-500-g4-aw","status":"publish","type":"product","link":"https:\/\/www.cinesouk.ma\/fr\/produit\/sennheiser-skp-500-g4-aw\/","title":{"rendered":"Sennheiser SKM 500 G4 AW+"},"content":{"rendered":"<p>Le Sennheiser SKM 500 G4 AW+ est un \u00e9metteur de poche puissant. Tout d'abord, il est dot\u00e9 d'un bo\u00eetier l\u00e9ger en aluminium noir, qui am\u00e9liore la durabilit\u00e9. En outre, il b\u00e9n\u00e9ficie d'une bande passante et d'une puissance de transmission accrues, ce qui le rend pr\u00eat pour les plus grandes sc\u00e8nes du monde. Ce microphone \u00e0 main dispose d'une impressionnante gamme de fr\u00e9quences allant de 470 \u00e0 558 MHz. Il utilise la c\u00e9l\u00e8bre capsule cardio\u00efde E935 pour garantir une qualit\u00e9 audio exceptionnelle. Par cons\u00e9quent, son design fin et sa construction l\u00e9g\u00e8re en font un choix fiable pour diverses applications.<\/p>\n<h3>Caract\u00e9ristiques<\/h3>\n<ul>\n<li><strong>Options de capsules :<\/strong> Vous pouvez choisir parmi les capsules Sennheiser de pointe e 935, e 945 ou e 965.<\/li>\n<li><strong>Synchronisation facile :<\/strong> Il permet une synchronisation sans fil simple et flexible entre l'\u00e9metteur et le r\u00e9cepteur par infrarouge.<\/li>\n<li><strong>Canaux multiples :<\/strong> L'appareil prend en charge jusqu'\u00e0 32 canaux compatibles.<\/li>\n<li><strong>Large bande passante :<\/strong> Avec une largeur de bande allant jusqu'\u00e0 88 MHz et 3520 fr\u00e9quences s\u00e9lectionnables, il est enti\u00e8rement accordable dans une gamme UHF stable.<\/li>\n<li><strong>Contr\u00f4le avanc\u00e9 :<\/strong> Une connexion Ethernet permet l'int\u00e9gration avec le logiciel de contr\u00f4le Wireless Systems Manager (WSM). Cette fonction est essentielle pour la coordination avanc\u00e9e des fr\u00e9quences dans les installations multicanaux.<\/li>\n<li><strong>Puissance RF r\u00e9glable :<\/strong> Il fournit une puissance de sortie RF \u00e9lev\u00e9e, r\u00e9glable jusqu'\u00e0 50 mW en trois \u00e9tapes (10\/30\/50), en fonction des r\u00e9glementations nationales.<\/li>\n<\/ul>\n<h3>Caract\u00e9ristiques principales du Sennheiser SKM 500 G4 AW+<\/h3>\n<ul>\n<li><strong>Dimensions :<\/strong> Environ \u00d8 50 x 265 mm<\/li>\n<li><strong>Poids :<\/strong> (y compris les piles) environ 450 g<\/li>\n<li><strong>Rapport signal\/bruit :<\/strong> \u2265 115 dBA<\/li>\n<\/ul>\n<p>En conclusion, le Sennheiser SKM 500 G4 AW+ est un excellent choix pour tous ceux qui ont besoin d'un microphone \u00e0 main fiable. Avec sa gamme impressionnante d'options de capsules et ses fonctions avanc\u00e9es, il se distingue comme une option de premier ordre pour les professionnels. Que vous vous produisiez sur sc\u00e8ne ou que vous diffusiez en direct, ce microphone offre des performances exceptionnelles.<\/p>\n<p>Louez le microphone d\u00e8s maintenant sur <a href=\"https:\/\/www.cinesouk.ma\/fr\">CINESOUK<\/a> - une marque de <a href=\"https:\/\/www.broadway.ma\/\">BROADWAY PRODUCTIONS SARL.<\/a><\/p>","protected":false},"excerpt":{"rendered":"<p>Sp\u00e9cifications :<\/p>\n<p>Marque : Sennheiser<br \/>\nMod\u00e8le : SKM 500 G4 AW+<br \/>\nType : Microphone \u00e0 main<br \/>\nCapsule : E935 cardio\u00efde<br \/>\nGamme de fr\u00e9quences : 470 - 558 MHz<br \/>\nPoids : Variable<\/p>","protected":false},"featured_media":3315,"template":"","meta":{"om_disable_all_campaigns":false,"_monsterinsights_skip_tracking":false,"_monsterinsights_sitenote_active":false,"_monsterinsights_sitenote_note":"","_monsterinsights_sitenote_category":0,"_uf_show_specific_survey":0,"_uf_disable_surveys":false},"product_brand":[],"product_cat":[83,86,35],"product_tag":[],"class_list":{"0":"post-3308","1":"product","2":"type-product","3":"status-publish","4":"has-post-thumbnail","6":"product_cat-efp-eng-cinesouk","7":"product_cat-foh-cinesouk","8":"product_cat-sound-cinesouk","10":"entry","11":"has-media","13":"first","14":"instock","15":"taxable","16":"shipping-taxable","17":"purchasable","18":"product-type-variable","19":"has-product-nav","20":"col","21":"span_1_of_3","22":"owp-content-center","23":"owp-thumbs-layout-horizontal","24":"owp-btn-normal","25":"owp-tabs-layout-horizontal","26":"has-no-thumbnails"},"yoast_head":"<!-- This site is optimized with the Yoast SEO Premium plugin v26.0 (Yoast SEO v26.0) - https:\/\/yoast.com\/wordpress\/plugins\/seo\/ -->\n<title>Sennheiser SKM 500 G4 AW+ - CineSouk - Marrakech | Morocco - For rent<\/title>\n<meta name=\"description\" content=\"Achieve superior audio clarity with the Sennheiser SKM 500 G4 AW+ Handheld Microphone and E935 cardioid capsule. - CineSouk\" \/>\n<meta name=\"robots\" content=\"index, follow, max-snippet:-1, max-image-preview:large, max-video-preview:-1\" \/>\n<link rel=\"canonical\" href=\"https:\/\/www.cinesouk.ma\/fr\/produit\/sennheiser-skp-500-g4-aw\/\" \/>\n<meta property=\"og:locale\" content=\"fr_FR\" \/>\n<meta property=\"og:type\" content=\"article\" \/>\n<meta property=\"og:title\" content=\"Sennheiser SKM 500 G4 AW+\" \/>\n<meta property=\"og:description\" content=\"Achieve superior audio clarity with the Sennheiser SKM 500 G4 AW+ Handheld Microphone and E935 cardioid capsule. - CineSouk\" \/>\n<meta property=\"og:url\" content=\"https:\/\/www.cinesouk.ma\/fr\/produit\/sennheiser-skp-500-g4-aw\/\" \/>\n<meta property=\"og:site_name\" content=\"CineSouk\" \/>\n<meta property=\"article:modified_time\" content=\"2025-08-26T14:56:43+00:00\" \/>\n<meta property=\"og:image\" content=\"https:\/\/www.cinesouk.ma\/wp-content\/uploads\/2024\/01\/Sennheiser-SKM-500-G4-AW-handheld-microphone-E935-cardioid-capsule-1.jpg\" \/>\n\t<meta property=\"og:image:width\" content=\"300\" \/>\n\t<meta property=\"og:image:height\" content=\"238\" \/>\n\t<meta property=\"og:image:type\" content=\"image\/jpeg\" \/>\n<meta name=\"twitter:card\" content=\"summary_large_image\" \/>\n<meta name=\"twitter:description\" content=\"Achieve superior audio clarity with the Sennheiser SKM 500 G4 AW+ Handheld Microphone and E935 cardioid capsule. - CineSouk\" \/>\n<meta name=\"twitter:label1\" content=\"Dur\u00e9e de lecture estim\u00e9e\" \/>\n\t<meta name=\"twitter:data1\" content=\"2 minutes\" \/>\n<script type=\"application\/ld+json\" class=\"yoast-schema-graph\">{\"@context\":\"https:\/\/schema.org\",\"@graph\":[{\"@type\":\"WebPage\",\"@id\":\"https:\/\/www.cinesouk.ma\/product\/sennheiser-skp-500-g4-aw\/\",\"url\":\"https:\/\/www.cinesouk.ma\/product\/sennheiser-skp-500-g4-aw\/\",\"name\":\"Sennheiser SKM 500 G4 AW+ - CineSouk - Marrakech | Morocco - For rent\",\"isPartOf\":{\"@id\":\"https:\/\/www.cinesouk.ma\/#website\"},\"primaryImageOfPage\":{\"@id\":\"https:\/\/www.cinesouk.ma\/product\/sennheiser-skp-500-g4-aw\/#primaryimage\"},\"image\":{\"@id\":\"https:\/\/www.cinesouk.ma\/product\/sennheiser-skp-500-g4-aw\/#primaryimage\"},\"thumbnailUrl\":\"https:\/\/www.cinesouk.ma\/wp-content\/uploads\/2024\/01\/Sennheiser-SKM-500-G4-AW-handheld-microphone-E935-cardioid-capsule-1.jpg\",\"datePublished\":\"2024-01-22T09:20:30+00:00\",\"dateModified\":\"2025-08-26T14:56:43+00:00\",\"description\":\"Achieve superior audio clarity with the Sennheiser SKM 500 G4 AW+ Handheld Microphone and E935 cardioid capsule. - CineSouk\",\"breadcrumb\":{\"@id\":\"https:\/\/www.cinesouk.ma\/product\/sennheiser-skp-500-g4-aw\/#breadcrumb\"},\"inLanguage\":\"fr-FR\",\"potentialAction\":[{\"@type\":\"ReadAction\",\"target\":[\"https:\/\/www.cinesouk.ma\/product\/sennheiser-skp-500-g4-aw\/\"]}]},{\"@type\":\"ImageObject\",\"inLanguage\":\"fr-FR\",\"@id\":\"https:\/\/www.cinesouk.ma\/product\/sennheiser-skp-500-g4-aw\/#primaryimage\",\"url\":\"https:\/\/www.cinesouk.ma\/wp-content\/uploads\/2024\/01\/Sennheiser-SKM-500-G4-AW-handheld-microphone-E935-cardioid-capsule-1.jpg\",\"contentUrl\":\"https:\/\/www.cinesouk.ma\/wp-content\/uploads\/2024\/01\/Sennheiser-SKM-500-G4-AW-handheld-microphone-E935-cardioid-capsule-1.jpg\",\"width\":300,\"height\":238},{\"@type\":\"BreadcrumbList\",\"@id\":\"https:\/\/www.cinesouk.ma\/product\/sennheiser-skp-500-g4-aw\/#breadcrumb\",\"itemListElement\":[{\"@type\":\"ListItem\",\"position\":1,\"name\":\"Home\",\"item\":\"https:\/\/www.cinesouk.ma\/\"},{\"@type\":\"ListItem\",\"position\":2,\"name\":\"Shop\",\"item\":\"https:\/\/www.cinesouk.ma\/shop\/\"},{\"@type\":\"ListItem\",\"position\":3,\"name\":\"Sennheiser SKM 500 G4 AW+\"}]},{\"@type\":\"WebSite\",\"@id\":\"https:\/\/www.cinesouk.ma\/#website\",\"url\":\"https:\/\/www.cinesouk.ma\/\",\"name\":\"CineSouk\",\"description\":\"\",\"publisher\":{\"@id\":\"https:\/\/www.cinesouk.ma\/#organization\"},\"potentialAction\":[{\"@type\":\"SearchAction\",\"target\":{\"@type\":\"EntryPoint\",\"urlTemplate\":\"https:\/\/www.cinesouk.ma\/?s={search_term_string}\"},\"query-input\":{\"@type\":\"PropertyValueSpecification\",\"valueRequired\":true,\"valueName\":\"search_term_string\"}}],\"inLanguage\":\"fr-FR\"},{\"@type\":\"Organization\",\"@id\":\"https:\/\/www.cinesouk.ma\/#organization\",\"name\":\"CineSouk\",\"url\":\"https:\/\/www.cinesouk.ma\/\",\"logo\":{\"@type\":\"ImageObject\",\"inLanguage\":\"fr-FR\",\"@id\":\"https:\/\/www.cinesouk.ma\/#\/schema\/logo\/image\/\",\"url\":\"https:\/\/www.cinesouk.ma\/wp-content\/uploads\/2024\/01\/CineSouk-logo-v01-alpha-alligned-left.png\",\"contentUrl\":\"https:\/\/www.cinesouk.ma\/wp-content\/uploads\/2024\/01\/CineSouk-logo-v01-alpha-alligned-left.png\",\"width\":3204,\"height\":889,\"caption\":\"CineSouk\"},\"image\":{\"@id\":\"https:\/\/www.cinesouk.ma\/#\/schema\/logo\/image\/\"}}]}<\/script>\n<!-- \/ Yoast SEO Premium plugin. -->","yoast_head_json":{"title":"Sennheiser SKM 500 G4 AW+ - CineSouk - Marrakech | Morocco - For rent","description":"Achieve superior audio clarity with the Sennheiser SKM 500 G4 AW+ Handheld Microphone and E935 cardioid capsule. - CineSouk","robots":{"index":"index","follow":"follow","max-snippet":"max-snippet:-1","max-image-preview":"max-image-preview:large","max-video-preview":"max-video-preview:-1"},"canonical":"https:\/\/www.cinesouk.ma\/fr\/produit\/sennheiser-skp-500-g4-aw\/","og_locale":"fr_FR","og_type":"article","og_title":"Sennheiser SKM 500 G4 AW+","og_description":"Achieve superior audio clarity with the Sennheiser SKM 500 G4 AW+ Handheld Microphone and E935 cardioid capsule. - CineSouk","og_url":"https:\/\/www.cinesouk.ma\/fr\/produit\/sennheiser-skp-500-g4-aw\/","og_site_name":"CineSouk","article_modified_time":"2025-08-26T14:56:43+00:00","og_image":[{"width":300,"height":238,"url":"https:\/\/www.cinesouk.ma\/wp-content\/uploads\/2024\/01\/Sennheiser-SKM-500-G4-AW-handheld-microphone-E935-cardioid-capsule-1.jpg","type":"image\/jpeg"}],"twitter_card":"summary_large_image","twitter_description":"Achieve superior audio clarity with the Sennheiser SKM 500 G4 AW+ Handheld Microphone and E935 cardioid capsule. - CineSouk","twitter_misc":{"Dur\u00e9e de lecture estim\u00e9e":"2 minutes"},"schema":{"@context":"https:\/\/schema.org","@graph":[{"@type":"WebPage","@id":"https:\/\/www.cinesouk.ma\/product\/sennheiser-skp-500-g4-aw\/","url":"https:\/\/www.cinesouk.ma\/product\/sennheiser-skp-500-g4-aw\/","name":"Sennheiser SKM 500 G4 AW+ - CineSouk - Marrakech | Morocco - For rent","isPartOf":{"@id":"https:\/\/www.cinesouk.ma\/#website"},"primaryImageOfPage":{"@id":"https:\/\/www.cinesouk.ma\/product\/sennheiser-skp-500-g4-aw\/#primaryimage"},"image":{"@id":"https:\/\/www.cinesouk.ma\/product\/sennheiser-skp-500-g4-aw\/#primaryimage"},"thumbnailUrl":"https:\/\/www.cinesouk.ma\/wp-content\/uploads\/2024\/01\/Sennheiser-SKM-500-G4-AW-handheld-microphone-E935-cardioid-capsule-1.jpg","datePublished":"2024-01-22T09:20:30+00:00","dateModified":"2025-08-26T14:56:43+00:00","description":"Achieve superior audio clarity with the Sennheiser SKM 500 G4 AW+ Handheld Microphone and E935 cardioid capsule. - CineSouk","breadcrumb":{"@id":"https:\/\/www.cinesouk.ma\/product\/sennheiser-skp-500-g4-aw\/#breadcrumb"},"inLanguage":"fr-FR","potentialAction":[{"@type":"ReadAction","target":["https:\/\/www.cinesouk.ma\/product\/sennheiser-skp-500-g4-aw\/"]}]},{"@type":"ImageObject","inLanguage":"fr-FR","@id":"https:\/\/www.cinesouk.ma\/product\/sennheiser-skp-500-g4-aw\/#primaryimage","url":"https:\/\/www.cinesouk.ma\/wp-content\/uploads\/2024\/01\/Sennheiser-SKM-500-G4-AW-handheld-microphone-E935-cardioid-capsule-1.jpg","contentUrl":"https:\/\/www.cinesouk.ma\/wp-content\/uploads\/2024\/01\/Sennheiser-SKM-500-G4-AW-handheld-microphone-E935-cardioid-capsule-1.jpg","width":300,"height":238},{"@type":"BreadcrumbList","@id":"https:\/\/www.cinesouk.ma\/product\/sennheiser-skp-500-g4-aw\/#breadcrumb","itemListElement":[{"@type":"ListItem","position":1,"name":"Home","item":"https:\/\/www.cinesouk.ma\/"},{"@type":"ListItem","position":2,"name":"Shop","item":"https:\/\/www.cinesouk.ma\/shop\/"},{"@type":"ListItem","position":3,"name":"Sennheiser SKM 500 G4 AW+"}]},{"@type":"WebSite","@id":"https:\/\/www.cinesouk.ma\/#website","url":"https:\/\/www.cinesouk.ma\/","name":"CineSouk","description":"","publisher":{"@id":"https:\/\/www.cinesouk.ma\/#organization"},"potentialAction":[{"@type":"SearchAction","target":{"@type":"EntryPoint","urlTemplate":"https:\/\/www.cinesouk.ma\/?s={search_term_string}"},"query-input":{"@type":"PropertyValueSpecification","valueRequired":true,"valueName":"search_term_string"}}],"inLanguage":"fr-FR"},{"@type":"Organization","@id":"https:\/\/www.cinesouk.ma\/#organization","name":"CineSouk","url":"https:\/\/www.cinesouk.ma\/","logo":{"@type":"ImageObject","inLanguage":"fr-FR","@id":"https:\/\/www.cinesouk.ma\/#\/schema\/logo\/image\/","url":"https:\/\/www.cinesouk.ma\/wp-content\/uploads\/2024\/01\/CineSouk-logo-v01-alpha-alligned-left.png","contentUrl":"https:\/\/www.cinesouk.ma\/wp-content\/uploads\/2024\/01\/CineSouk-logo-v01-alpha-alligned-left.png","width":3204,"height":889,"caption":"CineSouk"},"image":{"@id":"https:\/\/www.cinesouk.ma\/#\/schema\/logo\/image\/"}}]}},"_links":{"self":[{"href":"https:\/\/www.cinesouk.ma\/fr\/wp-json\/wp\/v2\/product\/3308","targetHints":{"allow":["GET"]}}],"collection":[{"href":"https:\/\/www.cinesouk.ma\/fr\/wp-json\/wp\/v2\/product"}],"about":[{"href":"https:\/\/www.cinesouk.ma\/fr\/wp-json\/wp\/v2\/types\/product"}],"wp:featuredmedia":[{"embeddable":true,"href":"https:\/\/www.cinesouk.ma\/fr\/wp-json\/wp\/v2\/media\/3315"}],"wp:attachment":[{"href":"https:\/\/www.cinesouk.ma\/fr\/wp-json\/wp\/v2\/media?parent=3308"}],"wp:term":[{"taxonomy":"product_brand","embeddable":true,"href":"https:\/\/www.cinesouk.ma\/fr\/wp-json\/wp\/v2\/product_brand?post=3308"},{"taxonomy":"product_cat","embeddable":true,"href":"https:\/\/www.cinesouk.ma\/fr\/wp-json\/wp\/v2\/product_cat?post=3308"},{"taxonomy":"product_tag","embeddable":true,"href":"https:\/\/www.cinesouk.ma\/fr\/wp-json\/wp\/v2\/product_tag?post=3308"}],"curies":[{"name":"wp","href":"https:\/\/api.w.org\/{rel}","templated":true}]}}