{"id":3317,"date":"2024-01-22T09:41:19","date_gmt":"2024-01-22T09:41:19","guid":{"rendered":"https:\/\/www.cinesouk.ma\/?post_type=product&#038;p=3317"},"modified":"2025-08-26T14:56:42","modified_gmt":"2025-08-26T14:56:42","slug":"sennheiser-skm-500-g4-aw-beltpack-receiver","status":"publish","type":"product","link":"https:\/\/www.cinesouk.ma\/fr\/produit\/sennheiser-skm-500-g4-aw-beltpack-receiver\/","title":{"rendered":"R\u00e9cepteur de ceinture Sennheiser EK 500 G4 AW+"},"content":{"rendered":"<p>Le r\u00e9cepteur de poche Sennheiser EK 500 G4 AW+ est un r\u00e9cepteur de poche. Vous pouvez l'accrocher \u00e0 votre ceinture, mais gr\u00e2ce \u00e0 l'adaptateur CA 2 inclus, vous pouvez \u00e9galement le fixer \u00e0 la monture de votre appareil photo reflex num\u00e9rique. L'EK 500 G4 s'int\u00e8gre parfaitement aux \u00e9metteurs SKM 500 G4, SKP 500 G4 et SK 500 G4.<\/p>\n<p>De plus, le r\u00e9cepteur est configur\u00e9 et synchronis\u00e9 avec l'\u00e9metteur via une interface infrarouge int\u00e9gr\u00e9e, ou peut \u00eatre programm\u00e9 dans le menu du r\u00e9cepteur. Le r\u00e9cepteur est aliment\u00e9 par deux piles AA de 1,5V.<\/p>\n<div class=\"HeadlineBlock_headline-block__YuBaM FeaturesList_feature-list-headline-block__p73TE\">\n<h4 class=\"Headline_headline__KVDfi HeadlineBlock_headline-block-headline__Dt1Ak FeaturesList_feature-list-headline__8mjBv\">Caract\u00e9ristiques du r\u00e9cepteur Sennheiser :<\/h4>\n<\/div>\n<ul>\n<li>Un son professionnel et une excellente qualit\u00e9 de construction<\/li>\n<li>Facilit\u00e9 d'utilisation et rapidit\u00e9 d'installation<\/li>\n<li>Synchronisation sans fil simple et flexible entre l'\u00e9metteur et le r\u00e9cepteur par infrarouge<\/li>\n<li>Largeur de bande jusqu'\u00e0 88 MHz (72 MHz sur le mod\u00e8le GBW), jusqu'\u00e0 32 canaux<\/li>\n<li>Port\u00e9e : jusqu'\u00e0 100 m\u00e8tres \/ 330 pieds<\/li>\n<li>Puissance de sortie RF accrue (10\/30\/50 mW) avec une port\u00e9e allant jusqu'\u00e0 330 pieds<\/li>\n<li>Jusqu'\u00e0 8 heures d'autonomie<\/li>\n<\/ul>\n<div class=\"HeadlineBlock_headline-block__YuBaM TechSpecsBlock_tech-specs-block-headline-block__hsxXW\">\n<h4 class=\"Headline_headline__KVDfi HeadlineBlock_headline-block-headline__Dt1Ak\">Caract\u00e9ristiques principales du r\u00e9cepteur de poche Sennheiser EK 500 G4 AW+ :<\/h4>\n<\/div>\n<ul class=\"TechSpecsBlock_tech-specs-block-list__ufgtD\">\n<li class=\"TechSpecsBlock_tech-specs-block-list-item__pudT2\"><span class=\"TechSpecsBlock_tech-specs-block-list-item-label__0dWo0\">Dimensions : <\/span><span class=\"TechSpecsBlock_tech-specs-block-list-item-value__UGUmu\">Environ 82 x 64 x 24 mm<\/span><\/li>\n<li class=\"TechSpecsBlock_tech-specs-block-list-item__pudT2\"><span class=\"TechSpecsBlock_tech-specs-block-list-item-label__0dWo0\">Poids (g) : <\/span><span class=\"TechSpecsBlock_tech-specs-block-list-item-value__UGUmu\">(piles incluses) environ 130 g<\/span><\/li>\n<li class=\"TechSpecsBlock_tech-specs-block-list-item__pudT2\"><span class=\"TechSpecsBlock_tech-specs-block-list-item-label__0dWo0\">Sortie audio : <\/span><span class=\"TechSpecsBlock_tech-specs-block-list-item-value__UGUmu\">Prise jack 3,5 mm : +17 dBu (mono, sym\u00e9trique)<\/span><\/li>\n<li class=\"TechSpecsBlock_tech-specs-block-list-item__pudT2\"><span class=\"TechSpecsBlock_tech-specs-block-list-item-label__0dWo0\">Rapport signal\/bruit : <\/span><span class=\"TechSpecsBlock_tech-specs-block-list-item-value__UGUmu\">Ligne : \u2265 110 dBA, T\u00e9l\u00e9phones : environ 90 dBA<\/span><\/li>\n<\/ul>\n<p>Louez le r\u00e9cepteur d\u00e8s maintenant \u00e0 <a href=\"https:\/\/www.cinesouk.ma\/fr\">CINESOUK<\/a> - une marque de <a href=\"https:\/\/www.broadway.ma\/\">BROADWAY PRODUCTIONS SARL.<\/a><\/p>","protected":false},"excerpt":{"rendered":"<p>Sp\u00e9cifications :<\/p>\n<p>Marque : Sennheiser<br \/>\nMod\u00e8le : EK 500 G4 AW+<br \/>\nType : R\u00e9cepteur de ceinture<br \/>\nConnexion : XLR ou minijack<br \/>\nGamme de fr\u00e9quences : 470 - 558 MHz<br \/>\nPoids : Variable<\/p>","protected":false},"featured_media":3349,"template":"","meta":{"om_disable_all_campaigns":false,"_monsterinsights_skip_tracking":false,"_monsterinsights_sitenote_active":false,"_monsterinsights_sitenote_note":"","_monsterinsights_sitenote_category":0,"_uf_show_specific_survey":0,"_uf_disable_surveys":false},"product_brand":[],"product_cat":[83,86,35],"product_tag":[],"class_list":{"0":"post-3317","1":"product","2":"type-product","3":"status-publish","4":"has-post-thumbnail","6":"product_cat-efp-eng-cinesouk","7":"product_cat-foh-cinesouk","8":"product_cat-sound-cinesouk","10":"entry","11":"has-media","13":"first","14":"instock","15":"taxable","16":"shipping-taxable","17":"purchasable","18":"product-type-variable","19":"has-product-nav","20":"col","21":"span_1_of_3","22":"owp-content-center","23":"owp-thumbs-layout-horizontal","24":"owp-btn-normal","25":"owp-tabs-layout-horizontal","26":"has-no-thumbnails"},"yoast_head":"<!-- This site is optimized with the Yoast SEO Premium plugin v26.0 (Yoast SEO v26.0) - https:\/\/yoast.com\/wordpress\/plugins\/seo\/ -->\n<title>Sennheiser EK 500 G4 AW+ Beltpack Receiver - CineSouk - For rent<\/title>\n<meta name=\"description\" content=\"The Sennheiser EK 500 G4 AW+ Beltpack Receiver, compatible with XLR or minijack connections. - Marrakech | Morocco - CineSouk\" \/>\n<meta name=\"robots\" content=\"index, follow, max-snippet:-1, max-image-preview:large, max-video-preview:-1\" \/>\n<link rel=\"canonical\" href=\"https:\/\/www.cinesouk.ma\/fr\/produit\/sennheiser-skm-500-g4-aw-beltpack-receiver\/\" \/>\n<meta property=\"og:locale\" content=\"fr_FR\" \/>\n<meta property=\"og:type\" content=\"article\" \/>\n<meta property=\"og:title\" content=\"Sennheiser EK 500 G4 AW+ Beltpack Receiver\" \/>\n<meta property=\"og:description\" content=\"The Sennheiser EK 500 G4 AW+ Beltpack Receiver, compatible with XLR or minijack connections. - Marrakech | Morocco - CineSouk\" \/>\n<meta property=\"og:url\" content=\"https:\/\/www.cinesouk.ma\/fr\/produit\/sennheiser-skm-500-g4-aw-beltpack-receiver\/\" \/>\n<meta property=\"og:site_name\" content=\"CineSouk\" \/>\n<meta property=\"article:modified_time\" content=\"2025-08-26T14:56:42+00:00\" \/>\n<meta property=\"og:image\" content=\"https:\/\/www.cinesouk.ma\/wp-content\/uploads\/2024\/01\/Sennheiser-SK-500-G4-AW-beltpack-transmitter-1-1.jpg\" \/>\n\t<meta property=\"og:image:width\" content=\"300\" \/>\n\t<meta property=\"og:image:height\" content=\"238\" \/>\n\t<meta property=\"og:image:type\" content=\"image\/jpeg\" \/>\n<meta name=\"twitter:card\" content=\"summary_large_image\" \/>\n<meta name=\"twitter:description\" content=\"The Sennheiser EK 500 G4 AW+ Beltpack Receiver, compatible with XLR or minijack connections. - Marrakech | Morocco - CineSouk\" \/>\n<meta name=\"twitter:label1\" content=\"Dur\u00e9e de lecture estim\u00e9e\" \/>\n\t<meta name=\"twitter:data1\" content=\"2 minutes\" \/>\n<script type=\"application\/ld+json\" class=\"yoast-schema-graph\">{\"@context\":\"https:\/\/schema.org\",\"@graph\":[{\"@type\":\"WebPage\",\"@id\":\"https:\/\/www.cinesouk.ma\/product\/sennheiser-skm-500-g4-aw-beltpack-receiver\/\",\"url\":\"https:\/\/www.cinesouk.ma\/product\/sennheiser-skm-500-g4-aw-beltpack-receiver\/\",\"name\":\"Sennheiser EK 500 G4 AW+ Beltpack Receiver - CineSouk - For rent\",\"isPartOf\":{\"@id\":\"https:\/\/www.cinesouk.ma\/#website\"},\"primaryImageOfPage\":{\"@id\":\"https:\/\/www.cinesouk.ma\/product\/sennheiser-skm-500-g4-aw-beltpack-receiver\/#primaryimage\"},\"image\":{\"@id\":\"https:\/\/www.cinesouk.ma\/product\/sennheiser-skm-500-g4-aw-beltpack-receiver\/#primaryimage\"},\"thumbnailUrl\":\"https:\/\/www.cinesouk.ma\/wp-content\/uploads\/2024\/01\/Sennheiser-SK-500-G4-AW-beltpack-transmitter-1-1.jpg\",\"datePublished\":\"2024-01-22T09:41:19+00:00\",\"dateModified\":\"2025-08-26T14:56:42+00:00\",\"description\":\"The Sennheiser EK 500 G4 AW+ Beltpack Receiver, compatible with XLR or minijack connections. - Marrakech | Morocco - CineSouk\",\"breadcrumb\":{\"@id\":\"https:\/\/www.cinesouk.ma\/product\/sennheiser-skm-500-g4-aw-beltpack-receiver\/#breadcrumb\"},\"inLanguage\":\"fr-FR\",\"potentialAction\":[{\"@type\":\"ReadAction\",\"target\":[\"https:\/\/www.cinesouk.ma\/product\/sennheiser-skm-500-g4-aw-beltpack-receiver\/\"]}]},{\"@type\":\"ImageObject\",\"inLanguage\":\"fr-FR\",\"@id\":\"https:\/\/www.cinesouk.ma\/product\/sennheiser-skm-500-g4-aw-beltpack-receiver\/#primaryimage\",\"url\":\"https:\/\/www.cinesouk.ma\/wp-content\/uploads\/2024\/01\/Sennheiser-SK-500-G4-AW-beltpack-transmitter-1-1.jpg\",\"contentUrl\":\"https:\/\/www.cinesouk.ma\/wp-content\/uploads\/2024\/01\/Sennheiser-SK-500-G4-AW-beltpack-transmitter-1-1.jpg\",\"width\":300,\"height\":238,\"caption\":\"Sennheiser EK 500 G4 AW+ Beltpack Receiver\"},{\"@type\":\"BreadcrumbList\",\"@id\":\"https:\/\/www.cinesouk.ma\/product\/sennheiser-skm-500-g4-aw-beltpack-receiver\/#breadcrumb\",\"itemListElement\":[{\"@type\":\"ListItem\",\"position\":1,\"name\":\"Home\",\"item\":\"https:\/\/www.cinesouk.ma\/\"},{\"@type\":\"ListItem\",\"position\":2,\"name\":\"Shop\",\"item\":\"https:\/\/www.cinesouk.ma\/shop\/\"},{\"@type\":\"ListItem\",\"position\":3,\"name\":\"Sennheiser EK 500 G4 AW+ Beltpack Receiver\"}]},{\"@type\":\"WebSite\",\"@id\":\"https:\/\/www.cinesouk.ma\/#website\",\"url\":\"https:\/\/www.cinesouk.ma\/\",\"name\":\"CineSouk\",\"description\":\"\",\"publisher\":{\"@id\":\"https:\/\/www.cinesouk.ma\/#organization\"},\"potentialAction\":[{\"@type\":\"SearchAction\",\"target\":{\"@type\":\"EntryPoint\",\"urlTemplate\":\"https:\/\/www.cinesouk.ma\/?s={search_term_string}\"},\"query-input\":{\"@type\":\"PropertyValueSpecification\",\"valueRequired\":true,\"valueName\":\"search_term_string\"}}],\"inLanguage\":\"fr-FR\"},{\"@type\":\"Organization\",\"@id\":\"https:\/\/www.cinesouk.ma\/#organization\",\"name\":\"CineSouk\",\"url\":\"https:\/\/www.cinesouk.ma\/\",\"logo\":{\"@type\":\"ImageObject\",\"inLanguage\":\"fr-FR\",\"@id\":\"https:\/\/www.cinesouk.ma\/#\/schema\/logo\/image\/\",\"url\":\"https:\/\/www.cinesouk.ma\/wp-content\/uploads\/2024\/01\/CineSouk-logo-v01-alpha-alligned-left.png\",\"contentUrl\":\"https:\/\/www.cinesouk.ma\/wp-content\/uploads\/2024\/01\/CineSouk-logo-v01-alpha-alligned-left.png\",\"width\":3204,\"height\":889,\"caption\":\"CineSouk\"},\"image\":{\"@id\":\"https:\/\/www.cinesouk.ma\/#\/schema\/logo\/image\/\"}}]}<\/script>\n<!-- \/ Yoast SEO Premium plugin. -->","yoast_head_json":{"title":"Sennheiser EK 500 G4 AW+ Beltpack Receiver - CineSouk - For rent","description":"The Sennheiser EK 500 G4 AW+ Beltpack Receiver, compatible with XLR or minijack connections. - Marrakech | Morocco - CineSouk","robots":{"index":"index","follow":"follow","max-snippet":"max-snippet:-1","max-image-preview":"max-image-preview:large","max-video-preview":"max-video-preview:-1"},"canonical":"https:\/\/www.cinesouk.ma\/fr\/produit\/sennheiser-skm-500-g4-aw-beltpack-receiver\/","og_locale":"fr_FR","og_type":"article","og_title":"Sennheiser EK 500 G4 AW+ Beltpack Receiver","og_description":"The Sennheiser EK 500 G4 AW+ Beltpack Receiver, compatible with XLR or minijack connections. - Marrakech | Morocco - CineSouk","og_url":"https:\/\/www.cinesouk.ma\/fr\/produit\/sennheiser-skm-500-g4-aw-beltpack-receiver\/","og_site_name":"CineSouk","article_modified_time":"2025-08-26T14:56:42+00:00","og_image":[{"width":300,"height":238,"url":"https:\/\/www.cinesouk.ma\/wp-content\/uploads\/2024\/01\/Sennheiser-SK-500-G4-AW-beltpack-transmitter-1-1.jpg","type":"image\/jpeg"}],"twitter_card":"summary_large_image","twitter_description":"The Sennheiser EK 500 G4 AW+ Beltpack Receiver, compatible with XLR or minijack connections. - Marrakech | Morocco - CineSouk","twitter_misc":{"Dur\u00e9e de lecture estim\u00e9e":"2 minutes"},"schema":{"@context":"https:\/\/schema.org","@graph":[{"@type":"WebPage","@id":"https:\/\/www.cinesouk.ma\/product\/sennheiser-skm-500-g4-aw-beltpack-receiver\/","url":"https:\/\/www.cinesouk.ma\/product\/sennheiser-skm-500-g4-aw-beltpack-receiver\/","name":"Sennheiser EK 500 G4 AW+ Beltpack Receiver - CineSouk - For rent","isPartOf":{"@id":"https:\/\/www.cinesouk.ma\/#website"},"primaryImageOfPage":{"@id":"https:\/\/www.cinesouk.ma\/product\/sennheiser-skm-500-g4-aw-beltpack-receiver\/#primaryimage"},"image":{"@id":"https:\/\/www.cinesouk.ma\/product\/sennheiser-skm-500-g4-aw-beltpack-receiver\/#primaryimage"},"thumbnailUrl":"https:\/\/www.cinesouk.ma\/wp-content\/uploads\/2024\/01\/Sennheiser-SK-500-G4-AW-beltpack-transmitter-1-1.jpg","datePublished":"2024-01-22T09:41:19+00:00","dateModified":"2025-08-26T14:56:42+00:00","description":"The Sennheiser EK 500 G4 AW+ Beltpack Receiver, compatible with XLR or minijack connections. - Marrakech | Morocco - CineSouk","breadcrumb":{"@id":"https:\/\/www.cinesouk.ma\/product\/sennheiser-skm-500-g4-aw-beltpack-receiver\/#breadcrumb"},"inLanguage":"fr-FR","potentialAction":[{"@type":"ReadAction","target":["https:\/\/www.cinesouk.ma\/product\/sennheiser-skm-500-g4-aw-beltpack-receiver\/"]}]},{"@type":"ImageObject","inLanguage":"fr-FR","@id":"https:\/\/www.cinesouk.ma\/product\/sennheiser-skm-500-g4-aw-beltpack-receiver\/#primaryimage","url":"https:\/\/www.cinesouk.ma\/wp-content\/uploads\/2024\/01\/Sennheiser-SK-500-G4-AW-beltpack-transmitter-1-1.jpg","contentUrl":"https:\/\/www.cinesouk.ma\/wp-content\/uploads\/2024\/01\/Sennheiser-SK-500-G4-AW-beltpack-transmitter-1-1.jpg","width":300,"height":238,"caption":"Sennheiser EK 500 G4 AW+ Beltpack Receiver"},{"@type":"BreadcrumbList","@id":"https:\/\/www.cinesouk.ma\/product\/sennheiser-skm-500-g4-aw-beltpack-receiver\/#breadcrumb","itemListElement":[{"@type":"ListItem","position":1,"name":"Home","item":"https:\/\/www.cinesouk.ma\/"},{"@type":"ListItem","position":2,"name":"Shop","item":"https:\/\/www.cinesouk.ma\/shop\/"},{"@type":"ListItem","position":3,"name":"Sennheiser EK 500 G4 AW+ Beltpack Receiver"}]},{"@type":"WebSite","@id":"https:\/\/www.cinesouk.ma\/#website","url":"https:\/\/www.cinesouk.ma\/","name":"CineSouk","description":"","publisher":{"@id":"https:\/\/www.cinesouk.ma\/#organization"},"potentialAction":[{"@type":"SearchAction","target":{"@type":"EntryPoint","urlTemplate":"https:\/\/www.cinesouk.ma\/?s={search_term_string}"},"query-input":{"@type":"PropertyValueSpecification","valueRequired":true,"valueName":"search_term_string"}}],"inLanguage":"fr-FR"},{"@type":"Organization","@id":"https:\/\/www.cinesouk.ma\/#organization","name":"CineSouk","url":"https:\/\/www.cinesouk.ma\/","logo":{"@type":"ImageObject","inLanguage":"fr-FR","@id":"https:\/\/www.cinesouk.ma\/#\/schema\/logo\/image\/","url":"https:\/\/www.cinesouk.ma\/wp-content\/uploads\/2024\/01\/CineSouk-logo-v01-alpha-alligned-left.png","contentUrl":"https:\/\/www.cinesouk.ma\/wp-content\/uploads\/2024\/01\/CineSouk-logo-v01-alpha-alligned-left.png","width":3204,"height":889,"caption":"CineSouk"},"image":{"@id":"https:\/\/www.cinesouk.ma\/#\/schema\/logo\/image\/"}}]}},"_links":{"self":[{"href":"https:\/\/www.cinesouk.ma\/fr\/wp-json\/wp\/v2\/product\/3317","targetHints":{"allow":["GET"]}}],"collection":[{"href":"https:\/\/www.cinesouk.ma\/fr\/wp-json\/wp\/v2\/product"}],"about":[{"href":"https:\/\/www.cinesouk.ma\/fr\/wp-json\/wp\/v2\/types\/product"}],"wp:featuredmedia":[{"embeddable":true,"href":"https:\/\/www.cinesouk.ma\/fr\/wp-json\/wp\/v2\/media\/3349"}],"wp:attachment":[{"href":"https:\/\/www.cinesouk.ma\/fr\/wp-json\/wp\/v2\/media?parent=3317"}],"wp:term":[{"taxonomy":"product_brand","embeddable":true,"href":"https:\/\/www.cinesouk.ma\/fr\/wp-json\/wp\/v2\/product_brand?post=3317"},{"taxonomy":"product_cat","embeddable":true,"href":"https:\/\/www.cinesouk.ma\/fr\/wp-json\/wp\/v2\/product_cat?post=3317"},{"taxonomy":"product_tag","embeddable":true,"href":"https:\/\/www.cinesouk.ma\/fr\/wp-json\/wp\/v2\/product_tag?post=3317"}],"curies":[{"name":"wp","href":"https:\/\/api.w.org\/{rel}","templated":true}]}}