{"id":3342,"date":"2024-01-22T09:48:37","date_gmt":"2024-01-22T09:48:37","guid":{"rendered":"https:\/\/www.cinesouk.ma\/?post_type=product&#038;p=3342"},"modified":"2025-08-26T14:56:41","modified_gmt":"2025-08-26T14:56:41","slug":"sennheiser-ek-500-g4-aw-beltpack-transmitter","status":"publish","type":"product","link":"https:\/\/www.cinesouk.ma\/fr\/produit\/sennheiser-ek-500-g4-aw-beltpack-transmitter\/","title":{"rendered":"\u00c9metteur de poche Sennheiser EK 500 G4 AW+"},"content":{"rendered":"<p>L'\u00e9metteur de poche Sennheiser EK 500 G4 AW+ est la quatri\u00e8me g\u00e9n\u00e9ration de la technologie sans fil evolution. L'\u00e9metteur de poche rend la technologie sans fil professionnelle encore plus flexible, plus simple et plus s\u00fbre. Qu'il s'agisse de musiciens, de cin\u00e9astes, d'orateurs lors de conf\u00e9rences ou dans des amphith\u00e9\u00e2tres, le Sennheiser EK 500 G4-BW est un syst\u00e8me qui \u00e9volue en fonction des besoins.L'appareil utilise la bande UHF fiable, ce qui vous permet de disposer de 88 MHz. Associez-le au r\u00e9cepteur EM 300-500 G4 et vous obtiendrez des performances in\u00e9gal\u00e9es.<\/p>\n<div class=\"module module-5 col-xsp-12 col-xlg-6\">\n<div class=\"col-xsp-12\">\n<div class=\"contentText\">\n<h3>L'EK 500 G4 est propos\u00e9 dans les variantes de fr\u00e9quence suivantes :<\/h3>\n<ul>\n<li>Aw+ : 470 - 558 MHz<\/li>\n<li>Gw : 558 - 626 MHz<\/li>\n<li>GBw : 606 - 678 MHz<\/li>\n<li>Bw : 526 - 698 MHz<\/li>\n<li>Cw : 718 - 790 MHz<\/li>\n<li>Dw : 790 - 865 MHz<\/li>\n<\/ul>\n<h3>Contenu de la livraison<\/h3>\n<ul>\n<li>R\u00e9cepteur de cam\u00e9ra EK 500 G4-BW<\/li>\n<li>2 piles AA<\/li>\n<li>Adaptateur de cam\u00e9ra CA 2<\/li>\n<li>CL 1 C\u00e2ble jack 3,5 mm<\/li>\n<li>C\u00e2ble adaptateur XLR vers jack 3,5 mm<\/li>\n<li>Guide de d\u00e9marrage rapide<\/li>\n<li>Consignes de s\u00e9curit\u00e9<\/li>\n<li>Explication du fabricant<\/li>\n<\/ul>\n<\/div>\n<\/div>\n<\/div>\n<p>Louez l'\u00e9metteur de poche Sennheiser EK 500 G4 AW+ maintenant sur <a href=\"https:\/\/www.cinesouk.ma\/fr\">CINESOUK<\/a> - une marque de <a href=\"https:\/\/www.broadway.ma\/\">BROADWAY PRODUCTIONS SARL.<\/a><\/p>","protected":false},"excerpt":{"rendered":"<p>Sp\u00e9cifications :<\/p>\n<p>Marque : Sennheiser<br \/>\nMod\u00e8le : SK 500 G4 AW+<br \/>\nType : Transmetteur de poche<br \/>\nCompatibilit\u00e9 : Lavalier, casque ou adaptateur XLR<br \/>\nGamme de fr\u00e9quences : 470 - 558 MHz<br \/>\nPoids : Variable<\/p>","protected":false},"featured_media":3343,"template":"","meta":{"om_disable_all_campaigns":false,"_monsterinsights_skip_tracking":false,"_monsterinsights_sitenote_active":false,"_monsterinsights_sitenote_note":"","_monsterinsights_sitenote_category":0,"_uf_show_specific_survey":0,"_uf_disable_surveys":false},"product_brand":[],"product_cat":[83,86,35],"product_tag":[],"class_list":{"0":"post-3342","1":"product","2":"type-product","3":"status-publish","4":"has-post-thumbnail","6":"product_cat-efp-eng-cinesouk","7":"product_cat-foh-cinesouk","8":"product_cat-sound-cinesouk","10":"entry","11":"has-media","13":"first","14":"instock","15":"taxable","16":"shipping-taxable","17":"purchasable","18":"product-type-variable","19":"has-product-nav","20":"col","21":"span_1_of_3","22":"owp-content-center","23":"owp-thumbs-layout-horizontal","24":"owp-btn-normal","25":"owp-tabs-layout-horizontal","26":"has-no-thumbnails"},"yoast_head":"<!-- This site is optimized with the Yoast SEO Premium plugin v26.0 (Yoast SEO v26.0) - https:\/\/yoast.com\/wordpress\/plugins\/seo\/ -->\n<title>Sennheiser EK 500 G4 AW+ Beltpack Transmitter - CineSouk - For rent<\/title>\n<meta name=\"description\" content=\"The Sennheiser EK 500 G4 AW + Beltpack Transmitter for lavalier, headset, or XLR adapter. - Marrakech | Morocco - CineSouk\" \/>\n<meta name=\"robots\" content=\"index, follow, max-snippet:-1, max-image-preview:large, max-video-preview:-1\" \/>\n<link rel=\"canonical\" href=\"https:\/\/www.cinesouk.ma\/fr\/produit\/sennheiser-ek-500-g4-aw-beltpack-transmitter\/\" \/>\n<meta property=\"og:locale\" content=\"fr_FR\" \/>\n<meta property=\"og:type\" content=\"article\" \/>\n<meta property=\"og:title\" content=\"Sennheiser EK 500 G4 AW+ Beltpack Transmitter\" \/>\n<meta property=\"og:description\" content=\"The Sennheiser EK 500 G4 AW + Beltpack Transmitter for lavalier, headset, or XLR adapter. - Marrakech | Morocco - CineSouk\" \/>\n<meta property=\"og:url\" content=\"https:\/\/www.cinesouk.ma\/fr\/produit\/sennheiser-ek-500-g4-aw-beltpack-transmitter\/\" \/>\n<meta property=\"og:site_name\" content=\"CineSouk\" \/>\n<meta property=\"article:modified_time\" content=\"2025-08-26T14:56:41+00:00\" \/>\n<meta property=\"og:image\" content=\"https:\/\/www.cinesouk.ma\/wp-content\/uploads\/2024\/01\/trrrr.jpg\" \/>\n\t<meta property=\"og:image:width\" content=\"300\" \/>\n\t<meta property=\"og:image:height\" content=\"238\" \/>\n\t<meta property=\"og:image:type\" content=\"image\/jpeg\" \/>\n<meta name=\"twitter:card\" content=\"summary_large_image\" \/>\n<meta name=\"twitter:description\" content=\"The Sennheiser EK 500 G4 AW + Beltpack Transmitter for lavalier, headset, or XLR adapter. - Marrakech | Morocco - CineSouk\" \/>\n<meta name=\"twitter:label1\" content=\"Dur\u00e9e de lecture estim\u00e9e\" \/>\n\t<meta name=\"twitter:data1\" content=\"1 minute\" \/>\n<script type=\"application\/ld+json\" class=\"yoast-schema-graph\">{\"@context\":\"https:\/\/schema.org\",\"@graph\":[{\"@type\":\"WebPage\",\"@id\":\"https:\/\/www.cinesouk.ma\/product\/sennheiser-ek-500-g4-aw-beltpack-transmitter\/\",\"url\":\"https:\/\/www.cinesouk.ma\/product\/sennheiser-ek-500-g4-aw-beltpack-transmitter\/\",\"name\":\"Sennheiser EK 500 G4 AW+ Beltpack Transmitter - CineSouk - For rent\",\"isPartOf\":{\"@id\":\"https:\/\/www.cinesouk.ma\/#website\"},\"primaryImageOfPage\":{\"@id\":\"https:\/\/www.cinesouk.ma\/product\/sennheiser-ek-500-g4-aw-beltpack-transmitter\/#primaryimage\"},\"image\":{\"@id\":\"https:\/\/www.cinesouk.ma\/product\/sennheiser-ek-500-g4-aw-beltpack-transmitter\/#primaryimage\"},\"thumbnailUrl\":\"https:\/\/www.cinesouk.ma\/wp-content\/uploads\/2024\/01\/trrrr.jpg\",\"datePublished\":\"2024-01-22T09:48:37+00:00\",\"dateModified\":\"2025-08-26T14:56:41+00:00\",\"description\":\"The Sennheiser EK 500 G4 AW + Beltpack Transmitter for lavalier, headset, or XLR adapter. - Marrakech | Morocco - CineSouk\",\"breadcrumb\":{\"@id\":\"https:\/\/www.cinesouk.ma\/product\/sennheiser-ek-500-g4-aw-beltpack-transmitter\/#breadcrumb\"},\"inLanguage\":\"fr-FR\",\"potentialAction\":[{\"@type\":\"ReadAction\",\"target\":[\"https:\/\/www.cinesouk.ma\/product\/sennheiser-ek-500-g4-aw-beltpack-transmitter\/\"]}]},{\"@type\":\"ImageObject\",\"inLanguage\":\"fr-FR\",\"@id\":\"https:\/\/www.cinesouk.ma\/product\/sennheiser-ek-500-g4-aw-beltpack-transmitter\/#primaryimage\",\"url\":\"https:\/\/www.cinesouk.ma\/wp-content\/uploads\/2024\/01\/trrrr.jpg\",\"contentUrl\":\"https:\/\/www.cinesouk.ma\/wp-content\/uploads\/2024\/01\/trrrr.jpg\",\"width\":300,\"height\":238},{\"@type\":\"BreadcrumbList\",\"@id\":\"https:\/\/www.cinesouk.ma\/product\/sennheiser-ek-500-g4-aw-beltpack-transmitter\/#breadcrumb\",\"itemListElement\":[{\"@type\":\"ListItem\",\"position\":1,\"name\":\"Home\",\"item\":\"https:\/\/www.cinesouk.ma\/\"},{\"@type\":\"ListItem\",\"position\":2,\"name\":\"Shop\",\"item\":\"https:\/\/www.cinesouk.ma\/shop\/\"},{\"@type\":\"ListItem\",\"position\":3,\"name\":\"Sennheiser EK 500 G4 AW+ Beltpack Transmitter\"}]},{\"@type\":\"WebSite\",\"@id\":\"https:\/\/www.cinesouk.ma\/#website\",\"url\":\"https:\/\/www.cinesouk.ma\/\",\"name\":\"CineSouk\",\"description\":\"\",\"publisher\":{\"@id\":\"https:\/\/www.cinesouk.ma\/#organization\"},\"potentialAction\":[{\"@type\":\"SearchAction\",\"target\":{\"@type\":\"EntryPoint\",\"urlTemplate\":\"https:\/\/www.cinesouk.ma\/?s={search_term_string}\"},\"query-input\":{\"@type\":\"PropertyValueSpecification\",\"valueRequired\":true,\"valueName\":\"search_term_string\"}}],\"inLanguage\":\"fr-FR\"},{\"@type\":\"Organization\",\"@id\":\"https:\/\/www.cinesouk.ma\/#organization\",\"name\":\"CineSouk\",\"url\":\"https:\/\/www.cinesouk.ma\/\",\"logo\":{\"@type\":\"ImageObject\",\"inLanguage\":\"fr-FR\",\"@id\":\"https:\/\/www.cinesouk.ma\/#\/schema\/logo\/image\/\",\"url\":\"https:\/\/www.cinesouk.ma\/wp-content\/uploads\/2024\/01\/CineSouk-logo-v01-alpha-alligned-left.png\",\"contentUrl\":\"https:\/\/www.cinesouk.ma\/wp-content\/uploads\/2024\/01\/CineSouk-logo-v01-alpha-alligned-left.png\",\"width\":3204,\"height\":889,\"caption\":\"CineSouk\"},\"image\":{\"@id\":\"https:\/\/www.cinesouk.ma\/#\/schema\/logo\/image\/\"}}]}<\/script>\n<!-- \/ Yoast SEO Premium plugin. -->","yoast_head_json":{"title":"Sennheiser EK 500 G4 AW+ Beltpack Transmitter - CineSouk - For rent","description":"The Sennheiser EK 500 G4 AW + Beltpack Transmitter for lavalier, headset, or XLR adapter. - Marrakech | Morocco - CineSouk","robots":{"index":"index","follow":"follow","max-snippet":"max-snippet:-1","max-image-preview":"max-image-preview:large","max-video-preview":"max-video-preview:-1"},"canonical":"https:\/\/www.cinesouk.ma\/fr\/produit\/sennheiser-ek-500-g4-aw-beltpack-transmitter\/","og_locale":"fr_FR","og_type":"article","og_title":"Sennheiser EK 500 G4 AW+ Beltpack Transmitter","og_description":"The Sennheiser EK 500 G4 AW + Beltpack Transmitter for lavalier, headset, or XLR adapter. - Marrakech | Morocco - CineSouk","og_url":"https:\/\/www.cinesouk.ma\/fr\/produit\/sennheiser-ek-500-g4-aw-beltpack-transmitter\/","og_site_name":"CineSouk","article_modified_time":"2025-08-26T14:56:41+00:00","og_image":[{"width":300,"height":238,"url":"https:\/\/www.cinesouk.ma\/wp-content\/uploads\/2024\/01\/trrrr.jpg","type":"image\/jpeg"}],"twitter_card":"summary_large_image","twitter_description":"The Sennheiser EK 500 G4 AW + Beltpack Transmitter for lavalier, headset, or XLR adapter. - Marrakech | Morocco - CineSouk","twitter_misc":{"Dur\u00e9e de lecture estim\u00e9e":"1 minute"},"schema":{"@context":"https:\/\/schema.org","@graph":[{"@type":"WebPage","@id":"https:\/\/www.cinesouk.ma\/product\/sennheiser-ek-500-g4-aw-beltpack-transmitter\/","url":"https:\/\/www.cinesouk.ma\/product\/sennheiser-ek-500-g4-aw-beltpack-transmitter\/","name":"Sennheiser EK 500 G4 AW+ Beltpack Transmitter - CineSouk - For rent","isPartOf":{"@id":"https:\/\/www.cinesouk.ma\/#website"},"primaryImageOfPage":{"@id":"https:\/\/www.cinesouk.ma\/product\/sennheiser-ek-500-g4-aw-beltpack-transmitter\/#primaryimage"},"image":{"@id":"https:\/\/www.cinesouk.ma\/product\/sennheiser-ek-500-g4-aw-beltpack-transmitter\/#primaryimage"},"thumbnailUrl":"https:\/\/www.cinesouk.ma\/wp-content\/uploads\/2024\/01\/trrrr.jpg","datePublished":"2024-01-22T09:48:37+00:00","dateModified":"2025-08-26T14:56:41+00:00","description":"The Sennheiser EK 500 G4 AW + Beltpack Transmitter for lavalier, headset, or XLR adapter. - Marrakech | Morocco - CineSouk","breadcrumb":{"@id":"https:\/\/www.cinesouk.ma\/product\/sennheiser-ek-500-g4-aw-beltpack-transmitter\/#breadcrumb"},"inLanguage":"fr-FR","potentialAction":[{"@type":"ReadAction","target":["https:\/\/www.cinesouk.ma\/product\/sennheiser-ek-500-g4-aw-beltpack-transmitter\/"]}]},{"@type":"ImageObject","inLanguage":"fr-FR","@id":"https:\/\/www.cinesouk.ma\/product\/sennheiser-ek-500-g4-aw-beltpack-transmitter\/#primaryimage","url":"https:\/\/www.cinesouk.ma\/wp-content\/uploads\/2024\/01\/trrrr.jpg","contentUrl":"https:\/\/www.cinesouk.ma\/wp-content\/uploads\/2024\/01\/trrrr.jpg","width":300,"height":238},{"@type":"BreadcrumbList","@id":"https:\/\/www.cinesouk.ma\/product\/sennheiser-ek-500-g4-aw-beltpack-transmitter\/#breadcrumb","itemListElement":[{"@type":"ListItem","position":1,"name":"Home","item":"https:\/\/www.cinesouk.ma\/"},{"@type":"ListItem","position":2,"name":"Shop","item":"https:\/\/www.cinesouk.ma\/shop\/"},{"@type":"ListItem","position":3,"name":"Sennheiser EK 500 G4 AW+ Beltpack Transmitter"}]},{"@type":"WebSite","@id":"https:\/\/www.cinesouk.ma\/#website","url":"https:\/\/www.cinesouk.ma\/","name":"CineSouk","description":"","publisher":{"@id":"https:\/\/www.cinesouk.ma\/#organization"},"potentialAction":[{"@type":"SearchAction","target":{"@type":"EntryPoint","urlTemplate":"https:\/\/www.cinesouk.ma\/?s={search_term_string}"},"query-input":{"@type":"PropertyValueSpecification","valueRequired":true,"valueName":"search_term_string"}}],"inLanguage":"fr-FR"},{"@type":"Organization","@id":"https:\/\/www.cinesouk.ma\/#organization","name":"CineSouk","url":"https:\/\/www.cinesouk.ma\/","logo":{"@type":"ImageObject","inLanguage":"fr-FR","@id":"https:\/\/www.cinesouk.ma\/#\/schema\/logo\/image\/","url":"https:\/\/www.cinesouk.ma\/wp-content\/uploads\/2024\/01\/CineSouk-logo-v01-alpha-alligned-left.png","contentUrl":"https:\/\/www.cinesouk.ma\/wp-content\/uploads\/2024\/01\/CineSouk-logo-v01-alpha-alligned-left.png","width":3204,"height":889,"caption":"CineSouk"},"image":{"@id":"https:\/\/www.cinesouk.ma\/#\/schema\/logo\/image\/"}}]}},"_links":{"self":[{"href":"https:\/\/www.cinesouk.ma\/fr\/wp-json\/wp\/v2\/product\/3342","targetHints":{"allow":["GET"]}}],"collection":[{"href":"https:\/\/www.cinesouk.ma\/fr\/wp-json\/wp\/v2\/product"}],"about":[{"href":"https:\/\/www.cinesouk.ma\/fr\/wp-json\/wp\/v2\/types\/product"}],"wp:featuredmedia":[{"embeddable":true,"href":"https:\/\/www.cinesouk.ma\/fr\/wp-json\/wp\/v2\/media\/3343"}],"wp:attachment":[{"href":"https:\/\/www.cinesouk.ma\/fr\/wp-json\/wp\/v2\/media?parent=3342"}],"wp:term":[{"taxonomy":"product_brand","embeddable":true,"href":"https:\/\/www.cinesouk.ma\/fr\/wp-json\/wp\/v2\/product_brand?post=3342"},{"taxonomy":"product_cat","embeddable":true,"href":"https:\/\/www.cinesouk.ma\/fr\/wp-json\/wp\/v2\/product_cat?post=3342"},{"taxonomy":"product_tag","embeddable":true,"href":"https:\/\/www.cinesouk.ma\/fr\/wp-json\/wp\/v2\/product_tag?post=3342"}],"curies":[{"name":"wp","href":"https:\/\/api.w.org\/{rel}","templated":true}]}}