{"id":3353,"date":"2024-01-22T09:56:00","date_gmt":"2024-01-22T09:56:00","guid":{"rendered":"https:\/\/www.cinesouk.ma\/?post_type=product&#038;p=3353"},"modified":"2025-08-26T14:56:40","modified_gmt":"2025-08-26T14:56:40","slug":"rode-boompole-pro","status":"publish","type":"product","link":"https:\/\/www.cinesouk.ma\/fr\/produit\/rode-boompole-pro\/","title":{"rendered":"Rode Boompole Pro"},"content":{"rendered":"<p>La perche Rode Boompole Pro est une perche professionnelle l\u00e9g\u00e8re et extensible en aluminium pour l'enregistrement en ext\u00e9rieur. La perche Rode Boompole s'\u00e9tend sur une longueur de trois m\u00e8tres. Elle peut \u00eatre utilis\u00e9e avec les microphones Rode NTG-1, NTG-2, NTG-3, NT4, NT5, NT55 et M3.<\/p>\n<h4>La marque :<\/h4>\n<p>R\u00d8DE est un leader mondial de la technologie audio dont la mission est d'amplifier la voix et la vision des cr\u00e9ateurs du monde entier. Forte d'une histoire de plus de 50 ans, R\u00d8DE est une entreprise australienne unique en son genre qui se passionne pour l'innovation. Elle s'est engag\u00e9e \u00e0 rendre l'incroyable audio accessible \u00e0 tous. Depuis le d\u00e9but, l'entreprise est \u00e0 l'avant-garde de la technologie des cr\u00e9ateurs, r\u00e9volutionnant tout, de l'enregistrement en home studio \u00e0 l'audio pour la r\u00e9alisation de films en passant par le podcasting, avec des produits embl\u00e9matiques qui continuent d'inspirer.<\/p>\n<p>Louez le Rode Boompole Pro d\u00e8s maintenant sur <a href=\"https:\/\/www.cinesouk.ma\/fr\">CINESOUK<\/a> - une marque de <a href=\"https:\/\/www.broadway.ma\/\">BROADWAY PRODUCTIONS SARL.<\/a><\/p>","protected":false},"excerpt":{"rendered":"<p>Sp\u00e9cifications :<\/p>\n<p>Marque : Rode<br \/>\nMod\u00e8le : Boompole Pro<br \/>\nType : Perche en fibre de carbone<br \/>\nLongueur : R\u00e9glable<br \/>\nPoids : Variable<\/p>","protected":false},"featured_media":3354,"template":"","meta":{"om_disable_all_campaigns":false,"_monsterinsights_skip_tracking":false,"_monsterinsights_sitenote_active":false,"_monsterinsights_sitenote_note":"","_monsterinsights_sitenote_category":0,"_uf_show_specific_survey":0,"_uf_disable_surveys":false},"product_brand":[],"product_cat":[83,35],"product_tag":[],"class_list":{"0":"post-3353","1":"product","2":"type-product","3":"status-publish","4":"has-post-thumbnail","6":"product_cat-efp-eng-cinesouk","7":"product_cat-sound-cinesouk","9":"entry","10":"has-media","12":"first","13":"instock","14":"taxable","15":"shipping-taxable","16":"purchasable","17":"product-type-variable","18":"has-product-nav","19":"col","20":"span_1_of_3","21":"owp-content-center","22":"owp-thumbs-layout-horizontal","23":"owp-btn-normal","24":"owp-tabs-layout-horizontal","25":"has-no-thumbnails"},"yoast_head":"<!-- This site is optimized with the Yoast SEO Premium plugin v26.0 (Yoast SEO v26.0) - https:\/\/yoast.com\/wordpress\/plugins\/seo\/ -->\n<title>Rode Boompole Pro - Marrakech | Morocco - CineSouk - For rent<\/title>\n<meta name=\"description\" content=\"The Rode Boompole pro is a professional lightweight aluminum extendable boom pole for location recording. Compatible with multiple microphones. - CineSouk\" \/>\n<meta name=\"robots\" content=\"index, follow, max-snippet:-1, max-image-preview:large, max-video-preview:-1\" \/>\n<link rel=\"canonical\" href=\"https:\/\/www.cinesouk.ma\/fr\/produit\/rode-boompole-pro\/\" \/>\n<meta property=\"og:locale\" content=\"fr_FR\" \/>\n<meta property=\"og:type\" content=\"article\" \/>\n<meta property=\"og:title\" content=\"Rode Boompole Pro\" \/>\n<meta property=\"og:description\" content=\"The Rode Boompole pro is a professional lightweight aluminum extendable boom pole for location recording. Compatible with multiple microphones. - CineSouk\" \/>\n<meta property=\"og:url\" content=\"https:\/\/www.cinesouk.ma\/fr\/produit\/rode-boompole-pro\/\" \/>\n<meta property=\"og:site_name\" content=\"CineSouk\" \/>\n<meta property=\"article:modified_time\" content=\"2025-08-26T14:56:40+00:00\" \/>\n<meta property=\"og:image\" content=\"https:\/\/www.cinesouk.ma\/wp-content\/uploads\/2024\/01\/Rode-Boompole-Pro.jpg\" \/>\n\t<meta property=\"og:image:width\" content=\"300\" \/>\n\t<meta property=\"og:image:height\" content=\"238\" \/>\n\t<meta property=\"og:image:type\" content=\"image\/jpeg\" \/>\n<meta name=\"twitter:card\" content=\"summary_large_image\" \/>\n<meta name=\"twitter:description\" content=\"The Rode Boompole pro is a professional lightweight aluminum extendable boom pole for location recording. Compatible with multiple microphones. - CineSouk\" \/>\n<meta name=\"twitter:label1\" content=\"Dur\u00e9e de lecture estim\u00e9e\" \/>\n\t<meta name=\"twitter:data1\" content=\"1 minute\" \/>\n<script type=\"application\/ld+json\" class=\"yoast-schema-graph\">{\"@context\":\"https:\/\/schema.org\",\"@graph\":[{\"@type\":\"WebPage\",\"@id\":\"https:\/\/www.cinesouk.ma\/product\/rode-boompole-pro\/\",\"url\":\"https:\/\/www.cinesouk.ma\/product\/rode-boompole-pro\/\",\"name\":\"Rode Boompole Pro - Marrakech | Morocco - CineSouk - For rent\",\"isPartOf\":{\"@id\":\"https:\/\/www.cinesouk.ma\/#website\"},\"primaryImageOfPage\":{\"@id\":\"https:\/\/www.cinesouk.ma\/product\/rode-boompole-pro\/#primaryimage\"},\"image\":{\"@id\":\"https:\/\/www.cinesouk.ma\/product\/rode-boompole-pro\/#primaryimage\"},\"thumbnailUrl\":\"https:\/\/www.cinesouk.ma\/wp-content\/uploads\/2024\/01\/Rode-Boompole-Pro.jpg\",\"datePublished\":\"2024-01-22T09:56:00+00:00\",\"dateModified\":\"2025-08-26T14:56:40+00:00\",\"description\":\"The Rode Boompole pro is a professional lightweight aluminum extendable boom pole for location recording. Compatible with multiple microphones. - CineSouk\",\"breadcrumb\":{\"@id\":\"https:\/\/www.cinesouk.ma\/product\/rode-boompole-pro\/#breadcrumb\"},\"inLanguage\":\"fr-FR\",\"potentialAction\":[{\"@type\":\"ReadAction\",\"target\":[\"https:\/\/www.cinesouk.ma\/product\/rode-boompole-pro\/\"]}]},{\"@type\":\"ImageObject\",\"inLanguage\":\"fr-FR\",\"@id\":\"https:\/\/www.cinesouk.ma\/product\/rode-boompole-pro\/#primaryimage\",\"url\":\"https:\/\/www.cinesouk.ma\/wp-content\/uploads\/2024\/01\/Rode-Boompole-Pro.jpg\",\"contentUrl\":\"https:\/\/www.cinesouk.ma\/wp-content\/uploads\/2024\/01\/Rode-Boompole-Pro.jpg\",\"width\":300,\"height\":238,\"caption\":\"Rode Boompole Pro\"},{\"@type\":\"BreadcrumbList\",\"@id\":\"https:\/\/www.cinesouk.ma\/product\/rode-boompole-pro\/#breadcrumb\",\"itemListElement\":[{\"@type\":\"ListItem\",\"position\":1,\"name\":\"Home\",\"item\":\"https:\/\/www.cinesouk.ma\/\"},{\"@type\":\"ListItem\",\"position\":2,\"name\":\"Shop\",\"item\":\"https:\/\/www.cinesouk.ma\/shop\/\"},{\"@type\":\"ListItem\",\"position\":3,\"name\":\"Rode Boompole Pro\"}]},{\"@type\":\"WebSite\",\"@id\":\"https:\/\/www.cinesouk.ma\/#website\",\"url\":\"https:\/\/www.cinesouk.ma\/\",\"name\":\"CineSouk\",\"description\":\"\",\"publisher\":{\"@id\":\"https:\/\/www.cinesouk.ma\/#organization\"},\"potentialAction\":[{\"@type\":\"SearchAction\",\"target\":{\"@type\":\"EntryPoint\",\"urlTemplate\":\"https:\/\/www.cinesouk.ma\/?s={search_term_string}\"},\"query-input\":{\"@type\":\"PropertyValueSpecification\",\"valueRequired\":true,\"valueName\":\"search_term_string\"}}],\"inLanguage\":\"fr-FR\"},{\"@type\":\"Organization\",\"@id\":\"https:\/\/www.cinesouk.ma\/#organization\",\"name\":\"CineSouk\",\"url\":\"https:\/\/www.cinesouk.ma\/\",\"logo\":{\"@type\":\"ImageObject\",\"inLanguage\":\"fr-FR\",\"@id\":\"https:\/\/www.cinesouk.ma\/#\/schema\/logo\/image\/\",\"url\":\"https:\/\/www.cinesouk.ma\/wp-content\/uploads\/2024\/01\/CineSouk-logo-v01-alpha-alligned-left.png\",\"contentUrl\":\"https:\/\/www.cinesouk.ma\/wp-content\/uploads\/2024\/01\/CineSouk-logo-v01-alpha-alligned-left.png\",\"width\":3204,\"height\":889,\"caption\":\"CineSouk\"},\"image\":{\"@id\":\"https:\/\/www.cinesouk.ma\/#\/schema\/logo\/image\/\"}}]}<\/script>\n<!-- \/ Yoast SEO Premium plugin. -->","yoast_head_json":{"title":"Rode Boompole Pro - Marrakech | Morocco - CineSouk - For rent","description":"The Rode Boompole pro is a professional lightweight aluminum extendable boom pole for location recording. Compatible with multiple microphones. - CineSouk","robots":{"index":"index","follow":"follow","max-snippet":"max-snippet:-1","max-image-preview":"max-image-preview:large","max-video-preview":"max-video-preview:-1"},"canonical":"https:\/\/www.cinesouk.ma\/fr\/produit\/rode-boompole-pro\/","og_locale":"fr_FR","og_type":"article","og_title":"Rode Boompole Pro","og_description":"The Rode Boompole pro is a professional lightweight aluminum extendable boom pole for location recording. Compatible with multiple microphones. - CineSouk","og_url":"https:\/\/www.cinesouk.ma\/fr\/produit\/rode-boompole-pro\/","og_site_name":"CineSouk","article_modified_time":"2025-08-26T14:56:40+00:00","og_image":[{"width":300,"height":238,"url":"https:\/\/www.cinesouk.ma\/wp-content\/uploads\/2024\/01\/Rode-Boompole-Pro.jpg","type":"image\/jpeg"}],"twitter_card":"summary_large_image","twitter_description":"The Rode Boompole pro is a professional lightweight aluminum extendable boom pole for location recording. Compatible with multiple microphones. - CineSouk","twitter_misc":{"Dur\u00e9e de lecture estim\u00e9e":"1 minute"},"schema":{"@context":"https:\/\/schema.org","@graph":[{"@type":"WebPage","@id":"https:\/\/www.cinesouk.ma\/product\/rode-boompole-pro\/","url":"https:\/\/www.cinesouk.ma\/product\/rode-boompole-pro\/","name":"Rode Boompole Pro - Marrakech | Morocco - CineSouk - For rent","isPartOf":{"@id":"https:\/\/www.cinesouk.ma\/#website"},"primaryImageOfPage":{"@id":"https:\/\/www.cinesouk.ma\/product\/rode-boompole-pro\/#primaryimage"},"image":{"@id":"https:\/\/www.cinesouk.ma\/product\/rode-boompole-pro\/#primaryimage"},"thumbnailUrl":"https:\/\/www.cinesouk.ma\/wp-content\/uploads\/2024\/01\/Rode-Boompole-Pro.jpg","datePublished":"2024-01-22T09:56:00+00:00","dateModified":"2025-08-26T14:56:40+00:00","description":"The Rode Boompole pro is a professional lightweight aluminum extendable boom pole for location recording. Compatible with multiple microphones. - CineSouk","breadcrumb":{"@id":"https:\/\/www.cinesouk.ma\/product\/rode-boompole-pro\/#breadcrumb"},"inLanguage":"fr-FR","potentialAction":[{"@type":"ReadAction","target":["https:\/\/www.cinesouk.ma\/product\/rode-boompole-pro\/"]}]},{"@type":"ImageObject","inLanguage":"fr-FR","@id":"https:\/\/www.cinesouk.ma\/product\/rode-boompole-pro\/#primaryimage","url":"https:\/\/www.cinesouk.ma\/wp-content\/uploads\/2024\/01\/Rode-Boompole-Pro.jpg","contentUrl":"https:\/\/www.cinesouk.ma\/wp-content\/uploads\/2024\/01\/Rode-Boompole-Pro.jpg","width":300,"height":238,"caption":"Rode Boompole Pro"},{"@type":"BreadcrumbList","@id":"https:\/\/www.cinesouk.ma\/product\/rode-boompole-pro\/#breadcrumb","itemListElement":[{"@type":"ListItem","position":1,"name":"Home","item":"https:\/\/www.cinesouk.ma\/"},{"@type":"ListItem","position":2,"name":"Shop","item":"https:\/\/www.cinesouk.ma\/shop\/"},{"@type":"ListItem","position":3,"name":"Rode Boompole Pro"}]},{"@type":"WebSite","@id":"https:\/\/www.cinesouk.ma\/#website","url":"https:\/\/www.cinesouk.ma\/","name":"CineSouk","description":"","publisher":{"@id":"https:\/\/www.cinesouk.ma\/#organization"},"potentialAction":[{"@type":"SearchAction","target":{"@type":"EntryPoint","urlTemplate":"https:\/\/www.cinesouk.ma\/?s={search_term_string}"},"query-input":{"@type":"PropertyValueSpecification","valueRequired":true,"valueName":"search_term_string"}}],"inLanguage":"fr-FR"},{"@type":"Organization","@id":"https:\/\/www.cinesouk.ma\/#organization","name":"CineSouk","url":"https:\/\/www.cinesouk.ma\/","logo":{"@type":"ImageObject","inLanguage":"fr-FR","@id":"https:\/\/www.cinesouk.ma\/#\/schema\/logo\/image\/","url":"https:\/\/www.cinesouk.ma\/wp-content\/uploads\/2024\/01\/CineSouk-logo-v01-alpha-alligned-left.png","contentUrl":"https:\/\/www.cinesouk.ma\/wp-content\/uploads\/2024\/01\/CineSouk-logo-v01-alpha-alligned-left.png","width":3204,"height":889,"caption":"CineSouk"},"image":{"@id":"https:\/\/www.cinesouk.ma\/#\/schema\/logo\/image\/"}}]}},"_links":{"self":[{"href":"https:\/\/www.cinesouk.ma\/fr\/wp-json\/wp\/v2\/product\/3353","targetHints":{"allow":["GET"]}}],"collection":[{"href":"https:\/\/www.cinesouk.ma\/fr\/wp-json\/wp\/v2\/product"}],"about":[{"href":"https:\/\/www.cinesouk.ma\/fr\/wp-json\/wp\/v2\/types\/product"}],"wp:featuredmedia":[{"embeddable":true,"href":"https:\/\/www.cinesouk.ma\/fr\/wp-json\/wp\/v2\/media\/3354"}],"wp:attachment":[{"href":"https:\/\/www.cinesouk.ma\/fr\/wp-json\/wp\/v2\/media?parent=3353"}],"wp:term":[{"taxonomy":"product_brand","embeddable":true,"href":"https:\/\/www.cinesouk.ma\/fr\/wp-json\/wp\/v2\/product_brand?post=3353"},{"taxonomy":"product_cat","embeddable":true,"href":"https:\/\/www.cinesouk.ma\/fr\/wp-json\/wp\/v2\/product_cat?post=3353"},{"taxonomy":"product_tag","embeddable":true,"href":"https:\/\/www.cinesouk.ma\/fr\/wp-json\/wp\/v2\/product_tag?post=3353"}],"curies":[{"name":"wp","href":"https:\/\/api.w.org\/{rel}","templated":true}]}}