{"id":3360,"date":"2024-01-22T09:58:39","date_gmt":"2024-01-22T09:58:39","guid":{"rendered":"https:\/\/www.cinesouk.ma\/?post_type=product&#038;p=3360"},"modified":"2025-08-26T14:56:40","modified_gmt":"2025-08-26T14:56:40","slug":"rode-blimp-windshield","status":"publish","type":"product","link":"https:\/\/www.cinesouk.ma\/fr\/produit\/rode-blimp-windshield\/","title":{"rendered":"Rode Blimp \/ Pare-brise"},"content":{"rendered":"<p>Le Blimp \/ Windshield de Rode est une solution compl\u00e8te pour l'enregistrement audio professionnel. Gr\u00e2ce \u00e0 sa construction de haute qualit\u00e9 et \u00e0 ses caract\u00e9ristiques avanc\u00e9es, ce kit offre une protection optimale et une r\u00e9duction du bruit du vent pour les microphones canon. Le micro, combin\u00e9 aux accessoires inclus, garantit une qualit\u00e9 audio de premier ordre, ce qui en fait un choix essentiel pour les cin\u00e9astes et les professionnels du son \u00e0 la recherche d'une capture audio de qualit\u00e9 sup\u00e9rieure dans diverses conditions.<\/p>\n<h4>Caract\u00e9ristiques principales de l'AL300 :<\/h4>\n<ul>\n<li>Blimp - Pare-vent et syst\u00e8me de montage des amortisseurs<\/li>\n<li>Perche 320 cm aluminium<\/li>\n<li>Suspension \u00e9lastique<\/li>\n<li>Pare-brise<\/li>\n<li>Windjammer<\/li>\n<\/ul>\n<h4>AL300 Blimp - Bouclier anti-vent et syst\u00e8me de montage pour les chocs :<\/h4>\n<ul>\n<li>R\u00e9duit consid\u00e9rablement les bruits de manipulation et de vent<\/li>\n<li>S'adapte \u00e0 la plupart des microphones canon 325 mm de long et 19-22 mm de diam\u00e8tre<\/li>\n<li>Syst\u00e8me de suspension Rycote Lyre \u00e0 bord avec guide d'espacement interne<\/li>\n<li>Poign\u00e9e squelette l\u00e9g\u00e8re avec fixation filet\u00e9e 3\/8<\/li>\n<li>C\u00e2ble Mogami avec connecteurs XLR Neutrik et Switchcraft<\/li>\n<\/ul>\n<h4>Fl\u00e8che en tube d'aluminium en 4 parties :<\/h4>\n<ul>\n<li>Filetage 3\/8\u2033.<\/li>\n<li>Longueur de 85 \u00e0 328cm<\/li>\n<li>Charge maximale : 1,5Kg<\/li>\n<li>Poids : 950g<\/li>\n<\/ul>\n<p>Rode est un leader mondial de la technologie audio dont la mission est d'amplifier la voix et la vision des cr\u00e9ateurs du monde entier. Ils ont \u00e9t\u00e9 \u00e0 l'avant-garde de la technologie des cr\u00e9ateurs, r\u00e9volutionnant tout, de l'enregistrement en home studio \u00e0 l'audio pour la r\u00e9alisation de films en passant par le podcasting, avec des produits embl\u00e9matiques qui continuent d'\u00eatre une source d'inspiration.<\/p>\n<p>Louez le RODE Blimp \/ Windshield maintenant \u00e0 <a href=\"https:\/\/www.cinesouk.ma\/fr\">CINESOUK<\/a> - une marque de <a href=\"https:\/\/www.broadway.ma\/\">BROADWAY PRODUCTIONS SARL.<\/a><\/p>","protected":false},"excerpt":{"rendered":"<p>Sp\u00e9cifications :<\/p>\n<p>Marque : Rode<br \/>\nMod\u00e8le : Boom AL300 Zeppelin Kit<br \/>\nType : Syst\u00e8me de fixation du pare-brise et de l'amortisseur<br \/>\nCompatibilit\u00e9 : Microphones canon<br \/>\nPoids : Variable<\/p>","protected":false},"featured_media":8305,"template":"","meta":{"om_disable_all_campaigns":false,"_monsterinsights_skip_tracking":false,"_monsterinsights_sitenote_active":false,"_monsterinsights_sitenote_note":"","_monsterinsights_sitenote_category":0,"_uf_show_specific_survey":0,"_uf_disable_surveys":false},"product_brand":[],"product_cat":[83,35],"product_tag":[],"class_list":{"0":"post-3360","1":"product","2":"type-product","3":"status-publish","4":"has-post-thumbnail","6":"product_cat-efp-eng-cinesouk","7":"product_cat-sound-cinesouk","9":"entry","10":"has-media","12":"first","13":"instock","14":"taxable","15":"shipping-taxable","16":"purchasable","17":"product-type-variable","18":"has-product-nav","19":"col","20":"span_1_of_3","21":"owp-content-center","22":"owp-thumbs-layout-horizontal","23":"owp-btn-normal","24":"owp-tabs-layout-horizontal","25":"has-no-thumbnails"},"yoast_head":"<!-- This site is optimized with the Yoast SEO Premium plugin v26.0 (Yoast SEO v26.0) - https:\/\/yoast.com\/wordpress\/plugins\/seo\/ -->\n<title>Rode Blimp \/ Windshield - CineSouk - For rent<\/title>\n<meta name=\"description\" content=\"Enhance your audio recording with the Rode Blimp \/ Windshield, a premium solution for professional-level sound capture. - Marrakech | Morocco\" \/>\n<meta name=\"robots\" content=\"index, follow, max-snippet:-1, max-image-preview:large, max-video-preview:-1\" \/>\n<link rel=\"canonical\" href=\"https:\/\/www.cinesouk.ma\/fr\/produit\/rode-blimp-windshield\/\" \/>\n<meta property=\"og:locale\" content=\"fr_FR\" \/>\n<meta property=\"og:type\" content=\"article\" \/>\n<meta property=\"og:title\" content=\"Rode Blimp \/ Windshield\" \/>\n<meta property=\"og:description\" content=\"Enhance your audio recording with the Rode Blimp \/ Windshield, a premium solution for professional-level sound capture. - Marrakech | Morocco\" \/>\n<meta property=\"og:url\" content=\"https:\/\/www.cinesouk.ma\/fr\/produit\/rode-blimp-windshield\/\" \/>\n<meta property=\"og:site_name\" content=\"CineSouk\" \/>\n<meta property=\"article:modified_time\" content=\"2025-08-26T14:56:40+00:00\" \/>\n<meta property=\"og:image\" content=\"https:\/\/www.cinesouk.ma\/wp-content\/uploads\/2024\/01\/rode.jpg\" \/>\n\t<meta property=\"og:image:width\" content=\"300\" \/>\n\t<meta property=\"og:image:height\" content=\"238\" \/>\n\t<meta property=\"og:image:type\" content=\"image\/jpeg\" \/>\n<meta name=\"twitter:card\" content=\"summary_large_image\" \/>\n<meta name=\"twitter:description\" content=\"Enhance your audio recording with the Rode Blimp \/ Windshield, a premium solution for professional-level sound capture. - Marrakech | Morocco\" \/>\n<meta name=\"twitter:label1\" content=\"Dur\u00e9e de lecture estim\u00e9e\" \/>\n\t<meta name=\"twitter:data1\" content=\"2 minutes\" \/>\n<script type=\"application\/ld+json\" class=\"yoast-schema-graph\">{\"@context\":\"https:\/\/schema.org\",\"@graph\":[{\"@type\":\"WebPage\",\"@id\":\"https:\/\/www.cinesouk.ma\/product\/rode-blimp-windshield\/\",\"url\":\"https:\/\/www.cinesouk.ma\/product\/rode-blimp-windshield\/\",\"name\":\"Rode Blimp \/ Windshield - CineSouk - For rent\",\"isPartOf\":{\"@id\":\"https:\/\/www.cinesouk.ma\/#website\"},\"primaryImageOfPage\":{\"@id\":\"https:\/\/www.cinesouk.ma\/product\/rode-blimp-windshield\/#primaryimage\"},\"image\":{\"@id\":\"https:\/\/www.cinesouk.ma\/product\/rode-blimp-windshield\/#primaryimage\"},\"thumbnailUrl\":\"https:\/\/www.cinesouk.ma\/wp-content\/uploads\/2024\/01\/rode.jpg\",\"datePublished\":\"2024-01-22T09:58:39+00:00\",\"dateModified\":\"2025-08-26T14:56:40+00:00\",\"description\":\"Enhance your audio recording with the Rode Blimp \/ Windshield, a premium solution for professional-level sound capture. - Marrakech | Morocco\",\"breadcrumb\":{\"@id\":\"https:\/\/www.cinesouk.ma\/product\/rode-blimp-windshield\/#breadcrumb\"},\"inLanguage\":\"fr-FR\",\"potentialAction\":[{\"@type\":\"ReadAction\",\"target\":[\"https:\/\/www.cinesouk.ma\/product\/rode-blimp-windshield\/\"]}]},{\"@type\":\"ImageObject\",\"inLanguage\":\"fr-FR\",\"@id\":\"https:\/\/www.cinesouk.ma\/product\/rode-blimp-windshield\/#primaryimage\",\"url\":\"https:\/\/www.cinesouk.ma\/wp-content\/uploads\/2024\/01\/rode.jpg\",\"contentUrl\":\"https:\/\/www.cinesouk.ma\/wp-content\/uploads\/2024\/01\/rode.jpg\",\"width\":300,\"height\":238},{\"@type\":\"BreadcrumbList\",\"@id\":\"https:\/\/www.cinesouk.ma\/product\/rode-blimp-windshield\/#breadcrumb\",\"itemListElement\":[{\"@type\":\"ListItem\",\"position\":1,\"name\":\"Home\",\"item\":\"https:\/\/www.cinesouk.ma\/\"},{\"@type\":\"ListItem\",\"position\":2,\"name\":\"Shop\",\"item\":\"https:\/\/www.cinesouk.ma\/shop\/\"},{\"@type\":\"ListItem\",\"position\":3,\"name\":\"Rode Blimp \/ Windshield\"}]},{\"@type\":\"WebSite\",\"@id\":\"https:\/\/www.cinesouk.ma\/#website\",\"url\":\"https:\/\/www.cinesouk.ma\/\",\"name\":\"CineSouk\",\"description\":\"\",\"publisher\":{\"@id\":\"https:\/\/www.cinesouk.ma\/#organization\"},\"potentialAction\":[{\"@type\":\"SearchAction\",\"target\":{\"@type\":\"EntryPoint\",\"urlTemplate\":\"https:\/\/www.cinesouk.ma\/?s={search_term_string}\"},\"query-input\":{\"@type\":\"PropertyValueSpecification\",\"valueRequired\":true,\"valueName\":\"search_term_string\"}}],\"inLanguage\":\"fr-FR\"},{\"@type\":\"Organization\",\"@id\":\"https:\/\/www.cinesouk.ma\/#organization\",\"name\":\"CineSouk\",\"url\":\"https:\/\/www.cinesouk.ma\/\",\"logo\":{\"@type\":\"ImageObject\",\"inLanguage\":\"fr-FR\",\"@id\":\"https:\/\/www.cinesouk.ma\/#\/schema\/logo\/image\/\",\"url\":\"https:\/\/www.cinesouk.ma\/wp-content\/uploads\/2024\/01\/CineSouk-logo-v01-alpha-alligned-left.png\",\"contentUrl\":\"https:\/\/www.cinesouk.ma\/wp-content\/uploads\/2024\/01\/CineSouk-logo-v01-alpha-alligned-left.png\",\"width\":3204,\"height\":889,\"caption\":\"CineSouk\"},\"image\":{\"@id\":\"https:\/\/www.cinesouk.ma\/#\/schema\/logo\/image\/\"}}]}<\/script>\n<!-- \/ Yoast SEO Premium plugin. -->","yoast_head_json":{"title":"Rode Blimp \/ Windshield - CineSouk - For rent","description":"Enhance your audio recording with the Rode Blimp \/ Windshield, a premium solution for professional-level sound capture. - Marrakech | Morocco","robots":{"index":"index","follow":"follow","max-snippet":"max-snippet:-1","max-image-preview":"max-image-preview:large","max-video-preview":"max-video-preview:-1"},"canonical":"https:\/\/www.cinesouk.ma\/fr\/produit\/rode-blimp-windshield\/","og_locale":"fr_FR","og_type":"article","og_title":"Rode Blimp \/ Windshield","og_description":"Enhance your audio recording with the Rode Blimp \/ Windshield, a premium solution for professional-level sound capture. - Marrakech | Morocco","og_url":"https:\/\/www.cinesouk.ma\/fr\/produit\/rode-blimp-windshield\/","og_site_name":"CineSouk","article_modified_time":"2025-08-26T14:56:40+00:00","og_image":[{"width":300,"height":238,"url":"https:\/\/www.cinesouk.ma\/wp-content\/uploads\/2024\/01\/rode.jpg","type":"image\/jpeg"}],"twitter_card":"summary_large_image","twitter_description":"Enhance your audio recording with the Rode Blimp \/ Windshield, a premium solution for professional-level sound capture. - Marrakech | Morocco","twitter_misc":{"Dur\u00e9e de lecture estim\u00e9e":"2 minutes"},"schema":{"@context":"https:\/\/schema.org","@graph":[{"@type":"WebPage","@id":"https:\/\/www.cinesouk.ma\/product\/rode-blimp-windshield\/","url":"https:\/\/www.cinesouk.ma\/product\/rode-blimp-windshield\/","name":"Rode Blimp \/ Windshield - CineSouk - For rent","isPartOf":{"@id":"https:\/\/www.cinesouk.ma\/#website"},"primaryImageOfPage":{"@id":"https:\/\/www.cinesouk.ma\/product\/rode-blimp-windshield\/#primaryimage"},"image":{"@id":"https:\/\/www.cinesouk.ma\/product\/rode-blimp-windshield\/#primaryimage"},"thumbnailUrl":"https:\/\/www.cinesouk.ma\/wp-content\/uploads\/2024\/01\/rode.jpg","datePublished":"2024-01-22T09:58:39+00:00","dateModified":"2025-08-26T14:56:40+00:00","description":"Enhance your audio recording with the Rode Blimp \/ Windshield, a premium solution for professional-level sound capture. - Marrakech | Morocco","breadcrumb":{"@id":"https:\/\/www.cinesouk.ma\/product\/rode-blimp-windshield\/#breadcrumb"},"inLanguage":"fr-FR","potentialAction":[{"@type":"ReadAction","target":["https:\/\/www.cinesouk.ma\/product\/rode-blimp-windshield\/"]}]},{"@type":"ImageObject","inLanguage":"fr-FR","@id":"https:\/\/www.cinesouk.ma\/product\/rode-blimp-windshield\/#primaryimage","url":"https:\/\/www.cinesouk.ma\/wp-content\/uploads\/2024\/01\/rode.jpg","contentUrl":"https:\/\/www.cinesouk.ma\/wp-content\/uploads\/2024\/01\/rode.jpg","width":300,"height":238},{"@type":"BreadcrumbList","@id":"https:\/\/www.cinesouk.ma\/product\/rode-blimp-windshield\/#breadcrumb","itemListElement":[{"@type":"ListItem","position":1,"name":"Home","item":"https:\/\/www.cinesouk.ma\/"},{"@type":"ListItem","position":2,"name":"Shop","item":"https:\/\/www.cinesouk.ma\/shop\/"},{"@type":"ListItem","position":3,"name":"Rode Blimp \/ Windshield"}]},{"@type":"WebSite","@id":"https:\/\/www.cinesouk.ma\/#website","url":"https:\/\/www.cinesouk.ma\/","name":"CineSouk","description":"","publisher":{"@id":"https:\/\/www.cinesouk.ma\/#organization"},"potentialAction":[{"@type":"SearchAction","target":{"@type":"EntryPoint","urlTemplate":"https:\/\/www.cinesouk.ma\/?s={search_term_string}"},"query-input":{"@type":"PropertyValueSpecification","valueRequired":true,"valueName":"search_term_string"}}],"inLanguage":"fr-FR"},{"@type":"Organization","@id":"https:\/\/www.cinesouk.ma\/#organization","name":"CineSouk","url":"https:\/\/www.cinesouk.ma\/","logo":{"@type":"ImageObject","inLanguage":"fr-FR","@id":"https:\/\/www.cinesouk.ma\/#\/schema\/logo\/image\/","url":"https:\/\/www.cinesouk.ma\/wp-content\/uploads\/2024\/01\/CineSouk-logo-v01-alpha-alligned-left.png","contentUrl":"https:\/\/www.cinesouk.ma\/wp-content\/uploads\/2024\/01\/CineSouk-logo-v01-alpha-alligned-left.png","width":3204,"height":889,"caption":"CineSouk"},"image":{"@id":"https:\/\/www.cinesouk.ma\/#\/schema\/logo\/image\/"}}]}},"_links":{"self":[{"href":"https:\/\/www.cinesouk.ma\/fr\/wp-json\/wp\/v2\/product\/3360","targetHints":{"allow":["GET"]}}],"collection":[{"href":"https:\/\/www.cinesouk.ma\/fr\/wp-json\/wp\/v2\/product"}],"about":[{"href":"https:\/\/www.cinesouk.ma\/fr\/wp-json\/wp\/v2\/types\/product"}],"wp:featuredmedia":[{"embeddable":true,"href":"https:\/\/www.cinesouk.ma\/fr\/wp-json\/wp\/v2\/media\/8305"}],"wp:attachment":[{"href":"https:\/\/www.cinesouk.ma\/fr\/wp-json\/wp\/v2\/media?parent=3360"}],"wp:term":[{"taxonomy":"product_brand","embeddable":true,"href":"https:\/\/www.cinesouk.ma\/fr\/wp-json\/wp\/v2\/product_brand?post=3360"},{"taxonomy":"product_cat","embeddable":true,"href":"https:\/\/www.cinesouk.ma\/fr\/wp-json\/wp\/v2\/product_cat?post=3360"},{"taxonomy":"product_tag","embeddable":true,"href":"https:\/\/www.cinesouk.ma\/fr\/wp-json\/wp\/v2\/product_tag?post=3360"}],"curies":[{"name":"wp","href":"https:\/\/api.w.org\/{rel}","templated":true}]}}