{"id":3367,"date":"2024-01-22T10:05:35","date_gmt":"2024-01-22T10:05:35","guid":{"rendered":"https:\/\/www.cinesouk.ma\/?post_type=product&#038;p=3367"},"modified":"2025-03-21T10:55:51","modified_gmt":"2025-03-21T10:55:51","slug":"beyerdynamic-dt-770-pro-32-ohm","status":"publish","type":"product","link":"https:\/\/www.cinesouk.ma\/fr\/produit\/beyerdynamic-dt-770-pro-32-ohm\/","title":{"rendered":"Beyerdynamic DT 770 PRO 32 Ohm"},"content":{"rendered":"<p>Le casque Beyerdynamic DT 770 PRO 32 Ohms est une solution audio professionnelle connue pour sa qualit\u00e9 sonore et son confort exceptionnels. Avec une faible imp\u00e9dance de 32 Ohms, il est id\u00e9al pour les appareils portables. Sa conception ferm\u00e9e et sa construction robuste le rendent adapt\u00e9 \u00e0 une utilisation en studio et mobile. Le Beyerdynamic DT 770 PRO offre une reproduction sonore pr\u00e9cise et une exp\u00e9rience d'\u00e9coute confortable. Gr\u00e2ce au nivellement du champ diffus et au syst\u00e8me bass reflex innovant, l'auditeur b\u00e9n\u00e9ficie d'une qualit\u00e9 sonore \u00e9quilibr\u00e9e sur toute la plage de fr\u00e9quences, tout en \u00e9tant puissante et brillante. Avec ce casque ferm\u00e9, l'ing\u00e9nieur du son et l'artiste se sentent tous deux \u00e0 l'aise. Ce n'est pas pour rien que le Beyerdynamic DT 770 Pro est l'un des casques les plus populaires sur la sc\u00e8ne professionnelle, car le confort de port de la construction en acier est \u00e9galement unique.<\/p>\n<h4>Caract\u00e9ristiques principales du Beyerdynamic DT 770 PRO 32 Ohm :<\/h4>\n<ul>\n<li>Mini fiche st\u00e9r\u00e9o plaqu\u00e9e or 3,5 mm et adaptateur 6,35 mm<\/li>\n<li>Entr\u00e9e de c\u00e2ble unilat\u00e9rale<\/li>\n<li>Appuis-t\u00eate souples<\/li>\n<li>Confortable \u00e0 porter<\/li>\n<li>Excellente qualit\u00e9 sonore<\/li>\n<li>Niveau de pression acoustique selon IEC 60268-7 : 96 dB<\/li>\n<li>Facteur de formation selon IEC 60268-7 : &lt; 0,2<\/li>\n<li>Puissance jusqu'\u00e0 IEC 60268-7 : 100 mW<\/li>\n<li>Type d'accouplement \u00e0 l'oreille : Bouchon d'oreille<\/li>\n<li>Isolation des bruits ext\u00e9rieurs : environ 18 dB(A)<\/li>\n<li>Pression nominale selon IEC 60268-7 : environ 3,5 N Raccordement<\/li>\n<\/ul>\n<p>Louez-le maintenant sur <a href=\"https:\/\/www.cinesouk.ma\/fr\">CINESOUK<\/a> - une marque de <a href=\"https:\/\/www.broadway.ma\/\">BROADWAY PRODUCTIONS SARL.<\/a><\/p>","protected":false},"excerpt":{"rendered":"<p>Sp\u00e9cifications :<\/p>\n<p>Marque : Beyerdynamic<br \/>\nMod\u00e8le : DT 770 PRO 32 Ohm<br \/>\nType : Casque dynamique ferm\u00e9<br \/>\nImp\u00e9dance : 32 Ohms<br \/>\nApplication : Studio et utilisation mobile<br \/>\nPoids : Variable<\/p>","protected":false},"featured_media":3373,"template":"","meta":{"om_disable_all_campaigns":false,"_monsterinsights_skip_tracking":false,"_monsterinsights_sitenote_active":false,"_monsterinsights_sitenote_note":"","_monsterinsights_sitenote_category":0,"_uf_show_specific_survey":0,"_uf_disable_surveys":false},"product_brand":[],"product_cat":[86,35],"product_tag":[],"class_list":{"0":"post-3367","1":"product","2":"type-product","3":"status-publish","4":"has-post-thumbnail","6":"product_cat-foh-cinesouk","7":"product_cat-sound-cinesouk","9":"entry","10":"has-media","12":"first","13":"instock","14":"taxable","15":"shipping-taxable","16":"purchasable","17":"product-type-variable","18":"has-product-nav","19":"col","20":"span_1_of_3","21":"owp-content-center","22":"owp-thumbs-layout-horizontal","23":"owp-btn-normal","24":"owp-tabs-layout-horizontal","25":"has-no-thumbnails"},"yoast_head":"<!-- This site is optimized with the Yoast SEO Premium plugin v26.0 (Yoast SEO v26.0) - https:\/\/yoast.com\/wordpress\/plugins\/seo\/ -->\n<title>Beyerdynamic DT 770 PRO 32 Ohm - Headphone - CineSouk - For rent<\/title>\n<meta name=\"description\" content=\"Experience professional audio quality on the go with the Beyerdynamic DT 770 PRO 32 Ohm Headphone. - Marrakech | Morocco - CineSouk\" \/>\n<meta name=\"robots\" content=\"index, follow, max-snippet:-1, max-image-preview:large, max-video-preview:-1\" \/>\n<link rel=\"canonical\" href=\"https:\/\/www.cinesouk.ma\/fr\/produit\/beyerdynamic-dt-770-pro-32-ohm\/\" \/>\n<meta property=\"og:locale\" content=\"fr_FR\" \/>\n<meta property=\"og:type\" content=\"article\" \/>\n<meta property=\"og:title\" content=\"Beyerdynamic DT 770 PRO 32 Ohm\" \/>\n<meta property=\"og:description\" content=\"Experience professional audio quality on the go with the Beyerdynamic DT 770 PRO 32 Ohm Headphone. - Marrakech | Morocco - CineSouk\" \/>\n<meta property=\"og:url\" content=\"https:\/\/www.cinesouk.ma\/fr\/produit\/beyerdynamic-dt-770-pro-32-ohm\/\" \/>\n<meta property=\"og:site_name\" content=\"CineSouk\" \/>\n<meta property=\"article:modified_time\" content=\"2025-03-21T10:55:51+00:00\" \/>\n<meta property=\"og:image\" content=\"https:\/\/www.cinesouk.ma\/wp-content\/uploads\/2024\/01\/Beyerdynamic-DT-770-PRO-32-Ohm-headphone.jpg\" \/>\n\t<meta property=\"og:image:width\" content=\"300\" \/>\n\t<meta property=\"og:image:height\" content=\"238\" \/>\n\t<meta property=\"og:image:type\" content=\"image\/jpeg\" \/>\n<meta name=\"twitter:card\" content=\"summary_large_image\" \/>\n<meta name=\"twitter:description\" content=\"Experience professional audio quality on the go with the Beyerdynamic DT 770 PRO 32 Ohm Headphone. - Marrakech | Morocco - CineSouk\" \/>\n<meta name=\"twitter:label1\" content=\"Dur\u00e9e de lecture estim\u00e9e\" \/>\n\t<meta name=\"twitter:data1\" content=\"2 minutes\" \/>\n<script type=\"application\/ld+json\" class=\"yoast-schema-graph\">{\"@context\":\"https:\/\/schema.org\",\"@graph\":[{\"@type\":\"WebPage\",\"@id\":\"https:\/\/www.cinesouk.ma\/product\/beyerdynamic-dt-770-pro-32-ohm\/\",\"url\":\"https:\/\/www.cinesouk.ma\/product\/beyerdynamic-dt-770-pro-32-ohm\/\",\"name\":\"Beyerdynamic DT 770 PRO 32 Ohm - Headphone - CineSouk - For rent\",\"isPartOf\":{\"@id\":\"https:\/\/www.cinesouk.ma\/#website\"},\"primaryImageOfPage\":{\"@id\":\"https:\/\/www.cinesouk.ma\/product\/beyerdynamic-dt-770-pro-32-ohm\/#primaryimage\"},\"image\":{\"@id\":\"https:\/\/www.cinesouk.ma\/product\/beyerdynamic-dt-770-pro-32-ohm\/#primaryimage\"},\"thumbnailUrl\":\"https:\/\/www.cinesouk.ma\/wp-content\/uploads\/2024\/01\/Beyerdynamic-DT-770-PRO-32-Ohm-headphone.jpg\",\"datePublished\":\"2024-01-22T10:05:35+00:00\",\"dateModified\":\"2025-03-21T10:55:51+00:00\",\"description\":\"Experience professional audio quality on the go with the Beyerdynamic DT 770 PRO 32 Ohm Headphone. - Marrakech | Morocco - CineSouk\",\"breadcrumb\":{\"@id\":\"https:\/\/www.cinesouk.ma\/product\/beyerdynamic-dt-770-pro-32-ohm\/#breadcrumb\"},\"inLanguage\":\"fr-FR\",\"potentialAction\":[{\"@type\":\"ReadAction\",\"target\":[\"https:\/\/www.cinesouk.ma\/product\/beyerdynamic-dt-770-pro-32-ohm\/\"]}]},{\"@type\":\"ImageObject\",\"inLanguage\":\"fr-FR\",\"@id\":\"https:\/\/www.cinesouk.ma\/product\/beyerdynamic-dt-770-pro-32-ohm\/#primaryimage\",\"url\":\"https:\/\/www.cinesouk.ma\/wp-content\/uploads\/2024\/01\/Beyerdynamic-DT-770-PRO-32-Ohm-headphone.jpg\",\"contentUrl\":\"https:\/\/www.cinesouk.ma\/wp-content\/uploads\/2024\/01\/Beyerdynamic-DT-770-PRO-32-Ohm-headphone.jpg\",\"width\":300,\"height\":238},{\"@type\":\"BreadcrumbList\",\"@id\":\"https:\/\/www.cinesouk.ma\/product\/beyerdynamic-dt-770-pro-32-ohm\/#breadcrumb\",\"itemListElement\":[{\"@type\":\"ListItem\",\"position\":1,\"name\":\"Home\",\"item\":\"https:\/\/www.cinesouk.ma\/\"},{\"@type\":\"ListItem\",\"position\":2,\"name\":\"Shop\",\"item\":\"https:\/\/www.cinesouk.ma\/shop\/\"},{\"@type\":\"ListItem\",\"position\":3,\"name\":\"Beyerdynamic DT 770 PRO 32 Ohm\"}]},{\"@type\":\"WebSite\",\"@id\":\"https:\/\/www.cinesouk.ma\/#website\",\"url\":\"https:\/\/www.cinesouk.ma\/\",\"name\":\"CineSouk\",\"description\":\"\",\"publisher\":{\"@id\":\"https:\/\/www.cinesouk.ma\/#organization\"},\"potentialAction\":[{\"@type\":\"SearchAction\",\"target\":{\"@type\":\"EntryPoint\",\"urlTemplate\":\"https:\/\/www.cinesouk.ma\/?s={search_term_string}\"},\"query-input\":{\"@type\":\"PropertyValueSpecification\",\"valueRequired\":true,\"valueName\":\"search_term_string\"}}],\"inLanguage\":\"fr-FR\"},{\"@type\":\"Organization\",\"@id\":\"https:\/\/www.cinesouk.ma\/#organization\",\"name\":\"CineSouk\",\"url\":\"https:\/\/www.cinesouk.ma\/\",\"logo\":{\"@type\":\"ImageObject\",\"inLanguage\":\"fr-FR\",\"@id\":\"https:\/\/www.cinesouk.ma\/#\/schema\/logo\/image\/\",\"url\":\"https:\/\/www.cinesouk.ma\/wp-content\/uploads\/2024\/01\/CineSouk-logo-v01-alpha-alligned-left.png\",\"contentUrl\":\"https:\/\/www.cinesouk.ma\/wp-content\/uploads\/2024\/01\/CineSouk-logo-v01-alpha-alligned-left.png\",\"width\":3204,\"height\":889,\"caption\":\"CineSouk\"},\"image\":{\"@id\":\"https:\/\/www.cinesouk.ma\/#\/schema\/logo\/image\/\"}}]}<\/script>\n<!-- \/ Yoast SEO Premium plugin. -->","yoast_head_json":{"title":"Beyerdynamic DT 770 PRO 32 Ohm - Headphone - CineSouk - For rent","description":"Experience professional audio quality on the go with the Beyerdynamic DT 770 PRO 32 Ohm Headphone. - Marrakech | Morocco - CineSouk","robots":{"index":"index","follow":"follow","max-snippet":"max-snippet:-1","max-image-preview":"max-image-preview:large","max-video-preview":"max-video-preview:-1"},"canonical":"https:\/\/www.cinesouk.ma\/fr\/produit\/beyerdynamic-dt-770-pro-32-ohm\/","og_locale":"fr_FR","og_type":"article","og_title":"Beyerdynamic DT 770 PRO 32 Ohm","og_description":"Experience professional audio quality on the go with the Beyerdynamic DT 770 PRO 32 Ohm Headphone. - Marrakech | Morocco - CineSouk","og_url":"https:\/\/www.cinesouk.ma\/fr\/produit\/beyerdynamic-dt-770-pro-32-ohm\/","og_site_name":"CineSouk","article_modified_time":"2025-03-21T10:55:51+00:00","og_image":[{"width":300,"height":238,"url":"https:\/\/www.cinesouk.ma\/wp-content\/uploads\/2024\/01\/Beyerdynamic-DT-770-PRO-32-Ohm-headphone.jpg","type":"image\/jpeg"}],"twitter_card":"summary_large_image","twitter_description":"Experience professional audio quality on the go with the Beyerdynamic DT 770 PRO 32 Ohm Headphone. - Marrakech | Morocco - CineSouk","twitter_misc":{"Dur\u00e9e de lecture estim\u00e9e":"2 minutes"},"schema":{"@context":"https:\/\/schema.org","@graph":[{"@type":"WebPage","@id":"https:\/\/www.cinesouk.ma\/product\/beyerdynamic-dt-770-pro-32-ohm\/","url":"https:\/\/www.cinesouk.ma\/product\/beyerdynamic-dt-770-pro-32-ohm\/","name":"Beyerdynamic DT 770 PRO 32 Ohm - Headphone - CineSouk - For rent","isPartOf":{"@id":"https:\/\/www.cinesouk.ma\/#website"},"primaryImageOfPage":{"@id":"https:\/\/www.cinesouk.ma\/product\/beyerdynamic-dt-770-pro-32-ohm\/#primaryimage"},"image":{"@id":"https:\/\/www.cinesouk.ma\/product\/beyerdynamic-dt-770-pro-32-ohm\/#primaryimage"},"thumbnailUrl":"https:\/\/www.cinesouk.ma\/wp-content\/uploads\/2024\/01\/Beyerdynamic-DT-770-PRO-32-Ohm-headphone.jpg","datePublished":"2024-01-22T10:05:35+00:00","dateModified":"2025-03-21T10:55:51+00:00","description":"Experience professional audio quality on the go with the Beyerdynamic DT 770 PRO 32 Ohm Headphone. - Marrakech | Morocco - CineSouk","breadcrumb":{"@id":"https:\/\/www.cinesouk.ma\/product\/beyerdynamic-dt-770-pro-32-ohm\/#breadcrumb"},"inLanguage":"fr-FR","potentialAction":[{"@type":"ReadAction","target":["https:\/\/www.cinesouk.ma\/product\/beyerdynamic-dt-770-pro-32-ohm\/"]}]},{"@type":"ImageObject","inLanguage":"fr-FR","@id":"https:\/\/www.cinesouk.ma\/product\/beyerdynamic-dt-770-pro-32-ohm\/#primaryimage","url":"https:\/\/www.cinesouk.ma\/wp-content\/uploads\/2024\/01\/Beyerdynamic-DT-770-PRO-32-Ohm-headphone.jpg","contentUrl":"https:\/\/www.cinesouk.ma\/wp-content\/uploads\/2024\/01\/Beyerdynamic-DT-770-PRO-32-Ohm-headphone.jpg","width":300,"height":238},{"@type":"BreadcrumbList","@id":"https:\/\/www.cinesouk.ma\/product\/beyerdynamic-dt-770-pro-32-ohm\/#breadcrumb","itemListElement":[{"@type":"ListItem","position":1,"name":"Home","item":"https:\/\/www.cinesouk.ma\/"},{"@type":"ListItem","position":2,"name":"Shop","item":"https:\/\/www.cinesouk.ma\/shop\/"},{"@type":"ListItem","position":3,"name":"Beyerdynamic DT 770 PRO 32 Ohm"}]},{"@type":"WebSite","@id":"https:\/\/www.cinesouk.ma\/#website","url":"https:\/\/www.cinesouk.ma\/","name":"CineSouk","description":"","publisher":{"@id":"https:\/\/www.cinesouk.ma\/#organization"},"potentialAction":[{"@type":"SearchAction","target":{"@type":"EntryPoint","urlTemplate":"https:\/\/www.cinesouk.ma\/?s={search_term_string}"},"query-input":{"@type":"PropertyValueSpecification","valueRequired":true,"valueName":"search_term_string"}}],"inLanguage":"fr-FR"},{"@type":"Organization","@id":"https:\/\/www.cinesouk.ma\/#organization","name":"CineSouk","url":"https:\/\/www.cinesouk.ma\/","logo":{"@type":"ImageObject","inLanguage":"fr-FR","@id":"https:\/\/www.cinesouk.ma\/#\/schema\/logo\/image\/","url":"https:\/\/www.cinesouk.ma\/wp-content\/uploads\/2024\/01\/CineSouk-logo-v01-alpha-alligned-left.png","contentUrl":"https:\/\/www.cinesouk.ma\/wp-content\/uploads\/2024\/01\/CineSouk-logo-v01-alpha-alligned-left.png","width":3204,"height":889,"caption":"CineSouk"},"image":{"@id":"https:\/\/www.cinesouk.ma\/#\/schema\/logo\/image\/"}}]}},"_links":{"self":[{"href":"https:\/\/www.cinesouk.ma\/fr\/wp-json\/wp\/v2\/product\/3367","targetHints":{"allow":["GET"]}}],"collection":[{"href":"https:\/\/www.cinesouk.ma\/fr\/wp-json\/wp\/v2\/product"}],"about":[{"href":"https:\/\/www.cinesouk.ma\/fr\/wp-json\/wp\/v2\/types\/product"}],"wp:featuredmedia":[{"embeddable":true,"href":"https:\/\/www.cinesouk.ma\/fr\/wp-json\/wp\/v2\/media\/3373"}],"wp:attachment":[{"href":"https:\/\/www.cinesouk.ma\/fr\/wp-json\/wp\/v2\/media?parent=3367"}],"wp:term":[{"taxonomy":"product_brand","embeddable":true,"href":"https:\/\/www.cinesouk.ma\/fr\/wp-json\/wp\/v2\/product_brand?post=3367"},{"taxonomy":"product_cat","embeddable":true,"href":"https:\/\/www.cinesouk.ma\/fr\/wp-json\/wp\/v2\/product_cat?post=3367"},{"taxonomy":"product_tag","embeddable":true,"href":"https:\/\/www.cinesouk.ma\/fr\/wp-json\/wp\/v2\/product_tag?post=3367"}],"curies":[{"name":"wp","href":"https:\/\/api.w.org\/{rel}","templated":true}]}}