{"id":3377,"date":"2024-01-22T10:09:02","date_gmt":"2024-01-22T10:09:02","guid":{"rendered":"https:\/\/www.cinesouk.ma\/?post_type=product&#038;p=3377"},"modified":"2025-06-30T15:42:13","modified_gmt":"2025-06-30T15:42:13","slug":"genelec-8020d-kit","status":"publish","type":"product","link":"https:\/\/www.cinesouk.ma\/fr\/produit\/genelec-8020d-kit\/","title":{"rendered":"Genelec 8020D KIT"},"content":{"rendered":"<p>Le Genelec 8020D KIT est un moniteur de studio actif \u00e0 champ proche. Il offre un son de r\u00e9f\u00e9rence fiable et de qualit\u00e9 sup\u00e9rieure pour toutes les applications audio. Le Genelec est petit par la taille mais grand par l'ambition. Il est con\u00e7u pour s'adapter \u00e0 un large \u00e9ventail d'environnements d'\u00e9coute possibles et offrir une qualit\u00e9 de reproduction audio stup\u00e9fiante. Capable de d\u00e9livrer des niveaux de pression acoustique sup\u00e9rieurs de 4 dB \u00e0 ceux des mod\u00e8les 8020 pr\u00e9c\u00e9dents, le 8020D est con\u00e7u pour s'adapter \u00e0 un large \u00e9ventail d'environnements d'\u00e9coute possibles et offrir une qualit\u00e9 de reproduction audio stup\u00e9fiante.  La r\u00e9putation de Genelec pour ses solutions de monitoring prim\u00e9es lui permet \u00e9galement de d\u00e9velopper et d'innover une longue liste de technologies de haut-parleurs, qui ont \u00e9t\u00e9 parfaitement mises en \u0153uvre avec le 8020D. Dot\u00e9 d'un bo\u00eetier robuste et efficace \u00e0 diffraction minimale, d'une reproduction pr\u00e9cise des fr\u00e9quences gr\u00e2ce \u00e0 la technologie de guide d'ondes \u00e0 contr\u00f4le de directivit\u00e9 et d'un circuit de d\u00e9tection de signal intelligent et respectueux de l'environnement, le 8020D est une solution de contr\u00f4le pr\u00e9cise et intelligente qui b\u00e9n\u00e9ficie d'une technologie de pointe en abondance.<\/p>\n<h4>Caract\u00e9ristiques principales du Genelec 8020D KIT :<\/h4>\n<ul class=\"list\">\n<li>Paire de moniteurs de studio Genelec 8020D<\/li>\n<li>Conception bi-amplifi\u00e9e pour une reproduction audio d'une qualit\u00e9 \u00e9tonnante<\/li>\n<li>Bo\u00eetier \u00e0 diffraction minimale pour une r\u00e9ponse en fr\u00e9quence \u00e9quilibr\u00e9e<\/li>\n<li>La compensation de la r\u00e9ponse de la pi\u00e8ce optimise la performance dans la pi\u00e8ce<\/li>\n<li>L'Iso-Pod assure une excellente isolation et un ajustement de la position<\/li>\n<\/ul>\n<p>Louez le Genelec 8020D KIT maintenant sur <a href=\"https:\/\/www.cinesouk.ma\/fr\">CINESOUK<\/a> - une marque de <a href=\"https:\/\/www.broadway.ma\/\">BROADWAY PRODUCTIONS SARL.<\/a><\/p>","protected":false},"excerpt":{"rendered":"<p>Sp\u00e9cifications :<\/p>\n<p>Marque : Genelec<br \/>\nMod\u00e8le : 8020D<br \/>\nType : Syst\u00e8me de moniteur bi-amplifi\u00e9<br \/>\nApplication : Surveillance de studio<br \/>\nPuissance : bi-amplifi\u00e9e, filtre actif<br \/>\nPoids : Variable<\/p>","protected":false},"featured_media":3392,"template":"","meta":{"om_disable_all_campaigns":false,"_monsterinsights_skip_tracking":false,"_monsterinsights_sitenote_active":false,"_monsterinsights_sitenote_note":"","_monsterinsights_sitenote_category":0,"_uf_show_specific_survey":0,"_uf_disable_surveys":false},"product_brand":[],"product_cat":[86,35],"product_tag":[],"class_list":{"0":"post-3377","1":"product","2":"type-product","3":"status-publish","4":"has-post-thumbnail","6":"product_cat-foh-cinesouk","7":"product_cat-sound-cinesouk","9":"entry","10":"has-media","12":"first","13":"instock","14":"taxable","15":"shipping-taxable","16":"purchasable","17":"product-type-variable","18":"has-product-nav","19":"col","20":"span_1_of_3","21":"owp-content-center","22":"owp-thumbs-layout-horizontal","23":"owp-btn-normal","24":"owp-tabs-layout-horizontal","25":"has-no-thumbnails"},"yoast_head":"<!-- This site is optimized with the Yoast SEO Premium plugin v26.0 (Yoast SEO v26.0) - https:\/\/yoast.com\/wordpress\/plugins\/seo\/ -->\n<title>Genelec 8020D KIT - CineSouk - For rent<\/title>\n<meta name=\"description\" content=\"Genelec 8020DPM Bi-Amplified monitor system kit. Top-quality and reliable reference sound for all audio applications- CineSouk\" \/>\n<meta name=\"robots\" content=\"index, follow, max-snippet:-1, max-image-preview:large, max-video-preview:-1\" \/>\n<link rel=\"canonical\" href=\"https:\/\/www.cinesouk.ma\/fr\/produit\/genelec-8020d-kit\/\" \/>\n<meta property=\"og:locale\" content=\"fr_FR\" \/>\n<meta property=\"og:type\" content=\"article\" \/>\n<meta property=\"og:title\" content=\"Genelec 8020D KIT\" \/>\n<meta property=\"og:description\" content=\"Genelec 8020DPM Bi-Amplified monitor system kit. Top-quality and reliable reference sound for all audio applications- CineSouk\" \/>\n<meta property=\"og:url\" content=\"https:\/\/www.cinesouk.ma\/fr\/produit\/genelec-8020d-kit\/\" \/>\n<meta property=\"og:site_name\" content=\"CineSouk\" \/>\n<meta property=\"article:modified_time\" content=\"2025-06-30T15:42:13+00:00\" \/>\n<meta property=\"og:image\" content=\"https:\/\/www.cinesouk.ma\/wp-content\/uploads\/2024\/01\/Genelec-8020D-BI-AMPLIFIED-MONITOR-SYSTEM.jpg\" \/>\n\t<meta property=\"og:image:width\" content=\"300\" \/>\n\t<meta property=\"og:image:height\" content=\"238\" \/>\n\t<meta property=\"og:image:type\" content=\"image\/jpeg\" \/>\n<meta name=\"twitter:card\" content=\"summary_large_image\" \/>\n<meta name=\"twitter:description\" content=\"Genelec 8020DPM Bi-Amplified monitor system kit. Top-quality and reliable reference sound for all audio applications- CineSouk\" \/>\n<meta name=\"twitter:label1\" content=\"Dur\u00e9e de lecture estim\u00e9e\" \/>\n\t<meta name=\"twitter:data1\" content=\"2 minutes\" \/>\n<script type=\"application\/ld+json\" class=\"yoast-schema-graph\">{\"@context\":\"https:\/\/schema.org\",\"@graph\":[{\"@type\":\"WebPage\",\"@id\":\"https:\/\/www.cinesouk.ma\/product\/genelec-8020d-kit\/\",\"url\":\"https:\/\/www.cinesouk.ma\/product\/genelec-8020d-kit\/\",\"name\":\"Genelec 8020D KIT - CineSouk - For rent\",\"isPartOf\":{\"@id\":\"https:\/\/www.cinesouk.ma\/#website\"},\"primaryImageOfPage\":{\"@id\":\"https:\/\/www.cinesouk.ma\/product\/genelec-8020d-kit\/#primaryimage\"},\"image\":{\"@id\":\"https:\/\/www.cinesouk.ma\/product\/genelec-8020d-kit\/#primaryimage\"},\"thumbnailUrl\":\"https:\/\/www.cinesouk.ma\/wp-content\/uploads\/2024\/01\/Genelec-8020D-BI-AMPLIFIED-MONITOR-SYSTEM.jpg\",\"datePublished\":\"2024-01-22T10:09:02+00:00\",\"dateModified\":\"2025-06-30T15:42:13+00:00\",\"description\":\"Genelec 8020DPM Bi-Amplified monitor system kit. Top-quality and reliable reference sound for all audio applications- CineSouk\",\"breadcrumb\":{\"@id\":\"https:\/\/www.cinesouk.ma\/product\/genelec-8020d-kit\/#breadcrumb\"},\"inLanguage\":\"fr-FR\",\"potentialAction\":[{\"@type\":\"ReadAction\",\"target\":[\"https:\/\/www.cinesouk.ma\/product\/genelec-8020d-kit\/\"]}]},{\"@type\":\"ImageObject\",\"inLanguage\":\"fr-FR\",\"@id\":\"https:\/\/www.cinesouk.ma\/product\/genelec-8020d-kit\/#primaryimage\",\"url\":\"https:\/\/www.cinesouk.ma\/wp-content\/uploads\/2024\/01\/Genelec-8020D-BI-AMPLIFIED-MONITOR-SYSTEM.jpg\",\"contentUrl\":\"https:\/\/www.cinesouk.ma\/wp-content\/uploads\/2024\/01\/Genelec-8020D-BI-AMPLIFIED-MONITOR-SYSTEM.jpg\",\"width\":300,\"height\":238},{\"@type\":\"BreadcrumbList\",\"@id\":\"https:\/\/www.cinesouk.ma\/product\/genelec-8020d-kit\/#breadcrumb\",\"itemListElement\":[{\"@type\":\"ListItem\",\"position\":1,\"name\":\"Home\",\"item\":\"https:\/\/www.cinesouk.ma\/\"},{\"@type\":\"ListItem\",\"position\":2,\"name\":\"Shop\",\"item\":\"https:\/\/www.cinesouk.ma\/shop\/\"},{\"@type\":\"ListItem\",\"position\":3,\"name\":\"Genelec 8020D KIT\"}]},{\"@type\":\"WebSite\",\"@id\":\"https:\/\/www.cinesouk.ma\/#website\",\"url\":\"https:\/\/www.cinesouk.ma\/\",\"name\":\"CineSouk\",\"description\":\"\",\"publisher\":{\"@id\":\"https:\/\/www.cinesouk.ma\/#organization\"},\"potentialAction\":[{\"@type\":\"SearchAction\",\"target\":{\"@type\":\"EntryPoint\",\"urlTemplate\":\"https:\/\/www.cinesouk.ma\/?s={search_term_string}\"},\"query-input\":{\"@type\":\"PropertyValueSpecification\",\"valueRequired\":true,\"valueName\":\"search_term_string\"}}],\"inLanguage\":\"fr-FR\"},{\"@type\":\"Organization\",\"@id\":\"https:\/\/www.cinesouk.ma\/#organization\",\"name\":\"CineSouk\",\"url\":\"https:\/\/www.cinesouk.ma\/\",\"logo\":{\"@type\":\"ImageObject\",\"inLanguage\":\"fr-FR\",\"@id\":\"https:\/\/www.cinesouk.ma\/#\/schema\/logo\/image\/\",\"url\":\"https:\/\/www.cinesouk.ma\/wp-content\/uploads\/2024\/01\/CineSouk-logo-v01-alpha-alligned-left.png\",\"contentUrl\":\"https:\/\/www.cinesouk.ma\/wp-content\/uploads\/2024\/01\/CineSouk-logo-v01-alpha-alligned-left.png\",\"width\":3204,\"height\":889,\"caption\":\"CineSouk\"},\"image\":{\"@id\":\"https:\/\/www.cinesouk.ma\/#\/schema\/logo\/image\/\"}}]}<\/script>\n<!-- \/ Yoast SEO Premium plugin. -->","yoast_head_json":{"title":"Genelec 8020D KIT - CineSouk - For rent","description":"Genelec 8020DPM Bi-Amplified monitor system kit. Top-quality and reliable reference sound for all audio applications- CineSouk","robots":{"index":"index","follow":"follow","max-snippet":"max-snippet:-1","max-image-preview":"max-image-preview:large","max-video-preview":"max-video-preview:-1"},"canonical":"https:\/\/www.cinesouk.ma\/fr\/produit\/genelec-8020d-kit\/","og_locale":"fr_FR","og_type":"article","og_title":"Genelec 8020D KIT","og_description":"Genelec 8020DPM Bi-Amplified monitor system kit. Top-quality and reliable reference sound for all audio applications- CineSouk","og_url":"https:\/\/www.cinesouk.ma\/fr\/produit\/genelec-8020d-kit\/","og_site_name":"CineSouk","article_modified_time":"2025-06-30T15:42:13+00:00","og_image":[{"width":300,"height":238,"url":"https:\/\/www.cinesouk.ma\/wp-content\/uploads\/2024\/01\/Genelec-8020D-BI-AMPLIFIED-MONITOR-SYSTEM.jpg","type":"image\/jpeg"}],"twitter_card":"summary_large_image","twitter_description":"Genelec 8020DPM Bi-Amplified monitor system kit. Top-quality and reliable reference sound for all audio applications- CineSouk","twitter_misc":{"Dur\u00e9e de lecture estim\u00e9e":"2 minutes"},"schema":{"@context":"https:\/\/schema.org","@graph":[{"@type":"WebPage","@id":"https:\/\/www.cinesouk.ma\/product\/genelec-8020d-kit\/","url":"https:\/\/www.cinesouk.ma\/product\/genelec-8020d-kit\/","name":"Genelec 8020D KIT - CineSouk - For rent","isPartOf":{"@id":"https:\/\/www.cinesouk.ma\/#website"},"primaryImageOfPage":{"@id":"https:\/\/www.cinesouk.ma\/product\/genelec-8020d-kit\/#primaryimage"},"image":{"@id":"https:\/\/www.cinesouk.ma\/product\/genelec-8020d-kit\/#primaryimage"},"thumbnailUrl":"https:\/\/www.cinesouk.ma\/wp-content\/uploads\/2024\/01\/Genelec-8020D-BI-AMPLIFIED-MONITOR-SYSTEM.jpg","datePublished":"2024-01-22T10:09:02+00:00","dateModified":"2025-06-30T15:42:13+00:00","description":"Genelec 8020DPM Bi-Amplified monitor system kit. Top-quality and reliable reference sound for all audio applications- CineSouk","breadcrumb":{"@id":"https:\/\/www.cinesouk.ma\/product\/genelec-8020d-kit\/#breadcrumb"},"inLanguage":"fr-FR","potentialAction":[{"@type":"ReadAction","target":["https:\/\/www.cinesouk.ma\/product\/genelec-8020d-kit\/"]}]},{"@type":"ImageObject","inLanguage":"fr-FR","@id":"https:\/\/www.cinesouk.ma\/product\/genelec-8020d-kit\/#primaryimage","url":"https:\/\/www.cinesouk.ma\/wp-content\/uploads\/2024\/01\/Genelec-8020D-BI-AMPLIFIED-MONITOR-SYSTEM.jpg","contentUrl":"https:\/\/www.cinesouk.ma\/wp-content\/uploads\/2024\/01\/Genelec-8020D-BI-AMPLIFIED-MONITOR-SYSTEM.jpg","width":300,"height":238},{"@type":"BreadcrumbList","@id":"https:\/\/www.cinesouk.ma\/product\/genelec-8020d-kit\/#breadcrumb","itemListElement":[{"@type":"ListItem","position":1,"name":"Home","item":"https:\/\/www.cinesouk.ma\/"},{"@type":"ListItem","position":2,"name":"Shop","item":"https:\/\/www.cinesouk.ma\/shop\/"},{"@type":"ListItem","position":3,"name":"Genelec 8020D KIT"}]},{"@type":"WebSite","@id":"https:\/\/www.cinesouk.ma\/#website","url":"https:\/\/www.cinesouk.ma\/","name":"CineSouk","description":"","publisher":{"@id":"https:\/\/www.cinesouk.ma\/#organization"},"potentialAction":[{"@type":"SearchAction","target":{"@type":"EntryPoint","urlTemplate":"https:\/\/www.cinesouk.ma\/?s={search_term_string}"},"query-input":{"@type":"PropertyValueSpecification","valueRequired":true,"valueName":"search_term_string"}}],"inLanguage":"fr-FR"},{"@type":"Organization","@id":"https:\/\/www.cinesouk.ma\/#organization","name":"CineSouk","url":"https:\/\/www.cinesouk.ma\/","logo":{"@type":"ImageObject","inLanguage":"fr-FR","@id":"https:\/\/www.cinesouk.ma\/#\/schema\/logo\/image\/","url":"https:\/\/www.cinesouk.ma\/wp-content\/uploads\/2024\/01\/CineSouk-logo-v01-alpha-alligned-left.png","contentUrl":"https:\/\/www.cinesouk.ma\/wp-content\/uploads\/2024\/01\/CineSouk-logo-v01-alpha-alligned-left.png","width":3204,"height":889,"caption":"CineSouk"},"image":{"@id":"https:\/\/www.cinesouk.ma\/#\/schema\/logo\/image\/"}}]}},"_links":{"self":[{"href":"https:\/\/www.cinesouk.ma\/fr\/wp-json\/wp\/v2\/product\/3377","targetHints":{"allow":["GET"]}}],"collection":[{"href":"https:\/\/www.cinesouk.ma\/fr\/wp-json\/wp\/v2\/product"}],"about":[{"href":"https:\/\/www.cinesouk.ma\/fr\/wp-json\/wp\/v2\/types\/product"}],"wp:featuredmedia":[{"embeddable":true,"href":"https:\/\/www.cinesouk.ma\/fr\/wp-json\/wp\/v2\/media\/3392"}],"wp:attachment":[{"href":"https:\/\/www.cinesouk.ma\/fr\/wp-json\/wp\/v2\/media?parent=3377"}],"wp:term":[{"taxonomy":"product_brand","embeddable":true,"href":"https:\/\/www.cinesouk.ma\/fr\/wp-json\/wp\/v2\/product_brand?post=3377"},{"taxonomy":"product_cat","embeddable":true,"href":"https:\/\/www.cinesouk.ma\/fr\/wp-json\/wp\/v2\/product_cat?post=3377"},{"taxonomy":"product_tag","embeddable":true,"href":"https:\/\/www.cinesouk.ma\/fr\/wp-json\/wp\/v2\/product_tag?post=3377"}],"curies":[{"name":"wp","href":"https:\/\/api.w.org\/{rel}","templated":true}]}}