{"id":3402,"date":"2024-01-22T10:14:39","date_gmt":"2024-01-22T10:14:39","guid":{"rendered":"https:\/\/www.cinesouk.ma\/?post_type=product&#038;p=3402"},"modified":"2025-08-26T14:48:48","modified_gmt":"2025-08-26T14:48:48","slug":"sound-devices-mixpre-t10-field-recorder","status":"publish","type":"product","link":"https:\/\/www.cinesouk.ma\/fr\/produit\/sound-devices-mixpre-t10-field-recorder\/","title":{"rendered":"Sound Devices MixPre-T10 Enregistreur de terrain"},"content":{"rendered":"<p>Le Sound Devices MixPre-T10 est un enregistreur l\u00e9ger \u00e0 10 entr\u00e9es\/12 pistes, connu pour sa qualit\u00e9 audio exceptionnelle et ses fonctions polyvalentes. Il dispose de huit pr\u00e9amplis micro Kashmir\u2122, d'un g\u00e9n\u00e9rateur\/lecteur de timecode pr\u00e9cis et d'options de routage d'E\/S flexibles. Avec plusieurs options d'alimentation, notamment des piles AA ou des batteries Li-Ion Sony L-Mount, il offre portabilit\u00e9 et commodit\u00e9. La fonction de copie automatique du MixPre-T10 de Sound Devices permet d'enregistrer simultan\u00e9ment sur une carte SD et une cl\u00e9 USB. Son design compact comprend un \u00e9cran tactile r\u00e9actif et un joystick de transport pour une utilisation facile. La connectivit\u00e9 Bluetooth permet un contr\u00f4le sans fil via l'application Wingman et prend en charge la gestion des rapports sonores. Les utilisateurs peuvent naviguer entre les modes Basique, Avanc\u00e9 et Personnalis\u00e9 pour un fonctionnement intuitif, tandis que son interface USB offre 12 canaux en entr\u00e9e et 4 canaux en sortie.<\/p>\n<h4>Caract\u00e9ristiques :<\/h4>\n<ul class=\"fx-list product-text__list\">\n<li class=\"fx-list__item list-item fx-list__item--circle\"><span class=\"fx-text fx-text--plus list-item__text\">8 pistes : M\u00e9lange st\u00e9r\u00e9o + 6 entr\u00e9es individuelles<\/span><\/li>\n<li class=\"fx-list__item list-item fx-list__item--circle\"><span class=\"fx-text fx-text--plus list-item__text\">Enregistrements avec un maximum de 32-bit float \/ 192 kHz<\/span><\/li>\n<li class=\"fx-list__item list-item fx-list__item--circle\"><span class=\"fx-text fx-text--plus list-item__text\">Gamme dynamique : 142 dB (pond\u00e9r\u00e9 A, gain = 10 dB, fader = 0 dB)<\/span><\/li>\n<li class=\"fx-list__item list-item fx-list__item--circle\"><span class=\"fx-text fx-text--plus list-item__text\">G\u00e9n\u00e9rateur de timecode int\u00e9gr\u00e9<\/span><\/li>\n<li class=\"fx-list__item list-item fx-list__item--circle\"><span class=\"fx-text fx-text--plus list-item__text\">Pr\u00e9amplificateur de microphone Kashmir avec un gain de 76 dB<\/span><\/li>\n<li class=\"fx-list__item list-item fx-list__item--circle\"><span class=\"fx-text fx-text--plus list-item__text\">Bruit de l'appareil : -128 dBu maximum (pond\u00e9ration A, gain=76 dB, imp\u00e9dance source 150 Ohm)<\/span><\/li>\n<li class=\"fx-list__item list-item fx-list__item--circle\"><span class=\"fx-text fx-text--plus list-item__text\">Limiteur par canal<\/span><\/li>\n<li class=\"fx-list__item list-item fx-list__item--circle\"><span class=\"fx-text fx-text--plus list-item__text\">Filtre coupe-bas 40 Hz \u00e0 160 Hz r\u00e9glable avec 18 dB\/octave<\/span><\/li>\n<li class=\"fx-list__item list-item fx-list__item--circle\"><span class=\"fx-text fx-text--plus list-item__text\">Interface audio 8 entr\u00e9es\/4 sorties (USB-C)<\/span><\/li>\n<li class=\"fx-list__item list-item fx-list__item--circle\"><span class=\"fx-text fx-text--plus list-item__text\">Enregistrement sur carte SD, SDXC ou SDHC jusqu'\u00e0 512 Go<\/span><\/li>\n<li class=\"fx-list__item list-item fx-list__item--circle\"><span class=\"fx-text fx-text--plus list-item__text\">Entr\u00e9e timecode<\/span><\/li>\n<li class=\"fx-list__item list-item fx-list__item--circle\"><span class=\"fx-text fx-text--plus list-item__text\">4 entr\u00e9es combo micro\/ligne<\/span><\/li>\n<li class=\"fx-list__item list-item fx-list__item--circle\"><span class=\"fx-text fx-text--plus list-item__text\">Entr\u00e9e auxiliaire\/micro st\u00e9r\u00e9o avec prise jack 3,5 mm<\/span><\/li>\n<li class=\"fx-list__item list-item fx-list__item--circle\"><span class=\"fx-text fx-text--plus list-item__text\">Alimentation fant\u00f4me 48 V<\/span><\/li>\n<li class=\"fx-list__item list-item fx-list__item--circle\"><span class=\"fx-text fx-text--plus list-item__text\">3,5 mm Sortie st\u00e9r\u00e9o<\/span><\/li>\n<li class=\"fx-list__item list-item fx-list__item--circle\"><span class=\"fx-text fx-text--plus list-item__text\">Sortie casque<\/span><\/li>\n<li class=\"fx-list__item list-item fx-list__item--circle\"><span class=\"fx-text fx-text--plus list-item__text\">Alimentation par 4 piles AA, alimentation par bus via USB-C ou adaptateur d'alimentation.<\/span><\/li>\n<li class=\"fx-list__item list-item fx-list__item--circle\"><span class=\"fx-text fx-text--plus list-item__text\">Application Wingman gratuite pour le contr\u00f4le \u00e0 distance de la s\u00e9rie MixPre II<\/span><\/li>\n<li class=\"fx-list__item list-item fx-list__item--circle\"><span class=\"fx-text fx-text--plus list-item__text\">Contenu de la livraison : Bo\u00eetier de batterie MX-4AA et bloc d'alimentation MX-PSU<\/span><\/li>\n<li class=\"fx-list__item list-item fx-list__item--circle\"><span class=\"fx-text fx-text--plus list-item__text\">Dimensions (H x L x P) : 36 x 166 x 118 mm<\/span><\/li>\n<li class=\"fx-list__item list-item fx-list__item--circle\"><span class=\"fx-text fx-text--plus list-item__text\">Poids : 0,56 kg (sans les piles)<\/span><\/li>\n<\/ul>\n<p>Louez-le maintenant sur <a href=\"https:\/\/www.cinesouk.ma\/fr\">CINESOUK<\/a> - une marque de <a href=\"https:\/\/www.broadway.ma\/\">BROADWAY PRODUCTIONS SARL.<\/a><\/p>","protected":false},"excerpt":{"rendered":"<p>Sp\u00e9cifications :<\/p>\n<p>Marque : Sound Devices<br \/>\nMod\u00e8le : MixPre-T10<br \/>\nType : Enregistreur audio<br \/>\nApplication : Enregistrement sur le terrain, interviews, r\u00e9alisation de films<br \/>\nCaract\u00e9ristiques : Conception compacte, interface conviviale<br \/>\nPoids : Variable<\/p>","protected":false},"featured_media":3408,"template":"","meta":{"om_disable_all_campaigns":false,"_monsterinsights_skip_tracking":false,"_monsterinsights_sitenote_active":false,"_monsterinsights_sitenote_note":"","_monsterinsights_sitenote_category":0,"_uf_show_specific_survey":0,"_uf_disable_surveys":false},"product_brand":[],"product_cat":[83,35],"product_tag":[],"class_list":{"0":"post-3402","1":"product","2":"type-product","3":"status-publish","4":"has-post-thumbnail","6":"product_cat-efp-eng-cinesouk","7":"product_cat-sound-cinesouk","9":"entry","10":"has-media","12":"first","13":"instock","14":"taxable","15":"shipping-taxable","16":"purchasable","17":"product-type-variable","18":"has-product-nav","19":"col","20":"span_1_of_3","21":"owp-content-center","22":"owp-thumbs-layout-horizontal","23":"owp-btn-normal","24":"owp-tabs-layout-horizontal","25":"has-no-thumbnails"},"yoast_head":"<!-- This site is optimized with the Yoast SEO Premium plugin v26.0 (Yoast SEO v26.0) - https:\/\/yoast.com\/wordpress\/plugins\/seo\/ -->\n<title>Sound Devices MixPre-T10 Field Recorder - CineSouk - Marrakech | Morocco - For rent<\/title>\n<meta name=\"description\" content=\"The Sound Devices MixPre-T10 is a lightweight, 10-input\/12-track recorder known for its exceptional audio quality and versatile features.\" \/>\n<meta name=\"robots\" content=\"index, follow, max-snippet:-1, max-image-preview:large, max-video-preview:-1\" \/>\n<link rel=\"canonical\" href=\"https:\/\/www.cinesouk.ma\/fr\/produit\/sound-devices-mixpre-t10-field-recorder\/\" \/>\n<meta property=\"og:locale\" content=\"fr_FR\" \/>\n<meta property=\"og:type\" content=\"article\" \/>\n<meta property=\"og:title\" content=\"Sound Devices MixPre-T10 Field Recorder\" \/>\n<meta property=\"og:description\" content=\"The Sound Devices MixPre-T10 is a lightweight, 10-input\/12-track recorder known for its exceptional audio quality and versatile features.\" \/>\n<meta property=\"og:url\" content=\"https:\/\/www.cinesouk.ma\/fr\/produit\/sound-devices-mixpre-t10-field-recorder\/\" \/>\n<meta property=\"og:site_name\" content=\"CineSouk\" \/>\n<meta property=\"article:modified_time\" content=\"2025-08-26T14:48:48+00:00\" \/>\n<meta property=\"og:image\" content=\"https:\/\/www.cinesouk.ma\/wp-content\/uploads\/2024\/01\/Sound-Devices-MixPre-T10.jpg\" \/>\n\t<meta property=\"og:image:width\" content=\"300\" \/>\n\t<meta property=\"og:image:height\" content=\"238\" \/>\n\t<meta property=\"og:image:type\" content=\"image\/jpeg\" \/>\n<meta name=\"twitter:card\" content=\"summary_large_image\" \/>\n<meta name=\"twitter:description\" content=\"The Sound Devices MixPre-T10 is a lightweight, 10-input\/12-track recorder known for its exceptional audio quality and versatile features.\" \/>\n<meta name=\"twitter:label1\" content=\"Dur\u00e9e de lecture estim\u00e9e\" \/>\n\t<meta name=\"twitter:data1\" content=\"2 minutes\" \/>\n<script type=\"application\/ld+json\" class=\"yoast-schema-graph\">{\"@context\":\"https:\/\/schema.org\",\"@graph\":[{\"@type\":\"WebPage\",\"@id\":\"https:\/\/www.cinesouk.ma\/product\/sound-devices-mixpre-t10-field-recorder\/\",\"url\":\"https:\/\/www.cinesouk.ma\/product\/sound-devices-mixpre-t10-field-recorder\/\",\"name\":\"Sound Devices MixPre-T10 Field Recorder - CineSouk - Marrakech | Morocco - For rent\",\"isPartOf\":{\"@id\":\"https:\/\/www.cinesouk.ma\/#website\"},\"primaryImageOfPage\":{\"@id\":\"https:\/\/www.cinesouk.ma\/product\/sound-devices-mixpre-t10-field-recorder\/#primaryimage\"},\"image\":{\"@id\":\"https:\/\/www.cinesouk.ma\/product\/sound-devices-mixpre-t10-field-recorder\/#primaryimage\"},\"thumbnailUrl\":\"https:\/\/www.cinesouk.ma\/wp-content\/uploads\/2024\/01\/Sound-Devices-MixPre-T10.jpg\",\"datePublished\":\"2024-01-22T10:14:39+00:00\",\"dateModified\":\"2025-08-26T14:48:48+00:00\",\"description\":\"The Sound Devices MixPre-T10 is a lightweight, 10-input\/12-track recorder known for its exceptional audio quality and versatile features.\",\"breadcrumb\":{\"@id\":\"https:\/\/www.cinesouk.ma\/product\/sound-devices-mixpre-t10-field-recorder\/#breadcrumb\"},\"inLanguage\":\"fr-FR\",\"potentialAction\":[{\"@type\":\"ReadAction\",\"target\":[\"https:\/\/www.cinesouk.ma\/product\/sound-devices-mixpre-t10-field-recorder\/\"]}]},{\"@type\":\"ImageObject\",\"inLanguage\":\"fr-FR\",\"@id\":\"https:\/\/www.cinesouk.ma\/product\/sound-devices-mixpre-t10-field-recorder\/#primaryimage\",\"url\":\"https:\/\/www.cinesouk.ma\/wp-content\/uploads\/2024\/01\/Sound-Devices-MixPre-T10.jpg\",\"contentUrl\":\"https:\/\/www.cinesouk.ma\/wp-content\/uploads\/2024\/01\/Sound-Devices-MixPre-T10.jpg\",\"width\":300,\"height\":238},{\"@type\":\"BreadcrumbList\",\"@id\":\"https:\/\/www.cinesouk.ma\/product\/sound-devices-mixpre-t10-field-recorder\/#breadcrumb\",\"itemListElement\":[{\"@type\":\"ListItem\",\"position\":1,\"name\":\"Home\",\"item\":\"https:\/\/www.cinesouk.ma\/\"},{\"@type\":\"ListItem\",\"position\":2,\"name\":\"Shop\",\"item\":\"https:\/\/www.cinesouk.ma\/shop\/\"},{\"@type\":\"ListItem\",\"position\":3,\"name\":\"Sound Devices MixPre-T10 Field Recorder\"}]},{\"@type\":\"WebSite\",\"@id\":\"https:\/\/www.cinesouk.ma\/#website\",\"url\":\"https:\/\/www.cinesouk.ma\/\",\"name\":\"CineSouk\",\"description\":\"\",\"publisher\":{\"@id\":\"https:\/\/www.cinesouk.ma\/#organization\"},\"potentialAction\":[{\"@type\":\"SearchAction\",\"target\":{\"@type\":\"EntryPoint\",\"urlTemplate\":\"https:\/\/www.cinesouk.ma\/?s={search_term_string}\"},\"query-input\":{\"@type\":\"PropertyValueSpecification\",\"valueRequired\":true,\"valueName\":\"search_term_string\"}}],\"inLanguage\":\"fr-FR\"},{\"@type\":\"Organization\",\"@id\":\"https:\/\/www.cinesouk.ma\/#organization\",\"name\":\"CineSouk\",\"url\":\"https:\/\/www.cinesouk.ma\/\",\"logo\":{\"@type\":\"ImageObject\",\"inLanguage\":\"fr-FR\",\"@id\":\"https:\/\/www.cinesouk.ma\/#\/schema\/logo\/image\/\",\"url\":\"https:\/\/www.cinesouk.ma\/wp-content\/uploads\/2024\/01\/CineSouk-logo-v01-alpha-alligned-left.png\",\"contentUrl\":\"https:\/\/www.cinesouk.ma\/wp-content\/uploads\/2024\/01\/CineSouk-logo-v01-alpha-alligned-left.png\",\"width\":3204,\"height\":889,\"caption\":\"CineSouk\"},\"image\":{\"@id\":\"https:\/\/www.cinesouk.ma\/#\/schema\/logo\/image\/\"}}]}<\/script>\n<!-- \/ Yoast SEO Premium plugin. -->","yoast_head_json":{"title":"Sound Devices MixPre-T10 Field Recorder - CineSouk - Marrakech | Morocco - For rent","description":"The Sound Devices MixPre-T10 is a lightweight, 10-input\/12-track recorder known for its exceptional audio quality and versatile features.","robots":{"index":"index","follow":"follow","max-snippet":"max-snippet:-1","max-image-preview":"max-image-preview:large","max-video-preview":"max-video-preview:-1"},"canonical":"https:\/\/www.cinesouk.ma\/fr\/produit\/sound-devices-mixpre-t10-field-recorder\/","og_locale":"fr_FR","og_type":"article","og_title":"Sound Devices MixPre-T10 Field Recorder","og_description":"The Sound Devices MixPre-T10 is a lightweight, 10-input\/12-track recorder known for its exceptional audio quality and versatile features.","og_url":"https:\/\/www.cinesouk.ma\/fr\/produit\/sound-devices-mixpre-t10-field-recorder\/","og_site_name":"CineSouk","article_modified_time":"2025-08-26T14:48:48+00:00","og_image":[{"width":300,"height":238,"url":"https:\/\/www.cinesouk.ma\/wp-content\/uploads\/2024\/01\/Sound-Devices-MixPre-T10.jpg","type":"image\/jpeg"}],"twitter_card":"summary_large_image","twitter_description":"The Sound Devices MixPre-T10 is a lightweight, 10-input\/12-track recorder known for its exceptional audio quality and versatile features.","twitter_misc":{"Dur\u00e9e de lecture estim\u00e9e":"2 minutes"},"schema":{"@context":"https:\/\/schema.org","@graph":[{"@type":"WebPage","@id":"https:\/\/www.cinesouk.ma\/product\/sound-devices-mixpre-t10-field-recorder\/","url":"https:\/\/www.cinesouk.ma\/product\/sound-devices-mixpre-t10-field-recorder\/","name":"Sound Devices MixPre-T10 Field Recorder - CineSouk - Marrakech | Morocco - For rent","isPartOf":{"@id":"https:\/\/www.cinesouk.ma\/#website"},"primaryImageOfPage":{"@id":"https:\/\/www.cinesouk.ma\/product\/sound-devices-mixpre-t10-field-recorder\/#primaryimage"},"image":{"@id":"https:\/\/www.cinesouk.ma\/product\/sound-devices-mixpre-t10-field-recorder\/#primaryimage"},"thumbnailUrl":"https:\/\/www.cinesouk.ma\/wp-content\/uploads\/2024\/01\/Sound-Devices-MixPre-T10.jpg","datePublished":"2024-01-22T10:14:39+00:00","dateModified":"2025-08-26T14:48:48+00:00","description":"The Sound Devices MixPre-T10 is a lightweight, 10-input\/12-track recorder known for its exceptional audio quality and versatile features.","breadcrumb":{"@id":"https:\/\/www.cinesouk.ma\/product\/sound-devices-mixpre-t10-field-recorder\/#breadcrumb"},"inLanguage":"fr-FR","potentialAction":[{"@type":"ReadAction","target":["https:\/\/www.cinesouk.ma\/product\/sound-devices-mixpre-t10-field-recorder\/"]}]},{"@type":"ImageObject","inLanguage":"fr-FR","@id":"https:\/\/www.cinesouk.ma\/product\/sound-devices-mixpre-t10-field-recorder\/#primaryimage","url":"https:\/\/www.cinesouk.ma\/wp-content\/uploads\/2024\/01\/Sound-Devices-MixPre-T10.jpg","contentUrl":"https:\/\/www.cinesouk.ma\/wp-content\/uploads\/2024\/01\/Sound-Devices-MixPre-T10.jpg","width":300,"height":238},{"@type":"BreadcrumbList","@id":"https:\/\/www.cinesouk.ma\/product\/sound-devices-mixpre-t10-field-recorder\/#breadcrumb","itemListElement":[{"@type":"ListItem","position":1,"name":"Home","item":"https:\/\/www.cinesouk.ma\/"},{"@type":"ListItem","position":2,"name":"Shop","item":"https:\/\/www.cinesouk.ma\/shop\/"},{"@type":"ListItem","position":3,"name":"Sound Devices MixPre-T10 Field Recorder"}]},{"@type":"WebSite","@id":"https:\/\/www.cinesouk.ma\/#website","url":"https:\/\/www.cinesouk.ma\/","name":"CineSouk","description":"","publisher":{"@id":"https:\/\/www.cinesouk.ma\/#organization"},"potentialAction":[{"@type":"SearchAction","target":{"@type":"EntryPoint","urlTemplate":"https:\/\/www.cinesouk.ma\/?s={search_term_string}"},"query-input":{"@type":"PropertyValueSpecification","valueRequired":true,"valueName":"search_term_string"}}],"inLanguage":"fr-FR"},{"@type":"Organization","@id":"https:\/\/www.cinesouk.ma\/#organization","name":"CineSouk","url":"https:\/\/www.cinesouk.ma\/","logo":{"@type":"ImageObject","inLanguage":"fr-FR","@id":"https:\/\/www.cinesouk.ma\/#\/schema\/logo\/image\/","url":"https:\/\/www.cinesouk.ma\/wp-content\/uploads\/2024\/01\/CineSouk-logo-v01-alpha-alligned-left.png","contentUrl":"https:\/\/www.cinesouk.ma\/wp-content\/uploads\/2024\/01\/CineSouk-logo-v01-alpha-alligned-left.png","width":3204,"height":889,"caption":"CineSouk"},"image":{"@id":"https:\/\/www.cinesouk.ma\/#\/schema\/logo\/image\/"}}]}},"_links":{"self":[{"href":"https:\/\/www.cinesouk.ma\/fr\/wp-json\/wp\/v2\/product\/3402","targetHints":{"allow":["GET"]}}],"collection":[{"href":"https:\/\/www.cinesouk.ma\/fr\/wp-json\/wp\/v2\/product"}],"about":[{"href":"https:\/\/www.cinesouk.ma\/fr\/wp-json\/wp\/v2\/types\/product"}],"wp:featuredmedia":[{"embeddable":true,"href":"https:\/\/www.cinesouk.ma\/fr\/wp-json\/wp\/v2\/media\/3408"}],"wp:attachment":[{"href":"https:\/\/www.cinesouk.ma\/fr\/wp-json\/wp\/v2\/media?parent=3402"}],"wp:term":[{"taxonomy":"product_brand","embeddable":true,"href":"https:\/\/www.cinesouk.ma\/fr\/wp-json\/wp\/v2\/product_brand?post=3402"},{"taxonomy":"product_cat","embeddable":true,"href":"https:\/\/www.cinesouk.ma\/fr\/wp-json\/wp\/v2\/product_cat?post=3402"},{"taxonomy":"product_tag","embeddable":true,"href":"https:\/\/www.cinesouk.ma\/fr\/wp-json\/wp\/v2\/product_tag?post=3402"}],"curies":[{"name":"wp","href":"https:\/\/api.w.org\/{rel}","templated":true}]}}