{"id":3412,"date":"2024-01-22T10:19:44","date_gmt":"2024-01-22T10:19:44","guid":{"rendered":"https:\/\/www.cinesouk.ma\/?post_type=product&#038;p=3412"},"modified":"2025-08-26T14:48:47","modified_gmt":"2025-08-26T14:48:47","slug":"deity-tc-1-timecode-device-3-kit","status":"publish","type":"product","link":"https:\/\/www.cinesouk.ma\/fr\/produit\/deity-tc-1-timecode-device-3-kit\/","title":{"rendered":"Deity TC-1 Timecode Device (3-Kit)"},"content":{"rendered":"<p>Le Deity TC-1 Timecode Device (3-Kit) est une solution compl\u00e8te pour une synchronisation pr\u00e9cise du timecode dans la r\u00e9alisation de films et la production vid\u00e9o. Ce kit comprend trois unit\u00e9s TC-1, garantissant un timecode pr\u00e9cis sur plusieurs unit\u00e9s. Gr\u00e2ce \u00e0 sa conception conviviale et \u00e0 ses performances fiables, le Deity TC-1 simplifie le flux de travail du timecode, ce qui en fait un outil essentiel pour les cin\u00e9astes et les cr\u00e9ateurs de contenu exigeant une pr\u00e9cision dans la synchronisation audio et vid\u00e9o.<\/p>\n<p>Vous pouvez attacher le dispositif Timecode de diff\u00e9rentes mani\u00e8res. Par exemple, il y a un 'hook-and-loop' \u00e0 l'arri\u00e8re du TC-1 et vous avez \u00e9galement la possibilit\u00e9 de le fixer via la monture coldshoe incluse. Le Deity TC-1 fonctionne en combinaison avec l'application Sidus Audio. Celle-ci vous permet de contr\u00f4ler jusqu'\u00e0 20 appareils TC-1 Timecode \u00e0 une distance de 75 m\u00e8tres. De plus, il dispose d'une puce RF secondaire pour se synchroniser avec les appareils TC-1 \u00e0 une distance de 10 m\u00e8tres.<\/p>\n<p>Le dispositif de timecode poss\u00e8de un TXCO d'une pr\u00e9cision d'environ 0,5 ppm. Gr\u00e2ce \u00e0 l'optimisation du micrologiciel, vos s\u00e9quences sont parfaitement synchronis\u00e9es lorsque vous commencez le montage, avec moins d'une d\u00e9rive d'image sur une p\u00e9riode de 72 heures. Vous n'avez pas non plus \u00e0 craindre que les c\u00e2bles se d\u00e9tachent pendant l'enregistrement. Le Deity TC-1 est \u00e9quip\u00e9 d'un connecteur TRS 3,5 mm verrouillable.<\/p>\n<p>Louez le Deity TC-1 Timecode Device (3-Kit) maintenant au <a href=\"https:\/\/www.cinesouk.ma\/fr\">CINESOUK<\/a> - une marque de <a href=\"https:\/\/www.broadway.ma\/\">BROADWAY PRODUCTIONS SARL.<\/a><\/p>","protected":false},"excerpt":{"rendered":"<p>Sp\u00e9cifications :<\/p>\n<p>Marque : Deity<br \/>\nMod\u00e8le : TC-1 (3-Kit)<br \/>\nType : Dispositif de timecode&lt;br \/&gt;Application : R&eacute;alisation de films, production vid&eacute;o<br \/>\nCaract&eacute;ristiques : Trois unit&eacute;s pour une synchronisation multi-appareils&lt;br \/&gt;Poids : Variable<\/p>","protected":false},"featured_media":3421,"template":"","meta":{"om_disable_all_campaigns":false,"_monsterinsights_skip_tracking":false,"_monsterinsights_sitenote_active":false,"_monsterinsights_sitenote_note":"","_monsterinsights_sitenote_category":0,"_uf_show_specific_survey":0,"_uf_disable_surveys":false},"product_brand":[],"product_cat":[83,35],"product_tag":[],"class_list":{"0":"post-3412","1":"product","2":"type-product","3":"status-publish","4":"has-post-thumbnail","6":"product_cat-efp-eng-cinesouk","7":"product_cat-sound-cinesouk","9":"entry","10":"has-media","12":"first","13":"instock","14":"taxable","15":"shipping-taxable","16":"purchasable","17":"product-type-variable","18":"has-product-nav","19":"col","20":"span_1_of_3","21":"owp-content-center","22":"owp-thumbs-layout-horizontal","23":"owp-btn-normal","24":"owp-tabs-layout-horizontal","25":"has-no-thumbnails"},"yoast_head":"<!-- This site is optimized with the Yoast SEO Premium plugin v26.0 (Yoast SEO v26.0) - https:\/\/yoast.com\/wordpress\/plugins\/seo\/ -->\n<title>Deity TC-1 Timecode Device (3-Kit) - CineSouk - For rent<\/title>\n<meta name=\"description\" content=\"The Deity TC-1 Timecode Device (3-Kit) is a comprehensive solution for precise timecode synchronisation in filmmaking and video production.\" \/>\n<meta name=\"robots\" content=\"index, follow, max-snippet:-1, max-image-preview:large, max-video-preview:-1\" \/>\n<link rel=\"canonical\" href=\"https:\/\/www.cinesouk.ma\/fr\/produit\/deity-tc-1-timecode-device-3-kit\/\" \/>\n<meta property=\"og:locale\" content=\"fr_FR\" \/>\n<meta property=\"og:type\" content=\"article\" \/>\n<meta property=\"og:title\" content=\"Deity TC-1 Timecode Device (3-Kit)\" \/>\n<meta property=\"og:description\" content=\"The Deity TC-1 Timecode Device (3-Kit) is a comprehensive solution for precise timecode synchronisation in filmmaking and video production.\" \/>\n<meta property=\"og:url\" content=\"https:\/\/www.cinesouk.ma\/fr\/produit\/deity-tc-1-timecode-device-3-kit\/\" \/>\n<meta property=\"og:site_name\" content=\"CineSouk\" \/>\n<meta property=\"article:modified_time\" content=\"2025-08-26T14:48:47+00:00\" \/>\n<meta property=\"og:image\" content=\"https:\/\/www.cinesouk.ma\/wp-content\/uploads\/2024\/01\/Deity-TC-1-timecode-device-3-kit.jpg\" \/>\n\t<meta property=\"og:image:width\" content=\"300\" \/>\n\t<meta property=\"og:image:height\" content=\"238\" \/>\n\t<meta property=\"og:image:type\" content=\"image\/jpeg\" \/>\n<meta name=\"twitter:card\" content=\"summary_large_image\" \/>\n<meta name=\"twitter:description\" content=\"The Deity TC-1 Timecode Device (3-Kit) is a comprehensive solution for precise timecode synchronisation in filmmaking and video production.\" \/>\n<meta name=\"twitter:label1\" content=\"Dur\u00e9e de lecture estim\u00e9e\" \/>\n\t<meta name=\"twitter:data1\" content=\"2 minutes\" \/>\n<script type=\"application\/ld+json\" class=\"yoast-schema-graph\">{\"@context\":\"https:\/\/schema.org\",\"@graph\":[{\"@type\":\"WebPage\",\"@id\":\"https:\/\/www.cinesouk.ma\/product\/deity-tc-1-timecode-device-3-kit\/\",\"url\":\"https:\/\/www.cinesouk.ma\/product\/deity-tc-1-timecode-device-3-kit\/\",\"name\":\"Deity TC-1 Timecode Device (3-Kit) - CineSouk - For rent\",\"isPartOf\":{\"@id\":\"https:\/\/www.cinesouk.ma\/#website\"},\"primaryImageOfPage\":{\"@id\":\"https:\/\/www.cinesouk.ma\/product\/deity-tc-1-timecode-device-3-kit\/#primaryimage\"},\"image\":{\"@id\":\"https:\/\/www.cinesouk.ma\/product\/deity-tc-1-timecode-device-3-kit\/#primaryimage\"},\"thumbnailUrl\":\"https:\/\/www.cinesouk.ma\/wp-content\/uploads\/2024\/01\/Deity-TC-1-timecode-device-3-kit.jpg\",\"datePublished\":\"2024-01-22T10:19:44+00:00\",\"dateModified\":\"2025-08-26T14:48:47+00:00\",\"description\":\"The Deity TC-1 Timecode Device (3-Kit) is a comprehensive solution for precise timecode synchronisation in filmmaking and video production.\",\"breadcrumb\":{\"@id\":\"https:\/\/www.cinesouk.ma\/product\/deity-tc-1-timecode-device-3-kit\/#breadcrumb\"},\"inLanguage\":\"fr-FR\",\"potentialAction\":[{\"@type\":\"ReadAction\",\"target\":[\"https:\/\/www.cinesouk.ma\/product\/deity-tc-1-timecode-device-3-kit\/\"]}]},{\"@type\":\"ImageObject\",\"inLanguage\":\"fr-FR\",\"@id\":\"https:\/\/www.cinesouk.ma\/product\/deity-tc-1-timecode-device-3-kit\/#primaryimage\",\"url\":\"https:\/\/www.cinesouk.ma\/wp-content\/uploads\/2024\/01\/Deity-TC-1-timecode-device-3-kit.jpg\",\"contentUrl\":\"https:\/\/www.cinesouk.ma\/wp-content\/uploads\/2024\/01\/Deity-TC-1-timecode-device-3-kit.jpg\",\"width\":300,\"height\":238},{\"@type\":\"BreadcrumbList\",\"@id\":\"https:\/\/www.cinesouk.ma\/product\/deity-tc-1-timecode-device-3-kit\/#breadcrumb\",\"itemListElement\":[{\"@type\":\"ListItem\",\"position\":1,\"name\":\"Home\",\"item\":\"https:\/\/www.cinesouk.ma\/\"},{\"@type\":\"ListItem\",\"position\":2,\"name\":\"Shop\",\"item\":\"https:\/\/www.cinesouk.ma\/shop\/\"},{\"@type\":\"ListItem\",\"position\":3,\"name\":\"Deity TC-1 Timecode Device (3-Kit)\"}]},{\"@type\":\"WebSite\",\"@id\":\"https:\/\/www.cinesouk.ma\/#website\",\"url\":\"https:\/\/www.cinesouk.ma\/\",\"name\":\"CineSouk\",\"description\":\"\",\"publisher\":{\"@id\":\"https:\/\/www.cinesouk.ma\/#organization\"},\"potentialAction\":[{\"@type\":\"SearchAction\",\"target\":{\"@type\":\"EntryPoint\",\"urlTemplate\":\"https:\/\/www.cinesouk.ma\/?s={search_term_string}\"},\"query-input\":{\"@type\":\"PropertyValueSpecification\",\"valueRequired\":true,\"valueName\":\"search_term_string\"}}],\"inLanguage\":\"fr-FR\"},{\"@type\":\"Organization\",\"@id\":\"https:\/\/www.cinesouk.ma\/#organization\",\"name\":\"CineSouk\",\"url\":\"https:\/\/www.cinesouk.ma\/\",\"logo\":{\"@type\":\"ImageObject\",\"inLanguage\":\"fr-FR\",\"@id\":\"https:\/\/www.cinesouk.ma\/#\/schema\/logo\/image\/\",\"url\":\"https:\/\/www.cinesouk.ma\/wp-content\/uploads\/2024\/01\/CineSouk-logo-v01-alpha-alligned-left.png\",\"contentUrl\":\"https:\/\/www.cinesouk.ma\/wp-content\/uploads\/2024\/01\/CineSouk-logo-v01-alpha-alligned-left.png\",\"width\":3204,\"height\":889,\"caption\":\"CineSouk\"},\"image\":{\"@id\":\"https:\/\/www.cinesouk.ma\/#\/schema\/logo\/image\/\"}}]}<\/script>\n<!-- \/ Yoast SEO Premium plugin. -->","yoast_head_json":{"title":"Deity TC-1 Timecode Device (3-Kit) - CineSouk - For rent","description":"The Deity TC-1 Timecode Device (3-Kit) is a comprehensive solution for precise timecode synchronisation in filmmaking and video production.","robots":{"index":"index","follow":"follow","max-snippet":"max-snippet:-1","max-image-preview":"max-image-preview:large","max-video-preview":"max-video-preview:-1"},"canonical":"https:\/\/www.cinesouk.ma\/fr\/produit\/deity-tc-1-timecode-device-3-kit\/","og_locale":"fr_FR","og_type":"article","og_title":"Deity TC-1 Timecode Device (3-Kit)","og_description":"The Deity TC-1 Timecode Device (3-Kit) is a comprehensive solution for precise timecode synchronisation in filmmaking and video production.","og_url":"https:\/\/www.cinesouk.ma\/fr\/produit\/deity-tc-1-timecode-device-3-kit\/","og_site_name":"CineSouk","article_modified_time":"2025-08-26T14:48:47+00:00","og_image":[{"width":300,"height":238,"url":"https:\/\/www.cinesouk.ma\/wp-content\/uploads\/2024\/01\/Deity-TC-1-timecode-device-3-kit.jpg","type":"image\/jpeg"}],"twitter_card":"summary_large_image","twitter_description":"The Deity TC-1 Timecode Device (3-Kit) is a comprehensive solution for precise timecode synchronisation in filmmaking and video production.","twitter_misc":{"Dur\u00e9e de lecture estim\u00e9e":"2 minutes"},"schema":{"@context":"https:\/\/schema.org","@graph":[{"@type":"WebPage","@id":"https:\/\/www.cinesouk.ma\/product\/deity-tc-1-timecode-device-3-kit\/","url":"https:\/\/www.cinesouk.ma\/product\/deity-tc-1-timecode-device-3-kit\/","name":"Deity TC-1 Timecode Device (3-Kit) - CineSouk - For rent","isPartOf":{"@id":"https:\/\/www.cinesouk.ma\/#website"},"primaryImageOfPage":{"@id":"https:\/\/www.cinesouk.ma\/product\/deity-tc-1-timecode-device-3-kit\/#primaryimage"},"image":{"@id":"https:\/\/www.cinesouk.ma\/product\/deity-tc-1-timecode-device-3-kit\/#primaryimage"},"thumbnailUrl":"https:\/\/www.cinesouk.ma\/wp-content\/uploads\/2024\/01\/Deity-TC-1-timecode-device-3-kit.jpg","datePublished":"2024-01-22T10:19:44+00:00","dateModified":"2025-08-26T14:48:47+00:00","description":"The Deity TC-1 Timecode Device (3-Kit) is a comprehensive solution for precise timecode synchronisation in filmmaking and video production.","breadcrumb":{"@id":"https:\/\/www.cinesouk.ma\/product\/deity-tc-1-timecode-device-3-kit\/#breadcrumb"},"inLanguage":"fr-FR","potentialAction":[{"@type":"ReadAction","target":["https:\/\/www.cinesouk.ma\/product\/deity-tc-1-timecode-device-3-kit\/"]}]},{"@type":"ImageObject","inLanguage":"fr-FR","@id":"https:\/\/www.cinesouk.ma\/product\/deity-tc-1-timecode-device-3-kit\/#primaryimage","url":"https:\/\/www.cinesouk.ma\/wp-content\/uploads\/2024\/01\/Deity-TC-1-timecode-device-3-kit.jpg","contentUrl":"https:\/\/www.cinesouk.ma\/wp-content\/uploads\/2024\/01\/Deity-TC-1-timecode-device-3-kit.jpg","width":300,"height":238},{"@type":"BreadcrumbList","@id":"https:\/\/www.cinesouk.ma\/product\/deity-tc-1-timecode-device-3-kit\/#breadcrumb","itemListElement":[{"@type":"ListItem","position":1,"name":"Home","item":"https:\/\/www.cinesouk.ma\/"},{"@type":"ListItem","position":2,"name":"Shop","item":"https:\/\/www.cinesouk.ma\/shop\/"},{"@type":"ListItem","position":3,"name":"Deity TC-1 Timecode Device (3-Kit)"}]},{"@type":"WebSite","@id":"https:\/\/www.cinesouk.ma\/#website","url":"https:\/\/www.cinesouk.ma\/","name":"CineSouk","description":"","publisher":{"@id":"https:\/\/www.cinesouk.ma\/#organization"},"potentialAction":[{"@type":"SearchAction","target":{"@type":"EntryPoint","urlTemplate":"https:\/\/www.cinesouk.ma\/?s={search_term_string}"},"query-input":{"@type":"PropertyValueSpecification","valueRequired":true,"valueName":"search_term_string"}}],"inLanguage":"fr-FR"},{"@type":"Organization","@id":"https:\/\/www.cinesouk.ma\/#organization","name":"CineSouk","url":"https:\/\/www.cinesouk.ma\/","logo":{"@type":"ImageObject","inLanguage":"fr-FR","@id":"https:\/\/www.cinesouk.ma\/#\/schema\/logo\/image\/","url":"https:\/\/www.cinesouk.ma\/wp-content\/uploads\/2024\/01\/CineSouk-logo-v01-alpha-alligned-left.png","contentUrl":"https:\/\/www.cinesouk.ma\/wp-content\/uploads\/2024\/01\/CineSouk-logo-v01-alpha-alligned-left.png","width":3204,"height":889,"caption":"CineSouk"},"image":{"@id":"https:\/\/www.cinesouk.ma\/#\/schema\/logo\/image\/"}}]}},"_links":{"self":[{"href":"https:\/\/www.cinesouk.ma\/fr\/wp-json\/wp\/v2\/product\/3412","targetHints":{"allow":["GET"]}}],"collection":[{"href":"https:\/\/www.cinesouk.ma\/fr\/wp-json\/wp\/v2\/product"}],"about":[{"href":"https:\/\/www.cinesouk.ma\/fr\/wp-json\/wp\/v2\/types\/product"}],"wp:featuredmedia":[{"embeddable":true,"href":"https:\/\/www.cinesouk.ma\/fr\/wp-json\/wp\/v2\/media\/3421"}],"wp:attachment":[{"href":"https:\/\/www.cinesouk.ma\/fr\/wp-json\/wp\/v2\/media?parent=3412"}],"wp:term":[{"taxonomy":"product_brand","embeddable":true,"href":"https:\/\/www.cinesouk.ma\/fr\/wp-json\/wp\/v2\/product_brand?post=3412"},{"taxonomy":"product_cat","embeddable":true,"href":"https:\/\/www.cinesouk.ma\/fr\/wp-json\/wp\/v2\/product_cat?post=3412"},{"taxonomy":"product_tag","embeddable":true,"href":"https:\/\/www.cinesouk.ma\/fr\/wp-json\/wp\/v2\/product_tag?post=3412"}],"curies":[{"name":"wp","href":"https:\/\/api.w.org\/{rel}","templated":true}]}}