{"id":3422,"date":"2024-01-22T10:24:39","date_gmt":"2024-01-22T10:24:39","guid":{"rendered":"https:\/\/www.cinesouk.ma\/?post_type=product&#038;p=3422"},"modified":"2025-05-15T15:33:18","modified_gmt":"2025-05-15T15:33:18","slug":"deity-tc-sl-1-timecode-slate","status":"publish","type":"product","link":"https:\/\/www.cinesouk.ma\/fr\/produit\/deity-tc-sl-1-timecode-slate\/","title":{"rendered":"Deity TC-SL1 Timecode Slate \/ Clapperboard \/ Movie Clapper"},"content":{"rendered":"<p>La Deity TC-SL1 Timecode Slate est la premi\u00e8re ardoise intelligente de timecode au monde qui est synchronisable via une application t\u00e9l\u00e9phonique Bluetooth\u00ae. Dot\u00e9e de fonctionnalit\u00e9s de pointe, la TC-SL1 offre aux utilisateurs la possibilit\u00e9 de t\u00e9l\u00e9charger notre application gratuite pour ardoise de timecode et de contr\u00f4ler leur clapperboard de timecode sans fil. Synchronisez votre TC-SL1 en m\u00eame temps que vous synchronisez vos g\u00e9n\u00e9rateurs de timecode TC-1 via Bluetooth\u00ae.<\/p>\n<h3>Caract\u00e9ristiques de l'ardoise Timecode :<\/h3>\n<ul>\n<li>Construction compacte et durable ; conception monocorps<\/li>\n<li>Sortie TRS 1\/4\u2033 et entr\u00e9e\/sortie TC 5 broches (compatible LEMO)<\/li>\n<li>Jusqu'\u00e0 250ft de port\u00e9e via notre application Bluetooth Timecode Slate, Sidus Audio<\/li>\n<li>Surface effa\u00e7able \u00e0 sec r\u00e9tro\u00e9clair\u00e9e<\/li>\n<li>Afficheur matriciel \u00e0 matrice de DEL<\/li>\n<li>Port de charge USB-C de 25 watts ; peut \u00e9galement \u00eatre utilis\u00e9 pour les mises \u00e0 jour du micrologiciel.<\/li>\n<li>\u00c9cran arri\u00e8re OLED de ~1\u2033 ; navigation dans le menu de bord<\/li>\n<li>Poign\u00e9e int\u00e9gr\u00e9e pour une utilisation d'une seule main<\/li>\n<li>Dur\u00e9e de vie de la batterie : +25 heures ; \u00e9cran matriciel \u00e0 points 100% et \u00e9cran effa\u00e7able \u00e0 sec r\u00e9tro\u00e9clair\u00e9 100% avec clapet ouvert \u00e0 gauche<\/li>\n<\/ul>\n<p>Louez la Deity TC-SL1 Timecode Slate maintenant sur <a href=\"https:\/\/www.cinesouk.ma\/fr\">CINESOUK<\/a> - une marque de <a href=\"https:\/\/www.broadway.ma\/\">BROADWAY PRODUCTIONS SARL.<\/a><\/p>","protected":false},"excerpt":{"rendered":"<h3>Sp\u00e9cifications :<\/h3>\n<ul>\n<li><strong>Marque :<\/strong> D\u00e9it\u00e9<\/li>\n<li><strong>Mod\u00e8le :<\/strong> TC-SL1<\/li>\n<li><strong>Type :<\/strong> Ardoise Timecode<\/li>\n<li><strong>Application :<\/strong> R\u00e9alisation de films, production vid\u00e9o<\/li>\n<li><strong>Caract\u00e9ristiques :<\/strong> Affichage \u00e0 haute visibilit\u00e9, synchronisation des bourrages, options de montage polyvalentes<\/li>\n<li><strong>Poids :<\/strong> Variable<\/li>\n<\/ul>","protected":false},"featured_media":3423,"template":"","meta":{"om_disable_all_campaigns":false,"_monsterinsights_skip_tracking":false,"_monsterinsights_sitenote_active":false,"_monsterinsights_sitenote_note":"","_monsterinsights_sitenote_category":0,"_uf_show_specific_survey":0,"_uf_disable_surveys":false},"product_brand":[],"product_cat":[35],"product_tag":[],"class_list":{"0":"post-3422","1":"product","2":"type-product","3":"status-publish","4":"has-post-thumbnail","6":"product_cat-sound-cinesouk","8":"entry","9":"has-media","11":"first","12":"instock","13":"taxable","14":"shipping-taxable","15":"purchasable","16":"product-type-variable","17":"has-product-nav","18":"col","19":"span_1_of_3","20":"owp-content-center","21":"owp-thumbs-layout-horizontal","22":"owp-btn-normal","23":"owp-tabs-layout-horizontal","24":"has-no-thumbnails"},"yoast_head":"<!-- This site is optimized with the Yoast SEO Premium plugin v26.0 (Yoast SEO v26.0) - https:\/\/yoast.com\/wordpress\/plugins\/seo\/ -->\n<title>Deity TC-SL1 Timecode Slate \/ Clapperboard \/ Movie Clapper - CineSouk - CineSouk<\/title>\n<meta name=\"description\" content=\"Streamline your timecode workflow with the Deity TC-SL1 Timecode Slate, a reliable solution for precise synchronization in filmmaking.\" \/>\n<meta name=\"robots\" content=\"index, follow, max-snippet:-1, max-image-preview:large, max-video-preview:-1\" \/>\n<link rel=\"canonical\" href=\"https:\/\/www.cinesouk.ma\/fr\/produit\/deity-tc-sl-1-timecode-slate\/\" \/>\n<meta property=\"og:locale\" content=\"fr_FR\" \/>\n<meta property=\"og:type\" content=\"article\" \/>\n<meta property=\"og:title\" content=\"Deity TC-SL1 Timecode Slate \/ Clapperboard \/ Movie Clapper\" \/>\n<meta property=\"og:description\" content=\"Streamline your timecode workflow with the Deity TC-SL1 Timecode Slate, a reliable solution for precise synchronization in filmmaking.\" \/>\n<meta property=\"og:url\" content=\"https:\/\/www.cinesouk.ma\/fr\/produit\/deity-tc-sl-1-timecode-slate\/\" \/>\n<meta property=\"og:site_name\" content=\"CineSouk\" \/>\n<meta property=\"article:modified_time\" content=\"2025-05-15T15:33:18+00:00\" \/>\n<meta property=\"og:image\" content=\"https:\/\/www.cinesouk.ma\/wp-content\/uploads\/2024\/01\/Deity-TC-SL1-timecode-slate.jpg\" \/>\n\t<meta property=\"og:image:width\" content=\"300\" \/>\n\t<meta property=\"og:image:height\" content=\"238\" \/>\n\t<meta property=\"og:image:type\" content=\"image\/jpeg\" \/>\n<meta name=\"twitter:card\" content=\"summary_large_image\" \/>\n<meta name=\"twitter:description\" content=\"Streamline your timecode workflow with the Deity TC-SL1 Timecode Slate, a reliable solution for precise synchronization in filmmaking.\" \/>\n<meta name=\"twitter:label1\" content=\"Dur\u00e9e de lecture estim\u00e9e\" \/>\n\t<meta name=\"twitter:data1\" content=\"1 minute\" \/>\n<script type=\"application\/ld+json\" class=\"yoast-schema-graph\">{\"@context\":\"https:\/\/schema.org\",\"@graph\":[{\"@type\":\"WebPage\",\"@id\":\"https:\/\/www.cinesouk.ma\/product\/deity-tc-sl-1-timecode-slate\/\",\"url\":\"https:\/\/www.cinesouk.ma\/product\/deity-tc-sl-1-timecode-slate\/\",\"name\":\"Deity TC-SL1 Timecode Slate \/ Clapperboard \/ Movie Clapper - CineSouk - CineSouk\",\"isPartOf\":{\"@id\":\"https:\/\/www.cinesouk.ma\/#website\"},\"primaryImageOfPage\":{\"@id\":\"https:\/\/www.cinesouk.ma\/product\/deity-tc-sl-1-timecode-slate\/#primaryimage\"},\"image\":{\"@id\":\"https:\/\/www.cinesouk.ma\/product\/deity-tc-sl-1-timecode-slate\/#primaryimage\"},\"thumbnailUrl\":\"https:\/\/www.cinesouk.ma\/wp-content\/uploads\/2024\/01\/Deity-TC-SL1-timecode-slate.jpg\",\"datePublished\":\"2024-01-22T10:24:39+00:00\",\"dateModified\":\"2025-05-15T15:33:18+00:00\",\"description\":\"Streamline your timecode workflow with the Deity TC-SL1 Timecode Slate, a reliable solution for precise synchronization in filmmaking.\",\"breadcrumb\":{\"@id\":\"https:\/\/www.cinesouk.ma\/product\/deity-tc-sl-1-timecode-slate\/#breadcrumb\"},\"inLanguage\":\"fr-FR\",\"potentialAction\":[{\"@type\":\"ReadAction\",\"target\":[\"https:\/\/www.cinesouk.ma\/product\/deity-tc-sl-1-timecode-slate\/\"]}]},{\"@type\":\"ImageObject\",\"inLanguage\":\"fr-FR\",\"@id\":\"https:\/\/www.cinesouk.ma\/product\/deity-tc-sl-1-timecode-slate\/#primaryimage\",\"url\":\"https:\/\/www.cinesouk.ma\/wp-content\/uploads\/2024\/01\/Deity-TC-SL1-timecode-slate.jpg\",\"contentUrl\":\"https:\/\/www.cinesouk.ma\/wp-content\/uploads\/2024\/01\/Deity-TC-SL1-timecode-slate.jpg\",\"width\":300,\"height\":238},{\"@type\":\"BreadcrumbList\",\"@id\":\"https:\/\/www.cinesouk.ma\/product\/deity-tc-sl-1-timecode-slate\/#breadcrumb\",\"itemListElement\":[{\"@type\":\"ListItem\",\"position\":1,\"name\":\"Home\",\"item\":\"https:\/\/www.cinesouk.ma\/\"},{\"@type\":\"ListItem\",\"position\":2,\"name\":\"Shop\",\"item\":\"https:\/\/www.cinesouk.ma\/shop\/\"},{\"@type\":\"ListItem\",\"position\":3,\"name\":\"Deity TC-SL1 Timecode Slate \/ Clapperboard \/ Movie Clapper\"}]},{\"@type\":\"WebSite\",\"@id\":\"https:\/\/www.cinesouk.ma\/#website\",\"url\":\"https:\/\/www.cinesouk.ma\/\",\"name\":\"CineSouk\",\"description\":\"\",\"publisher\":{\"@id\":\"https:\/\/www.cinesouk.ma\/#organization\"},\"potentialAction\":[{\"@type\":\"SearchAction\",\"target\":{\"@type\":\"EntryPoint\",\"urlTemplate\":\"https:\/\/www.cinesouk.ma\/?s={search_term_string}\"},\"query-input\":{\"@type\":\"PropertyValueSpecification\",\"valueRequired\":true,\"valueName\":\"search_term_string\"}}],\"inLanguage\":\"fr-FR\"},{\"@type\":\"Organization\",\"@id\":\"https:\/\/www.cinesouk.ma\/#organization\",\"name\":\"CineSouk\",\"url\":\"https:\/\/www.cinesouk.ma\/\",\"logo\":{\"@type\":\"ImageObject\",\"inLanguage\":\"fr-FR\",\"@id\":\"https:\/\/www.cinesouk.ma\/#\/schema\/logo\/image\/\",\"url\":\"https:\/\/www.cinesouk.ma\/wp-content\/uploads\/2024\/01\/CineSouk-logo-v01-alpha-alligned-left.png\",\"contentUrl\":\"https:\/\/www.cinesouk.ma\/wp-content\/uploads\/2024\/01\/CineSouk-logo-v01-alpha-alligned-left.png\",\"width\":3204,\"height\":889,\"caption\":\"CineSouk\"},\"image\":{\"@id\":\"https:\/\/www.cinesouk.ma\/#\/schema\/logo\/image\/\"}}]}<\/script>\n<!-- \/ Yoast SEO Premium plugin. -->","yoast_head_json":{"title":"Deity TC-SL1 Timecode Slate \/ Clapperboard \/ Movie Clapper - CineSouk - CineSouk","description":"Streamline your timecode workflow with the Deity TC-SL1 Timecode Slate, a reliable solution for precise synchronization in filmmaking.","robots":{"index":"index","follow":"follow","max-snippet":"max-snippet:-1","max-image-preview":"max-image-preview:large","max-video-preview":"max-video-preview:-1"},"canonical":"https:\/\/www.cinesouk.ma\/fr\/produit\/deity-tc-sl-1-timecode-slate\/","og_locale":"fr_FR","og_type":"article","og_title":"Deity TC-SL1 Timecode Slate \/ Clapperboard \/ Movie Clapper","og_description":"Streamline your timecode workflow with the Deity TC-SL1 Timecode Slate, a reliable solution for precise synchronization in filmmaking.","og_url":"https:\/\/www.cinesouk.ma\/fr\/produit\/deity-tc-sl-1-timecode-slate\/","og_site_name":"CineSouk","article_modified_time":"2025-05-15T15:33:18+00:00","og_image":[{"width":300,"height":238,"url":"https:\/\/www.cinesouk.ma\/wp-content\/uploads\/2024\/01\/Deity-TC-SL1-timecode-slate.jpg","type":"image\/jpeg"}],"twitter_card":"summary_large_image","twitter_description":"Streamline your timecode workflow with the Deity TC-SL1 Timecode Slate, a reliable solution for precise synchronization in filmmaking.","twitter_misc":{"Dur\u00e9e de lecture estim\u00e9e":"1 minute"},"schema":{"@context":"https:\/\/schema.org","@graph":[{"@type":"WebPage","@id":"https:\/\/www.cinesouk.ma\/product\/deity-tc-sl-1-timecode-slate\/","url":"https:\/\/www.cinesouk.ma\/product\/deity-tc-sl-1-timecode-slate\/","name":"Deity TC-SL1 Timecode Slate \/ Clapperboard \/ Movie Clapper - CineSouk - CineSouk","isPartOf":{"@id":"https:\/\/www.cinesouk.ma\/#website"},"primaryImageOfPage":{"@id":"https:\/\/www.cinesouk.ma\/product\/deity-tc-sl-1-timecode-slate\/#primaryimage"},"image":{"@id":"https:\/\/www.cinesouk.ma\/product\/deity-tc-sl-1-timecode-slate\/#primaryimage"},"thumbnailUrl":"https:\/\/www.cinesouk.ma\/wp-content\/uploads\/2024\/01\/Deity-TC-SL1-timecode-slate.jpg","datePublished":"2024-01-22T10:24:39+00:00","dateModified":"2025-05-15T15:33:18+00:00","description":"Streamline your timecode workflow with the Deity TC-SL1 Timecode Slate, a reliable solution for precise synchronization in filmmaking.","breadcrumb":{"@id":"https:\/\/www.cinesouk.ma\/product\/deity-tc-sl-1-timecode-slate\/#breadcrumb"},"inLanguage":"fr-FR","potentialAction":[{"@type":"ReadAction","target":["https:\/\/www.cinesouk.ma\/product\/deity-tc-sl-1-timecode-slate\/"]}]},{"@type":"ImageObject","inLanguage":"fr-FR","@id":"https:\/\/www.cinesouk.ma\/product\/deity-tc-sl-1-timecode-slate\/#primaryimage","url":"https:\/\/www.cinesouk.ma\/wp-content\/uploads\/2024\/01\/Deity-TC-SL1-timecode-slate.jpg","contentUrl":"https:\/\/www.cinesouk.ma\/wp-content\/uploads\/2024\/01\/Deity-TC-SL1-timecode-slate.jpg","width":300,"height":238},{"@type":"BreadcrumbList","@id":"https:\/\/www.cinesouk.ma\/product\/deity-tc-sl-1-timecode-slate\/#breadcrumb","itemListElement":[{"@type":"ListItem","position":1,"name":"Home","item":"https:\/\/www.cinesouk.ma\/"},{"@type":"ListItem","position":2,"name":"Shop","item":"https:\/\/www.cinesouk.ma\/shop\/"},{"@type":"ListItem","position":3,"name":"Deity TC-SL1 Timecode Slate \/ Clapperboard \/ Movie Clapper"}]},{"@type":"WebSite","@id":"https:\/\/www.cinesouk.ma\/#website","url":"https:\/\/www.cinesouk.ma\/","name":"CineSouk","description":"","publisher":{"@id":"https:\/\/www.cinesouk.ma\/#organization"},"potentialAction":[{"@type":"SearchAction","target":{"@type":"EntryPoint","urlTemplate":"https:\/\/www.cinesouk.ma\/?s={search_term_string}"},"query-input":{"@type":"PropertyValueSpecification","valueRequired":true,"valueName":"search_term_string"}}],"inLanguage":"fr-FR"},{"@type":"Organization","@id":"https:\/\/www.cinesouk.ma\/#organization","name":"CineSouk","url":"https:\/\/www.cinesouk.ma\/","logo":{"@type":"ImageObject","inLanguage":"fr-FR","@id":"https:\/\/www.cinesouk.ma\/#\/schema\/logo\/image\/","url":"https:\/\/www.cinesouk.ma\/wp-content\/uploads\/2024\/01\/CineSouk-logo-v01-alpha-alligned-left.png","contentUrl":"https:\/\/www.cinesouk.ma\/wp-content\/uploads\/2024\/01\/CineSouk-logo-v01-alpha-alligned-left.png","width":3204,"height":889,"caption":"CineSouk"},"image":{"@id":"https:\/\/www.cinesouk.ma\/#\/schema\/logo\/image\/"}}]}},"_links":{"self":[{"href":"https:\/\/www.cinesouk.ma\/fr\/wp-json\/wp\/v2\/product\/3422","targetHints":{"allow":["GET"]}}],"collection":[{"href":"https:\/\/www.cinesouk.ma\/fr\/wp-json\/wp\/v2\/product"}],"about":[{"href":"https:\/\/www.cinesouk.ma\/fr\/wp-json\/wp\/v2\/types\/product"}],"wp:featuredmedia":[{"embeddable":true,"href":"https:\/\/www.cinesouk.ma\/fr\/wp-json\/wp\/v2\/media\/3423"}],"wp:attachment":[{"href":"https:\/\/www.cinesouk.ma\/fr\/wp-json\/wp\/v2\/media?parent=3422"}],"wp:term":[{"taxonomy":"product_brand","embeddable":true,"href":"https:\/\/www.cinesouk.ma\/fr\/wp-json\/wp\/v2\/product_brand?post=3422"},{"taxonomy":"product_cat","embeddable":true,"href":"https:\/\/www.cinesouk.ma\/fr\/wp-json\/wp\/v2\/product_cat?post=3422"},{"taxonomy":"product_tag","embeddable":true,"href":"https:\/\/www.cinesouk.ma\/fr\/wp-json\/wp\/v2\/product_tag?post=3422"}],"curies":[{"name":"wp","href":"https:\/\/api.w.org\/{rel}","templated":true}]}}