{"id":3431,"date":"2024-01-22T10:30:51","date_gmt":"2024-01-22T10:30:51","guid":{"rendered":"https:\/\/www.cinesouk.ma\/?post_type=product&#038;p=3431"},"modified":"2025-05-19T10:41:18","modified_gmt":"2025-05-19T10:41:18","slug":"focusrite-scarlett-2i2","status":"publish","type":"product","link":"https:\/\/www.cinesouk.ma\/fr\/produit\/focusrite-scarlett-2i2\/","title":{"rendered":"Focusrite Scarlett 2i2"},"content":{"rendered":"<p>La Focusrite Scarlett 2i2 est une interface audio USB de premier ordre pour Mac et PC. Elle dispose de deux entr\u00e9es combo XLR\/jack pour les micros, les synth\u00e9s ou les sources de niveau ligne, de deux sorties sym\u00e9triques pour le monitoring et de deux pr\u00e9amplis Scarlett de haute qualit\u00e9.<\/p>\n<h3 class=\"fx-headline fx-headline--3 fx-space-bottom--m\">Interface audio USB2.0 \u00e0 2 canaux avec connexion USB-C :<\/h3>\n<ul class=\"fx-list product-text__list\">\n<li class=\"fx-list__item list-item fx-list__item--circle\"><span class=\"fx-text fx-text--plus list-item__text\">24 bits \/ 192 kHz<\/span><\/li>\n<li class=\"fx-list__item list-item fx-list__item--circle\"><span class=\"fx-text fx-text--plus list-item__text\">1x pr\u00e9ampli micro Scarlett<\/span><\/li>\n<li class=\"fx-list__item list-item fx-list__item--circle\"><span class=\"fx-text fx-text--plus list-item__text\">Alimentation fant\u00f4me +48 V<\/span><\/li>\n<li class=\"fx-list__item list-item fx-list__item--circle\"><span class=\"fx-text fx-text--plus list-item__text\">Fonction d'air commutable<\/span><\/li>\n<li class=\"fx-list__item list-item fx-list__item--circle\"><span class=\"fx-text fx-text--plus list-item__text\">1 Entr\u00e9e micro : XLR<\/span><\/li>\n<li class=\"fx-list__item list-item fx-list__item--circle\"><span class=\"fx-text fx-text--plus list-item__text\">1 Entr\u00e9e ligne\/instrument : jack 6,3 mm<\/span><\/li>\n<li class=\"fx-list__item list-item fx-list__item--circle\"><span class=\"fx-text fx-text--plus list-item__text\">2 sorties de ligne : jack 6,3 mm sym\u00e9trique<\/span><\/li>\n<li class=\"fx-list__item list-item fx-list__item--circle\"><span class=\"fx-text fx-text--plus list-item__text\">Sortie casque st\u00e9r\u00e9o : Prise jack 6,3 mm<\/span><\/li>\n<li class=\"fx-list__item list-item fx-list__item--circle\"><span class=\"fx-text fx-text--plus list-item__text\">Connexion USB-C<\/span><\/li>\n<li class=\"fx-list__item list-item fx-list__item--circle\"><span class=\"fx-text fx-text--plus list-item__text\">Pour PC\/Mac<\/span><\/li>\n<li class=\"fx-list__item list-item fx-list__item--circle\"><span class=\"fx-text fx-text--plus list-item__text\">Alimentation par bus USB<\/span><\/li>\n<li class=\"fx-list__item list-item fx-list__item--circle\"><span class=\"fx-text fx-text--plus list-item__text\">Dimensions (L x H x P) : 143,5 x 43,5 x 95,8 mm<\/span><\/li>\n<li class=\"fx-list__item list-item fx-list__item--circle\"><span class=\"fx-text fx-text--plus list-item__text\">Poids : 0,32 kg<\/span><\/li>\n<li class=\"fx-list__item list-item fx-list__item--circle\"><span class=\"fx-text fx-text--plus list-item__text\">C\u00e2ble USB (type C vers A) et Hitmaker Expansion Software Bundle (Ableton Live Lite, 3 mois d'abonnement \u00e0 Splice Sounds et un ensemble de plug-ins pour l'\u00e9criture, le mixage et le mastering, Pro Tools Artist (abonnement de trois mois) et Avid Complete Plugin Bundle) inclus.<\/span><\/li>\n<\/ul>\n<h3 class=\"fx-text fx-text--plus\"><span class=\"fx-text fx-text--bold\">Plugins d'extension Hitmaker :<\/span><\/h3>\n<ul class=\"fx-list product-text__list\">\n<li class=\"fx-list__item list-item fx-list__item--circle\"><span class=\"fx-text fx-text--plus list-item__text\">LANDR - Outil de masterisation bas\u00e9 sur l'IA (abonnement de deux mois)<\/span><\/li>\n<li class=\"fx-list__item list-item fx-list__item--circle\"><span class=\"fx-text fx-text--plus list-item__text\">Softube Marshall Silver Jubilee 2555 - Simulation d'ampli<\/span><\/li>\n<li class=\"fx-list__item list-item fx-list__item--circle\"><span class=\"fx-text fx-text--plus list-item__text\">XLN Audio Addictive Keys - Instruments de clavier virtuel<\/span><\/li>\n<li class=\"fx-list__item list-item fx-list__item--circle\"><span class=\"fx-text fx-text--plus list-item__text\">XLN Audio Addictive Drums 2 : Studio Rock - Biblioth\u00e8que virtuelle de batterie<\/span><\/li>\n<li class=\"fx-list__item list-item fx-list__item--circle\"><span class=\"fx-text fx-text--plus list-item__text\">Antares Auto-Tune Access - Accordage vocal<\/span><\/li>\n<li class=\"fx-list__item list-item fx-list__item--circle\"><span class=\"fx-text fx-text--plus list-item__text\">Brainworx Bx_console Focusrite SC - Channel Strip<\/span><\/li>\n<li class=\"fx-list__item list-item fx-list__item--circle\"><span class=\"fx-text fx-text--plus list-item__text\">Focusrite Red 2 &amp; 3 Plug-in Suite - EQ et Compressor<\/span><\/li>\n<li class=\"fx-list__item list-item fx-list__item--circle\"><span class=\"fx-text fx-text--plus list-item__text\">Relab's LX480 Essentials - R\u00e9verb\u00e9ration<\/span><\/li>\n<li class=\"fx-list__item list-item fx-list__item--circle\"><span class=\"fx-text fx-text--plus list-item__text\">Native Instruments MASSIVE, FAST Balancer (\u00c9quilibreur MASSIF et RAPIDE)<\/span><\/li>\n<\/ul>\n<p>Louez le Focusrite Scarlett 2i2 maintenant sur <a href=\"https:\/\/www.cinesouk.ma\/fr\">CINESOUK<\/a> - une marque de <a href=\"https:\/\/www.broadway.ma\/\">BROADWAY PRODUCTIONS SARL.<\/a><\/p>\n<p>&nbsp;<\/p>\n<p>&nbsp;<\/p>\n<p>&nbsp;<\/p>","protected":false},"excerpt":{"rendered":"<p>Sp\u00e9cifications :<\/p>\n<p>Marque : Focusrite<br \/>\nMod\u00e8le : Scarlett 2i2<br \/>\nType : Interface audio<br \/>\nApplication : Enregistrement de musique, podcasting, cr\u00e9ation de contenu<br \/>\nCaract\u00e9ristiques : Deux entr\u00e9es, pr\u00e9amplis de haute qualit\u00e9, connectivit\u00e9 USB<br \/>\nPoids : Variable<\/p>","protected":false},"featured_media":3437,"template":"","meta":{"om_disable_all_campaigns":false,"_monsterinsights_skip_tracking":false,"_monsterinsights_sitenote_active":false,"_monsterinsights_sitenote_note":"","_monsterinsights_sitenote_category":0,"_uf_show_specific_survey":0,"_uf_disable_surveys":false},"product_brand":[],"product_cat":[87,95,35,32],"product_tag":[],"class_list":{"0":"post-3431","1":"product","2":"type-product","3":"status-publish","4":"has-post-thumbnail","6":"product_cat-capture-and-recorders-cinesouk","7":"product_cat-mixing-consoles-eventsouk","8":"product_cat-sound-cinesouk","9":"product_cat-streaming-cinesouk","11":"entry","12":"has-media","14":"first","15":"instock","16":"taxable","17":"shipping-taxable","18":"purchasable","19":"product-type-variable","20":"has-product-nav","21":"col","22":"span_1_of_3","23":"owp-content-center","24":"owp-thumbs-layout-horizontal","25":"owp-btn-normal","26":"owp-tabs-layout-horizontal","27":"has-no-thumbnails"},"yoast_head":"<!-- This site is optimized with the Yoast SEO Premium plugin v26.0 (Yoast SEO v26.0) - https:\/\/yoast.com\/wordpress\/plugins\/seo\/ -->\n<title>Focusrite Scarlett 2i2 - CineSouk - Marrakech | Morocco - For rent<\/title>\n<meta name=\"description\" content=\"The Focusrite Scarlett 2i2 is a top-notch USB audio interface with two XLR\/jack inputs and two balanced outputs - CineSouk\" \/>\n<meta name=\"robots\" content=\"index, follow, max-snippet:-1, max-image-preview:large, max-video-preview:-1\" \/>\n<link rel=\"canonical\" href=\"https:\/\/www.cinesouk.ma\/fr\/produit\/focusrite-scarlett-2i2\/\" \/>\n<meta property=\"og:locale\" content=\"fr_FR\" \/>\n<meta property=\"og:type\" content=\"article\" \/>\n<meta property=\"og:title\" content=\"Focusrite Scarlett 2i2\" \/>\n<meta property=\"og:description\" content=\"The Focusrite Scarlett 2i2 is a top-notch USB audio interface with two XLR\/jack inputs and two balanced outputs - CineSouk\" \/>\n<meta property=\"og:url\" content=\"https:\/\/www.cinesouk.ma\/fr\/produit\/focusrite-scarlett-2i2\/\" \/>\n<meta property=\"og:site_name\" content=\"CineSouk\" \/>\n<meta property=\"article:modified_time\" content=\"2025-05-19T10:41:18+00:00\" \/>\n<meta property=\"og:image\" content=\"https:\/\/www.cinesouk.ma\/wp-content\/uploads\/2024\/01\/Focusrite-Scarlett-2i2-audio-interface.jpg\" \/>\n\t<meta property=\"og:image:width\" content=\"300\" \/>\n\t<meta property=\"og:image:height\" content=\"238\" \/>\n\t<meta property=\"og:image:type\" content=\"image\/jpeg\" \/>\n<meta name=\"twitter:card\" content=\"summary_large_image\" \/>\n<meta name=\"twitter:description\" content=\"The Focusrite Scarlett 2i2 is a top-notch USB audio interface with two XLR\/jack inputs and two balanced outputs - CineSouk\" \/>\n<meta name=\"twitter:label1\" content=\"Dur\u00e9e de lecture estim\u00e9e\" \/>\n\t<meta name=\"twitter:data1\" content=\"2 minutes\" \/>\n<script type=\"application\/ld+json\" class=\"yoast-schema-graph\">{\"@context\":\"https:\/\/schema.org\",\"@graph\":[{\"@type\":\"WebPage\",\"@id\":\"https:\/\/www.cinesouk.ma\/product\/focusrite-scarlett-2i2\/\",\"url\":\"https:\/\/www.cinesouk.ma\/product\/focusrite-scarlett-2i2\/\",\"name\":\"Focusrite Scarlett 2i2 - CineSouk - Marrakech | Morocco - For rent\",\"isPartOf\":{\"@id\":\"https:\/\/www.cinesouk.ma\/#website\"},\"primaryImageOfPage\":{\"@id\":\"https:\/\/www.cinesouk.ma\/product\/focusrite-scarlett-2i2\/#primaryimage\"},\"image\":{\"@id\":\"https:\/\/www.cinesouk.ma\/product\/focusrite-scarlett-2i2\/#primaryimage\"},\"thumbnailUrl\":\"https:\/\/www.cinesouk.ma\/wp-content\/uploads\/2024\/01\/Focusrite-Scarlett-2i2-audio-interface.jpg\",\"datePublished\":\"2024-01-22T10:30:51+00:00\",\"dateModified\":\"2025-05-19T10:41:18+00:00\",\"description\":\"The Focusrite Scarlett 2i2 is a top-notch USB audio interface with two XLR\/jack inputs and two balanced outputs - CineSouk\",\"breadcrumb\":{\"@id\":\"https:\/\/www.cinesouk.ma\/product\/focusrite-scarlett-2i2\/#breadcrumb\"},\"inLanguage\":\"fr-FR\",\"potentialAction\":[{\"@type\":\"ReadAction\",\"target\":[\"https:\/\/www.cinesouk.ma\/product\/focusrite-scarlett-2i2\/\"]}]},{\"@type\":\"ImageObject\",\"inLanguage\":\"fr-FR\",\"@id\":\"https:\/\/www.cinesouk.ma\/product\/focusrite-scarlett-2i2\/#primaryimage\",\"url\":\"https:\/\/www.cinesouk.ma\/wp-content\/uploads\/2024\/01\/Focusrite-Scarlett-2i2-audio-interface.jpg\",\"contentUrl\":\"https:\/\/www.cinesouk.ma\/wp-content\/uploads\/2024\/01\/Focusrite-Scarlett-2i2-audio-interface.jpg\",\"width\":300,\"height\":238},{\"@type\":\"BreadcrumbList\",\"@id\":\"https:\/\/www.cinesouk.ma\/product\/focusrite-scarlett-2i2\/#breadcrumb\",\"itemListElement\":[{\"@type\":\"ListItem\",\"position\":1,\"name\":\"Home\",\"item\":\"https:\/\/www.cinesouk.ma\/\"},{\"@type\":\"ListItem\",\"position\":2,\"name\":\"Shop\",\"item\":\"https:\/\/www.cinesouk.ma\/shop\/\"},{\"@type\":\"ListItem\",\"position\":3,\"name\":\"Focusrite Scarlett 2i2\"}]},{\"@type\":\"WebSite\",\"@id\":\"https:\/\/www.cinesouk.ma\/#website\",\"url\":\"https:\/\/www.cinesouk.ma\/\",\"name\":\"CineSouk\",\"description\":\"\",\"publisher\":{\"@id\":\"https:\/\/www.cinesouk.ma\/#organization\"},\"potentialAction\":[{\"@type\":\"SearchAction\",\"target\":{\"@type\":\"EntryPoint\",\"urlTemplate\":\"https:\/\/www.cinesouk.ma\/?s={search_term_string}\"},\"query-input\":{\"@type\":\"PropertyValueSpecification\",\"valueRequired\":true,\"valueName\":\"search_term_string\"}}],\"inLanguage\":\"fr-FR\"},{\"@type\":\"Organization\",\"@id\":\"https:\/\/www.cinesouk.ma\/#organization\",\"name\":\"CineSouk\",\"url\":\"https:\/\/www.cinesouk.ma\/\",\"logo\":{\"@type\":\"ImageObject\",\"inLanguage\":\"fr-FR\",\"@id\":\"https:\/\/www.cinesouk.ma\/#\/schema\/logo\/image\/\",\"url\":\"https:\/\/www.cinesouk.ma\/wp-content\/uploads\/2024\/01\/CineSouk-logo-v01-alpha-alligned-left.png\",\"contentUrl\":\"https:\/\/www.cinesouk.ma\/wp-content\/uploads\/2024\/01\/CineSouk-logo-v01-alpha-alligned-left.png\",\"width\":3204,\"height\":889,\"caption\":\"CineSouk\"},\"image\":{\"@id\":\"https:\/\/www.cinesouk.ma\/#\/schema\/logo\/image\/\"}}]}<\/script>\n<!-- \/ Yoast SEO Premium plugin. -->","yoast_head_json":{"title":"Focusrite Scarlett 2i2 - CineSouk - Marrakech | Morocco - For rent","description":"The Focusrite Scarlett 2i2 is a top-notch USB audio interface with two XLR\/jack inputs and two balanced outputs - CineSouk","robots":{"index":"index","follow":"follow","max-snippet":"max-snippet:-1","max-image-preview":"max-image-preview:large","max-video-preview":"max-video-preview:-1"},"canonical":"https:\/\/www.cinesouk.ma\/fr\/produit\/focusrite-scarlett-2i2\/","og_locale":"fr_FR","og_type":"article","og_title":"Focusrite Scarlett 2i2","og_description":"The Focusrite Scarlett 2i2 is a top-notch USB audio interface with two XLR\/jack inputs and two balanced outputs - CineSouk","og_url":"https:\/\/www.cinesouk.ma\/fr\/produit\/focusrite-scarlett-2i2\/","og_site_name":"CineSouk","article_modified_time":"2025-05-19T10:41:18+00:00","og_image":[{"width":300,"height":238,"url":"https:\/\/www.cinesouk.ma\/wp-content\/uploads\/2024\/01\/Focusrite-Scarlett-2i2-audio-interface.jpg","type":"image\/jpeg"}],"twitter_card":"summary_large_image","twitter_description":"The Focusrite Scarlett 2i2 is a top-notch USB audio interface with two XLR\/jack inputs and two balanced outputs - CineSouk","twitter_misc":{"Dur\u00e9e de lecture estim\u00e9e":"2 minutes"},"schema":{"@context":"https:\/\/schema.org","@graph":[{"@type":"WebPage","@id":"https:\/\/www.cinesouk.ma\/product\/focusrite-scarlett-2i2\/","url":"https:\/\/www.cinesouk.ma\/product\/focusrite-scarlett-2i2\/","name":"Focusrite Scarlett 2i2 - CineSouk - Marrakech | Morocco - For rent","isPartOf":{"@id":"https:\/\/www.cinesouk.ma\/#website"},"primaryImageOfPage":{"@id":"https:\/\/www.cinesouk.ma\/product\/focusrite-scarlett-2i2\/#primaryimage"},"image":{"@id":"https:\/\/www.cinesouk.ma\/product\/focusrite-scarlett-2i2\/#primaryimage"},"thumbnailUrl":"https:\/\/www.cinesouk.ma\/wp-content\/uploads\/2024\/01\/Focusrite-Scarlett-2i2-audio-interface.jpg","datePublished":"2024-01-22T10:30:51+00:00","dateModified":"2025-05-19T10:41:18+00:00","description":"The Focusrite Scarlett 2i2 is a top-notch USB audio interface with two XLR\/jack inputs and two balanced outputs - CineSouk","breadcrumb":{"@id":"https:\/\/www.cinesouk.ma\/product\/focusrite-scarlett-2i2\/#breadcrumb"},"inLanguage":"fr-FR","potentialAction":[{"@type":"ReadAction","target":["https:\/\/www.cinesouk.ma\/product\/focusrite-scarlett-2i2\/"]}]},{"@type":"ImageObject","inLanguage":"fr-FR","@id":"https:\/\/www.cinesouk.ma\/product\/focusrite-scarlett-2i2\/#primaryimage","url":"https:\/\/www.cinesouk.ma\/wp-content\/uploads\/2024\/01\/Focusrite-Scarlett-2i2-audio-interface.jpg","contentUrl":"https:\/\/www.cinesouk.ma\/wp-content\/uploads\/2024\/01\/Focusrite-Scarlett-2i2-audio-interface.jpg","width":300,"height":238},{"@type":"BreadcrumbList","@id":"https:\/\/www.cinesouk.ma\/product\/focusrite-scarlett-2i2\/#breadcrumb","itemListElement":[{"@type":"ListItem","position":1,"name":"Home","item":"https:\/\/www.cinesouk.ma\/"},{"@type":"ListItem","position":2,"name":"Shop","item":"https:\/\/www.cinesouk.ma\/shop\/"},{"@type":"ListItem","position":3,"name":"Focusrite Scarlett 2i2"}]},{"@type":"WebSite","@id":"https:\/\/www.cinesouk.ma\/#website","url":"https:\/\/www.cinesouk.ma\/","name":"CineSouk","description":"","publisher":{"@id":"https:\/\/www.cinesouk.ma\/#organization"},"potentialAction":[{"@type":"SearchAction","target":{"@type":"EntryPoint","urlTemplate":"https:\/\/www.cinesouk.ma\/?s={search_term_string}"},"query-input":{"@type":"PropertyValueSpecification","valueRequired":true,"valueName":"search_term_string"}}],"inLanguage":"fr-FR"},{"@type":"Organization","@id":"https:\/\/www.cinesouk.ma\/#organization","name":"CineSouk","url":"https:\/\/www.cinesouk.ma\/","logo":{"@type":"ImageObject","inLanguage":"fr-FR","@id":"https:\/\/www.cinesouk.ma\/#\/schema\/logo\/image\/","url":"https:\/\/www.cinesouk.ma\/wp-content\/uploads\/2024\/01\/CineSouk-logo-v01-alpha-alligned-left.png","contentUrl":"https:\/\/www.cinesouk.ma\/wp-content\/uploads\/2024\/01\/CineSouk-logo-v01-alpha-alligned-left.png","width":3204,"height":889,"caption":"CineSouk"},"image":{"@id":"https:\/\/www.cinesouk.ma\/#\/schema\/logo\/image\/"}}]}},"_links":{"self":[{"href":"https:\/\/www.cinesouk.ma\/fr\/wp-json\/wp\/v2\/product\/3431","targetHints":{"allow":["GET"]}}],"collection":[{"href":"https:\/\/www.cinesouk.ma\/fr\/wp-json\/wp\/v2\/product"}],"about":[{"href":"https:\/\/www.cinesouk.ma\/fr\/wp-json\/wp\/v2\/types\/product"}],"wp:featuredmedia":[{"embeddable":true,"href":"https:\/\/www.cinesouk.ma\/fr\/wp-json\/wp\/v2\/media\/3437"}],"wp:attachment":[{"href":"https:\/\/www.cinesouk.ma\/fr\/wp-json\/wp\/v2\/media?parent=3431"}],"wp:term":[{"taxonomy":"product_brand","embeddable":true,"href":"https:\/\/www.cinesouk.ma\/fr\/wp-json\/wp\/v2\/product_brand?post=3431"},{"taxonomy":"product_cat","embeddable":true,"href":"https:\/\/www.cinesouk.ma\/fr\/wp-json\/wp\/v2\/product_cat?post=3431"},{"taxonomy":"product_tag","embeddable":true,"href":"https:\/\/www.cinesouk.ma\/fr\/wp-json\/wp\/v2\/product_tag?post=3431"}],"curies":[{"name":"wp","href":"https:\/\/api.w.org\/{rel}","templated":true}]}}