{"id":3446,"date":"2024-01-22T10:41:23","date_gmt":"2024-01-22T10:41:23","guid":{"rendered":"https:\/\/www.cinesouk.ma\/?post_type=product&#038;p=3446"},"modified":"2025-08-26T14:48:46","modified_gmt":"2025-08-26T14:48:46","slug":"rode-professional-audio-kit","status":"publish","type":"product","link":"https:\/\/www.cinesouk.ma\/fr\/produit\/rode-professional-audio-kit\/","title":{"rendered":"Kit audio professionnel Rode"},"content":{"rendered":"<p>Le kit audio professionnel Rode vous fournit tout ce qui est n\u00e9cessaire pour capturer un son de haute qualit\u00e9 dans n'importe quelle situation d'enregistrement. Vous disposez d'un microphone haute performance, d'une bonnette anti-vent durable et d'une perche robuste. Ces composants fonctionnent parfaitement ensemble, vous donnant tous les outils n\u00e9cessaires pour un son clair et professionnel.<\/p>\n<h3>VideoMic Pro : Microphone directionnel pour cam\u00e9ra<\/h3>\n<p>Le VideoMic Pro offre un son exceptionnel pour diverses applications d'enregistrement. Compact et l\u00e9ger, il est facile \u00e0 manipuler. C'est le choix id\u00e9al pour les vloggers, les r\u00e9alisateurs et les cr\u00e9ateurs de contenu. Le microphone se concentre sur la fourniture d'un son directionnel sp\u00e9cifiquement destin\u00e9 \u00e0 l'utilisation sur cam\u00e9ra, garantissant un son clair \u00e0 chaque enregistrement.<\/p>\n<p>Ce microphone de qualit\u00e9 professionnelle utilise une directivit\u00e9 supercardio\u00efde pour isoler la voix du sujet et r\u00e9duire les bruits de fond. Ne pesant que 85 grammes, il minimise les efforts lors des longs tournages. Le filtre passe-haut \u00e9limine les bruits de basse fr\u00e9quence et la commande de gain \u00e0 trois niveaux permet d'ajuster le son en fonction de l'environnement.<\/p>\n<p>La batterie 9V alimente le VideoMic Pro pendant plus de 70 heures d'utilisation continue, ce qui lui permet de supporter des sessions d'enregistrement prolong\u00e9es. Sa monture antichoc Rycote\u00ae Lyre\u00ae int\u00e9gr\u00e9e r\u00e9duit consid\u00e9rablement les bruits de manipulation, ce qui permet de conserver la nettet\u00e9 du son, m\u00eame lorsque vous \u00eates en d\u00e9placement. Le pare-brise de haute qualit\u00e9 ajoute une couche de protection suppl\u00e9mentaire, en particulier lors d'enregistrements en ext\u00e9rieur, en prot\u00e9geant votre son des interf\u00e9rences du vent.<\/p>\n<p>Le kit audio professionnel Rode, avec toutes ses fonctions avanc\u00e9es, est un choix id\u00e9al pour les professionnels et les passionn\u00e9s.<\/p>\n<p>Louez le kit audio professionnel Rode sur <a href=\"https:\/\/www.cinesouk.ma\/fr\">CINESOUK<\/a> - une marque de <a href=\"https:\/\/www.broadway.ma\/\">BROADWAY PRODUCTIONS SARL.<\/a><\/p>","protected":false},"excerpt":{"rendered":"<p>Sp\u00e9cifications :<\/p>\n<p>Marque : Rode<br \/>\nMod\u00e8le : Kit audio professionnel<br \/>\nComposants : Perche Pro, Perche AL300 Zeppelin Kit, Perche A320 NTG 2<br \/>\nApplication : Film, t\u00e9l\u00e9vision, radiodiffusion<br \/>\nCaract\u00e9ristiques : Outils audio polyvalents et fiables<br \/>\nPoids : Variable<\/p>","protected":false},"featured_media":8304,"template":"","meta":{"om_disable_all_campaigns":false,"_monsterinsights_skip_tracking":false,"_monsterinsights_sitenote_active":false,"_monsterinsights_sitenote_note":"","_monsterinsights_sitenote_category":0,"_uf_show_specific_survey":0,"_uf_disable_surveys":false},"product_brand":[],"product_cat":[76,83,35],"product_tag":[],"class_list":{"0":"post-3446","1":"product","2":"type-product","3":"status-publish","4":"has-post-thumbnail","6":"product_cat-bundles-and-kits-cinesouk","7":"product_cat-efp-eng-cinesouk","8":"product_cat-sound-cinesouk","10":"entry","11":"has-media","13":"first","14":"instock","15":"taxable","16":"shipping-taxable","17":"purchasable","18":"product-type-variable","19":"has-product-nav","20":"col","21":"span_1_of_3","22":"owp-content-center","23":"owp-thumbs-layout-horizontal","24":"owp-btn-normal","25":"owp-tabs-layout-horizontal","26":"has-no-thumbnails"},"yoast_head":"<!-- This site is optimized with the Yoast SEO Premium plugin v26.0 (Yoast SEO v26.0) - https:\/\/yoast.com\/wordpress\/plugins\/seo\/ -->\n<title>Rode Professional Audio Kit - Marrakech | Morocco - CineSouk - For rent<\/title>\n<meta name=\"description\" content=\"Achieve exceptional audio recording with the Rode Professional Audio Kit, a comprehensive solution for premium sound capture in diverse applications.\" \/>\n<meta name=\"robots\" content=\"index, follow, max-snippet:-1, max-image-preview:large, max-video-preview:-1\" \/>\n<link rel=\"canonical\" href=\"https:\/\/www.cinesouk.ma\/fr\/produit\/rode-professional-audio-kit\/\" \/>\n<meta property=\"og:locale\" content=\"fr_FR\" \/>\n<meta property=\"og:type\" content=\"article\" \/>\n<meta property=\"og:title\" content=\"Rode Professional Audio Kit\" \/>\n<meta property=\"og:description\" content=\"Achieve exceptional audio recording with the Rode Professional Audio Kit, a comprehensive solution for premium sound capture in diverse applications.\" \/>\n<meta property=\"og:url\" content=\"https:\/\/www.cinesouk.ma\/fr\/produit\/rode-professional-audio-kit\/\" \/>\n<meta property=\"og:site_name\" content=\"CineSouk\" \/>\n<meta property=\"article:modified_time\" content=\"2025-08-26T14:48:46+00:00\" \/>\n<meta property=\"og:image\" content=\"https:\/\/www.cinesouk.ma\/wp-content\/uploads\/2024\/01\/kitkatkot.jpg\" \/>\n\t<meta property=\"og:image:width\" content=\"300\" \/>\n\t<meta property=\"og:image:height\" content=\"238\" \/>\n\t<meta property=\"og:image:type\" content=\"image\/jpeg\" \/>\n<meta name=\"twitter:card\" content=\"summary_large_image\" \/>\n<meta name=\"twitter:description\" content=\"Achieve exceptional audio recording with the Rode Professional Audio Kit, a comprehensive solution for premium sound capture in diverse applications.\" \/>\n<meta name=\"twitter:label1\" content=\"Dur\u00e9e de lecture estim\u00e9e\" \/>\n\t<meta name=\"twitter:data1\" content=\"2 minutes\" \/>\n<script type=\"application\/ld+json\" class=\"yoast-schema-graph\">{\"@context\":\"https:\/\/schema.org\",\"@graph\":[{\"@type\":\"WebPage\",\"@id\":\"https:\/\/www.cinesouk.ma\/product\/rode-professional-audio-kit\/\",\"url\":\"https:\/\/www.cinesouk.ma\/product\/rode-professional-audio-kit\/\",\"name\":\"Rode Professional Audio Kit - Marrakech | Morocco - CineSouk - For rent\",\"isPartOf\":{\"@id\":\"https:\/\/www.cinesouk.ma\/#website\"},\"primaryImageOfPage\":{\"@id\":\"https:\/\/www.cinesouk.ma\/product\/rode-professional-audio-kit\/#primaryimage\"},\"image\":{\"@id\":\"https:\/\/www.cinesouk.ma\/product\/rode-professional-audio-kit\/#primaryimage\"},\"thumbnailUrl\":\"https:\/\/www.cinesouk.ma\/wp-content\/uploads\/2024\/01\/kitkatkot.jpg\",\"datePublished\":\"2024-01-22T10:41:23+00:00\",\"dateModified\":\"2025-08-26T14:48:46+00:00\",\"description\":\"Achieve exceptional audio recording with the Rode Professional Audio Kit, a comprehensive solution for premium sound capture in diverse applications.\",\"breadcrumb\":{\"@id\":\"https:\/\/www.cinesouk.ma\/product\/rode-professional-audio-kit\/#breadcrumb\"},\"inLanguage\":\"fr-FR\",\"potentialAction\":[{\"@type\":\"ReadAction\",\"target\":[\"https:\/\/www.cinesouk.ma\/product\/rode-professional-audio-kit\/\"]}]},{\"@type\":\"ImageObject\",\"inLanguage\":\"fr-FR\",\"@id\":\"https:\/\/www.cinesouk.ma\/product\/rode-professional-audio-kit\/#primaryimage\",\"url\":\"https:\/\/www.cinesouk.ma\/wp-content\/uploads\/2024\/01\/kitkatkot.jpg\",\"contentUrl\":\"https:\/\/www.cinesouk.ma\/wp-content\/uploads\/2024\/01\/kitkatkot.jpg\",\"width\":300,\"height\":238},{\"@type\":\"BreadcrumbList\",\"@id\":\"https:\/\/www.cinesouk.ma\/product\/rode-professional-audio-kit\/#breadcrumb\",\"itemListElement\":[{\"@type\":\"ListItem\",\"position\":1,\"name\":\"Home\",\"item\":\"https:\/\/www.cinesouk.ma\/\"},{\"@type\":\"ListItem\",\"position\":2,\"name\":\"Shop\",\"item\":\"https:\/\/www.cinesouk.ma\/shop\/\"},{\"@type\":\"ListItem\",\"position\":3,\"name\":\"Rode Professional Audio Kit\"}]},{\"@type\":\"WebSite\",\"@id\":\"https:\/\/www.cinesouk.ma\/#website\",\"url\":\"https:\/\/www.cinesouk.ma\/\",\"name\":\"CineSouk\",\"description\":\"\",\"publisher\":{\"@id\":\"https:\/\/www.cinesouk.ma\/#organization\"},\"potentialAction\":[{\"@type\":\"SearchAction\",\"target\":{\"@type\":\"EntryPoint\",\"urlTemplate\":\"https:\/\/www.cinesouk.ma\/?s={search_term_string}\"},\"query-input\":{\"@type\":\"PropertyValueSpecification\",\"valueRequired\":true,\"valueName\":\"search_term_string\"}}],\"inLanguage\":\"fr-FR\"},{\"@type\":\"Organization\",\"@id\":\"https:\/\/www.cinesouk.ma\/#organization\",\"name\":\"CineSouk\",\"url\":\"https:\/\/www.cinesouk.ma\/\",\"logo\":{\"@type\":\"ImageObject\",\"inLanguage\":\"fr-FR\",\"@id\":\"https:\/\/www.cinesouk.ma\/#\/schema\/logo\/image\/\",\"url\":\"https:\/\/www.cinesouk.ma\/wp-content\/uploads\/2024\/01\/CineSouk-logo-v01-alpha-alligned-left.png\",\"contentUrl\":\"https:\/\/www.cinesouk.ma\/wp-content\/uploads\/2024\/01\/CineSouk-logo-v01-alpha-alligned-left.png\",\"width\":3204,\"height\":889,\"caption\":\"CineSouk\"},\"image\":{\"@id\":\"https:\/\/www.cinesouk.ma\/#\/schema\/logo\/image\/\"}}]}<\/script>\n<!-- \/ Yoast SEO Premium plugin. -->","yoast_head_json":{"title":"Rode Professional Audio Kit - Marrakech | Morocco - CineSouk - For rent","description":"Achieve exceptional audio recording with the Rode Professional Audio Kit, a comprehensive solution for premium sound capture in diverse applications.","robots":{"index":"index","follow":"follow","max-snippet":"max-snippet:-1","max-image-preview":"max-image-preview:large","max-video-preview":"max-video-preview:-1"},"canonical":"https:\/\/www.cinesouk.ma\/fr\/produit\/rode-professional-audio-kit\/","og_locale":"fr_FR","og_type":"article","og_title":"Rode Professional Audio Kit","og_description":"Achieve exceptional audio recording with the Rode Professional Audio Kit, a comprehensive solution for premium sound capture in diverse applications.","og_url":"https:\/\/www.cinesouk.ma\/fr\/produit\/rode-professional-audio-kit\/","og_site_name":"CineSouk","article_modified_time":"2025-08-26T14:48:46+00:00","og_image":[{"width":300,"height":238,"url":"https:\/\/www.cinesouk.ma\/wp-content\/uploads\/2024\/01\/kitkatkot.jpg","type":"image\/jpeg"}],"twitter_card":"summary_large_image","twitter_description":"Achieve exceptional audio recording with the Rode Professional Audio Kit, a comprehensive solution for premium sound capture in diverse applications.","twitter_misc":{"Dur\u00e9e de lecture estim\u00e9e":"2 minutes"},"schema":{"@context":"https:\/\/schema.org","@graph":[{"@type":"WebPage","@id":"https:\/\/www.cinesouk.ma\/product\/rode-professional-audio-kit\/","url":"https:\/\/www.cinesouk.ma\/product\/rode-professional-audio-kit\/","name":"Rode Professional Audio Kit - Marrakech | Morocco - CineSouk - For rent","isPartOf":{"@id":"https:\/\/www.cinesouk.ma\/#website"},"primaryImageOfPage":{"@id":"https:\/\/www.cinesouk.ma\/product\/rode-professional-audio-kit\/#primaryimage"},"image":{"@id":"https:\/\/www.cinesouk.ma\/product\/rode-professional-audio-kit\/#primaryimage"},"thumbnailUrl":"https:\/\/www.cinesouk.ma\/wp-content\/uploads\/2024\/01\/kitkatkot.jpg","datePublished":"2024-01-22T10:41:23+00:00","dateModified":"2025-08-26T14:48:46+00:00","description":"Achieve exceptional audio recording with the Rode Professional Audio Kit, a comprehensive solution for premium sound capture in diverse applications.","breadcrumb":{"@id":"https:\/\/www.cinesouk.ma\/product\/rode-professional-audio-kit\/#breadcrumb"},"inLanguage":"fr-FR","potentialAction":[{"@type":"ReadAction","target":["https:\/\/www.cinesouk.ma\/product\/rode-professional-audio-kit\/"]}]},{"@type":"ImageObject","inLanguage":"fr-FR","@id":"https:\/\/www.cinesouk.ma\/product\/rode-professional-audio-kit\/#primaryimage","url":"https:\/\/www.cinesouk.ma\/wp-content\/uploads\/2024\/01\/kitkatkot.jpg","contentUrl":"https:\/\/www.cinesouk.ma\/wp-content\/uploads\/2024\/01\/kitkatkot.jpg","width":300,"height":238},{"@type":"BreadcrumbList","@id":"https:\/\/www.cinesouk.ma\/product\/rode-professional-audio-kit\/#breadcrumb","itemListElement":[{"@type":"ListItem","position":1,"name":"Home","item":"https:\/\/www.cinesouk.ma\/"},{"@type":"ListItem","position":2,"name":"Shop","item":"https:\/\/www.cinesouk.ma\/shop\/"},{"@type":"ListItem","position":3,"name":"Rode Professional Audio Kit"}]},{"@type":"WebSite","@id":"https:\/\/www.cinesouk.ma\/#website","url":"https:\/\/www.cinesouk.ma\/","name":"CineSouk","description":"","publisher":{"@id":"https:\/\/www.cinesouk.ma\/#organization"},"potentialAction":[{"@type":"SearchAction","target":{"@type":"EntryPoint","urlTemplate":"https:\/\/www.cinesouk.ma\/?s={search_term_string}"},"query-input":{"@type":"PropertyValueSpecification","valueRequired":true,"valueName":"search_term_string"}}],"inLanguage":"fr-FR"},{"@type":"Organization","@id":"https:\/\/www.cinesouk.ma\/#organization","name":"CineSouk","url":"https:\/\/www.cinesouk.ma\/","logo":{"@type":"ImageObject","inLanguage":"fr-FR","@id":"https:\/\/www.cinesouk.ma\/#\/schema\/logo\/image\/","url":"https:\/\/www.cinesouk.ma\/wp-content\/uploads\/2024\/01\/CineSouk-logo-v01-alpha-alligned-left.png","contentUrl":"https:\/\/www.cinesouk.ma\/wp-content\/uploads\/2024\/01\/CineSouk-logo-v01-alpha-alligned-left.png","width":3204,"height":889,"caption":"CineSouk"},"image":{"@id":"https:\/\/www.cinesouk.ma\/#\/schema\/logo\/image\/"}}]}},"_links":{"self":[{"href":"https:\/\/www.cinesouk.ma\/fr\/wp-json\/wp\/v2\/product\/3446","targetHints":{"allow":["GET"]}}],"collection":[{"href":"https:\/\/www.cinesouk.ma\/fr\/wp-json\/wp\/v2\/product"}],"about":[{"href":"https:\/\/www.cinesouk.ma\/fr\/wp-json\/wp\/v2\/types\/product"}],"wp:featuredmedia":[{"embeddable":true,"href":"https:\/\/www.cinesouk.ma\/fr\/wp-json\/wp\/v2\/media\/8304"}],"wp:attachment":[{"href":"https:\/\/www.cinesouk.ma\/fr\/wp-json\/wp\/v2\/media?parent=3446"}],"wp:term":[{"taxonomy":"product_brand","embeddable":true,"href":"https:\/\/www.cinesouk.ma\/fr\/wp-json\/wp\/v2\/product_brand?post=3446"},{"taxonomy":"product_cat","embeddable":true,"href":"https:\/\/www.cinesouk.ma\/fr\/wp-json\/wp\/v2\/product_cat?post=3446"},{"taxonomy":"product_tag","embeddable":true,"href":"https:\/\/www.cinesouk.ma\/fr\/wp-json\/wp\/v2\/product_tag?post=3446"}],"curies":[{"name":"wp","href":"https:\/\/api.w.org\/{rel}","templated":true}]}}