{"id":3468,"date":"2024-01-22T11:04:08","date_gmt":"2024-01-22T11:04:08","guid":{"rendered":"https:\/\/www.cinesouk.ma\/?post_type=product&#038;p=3468"},"modified":"2026-02-05T15:15:28","modified_gmt":"2026-02-05T15:15:28","slug":"ecoflow-river2-pro-768wh","status":"publish","type":"product","link":"https:\/\/www.cinesouk.ma\/fr\/produit\/ecoflow-river2-pro-768wh\/","title":{"rendered":"Centrale Ecoflow River2 Pro 768Wh"},"content":{"rendered":"<p>L'EcoFlow River2 Pro 768Wh est une centrale \u00e9lectrique portable de grande capacit\u00e9 con\u00e7ue pour une alimentation fiable en d\u00e9placement. Avec une capacit\u00e9 substantielle de 768Wh, elle fournit de l'\u00e9nergie pour divers appareils lors d'installations en ext\u00e9rieur. Les caract\u00e9ristiques avanc\u00e9es de l'Ecoflow River2 Pro, y compris les multiples options de sortie et une construction robuste, en font un excellent choix pour ceux qui recherchent une solution puissante pour leurs besoins en \u00e9nergie. Sa conception l\u00e9g\u00e8re permet de la transporter et de l'utiliser facilement.<\/p>\n<p>Le RIVER 2 Pro surpasse la norme de vitesse de chargement de l'industrie, en se chargeant compl\u00e8tement en seulement 70 minutes. C'est <strong>5 fois plus rapide <\/strong>que les autres centrales portables du march\u00e9 et <strong>27% plus rapide <\/strong>que les g\u00e9n\u00e9rations pr\u00e9c\u00e9dentes. Chargez compl\u00e8tement le RIVER 2 Pro pendant que vous faites vos valises, afin d'\u00eatre toujours pr\u00eat pour un voyage de derni\u00e8re minute.<\/p>\n<p>Gr\u00e2ce \u00e0 sa batterie LFP longue dur\u00e9e am\u00e9lior\u00e9e, la s\u00e9rie RIVER 2 peut \u00eatre recharg\u00e9e et vid\u00e9e plus de 3 000 fois. C'est \u00e0 peu pr\u00e8s 10 ans d'utilisation quotidienne[1] et 6 fois plus que la moyenne de l'industrie. Gr\u00e2ce aux cellules LFP, la s\u00e9rie RIVER 2 est <strong>s\u00fbr, durable et tr\u00e8s efficace, m\u00eame par temps chaud.<\/strong><\/p>\n<p>pr\u00e9sente l'EcoFlow River2 Pro 768Wh :<\/p>\n<div data-zone-id=\"0\" data-line-index=\"0\" data-line=\"true\">- Capacit\u00e9 de sortie de 768Wh.<\/div>\n<div data-zone-id=\"0\" data-line-index=\"1\" data-line=\"true\">-Fournit jusqu'\u00e0 1,8 kWh par jour gr\u00e2ce \u00e0 la recharge solaire.<\/div>\n<div data-zone-id=\"0\" data-line-index=\"2\" data-line=\"true\">-Recharge la plus rapide 0-100% en seulement 70 min.<\/div>\n<div data-zone-id=\"0\" data-line-index=\"3\" data-line=\"true\">-La batterie LFP la plus s\u00fbre d'Ecoflow offre 10 ans d'utilisation.<\/div>\n<div data-zone-id=\"0\" data-line-index=\"4\" data-line=\"true\">-Premi\u00e8re centrale \u00e9lectrique portable certifi\u00e9e par le T\u00dcV Rheinland en mati\u00e8re de s\u00e9curit\u00e9.<\/div>\n<div data-zone-id=\"0\" data-line-index=\"5\" data-line=\"true\">-X-Boost output to 1600W and runs 80% of high-wattage appliances.<\/div>\n<div data-zone-id=\"0\" data-line-index=\"6\" data-line=\"true\">-4 fa\u00e7ons de charger : CA, voiture, solaire et USB-C.<\/div>\n<div data-zone-id=\"0\" data-line-index=\"7\" data-line=\"true\">-L\u00e9ger (7,8 kg).<\/div>\n<div data-zone-id=\"0\" data-line-index=\"8\" data-line=\"true\">-Contr\u00f4le de l'application Ecoflow Smart par Bluetooth ou Wi-Fi.<\/div>\n<div data-zone-id=\"0\" data-line-index=\"8\" data-line=\"true\"><\/div>\n<p>Louez-le maintenant sur <a href=\"https:\/\/www.cinesouk.ma\/fr\">CINESOUK<\/a> - une marque de <a href=\"https:\/\/www.broadway.ma\/\">BROADWAY PRODUCTIONS SARL.<\/a><\/p>","protected":false},"excerpt":{"rendered":"<p>Sp\u00e9cifications :<\/p>\n<p>Marque : EcoFlow<br \/>\nMod\u00e8le : River2 Pro 768Wh<br \/>\nType : Centrale \u00e9lectrique portable<br \/>\nCapacit\u00e9 : 768Wh<br \/>\nCaract\u00e9ristiques : Options de sortie multiples, construction robuste<br \/>\nApplication : Activit\u00e9s de plein air, urgences<br \/>\nPoids : Variable<\/p>","protected":false},"featured_media":3471,"template":"","meta":{"om_disable_all_campaigns":false,"_monsterinsights_skip_tracking":false,"_monsterinsights_sitenote_active":false,"_monsterinsights_sitenote_note":"","_monsterinsights_sitenote_category":0,"_uf_show_specific_survey":0,"_uf_disable_surveys":false},"product_brand":[],"product_cat":[57,119,56],"product_tag":[],"class_list":{"0":"post-3468","1":"product","2":"type-product","3":"status-publish","4":"has-post-thumbnail","6":"product_cat-batteries-cinesouk","7":"product_cat-generator-eventsouk","8":"product_cat-generator-cinesouk","10":"entry","11":"has-media","13":"first","14":"instock","15":"taxable","16":"shipping-taxable","17":"purchasable","18":"product-type-variable","19":"has-product-nav","20":"col","21":"span_1_of_3","22":"owp-content-center","23":"owp-thumbs-layout-horizontal","24":"owp-btn-normal","25":"owp-tabs-layout-horizontal","26":"has-no-thumbnails"},"yoast_head":"<!-- This site is optimized with the Yoast SEO Premium plugin v26.0 (Yoast SEO v26.0) - https:\/\/yoast.com\/wordpress\/plugins\/seo\/ -->\n<title>Ecoflow River2 Pro 768Wh power station - CineSouk - Marrakech | Morocco - For rent<\/title>\n<meta name=\"description\" content=\"Unlock substantial portable power with the EcoFlow River2 Pro 768Wh, a robust and versatile solution for outdoor adventures and emergencies.\" \/>\n<meta name=\"robots\" content=\"index, follow, max-snippet:-1, max-image-preview:large, max-video-preview:-1\" \/>\n<link rel=\"canonical\" href=\"https:\/\/www.cinesouk.ma\/fr\/produit\/ecoflow-river2-pro-768wh\/\" \/>\n<meta property=\"og:locale\" content=\"fr_FR\" \/>\n<meta property=\"og:type\" content=\"article\" \/>\n<meta property=\"og:title\" content=\"Ecoflow River2 Pro 768Wh\" \/>\n<meta property=\"og:description\" content=\"Unlock substantial portable power with the EcoFlow River2 Pro 768Wh, a robust and versatile solution for outdoor adventures and emergencies.\" \/>\n<meta property=\"og:url\" content=\"https:\/\/www.cinesouk.ma\/fr\/produit\/ecoflow-river2-pro-768wh\/\" \/>\n<meta property=\"og:site_name\" content=\"CineSouk\" \/>\n<meta property=\"article:modified_time\" content=\"2026-02-05T15:15:28+00:00\" \/>\n<meta property=\"og:image\" content=\"https:\/\/www.cinesouk.ma\/wp-content\/uploads\/2024\/01\/as.jpg\" \/>\n\t<meta property=\"og:image:width\" content=\"300\" \/>\n\t<meta property=\"og:image:height\" content=\"238\" \/>\n\t<meta property=\"og:image:type\" content=\"image\/jpeg\" \/>\n<meta name=\"twitter:card\" content=\"summary_large_image\" \/>\n<meta name=\"twitter:title\" content=\"Ecoflow River2 Pro 768Wh power station\" \/>\n<meta name=\"twitter:description\" content=\"Unlock substantial portable power with the EcoFlow River2 Pro 768Wh, a robust and versatile solution for outdoor adventures and emergencies.\" \/>\n<meta name=\"twitter:label1\" content=\"Dur\u00e9e de lecture estim\u00e9e\" \/>\n\t<meta name=\"twitter:data1\" content=\"2 minutes\" \/>\n<script type=\"application\/ld+json\" class=\"yoast-schema-graph\">{\"@context\":\"https:\/\/schema.org\",\"@graph\":[{\"@type\":\"WebPage\",\"@id\":\"https:\/\/www.cinesouk.ma\/product\/ecoflow-river2-pro-768wh\/\",\"url\":\"https:\/\/www.cinesouk.ma\/product\/ecoflow-river2-pro-768wh\/\",\"name\":\"Ecoflow River2 Pro 768Wh power station - CineSouk - Marrakech | Morocco - For rent\",\"isPartOf\":{\"@id\":\"https:\/\/www.cinesouk.ma\/#website\"},\"primaryImageOfPage\":{\"@id\":\"https:\/\/www.cinesouk.ma\/product\/ecoflow-river2-pro-768wh\/#primaryimage\"},\"image\":{\"@id\":\"https:\/\/www.cinesouk.ma\/product\/ecoflow-river2-pro-768wh\/#primaryimage\"},\"thumbnailUrl\":\"https:\/\/www.cinesouk.ma\/wp-content\/uploads\/2024\/01\/as.jpg\",\"datePublished\":\"2024-01-22T11:04:08+00:00\",\"dateModified\":\"2026-02-05T15:15:28+00:00\",\"description\":\"Unlock substantial portable power with the EcoFlow River2 Pro 768Wh, a robust and versatile solution for outdoor adventures and emergencies.\",\"breadcrumb\":{\"@id\":\"https:\/\/www.cinesouk.ma\/product\/ecoflow-river2-pro-768wh\/#breadcrumb\"},\"inLanguage\":\"fr-FR\",\"potentialAction\":[{\"@type\":\"ReadAction\",\"target\":[\"https:\/\/www.cinesouk.ma\/product\/ecoflow-river2-pro-768wh\/\"]}]},{\"@type\":\"ImageObject\",\"inLanguage\":\"fr-FR\",\"@id\":\"https:\/\/www.cinesouk.ma\/product\/ecoflow-river2-pro-768wh\/#primaryimage\",\"url\":\"https:\/\/www.cinesouk.ma\/wp-content\/uploads\/2024\/01\/as.jpg\",\"contentUrl\":\"https:\/\/www.cinesouk.ma\/wp-content\/uploads\/2024\/01\/as.jpg\",\"width\":300,\"height\":238,\"caption\":\"Ecoflow River2 Pro 768Wh\"},{\"@type\":\"BreadcrumbList\",\"@id\":\"https:\/\/www.cinesouk.ma\/product\/ecoflow-river2-pro-768wh\/#breadcrumb\",\"itemListElement\":[{\"@type\":\"ListItem\",\"position\":1,\"name\":\"Home\",\"item\":\"https:\/\/www.cinesouk.ma\/\"},{\"@type\":\"ListItem\",\"position\":2,\"name\":\"Shop\",\"item\":\"https:\/\/www.cinesouk.ma\/shop\/\"},{\"@type\":\"ListItem\",\"position\":3,\"name\":\"Ecoflow River2 Pro 768Wh power station\"}]},{\"@type\":\"WebSite\",\"@id\":\"https:\/\/www.cinesouk.ma\/#website\",\"url\":\"https:\/\/www.cinesouk.ma\/\",\"name\":\"CineSouk\",\"description\":\"\",\"publisher\":{\"@id\":\"https:\/\/www.cinesouk.ma\/#organization\"},\"potentialAction\":[{\"@type\":\"SearchAction\",\"target\":{\"@type\":\"EntryPoint\",\"urlTemplate\":\"https:\/\/www.cinesouk.ma\/?s={search_term_string}\"},\"query-input\":{\"@type\":\"PropertyValueSpecification\",\"valueRequired\":true,\"valueName\":\"search_term_string\"}}],\"inLanguage\":\"fr-FR\"},{\"@type\":\"Organization\",\"@id\":\"https:\/\/www.cinesouk.ma\/#organization\",\"name\":\"CineSouk\",\"url\":\"https:\/\/www.cinesouk.ma\/\",\"logo\":{\"@type\":\"ImageObject\",\"inLanguage\":\"fr-FR\",\"@id\":\"https:\/\/www.cinesouk.ma\/#\/schema\/logo\/image\/\",\"url\":\"https:\/\/www.cinesouk.ma\/wp-content\/uploads\/2024\/01\/CineSouk-logo-v01-alpha-alligned-left.png\",\"contentUrl\":\"https:\/\/www.cinesouk.ma\/wp-content\/uploads\/2024\/01\/CineSouk-logo-v01-alpha-alligned-left.png\",\"width\":3204,\"height\":889,\"caption\":\"CineSouk\"},\"image\":{\"@id\":\"https:\/\/www.cinesouk.ma\/#\/schema\/logo\/image\/\"}}]}<\/script>\n<!-- \/ Yoast SEO Premium plugin. -->","yoast_head_json":{"title":"Ecoflow River2 Pro 768Wh power station - CineSouk - Marrakech | Morocco - For rent","description":"Unlock substantial portable power with the EcoFlow River2 Pro 768Wh, a robust and versatile solution for outdoor adventures and emergencies.","robots":{"index":"index","follow":"follow","max-snippet":"max-snippet:-1","max-image-preview":"max-image-preview:large","max-video-preview":"max-video-preview:-1"},"canonical":"https:\/\/www.cinesouk.ma\/fr\/produit\/ecoflow-river2-pro-768wh\/","og_locale":"fr_FR","og_type":"article","og_title":"Ecoflow River2 Pro 768Wh","og_description":"Unlock substantial portable power with the EcoFlow River2 Pro 768Wh, a robust and versatile solution for outdoor adventures and emergencies.","og_url":"https:\/\/www.cinesouk.ma\/fr\/produit\/ecoflow-river2-pro-768wh\/","og_site_name":"CineSouk","article_modified_time":"2026-02-05T15:15:28+00:00","og_image":[{"width":300,"height":238,"url":"https:\/\/www.cinesouk.ma\/wp-content\/uploads\/2024\/01\/as.jpg","type":"image\/jpeg"}],"twitter_card":"summary_large_image","twitter_title":"Ecoflow River2 Pro 768Wh power station","twitter_description":"Unlock substantial portable power with the EcoFlow River2 Pro 768Wh, a robust and versatile solution for outdoor adventures and emergencies.","twitter_misc":{"Dur\u00e9e de lecture estim\u00e9e":"2 minutes"},"schema":{"@context":"https:\/\/schema.org","@graph":[{"@type":"WebPage","@id":"https:\/\/www.cinesouk.ma\/product\/ecoflow-river2-pro-768wh\/","url":"https:\/\/www.cinesouk.ma\/product\/ecoflow-river2-pro-768wh\/","name":"Ecoflow River2 Pro 768Wh power station - CineSouk - Marrakech | Morocco - For rent","isPartOf":{"@id":"https:\/\/www.cinesouk.ma\/#website"},"primaryImageOfPage":{"@id":"https:\/\/www.cinesouk.ma\/product\/ecoflow-river2-pro-768wh\/#primaryimage"},"image":{"@id":"https:\/\/www.cinesouk.ma\/product\/ecoflow-river2-pro-768wh\/#primaryimage"},"thumbnailUrl":"https:\/\/www.cinesouk.ma\/wp-content\/uploads\/2024\/01\/as.jpg","datePublished":"2024-01-22T11:04:08+00:00","dateModified":"2026-02-05T15:15:28+00:00","description":"Unlock substantial portable power with the EcoFlow River2 Pro 768Wh, a robust and versatile solution for outdoor adventures and emergencies.","breadcrumb":{"@id":"https:\/\/www.cinesouk.ma\/product\/ecoflow-river2-pro-768wh\/#breadcrumb"},"inLanguage":"fr-FR","potentialAction":[{"@type":"ReadAction","target":["https:\/\/www.cinesouk.ma\/product\/ecoflow-river2-pro-768wh\/"]}]},{"@type":"ImageObject","inLanguage":"fr-FR","@id":"https:\/\/www.cinesouk.ma\/product\/ecoflow-river2-pro-768wh\/#primaryimage","url":"https:\/\/www.cinesouk.ma\/wp-content\/uploads\/2024\/01\/as.jpg","contentUrl":"https:\/\/www.cinesouk.ma\/wp-content\/uploads\/2024\/01\/as.jpg","width":300,"height":238,"caption":"Ecoflow River2 Pro 768Wh"},{"@type":"BreadcrumbList","@id":"https:\/\/www.cinesouk.ma\/product\/ecoflow-river2-pro-768wh\/#breadcrumb","itemListElement":[{"@type":"ListItem","position":1,"name":"Home","item":"https:\/\/www.cinesouk.ma\/"},{"@type":"ListItem","position":2,"name":"Shop","item":"https:\/\/www.cinesouk.ma\/shop\/"},{"@type":"ListItem","position":3,"name":"Ecoflow River2 Pro 768Wh power station"}]},{"@type":"WebSite","@id":"https:\/\/www.cinesouk.ma\/#website","url":"https:\/\/www.cinesouk.ma\/","name":"CineSouk","description":"","publisher":{"@id":"https:\/\/www.cinesouk.ma\/#organization"},"potentialAction":[{"@type":"SearchAction","target":{"@type":"EntryPoint","urlTemplate":"https:\/\/www.cinesouk.ma\/?s={search_term_string}"},"query-input":{"@type":"PropertyValueSpecification","valueRequired":true,"valueName":"search_term_string"}}],"inLanguage":"fr-FR"},{"@type":"Organization","@id":"https:\/\/www.cinesouk.ma\/#organization","name":"CineSouk","url":"https:\/\/www.cinesouk.ma\/","logo":{"@type":"ImageObject","inLanguage":"fr-FR","@id":"https:\/\/www.cinesouk.ma\/#\/schema\/logo\/image\/","url":"https:\/\/www.cinesouk.ma\/wp-content\/uploads\/2024\/01\/CineSouk-logo-v01-alpha-alligned-left.png","contentUrl":"https:\/\/www.cinesouk.ma\/wp-content\/uploads\/2024\/01\/CineSouk-logo-v01-alpha-alligned-left.png","width":3204,"height":889,"caption":"CineSouk"},"image":{"@id":"https:\/\/www.cinesouk.ma\/#\/schema\/logo\/image\/"}}]}},"_links":{"self":[{"href":"https:\/\/www.cinesouk.ma\/fr\/wp-json\/wp\/v2\/product\/3468","targetHints":{"allow":["GET"]}}],"collection":[{"href":"https:\/\/www.cinesouk.ma\/fr\/wp-json\/wp\/v2\/product"}],"about":[{"href":"https:\/\/www.cinesouk.ma\/fr\/wp-json\/wp\/v2\/types\/product"}],"wp:featuredmedia":[{"embeddable":true,"href":"https:\/\/www.cinesouk.ma\/fr\/wp-json\/wp\/v2\/media\/3471"}],"wp:attachment":[{"href":"https:\/\/www.cinesouk.ma\/fr\/wp-json\/wp\/v2\/media?parent=3468"}],"wp:term":[{"taxonomy":"product_brand","embeddable":true,"href":"https:\/\/www.cinesouk.ma\/fr\/wp-json\/wp\/v2\/product_brand?post=3468"},{"taxonomy":"product_cat","embeddable":true,"href":"https:\/\/www.cinesouk.ma\/fr\/wp-json\/wp\/v2\/product_cat?post=3468"},{"taxonomy":"product_tag","embeddable":true,"href":"https:\/\/www.cinesouk.ma\/fr\/wp-json\/wp\/v2\/product_tag?post=3468"}],"curies":[{"name":"wp","href":"https:\/\/api.w.org\/{rel}","templated":true}]}}