{"id":3483,"date":"2024-01-22T11:30:00","date_gmt":"2024-01-22T11:30:00","guid":{"rendered":"https:\/\/www.cinesouk.ma\/?post_type=product&#038;p=3483"},"modified":"2025-08-26T15:36:00","modified_gmt":"2025-08-26T15:36:00","slug":"folding-chairs","status":"publish","type":"product","link":"https:\/\/www.cinesouk.ma\/fr\/produit\/folding-chairs\/","title":{"rendered":"Chaises pliantes"},"content":{"rendered":"<p>Nos chaises pliantes sont un compl\u00e9ment essentiel \u00e0 toute installation de production cin\u00e9matographique. Con\u00e7ues dans un souci de commodit\u00e9, ces chaises sont parfaites pour diverses applications.<\/p>\n<h4>Caract\u00e9ristiques principales<\/h4>\n<ul>\n<li><strong>Portable :<\/strong> Ces chaises l\u00e9g\u00e8res sont faciles \u00e0 transporter, ce qui les rend id\u00e9ales pour les cin\u00e9astes en d\u00e9placement. Vous pouvez les transporter sans effort d'un lieu \u00e0 l'autre.<\/li>\n<li><strong>Stockage facile :<\/strong> Leur conception pliable permet de les ranger rapidement lorsqu'ils ne sont pas utilis\u00e9s. Il suffit de les plier et de les ranger pour gagner de la place dans votre camp de base.<\/li>\n<li><strong>L\u00e9ger :<\/strong> D'un poids tr\u00e8s faible, ces chaises offrent un grand confort sans \u00eatre encombrantes. Vous pouvez facilement les installer et les r\u00e9organiser en fonction des besoins pendant la production.<\/li>\n<\/ul>\n<h4>Applications id\u00e9ales<\/h4>\n<p>Ces chaises sont parfaites pour les camps de base des productions cin\u00e9matographiques et les tournages sur place. Elles permettent aux membres de l'\u00e9quipe de s'asseoir confortablement pendant les r\u00e9unions, les pauses ou la pr\u00e9paration du mat\u00e9riel. Leur polyvalence leur permet d'\u00eatre utilis\u00e9es dans de nombreux contextes, \u00e0 l'int\u00e9rieur comme \u00e0 l'ext\u00e9rieur.<\/p>\n<h4>Couleur<\/h4>\n<p>Disponibles dans un blanc pur et classique, ces chaises s'int\u00e8grent parfaitement \u00e0 tout environnement de production. Leur couleur neutre leur permet de s'adapter \u00e0 diff\u00e9rents th\u00e8mes et styles.<\/p>\n<p>En r\u00e9sum\u00e9, nos chaises pliantes offrent une solution pratique pour vos besoins en mati\u00e8re de production cin\u00e9matographique. Gr\u00e2ce \u00e0 leur portabilit\u00e9, leur facilit\u00e9 de rangement et leur l\u00e9g\u00e8ret\u00e9, elles contribuent \u00e0 cr\u00e9er un camp de base efficace et confortable pour votre \u00e9quipe.<\/p>\n<p>Louez-le maintenant sur <a href=\"https:\/\/www.cinesouk.ma\/fr\">CINESOUK<\/a> - une marque de <a href=\"https:\/\/www.broadway.ma\/\">BROADWAY PRODUCTIONS SARL.<\/a><\/p>","protected":false},"excerpt":{"rendered":"<p>Sp\u00e9cifications :<\/p>\n<p>Type : Chaises pliantes<br \/>\nCaract\u00e9ristiques : Portable, facile \u00e0 ranger, l\u00e9ger<br \/>\nApplication : Camp de base de la production cin\u00e9matographique, tournages sur place<br \/>\nCouleur : blanc<\/p>","protected":false},"featured_media":3484,"template":"","meta":{"om_disable_all_campaigns":false,"_monsterinsights_skip_tracking":false,"_monsterinsights_sitenote_active":false,"_monsterinsights_sitenote_note":"","_monsterinsights_sitenote_category":0,"_uf_show_specific_survey":0,"_uf_disable_surveys":false},"product_brand":[],"product_cat":[122,43,85,80],"product_tag":[],"class_list":{"0":"post-3483","1":"product","2":"type-product","3":"status-publish","4":"has-post-thumbnail","6":"product_cat-hospitality-eventsouk","7":"product_cat-hospitality-cinesouk","8":"product_cat-office-cinesouk","9":"product_cat-presenting-cinesouk","11":"entry","12":"has-media","14":"first","15":"instock","16":"taxable","17":"shipping-taxable","18":"purchasable","19":"product-type-variable","20":"has-product-nav","21":"col","22":"span_1_of_3","23":"owp-content-center","24":"owp-thumbs-layout-horizontal","25":"owp-btn-normal","26":"owp-tabs-layout-horizontal","27":"has-no-thumbnails"},"yoast_head":"<!-- This site is optimized with the Yoast SEO Premium plugin v26.0 (Yoast SEO v26.0) - https:\/\/yoast.com\/wordpress\/plugins\/seo\/ -->\n<title>Folding Chairs - CineSouk - For rent<\/title>\n<meta name=\"description\" content=\"Optimize your film set with folding chairs, the perfect portable seating solution for on-location shoots. - CineSouk - Marrakech | Morocco\" \/>\n<meta name=\"robots\" content=\"index, follow, max-snippet:-1, max-image-preview:large, max-video-preview:-1\" \/>\n<link rel=\"canonical\" href=\"https:\/\/www.cinesouk.ma\/fr\/produit\/folding-chairs\/\" \/>\n<meta property=\"og:locale\" content=\"fr_FR\" \/>\n<meta property=\"og:type\" content=\"article\" \/>\n<meta property=\"og:title\" content=\"Folding Chairs\" \/>\n<meta property=\"og:description\" content=\"Optimize your film set with folding chairs, the perfect portable seating solution for on-location shoots. - CineSouk - Marrakech | Morocco\" \/>\n<meta property=\"og:url\" content=\"https:\/\/www.cinesouk.ma\/fr\/produit\/folding-chairs\/\" \/>\n<meta property=\"og:site_name\" content=\"CineSouk\" \/>\n<meta property=\"article:modified_time\" content=\"2025-08-26T15:36:00+00:00\" \/>\n<meta property=\"og:image\" content=\"https:\/\/www.cinesouk.ma\/wp-content\/uploads\/2024\/01\/Folding-chairs.jpg\" \/>\n\t<meta property=\"og:image:width\" content=\"300\" \/>\n\t<meta property=\"og:image:height\" content=\"238\" \/>\n\t<meta property=\"og:image:type\" content=\"image\/jpeg\" \/>\n<meta name=\"twitter:card\" content=\"summary_large_image\" \/>\n<meta name=\"twitter:description\" content=\"Optimize your film set with folding chairs, the perfect portable seating solution for on-location shoots. - CineSouk - Marrakech | Morocco\" \/>\n<meta name=\"twitter:label1\" content=\"Dur\u00e9e de lecture estim\u00e9e\" \/>\n\t<meta name=\"twitter:data1\" content=\"2 minutes\" \/>\n<script type=\"application\/ld+json\" class=\"yoast-schema-graph\">{\"@context\":\"https:\/\/schema.org\",\"@graph\":[{\"@type\":\"WebPage\",\"@id\":\"https:\/\/www.cinesouk.ma\/product\/folding-chairs\/\",\"url\":\"https:\/\/www.cinesouk.ma\/product\/folding-chairs\/\",\"name\":\"Folding Chairs - CineSouk - For rent\",\"isPartOf\":{\"@id\":\"https:\/\/www.cinesouk.ma\/#website\"},\"primaryImageOfPage\":{\"@id\":\"https:\/\/www.cinesouk.ma\/product\/folding-chairs\/#primaryimage\"},\"image\":{\"@id\":\"https:\/\/www.cinesouk.ma\/product\/folding-chairs\/#primaryimage\"},\"thumbnailUrl\":\"https:\/\/www.cinesouk.ma\/wp-content\/uploads\/2024\/01\/Folding-chairs.jpg\",\"datePublished\":\"2024-01-22T11:30:00+00:00\",\"dateModified\":\"2025-08-26T15:36:00+00:00\",\"description\":\"Optimize your film set with folding chairs, the perfect portable seating solution for on-location shoots. - CineSouk - Marrakech | Morocco\",\"breadcrumb\":{\"@id\":\"https:\/\/www.cinesouk.ma\/product\/folding-chairs\/#breadcrumb\"},\"inLanguage\":\"fr-FR\",\"potentialAction\":[{\"@type\":\"ReadAction\",\"target\":[\"https:\/\/www.cinesouk.ma\/product\/folding-chairs\/\"]}]},{\"@type\":\"ImageObject\",\"inLanguage\":\"fr-FR\",\"@id\":\"https:\/\/www.cinesouk.ma\/product\/folding-chairs\/#primaryimage\",\"url\":\"https:\/\/www.cinesouk.ma\/wp-content\/uploads\/2024\/01\/Folding-chairs.jpg\",\"contentUrl\":\"https:\/\/www.cinesouk.ma\/wp-content\/uploads\/2024\/01\/Folding-chairs.jpg\",\"width\":300,\"height\":238},{\"@type\":\"BreadcrumbList\",\"@id\":\"https:\/\/www.cinesouk.ma\/product\/folding-chairs\/#breadcrumb\",\"itemListElement\":[{\"@type\":\"ListItem\",\"position\":1,\"name\":\"Home\",\"item\":\"https:\/\/www.cinesouk.ma\/\"},{\"@type\":\"ListItem\",\"position\":2,\"name\":\"Shop\",\"item\":\"https:\/\/www.cinesouk.ma\/shop\/\"},{\"@type\":\"ListItem\",\"position\":3,\"name\":\"Folding Chairs\"}]},{\"@type\":\"WebSite\",\"@id\":\"https:\/\/www.cinesouk.ma\/#website\",\"url\":\"https:\/\/www.cinesouk.ma\/\",\"name\":\"CineSouk\",\"description\":\"\",\"publisher\":{\"@id\":\"https:\/\/www.cinesouk.ma\/#organization\"},\"potentialAction\":[{\"@type\":\"SearchAction\",\"target\":{\"@type\":\"EntryPoint\",\"urlTemplate\":\"https:\/\/www.cinesouk.ma\/?s={search_term_string}\"},\"query-input\":{\"@type\":\"PropertyValueSpecification\",\"valueRequired\":true,\"valueName\":\"search_term_string\"}}],\"inLanguage\":\"fr-FR\"},{\"@type\":\"Organization\",\"@id\":\"https:\/\/www.cinesouk.ma\/#organization\",\"name\":\"CineSouk\",\"url\":\"https:\/\/www.cinesouk.ma\/\",\"logo\":{\"@type\":\"ImageObject\",\"inLanguage\":\"fr-FR\",\"@id\":\"https:\/\/www.cinesouk.ma\/#\/schema\/logo\/image\/\",\"url\":\"https:\/\/www.cinesouk.ma\/wp-content\/uploads\/2024\/01\/CineSouk-logo-v01-alpha-alligned-left.png\",\"contentUrl\":\"https:\/\/www.cinesouk.ma\/wp-content\/uploads\/2024\/01\/CineSouk-logo-v01-alpha-alligned-left.png\",\"width\":3204,\"height\":889,\"caption\":\"CineSouk\"},\"image\":{\"@id\":\"https:\/\/www.cinesouk.ma\/#\/schema\/logo\/image\/\"}}]}<\/script>\n<!-- \/ Yoast SEO Premium plugin. -->","yoast_head_json":{"title":"Folding Chairs - CineSouk - For rent","description":"Optimize your film set with folding chairs, the perfect portable seating solution for on-location shoots. - CineSouk - Marrakech | Morocco","robots":{"index":"index","follow":"follow","max-snippet":"max-snippet:-1","max-image-preview":"max-image-preview:large","max-video-preview":"max-video-preview:-1"},"canonical":"https:\/\/www.cinesouk.ma\/fr\/produit\/folding-chairs\/","og_locale":"fr_FR","og_type":"article","og_title":"Folding Chairs","og_description":"Optimize your film set with folding chairs, the perfect portable seating solution for on-location shoots. - CineSouk - Marrakech | Morocco","og_url":"https:\/\/www.cinesouk.ma\/fr\/produit\/folding-chairs\/","og_site_name":"CineSouk","article_modified_time":"2025-08-26T15:36:00+00:00","og_image":[{"width":300,"height":238,"url":"https:\/\/www.cinesouk.ma\/wp-content\/uploads\/2024\/01\/Folding-chairs.jpg","type":"image\/jpeg"}],"twitter_card":"summary_large_image","twitter_description":"Optimize your film set with folding chairs, the perfect portable seating solution for on-location shoots. - CineSouk - Marrakech | Morocco","twitter_misc":{"Dur\u00e9e de lecture estim\u00e9e":"2 minutes"},"schema":{"@context":"https:\/\/schema.org","@graph":[{"@type":"WebPage","@id":"https:\/\/www.cinesouk.ma\/product\/folding-chairs\/","url":"https:\/\/www.cinesouk.ma\/product\/folding-chairs\/","name":"Folding Chairs - CineSouk - For rent","isPartOf":{"@id":"https:\/\/www.cinesouk.ma\/#website"},"primaryImageOfPage":{"@id":"https:\/\/www.cinesouk.ma\/product\/folding-chairs\/#primaryimage"},"image":{"@id":"https:\/\/www.cinesouk.ma\/product\/folding-chairs\/#primaryimage"},"thumbnailUrl":"https:\/\/www.cinesouk.ma\/wp-content\/uploads\/2024\/01\/Folding-chairs.jpg","datePublished":"2024-01-22T11:30:00+00:00","dateModified":"2025-08-26T15:36:00+00:00","description":"Optimize your film set with folding chairs, the perfect portable seating solution for on-location shoots. - CineSouk - Marrakech | Morocco","breadcrumb":{"@id":"https:\/\/www.cinesouk.ma\/product\/folding-chairs\/#breadcrumb"},"inLanguage":"fr-FR","potentialAction":[{"@type":"ReadAction","target":["https:\/\/www.cinesouk.ma\/product\/folding-chairs\/"]}]},{"@type":"ImageObject","inLanguage":"fr-FR","@id":"https:\/\/www.cinesouk.ma\/product\/folding-chairs\/#primaryimage","url":"https:\/\/www.cinesouk.ma\/wp-content\/uploads\/2024\/01\/Folding-chairs.jpg","contentUrl":"https:\/\/www.cinesouk.ma\/wp-content\/uploads\/2024\/01\/Folding-chairs.jpg","width":300,"height":238},{"@type":"BreadcrumbList","@id":"https:\/\/www.cinesouk.ma\/product\/folding-chairs\/#breadcrumb","itemListElement":[{"@type":"ListItem","position":1,"name":"Home","item":"https:\/\/www.cinesouk.ma\/"},{"@type":"ListItem","position":2,"name":"Shop","item":"https:\/\/www.cinesouk.ma\/shop\/"},{"@type":"ListItem","position":3,"name":"Folding Chairs"}]},{"@type":"WebSite","@id":"https:\/\/www.cinesouk.ma\/#website","url":"https:\/\/www.cinesouk.ma\/","name":"CineSouk","description":"","publisher":{"@id":"https:\/\/www.cinesouk.ma\/#organization"},"potentialAction":[{"@type":"SearchAction","target":{"@type":"EntryPoint","urlTemplate":"https:\/\/www.cinesouk.ma\/?s={search_term_string}"},"query-input":{"@type":"PropertyValueSpecification","valueRequired":true,"valueName":"search_term_string"}}],"inLanguage":"fr-FR"},{"@type":"Organization","@id":"https:\/\/www.cinesouk.ma\/#organization","name":"CineSouk","url":"https:\/\/www.cinesouk.ma\/","logo":{"@type":"ImageObject","inLanguage":"fr-FR","@id":"https:\/\/www.cinesouk.ma\/#\/schema\/logo\/image\/","url":"https:\/\/www.cinesouk.ma\/wp-content\/uploads\/2024\/01\/CineSouk-logo-v01-alpha-alligned-left.png","contentUrl":"https:\/\/www.cinesouk.ma\/wp-content\/uploads\/2024\/01\/CineSouk-logo-v01-alpha-alligned-left.png","width":3204,"height":889,"caption":"CineSouk"},"image":{"@id":"https:\/\/www.cinesouk.ma\/#\/schema\/logo\/image\/"}}]}},"_links":{"self":[{"href":"https:\/\/www.cinesouk.ma\/fr\/wp-json\/wp\/v2\/product\/3483","targetHints":{"allow":["GET"]}}],"collection":[{"href":"https:\/\/www.cinesouk.ma\/fr\/wp-json\/wp\/v2\/product"}],"about":[{"href":"https:\/\/www.cinesouk.ma\/fr\/wp-json\/wp\/v2\/types\/product"}],"wp:featuredmedia":[{"embeddable":true,"href":"https:\/\/www.cinesouk.ma\/fr\/wp-json\/wp\/v2\/media\/3484"}],"wp:attachment":[{"href":"https:\/\/www.cinesouk.ma\/fr\/wp-json\/wp\/v2\/media?parent=3483"}],"wp:term":[{"taxonomy":"product_brand","embeddable":true,"href":"https:\/\/www.cinesouk.ma\/fr\/wp-json\/wp\/v2\/product_brand?post=3483"},{"taxonomy":"product_cat","embeddable":true,"href":"https:\/\/www.cinesouk.ma\/fr\/wp-json\/wp\/v2\/product_cat?post=3483"},{"taxonomy":"product_tag","embeddable":true,"href":"https:\/\/www.cinesouk.ma\/fr\/wp-json\/wp\/v2\/product_tag?post=3483"}],"curies":[{"name":"wp","href":"https:\/\/api.w.org\/{rel}","templated":true}]}}