{"id":3493,"date":"2024-01-22T11:37:19","date_gmt":"2024-01-22T11:37:19","guid":{"rendered":"https:\/\/www.cinesouk.ma\/?post_type=product&#038;p=3493"},"modified":"2025-08-26T15:10:40","modified_gmt":"2025-08-26T15:10:40","slug":"quick-change-tent","status":"publish","type":"product","link":"https:\/\/www.cinesouk.ma\/fr\/produit\/quick-change-tent\/","title":{"rendered":"Tente \u00e0 changement rapide"},"content":{"rendered":"<p>La tente Quick Change est indispensable sur les plateaux de tournage. Elles offrent un espace priv\u00e9 et efficace aux acteurs et aux membres de l'\u00e9quipe pour se rafra\u00eechir pendant les tournages. De conception compacte mais fonctionnelle, ces cabines offrent une solution rapide et pratique pour les changements de garde-robe ou la toilette personnelle. La facilit\u00e9 d'installation et la portabilit\u00e9 garantissent un ajout harmonieux \u00e0 vos installations sur place, r\u00e9pondant aux divers besoins de la production cin\u00e9matographique. Am\u00e9liorez le confort et le professionnalisme de votre plateau de tournage avec des cabines de douche, am\u00e9liorant ainsi l'exp\u00e9rience globale des acteurs et de l'\u00e9quipe.<\/p>\n<p>Gr\u00e2ce au syst\u00e8me Quick-up, la tente est mont\u00e9e en un rien de temps. Il suffit de sortir la tente du sac de transport inclus, d'enlever la sangle de rangement et la tente se d\u00e9plie toute seule ! Gr\u00e2ce \u00e0 sa taille compacte, la tente est facilement transportable. L'espace au sol est suffisamment grand pour y placer des toilettes mobiles, se changer ou se doucher. Sur la paroi arri\u00e8re, il y a un compartiment de rangement pratique pour votre bouteille de shampoing, par exemple.<\/p>\n<p>La tente est aussi \u00e9tanche que n'importe quelle autre tente ! Au sommet, il y a un couvercle que l'on peut enlever pour cr\u00e9er un toit ouvert. Cela peut \u00eatre int\u00e9ressant si vous utilisez la tente comme toilettes afin de bien la ventiler.<\/p>\n<p>Louez notre cabine de douche \/ tente \u00e0 changement rapide maintenant \u00e0 <a href=\"https:\/\/www.cinesouk.ma\/fr\">CINESOUK<\/a> - une marque de <a href=\"https:\/\/www.broadway.ma\/\">BROADWAY PRODUCTIONS SARL.<\/a><\/p>","protected":false},"excerpt":{"rendered":"<p>Sp\u00e9cifications :<\/p>\n<p>Type : Tente \u00e0 changement rapide<br \/>\nCaract\u00e9ristiques : Priv\u00e9, efficace, portable<br \/>\nApplication : Production de films, tournages sur place<br \/>\nMat\u00e9riau : Variable<br \/>\nCouleur : Variable<br \/>\nQuantit\u00e9 : Variable<\/p>","protected":false},"featured_media":6832,"template":"","meta":{"om_disable_all_campaigns":false,"_monsterinsights_skip_tracking":false,"_monsterinsights_sitenote_active":false,"_monsterinsights_sitenote_note":"","_monsterinsights_sitenote_category":0,"_uf_show_specific_survey":0,"_uf_disable_surveys":false},"product_brand":[],"product_cat":[122,43,62],"product_tag":[],"class_list":{"0":"post-3493","1":"product","2":"type-product","3":"status-publish","4":"has-post-thumbnail","6":"product_cat-hospitality-eventsouk","7":"product_cat-hospitality-cinesouk","8":"product_cat-styling-and-mu-cinesouk","10":"entry","11":"has-media","13":"first","14":"instock","15":"taxable","16":"shipping-taxable","17":"purchasable","18":"product-type-variable","19":"has-product-nav","20":"col","21":"span_1_of_3","22":"owp-content-center","23":"owp-thumbs-layout-horizontal","24":"owp-btn-normal","25":"owp-tabs-layout-horizontal","26":"has-no-thumbnails"},"yoast_head":"<!-- This site is optimized with the Yoast SEO Premium plugin v26.0 (Yoast SEO v26.0) - https:\/\/yoast.com\/wordpress\/plugins\/seo\/ -->\n<title>Quick Change Tent - CineSouk - For rent<\/title>\n<meta name=\"description\" content=\"Optimize your film set with Quick Change Tent, providing a private and efficient space for quick changes during on-location shoots.\" \/>\n<meta name=\"robots\" content=\"index, follow, max-snippet:-1, max-image-preview:large, max-video-preview:-1\" \/>\n<link rel=\"canonical\" href=\"https:\/\/www.cinesouk.ma\/fr\/produit\/quick-change-tent\/\" \/>\n<meta property=\"og:locale\" content=\"fr_FR\" \/>\n<meta property=\"og:type\" content=\"article\" \/>\n<meta property=\"og:title\" content=\"Quick Change Tent\" \/>\n<meta property=\"og:description\" content=\"Optimize your film set with Quick Change Tent, providing a private and efficient space for quick changes during on-location shoots.\" \/>\n<meta property=\"og:url\" content=\"https:\/\/www.cinesouk.ma\/fr\/produit\/quick-change-tent\/\" \/>\n<meta property=\"og:site_name\" content=\"CineSouk\" \/>\n<meta property=\"article:modified_time\" content=\"2025-08-26T15:10:40+00:00\" \/>\n<meta property=\"og:image\" content=\"https:\/\/www.cinesouk.ma\/wp-content\/uploads\/2024\/01\/09.jpg\" \/>\n\t<meta property=\"og:image:width\" content=\"300\" \/>\n\t<meta property=\"og:image:height\" content=\"238\" \/>\n\t<meta property=\"og:image:type\" content=\"image\/jpeg\" \/>\n<meta name=\"twitter:card\" content=\"summary_large_image\" \/>\n<meta name=\"twitter:title\" content=\"Quick Change Tent\" \/>\n<meta name=\"twitter:description\" content=\"Optimize your film set with Quick Change Tent, providing a private and efficient space for quick changes during on-location shoots.\" \/>\n<meta name=\"twitter:label1\" content=\"Dur\u00e9e de lecture estim\u00e9e\" \/>\n\t<meta name=\"twitter:data1\" content=\"2 minutes\" \/>\n<script type=\"application\/ld+json\" class=\"yoast-schema-graph\">{\"@context\":\"https:\/\/schema.org\",\"@graph\":[{\"@type\":\"WebPage\",\"@id\":\"https:\/\/www.cinesouk.ma\/product\/quick-change-tent\/\",\"url\":\"https:\/\/www.cinesouk.ma\/product\/quick-change-tent\/\",\"name\":\"Quick Change Tent - CineSouk - For rent\",\"isPartOf\":{\"@id\":\"https:\/\/www.cinesouk.ma\/#website\"},\"primaryImageOfPage\":{\"@id\":\"https:\/\/www.cinesouk.ma\/product\/quick-change-tent\/#primaryimage\"},\"image\":{\"@id\":\"https:\/\/www.cinesouk.ma\/product\/quick-change-tent\/#primaryimage\"},\"thumbnailUrl\":\"https:\/\/www.cinesouk.ma\/wp-content\/uploads\/2024\/01\/09.jpg\",\"datePublished\":\"2024-01-22T11:37:19+00:00\",\"dateModified\":\"2025-08-26T15:10:40+00:00\",\"description\":\"Optimize your film set with Quick Change Tent, providing a private and efficient space for quick changes during on-location shoots.\",\"breadcrumb\":{\"@id\":\"https:\/\/www.cinesouk.ma\/product\/quick-change-tent\/#breadcrumb\"},\"inLanguage\":\"fr-FR\",\"potentialAction\":[{\"@type\":\"ReadAction\",\"target\":[\"https:\/\/www.cinesouk.ma\/product\/quick-change-tent\/\"]}]},{\"@type\":\"ImageObject\",\"inLanguage\":\"fr-FR\",\"@id\":\"https:\/\/www.cinesouk.ma\/product\/quick-change-tent\/#primaryimage\",\"url\":\"https:\/\/www.cinesouk.ma\/wp-content\/uploads\/2024\/01\/09.jpg\",\"contentUrl\":\"https:\/\/www.cinesouk.ma\/wp-content\/uploads\/2024\/01\/09.jpg\",\"width\":300,\"height\":238,\"caption\":\"Quick Change Tent\"},{\"@type\":\"BreadcrumbList\",\"@id\":\"https:\/\/www.cinesouk.ma\/product\/quick-change-tent\/#breadcrumb\",\"itemListElement\":[{\"@type\":\"ListItem\",\"position\":1,\"name\":\"Home\",\"item\":\"https:\/\/www.cinesouk.ma\/\"},{\"@type\":\"ListItem\",\"position\":2,\"name\":\"Shop\",\"item\":\"https:\/\/www.cinesouk.ma\/shop\/\"},{\"@type\":\"ListItem\",\"position\":3,\"name\":\"Quick Change Tent\"}]},{\"@type\":\"WebSite\",\"@id\":\"https:\/\/www.cinesouk.ma\/#website\",\"url\":\"https:\/\/www.cinesouk.ma\/\",\"name\":\"CineSouk\",\"description\":\"\",\"publisher\":{\"@id\":\"https:\/\/www.cinesouk.ma\/#organization\"},\"potentialAction\":[{\"@type\":\"SearchAction\",\"target\":{\"@type\":\"EntryPoint\",\"urlTemplate\":\"https:\/\/www.cinesouk.ma\/?s={search_term_string}\"},\"query-input\":{\"@type\":\"PropertyValueSpecification\",\"valueRequired\":true,\"valueName\":\"search_term_string\"}}],\"inLanguage\":\"fr-FR\"},{\"@type\":\"Organization\",\"@id\":\"https:\/\/www.cinesouk.ma\/#organization\",\"name\":\"CineSouk\",\"url\":\"https:\/\/www.cinesouk.ma\/\",\"logo\":{\"@type\":\"ImageObject\",\"inLanguage\":\"fr-FR\",\"@id\":\"https:\/\/www.cinesouk.ma\/#\/schema\/logo\/image\/\",\"url\":\"https:\/\/www.cinesouk.ma\/wp-content\/uploads\/2024\/01\/CineSouk-logo-v01-alpha-alligned-left.png\",\"contentUrl\":\"https:\/\/www.cinesouk.ma\/wp-content\/uploads\/2024\/01\/CineSouk-logo-v01-alpha-alligned-left.png\",\"width\":3204,\"height\":889,\"caption\":\"CineSouk\"},\"image\":{\"@id\":\"https:\/\/www.cinesouk.ma\/#\/schema\/logo\/image\/\"}}]}<\/script>\n<!-- \/ Yoast SEO Premium plugin. -->","yoast_head_json":{"title":"Quick Change Tent - CineSouk - For rent","description":"Optimize your film set with Quick Change Tent, providing a private and efficient space for quick changes during on-location shoots.","robots":{"index":"index","follow":"follow","max-snippet":"max-snippet:-1","max-image-preview":"max-image-preview:large","max-video-preview":"max-video-preview:-1"},"canonical":"https:\/\/www.cinesouk.ma\/fr\/produit\/quick-change-tent\/","og_locale":"fr_FR","og_type":"article","og_title":"Quick Change Tent","og_description":"Optimize your film set with Quick Change Tent, providing a private and efficient space for quick changes during on-location shoots.","og_url":"https:\/\/www.cinesouk.ma\/fr\/produit\/quick-change-tent\/","og_site_name":"CineSouk","article_modified_time":"2025-08-26T15:10:40+00:00","og_image":[{"width":300,"height":238,"url":"https:\/\/www.cinesouk.ma\/wp-content\/uploads\/2024\/01\/09.jpg","type":"image\/jpeg"}],"twitter_card":"summary_large_image","twitter_title":"Quick Change Tent","twitter_description":"Optimize your film set with Quick Change Tent, providing a private and efficient space for quick changes during on-location shoots.","twitter_misc":{"Dur\u00e9e de lecture estim\u00e9e":"2 minutes"},"schema":{"@context":"https:\/\/schema.org","@graph":[{"@type":"WebPage","@id":"https:\/\/www.cinesouk.ma\/product\/quick-change-tent\/","url":"https:\/\/www.cinesouk.ma\/product\/quick-change-tent\/","name":"Quick Change Tent - CineSouk - For rent","isPartOf":{"@id":"https:\/\/www.cinesouk.ma\/#website"},"primaryImageOfPage":{"@id":"https:\/\/www.cinesouk.ma\/product\/quick-change-tent\/#primaryimage"},"image":{"@id":"https:\/\/www.cinesouk.ma\/product\/quick-change-tent\/#primaryimage"},"thumbnailUrl":"https:\/\/www.cinesouk.ma\/wp-content\/uploads\/2024\/01\/09.jpg","datePublished":"2024-01-22T11:37:19+00:00","dateModified":"2025-08-26T15:10:40+00:00","description":"Optimize your film set with Quick Change Tent, providing a private and efficient space for quick changes during on-location shoots.","breadcrumb":{"@id":"https:\/\/www.cinesouk.ma\/product\/quick-change-tent\/#breadcrumb"},"inLanguage":"fr-FR","potentialAction":[{"@type":"ReadAction","target":["https:\/\/www.cinesouk.ma\/product\/quick-change-tent\/"]}]},{"@type":"ImageObject","inLanguage":"fr-FR","@id":"https:\/\/www.cinesouk.ma\/product\/quick-change-tent\/#primaryimage","url":"https:\/\/www.cinesouk.ma\/wp-content\/uploads\/2024\/01\/09.jpg","contentUrl":"https:\/\/www.cinesouk.ma\/wp-content\/uploads\/2024\/01\/09.jpg","width":300,"height":238,"caption":"Quick Change Tent"},{"@type":"BreadcrumbList","@id":"https:\/\/www.cinesouk.ma\/product\/quick-change-tent\/#breadcrumb","itemListElement":[{"@type":"ListItem","position":1,"name":"Home","item":"https:\/\/www.cinesouk.ma\/"},{"@type":"ListItem","position":2,"name":"Shop","item":"https:\/\/www.cinesouk.ma\/shop\/"},{"@type":"ListItem","position":3,"name":"Quick Change Tent"}]},{"@type":"WebSite","@id":"https:\/\/www.cinesouk.ma\/#website","url":"https:\/\/www.cinesouk.ma\/","name":"CineSouk","description":"","publisher":{"@id":"https:\/\/www.cinesouk.ma\/#organization"},"potentialAction":[{"@type":"SearchAction","target":{"@type":"EntryPoint","urlTemplate":"https:\/\/www.cinesouk.ma\/?s={search_term_string}"},"query-input":{"@type":"PropertyValueSpecification","valueRequired":true,"valueName":"search_term_string"}}],"inLanguage":"fr-FR"},{"@type":"Organization","@id":"https:\/\/www.cinesouk.ma\/#organization","name":"CineSouk","url":"https:\/\/www.cinesouk.ma\/","logo":{"@type":"ImageObject","inLanguage":"fr-FR","@id":"https:\/\/www.cinesouk.ma\/#\/schema\/logo\/image\/","url":"https:\/\/www.cinesouk.ma\/wp-content\/uploads\/2024\/01\/CineSouk-logo-v01-alpha-alligned-left.png","contentUrl":"https:\/\/www.cinesouk.ma\/wp-content\/uploads\/2024\/01\/CineSouk-logo-v01-alpha-alligned-left.png","width":3204,"height":889,"caption":"CineSouk"},"image":{"@id":"https:\/\/www.cinesouk.ma\/#\/schema\/logo\/image\/"}}]}},"_links":{"self":[{"href":"https:\/\/www.cinesouk.ma\/fr\/wp-json\/wp\/v2\/product\/3493","targetHints":{"allow":["GET"]}}],"collection":[{"href":"https:\/\/www.cinesouk.ma\/fr\/wp-json\/wp\/v2\/product"}],"about":[{"href":"https:\/\/www.cinesouk.ma\/fr\/wp-json\/wp\/v2\/types\/product"}],"wp:featuredmedia":[{"embeddable":true,"href":"https:\/\/www.cinesouk.ma\/fr\/wp-json\/wp\/v2\/media\/6832"}],"wp:attachment":[{"href":"https:\/\/www.cinesouk.ma\/fr\/wp-json\/wp\/v2\/media?parent=3493"}],"wp:term":[{"taxonomy":"product_brand","embeddable":true,"href":"https:\/\/www.cinesouk.ma\/fr\/wp-json\/wp\/v2\/product_brand?post=3493"},{"taxonomy":"product_cat","embeddable":true,"href":"https:\/\/www.cinesouk.ma\/fr\/wp-json\/wp\/v2\/product_cat?post=3493"},{"taxonomy":"product_tag","embeddable":true,"href":"https:\/\/www.cinesouk.ma\/fr\/wp-json\/wp\/v2\/product_tag?post=3493"}],"curies":[{"name":"wp","href":"https:\/\/api.w.org\/{rel}","templated":true}]}}