{"id":3555,"date":"2024-01-23T09:29:18","date_gmt":"2024-01-23T09:29:18","guid":{"rendered":"https:\/\/www.cinesouk.ma\/?post_type=product&#038;p=3555"},"modified":"2025-08-26T14:48:45","modified_gmt":"2025-08-26T14:48:45","slug":"dji-ronin-bg30-grip","status":"publish","type":"product","link":"https:\/\/www.cinesouk.ma\/fr\/produit\/dji-ronin-bg30-grip\/","title":{"rendered":"Poign\u00e9e DJI Ronin BG30"},"content":{"rendered":"<p>La poign\u00e9e DJI Ronin BG30 am\u00e9liore votre exp\u00e9rience cin\u00e9matographique en offrant une autonomie de batterie prolong\u00e9e et une meilleure prise en main. Con\u00e7ue pour la rotule RS 2, elle garantit des sessions de tournage prolong\u00e9es sans interruption. La poign\u00e9e DJI Ronin BG30 pour RS 2 offre une prise en main confortable, ce qui la rend id\u00e9ale pour les sessions de tournage prolong\u00e9es. Avec ses commandes intuitives et son design \u00e9pur\u00e9, la poign\u00e9e BG30 s'int\u00e8gre parfaitement \u00e0 votre mat\u00e9riel de tournage, offrant une stabilit\u00e9 et un contr\u00f4le accrus pendant les prises de vue. La batterie de la poign\u00e9e peut alimenter la rotule jusqu'\u00e0 12 heures et prend en charge la charge rapide 24W PD et QC 2.0. Elle peut \u00eatre charg\u00e9e de 0 \u00e0 80% en une heure et compl\u00e8tement charg\u00e9e en 1,5 heure. La conception de la cartouche, le levier de la poign\u00e9e et le bouton de s\u00e9curit\u00e9 de la rotule permettent un montage s\u00fbr et un d\u00e9verrouillage rapide.<\/p>\n<h3>Caract\u00e9ristiques de la poign\u00e9e DJI RS (Ronin) 2 BG30<\/h3>\n<ul>\n<li>Poign\u00e9e de remplacement pour le DJI RS 2<\/li>\n<li>Alimente le cardan jusqu'\u00e0 12 heures<\/li>\n<li>\u00c9quip\u00e9 d'une batterie int\u00e9gr\u00e9e<\/li>\n<li>Capacit\u00e9 de 1950mAh<\/li>\n<li>Puissance de 30,03 Wh<\/li>\n<li>Entr\u00e9e USB-C pour une charge rapide<\/li>\n<li>Chargement complet en 1,5 heure<\/li>\n<\/ul>\n<p>Louez-le maintenant sur <a href=\"https:\/\/www.cinesouk.ma\/fr\">CINESOUK<\/a> - une marque de <a href=\"https:\/\/www.broadway.ma\/\">BROADWAY PRODUCTIONS SARL.<\/a><\/p>","protected":false},"excerpt":{"rendered":"<p>Sp\u00e9cifications :<\/p>\n<p>Marque : DJI<br \/>\nMod\u00e8le : Ronin BG30 Grip<br \/>\nCompatibilit\u00e9 : Rotule RS 2<br \/>\nCaract\u00e9ristiques : Dur\u00e9e de vie prolong\u00e9e de la batterie, design ergonomique<br \/>\nApplication : R\u00e9alisation de films, contr\u00f4le du cardan<br \/>\nMat\u00e9riau : Variable<br \/>\nCouleur : Variable<\/p>","protected":false},"featured_media":3556,"template":"","meta":{"om_disable_all_campaigns":false,"_monsterinsights_skip_tracking":false,"_monsterinsights_sitenote_active":false,"_monsterinsights_sitenote_note":"","_monsterinsights_sitenote_category":0,"_uf_show_specific_survey":0,"_uf_disable_surveys":false},"product_brand":[],"product_cat":[57,83],"product_tag":[],"class_list":{"0":"post-3555","1":"product","2":"type-product","3":"status-publish","4":"has-post-thumbnail","6":"product_cat-batteries-cinesouk","7":"product_cat-efp-eng-cinesouk","9":"entry","10":"has-media","12":"first","13":"instock","14":"taxable","15":"shipping-taxable","16":"purchasable","17":"product-type-variable","18":"has-product-nav","19":"col","20":"span_1_of_3","21":"owp-content-center","22":"owp-thumbs-layout-horizontal","23":"owp-btn-normal","24":"owp-tabs-layout-horizontal","25":"has-no-thumbnails"},"yoast_head":"<!-- This site is optimized with the Yoast SEO Premium plugin v26.0 (Yoast SEO v26.0) - https:\/\/yoast.com\/wordpress\/plugins\/seo\/ -->\n<title>DJI Ronin BG30 Grip - CineSouk - For rent<\/title>\n<meta name=\"description\" content=\"Elevate your filmmaking with the DJI Ronin BG30 Grip for RS2, offering extended battery life and improved handling. - CineSouk\" \/>\n<meta name=\"robots\" content=\"index, follow, max-snippet:-1, max-image-preview:large, max-video-preview:-1\" \/>\n<link rel=\"canonical\" href=\"https:\/\/www.cinesouk.ma\/fr\/produit\/dji-ronin-bg30-grip\/\" \/>\n<meta property=\"og:locale\" content=\"fr_FR\" \/>\n<meta property=\"og:type\" content=\"article\" \/>\n<meta property=\"og:title\" content=\"DJI Ronin BG30 Grip\" \/>\n<meta property=\"og:description\" content=\"Elevate your filmmaking with the DJI Ronin BG30 Grip for RS2, offering extended battery life and improved handling.\" \/>\n<meta property=\"og:url\" content=\"https:\/\/www.cinesouk.ma\/fr\/produit\/dji-ronin-bg30-grip\/\" \/>\n<meta property=\"og:site_name\" content=\"CineSouk\" \/>\n<meta property=\"article:modified_time\" content=\"2025-08-26T14:48:45+00:00\" \/>\n<meta property=\"og:image\" content=\"https:\/\/www.cinesouk.ma\/wp-content\/uploads\/2024\/01\/DJI-Ronin-BG30-Grip-for-RS-2-.jpg\" \/>\n\t<meta property=\"og:image:width\" content=\"300\" \/>\n\t<meta property=\"og:image:height\" content=\"238\" \/>\n\t<meta property=\"og:image:type\" content=\"image\/jpeg\" \/>\n<meta name=\"twitter:card\" content=\"summary_large_image\" \/>\n<meta name=\"twitter:title\" content=\"DJI Ronin BG30 Grip\" \/>\n<meta name=\"twitter:description\" content=\"Elevate your filmmaking with the DJI Ronin BG30 Grip for RS2, offering extended battery life and improved handling.\" \/>\n<meta name=\"twitter:label1\" content=\"Dur\u00e9e de lecture estim\u00e9e\" \/>\n\t<meta name=\"twitter:data1\" content=\"2 minutes\" \/>\n<script type=\"application\/ld+json\" class=\"yoast-schema-graph\">{\"@context\":\"https:\/\/schema.org\",\"@graph\":[{\"@type\":\"WebPage\",\"@id\":\"https:\/\/www.cinesouk.ma\/product\/dji-ronin-bg30-grip\/\",\"url\":\"https:\/\/www.cinesouk.ma\/product\/dji-ronin-bg30-grip\/\",\"name\":\"DJI Ronin BG30 Grip - CineSouk - For rent\",\"isPartOf\":{\"@id\":\"https:\/\/www.cinesouk.ma\/#website\"},\"primaryImageOfPage\":{\"@id\":\"https:\/\/www.cinesouk.ma\/product\/dji-ronin-bg30-grip\/#primaryimage\"},\"image\":{\"@id\":\"https:\/\/www.cinesouk.ma\/product\/dji-ronin-bg30-grip\/#primaryimage\"},\"thumbnailUrl\":\"https:\/\/www.cinesouk.ma\/wp-content\/uploads\/2024\/01\/DJI-Ronin-BG30-Grip-for-RS-2-.jpg\",\"datePublished\":\"2024-01-23T09:29:18+00:00\",\"dateModified\":\"2025-08-26T14:48:45+00:00\",\"description\":\"Elevate your filmmaking with the DJI Ronin BG30 Grip for RS2, offering extended battery life and improved handling. - CineSouk\",\"breadcrumb\":{\"@id\":\"https:\/\/www.cinesouk.ma\/product\/dji-ronin-bg30-grip\/#breadcrumb\"},\"inLanguage\":\"fr-FR\",\"potentialAction\":[{\"@type\":\"ReadAction\",\"target\":[\"https:\/\/www.cinesouk.ma\/product\/dji-ronin-bg30-grip\/\"]}]},{\"@type\":\"ImageObject\",\"inLanguage\":\"fr-FR\",\"@id\":\"https:\/\/www.cinesouk.ma\/product\/dji-ronin-bg30-grip\/#primaryimage\",\"url\":\"https:\/\/www.cinesouk.ma\/wp-content\/uploads\/2024\/01\/DJI-Ronin-BG30-Grip-for-RS-2-.jpg\",\"contentUrl\":\"https:\/\/www.cinesouk.ma\/wp-content\/uploads\/2024\/01\/DJI-Ronin-BG30-Grip-for-RS-2-.jpg\",\"width\":300,\"height\":238,\"caption\":\"DJI Ronin BG30 Grip\"},{\"@type\":\"BreadcrumbList\",\"@id\":\"https:\/\/www.cinesouk.ma\/product\/dji-ronin-bg30-grip\/#breadcrumb\",\"itemListElement\":[{\"@type\":\"ListItem\",\"position\":1,\"name\":\"Home\",\"item\":\"https:\/\/www.cinesouk.ma\/\"},{\"@type\":\"ListItem\",\"position\":2,\"name\":\"Shop\",\"item\":\"https:\/\/www.cinesouk.ma\/shop\/\"},{\"@type\":\"ListItem\",\"position\":3,\"name\":\"DJI Ronin BG30 Grip\"}]},{\"@type\":\"WebSite\",\"@id\":\"https:\/\/www.cinesouk.ma\/#website\",\"url\":\"https:\/\/www.cinesouk.ma\/\",\"name\":\"CineSouk\",\"description\":\"\",\"publisher\":{\"@id\":\"https:\/\/www.cinesouk.ma\/#organization\"},\"potentialAction\":[{\"@type\":\"SearchAction\",\"target\":{\"@type\":\"EntryPoint\",\"urlTemplate\":\"https:\/\/www.cinesouk.ma\/?s={search_term_string}\"},\"query-input\":{\"@type\":\"PropertyValueSpecification\",\"valueRequired\":true,\"valueName\":\"search_term_string\"}}],\"inLanguage\":\"fr-FR\"},{\"@type\":\"Organization\",\"@id\":\"https:\/\/www.cinesouk.ma\/#organization\",\"name\":\"CineSouk\",\"url\":\"https:\/\/www.cinesouk.ma\/\",\"logo\":{\"@type\":\"ImageObject\",\"inLanguage\":\"fr-FR\",\"@id\":\"https:\/\/www.cinesouk.ma\/#\/schema\/logo\/image\/\",\"url\":\"https:\/\/www.cinesouk.ma\/wp-content\/uploads\/2024\/01\/CineSouk-logo-v01-alpha-alligned-left.png\",\"contentUrl\":\"https:\/\/www.cinesouk.ma\/wp-content\/uploads\/2024\/01\/CineSouk-logo-v01-alpha-alligned-left.png\",\"width\":3204,\"height\":889,\"caption\":\"CineSouk\"},\"image\":{\"@id\":\"https:\/\/www.cinesouk.ma\/#\/schema\/logo\/image\/\"}}]}<\/script>\n<!-- \/ Yoast SEO Premium plugin. -->","yoast_head_json":{"title":"DJI Ronin BG30 Grip - CineSouk - For rent","description":"Elevate your filmmaking with the DJI Ronin BG30 Grip for RS2, offering extended battery life and improved handling. - CineSouk","robots":{"index":"index","follow":"follow","max-snippet":"max-snippet:-1","max-image-preview":"max-image-preview:large","max-video-preview":"max-video-preview:-1"},"canonical":"https:\/\/www.cinesouk.ma\/fr\/produit\/dji-ronin-bg30-grip\/","og_locale":"fr_FR","og_type":"article","og_title":"DJI Ronin BG30 Grip","og_description":"Elevate your filmmaking with the DJI Ronin BG30 Grip for RS2, offering extended battery life and improved handling.","og_url":"https:\/\/www.cinesouk.ma\/fr\/produit\/dji-ronin-bg30-grip\/","og_site_name":"CineSouk","article_modified_time":"2025-08-26T14:48:45+00:00","og_image":[{"width":300,"height":238,"url":"https:\/\/www.cinesouk.ma\/wp-content\/uploads\/2024\/01\/DJI-Ronin-BG30-Grip-for-RS-2-.jpg","type":"image\/jpeg"}],"twitter_card":"summary_large_image","twitter_title":"DJI Ronin BG30 Grip","twitter_description":"Elevate your filmmaking with the DJI Ronin BG30 Grip for RS2, offering extended battery life and improved handling.","twitter_misc":{"Dur\u00e9e de lecture estim\u00e9e":"2 minutes"},"schema":{"@context":"https:\/\/schema.org","@graph":[{"@type":"WebPage","@id":"https:\/\/www.cinesouk.ma\/product\/dji-ronin-bg30-grip\/","url":"https:\/\/www.cinesouk.ma\/product\/dji-ronin-bg30-grip\/","name":"DJI Ronin BG30 Grip - CineSouk - For rent","isPartOf":{"@id":"https:\/\/www.cinesouk.ma\/#website"},"primaryImageOfPage":{"@id":"https:\/\/www.cinesouk.ma\/product\/dji-ronin-bg30-grip\/#primaryimage"},"image":{"@id":"https:\/\/www.cinesouk.ma\/product\/dji-ronin-bg30-grip\/#primaryimage"},"thumbnailUrl":"https:\/\/www.cinesouk.ma\/wp-content\/uploads\/2024\/01\/DJI-Ronin-BG30-Grip-for-RS-2-.jpg","datePublished":"2024-01-23T09:29:18+00:00","dateModified":"2025-08-26T14:48:45+00:00","description":"Elevate your filmmaking with the DJI Ronin BG30 Grip for RS2, offering extended battery life and improved handling. - CineSouk","breadcrumb":{"@id":"https:\/\/www.cinesouk.ma\/product\/dji-ronin-bg30-grip\/#breadcrumb"},"inLanguage":"fr-FR","potentialAction":[{"@type":"ReadAction","target":["https:\/\/www.cinesouk.ma\/product\/dji-ronin-bg30-grip\/"]}]},{"@type":"ImageObject","inLanguage":"fr-FR","@id":"https:\/\/www.cinesouk.ma\/product\/dji-ronin-bg30-grip\/#primaryimage","url":"https:\/\/www.cinesouk.ma\/wp-content\/uploads\/2024\/01\/DJI-Ronin-BG30-Grip-for-RS-2-.jpg","contentUrl":"https:\/\/www.cinesouk.ma\/wp-content\/uploads\/2024\/01\/DJI-Ronin-BG30-Grip-for-RS-2-.jpg","width":300,"height":238,"caption":"DJI Ronin BG30 Grip"},{"@type":"BreadcrumbList","@id":"https:\/\/www.cinesouk.ma\/product\/dji-ronin-bg30-grip\/#breadcrumb","itemListElement":[{"@type":"ListItem","position":1,"name":"Home","item":"https:\/\/www.cinesouk.ma\/"},{"@type":"ListItem","position":2,"name":"Shop","item":"https:\/\/www.cinesouk.ma\/shop\/"},{"@type":"ListItem","position":3,"name":"DJI Ronin BG30 Grip"}]},{"@type":"WebSite","@id":"https:\/\/www.cinesouk.ma\/#website","url":"https:\/\/www.cinesouk.ma\/","name":"CineSouk","description":"","publisher":{"@id":"https:\/\/www.cinesouk.ma\/#organization"},"potentialAction":[{"@type":"SearchAction","target":{"@type":"EntryPoint","urlTemplate":"https:\/\/www.cinesouk.ma\/?s={search_term_string}"},"query-input":{"@type":"PropertyValueSpecification","valueRequired":true,"valueName":"search_term_string"}}],"inLanguage":"fr-FR"},{"@type":"Organization","@id":"https:\/\/www.cinesouk.ma\/#organization","name":"CineSouk","url":"https:\/\/www.cinesouk.ma\/","logo":{"@type":"ImageObject","inLanguage":"fr-FR","@id":"https:\/\/www.cinesouk.ma\/#\/schema\/logo\/image\/","url":"https:\/\/www.cinesouk.ma\/wp-content\/uploads\/2024\/01\/CineSouk-logo-v01-alpha-alligned-left.png","contentUrl":"https:\/\/www.cinesouk.ma\/wp-content\/uploads\/2024\/01\/CineSouk-logo-v01-alpha-alligned-left.png","width":3204,"height":889,"caption":"CineSouk"},"image":{"@id":"https:\/\/www.cinesouk.ma\/#\/schema\/logo\/image\/"}}]}},"_links":{"self":[{"href":"https:\/\/www.cinesouk.ma\/fr\/wp-json\/wp\/v2\/product\/3555","targetHints":{"allow":["GET"]}}],"collection":[{"href":"https:\/\/www.cinesouk.ma\/fr\/wp-json\/wp\/v2\/product"}],"about":[{"href":"https:\/\/www.cinesouk.ma\/fr\/wp-json\/wp\/v2\/types\/product"}],"wp:featuredmedia":[{"embeddable":true,"href":"https:\/\/www.cinesouk.ma\/fr\/wp-json\/wp\/v2\/media\/3556"}],"wp:attachment":[{"href":"https:\/\/www.cinesouk.ma\/fr\/wp-json\/wp\/v2\/media?parent=3555"}],"wp:term":[{"taxonomy":"product_brand","embeddable":true,"href":"https:\/\/www.cinesouk.ma\/fr\/wp-json\/wp\/v2\/product_brand?post=3555"},{"taxonomy":"product_cat","embeddable":true,"href":"https:\/\/www.cinesouk.ma\/fr\/wp-json\/wp\/v2\/product_cat?post=3555"},{"taxonomy":"product_tag","embeddable":true,"href":"https:\/\/www.cinesouk.ma\/fr\/wp-json\/wp\/v2\/product_tag?post=3555"}],"curies":[{"name":"wp","href":"https:\/\/api.w.org\/{rel}","templated":true}]}}