{"id":394,"date":"2024-12-02T10:24:08","date_gmt":"2024-12-02T10:24:08","guid":{"rendered":"https:\/\/www.cinesouk.ma\/?post_type=product&#038;p=394"},"modified":"2025-09-25T15:08:40","modified_gmt":"2025-09-25T15:08:40","slug":"canon-cn-e-18-80mm-t4-4-nikon-af-mount","status":"publish","type":"product","link":"https:\/\/www.cinesouk.ma\/fr\/produit\/canon-cn-e-18-80mm-t4-4-nikon-af-mount\/","title":{"rendered":"Canon CN-E 18-80mm T4.4 EF-mount Lens"},"content":{"rendered":"<p>La monture EF Canon CN-E 18-80mm T4.4 est une r\u00e9volution dans le domaine de la production vid\u00e9o. Cet objectif grand format pr\u00e9sente des caract\u00e9ristiques cin\u00e9-servo de haute qualit\u00e9, telles qu'un zoom et une mise au point servo ultra-fluides, \u00e0 un prix abordable. Il s'agit d'un objectif zoom polyvalent de type cin\u00e9ma, m\u00e9ticuleusement con\u00e7u pour les appareils photo \u00e0 monture E de Canon dot\u00e9s de capteurs Super 35 mm.<\/p>\n<p>Con\u00e7u avec un zoom de type cin\u00e9ma, le CN-E 18-80 mm T4.4 \u00e0 monture EF assure un contr\u00f4le fluide et pr\u00e9cis de la longueur focale. Il vous permet de capturer en toute transparence un large \u00e9ventail de prises de vue. Son ouverture maximale T4.4 offre des performances constantes sur toute la plage de zoom.<\/p>\n<p class=\"canon-color--grey-darkest canon-paragraph--medium\">La compatibilit\u00e9 avec la monture EF de Canon prend en charge l'autofocus CMOS double pixel rapide et pr\u00e9cis. Il est \u00e9quip\u00e9 d'un c\u00e2ble d'alimentation servo entre l'appareil photo et l'objectif et de m\u00e9tadonn\u00e9es d'objectif automatiques pour faciliter le post-traitement. L'objectif dispose \u00e9galement d'une correction d'exposition p\u00e9riph\u00e9rique.<\/p>\n<p>Il combine les fonctionnalit\u00e9s des objectifs EF de Canon avec les caract\u00e9ristiques et les performances de sa gamme CN-E. Con\u00e7u pour \u00eatre utilis\u00e9 avec des appareils photo \u00e0 monture EF dot\u00e9s de capteurs Super35 ou APS-C, l'objectif couvre une plage focale incroyablement utile de 18 \u00e0 80 mm.<\/p>\n<p>De plus, l'objectif a une conception m\u00e9canis\u00e9e et poss\u00e8de trois bagues de contr\u00f4le ind\u00e9pendantes pour la mise au point, l'ouverture et le zoom. Ces bagues (0,8 MOD) sont parfaitement adapt\u00e9es aux accessoires d'objectif standard de type cin\u00e9ma.<\/p>\n<p>Louez le Canon CN-E 18-80mm T4.4 maintenant sur <a href=\"https:\/\/www.cinesouk.ma\/fr\">CINESOUK<\/a> - une marque de <a href=\"https:\/\/www.broadway.ma\/\">BROADWAY PRODUCTIONS SARL.<\/a><\/p>","protected":false},"excerpt":{"rendered":"<p><strong>Sp\u00e9cifications<\/strong><\/p>\n<p><span data-sheets-value=\"{&quot;1&quot;:2,&quot;2&quot;:&quot;Sensor: Zoom lens\\n4.4x zoomfactor\\nMax diafragma: T4.4\\nResolution:4K\\n&quot;}\" data-sheets-userformat=\"{&quot;2&quot;:25539,&quot;3&quot;:{&quot;1&quot;:0},&quot;4&quot;:{&quot;1&quot;:2,&quot;2&quot;:15987699},&quot;9&quot;:1,&quot;10&quot;:1,&quot;11&quot;:4,&quot;12&quot;:0,&quot;16&quot;:10,&quot;17&quot;:1}\" data-sheets-textstyleruns=\"{&quot;1&quot;:0}\uee10{&quot;1&quot;:8,&quot;2&quot;:{&quot;5&quot;:0}}\uee10{&quot;1&quot;:18}\uee10{&quot;1&quot;:48,&quot;2&quot;:{&quot;5&quot;:0}}\uee10{&quot;1&quot;:54}\uee10{&quot;1&quot;:65,&quot;2&quot;:{&quot;5&quot;:0}}\"><strong>Longueur focale :<\/strong> 18 \u00e0 80 mm<strong><br \/>\nCapteur :<\/strong> Objectif zoom<br \/>\n<strong>Rapport de zoom :<\/strong> 4.4x<br \/>\n<strong>Arr\u00eat T max :<\/strong> T4.4<br \/>\n<strong>F-stop max :<\/strong> f\/4<br \/>\n<strong>R\u00e9solution : <\/strong>4K<br \/>\n<\/span><\/p>","protected":false},"featured_media":15028,"template":"","meta":{"om_disable_all_campaigns":false,"_monsterinsights_skip_tracking":false,"_monsterinsights_sitenote_active":false,"_monsterinsights_sitenote_note":"","_monsterinsights_sitenote_category":0,"_uf_show_specific_survey":0,"_uf_disable_surveys":false},"product_brand":[],"product_cat":[36],"product_tag":[],"class_list":{"0":"post-394","1":"product","2":"type-product","3":"status-publish","4":"has-post-thumbnail","6":"product_cat-lenses-cinesouk","8":"entry","9":"has-media","11":"first","12":"instock","13":"taxable","14":"shipping-taxable","15":"purchasable","16":"product-type-variable","17":"has-product-nav","18":"col","19":"span_1_of_3","20":"owp-content-center","21":"owp-thumbs-layout-horizontal","22":"owp-btn-normal","23":"owp-tabs-layout-horizontal","24":"has-no-thumbnails"},"yoast_head":"<!-- This site is optimized with the Yoast SEO Premium plugin v26.0 (Yoast SEO v26.0) - https:\/\/yoast.com\/wordpress\/plugins\/seo\/ -->\n<title>Canon CN-E 18-80mm T4.4 EF-mount Lens - Lens - Marrakech | Morocco - CineSouk - For rent<\/title>\n<meta name=\"description\" content=\"Canon CN-E 18-80mm T4.4 Nikon AF mount is a video lens designed for professional videographers. A lens with a range of 18-80mm and 4.4x zoom.\" \/>\n<meta name=\"robots\" content=\"index, follow, max-snippet:-1, max-image-preview:large, max-video-preview:-1\" \/>\n<link rel=\"canonical\" href=\"https:\/\/www.cinesouk.ma\/fr\/produit\/canon-cn-e-18-80mm-t4-4-nikon-af-mount\/\" \/>\n<meta property=\"og:locale\" content=\"fr_FR\" \/>\n<meta property=\"og:type\" content=\"article\" \/>\n<meta property=\"og:title\" content=\"Canon CN-E 18-80mm T4.4 EF mount\" \/>\n<meta property=\"og:description\" content=\"The Canon CN-E 18-80mm T4.4 EF mount COMPACT-SERVO Lens combines the functionality of Canon&#039;s EF lenses with the features and performance of their CN-E lineup.\" \/>\n<meta property=\"og:url\" content=\"https:\/\/www.cinesouk.ma\/fr\/produit\/canon-cn-e-18-80mm-t4-4-nikon-af-mount\/\" \/>\n<meta property=\"og:site_name\" content=\"CineSouk\" \/>\n<meta property=\"article:modified_time\" content=\"2025-09-25T15:08:40+00:00\" \/>\n<meta property=\"og:image\" content=\"https:\/\/www.cinesouk.ma\/wp-content\/uploads\/2024\/12\/Canon-CN-E-18-80mm-T4.4-EF-mount-Lens.jpg\" \/>\n\t<meta property=\"og:image:width\" content=\"300\" \/>\n\t<meta property=\"og:image:height\" content=\"238\" \/>\n\t<meta property=\"og:image:type\" content=\"image\/jpeg\" \/>\n<meta name=\"twitter:card\" content=\"summary_large_image\" \/>\n<meta name=\"twitter:title\" content=\"Canon CN-E 18-80mm T4.4 EF mount\" \/>\n<meta name=\"twitter:description\" content=\"The Canon CN-E 18-80mm T4.4 EF mount COMPACT-SERVO Lens combines the functionality of Canon&#039;s EF lenses with the features and performance of their CN-E lineup.\" \/>\n<meta name=\"twitter:label1\" content=\"Dur\u00e9e de lecture estim\u00e9e\" \/>\n\t<meta name=\"twitter:data1\" content=\"2 minutes\" \/>\n<script type=\"application\/ld+json\" class=\"yoast-schema-graph\">{\"@context\":\"https:\/\/schema.org\",\"@graph\":[{\"@type\":\"WebPage\",\"@id\":\"https:\/\/www.cinesouk.ma\/product\/canon-cn-e-18-80mm-t4-4-nikon-af-mount\/\",\"url\":\"https:\/\/www.cinesouk.ma\/product\/canon-cn-e-18-80mm-t4-4-nikon-af-mount\/\",\"name\":\"Canon CN-E 18-80mm T4.4 EF-mount Lens - Lens - Marrakech | Morocco - CineSouk - For rent\",\"isPartOf\":{\"@id\":\"https:\/\/www.cinesouk.ma\/#website\"},\"primaryImageOfPage\":{\"@id\":\"https:\/\/www.cinesouk.ma\/product\/canon-cn-e-18-80mm-t4-4-nikon-af-mount\/#primaryimage\"},\"image\":{\"@id\":\"https:\/\/www.cinesouk.ma\/product\/canon-cn-e-18-80mm-t4-4-nikon-af-mount\/#primaryimage\"},\"thumbnailUrl\":\"https:\/\/www.cinesouk.ma\/wp-content\/uploads\/2024\/12\/Canon-CN-E-18-80mm-T4.4-EF-mount-Lens.jpg\",\"datePublished\":\"2024-12-02T10:24:08+00:00\",\"dateModified\":\"2025-09-25T15:08:40+00:00\",\"description\":\"Canon CN-E 18-80mm T4.4 Nikon AF mount is a video lens designed for professional videographers. A lens with a range of 18-80mm and 4.4x zoom.\",\"breadcrumb\":{\"@id\":\"https:\/\/www.cinesouk.ma\/product\/canon-cn-e-18-80mm-t4-4-nikon-af-mount\/#breadcrumb\"},\"inLanguage\":\"fr-FR\",\"potentialAction\":[{\"@type\":\"ReadAction\",\"target\":[\"https:\/\/www.cinesouk.ma\/product\/canon-cn-e-18-80mm-t4-4-nikon-af-mount\/\"]}]},{\"@type\":\"ImageObject\",\"inLanguage\":\"fr-FR\",\"@id\":\"https:\/\/www.cinesouk.ma\/product\/canon-cn-e-18-80mm-t4-4-nikon-af-mount\/#primaryimage\",\"url\":\"https:\/\/www.cinesouk.ma\/wp-content\/uploads\/2024\/12\/Canon-CN-E-18-80mm-T4.4-EF-mount-Lens.jpg\",\"contentUrl\":\"https:\/\/www.cinesouk.ma\/wp-content\/uploads\/2024\/12\/Canon-CN-E-18-80mm-T4.4-EF-mount-Lens.jpg\",\"width\":300,\"height\":238,\"caption\":\"Canon CN-E 18-80mm T4.4 EF-mount Lens\"},{\"@type\":\"BreadcrumbList\",\"@id\":\"https:\/\/www.cinesouk.ma\/product\/canon-cn-e-18-80mm-t4-4-nikon-af-mount\/#breadcrumb\",\"itemListElement\":[{\"@type\":\"ListItem\",\"position\":1,\"name\":\"Home\",\"item\":\"https:\/\/www.cinesouk.ma\/\"},{\"@type\":\"ListItem\",\"position\":2,\"name\":\"Shop\",\"item\":\"https:\/\/www.cinesouk.ma\/shop\/\"},{\"@type\":\"ListItem\",\"position\":3,\"name\":\"Canon CN-E 18-80mm T4.4 EF-mount Lens\"}]},{\"@type\":\"WebSite\",\"@id\":\"https:\/\/www.cinesouk.ma\/#website\",\"url\":\"https:\/\/www.cinesouk.ma\/\",\"name\":\"CineSouk\",\"description\":\"\",\"publisher\":{\"@id\":\"https:\/\/www.cinesouk.ma\/#organization\"},\"potentialAction\":[{\"@type\":\"SearchAction\",\"target\":{\"@type\":\"EntryPoint\",\"urlTemplate\":\"https:\/\/www.cinesouk.ma\/?s={search_term_string}\"},\"query-input\":{\"@type\":\"PropertyValueSpecification\",\"valueRequired\":true,\"valueName\":\"search_term_string\"}}],\"inLanguage\":\"fr-FR\"},{\"@type\":\"Organization\",\"@id\":\"https:\/\/www.cinesouk.ma\/#organization\",\"name\":\"CineSouk\",\"url\":\"https:\/\/www.cinesouk.ma\/\",\"logo\":{\"@type\":\"ImageObject\",\"inLanguage\":\"fr-FR\",\"@id\":\"https:\/\/www.cinesouk.ma\/#\/schema\/logo\/image\/\",\"url\":\"https:\/\/www.cinesouk.ma\/wp-content\/uploads\/2024\/01\/CineSouk-logo-v01-alpha-alligned-left.png\",\"contentUrl\":\"https:\/\/www.cinesouk.ma\/wp-content\/uploads\/2024\/01\/CineSouk-logo-v01-alpha-alligned-left.png\",\"width\":3204,\"height\":889,\"caption\":\"CineSouk\"},\"image\":{\"@id\":\"https:\/\/www.cinesouk.ma\/#\/schema\/logo\/image\/\"}}]}<\/script>\n<!-- \/ Yoast SEO Premium plugin. -->","yoast_head_json":{"title":"Canon CN-E 18-80mm T4.4 EF-mount Lens - Lens - Marrakech | Morocco - CineSouk - For rent","description":"Canon CN-E 18-80mm T4.4 Nikon AF mount is a video lens designed for professional videographers. A lens with a range of 18-80mm and 4.4x zoom.","robots":{"index":"index","follow":"follow","max-snippet":"max-snippet:-1","max-image-preview":"max-image-preview:large","max-video-preview":"max-video-preview:-1"},"canonical":"https:\/\/www.cinesouk.ma\/fr\/produit\/canon-cn-e-18-80mm-t4-4-nikon-af-mount\/","og_locale":"fr_FR","og_type":"article","og_title":"Canon CN-E 18-80mm T4.4 EF mount","og_description":"The Canon CN-E 18-80mm T4.4 EF mount COMPACT-SERVO Lens combines the functionality of Canon's EF lenses with the features and performance of their CN-E lineup.","og_url":"https:\/\/www.cinesouk.ma\/fr\/produit\/canon-cn-e-18-80mm-t4-4-nikon-af-mount\/","og_site_name":"CineSouk","article_modified_time":"2025-09-25T15:08:40+00:00","og_image":[{"width":300,"height":238,"url":"https:\/\/www.cinesouk.ma\/wp-content\/uploads\/2024\/12\/Canon-CN-E-18-80mm-T4.4-EF-mount-Lens.jpg","type":"image\/jpeg"}],"twitter_card":"summary_large_image","twitter_title":"Canon CN-E 18-80mm T4.4 EF mount","twitter_description":"The Canon CN-E 18-80mm T4.4 EF mount COMPACT-SERVO Lens combines the functionality of Canon's EF lenses with the features and performance of their CN-E lineup.","twitter_misc":{"Dur\u00e9e de lecture estim\u00e9e":"2 minutes"},"schema":{"@context":"https:\/\/schema.org","@graph":[{"@type":"WebPage","@id":"https:\/\/www.cinesouk.ma\/product\/canon-cn-e-18-80mm-t4-4-nikon-af-mount\/","url":"https:\/\/www.cinesouk.ma\/product\/canon-cn-e-18-80mm-t4-4-nikon-af-mount\/","name":"Canon CN-E 18-80mm T4.4 EF-mount Lens - Lens - Marrakech | Morocco - CineSouk - For rent","isPartOf":{"@id":"https:\/\/www.cinesouk.ma\/#website"},"primaryImageOfPage":{"@id":"https:\/\/www.cinesouk.ma\/product\/canon-cn-e-18-80mm-t4-4-nikon-af-mount\/#primaryimage"},"image":{"@id":"https:\/\/www.cinesouk.ma\/product\/canon-cn-e-18-80mm-t4-4-nikon-af-mount\/#primaryimage"},"thumbnailUrl":"https:\/\/www.cinesouk.ma\/wp-content\/uploads\/2024\/12\/Canon-CN-E-18-80mm-T4.4-EF-mount-Lens.jpg","datePublished":"2024-12-02T10:24:08+00:00","dateModified":"2025-09-25T15:08:40+00:00","description":"Canon CN-E 18-80mm T4.4 Nikon AF mount is a video lens designed for professional videographers. A lens with a range of 18-80mm and 4.4x zoom.","breadcrumb":{"@id":"https:\/\/www.cinesouk.ma\/product\/canon-cn-e-18-80mm-t4-4-nikon-af-mount\/#breadcrumb"},"inLanguage":"fr-FR","potentialAction":[{"@type":"ReadAction","target":["https:\/\/www.cinesouk.ma\/product\/canon-cn-e-18-80mm-t4-4-nikon-af-mount\/"]}]},{"@type":"ImageObject","inLanguage":"fr-FR","@id":"https:\/\/www.cinesouk.ma\/product\/canon-cn-e-18-80mm-t4-4-nikon-af-mount\/#primaryimage","url":"https:\/\/www.cinesouk.ma\/wp-content\/uploads\/2024\/12\/Canon-CN-E-18-80mm-T4.4-EF-mount-Lens.jpg","contentUrl":"https:\/\/www.cinesouk.ma\/wp-content\/uploads\/2024\/12\/Canon-CN-E-18-80mm-T4.4-EF-mount-Lens.jpg","width":300,"height":238,"caption":"Canon CN-E 18-80mm T4.4 EF-mount Lens"},{"@type":"BreadcrumbList","@id":"https:\/\/www.cinesouk.ma\/product\/canon-cn-e-18-80mm-t4-4-nikon-af-mount\/#breadcrumb","itemListElement":[{"@type":"ListItem","position":1,"name":"Home","item":"https:\/\/www.cinesouk.ma\/"},{"@type":"ListItem","position":2,"name":"Shop","item":"https:\/\/www.cinesouk.ma\/shop\/"},{"@type":"ListItem","position":3,"name":"Canon CN-E 18-80mm T4.4 EF-mount Lens"}]},{"@type":"WebSite","@id":"https:\/\/www.cinesouk.ma\/#website","url":"https:\/\/www.cinesouk.ma\/","name":"CineSouk","description":"","publisher":{"@id":"https:\/\/www.cinesouk.ma\/#organization"},"potentialAction":[{"@type":"SearchAction","target":{"@type":"EntryPoint","urlTemplate":"https:\/\/www.cinesouk.ma\/?s={search_term_string}"},"query-input":{"@type":"PropertyValueSpecification","valueRequired":true,"valueName":"search_term_string"}}],"inLanguage":"fr-FR"},{"@type":"Organization","@id":"https:\/\/www.cinesouk.ma\/#organization","name":"CineSouk","url":"https:\/\/www.cinesouk.ma\/","logo":{"@type":"ImageObject","inLanguage":"fr-FR","@id":"https:\/\/www.cinesouk.ma\/#\/schema\/logo\/image\/","url":"https:\/\/www.cinesouk.ma\/wp-content\/uploads\/2024\/01\/CineSouk-logo-v01-alpha-alligned-left.png","contentUrl":"https:\/\/www.cinesouk.ma\/wp-content\/uploads\/2024\/01\/CineSouk-logo-v01-alpha-alligned-left.png","width":3204,"height":889,"caption":"CineSouk"},"image":{"@id":"https:\/\/www.cinesouk.ma\/#\/schema\/logo\/image\/"}}]}},"_links":{"self":[{"href":"https:\/\/www.cinesouk.ma\/fr\/wp-json\/wp\/v2\/product\/394","targetHints":{"allow":["GET"]}}],"collection":[{"href":"https:\/\/www.cinesouk.ma\/fr\/wp-json\/wp\/v2\/product"}],"about":[{"href":"https:\/\/www.cinesouk.ma\/fr\/wp-json\/wp\/v2\/types\/product"}],"wp:featuredmedia":[{"embeddable":true,"href":"https:\/\/www.cinesouk.ma\/fr\/wp-json\/wp\/v2\/media\/15028"}],"wp:attachment":[{"href":"https:\/\/www.cinesouk.ma\/fr\/wp-json\/wp\/v2\/media?parent=394"}],"wp:term":[{"taxonomy":"product_brand","embeddable":true,"href":"https:\/\/www.cinesouk.ma\/fr\/wp-json\/wp\/v2\/product_brand?post=394"},{"taxonomy":"product_cat","embeddable":true,"href":"https:\/\/www.cinesouk.ma\/fr\/wp-json\/wp\/v2\/product_cat?post=394"},{"taxonomy":"product_tag","embeddable":true,"href":"https:\/\/www.cinesouk.ma\/fr\/wp-json\/wp\/v2\/product_tag?post=394"}],"curies":[{"name":"wp","href":"https:\/\/api.w.org\/{rel}","templated":true}]}}