{"id":417,"date":"2024-12-03T10:25:24","date_gmt":"2024-12-03T10:25:24","guid":{"rendered":"https:\/\/www.cinesouk.ma\/?post_type=product&#038;p=417"},"modified":"2025-09-25T15:05:15","modified_gmt":"2025-09-25T15:05:15","slug":"fujinon-mk50-135-t2-9-e-mount","status":"publish","type":"product","link":"https:\/\/www.cinesouk.ma\/fr\/produit\/fujinon-mk50-135-t2-9-e-mount\/","title":{"rendered":"Fujinon MK50-135 T2.9 E-mount Lens"},"content":{"rendered":"<p>L'objectif Fujinon MK50-135 T2.9 pour appareils photo \u00e0 monture E est un zoom cin\u00e9 l\u00e9ger et puissant dot\u00e9 d'un capteur Super 35 mm.<\/p>\n<p>Le Fujinon MK50-135 T2.9 E-mount dispose de trois bagues de contr\u00f4le ind\u00e9pendantes pour la mise au point, l'ouverture et le zoom. Chaque bague est \u00e9quip\u00e9e d'un engrenage de type cin\u00e9ma avec un MOD de 0,8, assurant une compatibilit\u00e9 parfaite avec les accessoires d'objectifs de type cin\u00e9ma standard. La bague de mise au point fait passer la cin\u00e9matographie au niveau sup\u00e9rieur gr\u00e2ce \u00e0 sa rotation d'environ 200\u00b0. De plus, l'ouverture est r\u00e9glable \u00e0 l'infini, ce qui permet un contr\u00f4le in\u00e9gal\u00e9 de la profondeur de champ.<\/p>\n<p>Cet objectif pr\u00e9sente \u00e9galement un mode macro, qui vous permet de faire la mise au point \u00e0 des distances rapproch\u00e9es et d'ajouter une perspective unique \u00e0 votre r\u00e9cit visuel.<\/p>\n<p>Il atteint des performances optiques \u00e9lev\u00e9es et une faible distorsion avec une vitesse T2.9 sur l'ensemble de la plage de zoom. Avec le MK18-55 mm, il couvre la longueur focale standard de 18 \u00e0 135 mm pour la production cin\u00e9matographique. La compatibilit\u00e9 avec le capteur Super 35 mm\/APS-C et la conception d\u00e9di\u00e9e \u00e0 la monture E ont permis d'obtenir un bo\u00eetier ultra-compact et l\u00e9ger de moins de 1 kg, ainsi que d'excellentes performances en termes de co\u00fbts. Il supprime le \"d\u00e9calage de la mise au point et de l'axe optique lors du zoom\" et le \"souffle de l'objectif\". Il est \u00e9galement dot\u00e9 de trois bagues d'objectif enti\u00e8rement manuelles pour la mise au point, le zoom et l'iris, avec un pas de 0,8 m et un angle de rotation de la mise au point de 200\u00b0, pour une utilisation sophistiqu\u00e9e.<\/p>\n<p>Louez-le maintenant sur <a href=\"https:\/\/www.cinesouk.ma\/fr\">CINESOUK<\/a> - une marque de <a href=\"https:\/\/www.broadway.ma\/\">BROADWAY PRODUCTIONS SARL.<\/a><\/p>","protected":false},"excerpt":{"rendered":"<p>Sp\u00e9cifications<\/p>\n<p><span data-sheets-value=\"{&quot;1&quot;:2,&quot;2&quot;:&quot;Focal lenght: 50-135 mm \/ T\/2.9 \/ F2.75 \\nImage Size: 24.84 x 13.97 mm \\nZoom ratio: 2.7x &quot;}\" data-sheets-userformat=\"{&quot;2&quot;:13249,&quot;3&quot;:{&quot;1&quot;:0},&quot;9&quot;:1,&quot;10&quot;:1,&quot;11&quot;:4,&quot;12&quot;:0,&quot;15&quot;:&quot;Helvetica&quot;,&quot;16&quot;:10}\" data-sheets-textstyleruns=\"{&quot;1&quot;:0,&quot;2&quot;:{&quot;5&quot;:1}}\uee10{&quot;1&quot;:13}\uee10{&quot;1&quot;:41,&quot;2&quot;:{&quot;5&quot;:1}}\uee10{&quot;1&quot;:52}\uee10{&quot;1&quot;:71,&quot;2&quot;:{&quot;5&quot;:1}}\uee10{&quot;1&quot;:82}\"><b>Longueur focale :<\/b> 50-135 mm \/ T2.9 \/ F2.75<br \/>\n<strong>Taille de l'image :<\/strong> 24,84 x 13,97 mm<br \/>\n<strong>Rapport de zoom :<\/strong> 2.7x<br \/>\n<strong>Le montage :<\/strong> Monture E<\/span><\/p>","protected":false},"featured_media":15027,"template":"","meta":{"om_disable_all_campaigns":false,"_monsterinsights_skip_tracking":false,"_monsterinsights_sitenote_active":false,"_monsterinsights_sitenote_note":"","_monsterinsights_sitenote_category":0,"_uf_show_specific_survey":0,"_uf_disable_surveys":false},"product_brand":[],"product_cat":[36],"product_tag":[],"class_list":{"0":"post-417","1":"product","2":"type-product","3":"status-publish","4":"has-post-thumbnail","6":"product_cat-lenses-cinesouk","8":"entry","9":"has-media","11":"first","12":"instock","13":"taxable","14":"shipping-taxable","15":"purchasable","16":"product-type-variable","17":"has-product-nav","18":"col","19":"span_1_of_3","20":"owp-content-center","21":"owp-thumbs-layout-horizontal","22":"owp-btn-normal","23":"owp-tabs-layout-horizontal","24":"has-no-thumbnails"},"yoast_head":"<!-- This site is optimized with the Yoast SEO Premium plugin v26.0 (Yoast SEO v26.0) - https:\/\/yoast.com\/wordpress\/plugins\/seo\/ -->\n<title>Fujinon MK50-135 T2.9 E-mount Lens - Marrakech | Morocco - CineSouk - For rent<\/title>\n<meta name=\"description\" content=\"Unlock cinematic excellence in Marrakech with the Fujinon MK50-135 T2.9 E-mount camera lens, a lightweight cine-style zoom lens in Marrakech Morocco.\" \/>\n<meta name=\"robots\" content=\"index, follow, max-snippet:-1, max-image-preview:large, max-video-preview:-1\" \/>\n<link rel=\"canonical\" href=\"https:\/\/www.cinesouk.ma\/fr\/produit\/fujinon-mk50-135-t2-9-e-mount\/\" \/>\n<meta property=\"og:locale\" content=\"fr_FR\" \/>\n<meta property=\"og:type\" content=\"article\" \/>\n<meta property=\"og:title\" content=\"Fujinon MK50-135 T2.9 E-mount\" \/>\n<meta property=\"og:description\" content=\"Unlock cinematic excellence in Marrakech with the Fujinon MK50-135 T2.9 E-mount camera lens, a lightweight cine-style zoom lens in Marrakech Morocco.\" \/>\n<meta property=\"og:url\" content=\"https:\/\/www.cinesouk.ma\/fr\/produit\/fujinon-mk50-135-t2-9-e-mount\/\" \/>\n<meta property=\"og:site_name\" content=\"CineSouk\" \/>\n<meta property=\"article:modified_time\" content=\"2025-09-25T15:05:15+00:00\" \/>\n<meta property=\"og:image\" content=\"https:\/\/www.cinesouk.ma\/wp-content\/uploads\/2024\/12\/Fujinon-MK50-135-T2.9-E-mount-Lens.jpg\" \/>\n\t<meta property=\"og:image:width\" content=\"300\" \/>\n\t<meta property=\"og:image:height\" content=\"238\" \/>\n\t<meta property=\"og:image:type\" content=\"image\/jpeg\" \/>\n<meta name=\"twitter:card\" content=\"summary_large_image\" \/>\n<meta name=\"twitter:title\" content=\"Fujinon MK50-135 T2.9 E-mount\" \/>\n<meta name=\"twitter:description\" content=\"Unlock cinematic excellence in Marrakech with the Fujinon MK50-135 T2.9 E-mount camera lens, a lightweight cine-style zoom lens in Marrakech Morocco.\" \/>\n<meta name=\"twitter:label1\" content=\"Dur\u00e9e de lecture estim\u00e9e\" \/>\n\t<meta name=\"twitter:data1\" content=\"2 minutes\" \/>\n<script type=\"application\/ld+json\" class=\"yoast-schema-graph\">{\"@context\":\"https:\/\/schema.org\",\"@graph\":[{\"@type\":\"WebPage\",\"@id\":\"https:\/\/www.cinesouk.ma\/product\/fujinon-mk50-135-t2-9-e-mount\/\",\"url\":\"https:\/\/www.cinesouk.ma\/product\/fujinon-mk50-135-t2-9-e-mount\/\",\"name\":\"Fujinon MK50-135 T2.9 E-mount Lens - Marrakech | Morocco - CineSouk - For rent\",\"isPartOf\":{\"@id\":\"https:\/\/www.cinesouk.ma\/#website\"},\"primaryImageOfPage\":{\"@id\":\"https:\/\/www.cinesouk.ma\/product\/fujinon-mk50-135-t2-9-e-mount\/#primaryimage\"},\"image\":{\"@id\":\"https:\/\/www.cinesouk.ma\/product\/fujinon-mk50-135-t2-9-e-mount\/#primaryimage\"},\"thumbnailUrl\":\"https:\/\/www.cinesouk.ma\/wp-content\/uploads\/2024\/12\/Fujinon-MK50-135-T2.9-E-mount-Lens.jpg\",\"datePublished\":\"2024-12-03T10:25:24+00:00\",\"dateModified\":\"2025-09-25T15:05:15+00:00\",\"description\":\"Unlock cinematic excellence in Marrakech with the Fujinon MK50-135 T2.9 E-mount camera lens, a lightweight cine-style zoom lens in Marrakech Morocco.\",\"breadcrumb\":{\"@id\":\"https:\/\/www.cinesouk.ma\/product\/fujinon-mk50-135-t2-9-e-mount\/#breadcrumb\"},\"inLanguage\":\"fr-FR\",\"potentialAction\":[{\"@type\":\"ReadAction\",\"target\":[\"https:\/\/www.cinesouk.ma\/product\/fujinon-mk50-135-t2-9-e-mount\/\"]}]},{\"@type\":\"ImageObject\",\"inLanguage\":\"fr-FR\",\"@id\":\"https:\/\/www.cinesouk.ma\/product\/fujinon-mk50-135-t2-9-e-mount\/#primaryimage\",\"url\":\"https:\/\/www.cinesouk.ma\/wp-content\/uploads\/2024\/12\/Fujinon-MK50-135-T2.9-E-mount-Lens.jpg\",\"contentUrl\":\"https:\/\/www.cinesouk.ma\/wp-content\/uploads\/2024\/12\/Fujinon-MK50-135-T2.9-E-mount-Lens.jpg\",\"width\":300,\"height\":238,\"caption\":\"Fujinon MK50-135 T2.9 E-mount Lens\"},{\"@type\":\"BreadcrumbList\",\"@id\":\"https:\/\/www.cinesouk.ma\/product\/fujinon-mk50-135-t2-9-e-mount\/#breadcrumb\",\"itemListElement\":[{\"@type\":\"ListItem\",\"position\":1,\"name\":\"Home\",\"item\":\"https:\/\/www.cinesouk.ma\/\"},{\"@type\":\"ListItem\",\"position\":2,\"name\":\"Shop\",\"item\":\"https:\/\/www.cinesouk.ma\/shop\/\"},{\"@type\":\"ListItem\",\"position\":3,\"name\":\"Fujinon MK50-135 T2.9 E-mount Lens\"}]},{\"@type\":\"WebSite\",\"@id\":\"https:\/\/www.cinesouk.ma\/#website\",\"url\":\"https:\/\/www.cinesouk.ma\/\",\"name\":\"CineSouk\",\"description\":\"\",\"publisher\":{\"@id\":\"https:\/\/www.cinesouk.ma\/#organization\"},\"potentialAction\":[{\"@type\":\"SearchAction\",\"target\":{\"@type\":\"EntryPoint\",\"urlTemplate\":\"https:\/\/www.cinesouk.ma\/?s={search_term_string}\"},\"query-input\":{\"@type\":\"PropertyValueSpecification\",\"valueRequired\":true,\"valueName\":\"search_term_string\"}}],\"inLanguage\":\"fr-FR\"},{\"@type\":\"Organization\",\"@id\":\"https:\/\/www.cinesouk.ma\/#organization\",\"name\":\"CineSouk\",\"url\":\"https:\/\/www.cinesouk.ma\/\",\"logo\":{\"@type\":\"ImageObject\",\"inLanguage\":\"fr-FR\",\"@id\":\"https:\/\/www.cinesouk.ma\/#\/schema\/logo\/image\/\",\"url\":\"https:\/\/www.cinesouk.ma\/wp-content\/uploads\/2024\/01\/CineSouk-logo-v01-alpha-alligned-left.png\",\"contentUrl\":\"https:\/\/www.cinesouk.ma\/wp-content\/uploads\/2024\/01\/CineSouk-logo-v01-alpha-alligned-left.png\",\"width\":3204,\"height\":889,\"caption\":\"CineSouk\"},\"image\":{\"@id\":\"https:\/\/www.cinesouk.ma\/#\/schema\/logo\/image\/\"}}]}<\/script>\n<!-- \/ Yoast SEO Premium plugin. -->","yoast_head_json":{"title":"Fujinon MK50-135 T2.9 E-mount Lens - Marrakech | Morocco - CineSouk - For rent","description":"Unlock cinematic excellence in Marrakech with the Fujinon MK50-135 T2.9 E-mount camera lens, a lightweight cine-style zoom lens in Marrakech Morocco.","robots":{"index":"index","follow":"follow","max-snippet":"max-snippet:-1","max-image-preview":"max-image-preview:large","max-video-preview":"max-video-preview:-1"},"canonical":"https:\/\/www.cinesouk.ma\/fr\/produit\/fujinon-mk50-135-t2-9-e-mount\/","og_locale":"fr_FR","og_type":"article","og_title":"Fujinon MK50-135 T2.9 E-mount","og_description":"Unlock cinematic excellence in Marrakech with the Fujinon MK50-135 T2.9 E-mount camera lens, a lightweight cine-style zoom lens in Marrakech Morocco.","og_url":"https:\/\/www.cinesouk.ma\/fr\/produit\/fujinon-mk50-135-t2-9-e-mount\/","og_site_name":"CineSouk","article_modified_time":"2025-09-25T15:05:15+00:00","og_image":[{"width":300,"height":238,"url":"https:\/\/www.cinesouk.ma\/wp-content\/uploads\/2024\/12\/Fujinon-MK50-135-T2.9-E-mount-Lens.jpg","type":"image\/jpeg"}],"twitter_card":"summary_large_image","twitter_title":"Fujinon MK50-135 T2.9 E-mount","twitter_description":"Unlock cinematic excellence in Marrakech with the Fujinon MK50-135 T2.9 E-mount camera lens, a lightweight cine-style zoom lens in Marrakech Morocco.","twitter_misc":{"Dur\u00e9e de lecture estim\u00e9e":"2 minutes"},"schema":{"@context":"https:\/\/schema.org","@graph":[{"@type":"WebPage","@id":"https:\/\/www.cinesouk.ma\/product\/fujinon-mk50-135-t2-9-e-mount\/","url":"https:\/\/www.cinesouk.ma\/product\/fujinon-mk50-135-t2-9-e-mount\/","name":"Fujinon MK50-135 T2.9 E-mount Lens - Marrakech | Morocco - CineSouk - For rent","isPartOf":{"@id":"https:\/\/www.cinesouk.ma\/#website"},"primaryImageOfPage":{"@id":"https:\/\/www.cinesouk.ma\/product\/fujinon-mk50-135-t2-9-e-mount\/#primaryimage"},"image":{"@id":"https:\/\/www.cinesouk.ma\/product\/fujinon-mk50-135-t2-9-e-mount\/#primaryimage"},"thumbnailUrl":"https:\/\/www.cinesouk.ma\/wp-content\/uploads\/2024\/12\/Fujinon-MK50-135-T2.9-E-mount-Lens.jpg","datePublished":"2024-12-03T10:25:24+00:00","dateModified":"2025-09-25T15:05:15+00:00","description":"Unlock cinematic excellence in Marrakech with the Fujinon MK50-135 T2.9 E-mount camera lens, a lightweight cine-style zoom lens in Marrakech Morocco.","breadcrumb":{"@id":"https:\/\/www.cinesouk.ma\/product\/fujinon-mk50-135-t2-9-e-mount\/#breadcrumb"},"inLanguage":"fr-FR","potentialAction":[{"@type":"ReadAction","target":["https:\/\/www.cinesouk.ma\/product\/fujinon-mk50-135-t2-9-e-mount\/"]}]},{"@type":"ImageObject","inLanguage":"fr-FR","@id":"https:\/\/www.cinesouk.ma\/product\/fujinon-mk50-135-t2-9-e-mount\/#primaryimage","url":"https:\/\/www.cinesouk.ma\/wp-content\/uploads\/2024\/12\/Fujinon-MK50-135-T2.9-E-mount-Lens.jpg","contentUrl":"https:\/\/www.cinesouk.ma\/wp-content\/uploads\/2024\/12\/Fujinon-MK50-135-T2.9-E-mount-Lens.jpg","width":300,"height":238,"caption":"Fujinon MK50-135 T2.9 E-mount Lens"},{"@type":"BreadcrumbList","@id":"https:\/\/www.cinesouk.ma\/product\/fujinon-mk50-135-t2-9-e-mount\/#breadcrumb","itemListElement":[{"@type":"ListItem","position":1,"name":"Home","item":"https:\/\/www.cinesouk.ma\/"},{"@type":"ListItem","position":2,"name":"Shop","item":"https:\/\/www.cinesouk.ma\/shop\/"},{"@type":"ListItem","position":3,"name":"Fujinon MK50-135 T2.9 E-mount Lens"}]},{"@type":"WebSite","@id":"https:\/\/www.cinesouk.ma\/#website","url":"https:\/\/www.cinesouk.ma\/","name":"CineSouk","description":"","publisher":{"@id":"https:\/\/www.cinesouk.ma\/#organization"},"potentialAction":[{"@type":"SearchAction","target":{"@type":"EntryPoint","urlTemplate":"https:\/\/www.cinesouk.ma\/?s={search_term_string}"},"query-input":{"@type":"PropertyValueSpecification","valueRequired":true,"valueName":"search_term_string"}}],"inLanguage":"fr-FR"},{"@type":"Organization","@id":"https:\/\/www.cinesouk.ma\/#organization","name":"CineSouk","url":"https:\/\/www.cinesouk.ma\/","logo":{"@type":"ImageObject","inLanguage":"fr-FR","@id":"https:\/\/www.cinesouk.ma\/#\/schema\/logo\/image\/","url":"https:\/\/www.cinesouk.ma\/wp-content\/uploads\/2024\/01\/CineSouk-logo-v01-alpha-alligned-left.png","contentUrl":"https:\/\/www.cinesouk.ma\/wp-content\/uploads\/2024\/01\/CineSouk-logo-v01-alpha-alligned-left.png","width":3204,"height":889,"caption":"CineSouk"},"image":{"@id":"https:\/\/www.cinesouk.ma\/#\/schema\/logo\/image\/"}}]}},"_links":{"self":[{"href":"https:\/\/www.cinesouk.ma\/fr\/wp-json\/wp\/v2\/product\/417","targetHints":{"allow":["GET"]}}],"collection":[{"href":"https:\/\/www.cinesouk.ma\/fr\/wp-json\/wp\/v2\/product"}],"about":[{"href":"https:\/\/www.cinesouk.ma\/fr\/wp-json\/wp\/v2\/types\/product"}],"wp:featuredmedia":[{"embeddable":true,"href":"https:\/\/www.cinesouk.ma\/fr\/wp-json\/wp\/v2\/media\/15027"}],"wp:attachment":[{"href":"https:\/\/www.cinesouk.ma\/fr\/wp-json\/wp\/v2\/media?parent=417"}],"wp:term":[{"taxonomy":"product_brand","embeddable":true,"href":"https:\/\/www.cinesouk.ma\/fr\/wp-json\/wp\/v2\/product_brand?post=417"},{"taxonomy":"product_cat","embeddable":true,"href":"https:\/\/www.cinesouk.ma\/fr\/wp-json\/wp\/v2\/product_cat?post=417"},{"taxonomy":"product_tag","embeddable":true,"href":"https:\/\/www.cinesouk.ma\/fr\/wp-json\/wp\/v2\/product_tag?post=417"}],"curies":[{"name":"wp","href":"https:\/\/api.w.org\/{rel}","templated":true}]}}